{"id":10373,"date":"2023-11-24T11:32:26","date_gmt":"2023-11-24T10:32:26","guid":{"rendered":"https:\/\/eshop.tca.sk\/?post_type=product&#038;p=10373"},"modified":"2025-11-26T12:03:58","modified_gmt":"2025-11-26T11:03:58","slug":"unity-tactical-fast-micro-mount","status":"publish","type":"product","link":"https:\/\/eshop.tca.sk\/de\/waffenzubehoer\/unity-tactical-fast-micro-mount\/","title":{"rendered":"Montage Unity Tactical FAST Micro Mount BLACK"},"content":{"rendered":"<h3><strong>Montage Unity Tactical FAST Micro Mount BLACK<\/strong><\/h3>\n<p><strong>FAST\u2122<\/strong> ist eine Serie von Halterungen und Plattformen, die eine bessere Einstellung eines Kollimators, einer Lupe oder eines Zielfernrohrs f\u00fcr schnellere Nachladungen erm\u00f6glichen. Diese Produktlinie zielt eindeutig auf den Bereich des Kampf-\/Taktikschie\u00dfens und auf die am h\u00e4ufigsten verwendeten Typen von Kollimatoren zur Nachf\u00fchrung wie Aimpoint oder EO-Tech.<\/p>\n<p>Die <strong>optische Achse der FAST\u2122 Micro Mount<\/strong> ist auf ca. 2,26&#8243;\/57mm versetzt, was eine nat\u00fcrlich aufrechte Position und eine bessere Zusammenarbeit mit ballistischen Westen, Masken, Headsets aller Art oder Helmen erm\u00f6glicht und gleichzeitig eine schnelle Zielerfassung erleichtert.<\/p>\n<p>Die FAST\u2122-Mikromontage verf\u00fcgt \u00fcber ein eingebautes Sicherungsvisier im transparenten Teil der Montage. Obwohl die Visierung f\u00fcr den Einsatz im Notfall konzipiert ist, kann sie in beide Richtungen mit Korrekturen eingestellt werden. Das Visier ist abnehmbar, so dass die Micro Mount kann mit den vorderen Sehensw\u00fcrdigkeiten auf den Unterarm \/ Gas-Block, um eine l\u00e4ngere Sicht zu schaffen arbeiten.<\/p>\n<p>Die FAST\u2122 Micro Mount ist f\u00fcr <strong>Aimpoint\u00ae Micro Kollimatoren (H1, H2, T1, T2, CompM5) und andere Kollimatoren, <\/strong> die eine gemeinsame Grundfl\u00e4che mit Aimpoint\u00ae Micro Kollimatoren haben, konzipiert und kompatibel.<\/p>\n<p>Die FAST\u2122 Micro Montage ist standardm\u00e4\u00dfig mit einer klassischen MIL-STD-1913 Schnittstellenh\u00fclse ausgestattet und kann mit einer <strong>American Defense Manufacturing\u00ae QD Auto-Lock\u2122<\/strong> Hebelh\u00fclse aufger\u00fcstet werden.<\/p>\n<h4><strong>Kompatibilit\u00e4t:<\/strong><\/h4>\n<ul>\n<li style=\"list-style-type: none;\">\n<ul>\n<li>Primary Arms Micro Dot<\/li>\n<li>MAKdot S 1\u00d720<\/li>\n<li>Blaser RD 17<\/li>\n<li>Vortex Crossfire<\/li>\n<li>Vortex Sparc AR<\/li>\n<li>Holosun Paralow 403 models (mimo \u2018A\u2018 model)<\/li>\n<li>Holosun Paralow 503 models<\/li>\n<li>Holosun Paralow 515 models<\/li>\n<li>Holosun Paralow 530 models<\/li>\n<li>Sig Sauer Romeo4<\/li>\n<li>Sig Sauer Romeo5<\/li>\n<li>Aimpoint\u00ae Micro (H1, H2, T1, T2, CompM5)<\/li>\n<\/ul>\n<\/li>\n<\/ul>\n<p><img loading=\"lazy\" decoding=\"async\" class=\"alignnone size-full wp-image-10399\" src=\"https:\/\/eshop.tca.sk\/wp-content\/uploads\/2023\/11\/Unity-Tactical-FAST-Micro-Mount-BLACK-desc.jpg\" alt=\"\" width=\"1200\" height=\"463\" srcset=\"https:\/\/eshop.tca.sk\/wp-content\/uploads\/2023\/11\/Unity-Tactical-FAST-Micro-Mount-BLACK-desc.jpg 1200w, https:\/\/eshop.tca.sk\/wp-content\/uploads\/2023\/11\/Unity-Tactical-FAST-Micro-Mount-BLACK-desc-300x116.jpg 300w, https:\/\/eshop.tca.sk\/wp-content\/uploads\/2023\/11\/Unity-Tactical-FAST-Micro-Mount-BLACK-desc-768x296.jpg 768w, https:\/\/eshop.tca.sk\/wp-content\/uploads\/2023\/11\/Unity-Tactical-FAST-Micro-Mount-BLACK-desc-24x9.jpg 24w, https:\/\/eshop.tca.sk\/wp-content\/uploads\/2023\/11\/Unity-Tactical-FAST-Micro-Mount-BLACK-desc-36x14.jpg 36w, https:\/\/eshop.tca.sk\/wp-content\/uploads\/2023\/11\/Unity-Tactical-FAST-Micro-Mount-BLACK-desc-48x19.jpg 48w, https:\/\/eshop.tca.sk\/wp-content\/uploads\/2023\/11\/Unity-Tactical-FAST-Micro-Mount-BLACK-desc-600x232.jpg 600w\" sizes=\"auto, (max-width: 1200px) 100vw, 1200px\" \/><\/p>\n<p>&nbsp;<\/p>\n","protected":false},"excerpt":{"rendered":"<p><img loading=\"lazy\" decoding=\"async\" class=\"alignnone wp-image-10370\" src=\"https:\/\/eshop.tca.sk\/wp-content\/uploads\/2023\/11\/unity-logo-2.png\" alt=\"\" width=\"82\" height=\"40\" srcset=\"https:\/\/eshop.tca.sk\/wp-content\/uploads\/2023\/11\/unity-logo-2.png 824w, https:\/\/eshop.tca.sk\/wp-content\/uploads\/2023\/11\/unity-logo-2-300x146.png 300w, https:\/\/eshop.tca.sk\/wp-content\/uploads\/2023\/11\/unity-logo-2-768x373.png 768w, https:\/\/eshop.tca.sk\/wp-content\/uploads\/2023\/11\/unity-logo-2-24x12.png 24w, https:\/\/eshop.tca.sk\/wp-content\/uploads\/2023\/11\/unity-logo-2-36x17.png 36w, https:\/\/eshop.tca.sk\/wp-content\/uploads\/2023\/11\/unity-logo-2-48x23.png 48w, https:\/\/eshop.tca.sk\/wp-content\/uploads\/2023\/11\/unity-logo-2-600x291.png 600w\" sizes=\"auto, (max-width: 82px) 100vw, 82px\" \/><\/p>\n<p><strong>Optick\u00e1 os mont\u00e1\u017ee FAST\u2122 Micro Mount<\/strong> je posunut\u00e1 na pribli\u017ene 2,26&#8243; \/ 57 mm, \u010do umo\u017e\u0148uje prirodzene vzpriamen\u00fa polohu<\/p>\n<p><img loading=\"lazy\" decoding=\"async\" class=\"wp-image-8564 alignnone\" src=\"https:\/\/eshop.tca.sk\/wp-content\/uploads\/2023\/04\/Logo-Whack-Black-White-R-APPROVED.png\" alt=\"\" width=\"138\" height=\"75\" srcset=\"https:\/\/eshop.tca.sk\/wp-content\/uploads\/2023\/04\/Logo-Whack-Black-White-R-APPROVED.png 571w, https:\/\/eshop.tca.sk\/wp-content\/uploads\/2023\/04\/Logo-Whack-Black-White-R-APPROVED-300x163.png 300w\" sizes=\"auto, (max-width: 138px) 100vw, 138px\" \/><\/p>\n<p>Vom <a href=\"https:\/\/www.tca.sk\/\"><strong>TCA<\/strong><\/a> und dem <strong><a href=\"https:\/\/www.tca.sk\/profil\/ako-zacat-s-kurzami\">WHACK-System<\/a><\/strong> verwendete und empfohlene Equipment.<\/p>\n","protected":false},"featured_media":10379,"template":"","meta":{"inline_featured_image":false},"product_brand":[],"product_cat":[463,318],"product_tag":[542],"giftcard-category":[],"class_list":{"0":"post-10373","1":"product","2":"type-product","3":"status-publish","4":"has-post-thumbnail","6":"product_cat-montage","7":"product_cat-waffenzubehoer","8":"product_tag-unity-tactical-de","10":"first","11":"instock","12":"taxable","13":"shipping-taxable","14":"purchasable","15":"product-type-simple"},"yoast_head":"<!-- This site is optimized with the Yoast SEO plugin v26.4 - https:\/\/yoast.com\/wordpress\/plugins\/seo\/ -->\n<title>Montage Unity Tactical FAST Micro Mount BLACK - TCA eShop - Tactical Combat Academy<\/title>\n<meta name=\"description\" content=\"Die optische Achse der FAST\u2122 Micro Mount ist auf ca. 2,26&quot;\/57mm versetzt, was eine nat\u00fcrlich aufrechte Position erm\u00f6glicht\" \/>\n<meta name=\"robots\" content=\"index, follow, max-snippet:-1, max-image-preview:large, max-video-preview:-1\" \/>\n<link rel=\"canonical\" href=\"https:\/\/eshop.tca.sk\/de\/waffenzubehoer\/unity-tactical-fast-micro-mount\/\" \/>\n<meta property=\"og:locale\" content=\"de_DE\" \/>\n<meta property=\"og:type\" content=\"article\" \/>\n<meta property=\"og:title\" content=\"Montage Unity Tactical FAST Micro Mount BLACK - TCA eShop - Tactical Combat Academy\" \/>\n<meta property=\"og:description\" content=\"Die optische Achse der FAST\u2122 Micro Mount ist auf ca. 2,26&quot;\/57mm versetzt, was eine nat\u00fcrlich aufrechte Position erm\u00f6glicht\" \/>\n<meta property=\"og:url\" content=\"https:\/\/eshop.tca.sk\/de\/waffenzubehoer\/unity-tactical-fast-micro-mount\/\" \/>\n<meta property=\"og:site_name\" content=\"TCA eShop - Tactical Combat Academy\" \/>\n<meta property=\"article:modified_time\" content=\"2025-11-26T11:03:58+00:00\" \/>\n<meta property=\"og:image\" content=\"https:\/\/eshop.tca.sk\/wp-content\/uploads\/2023\/11\/0002_Unity-Tactical-FAST-Micro-Mount-BLACK-8.jpg\" \/>\n\t<meta property=\"og:image:width\" content=\"1000\" \/>\n\t<meta property=\"og:image:height\" content=\"1000\" \/>\n\t<meta property=\"og:image:type\" content=\"image\/jpeg\" \/>\n<meta name=\"twitter:card\" content=\"summary_large_image\" \/>\n<script type=\"application\/ld+json\" class=\"yoast-schema-graph\">{\"@context\":\"https:\/\/schema.org\",\"@graph\":[{\"@type\":\"WebPage\",\"@id\":\"https:\/\/eshop.tca.sk\/de\/waffenzubehoer\/unity-tactical-fast-micro-mount\/\",\"url\":\"https:\/\/eshop.tca.sk\/de\/waffenzubehoer\/unity-tactical-fast-micro-mount\/\",\"name\":\"Montage Unity Tactical FAST Micro Mount BLACK - TCA eShop - Tactical Combat Academy\",\"isPartOf\":{\"@id\":\"https:\/\/eshop.tca.sk\/de\/#website\"},\"primaryImageOfPage\":{\"@id\":\"https:\/\/eshop.tca.sk\/de\/waffenzubehoer\/unity-tactical-fast-micro-mount\/#primaryimage\"},\"image\":{\"@id\":\"https:\/\/eshop.tca.sk\/de\/waffenzubehoer\/unity-tactical-fast-micro-mount\/#primaryimage\"},\"thumbnailUrl\":\"https:\/\/eshop.tca.sk\/wp-content\/uploads\/2023\/11\/0002_Unity-Tactical-FAST-Micro-Mount-BLACK-8.jpg\",\"datePublished\":\"2023-11-24T10:32:26+00:00\",\"dateModified\":\"2025-11-26T11:03:58+00:00\",\"description\":\"Die optische Achse der FAST\u2122 Micro Mount ist auf ca. 2,26\\\"\/57mm versetzt, was eine nat\u00fcrlich aufrechte Position erm\u00f6glicht\",\"breadcrumb\":{\"@id\":\"https:\/\/eshop.tca.sk\/de\/waffenzubehoer\/unity-tactical-fast-micro-mount\/#breadcrumb\"},\"inLanguage\":\"de\",\"potentialAction\":[{\"@type\":\"ReadAction\",\"target\":[\"https:\/\/eshop.tca.sk\/de\/waffenzubehoer\/unity-tactical-fast-micro-mount\/\"]}]},{\"@type\":\"ImageObject\",\"inLanguage\":\"de\",\"@id\":\"https:\/\/eshop.tca.sk\/de\/waffenzubehoer\/unity-tactical-fast-micro-mount\/#primaryimage\",\"url\":\"https:\/\/eshop.tca.sk\/wp-content\/uploads\/2023\/11\/0002_Unity-Tactical-FAST-Micro-Mount-BLACK-8.jpg\",\"contentUrl\":\"https:\/\/eshop.tca.sk\/wp-content\/uploads\/2023\/11\/0002_Unity-Tactical-FAST-Micro-Mount-BLACK-8.jpg\",\"width\":1000,\"height\":1000},{\"@type\":\"BreadcrumbList\",\"@id\":\"https:\/\/eshop.tca.sk\/de\/waffenzubehoer\/unity-tactical-fast-micro-mount\/#breadcrumb\",\"itemListElement\":[{\"@type\":\"ListItem\",\"position\":1,\"name\":\"Domovsk\u00e1 str\u00e1nka\",\"item\":\"https:\/\/eshop.tca.sk\/de\/\"},{\"@type\":\"ListItem\",\"position\":2,\"name\":\"Shop\",\"item\":\"https:\/\/eshop.tca.sk\/de\/shop\/\"},{\"@type\":\"ListItem\",\"position\":3,\"name\":\"Montage Unity Tactical FAST Micro Mount BLACK\"}]},{\"@type\":\"WebSite\",\"@id\":\"https:\/\/eshop.tca.sk\/de\/#website\",\"url\":\"https:\/\/eshop.tca.sk\/de\/\",\"name\":\"TCA eShop - Tactical Combat Academy\",\"description\":\"Tactical Combat Academy\",\"publisher\":{\"@id\":\"https:\/\/eshop.tca.sk\/de\/#organization\"},\"potentialAction\":[{\"@type\":\"SearchAction\",\"target\":{\"@type\":\"EntryPoint\",\"urlTemplate\":\"https:\/\/eshop.tca.sk\/de\/?s={search_term_string}\"},\"query-input\":{\"@type\":\"PropertyValueSpecification\",\"valueRequired\":true,\"valueName\":\"search_term_string\"}}],\"inLanguage\":\"de\"},{\"@type\":\"Organization\",\"@id\":\"https:\/\/eshop.tca.sk\/de\/#organization\",\"name\":\"TCA eShop - Tactical Combat Academy\",\"url\":\"https:\/\/eshop.tca.sk\/de\/\",\"logo\":{\"@type\":\"ImageObject\",\"inLanguage\":\"de\",\"@id\":\"https:\/\/eshop.tca.sk\/de\/#\/schema\/logo\/image\/\",\"url\":\"https:\/\/eshop.tca.sk\/wp-content\/uploads\/2025\/06\/logo-new-header.png\",\"contentUrl\":\"https:\/\/eshop.tca.sk\/wp-content\/uploads\/2025\/06\/logo-new-header.png\",\"width\":300,\"height\":294,\"caption\":\"TCA eShop - Tactical Combat Academy\"},\"image\":{\"@id\":\"https:\/\/eshop.tca.sk\/de\/#\/schema\/logo\/image\/\"}}]}<\/script>\n<!-- \/ Yoast SEO plugin. -->","yoast_head_json":{"title":"Montage Unity Tactical FAST Micro Mount BLACK - TCA eShop - Tactical Combat Academy","description":"Die optische Achse der FAST\u2122 Micro Mount ist auf ca. 2,26\"\/57mm versetzt, was eine nat\u00fcrlich aufrechte Position erm\u00f6glicht","robots":{"index":"index","follow":"follow","max-snippet":"max-snippet:-1","max-image-preview":"max-image-preview:large","max-video-preview":"max-video-preview:-1"},"canonical":"https:\/\/eshop.tca.sk\/de\/waffenzubehoer\/unity-tactical-fast-micro-mount\/","og_locale":"de_DE","og_type":"article","og_title":"Montage Unity Tactical FAST Micro Mount BLACK - TCA eShop - Tactical Combat Academy","og_description":"Die optische Achse der FAST\u2122 Micro Mount ist auf ca. 2,26\"\/57mm versetzt, was eine nat\u00fcrlich aufrechte Position erm\u00f6glicht","og_url":"https:\/\/eshop.tca.sk\/de\/waffenzubehoer\/unity-tactical-fast-micro-mount\/","og_site_name":"TCA eShop - Tactical Combat Academy","article_modified_time":"2025-11-26T11:03:58+00:00","og_image":[{"width":1000,"height":1000,"url":"https:\/\/eshop.tca.sk\/wp-content\/uploads\/2023\/11\/0002_Unity-Tactical-FAST-Micro-Mount-BLACK-8.jpg","type":"image\/jpeg"}],"twitter_card":"summary_large_image","schema":{"@context":"https:\/\/schema.org","@graph":[{"@type":"WebPage","@id":"https:\/\/eshop.tca.sk\/de\/waffenzubehoer\/unity-tactical-fast-micro-mount\/","url":"https:\/\/eshop.tca.sk\/de\/waffenzubehoer\/unity-tactical-fast-micro-mount\/","name":"Montage Unity Tactical FAST Micro Mount BLACK - TCA eShop - Tactical Combat Academy","isPartOf":{"@id":"https:\/\/eshop.tca.sk\/de\/#website"},"primaryImageOfPage":{"@id":"https:\/\/eshop.tca.sk\/de\/waffenzubehoer\/unity-tactical-fast-micro-mount\/#primaryimage"},"image":{"@id":"https:\/\/eshop.tca.sk\/de\/waffenzubehoer\/unity-tactical-fast-micro-mount\/#primaryimage"},"thumbnailUrl":"https:\/\/eshop.tca.sk\/wp-content\/uploads\/2023\/11\/0002_Unity-Tactical-FAST-Micro-Mount-BLACK-8.jpg","datePublished":"2023-11-24T10:32:26+00:00","dateModified":"2025-11-26T11:03:58+00:00","description":"Die optische Achse der FAST\u2122 Micro Mount ist auf ca. 2,26\"\/57mm versetzt, was eine nat\u00fcrlich aufrechte Position erm\u00f6glicht","breadcrumb":{"@id":"https:\/\/eshop.tca.sk\/de\/waffenzubehoer\/unity-tactical-fast-micro-mount\/#breadcrumb"},"inLanguage":"de","potentialAction":[{"@type":"ReadAction","target":["https:\/\/eshop.tca.sk\/de\/waffenzubehoer\/unity-tactical-fast-micro-mount\/"]}]},{"@type":"ImageObject","inLanguage":"de","@id":"https:\/\/eshop.tca.sk\/de\/waffenzubehoer\/unity-tactical-fast-micro-mount\/#primaryimage","url":"https:\/\/eshop.tca.sk\/wp-content\/uploads\/2023\/11\/0002_Unity-Tactical-FAST-Micro-Mount-BLACK-8.jpg","contentUrl":"https:\/\/eshop.tca.sk\/wp-content\/uploads\/2023\/11\/0002_Unity-Tactical-FAST-Micro-Mount-BLACK-8.jpg","width":1000,"height":1000},{"@type":"BreadcrumbList","@id":"https:\/\/eshop.tca.sk\/de\/waffenzubehoer\/unity-tactical-fast-micro-mount\/#breadcrumb","itemListElement":[{"@type":"ListItem","position":1,"name":"Domovsk\u00e1 str\u00e1nka","item":"https:\/\/eshop.tca.sk\/de\/"},{"@type":"ListItem","position":2,"name":"Shop","item":"https:\/\/eshop.tca.sk\/de\/shop\/"},{"@type":"ListItem","position":3,"name":"Montage Unity Tactical FAST Micro Mount BLACK"}]},{"@type":"WebSite","@id":"https:\/\/eshop.tca.sk\/de\/#website","url":"https:\/\/eshop.tca.sk\/de\/","name":"TCA eShop - Tactical Combat Academy","description":"Tactical Combat Academy","publisher":{"@id":"https:\/\/eshop.tca.sk\/de\/#organization"},"potentialAction":[{"@type":"SearchAction","target":{"@type":"EntryPoint","urlTemplate":"https:\/\/eshop.tca.sk\/de\/?s={search_term_string}"},"query-input":{"@type":"PropertyValueSpecification","valueRequired":true,"valueName":"search_term_string"}}],"inLanguage":"de"},{"@type":"Organization","@id":"https:\/\/eshop.tca.sk\/de\/#organization","name":"TCA eShop - Tactical Combat Academy","url":"https:\/\/eshop.tca.sk\/de\/","logo":{"@type":"ImageObject","inLanguage":"de","@id":"https:\/\/eshop.tca.sk\/de\/#\/schema\/logo\/image\/","url":"https:\/\/eshop.tca.sk\/wp-content\/uploads\/2025\/06\/logo-new-header.png","contentUrl":"https:\/\/eshop.tca.sk\/wp-content\/uploads\/2025\/06\/logo-new-header.png","width":300,"height":294,"caption":"TCA eShop - Tactical Combat Academy"},"image":{"@id":"https:\/\/eshop.tca.sk\/de\/#\/schema\/logo\/image\/"}}]}},"_links":{"self":[{"href":"https:\/\/eshop.tca.sk\/de\/wp-json\/wp\/v2\/product\/10373","targetHints":{"allow":["GET"]}}],"collection":[{"href":"https:\/\/eshop.tca.sk\/de\/wp-json\/wp\/v2\/product"}],"about":[{"href":"https:\/\/eshop.tca.sk\/de\/wp-json\/wp\/v2\/types\/product"}],"wp:featuredmedia":[{"embeddable":true,"href":"https:\/\/eshop.tca.sk\/de\/wp-json\/wp\/v2\/media\/10379"}],"wp:attachment":[{"href":"https:\/\/eshop.tca.sk\/de\/wp-json\/wp\/v2\/media?parent=10373"}],"wp:term":[{"taxonomy":"product_brand","embeddable":true,"href":"https:\/\/eshop.tca.sk\/de\/wp-json\/wp\/v2\/product_brand?post=10373"},{"taxonomy":"product_cat","embeddable":true,"href":"https:\/\/eshop.tca.sk\/de\/wp-json\/wp\/v2\/product_cat?post=10373"},{"taxonomy":"product_tag","embeddable":true,"href":"https:\/\/eshop.tca.sk\/de\/wp-json\/wp\/v2\/product_tag?post=10373"},{"taxonomy":"giftcard-category","embeddable":true,"href":"https:\/\/eshop.tca.sk\/de\/wp-json\/wp\/v2\/giftcard-category?post=10373"}],"curies":[{"name":"wp","href":"https:\/\/api.w.org\/{rel}","templated":true}]}}