{"id":10413,"date":"2023-11-28T21:10:13","date_gmt":"2023-11-28T20:10:13","guid":{"rendered":"https:\/\/eshop.tca.sk\/?post_type=product&#038;p=10413"},"modified":"2025-11-26T12:04:19","modified_gmt":"2025-11-26T11:04:19","slug":"black-trident-legacy-leg-strap-black","status":"publish","type":"product","link":"https:\/\/eshop.tca.sk\/de\/waffenholster\/black-trident-legacy-leg-strap-black\/","title":{"rendered":"Oberschenkelgurt Black Trident Legacy Leg Strap BLACK"},"content":{"rendered":"<h3><strong>Oberschenkelgurt Black Trident Legacy Leg Strap BLACK<\/strong><\/h3>\n<p>Der Leg Strap bzw. die Beinschlaufe ist ein essentielles Teil wenn es um die Verbesserung des Tragekomoforts von Mid-Ride Dropleg Systemen bei Kydexholstern geht. Egal ob dein System von Safariland, BladeTech, G-Code, etc. ist. Der hochwertigste Leg Strap am Markt Original.<\/p>\n<h4><strong>Der Aufbau<\/strong><\/h4>\n<p>Legacy Leg Strap verf\u00fcgt \u00fcber ein elastisches Gurtband. Sprints, Klettern &#8211; egal was &#8211; die Beinschlaufe schneidet nicht ein und passt sich den Bewegungen deines Oberschenkels an. Ein zus\u00e4tzliches Kunststoffelement sorgt daf\u00fcr, dass \u00fcberstehendes Gurtband verstaut werden kann und an seinem Platz bleibt. Dein Kydexholster bleibt somit an Ort- und Stelle.<\/p>\n<h4><strong>Schlie\u00dfmechanismus:<\/strong><\/h4>\n<p>Beim Schlie\u00dfmechanismus handelt es sich um eine GT-Cobra Schnalle der Firma AustriAlpin. Diese wurde in Zusammenarbeit zwischen ITW Nexus und AustriAlpin aus 100% Polymer Kunststoff ohne Metallkomponenten entwickelt. Robuster als jede andere am Markt erh\u00e4ltliche Kunststoff Hartware, \u00fcberzeugt die GT Cobra Schnalle mit Ihrem Leichtgewicht und der Ger\u00e4uscharmut beim schlie\u00dfen. Dank GhillieTEX Technologie ist die Schnalle auch infrarotneutral und somit zu 100% das U.S. Berry Amendment for Government applications.<\/p>\n<p>&nbsp;<\/p>\n","protected":false},"excerpt":{"rendered":"<p><img loading=\"lazy\" decoding=\"async\" class=\"alignnone wp-image-8549\" src=\"https:\/\/eshop.tca.sk\/wp-content\/uploads\/2023\/04\/logo-black-trident.png\" alt=\"\" width=\"179\" height=\"33\" srcset=\"https:\/\/eshop.tca.sk\/wp-content\/uploads\/2023\/04\/logo-black-trident.png 4749w, https:\/\/eshop.tca.sk\/wp-content\/uploads\/2023\/04\/logo-black-trident-300x55.png 300w, https:\/\/eshop.tca.sk\/wp-content\/uploads\/2023\/04\/logo-black-trident-768x142.png 768w, https:\/\/eshop.tca.sk\/wp-content\/uploads\/2023\/04\/logo-black-trident-600x111.png 600w\" sizes=\"auto, (max-width: 179px) 100vw, 179px\" \/><\/p>\n<p>Der Leg Strap bzw. die Beinschlaufe ist ein essentielles Teil wenn es um die Verbesserung des Tragekomoforts von Mid-Ride Dropleg Systemen bei Kydexholstern geht. Egal ob dein System von Safariland, BladeTech, G-Code, etc. ist.<\/p>\n<p><img loading=\"lazy\" decoding=\"async\" class=\"wp-image-8564 alignnone\" src=\"https:\/\/eshop.tca.sk\/wp-content\/uploads\/2023\/04\/Logo-Whack-Black-White-R-APPROVED.png\" alt=\"\" width=\"138\" height=\"75\" srcset=\"https:\/\/eshop.tca.sk\/wp-content\/uploads\/2023\/04\/Logo-Whack-Black-White-R-APPROVED.png 571w, https:\/\/eshop.tca.sk\/wp-content\/uploads\/2023\/04\/Logo-Whack-Black-White-R-APPROVED-300x163.png 300w\" sizes=\"auto, (max-width: 138px) 100vw, 138px\" \/><\/p>\n<p>Vom TCA und dem WHACK-System verwendete und empfohlene Equipment.<\/p>\n","protected":false},"featured_media":10415,"template":"","meta":{"inline_featured_image":false},"product_brand":[],"product_cat":[323,319],"product_tag":[477],"giftcard-category":[],"class_list":{"0":"post-10413","1":"product","2":"type-product","3":"status-publish","4":"has-post-thumbnail","6":"product_cat-ausruestung","7":"product_cat-waffenholster","8":"product_tag-black-trident-de","10":"first","11":"instock","12":"taxable","13":"shipping-taxable","14":"purchasable","15":"product-type-simple"},"yoast_head":"<!-- This site is optimized with the Yoast SEO plugin v26.4 - https:\/\/yoast.com\/wordpress\/plugins\/seo\/ -->\n<title>Oberschenkelgurt Black Trident Legacy Leg Strap BLACK - TCA eShop - Tactical Combat Academy<\/title>\n<meta name=\"description\" content=\"Oberschenkelgurt Schwarz Trident Legacy Leg Strap MULTICAM- Der Leg Strap ist ein wesentlicher Bestandteil, wenn es um die Erh\u00f6hung des Komforts beim Tragen von Dropleg Mid-Ride-Systemen mit Kydex-Holstern geht. Egal ob dein System von Safariland, BladeTech, G-Code, etc. ist.\" \/>\n<meta name=\"robots\" content=\"index, follow, max-snippet:-1, max-image-preview:large, max-video-preview:-1\" \/>\n<link rel=\"canonical\" href=\"https:\/\/eshop.tca.sk\/de\/waffenholster\/black-trident-legacy-leg-strap-black\/\" \/>\n<meta property=\"og:locale\" content=\"de_DE\" \/>\n<meta property=\"og:type\" content=\"article\" \/>\n<meta property=\"og:title\" content=\"Oberschenkelgurt Black Trident Legacy Leg Strap BLACK - TCA eShop - Tactical Combat Academy\" \/>\n<meta property=\"og:description\" content=\"Oberschenkelgurt Schwarz Trident Legacy Leg Strap MULTICAM- Der Leg Strap ist ein wesentlicher Bestandteil, wenn es um die Erh\u00f6hung des Komforts beim Tragen von Dropleg Mid-Ride-Systemen mit Kydex-Holstern geht. Egal ob dein System von Safariland, BladeTech, G-Code, etc. ist.\" \/>\n<meta property=\"og:url\" content=\"https:\/\/eshop.tca.sk\/de\/waffenholster\/black-trident-legacy-leg-strap-black\/\" \/>\n<meta property=\"og:site_name\" content=\"TCA eShop - Tactical Combat Academy\" \/>\n<meta property=\"article:modified_time\" content=\"2025-11-26T11:04:19+00:00\" \/>\n<meta property=\"og:image\" content=\"https:\/\/eshop.tca.sk\/wp-content\/uploads\/2023\/11\/Legacy-Leg-Strap-Black.png\" \/>\n\t<meta property=\"og:image:width\" content=\"1000\" \/>\n\t<meta property=\"og:image:height\" content=\"1000\" \/>\n\t<meta property=\"og:image:type\" content=\"image\/png\" \/>\n<meta name=\"twitter:card\" content=\"summary_large_image\" \/>\n<script type=\"application\/ld+json\" class=\"yoast-schema-graph\">{\"@context\":\"https:\/\/schema.org\",\"@graph\":[{\"@type\":\"WebPage\",\"@id\":\"https:\/\/eshop.tca.sk\/de\/waffenholster\/black-trident-legacy-leg-strap-black\/\",\"url\":\"https:\/\/eshop.tca.sk\/de\/waffenholster\/black-trident-legacy-leg-strap-black\/\",\"name\":\"Oberschenkelgurt Black Trident Legacy Leg Strap BLACK - TCA eShop - Tactical Combat Academy\",\"isPartOf\":{\"@id\":\"https:\/\/eshop.tca.sk\/de\/#website\"},\"primaryImageOfPage\":{\"@id\":\"https:\/\/eshop.tca.sk\/de\/waffenholster\/black-trident-legacy-leg-strap-black\/#primaryimage\"},\"image\":{\"@id\":\"https:\/\/eshop.tca.sk\/de\/waffenholster\/black-trident-legacy-leg-strap-black\/#primaryimage\"},\"thumbnailUrl\":\"https:\/\/eshop.tca.sk\/wp-content\/uploads\/2023\/11\/Legacy-Leg-Strap-Black.png\",\"datePublished\":\"2023-11-28T20:10:13+00:00\",\"dateModified\":\"2025-11-26T11:04:19+00:00\",\"description\":\"Oberschenkelgurt Schwarz Trident Legacy Leg Strap MULTICAM- Der Leg Strap ist ein wesentlicher Bestandteil, wenn es um die Erh\u00f6hung des Komforts beim Tragen von Dropleg Mid-Ride-Systemen mit Kydex-Holstern geht. Egal ob dein System von Safariland, BladeTech, G-Code, etc. ist.\",\"breadcrumb\":{\"@id\":\"https:\/\/eshop.tca.sk\/de\/waffenholster\/black-trident-legacy-leg-strap-black\/#breadcrumb\"},\"inLanguage\":\"de\",\"potentialAction\":[{\"@type\":\"ReadAction\",\"target\":[\"https:\/\/eshop.tca.sk\/de\/waffenholster\/black-trident-legacy-leg-strap-black\/\"]}]},{\"@type\":\"ImageObject\",\"inLanguage\":\"de\",\"@id\":\"https:\/\/eshop.tca.sk\/de\/waffenholster\/black-trident-legacy-leg-strap-black\/#primaryimage\",\"url\":\"https:\/\/eshop.tca.sk\/wp-content\/uploads\/2023\/11\/Legacy-Leg-Strap-Black.png\",\"contentUrl\":\"https:\/\/eshop.tca.sk\/wp-content\/uploads\/2023\/11\/Legacy-Leg-Strap-Black.png\",\"width\":1000,\"height\":1000},{\"@type\":\"BreadcrumbList\",\"@id\":\"https:\/\/eshop.tca.sk\/de\/waffenholster\/black-trident-legacy-leg-strap-black\/#breadcrumb\",\"itemListElement\":[{\"@type\":\"ListItem\",\"position\":1,\"name\":\"Domovsk\u00e1 str\u00e1nka\",\"item\":\"https:\/\/eshop.tca.sk\/de\/\"},{\"@type\":\"ListItem\",\"position\":2,\"name\":\"Shop\",\"item\":\"https:\/\/eshop.tca.sk\/de\/shop\/\"},{\"@type\":\"ListItem\",\"position\":3,\"name\":\"Oberschenkelgurt Black Trident Legacy Leg Strap BLACK\"}]},{\"@type\":\"WebSite\",\"@id\":\"https:\/\/eshop.tca.sk\/de\/#website\",\"url\":\"https:\/\/eshop.tca.sk\/de\/\",\"name\":\"TCA eShop - Tactical Combat Academy\",\"description\":\"Tactical Combat Academy\",\"publisher\":{\"@id\":\"https:\/\/eshop.tca.sk\/de\/#organization\"},\"potentialAction\":[{\"@type\":\"SearchAction\",\"target\":{\"@type\":\"EntryPoint\",\"urlTemplate\":\"https:\/\/eshop.tca.sk\/de\/?s={search_term_string}\"},\"query-input\":{\"@type\":\"PropertyValueSpecification\",\"valueRequired\":true,\"valueName\":\"search_term_string\"}}],\"inLanguage\":\"de\"},{\"@type\":\"Organization\",\"@id\":\"https:\/\/eshop.tca.sk\/de\/#organization\",\"name\":\"TCA eShop - Tactical Combat Academy\",\"url\":\"https:\/\/eshop.tca.sk\/de\/\",\"logo\":{\"@type\":\"ImageObject\",\"inLanguage\":\"de\",\"@id\":\"https:\/\/eshop.tca.sk\/de\/#\/schema\/logo\/image\/\",\"url\":\"https:\/\/eshop.tca.sk\/wp-content\/uploads\/2025\/06\/logo-new-header.png\",\"contentUrl\":\"https:\/\/eshop.tca.sk\/wp-content\/uploads\/2025\/06\/logo-new-header.png\",\"width\":300,\"height\":294,\"caption\":\"TCA eShop - Tactical Combat Academy\"},\"image\":{\"@id\":\"https:\/\/eshop.tca.sk\/de\/#\/schema\/logo\/image\/\"}}]}<\/script>\n<!-- \/ Yoast SEO plugin. -->","yoast_head_json":{"title":"Oberschenkelgurt Black Trident Legacy Leg Strap BLACK - TCA eShop - Tactical Combat Academy","description":"Oberschenkelgurt Schwarz Trident Legacy Leg Strap MULTICAM- Der Leg Strap ist ein wesentlicher Bestandteil, wenn es um die Erh\u00f6hung des Komforts beim Tragen von Dropleg Mid-Ride-Systemen mit Kydex-Holstern geht. Egal ob dein System von Safariland, BladeTech, G-Code, etc. ist.","robots":{"index":"index","follow":"follow","max-snippet":"max-snippet:-1","max-image-preview":"max-image-preview:large","max-video-preview":"max-video-preview:-1"},"canonical":"https:\/\/eshop.tca.sk\/de\/waffenholster\/black-trident-legacy-leg-strap-black\/","og_locale":"de_DE","og_type":"article","og_title":"Oberschenkelgurt Black Trident Legacy Leg Strap BLACK - TCA eShop - Tactical Combat Academy","og_description":"Oberschenkelgurt Schwarz Trident Legacy Leg Strap MULTICAM- Der Leg Strap ist ein wesentlicher Bestandteil, wenn es um die Erh\u00f6hung des Komforts beim Tragen von Dropleg Mid-Ride-Systemen mit Kydex-Holstern geht. Egal ob dein System von Safariland, BladeTech, G-Code, etc. ist.","og_url":"https:\/\/eshop.tca.sk\/de\/waffenholster\/black-trident-legacy-leg-strap-black\/","og_site_name":"TCA eShop - Tactical Combat Academy","article_modified_time":"2025-11-26T11:04:19+00:00","og_image":[{"width":1000,"height":1000,"url":"https:\/\/eshop.tca.sk\/wp-content\/uploads\/2023\/11\/Legacy-Leg-Strap-Black.png","type":"image\/png"}],"twitter_card":"summary_large_image","schema":{"@context":"https:\/\/schema.org","@graph":[{"@type":"WebPage","@id":"https:\/\/eshop.tca.sk\/de\/waffenholster\/black-trident-legacy-leg-strap-black\/","url":"https:\/\/eshop.tca.sk\/de\/waffenholster\/black-trident-legacy-leg-strap-black\/","name":"Oberschenkelgurt Black Trident Legacy Leg Strap BLACK - TCA eShop - Tactical Combat Academy","isPartOf":{"@id":"https:\/\/eshop.tca.sk\/de\/#website"},"primaryImageOfPage":{"@id":"https:\/\/eshop.tca.sk\/de\/waffenholster\/black-trident-legacy-leg-strap-black\/#primaryimage"},"image":{"@id":"https:\/\/eshop.tca.sk\/de\/waffenholster\/black-trident-legacy-leg-strap-black\/#primaryimage"},"thumbnailUrl":"https:\/\/eshop.tca.sk\/wp-content\/uploads\/2023\/11\/Legacy-Leg-Strap-Black.png","datePublished":"2023-11-28T20:10:13+00:00","dateModified":"2025-11-26T11:04:19+00:00","description":"Oberschenkelgurt Schwarz Trident Legacy Leg Strap MULTICAM- Der Leg Strap ist ein wesentlicher Bestandteil, wenn es um die Erh\u00f6hung des Komforts beim Tragen von Dropleg Mid-Ride-Systemen mit Kydex-Holstern geht. Egal ob dein System von Safariland, BladeTech, G-Code, etc. ist.","breadcrumb":{"@id":"https:\/\/eshop.tca.sk\/de\/waffenholster\/black-trident-legacy-leg-strap-black\/#breadcrumb"},"inLanguage":"de","potentialAction":[{"@type":"ReadAction","target":["https:\/\/eshop.tca.sk\/de\/waffenholster\/black-trident-legacy-leg-strap-black\/"]}]},{"@type":"ImageObject","inLanguage":"de","@id":"https:\/\/eshop.tca.sk\/de\/waffenholster\/black-trident-legacy-leg-strap-black\/#primaryimage","url":"https:\/\/eshop.tca.sk\/wp-content\/uploads\/2023\/11\/Legacy-Leg-Strap-Black.png","contentUrl":"https:\/\/eshop.tca.sk\/wp-content\/uploads\/2023\/11\/Legacy-Leg-Strap-Black.png","width":1000,"height":1000},{"@type":"BreadcrumbList","@id":"https:\/\/eshop.tca.sk\/de\/waffenholster\/black-trident-legacy-leg-strap-black\/#breadcrumb","itemListElement":[{"@type":"ListItem","position":1,"name":"Domovsk\u00e1 str\u00e1nka","item":"https:\/\/eshop.tca.sk\/de\/"},{"@type":"ListItem","position":2,"name":"Shop","item":"https:\/\/eshop.tca.sk\/de\/shop\/"},{"@type":"ListItem","position":3,"name":"Oberschenkelgurt Black Trident Legacy Leg Strap BLACK"}]},{"@type":"WebSite","@id":"https:\/\/eshop.tca.sk\/de\/#website","url":"https:\/\/eshop.tca.sk\/de\/","name":"TCA eShop - Tactical Combat Academy","description":"Tactical Combat Academy","publisher":{"@id":"https:\/\/eshop.tca.sk\/de\/#organization"},"potentialAction":[{"@type":"SearchAction","target":{"@type":"EntryPoint","urlTemplate":"https:\/\/eshop.tca.sk\/de\/?s={search_term_string}"},"query-input":{"@type":"PropertyValueSpecification","valueRequired":true,"valueName":"search_term_string"}}],"inLanguage":"de"},{"@type":"Organization","@id":"https:\/\/eshop.tca.sk\/de\/#organization","name":"TCA eShop - Tactical Combat Academy","url":"https:\/\/eshop.tca.sk\/de\/","logo":{"@type":"ImageObject","inLanguage":"de","@id":"https:\/\/eshop.tca.sk\/de\/#\/schema\/logo\/image\/","url":"https:\/\/eshop.tca.sk\/wp-content\/uploads\/2025\/06\/logo-new-header.png","contentUrl":"https:\/\/eshop.tca.sk\/wp-content\/uploads\/2025\/06\/logo-new-header.png","width":300,"height":294,"caption":"TCA eShop - Tactical Combat Academy"},"image":{"@id":"https:\/\/eshop.tca.sk\/de\/#\/schema\/logo\/image\/"}}]}},"_links":{"self":[{"href":"https:\/\/eshop.tca.sk\/de\/wp-json\/wp\/v2\/product\/10413","targetHints":{"allow":["GET"]}}],"collection":[{"href":"https:\/\/eshop.tca.sk\/de\/wp-json\/wp\/v2\/product"}],"about":[{"href":"https:\/\/eshop.tca.sk\/de\/wp-json\/wp\/v2\/types\/product"}],"wp:featuredmedia":[{"embeddable":true,"href":"https:\/\/eshop.tca.sk\/de\/wp-json\/wp\/v2\/media\/10415"}],"wp:attachment":[{"href":"https:\/\/eshop.tca.sk\/de\/wp-json\/wp\/v2\/media?parent=10413"}],"wp:term":[{"taxonomy":"product_brand","embeddable":true,"href":"https:\/\/eshop.tca.sk\/de\/wp-json\/wp\/v2\/product_brand?post=10413"},{"taxonomy":"product_cat","embeddable":true,"href":"https:\/\/eshop.tca.sk\/de\/wp-json\/wp\/v2\/product_cat?post=10413"},{"taxonomy":"product_tag","embeddable":true,"href":"https:\/\/eshop.tca.sk\/de\/wp-json\/wp\/v2\/product_tag?post=10413"},{"taxonomy":"giftcard-category","embeddable":true,"href":"https:\/\/eshop.tca.sk\/de\/wp-json\/wp\/v2\/giftcard-category?post=10413"}],"curies":[{"name":"wp","href":"https:\/\/api.w.org\/{rel}","templated":true}]}}