{"id":10497,"date":"2024-01-19T14:25:03","date_gmt":"2024-01-19T13:25:03","guid":{"rendered":"https:\/\/eshop.tca.sk\/?post_type=product&#038;p=10497"},"modified":"2025-12-29T11:27:31","modified_gmt":"2025-12-29T10:27:31","slug":"vergrosserungsoptik-aimpoint-3x-c-ohne-montage","status":"publish","type":"product","link":"https:\/\/eshop.tca.sk\/de\/waffenzubehoer\/vergrosserungsoptik-aimpoint-3x-c-ohne-montage\/","title":{"rendered":"Aimpoint 3X-C Vergr\u00f6\u00dferungsmodul ohne Montage"},"content":{"rendered":"<h1><strong>Aimpoint 3X-C Vergr\u00f6\u00dferungsmodul ohne Montage<\/strong><\/h1>\n<p>Die Aimpoint\u00ae 3X-C Vergr\u00f6\u00dferungsoptik ist eine Premium-Optik, die entwickelt wurde, um die F\u00e4higkeiten zur Beobachtung oder Zielerfassung auf gr\u00f6\u00dfere Entfernungen zu erh\u00f6hen. Ob es mit einem Aimpoint Rotpunktvisier gepaart ist oder als handgehaltenes Monokular verwendet wird, bietet das 3X-C\u2122 ein scharfes Sichtbild mit einem gro\u00dfz\u00fcgigen Sichtfeld. Durch die Verwendung des roten Punktes in Aimpoint-Visieren als Zielabsehen entf\u00e4llt die Notwendigkeit der Nachjustierung beim Wechsel zwischen unvergr\u00f6\u00dfertem und vergr\u00f6\u00dfertem Zielen. Dieses robuste Lupenmodul ist vollst\u00e4ndig wasserdicht und kann Temperaturen von -31\u00b0F bis +131\u00b0F standhalten. Eine sto\u00dfd\u00e4mpfende Gummischutzh\u00fclle sorgt f\u00fcr einen idealen ergonomischen Griff, wenn das Ger\u00e4t in der Hand gehalten wird. Zu den Merkmalen geh\u00f6ren ein 6-Grad-Sichtfeld (FOV) und eine variable Dioptrieneinstellung (-2 bis +2), mit der die Lupe an das Auge des jeweiligen Benutzers angepasst werden kann. Die 3X-C-Lupe kann mit Aimpoint Micro T-2\/H-2 und Comp\u2122-Serien verwendet werden. Die 3X-C ist die ideale L\u00f6sung, um Ihre M\u00f6glichkeiten zu erweitern, ohne auf den Vorteil der extrem schnellen Zielerfassung zu verzichten.<\/p>\n<h3><strong>Grundlegende Eigenschaften:<\/strong><\/h3>\n<ul>\n<li>3X optische Vergr\u00f6\u00dferung<\/li>\n<li>Kompatibel mit Aimpoint-Rotpunktvisieren zum Zielen oder Beobachten \u00fcber gr\u00f6\u00dfere Entfernungen<\/li>\n<li>Variable (-2 bis + 2) Dioptrieneinstellung<\/li>\n<li>Keine Halterung enthalten<\/li>\n<li>Dient auch als handgehaltenes 3X-Monokular<\/li>\n<li>Beim Wechsel zwischen nicht vergr\u00f6\u00dfertem und vergr\u00f6\u00dfertem Zielen ist keine Nachjustierung erforderlich &#8211; der rote Punkt der Aimpoint-Visierung wird als Zielmarke verwendet<\/li>\n<li>Ergonomisches Design f\u00fcr sicheren Halt bei der Verwendung als handgehaltenes Beobachtungsinstrument<\/li>\n<li>Sto\u00dffest und wasserdicht<\/li>\n<li>Legend\u00e4re Aimpoint-Robustheit zu einem Einstiegspreis<\/li>\n<li>Inklusive Schrauben und Inbusschl\u00fcssel<\/li>\n<li>Sichtfeld (FOV): 6\u00b0<\/li>\n<li>Augenabstand: 2,2 Zoll (56 mm)<\/li>\n<li>Tauchf\u00e4hig bis 2 Feet (0,5 Meter)<\/li>\n<li>Temperaturbereich -31\u00b0F bis +131\u00b0F (-35\u00b0C bis +55\u00b0C)<\/li>\n<li>Gewicht 220g (7,8 oz)<\/li>\n<\/ul>\n<p><iframe loading=\"lazy\" title=\"3X-C 360\" width=\"1170\" height=\"658\" src=\"https:\/\/www.youtube.com\/embed\/0_Wb0qVAa84?feature=oembed\" frameborder=\"0\" allow=\"accelerometer; autoplay; clipboard-write; encrypted-media; gyroscope; picture-in-picture; web-share\" allowfullscreen><\/iframe><\/p>\n","protected":false},"excerpt":{"rendered":"<p><img loading=\"lazy\" decoding=\"async\" class=\"alignnone wp-image-9352\" src=\"https:\/\/eshop.tca.sk\/wp-content\/uploads\/2023\/04\/Aimpoint_logo.svg.png\" alt=\"\" width=\"118\" height=\"25\" srcset=\"https:\/\/eshop.tca.sk\/wp-content\/uploads\/2023\/04\/Aimpoint_logo.svg.png 1200w, https:\/\/eshop.tca.sk\/wp-content\/uploads\/2023\/04\/Aimpoint_logo.svg-300x64.png 300w, https:\/\/eshop.tca.sk\/wp-content\/uploads\/2023\/04\/Aimpoint_logo.svg-768x164.png 768w, https:\/\/eshop.tca.sk\/wp-content\/uploads\/2023\/04\/Aimpoint_logo.svg-600x128.png 600w\" sizes=\"auto, (max-width: 118px) 100vw, 118px\" \/><\/p>\n<p>Die Aimpoint\u00ae 3X-C Vergr\u00f6\u00dferungsoptik ist eine Premium-Optik, die entwickelt wurde, um die F\u00e4higkeiten zur Beobachtung oder Zielerfassung auf gr\u00f6\u00dfere Entfernungen zu erh\u00f6hen.<\/p>\n<p><img loading=\"lazy\" decoding=\"async\" class=\"wp-image-8564 alignnone\" src=\"https:\/\/eshop.tca.sk\/wp-content\/uploads\/2023\/04\/Logo-Whack-Black-White-R-APPROVED.png\" alt=\"\" width=\"138\" height=\"75\" srcset=\"https:\/\/eshop.tca.sk\/wp-content\/uploads\/2023\/04\/Logo-Whack-Black-White-R-APPROVED.png 571w, https:\/\/eshop.tca.sk\/wp-content\/uploads\/2023\/04\/Logo-Whack-Black-White-R-APPROVED-300x163.png 300w\" sizes=\"auto, (max-width: 138px) 100vw, 138px\" \/><\/p>\n<p>Vom <strong>TCA<\/strong> und dem <strong>WHACK<\/strong>-System verwendete und empfohlene Equipment.<\/p>\n","protected":false},"featured_media":10503,"template":"","meta":{"inline_featured_image":false},"product_brand":[],"product_cat":[320,318],"product_tag":[376],"giftcard-category":[],"class_list":{"0":"post-10497","1":"product","2":"type-product","3":"status-publish","4":"has-post-thumbnail","6":"product_cat-optik","7":"product_cat-waffenzubehoer","8":"product_tag-aimpoint-de","10":"first","11":"instock","12":"taxable","13":"shipping-taxable","14":"purchasable","15":"product-type-simple"},"yoast_head":"<!-- This site is optimized with the Yoast SEO plugin v26.4 - https:\/\/yoast.com\/wordpress\/plugins\/seo\/ -->\n<title>Aimpoint 3X-C Vergr\u00f6\u00dferungsmodul ohne Montage - TCA eShop - Tactical Combat Academy<\/title>\n<meta name=\"description\" content=\"Die Aimpoint\u00ae 3X-C Vergr\u00f6\u00dferungsoptik ist eine Premium-Optik, die entwickelt wurde, um die F\u00e4higkeiten zur Beobachtung oder Zielerfassung auf gr\u00f6\u00dfere Entfernungen zu erh\u00f6hen.\" \/>\n<meta name=\"robots\" content=\"index, follow, max-snippet:-1, max-image-preview:large, max-video-preview:-1\" \/>\n<link rel=\"canonical\" href=\"https:\/\/eshop.tca.sk\/de\/waffenzubehoer\/vergrosserungsoptik-aimpoint-3x-c-ohne-montage\/\" \/>\n<meta property=\"og:locale\" content=\"de_DE\" \/>\n<meta property=\"og:type\" content=\"article\" \/>\n<meta property=\"og:title\" content=\"Aimpoint 3X-C Vergr\u00f6\u00dferungsmodul ohne Montage - TCA eShop - Tactical Combat Academy\" \/>\n<meta property=\"og:description\" content=\"Die Aimpoint\u00ae 3X-C Vergr\u00f6\u00dferungsoptik ist eine Premium-Optik, die entwickelt wurde, um die F\u00e4higkeiten zur Beobachtung oder Zielerfassung auf gr\u00f6\u00dfere Entfernungen zu erh\u00f6hen.\" \/>\n<meta property=\"og:url\" content=\"https:\/\/eshop.tca.sk\/de\/waffenzubehoer\/vergrosserungsoptik-aimpoint-3x-c-ohne-montage\/\" \/>\n<meta property=\"og:site_name\" content=\"TCA eShop - Tactical Combat Academy\" \/>\n<meta property=\"article:modified_time\" content=\"2025-12-29T10:27:31+00:00\" \/>\n<meta property=\"og:image\" content=\"https:\/\/eshop.tca.sk\/wp-content\/uploads\/2024\/01\/Zvacsovaci-modul-Aimpoint-3X-C-bez-montaze-3.jpg\" \/>\n\t<meta property=\"og:image:width\" content=\"1280\" \/>\n\t<meta property=\"og:image:height\" content=\"1280\" \/>\n\t<meta property=\"og:image:type\" content=\"image\/jpeg\" \/>\n<meta name=\"twitter:card\" content=\"summary_large_image\" \/>\n<script type=\"application\/ld+json\" class=\"yoast-schema-graph\">{\"@context\":\"https:\/\/schema.org\",\"@graph\":[{\"@type\":\"WebPage\",\"@id\":\"https:\/\/eshop.tca.sk\/de\/waffenzubehoer\/vergrosserungsoptik-aimpoint-3x-c-ohne-montage\/\",\"url\":\"https:\/\/eshop.tca.sk\/de\/waffenzubehoer\/vergrosserungsoptik-aimpoint-3x-c-ohne-montage\/\",\"name\":\"Aimpoint 3X-C Vergr\u00f6\u00dferungsmodul ohne Montage - TCA eShop - Tactical Combat Academy\",\"isPartOf\":{\"@id\":\"https:\/\/eshop.tca.sk\/de\/#website\"},\"primaryImageOfPage\":{\"@id\":\"https:\/\/eshop.tca.sk\/de\/waffenzubehoer\/vergrosserungsoptik-aimpoint-3x-c-ohne-montage\/#primaryimage\"},\"image\":{\"@id\":\"https:\/\/eshop.tca.sk\/de\/waffenzubehoer\/vergrosserungsoptik-aimpoint-3x-c-ohne-montage\/#primaryimage\"},\"thumbnailUrl\":\"https:\/\/eshop.tca.sk\/wp-content\/uploads\/2024\/01\/Zvacsovaci-modul-Aimpoint-3X-C-bez-montaze-3.jpg\",\"datePublished\":\"2024-01-19T13:25:03+00:00\",\"dateModified\":\"2025-12-29T10:27:31+00:00\",\"description\":\"Die Aimpoint\u00ae 3X-C Vergr\u00f6\u00dferungsoptik ist eine Premium-Optik, die entwickelt wurde, um die F\u00e4higkeiten zur Beobachtung oder Zielerfassung auf gr\u00f6\u00dfere Entfernungen zu erh\u00f6hen.\",\"breadcrumb\":{\"@id\":\"https:\/\/eshop.tca.sk\/de\/waffenzubehoer\/vergrosserungsoptik-aimpoint-3x-c-ohne-montage\/#breadcrumb\"},\"inLanguage\":\"de\",\"potentialAction\":[{\"@type\":\"ReadAction\",\"target\":[\"https:\/\/eshop.tca.sk\/de\/waffenzubehoer\/vergrosserungsoptik-aimpoint-3x-c-ohne-montage\/\"]}]},{\"@type\":\"ImageObject\",\"inLanguage\":\"de\",\"@id\":\"https:\/\/eshop.tca.sk\/de\/waffenzubehoer\/vergrosserungsoptik-aimpoint-3x-c-ohne-montage\/#primaryimage\",\"url\":\"https:\/\/eshop.tca.sk\/wp-content\/uploads\/2024\/01\/Zvacsovaci-modul-Aimpoint-3X-C-bez-montaze-3.jpg\",\"contentUrl\":\"https:\/\/eshop.tca.sk\/wp-content\/uploads\/2024\/01\/Zvacsovaci-modul-Aimpoint-3X-C-bez-montaze-3.jpg\",\"width\":1280,\"height\":1280},{\"@type\":\"BreadcrumbList\",\"@id\":\"https:\/\/eshop.tca.sk\/de\/waffenzubehoer\/vergrosserungsoptik-aimpoint-3x-c-ohne-montage\/#breadcrumb\",\"itemListElement\":[{\"@type\":\"ListItem\",\"position\":1,\"name\":\"Domovsk\u00e1 str\u00e1nka\",\"item\":\"https:\/\/eshop.tca.sk\/de\/\"},{\"@type\":\"ListItem\",\"position\":2,\"name\":\"Shop\",\"item\":\"https:\/\/eshop.tca.sk\/de\/shop\/\"},{\"@type\":\"ListItem\",\"position\":3,\"name\":\"Aimpoint 3X-C Vergr\u00f6\u00dferungsmodul ohne Montage\"}]},{\"@type\":\"WebSite\",\"@id\":\"https:\/\/eshop.tca.sk\/de\/#website\",\"url\":\"https:\/\/eshop.tca.sk\/de\/\",\"name\":\"TCA eShop - Tactical Combat Academy\",\"description\":\"Tactical Combat Academy\",\"publisher\":{\"@id\":\"https:\/\/eshop.tca.sk\/de\/#organization\"},\"potentialAction\":[{\"@type\":\"SearchAction\",\"target\":{\"@type\":\"EntryPoint\",\"urlTemplate\":\"https:\/\/eshop.tca.sk\/de\/?s={search_term_string}\"},\"query-input\":{\"@type\":\"PropertyValueSpecification\",\"valueRequired\":true,\"valueName\":\"search_term_string\"}}],\"inLanguage\":\"de\"},{\"@type\":\"Organization\",\"@id\":\"https:\/\/eshop.tca.sk\/de\/#organization\",\"name\":\"TCA eShop - Tactical Combat Academy\",\"url\":\"https:\/\/eshop.tca.sk\/de\/\",\"logo\":{\"@type\":\"ImageObject\",\"inLanguage\":\"de\",\"@id\":\"https:\/\/eshop.tca.sk\/de\/#\/schema\/logo\/image\/\",\"url\":\"https:\/\/eshop.tca.sk\/wp-content\/uploads\/2025\/06\/logo-new-header.png\",\"contentUrl\":\"https:\/\/eshop.tca.sk\/wp-content\/uploads\/2025\/06\/logo-new-header.png\",\"width\":300,\"height\":294,\"caption\":\"TCA eShop - Tactical Combat Academy\"},\"image\":{\"@id\":\"https:\/\/eshop.tca.sk\/de\/#\/schema\/logo\/image\/\"}}]}<\/script>\n<!-- \/ Yoast SEO plugin. -->","yoast_head_json":{"title":"Aimpoint 3X-C Vergr\u00f6\u00dferungsmodul ohne Montage - TCA eShop - Tactical Combat Academy","description":"Die Aimpoint\u00ae 3X-C Vergr\u00f6\u00dferungsoptik ist eine Premium-Optik, die entwickelt wurde, um die F\u00e4higkeiten zur Beobachtung oder Zielerfassung auf gr\u00f6\u00dfere Entfernungen zu erh\u00f6hen.","robots":{"index":"index","follow":"follow","max-snippet":"max-snippet:-1","max-image-preview":"max-image-preview:large","max-video-preview":"max-video-preview:-1"},"canonical":"https:\/\/eshop.tca.sk\/de\/waffenzubehoer\/vergrosserungsoptik-aimpoint-3x-c-ohne-montage\/","og_locale":"de_DE","og_type":"article","og_title":"Aimpoint 3X-C Vergr\u00f6\u00dferungsmodul ohne Montage - TCA eShop - Tactical Combat Academy","og_description":"Die Aimpoint\u00ae 3X-C Vergr\u00f6\u00dferungsoptik ist eine Premium-Optik, die entwickelt wurde, um die F\u00e4higkeiten zur Beobachtung oder Zielerfassung auf gr\u00f6\u00dfere Entfernungen zu erh\u00f6hen.","og_url":"https:\/\/eshop.tca.sk\/de\/waffenzubehoer\/vergrosserungsoptik-aimpoint-3x-c-ohne-montage\/","og_site_name":"TCA eShop - Tactical Combat Academy","article_modified_time":"2025-12-29T10:27:31+00:00","og_image":[{"width":1280,"height":1280,"url":"https:\/\/eshop.tca.sk\/wp-content\/uploads\/2024\/01\/Zvacsovaci-modul-Aimpoint-3X-C-bez-montaze-3.jpg","type":"image\/jpeg"}],"twitter_card":"summary_large_image","schema":{"@context":"https:\/\/schema.org","@graph":[{"@type":"WebPage","@id":"https:\/\/eshop.tca.sk\/de\/waffenzubehoer\/vergrosserungsoptik-aimpoint-3x-c-ohne-montage\/","url":"https:\/\/eshop.tca.sk\/de\/waffenzubehoer\/vergrosserungsoptik-aimpoint-3x-c-ohne-montage\/","name":"Aimpoint 3X-C Vergr\u00f6\u00dferungsmodul ohne Montage - TCA eShop - Tactical Combat Academy","isPartOf":{"@id":"https:\/\/eshop.tca.sk\/de\/#website"},"primaryImageOfPage":{"@id":"https:\/\/eshop.tca.sk\/de\/waffenzubehoer\/vergrosserungsoptik-aimpoint-3x-c-ohne-montage\/#primaryimage"},"image":{"@id":"https:\/\/eshop.tca.sk\/de\/waffenzubehoer\/vergrosserungsoptik-aimpoint-3x-c-ohne-montage\/#primaryimage"},"thumbnailUrl":"https:\/\/eshop.tca.sk\/wp-content\/uploads\/2024\/01\/Zvacsovaci-modul-Aimpoint-3X-C-bez-montaze-3.jpg","datePublished":"2024-01-19T13:25:03+00:00","dateModified":"2025-12-29T10:27:31+00:00","description":"Die Aimpoint\u00ae 3X-C Vergr\u00f6\u00dferungsoptik ist eine Premium-Optik, die entwickelt wurde, um die F\u00e4higkeiten zur Beobachtung oder Zielerfassung auf gr\u00f6\u00dfere Entfernungen zu erh\u00f6hen.","breadcrumb":{"@id":"https:\/\/eshop.tca.sk\/de\/waffenzubehoer\/vergrosserungsoptik-aimpoint-3x-c-ohne-montage\/#breadcrumb"},"inLanguage":"de","potentialAction":[{"@type":"ReadAction","target":["https:\/\/eshop.tca.sk\/de\/waffenzubehoer\/vergrosserungsoptik-aimpoint-3x-c-ohne-montage\/"]}]},{"@type":"ImageObject","inLanguage":"de","@id":"https:\/\/eshop.tca.sk\/de\/waffenzubehoer\/vergrosserungsoptik-aimpoint-3x-c-ohne-montage\/#primaryimage","url":"https:\/\/eshop.tca.sk\/wp-content\/uploads\/2024\/01\/Zvacsovaci-modul-Aimpoint-3X-C-bez-montaze-3.jpg","contentUrl":"https:\/\/eshop.tca.sk\/wp-content\/uploads\/2024\/01\/Zvacsovaci-modul-Aimpoint-3X-C-bez-montaze-3.jpg","width":1280,"height":1280},{"@type":"BreadcrumbList","@id":"https:\/\/eshop.tca.sk\/de\/waffenzubehoer\/vergrosserungsoptik-aimpoint-3x-c-ohne-montage\/#breadcrumb","itemListElement":[{"@type":"ListItem","position":1,"name":"Domovsk\u00e1 str\u00e1nka","item":"https:\/\/eshop.tca.sk\/de\/"},{"@type":"ListItem","position":2,"name":"Shop","item":"https:\/\/eshop.tca.sk\/de\/shop\/"},{"@type":"ListItem","position":3,"name":"Aimpoint 3X-C Vergr\u00f6\u00dferungsmodul ohne Montage"}]},{"@type":"WebSite","@id":"https:\/\/eshop.tca.sk\/de\/#website","url":"https:\/\/eshop.tca.sk\/de\/","name":"TCA eShop - Tactical Combat Academy","description":"Tactical Combat Academy","publisher":{"@id":"https:\/\/eshop.tca.sk\/de\/#organization"},"potentialAction":[{"@type":"SearchAction","target":{"@type":"EntryPoint","urlTemplate":"https:\/\/eshop.tca.sk\/de\/?s={search_term_string}"},"query-input":{"@type":"PropertyValueSpecification","valueRequired":true,"valueName":"search_term_string"}}],"inLanguage":"de"},{"@type":"Organization","@id":"https:\/\/eshop.tca.sk\/de\/#organization","name":"TCA eShop - Tactical Combat Academy","url":"https:\/\/eshop.tca.sk\/de\/","logo":{"@type":"ImageObject","inLanguage":"de","@id":"https:\/\/eshop.tca.sk\/de\/#\/schema\/logo\/image\/","url":"https:\/\/eshop.tca.sk\/wp-content\/uploads\/2025\/06\/logo-new-header.png","contentUrl":"https:\/\/eshop.tca.sk\/wp-content\/uploads\/2025\/06\/logo-new-header.png","width":300,"height":294,"caption":"TCA eShop - Tactical Combat Academy"},"image":{"@id":"https:\/\/eshop.tca.sk\/de\/#\/schema\/logo\/image\/"}}]}},"_links":{"self":[{"href":"https:\/\/eshop.tca.sk\/de\/wp-json\/wp\/v2\/product\/10497","targetHints":{"allow":["GET"]}}],"collection":[{"href":"https:\/\/eshop.tca.sk\/de\/wp-json\/wp\/v2\/product"}],"about":[{"href":"https:\/\/eshop.tca.sk\/de\/wp-json\/wp\/v2\/types\/product"}],"wp:featuredmedia":[{"embeddable":true,"href":"https:\/\/eshop.tca.sk\/de\/wp-json\/wp\/v2\/media\/10503"}],"wp:attachment":[{"href":"https:\/\/eshop.tca.sk\/de\/wp-json\/wp\/v2\/media?parent=10497"}],"wp:term":[{"taxonomy":"product_brand","embeddable":true,"href":"https:\/\/eshop.tca.sk\/de\/wp-json\/wp\/v2\/product_brand?post=10497"},{"taxonomy":"product_cat","embeddable":true,"href":"https:\/\/eshop.tca.sk\/de\/wp-json\/wp\/v2\/product_cat?post=10497"},{"taxonomy":"product_tag","embeddable":true,"href":"https:\/\/eshop.tca.sk\/de\/wp-json\/wp\/v2\/product_tag?post=10497"},{"taxonomy":"giftcard-category","embeddable":true,"href":"https:\/\/eshop.tca.sk\/de\/wp-json\/wp\/v2\/giftcard-category?post=10497"}],"curies":[{"name":"wp","href":"https:\/\/api.w.org\/{rel}","templated":true}]}}