{"id":10510,"date":"2024-01-19T15:59:06","date_gmt":"2024-01-19T14:59:06","guid":{"rendered":"https:\/\/eshop.tca.sk\/?post_type=product&#038;p=10510"},"modified":"2025-11-26T12:05:17","modified_gmt":"2025-11-26T11:05:17","slug":"kolimator-aimpoint-h-2-red-dot-reflex-sight-standard-mount","status":"publish","type":"product","link":"https:\/\/eshop.tca.sk\/de\/optik\/kolimator-aimpoint-h-2-red-dot-reflex-sight-standard-mount\/","title":{"rendered":"Kolimator Aimpoint H-2 Red Dot Reflex Sight &#8211; Standard Mount"},"content":{"rendered":"<h3 id=\"title\" class=\"a-size-large a-spacing-none\"><strong>Kolimator Aimpoint H-2 Red Dot Reflex Sight &#8211; Standard Mount<\/strong><\/h3>\n<p>Das Aimpoint\u00ae Micro H-2 ist die erste Wahl f\u00fcr Geschwindigkeit und Genauigkeit in einer kompakten Reflexoptik und wird von Millionen von J\u00e4gern und Sportsch\u00fctzen weltweit gesch\u00e4tzt. Mit Montagel\u00f6sungen f\u00fcr praktisch jede Plattform ist das vielseitige Micro H-2\u2122 wirklich ein Visier f\u00fcr alle Jahreszeiten. Diese Premium-Optik verf\u00fcgt \u00fcber einen pr\u00e4zisen 2-MOA-Punkt f\u00fcr eine extrem schnelle und genaue Zielerfassung und 12 Intensit\u00e4tseinstellungen f\u00fcr optimale Helligkeit bei allen Lichtverh\u00e4ltnissen. Dieses robuste Rotpunktvisier ist mit einem Geh\u00e4use aus eloxierter Aluminiumlegierung, versenkten Linsen und Klappabdeckungen f\u00fcr ultimativen Schutz ausgestattet, um auch bei starkem R\u00fccksto\u00df und unter h\u00e4rtesten Umweltbedingungen zu funktionieren. Die \u00fcberlegene optische Leistung des Micro H-2 macht dieses Visier ideal f\u00fcr die Verwendung mit Vergr\u00f6\u00dferungsger\u00e4ten wie dem Aimpoint\u00ae 3X-C, 3XMag-1\u2122 und 6XMag-1\u2122. Mit einer Batterielebensdauer von \u00fcber f\u00fcnf Jahren im Dauerbetrieb k\u00f6nnen Sie sich darauf verlassen, dass das Micro H-2 bereit ist, wenn Sie es brauchen.<\/p>\n<ul>\n<li>2 MOA Rotpunkt f\u00fcr Pr\u00e4zision und schnelle Zielerfassung<\/li>\n<li>Batterielebensdauer 50.000 Stunden (\u00fcber 5 Jahre) bei Dauerbetrieb mit einer einzigen Batterie<\/li>\n<li>Batterietyp: CR2032 (im Lieferumfang enthalten)<\/li>\n<li>Integrierter Picatinny-Sockel (im Lieferumfang enthalten) erm\u00f6glicht die einfache Befestigung an jeder Schiene<\/li>\n<li>Hochentwickelte optische Linsen f\u00fcr verbesserte Lichtdurchl\u00e4ssigkeit und ultimative Punktklarheit<\/li>\n<li>Transparente Linsenkappen vorne und hinten im Lieferumfang enthalten<\/li>\n<li>Kompatibel mit allen Aimpoint Lupen<\/li>\n<li>Verst\u00e4rkter Revolverschutz f\u00fcr noch mehr Robustheit<\/li>\n<li>Eloxiertes hochfestes Aluminiumgeh\u00e4use, halbmatt schwarz<\/li>\n<li>12 verschiedene Intensit\u00e4tseinstellungen: 1 extra intensiv f\u00fcr den Einsatz in hellem Sonnenlicht<\/li>\n<li>1X (nicht vergr\u00f6\u00dfernde) parallaxenfreie Optik<\/li>\n<li>Untertauchbar bis 5 Meter (15 Feet)<\/li>\n<li>Temperaturbereich -20\u00b0F bis +140\u00b0F (-30\u00b0C bis +60\u00b0C)<\/li>\n<li>Gewicht 94 g (nur Visier), 130 g (einschlie\u00dflich Objektivabdeckungen und Halterung)<\/li>\n<\/ul>\n<p><iframe loading=\"lazy\" title=\"360 View - Micro H-2 Standard Mount\" width=\"1170\" height=\"658\" src=\"https:\/\/www.youtube.com\/embed\/hEcApmIhHCM?feature=oembed&#038;enablejsapi=1&#038;origin=https:\/\/eshop.tca.sk\" frameborder=\"0\" allow=\"accelerometer; autoplay; clipboard-write; encrypted-media; gyroscope; picture-in-picture; web-share\" allowfullscreen><\/iframe><\/p>\n<p>&nbsp;<\/p>\n","protected":false},"excerpt":{"rendered":"<p><img loading=\"lazy\" decoding=\"async\" class=\"alignnone size-full wp-image-7487\" src=\"https:\/\/eshop.tca.sk\/wp-content\/uploads\/2022\/12\/Aimpoint_logo.svg.png\" alt=\"\" width=\"150\" height=\"32\"><\/p>\n<p>Aimpoint\u00ae Micro H-2 je najlep\u0161ou vo\u013ebou pre<strong> r\u00fdchlos\u0165 a presnos\u0165<\/strong> v kompaktnej reflexnej optike, ktorej d\u00f4veruj\u00fa <strong>mili\u00f3ny po\u013eovn\u00edkov a \u0161portov\u00fdch strelcov<\/strong> na celom svete.<\/p>\n<p><img loading=\"lazy\" decoding=\"async\" class=\"wp-image-8564 alignnone\" src=\"https:\/\/eshop.tca.sk\/wp-content\/uploads\/2023\/04\/Logo-Whack-Black-White-R-APPROVED.png\" alt=\"\" width=\"138\" height=\"75\" srcset=\"https:\/\/eshop.tca.sk\/wp-content\/uploads\/2023\/04\/Logo-Whack-Black-White-R-APPROVED.png 571w, https:\/\/eshop.tca.sk\/wp-content\/uploads\/2023\/04\/Logo-Whack-Black-White-R-APPROVED-300x163.png 300w\" sizes=\"auto, (max-width: 138px) 100vw, 138px\" \/><\/p>\n<p>Vom <strong>TCA<\/strong> und dem <strong>WHACK<\/strong>-System verwendete und empfohlene Equipment.<\/p>\n","protected":false},"featured_media":10517,"template":"","meta":{"inline_featured_image":false},"product_brand":[],"product_cat":[320,318],"product_tag":[376],"giftcard-category":[],"class_list":{"0":"post-10510","1":"product","2":"type-product","3":"status-publish","4":"has-post-thumbnail","6":"product_cat-optik","7":"product_cat-waffenzubehoer","8":"product_tag-aimpoint-de","10":"first","11":"outofstock","12":"taxable","13":"shipping-taxable","14":"purchasable","15":"product-type-simple"},"yoast_head":"<!-- This site is optimized with the Yoast SEO plugin v26.4 - https:\/\/yoast.com\/wordpress\/plugins\/seo\/ -->\n<title>Kolimator Aimpoint H-2 Red Dot Reflex Sight - Standard Mount - TCA eShop - Tactical Combat Academy<\/title>\n<meta name=\"description\" content=\"Das Aimpoint\u00ae Micro H-2 ist die erste Wahl f\u00fcr Geschwindigkeit und Genauigkeit in einer kompakten Reflexoptik und wird von Millionen von J\u00e4gern und Sportsch\u00fctzen weltweit gesch\u00e4tzt.\" \/>\n<meta name=\"robots\" content=\"index, follow, max-snippet:-1, max-image-preview:large, max-video-preview:-1\" \/>\n<link rel=\"canonical\" href=\"https:\/\/eshop.tca.sk\/de\/optik\/kolimator-aimpoint-h-2-red-dot-reflex-sight-standard-mount\/\" \/>\n<meta property=\"og:locale\" content=\"de_DE\" \/>\n<meta property=\"og:type\" content=\"article\" \/>\n<meta property=\"og:title\" content=\"Kolimator Aimpoint H-2 Red Dot Reflex Sight - Standard Mount - TCA eShop - Tactical Combat Academy\" \/>\n<meta property=\"og:description\" content=\"Das Aimpoint\u00ae Micro H-2 ist die erste Wahl f\u00fcr Geschwindigkeit und Genauigkeit in einer kompakten Reflexoptik und wird von Millionen von J\u00e4gern und Sportsch\u00fctzen weltweit gesch\u00e4tzt.\" \/>\n<meta property=\"og:url\" content=\"https:\/\/eshop.tca.sk\/de\/optik\/kolimator-aimpoint-h-2-red-dot-reflex-sight-standard-mount\/\" \/>\n<meta property=\"og:site_name\" content=\"TCA eShop - Tactical Combat Academy\" \/>\n<meta property=\"article:modified_time\" content=\"2025-11-26T11:05:17+00:00\" \/>\n<meta property=\"og:image\" content=\"https:\/\/eshop.tca.sk\/wp-content\/uploads\/2024\/01\/Kolimator-Aimpoint-H-2-Red-Dot-Reflex-Sight-Standard-Mount-3.jpg\" \/>\n\t<meta property=\"og:image:width\" content=\"1280\" \/>\n\t<meta property=\"og:image:height\" content=\"1280\" \/>\n\t<meta property=\"og:image:type\" content=\"image\/jpeg\" \/>\n<meta name=\"twitter:card\" content=\"summary_large_image\" \/>\n<script type=\"application\/ld+json\" class=\"yoast-schema-graph\">{\"@context\":\"https:\/\/schema.org\",\"@graph\":[{\"@type\":\"WebPage\",\"@id\":\"https:\/\/eshop.tca.sk\/de\/optik\/kolimator-aimpoint-h-2-red-dot-reflex-sight-standard-mount\/\",\"url\":\"https:\/\/eshop.tca.sk\/de\/optik\/kolimator-aimpoint-h-2-red-dot-reflex-sight-standard-mount\/\",\"name\":\"Kolimator Aimpoint H-2 Red Dot Reflex Sight - Standard Mount - TCA eShop - Tactical Combat Academy\",\"isPartOf\":{\"@id\":\"https:\/\/eshop.tca.sk\/de\/#website\"},\"primaryImageOfPage\":{\"@id\":\"https:\/\/eshop.tca.sk\/de\/optik\/kolimator-aimpoint-h-2-red-dot-reflex-sight-standard-mount\/#primaryimage\"},\"image\":{\"@id\":\"https:\/\/eshop.tca.sk\/de\/optik\/kolimator-aimpoint-h-2-red-dot-reflex-sight-standard-mount\/#primaryimage\"},\"thumbnailUrl\":\"https:\/\/eshop.tca.sk\/wp-content\/uploads\/2024\/01\/Kolimator-Aimpoint-H-2-Red-Dot-Reflex-Sight-Standard-Mount-3.jpg\",\"datePublished\":\"2024-01-19T14:59:06+00:00\",\"dateModified\":\"2025-11-26T11:05:17+00:00\",\"description\":\"Das Aimpoint\u00ae Micro H-2 ist die erste Wahl f\u00fcr Geschwindigkeit und Genauigkeit in einer kompakten Reflexoptik und wird von Millionen von J\u00e4gern und Sportsch\u00fctzen weltweit gesch\u00e4tzt.\",\"breadcrumb\":{\"@id\":\"https:\/\/eshop.tca.sk\/de\/optik\/kolimator-aimpoint-h-2-red-dot-reflex-sight-standard-mount\/#breadcrumb\"},\"inLanguage\":\"de\",\"potentialAction\":[{\"@type\":\"ReadAction\",\"target\":[\"https:\/\/eshop.tca.sk\/de\/optik\/kolimator-aimpoint-h-2-red-dot-reflex-sight-standard-mount\/\"]}]},{\"@type\":\"ImageObject\",\"inLanguage\":\"de\",\"@id\":\"https:\/\/eshop.tca.sk\/de\/optik\/kolimator-aimpoint-h-2-red-dot-reflex-sight-standard-mount\/#primaryimage\",\"url\":\"https:\/\/eshop.tca.sk\/wp-content\/uploads\/2024\/01\/Kolimator-Aimpoint-H-2-Red-Dot-Reflex-Sight-Standard-Mount-3.jpg\",\"contentUrl\":\"https:\/\/eshop.tca.sk\/wp-content\/uploads\/2024\/01\/Kolimator-Aimpoint-H-2-Red-Dot-Reflex-Sight-Standard-Mount-3.jpg\",\"width\":1280,\"height\":1280},{\"@type\":\"BreadcrumbList\",\"@id\":\"https:\/\/eshop.tca.sk\/de\/optik\/kolimator-aimpoint-h-2-red-dot-reflex-sight-standard-mount\/#breadcrumb\",\"itemListElement\":[{\"@type\":\"ListItem\",\"position\":1,\"name\":\"Domovsk\u00e1 str\u00e1nka\",\"item\":\"https:\/\/eshop.tca.sk\/de\/\"},{\"@type\":\"ListItem\",\"position\":2,\"name\":\"Shop\",\"item\":\"https:\/\/eshop.tca.sk\/de\/shop\/\"},{\"@type\":\"ListItem\",\"position\":3,\"name\":\"Kolimator Aimpoint H-2 Red Dot Reflex Sight &#8211; Standard Mount\"}]},{\"@type\":\"WebSite\",\"@id\":\"https:\/\/eshop.tca.sk\/de\/#website\",\"url\":\"https:\/\/eshop.tca.sk\/de\/\",\"name\":\"TCA eShop - Tactical Combat Academy\",\"description\":\"Tactical Combat Academy\",\"publisher\":{\"@id\":\"https:\/\/eshop.tca.sk\/de\/#organization\"},\"potentialAction\":[{\"@type\":\"SearchAction\",\"target\":{\"@type\":\"EntryPoint\",\"urlTemplate\":\"https:\/\/eshop.tca.sk\/de\/?s={search_term_string}\"},\"query-input\":{\"@type\":\"PropertyValueSpecification\",\"valueRequired\":true,\"valueName\":\"search_term_string\"}}],\"inLanguage\":\"de\"},{\"@type\":\"Organization\",\"@id\":\"https:\/\/eshop.tca.sk\/de\/#organization\",\"name\":\"TCA eShop - Tactical Combat Academy\",\"url\":\"https:\/\/eshop.tca.sk\/de\/\",\"logo\":{\"@type\":\"ImageObject\",\"inLanguage\":\"de\",\"@id\":\"https:\/\/eshop.tca.sk\/de\/#\/schema\/logo\/image\/\",\"url\":\"https:\/\/eshop.tca.sk\/wp-content\/uploads\/2025\/06\/logo-new-header.png\",\"contentUrl\":\"https:\/\/eshop.tca.sk\/wp-content\/uploads\/2025\/06\/logo-new-header.png\",\"width\":300,\"height\":294,\"caption\":\"TCA eShop - Tactical Combat Academy\"},\"image\":{\"@id\":\"https:\/\/eshop.tca.sk\/de\/#\/schema\/logo\/image\/\"}}]}<\/script>\n<!-- \/ Yoast SEO plugin. -->","yoast_head_json":{"title":"Kolimator Aimpoint H-2 Red Dot Reflex Sight - Standard Mount - TCA eShop - Tactical Combat Academy","description":"Das Aimpoint\u00ae Micro H-2 ist die erste Wahl f\u00fcr Geschwindigkeit und Genauigkeit in einer kompakten Reflexoptik und wird von Millionen von J\u00e4gern und Sportsch\u00fctzen weltweit gesch\u00e4tzt.","robots":{"index":"index","follow":"follow","max-snippet":"max-snippet:-1","max-image-preview":"max-image-preview:large","max-video-preview":"max-video-preview:-1"},"canonical":"https:\/\/eshop.tca.sk\/de\/optik\/kolimator-aimpoint-h-2-red-dot-reflex-sight-standard-mount\/","og_locale":"de_DE","og_type":"article","og_title":"Kolimator Aimpoint H-2 Red Dot Reflex Sight - Standard Mount - TCA eShop - Tactical Combat Academy","og_description":"Das Aimpoint\u00ae Micro H-2 ist die erste Wahl f\u00fcr Geschwindigkeit und Genauigkeit in einer kompakten Reflexoptik und wird von Millionen von J\u00e4gern und Sportsch\u00fctzen weltweit gesch\u00e4tzt.","og_url":"https:\/\/eshop.tca.sk\/de\/optik\/kolimator-aimpoint-h-2-red-dot-reflex-sight-standard-mount\/","og_site_name":"TCA eShop - Tactical Combat Academy","article_modified_time":"2025-11-26T11:05:17+00:00","og_image":[{"width":1280,"height":1280,"url":"https:\/\/eshop.tca.sk\/wp-content\/uploads\/2024\/01\/Kolimator-Aimpoint-H-2-Red-Dot-Reflex-Sight-Standard-Mount-3.jpg","type":"image\/jpeg"}],"twitter_card":"summary_large_image","schema":{"@context":"https:\/\/schema.org","@graph":[{"@type":"WebPage","@id":"https:\/\/eshop.tca.sk\/de\/optik\/kolimator-aimpoint-h-2-red-dot-reflex-sight-standard-mount\/","url":"https:\/\/eshop.tca.sk\/de\/optik\/kolimator-aimpoint-h-2-red-dot-reflex-sight-standard-mount\/","name":"Kolimator Aimpoint H-2 Red Dot Reflex Sight - Standard Mount - TCA eShop - Tactical Combat Academy","isPartOf":{"@id":"https:\/\/eshop.tca.sk\/de\/#website"},"primaryImageOfPage":{"@id":"https:\/\/eshop.tca.sk\/de\/optik\/kolimator-aimpoint-h-2-red-dot-reflex-sight-standard-mount\/#primaryimage"},"image":{"@id":"https:\/\/eshop.tca.sk\/de\/optik\/kolimator-aimpoint-h-2-red-dot-reflex-sight-standard-mount\/#primaryimage"},"thumbnailUrl":"https:\/\/eshop.tca.sk\/wp-content\/uploads\/2024\/01\/Kolimator-Aimpoint-H-2-Red-Dot-Reflex-Sight-Standard-Mount-3.jpg","datePublished":"2024-01-19T14:59:06+00:00","dateModified":"2025-11-26T11:05:17+00:00","description":"Das Aimpoint\u00ae Micro H-2 ist die erste Wahl f\u00fcr Geschwindigkeit und Genauigkeit in einer kompakten Reflexoptik und wird von Millionen von J\u00e4gern und Sportsch\u00fctzen weltweit gesch\u00e4tzt.","breadcrumb":{"@id":"https:\/\/eshop.tca.sk\/de\/optik\/kolimator-aimpoint-h-2-red-dot-reflex-sight-standard-mount\/#breadcrumb"},"inLanguage":"de","potentialAction":[{"@type":"ReadAction","target":["https:\/\/eshop.tca.sk\/de\/optik\/kolimator-aimpoint-h-2-red-dot-reflex-sight-standard-mount\/"]}]},{"@type":"ImageObject","inLanguage":"de","@id":"https:\/\/eshop.tca.sk\/de\/optik\/kolimator-aimpoint-h-2-red-dot-reflex-sight-standard-mount\/#primaryimage","url":"https:\/\/eshop.tca.sk\/wp-content\/uploads\/2024\/01\/Kolimator-Aimpoint-H-2-Red-Dot-Reflex-Sight-Standard-Mount-3.jpg","contentUrl":"https:\/\/eshop.tca.sk\/wp-content\/uploads\/2024\/01\/Kolimator-Aimpoint-H-2-Red-Dot-Reflex-Sight-Standard-Mount-3.jpg","width":1280,"height":1280},{"@type":"BreadcrumbList","@id":"https:\/\/eshop.tca.sk\/de\/optik\/kolimator-aimpoint-h-2-red-dot-reflex-sight-standard-mount\/#breadcrumb","itemListElement":[{"@type":"ListItem","position":1,"name":"Domovsk\u00e1 str\u00e1nka","item":"https:\/\/eshop.tca.sk\/de\/"},{"@type":"ListItem","position":2,"name":"Shop","item":"https:\/\/eshop.tca.sk\/de\/shop\/"},{"@type":"ListItem","position":3,"name":"Kolimator Aimpoint H-2 Red Dot Reflex Sight &#8211; Standard Mount"}]},{"@type":"WebSite","@id":"https:\/\/eshop.tca.sk\/de\/#website","url":"https:\/\/eshop.tca.sk\/de\/","name":"TCA eShop - Tactical Combat Academy","description":"Tactical Combat Academy","publisher":{"@id":"https:\/\/eshop.tca.sk\/de\/#organization"},"potentialAction":[{"@type":"SearchAction","target":{"@type":"EntryPoint","urlTemplate":"https:\/\/eshop.tca.sk\/de\/?s={search_term_string}"},"query-input":{"@type":"PropertyValueSpecification","valueRequired":true,"valueName":"search_term_string"}}],"inLanguage":"de"},{"@type":"Organization","@id":"https:\/\/eshop.tca.sk\/de\/#organization","name":"TCA eShop - Tactical Combat Academy","url":"https:\/\/eshop.tca.sk\/de\/","logo":{"@type":"ImageObject","inLanguage":"de","@id":"https:\/\/eshop.tca.sk\/de\/#\/schema\/logo\/image\/","url":"https:\/\/eshop.tca.sk\/wp-content\/uploads\/2025\/06\/logo-new-header.png","contentUrl":"https:\/\/eshop.tca.sk\/wp-content\/uploads\/2025\/06\/logo-new-header.png","width":300,"height":294,"caption":"TCA eShop - Tactical Combat Academy"},"image":{"@id":"https:\/\/eshop.tca.sk\/de\/#\/schema\/logo\/image\/"}}]}},"_links":{"self":[{"href":"https:\/\/eshop.tca.sk\/de\/wp-json\/wp\/v2\/product\/10510","targetHints":{"allow":["GET"]}}],"collection":[{"href":"https:\/\/eshop.tca.sk\/de\/wp-json\/wp\/v2\/product"}],"about":[{"href":"https:\/\/eshop.tca.sk\/de\/wp-json\/wp\/v2\/types\/product"}],"wp:featuredmedia":[{"embeddable":true,"href":"https:\/\/eshop.tca.sk\/de\/wp-json\/wp\/v2\/media\/10517"}],"wp:attachment":[{"href":"https:\/\/eshop.tca.sk\/de\/wp-json\/wp\/v2\/media?parent=10510"}],"wp:term":[{"taxonomy":"product_brand","embeddable":true,"href":"https:\/\/eshop.tca.sk\/de\/wp-json\/wp\/v2\/product_brand?post=10510"},{"taxonomy":"product_cat","embeddable":true,"href":"https:\/\/eshop.tca.sk\/de\/wp-json\/wp\/v2\/product_cat?post=10510"},{"taxonomy":"product_tag","embeddable":true,"href":"https:\/\/eshop.tca.sk\/de\/wp-json\/wp\/v2\/product_tag?post=10510"},{"taxonomy":"giftcard-category","embeddable":true,"href":"https:\/\/eshop.tca.sk\/de\/wp-json\/wp\/v2\/giftcard-category?post=10510"}],"curies":[{"name":"wp","href":"https:\/\/api.w.org\/{rel}","templated":true}]}}