{"id":10644,"date":"2024-02-12T09:10:39","date_gmt":"2024-02-12T08:10:39","guid":{"rendered":"https:\/\/eshop.tca.sk\/unkategorisiert\/gbrs-group-hydra-mount-kit-black-aimpoint\/"},"modified":"2025-11-26T12:05:24","modified_gmt":"2025-11-26T11:05:24","slug":"gbrs-group-hydra-mount-kit-black-aimpoint","status":"publish","type":"product","link":"https:\/\/eshop.tca.sk\/de\/waffenzubehoer\/gbrs-group-hydra-mount-kit-black-aimpoint\/","title":{"rendered":"GBRS GROUP Hydra Mount Kit BLACK &#8211; Aimpoint"},"content":{"rendered":"<h3><strong>GBRS GROUP Hydra Mount Kit BLACK &#8211; Aimpoint<\/strong><\/h3>\n<p><strong>HYDRA<\/strong> ist die erste duale optische Halterung, die f\u00fcr Endanwender entwickelt wurde. Sie bietet eine optische Achse von 2,91 Zoll f\u00fcr eine schnellere Zielerfassung unabh\u00e4ngig von der Ausr\u00fcstung, d.h. EarPro\/Comms-Headsets, Gasmasken\/CBRN und Nachtsicht. Die gr\u00f6\u00dfere Optik erm\u00f6glicht eine sportlichere Haltung und eine &#8220;Heads-up&#8221;-Haltung, die es dem Anwender erlaubt, eine vertikale Wirbels\u00e4ule zu bewahren. Dieser &#8220;Heads-up&#8221;-Stil erm\u00f6glicht eine h\u00f6here Handlungsgeschwindigkeit und ein besseres Situationsbewusstsein.<\/p>\n<p>Das einzigartige und patentierte Design bietet eine erh\u00f6hte MIL-STD-1913- oder Picatinny-Plattform f\u00fcr die direkte Befestigung von Zubeh\u00f6r wie Beleuchtung, Optik, W\u00e4rmebildtechnik und Visiereinrichtungen. Ist ideal f\u00fcr superkurze PDW\/SMG-Plattformen, bei denen der Platz auf der Schiene begrenzt ist, die Montage des Lichts und des Zielger\u00e4ts aber dennoch wichtig ist. Eine \u00d6ffnung am Hals erm\u00f6glicht die Kabelf\u00fchrung oder bei der AIMPOINT\u00ae-Variante eine \u00d6ffnung f\u00fcr das Visier.<\/p>\n<p>Sie m\u00fcssen keine Kompromisse bei der Ausr\u00fcstung eingehen oder Ihre H\u00e4nde wegen des begrenzten Platzes auf der Schiene bewegen. Dies wird dadurch erreicht, dass ein Zubeh\u00f6rteil, z. B. ein Licht oder ein Laser, aus der Picatinny-Schiene herausgehoben und mit einem roten Punkt n\u00e4her an das optische System herangef\u00fchrt wird. Dadurch wird der Schattenwurf gemildert und das Gewicht in die Mitte der Plattform \u00fcber dem Trichterschacht verlagert.<\/p>\n<h3><strong>Kompatibilit\u00e4t<\/strong><\/h3>\n<p>Obwohl die <strong>AIMPOINT\u00ae<\/strong>-Version speziell f\u00fcr das Aimpoint Micro Red Dot Sight T2 entwickelt wurde, ist die Halterung auch mit Optiken anderer Marken (z. B. Sig Sauer\u00ae, Holosun\u00ae, Primary Arms\u00ae und Vortex Optics\u00ae) kompatibel, die die gleiche 4-Loch-Fu\u00dffl\u00e4che wie das Aimpoint T1\/T2 haben.<\/p>\n<p><iframe loading=\"lazy\" title=\"HYDRA Mounts\" width=\"1170\" height=\"658\" src=\"https:\/\/www.youtube.com\/embed\/NBjt4K724as?feature=oembed\" frameborder=\"0\" allow=\"accelerometer; autoplay; clipboard-write; encrypted-media; gyroscope; picture-in-picture; web-share\" allowfullscreen><\/iframe><\/p>\n","protected":false},"excerpt":{"rendered":"<p><img loading=\"lazy\" decoding=\"async\" class=\"alignnone wp-image-10621 \" src=\"https:\/\/eshop.tca.sk\/wp-content\/uploads\/2024\/02\/GBRS-Group-logo-2-e1707727076102.png\" alt=\"\" width=\"77\" height=\"77\"><\/p>\n<p><strong>HYDRA <\/strong> ist die erste duale optische Halterung, die f\u00fcr Endanwender entwickelt wurde. Sie bietet eine optische Achse von 2,91\u201c f\u00fcr eine schnellere Zielidentifizierung unabh\u00e4ngig von Hindernissen in der Ausr\u00fcstung.<\/p>\n<p><img loading=\"lazy\" decoding=\"async\" class=\"wp-image-8564 alignnone\" src=\"https:\/\/eshop.tca.sk\/wp-content\/uploads\/2023\/04\/Logo-Whack-Black-White-R-APPROVED.png\" alt=\"\" width=\"138\" height=\"75\" srcset=\"https:\/\/eshop.tca.sk\/wp-content\/uploads\/2023\/04\/Logo-Whack-Black-White-R-APPROVED.png 571w, https:\/\/eshop.tca.sk\/wp-content\/uploads\/2023\/04\/Logo-Whack-Black-White-R-APPROVED-300x163.png 300w\" sizes=\"auto, (max-width: 138px) 100vw, 138px\" \/><\/p>\n<p>Vom <a href=\"https:\/\/www.tca.sk\/\"><strong>TCA<\/strong><\/a> und dem <strong><a href=\"https:\/\/www.tca.sk\/profil\/ako-zacat-s-kurzami\">WHACK-System<\/a><\/strong> verwendete und empfohlene Equipment.<\/p>\n","protected":false},"featured_media":10618,"template":"","meta":{"inline_featured_image":false},"product_brand":[],"product_cat":[463,318],"product_tag":[559],"giftcard-category":[],"class_list":{"0":"post-10644","1":"product","2":"type-product","3":"status-publish","4":"has-post-thumbnail","6":"product_cat-montage","7":"product_cat-waffenzubehoer","8":"product_tag-gbrs-group-de","10":"first","11":"outofstock","12":"taxable","13":"shipping-taxable","14":"purchasable","15":"product-type-simple"},"yoast_head":"<!-- This site is optimized with the Yoast SEO plugin v26.4 - https:\/\/yoast.com\/wordpress\/plugins\/seo\/ -->\n<title>GBRS GROUP Hydra Mount Kit BLACK - Aimpoint - TCA eShop - Tactical Combat Academy<\/title>\n<meta name=\"description\" content=\"HYDRA ist die erste duale optische Halterung, die f\u00fcr Endanwender entwickelt wurde. Sie bietet eine optische Achse von 2,91\u201c f\u00fcr eine schnellere Zielidentifizierung unabh\u00e4ngig von Hindernissen in der Ausr\u00fcstung.\" \/>\n<meta name=\"robots\" content=\"index, follow, max-snippet:-1, max-image-preview:large, max-video-preview:-1\" \/>\n<link rel=\"canonical\" href=\"https:\/\/eshop.tca.sk\/de\/waffenzubehoer\/gbrs-group-hydra-mount-kit-black-aimpoint\/\" \/>\n<meta property=\"og:locale\" content=\"de_DE\" \/>\n<meta property=\"og:type\" content=\"article\" \/>\n<meta property=\"og:title\" content=\"GBRS GROUP Hydra Mount Kit BLACK - Aimpoint - TCA eShop - Tactical Combat Academy\" \/>\n<meta property=\"og:description\" content=\"HYDRA ist die erste duale optische Halterung, die f\u00fcr Endanwender entwickelt wurde. Sie bietet eine optische Achse von 2,91\u201c f\u00fcr eine schnellere Zielidentifizierung unabh\u00e4ngig von Hindernissen in der Ausr\u00fcstung.\" \/>\n<meta property=\"og:url\" content=\"https:\/\/eshop.tca.sk\/de\/waffenzubehoer\/gbrs-group-hydra-mount-kit-black-aimpoint\/\" \/>\n<meta property=\"og:site_name\" content=\"TCA eShop - Tactical Combat Academy\" \/>\n<meta property=\"article:modified_time\" content=\"2025-11-26T11:05:24+00:00\" \/>\n<meta property=\"og:image\" content=\"https:\/\/eshop.tca.sk\/wp-content\/uploads\/2024\/02\/GBRS-GROUP-Hydra-Mount-Kit-BLACK-Aimpoint.jpg\" \/>\n\t<meta property=\"og:image:width\" content=\"1200\" \/>\n\t<meta property=\"og:image:height\" content=\"1200\" \/>\n\t<meta property=\"og:image:type\" content=\"image\/jpeg\" \/>\n<meta name=\"twitter:card\" content=\"summary_large_image\" \/>\n<script type=\"application\/ld+json\" class=\"yoast-schema-graph\">{\"@context\":\"https:\/\/schema.org\",\"@graph\":[{\"@type\":\"WebPage\",\"@id\":\"https:\/\/eshop.tca.sk\/de\/waffenzubehoer\/gbrs-group-hydra-mount-kit-black-aimpoint\/\",\"url\":\"https:\/\/eshop.tca.sk\/de\/waffenzubehoer\/gbrs-group-hydra-mount-kit-black-aimpoint\/\",\"name\":\"GBRS GROUP Hydra Mount Kit BLACK - Aimpoint - TCA eShop - Tactical Combat Academy\",\"isPartOf\":{\"@id\":\"https:\/\/eshop.tca.sk\/de\/#website\"},\"primaryImageOfPage\":{\"@id\":\"https:\/\/eshop.tca.sk\/de\/waffenzubehoer\/gbrs-group-hydra-mount-kit-black-aimpoint\/#primaryimage\"},\"image\":{\"@id\":\"https:\/\/eshop.tca.sk\/de\/waffenzubehoer\/gbrs-group-hydra-mount-kit-black-aimpoint\/#primaryimage\"},\"thumbnailUrl\":\"https:\/\/eshop.tca.sk\/wp-content\/uploads\/2024\/02\/GBRS-GROUP-Hydra-Mount-Kit-BLACK-Aimpoint.jpg\",\"datePublished\":\"2024-02-12T08:10:39+00:00\",\"dateModified\":\"2025-11-26T11:05:24+00:00\",\"description\":\"HYDRA ist die erste duale optische Halterung, die f\u00fcr Endanwender entwickelt wurde. Sie bietet eine optische Achse von 2,91\u201c f\u00fcr eine schnellere Zielidentifizierung unabh\u00e4ngig von Hindernissen in der Ausr\u00fcstung.\",\"breadcrumb\":{\"@id\":\"https:\/\/eshop.tca.sk\/de\/waffenzubehoer\/gbrs-group-hydra-mount-kit-black-aimpoint\/#breadcrumb\"},\"inLanguage\":\"de\",\"potentialAction\":[{\"@type\":\"ReadAction\",\"target\":[\"https:\/\/eshop.tca.sk\/de\/waffenzubehoer\/gbrs-group-hydra-mount-kit-black-aimpoint\/\"]}]},{\"@type\":\"ImageObject\",\"inLanguage\":\"de\",\"@id\":\"https:\/\/eshop.tca.sk\/de\/waffenzubehoer\/gbrs-group-hydra-mount-kit-black-aimpoint\/#primaryimage\",\"url\":\"https:\/\/eshop.tca.sk\/wp-content\/uploads\/2024\/02\/GBRS-GROUP-Hydra-Mount-Kit-BLACK-Aimpoint.jpg\",\"contentUrl\":\"https:\/\/eshop.tca.sk\/wp-content\/uploads\/2024\/02\/GBRS-GROUP-Hydra-Mount-Kit-BLACK-Aimpoint.jpg\",\"width\":1200,\"height\":1200},{\"@type\":\"BreadcrumbList\",\"@id\":\"https:\/\/eshop.tca.sk\/de\/waffenzubehoer\/gbrs-group-hydra-mount-kit-black-aimpoint\/#breadcrumb\",\"itemListElement\":[{\"@type\":\"ListItem\",\"position\":1,\"name\":\"Domovsk\u00e1 str\u00e1nka\",\"item\":\"https:\/\/eshop.tca.sk\/de\/\"},{\"@type\":\"ListItem\",\"position\":2,\"name\":\"Shop\",\"item\":\"https:\/\/eshop.tca.sk\/de\/shop\/\"},{\"@type\":\"ListItem\",\"position\":3,\"name\":\"GBRS GROUP Hydra Mount Kit BLACK &#8211; Aimpoint\"}]},{\"@type\":\"WebSite\",\"@id\":\"https:\/\/eshop.tca.sk\/de\/#website\",\"url\":\"https:\/\/eshop.tca.sk\/de\/\",\"name\":\"TCA eShop - Tactical Combat Academy\",\"description\":\"Tactical Combat Academy\",\"publisher\":{\"@id\":\"https:\/\/eshop.tca.sk\/de\/#organization\"},\"potentialAction\":[{\"@type\":\"SearchAction\",\"target\":{\"@type\":\"EntryPoint\",\"urlTemplate\":\"https:\/\/eshop.tca.sk\/de\/?s={search_term_string}\"},\"query-input\":{\"@type\":\"PropertyValueSpecification\",\"valueRequired\":true,\"valueName\":\"search_term_string\"}}],\"inLanguage\":\"de\"},{\"@type\":\"Organization\",\"@id\":\"https:\/\/eshop.tca.sk\/de\/#organization\",\"name\":\"TCA eShop - Tactical Combat Academy\",\"url\":\"https:\/\/eshop.tca.sk\/de\/\",\"logo\":{\"@type\":\"ImageObject\",\"inLanguage\":\"de\",\"@id\":\"https:\/\/eshop.tca.sk\/de\/#\/schema\/logo\/image\/\",\"url\":\"https:\/\/eshop.tca.sk\/wp-content\/uploads\/2025\/06\/logo-new-header.png\",\"contentUrl\":\"https:\/\/eshop.tca.sk\/wp-content\/uploads\/2025\/06\/logo-new-header.png\",\"width\":300,\"height\":294,\"caption\":\"TCA eShop - Tactical Combat Academy\"},\"image\":{\"@id\":\"https:\/\/eshop.tca.sk\/de\/#\/schema\/logo\/image\/\"}}]}<\/script>\n<!-- \/ Yoast SEO plugin. -->","yoast_head_json":{"title":"GBRS GROUP Hydra Mount Kit BLACK - Aimpoint - TCA eShop - Tactical Combat Academy","description":"HYDRA ist die erste duale optische Halterung, die f\u00fcr Endanwender entwickelt wurde. Sie bietet eine optische Achse von 2,91\u201c f\u00fcr eine schnellere Zielidentifizierung unabh\u00e4ngig von Hindernissen in der Ausr\u00fcstung.","robots":{"index":"index","follow":"follow","max-snippet":"max-snippet:-1","max-image-preview":"max-image-preview:large","max-video-preview":"max-video-preview:-1"},"canonical":"https:\/\/eshop.tca.sk\/de\/waffenzubehoer\/gbrs-group-hydra-mount-kit-black-aimpoint\/","og_locale":"de_DE","og_type":"article","og_title":"GBRS GROUP Hydra Mount Kit BLACK - Aimpoint - TCA eShop - Tactical Combat Academy","og_description":"HYDRA ist die erste duale optische Halterung, die f\u00fcr Endanwender entwickelt wurde. Sie bietet eine optische Achse von 2,91\u201c f\u00fcr eine schnellere Zielidentifizierung unabh\u00e4ngig von Hindernissen in der Ausr\u00fcstung.","og_url":"https:\/\/eshop.tca.sk\/de\/waffenzubehoer\/gbrs-group-hydra-mount-kit-black-aimpoint\/","og_site_name":"TCA eShop - Tactical Combat Academy","article_modified_time":"2025-11-26T11:05:24+00:00","og_image":[{"width":1200,"height":1200,"url":"https:\/\/eshop.tca.sk\/wp-content\/uploads\/2024\/02\/GBRS-GROUP-Hydra-Mount-Kit-BLACK-Aimpoint.jpg","type":"image\/jpeg"}],"twitter_card":"summary_large_image","schema":{"@context":"https:\/\/schema.org","@graph":[{"@type":"WebPage","@id":"https:\/\/eshop.tca.sk\/de\/waffenzubehoer\/gbrs-group-hydra-mount-kit-black-aimpoint\/","url":"https:\/\/eshop.tca.sk\/de\/waffenzubehoer\/gbrs-group-hydra-mount-kit-black-aimpoint\/","name":"GBRS GROUP Hydra Mount Kit BLACK - Aimpoint - TCA eShop - Tactical Combat Academy","isPartOf":{"@id":"https:\/\/eshop.tca.sk\/de\/#website"},"primaryImageOfPage":{"@id":"https:\/\/eshop.tca.sk\/de\/waffenzubehoer\/gbrs-group-hydra-mount-kit-black-aimpoint\/#primaryimage"},"image":{"@id":"https:\/\/eshop.tca.sk\/de\/waffenzubehoer\/gbrs-group-hydra-mount-kit-black-aimpoint\/#primaryimage"},"thumbnailUrl":"https:\/\/eshop.tca.sk\/wp-content\/uploads\/2024\/02\/GBRS-GROUP-Hydra-Mount-Kit-BLACK-Aimpoint.jpg","datePublished":"2024-02-12T08:10:39+00:00","dateModified":"2025-11-26T11:05:24+00:00","description":"HYDRA ist die erste duale optische Halterung, die f\u00fcr Endanwender entwickelt wurde. Sie bietet eine optische Achse von 2,91\u201c f\u00fcr eine schnellere Zielidentifizierung unabh\u00e4ngig von Hindernissen in der Ausr\u00fcstung.","breadcrumb":{"@id":"https:\/\/eshop.tca.sk\/de\/waffenzubehoer\/gbrs-group-hydra-mount-kit-black-aimpoint\/#breadcrumb"},"inLanguage":"de","potentialAction":[{"@type":"ReadAction","target":["https:\/\/eshop.tca.sk\/de\/waffenzubehoer\/gbrs-group-hydra-mount-kit-black-aimpoint\/"]}]},{"@type":"ImageObject","inLanguage":"de","@id":"https:\/\/eshop.tca.sk\/de\/waffenzubehoer\/gbrs-group-hydra-mount-kit-black-aimpoint\/#primaryimage","url":"https:\/\/eshop.tca.sk\/wp-content\/uploads\/2024\/02\/GBRS-GROUP-Hydra-Mount-Kit-BLACK-Aimpoint.jpg","contentUrl":"https:\/\/eshop.tca.sk\/wp-content\/uploads\/2024\/02\/GBRS-GROUP-Hydra-Mount-Kit-BLACK-Aimpoint.jpg","width":1200,"height":1200},{"@type":"BreadcrumbList","@id":"https:\/\/eshop.tca.sk\/de\/waffenzubehoer\/gbrs-group-hydra-mount-kit-black-aimpoint\/#breadcrumb","itemListElement":[{"@type":"ListItem","position":1,"name":"Domovsk\u00e1 str\u00e1nka","item":"https:\/\/eshop.tca.sk\/de\/"},{"@type":"ListItem","position":2,"name":"Shop","item":"https:\/\/eshop.tca.sk\/de\/shop\/"},{"@type":"ListItem","position":3,"name":"GBRS GROUP Hydra Mount Kit BLACK &#8211; Aimpoint"}]},{"@type":"WebSite","@id":"https:\/\/eshop.tca.sk\/de\/#website","url":"https:\/\/eshop.tca.sk\/de\/","name":"TCA eShop - Tactical Combat Academy","description":"Tactical Combat Academy","publisher":{"@id":"https:\/\/eshop.tca.sk\/de\/#organization"},"potentialAction":[{"@type":"SearchAction","target":{"@type":"EntryPoint","urlTemplate":"https:\/\/eshop.tca.sk\/de\/?s={search_term_string}"},"query-input":{"@type":"PropertyValueSpecification","valueRequired":true,"valueName":"search_term_string"}}],"inLanguage":"de"},{"@type":"Organization","@id":"https:\/\/eshop.tca.sk\/de\/#organization","name":"TCA eShop - Tactical Combat Academy","url":"https:\/\/eshop.tca.sk\/de\/","logo":{"@type":"ImageObject","inLanguage":"de","@id":"https:\/\/eshop.tca.sk\/de\/#\/schema\/logo\/image\/","url":"https:\/\/eshop.tca.sk\/wp-content\/uploads\/2025\/06\/logo-new-header.png","contentUrl":"https:\/\/eshop.tca.sk\/wp-content\/uploads\/2025\/06\/logo-new-header.png","width":300,"height":294,"caption":"TCA eShop - Tactical Combat Academy"},"image":{"@id":"https:\/\/eshop.tca.sk\/de\/#\/schema\/logo\/image\/"}}]}},"_links":{"self":[{"href":"https:\/\/eshop.tca.sk\/de\/wp-json\/wp\/v2\/product\/10644","targetHints":{"allow":["GET"]}}],"collection":[{"href":"https:\/\/eshop.tca.sk\/de\/wp-json\/wp\/v2\/product"}],"about":[{"href":"https:\/\/eshop.tca.sk\/de\/wp-json\/wp\/v2\/types\/product"}],"wp:featuredmedia":[{"embeddable":true,"href":"https:\/\/eshop.tca.sk\/de\/wp-json\/wp\/v2\/media\/10618"}],"wp:attachment":[{"href":"https:\/\/eshop.tca.sk\/de\/wp-json\/wp\/v2\/media?parent=10644"}],"wp:term":[{"taxonomy":"product_brand","embeddable":true,"href":"https:\/\/eshop.tca.sk\/de\/wp-json\/wp\/v2\/product_brand?post=10644"},{"taxonomy":"product_cat","embeddable":true,"href":"https:\/\/eshop.tca.sk\/de\/wp-json\/wp\/v2\/product_cat?post=10644"},{"taxonomy":"product_tag","embeddable":true,"href":"https:\/\/eshop.tca.sk\/de\/wp-json\/wp\/v2\/product_tag?post=10644"},{"taxonomy":"giftcard-category","embeddable":true,"href":"https:\/\/eshop.tca.sk\/de\/wp-json\/wp\/v2\/giftcard-category?post=10644"}],"curies":[{"name":"wp","href":"https:\/\/api.w.org\/{rel}","templated":true}]}}