{"id":10650,"date":"2024-02-15T13:42:09","date_gmt":"2024-02-15T12:42:09","guid":{"rendered":"https:\/\/eshop.tca.sk\/?post_type=product&#038;p=10650"},"modified":"2025-11-26T12:05:36","modified_gmt":"2025-11-26T11:05:36","slug":"zvacsovaci-modul-eotech-g43","status":"publish","type":"product","link":"https:\/\/eshop.tca.sk\/de\/waffenzubehoer\/zvacsovaci-modul-eotech-g43\/","title":{"rendered":"EOTech G43 Vergr\u00f6\u00dferungsmodul"},"content":{"rendered":"<h1><strong>EOTech G43 STS Lupenmodul mit klappbarer Halterung<\/strong><\/h1>\n<p><strong>Das G43 STS Vergr\u00f6\u00dferungsmodul des amerikanischen Herstellers EOTech ist mit Kollimatoren der gleichen Marke kompatibel. Dies ergibt eine dreifache Vergr\u00f6\u00dferung und ein Sichtfeld von 7,5\u00b0. Das mit Stickstoff gef\u00fcllte Modul wird auch offiziell von Mitgliedern des US-Milit\u00e4rs verwendet.<\/strong><\/p>\n<h3><strong>Einfache Montage<\/strong><\/h3>\n<p>Dieses Vergr\u00f6\u00dferungsmodul verf\u00fcgt \u00fcber die neue STS-Schnellverschluss-Scharnierhalterung, mit der Sie das gesamte Modul im Handumdrehen auf- und abklappen k\u00f6nnen. Dieses Modul ist in erster Linie mit EOTech-Kollimatoren kompatibel, kann aber auch in Kombination mit Kollimatoren anderer Hersteller verwendet werden.<\/p>\n<h3><strong>Hochwertiges Geh\u00e4use und Glas<\/strong><\/h3>\n<p>Die EOTech G43 STS Vergr\u00f6\u00dferung verf\u00fcgt \u00fcber ein hochwertiges Geh\u00e4use und Glas. Das Glas des Vergr\u00f6\u00dferungsmoduls ist mit Antireflexionsfiltern erg\u00e4nzt. Insgesamt bietet das Modul eine dreifache Vergr\u00f6\u00dferung, und die Dioptrien sind je nach den Bed\u00fcrfnissen des Benutzers einstellbar.<\/p>\n<h3><strong>Widerstandsf\u00e4hig gegen Beschlagen<\/strong><\/h3>\n<p>Dank der Stickstofff\u00fcllung ist die Konstruktion des G43 STS beschlagfrei. Die Tatsache, dass dieses Modul direkt hier in den Vereinigten Staaten hergestellt wird, spricht B\u00e4nde \u00fcber die Qualit\u00e4t der Verarbeitung. Deshalb ordnet das US-Milit\u00e4r sie f\u00fcr seine Mitglieder an.<\/p>\n<h3><strong>Grundlegende Eigenschaften:<\/strong><\/h3>\n<ul>\n<li>Vergr\u00f6\u00dferungsmodul f\u00fcr Kollimatoren<\/li>\n<li>nicht nur mit EOTech-Kollimatoren kompatibel<\/li>\n<li>STS-Schnellverschluss-Scharnierbefestigung<\/li>\n<li>haltbarer K\u00f6rper<\/li>\n<li>Glas mit Antireflexionsfiltern<\/li>\n<li>Stickstoff-F\u00fcllung (Fogging-Resistenz)<\/li>\n<li>vom US-Milit\u00e4r verwendet<\/li>\n<li>hergestellt in den USA<\/li>\n<\/ul>\n<p><img loading=\"lazy\" decoding=\"async\" class=\"alignnone size-full wp-image-10651\" src=\"https:\/\/eshop.tca.sk\/wp-content\/uploads\/2024\/02\/Zvacsovaci-modul-EOTECH-G43-2.png\" alt=\"\" width=\"1600\" height=\"1139\" srcset=\"https:\/\/eshop.tca.sk\/wp-content\/uploads\/2024\/02\/Zvacsovaci-modul-EOTECH-G43-2.png 1600w, https:\/\/eshop.tca.sk\/wp-content\/uploads\/2024\/02\/Zvacsovaci-modul-EOTECH-G43-2-300x214.png 300w, https:\/\/eshop.tca.sk\/wp-content\/uploads\/2024\/02\/Zvacsovaci-modul-EOTECH-G43-2-768x547.png 768w, https:\/\/eshop.tca.sk\/wp-content\/uploads\/2024\/02\/Zvacsovaci-modul-EOTECH-G43-2-1536x1093.png 1536w, https:\/\/eshop.tca.sk\/wp-content\/uploads\/2024\/02\/Zvacsovaci-modul-EOTECH-G43-2-24x17.png 24w, https:\/\/eshop.tca.sk\/wp-content\/uploads\/2024\/02\/Zvacsovaci-modul-EOTECH-G43-2-36x26.png 36w, https:\/\/eshop.tca.sk\/wp-content\/uploads\/2024\/02\/Zvacsovaci-modul-EOTECH-G43-2-48x34.png 48w, https:\/\/eshop.tca.sk\/wp-content\/uploads\/2024\/02\/Zvacsovaci-modul-EOTECH-G43-2-600x427.png 600w\" sizes=\"auto, (max-width: 1600px) 100vw, 1600px\" \/><\/p>\n<p><iframe loading=\"lazy\" title=\"EOTECH G43 STS Magnifier\" width=\"1170\" height=\"658\" src=\"https:\/\/www.youtube.com\/embed\/-nR9jcTJB3g?feature=oembed&#038;enablejsapi=1&#038;origin=https:\/\/eshop.tca.sk\" frameborder=\"0\" allow=\"accelerometer; autoplay; clipboard-write; encrypted-media; gyroscope; picture-in-picture; web-share\" allowfullscreen><\/iframe><\/p>\n","protected":false},"excerpt":{"rendered":"<p><img loading=\"lazy\" decoding=\"async\" class=\"alignnone size-full wp-image-7425\" src=\"https:\/\/eshop.tca.sk\/wp-content\/uploads\/2022\/10\/EOTech_logo.png\" alt=\"\" width=\"75\" height=\"71\"><\/p>\n<p>Das G43 STS Vergr\u00f6\u00dferungsmodul des amerikanischen Herstellers EOTech ist mit Kollimatoren der gleichen Marke kompatibel.<\/p>\n","protected":false},"featured_media":10654,"template":"","meta":{"inline_featured_image":false},"product_brand":[],"product_cat":[320,318],"product_tag":[378],"giftcard-category":[],"class_list":{"0":"post-10650","1":"product","2":"type-product","3":"status-publish","4":"has-post-thumbnail","6":"product_cat-optik","7":"product_cat-waffenzubehoer","8":"product_tag-eotech-de","10":"first","11":"instock","12":"taxable","13":"shipping-taxable","14":"purchasable","15":"product-type-simple"},"yoast_head":"<!-- This site is optimized with the Yoast SEO plugin v26.4 - https:\/\/yoast.com\/wordpress\/plugins\/seo\/ -->\n<title>EOTech G43 Vergr\u00f6\u00dferungsmodul - TCA eShop - Tactical Combat Academy<\/title>\n<meta name=\"description\" content=\"Das G43 STS Vergr\u00f6\u00dferungsmodul des amerikanischen Herstellers EOTech ist mit Kollimatoren der gleichen Marke kompatibel.\" \/>\n<meta name=\"robots\" content=\"index, follow, max-snippet:-1, max-image-preview:large, max-video-preview:-1\" \/>\n<link rel=\"canonical\" href=\"https:\/\/eshop.tca.sk\/de\/waffenzubehoer\/zvacsovaci-modul-eotech-g43\/\" \/>\n<meta property=\"og:locale\" content=\"de_DE\" \/>\n<meta property=\"og:type\" content=\"article\" \/>\n<meta property=\"og:title\" content=\"EOTech G43 Vergr\u00f6\u00dferungsmodul - TCA eShop - Tactical Combat Academy\" \/>\n<meta property=\"og:description\" content=\"Das G43 STS Vergr\u00f6\u00dferungsmodul des amerikanischen Herstellers EOTech ist mit Kollimatoren der gleichen Marke kompatibel.\" \/>\n<meta property=\"og:url\" content=\"https:\/\/eshop.tca.sk\/de\/waffenzubehoer\/zvacsovaci-modul-eotech-g43\/\" \/>\n<meta property=\"og:site_name\" content=\"TCA eShop - Tactical Combat Academy\" \/>\n<meta property=\"article:modified_time\" content=\"2025-11-26T11:05:36+00:00\" \/>\n<meta property=\"og:image\" content=\"https:\/\/eshop.tca.sk\/wp-content\/uploads\/2024\/02\/Zvacsovaci-modul-EOTECH-G43-c.jpg\" \/>\n\t<meta property=\"og:image:width\" content=\"1000\" \/>\n\t<meta property=\"og:image:height\" content=\"1000\" \/>\n\t<meta property=\"og:image:type\" content=\"image\/jpeg\" \/>\n<meta name=\"twitter:card\" content=\"summary_large_image\" \/>\n<script type=\"application\/ld+json\" class=\"yoast-schema-graph\">{\"@context\":\"https:\/\/schema.org\",\"@graph\":[{\"@type\":\"WebPage\",\"@id\":\"https:\/\/eshop.tca.sk\/de\/waffenzubehoer\/zvacsovaci-modul-eotech-g43\/\",\"url\":\"https:\/\/eshop.tca.sk\/de\/waffenzubehoer\/zvacsovaci-modul-eotech-g43\/\",\"name\":\"EOTech G43 Vergr\u00f6\u00dferungsmodul - TCA eShop - Tactical Combat Academy\",\"isPartOf\":{\"@id\":\"https:\/\/eshop.tca.sk\/de\/#website\"},\"primaryImageOfPage\":{\"@id\":\"https:\/\/eshop.tca.sk\/de\/waffenzubehoer\/zvacsovaci-modul-eotech-g43\/#primaryimage\"},\"image\":{\"@id\":\"https:\/\/eshop.tca.sk\/de\/waffenzubehoer\/zvacsovaci-modul-eotech-g43\/#primaryimage\"},\"thumbnailUrl\":\"https:\/\/eshop.tca.sk\/wp-content\/uploads\/2024\/02\/Zvacsovaci-modul-EOTECH-G43-c.jpg\",\"datePublished\":\"2024-02-15T12:42:09+00:00\",\"dateModified\":\"2025-11-26T11:05:36+00:00\",\"description\":\"Das G43 STS Vergr\u00f6\u00dferungsmodul des amerikanischen Herstellers EOTech ist mit Kollimatoren der gleichen Marke kompatibel.\",\"breadcrumb\":{\"@id\":\"https:\/\/eshop.tca.sk\/de\/waffenzubehoer\/zvacsovaci-modul-eotech-g43\/#breadcrumb\"},\"inLanguage\":\"de\",\"potentialAction\":[{\"@type\":\"ReadAction\",\"target\":[\"https:\/\/eshop.tca.sk\/de\/waffenzubehoer\/zvacsovaci-modul-eotech-g43\/\"]}]},{\"@type\":\"ImageObject\",\"inLanguage\":\"de\",\"@id\":\"https:\/\/eshop.tca.sk\/de\/waffenzubehoer\/zvacsovaci-modul-eotech-g43\/#primaryimage\",\"url\":\"https:\/\/eshop.tca.sk\/wp-content\/uploads\/2024\/02\/Zvacsovaci-modul-EOTECH-G43-c.jpg\",\"contentUrl\":\"https:\/\/eshop.tca.sk\/wp-content\/uploads\/2024\/02\/Zvacsovaci-modul-EOTECH-G43-c.jpg\",\"width\":1000,\"height\":1000},{\"@type\":\"BreadcrumbList\",\"@id\":\"https:\/\/eshop.tca.sk\/de\/waffenzubehoer\/zvacsovaci-modul-eotech-g43\/#breadcrumb\",\"itemListElement\":[{\"@type\":\"ListItem\",\"position\":1,\"name\":\"Domovsk\u00e1 str\u00e1nka\",\"item\":\"https:\/\/eshop.tca.sk\/de\/\"},{\"@type\":\"ListItem\",\"position\":2,\"name\":\"Shop\",\"item\":\"https:\/\/eshop.tca.sk\/de\/shop\/\"},{\"@type\":\"ListItem\",\"position\":3,\"name\":\"EOTech G43 Vergr\u00f6\u00dferungsmodul\"}]},{\"@type\":\"WebSite\",\"@id\":\"https:\/\/eshop.tca.sk\/de\/#website\",\"url\":\"https:\/\/eshop.tca.sk\/de\/\",\"name\":\"TCA eShop - Tactical Combat Academy\",\"description\":\"Tactical Combat Academy\",\"publisher\":{\"@id\":\"https:\/\/eshop.tca.sk\/de\/#organization\"},\"potentialAction\":[{\"@type\":\"SearchAction\",\"target\":{\"@type\":\"EntryPoint\",\"urlTemplate\":\"https:\/\/eshop.tca.sk\/de\/?s={search_term_string}\"},\"query-input\":{\"@type\":\"PropertyValueSpecification\",\"valueRequired\":true,\"valueName\":\"search_term_string\"}}],\"inLanguage\":\"de\"},{\"@type\":\"Organization\",\"@id\":\"https:\/\/eshop.tca.sk\/de\/#organization\",\"name\":\"TCA eShop - Tactical Combat Academy\",\"url\":\"https:\/\/eshop.tca.sk\/de\/\",\"logo\":{\"@type\":\"ImageObject\",\"inLanguage\":\"de\",\"@id\":\"https:\/\/eshop.tca.sk\/de\/#\/schema\/logo\/image\/\",\"url\":\"https:\/\/eshop.tca.sk\/wp-content\/uploads\/2025\/06\/logo-new-header.png\",\"contentUrl\":\"https:\/\/eshop.tca.sk\/wp-content\/uploads\/2025\/06\/logo-new-header.png\",\"width\":300,\"height\":294,\"caption\":\"TCA eShop - Tactical Combat Academy\"},\"image\":{\"@id\":\"https:\/\/eshop.tca.sk\/de\/#\/schema\/logo\/image\/\"}}]}<\/script>\n<!-- \/ Yoast SEO plugin. -->","yoast_head_json":{"title":"EOTech G43 Vergr\u00f6\u00dferungsmodul - TCA eShop - Tactical Combat Academy","description":"Das G43 STS Vergr\u00f6\u00dferungsmodul des amerikanischen Herstellers EOTech ist mit Kollimatoren der gleichen Marke kompatibel.","robots":{"index":"index","follow":"follow","max-snippet":"max-snippet:-1","max-image-preview":"max-image-preview:large","max-video-preview":"max-video-preview:-1"},"canonical":"https:\/\/eshop.tca.sk\/de\/waffenzubehoer\/zvacsovaci-modul-eotech-g43\/","og_locale":"de_DE","og_type":"article","og_title":"EOTech G43 Vergr\u00f6\u00dferungsmodul - TCA eShop - Tactical Combat Academy","og_description":"Das G43 STS Vergr\u00f6\u00dferungsmodul des amerikanischen Herstellers EOTech ist mit Kollimatoren der gleichen Marke kompatibel.","og_url":"https:\/\/eshop.tca.sk\/de\/waffenzubehoer\/zvacsovaci-modul-eotech-g43\/","og_site_name":"TCA eShop - Tactical Combat Academy","article_modified_time":"2025-11-26T11:05:36+00:00","og_image":[{"width":1000,"height":1000,"url":"https:\/\/eshop.tca.sk\/wp-content\/uploads\/2024\/02\/Zvacsovaci-modul-EOTECH-G43-c.jpg","type":"image\/jpeg"}],"twitter_card":"summary_large_image","schema":{"@context":"https:\/\/schema.org","@graph":[{"@type":"WebPage","@id":"https:\/\/eshop.tca.sk\/de\/waffenzubehoer\/zvacsovaci-modul-eotech-g43\/","url":"https:\/\/eshop.tca.sk\/de\/waffenzubehoer\/zvacsovaci-modul-eotech-g43\/","name":"EOTech G43 Vergr\u00f6\u00dferungsmodul - TCA eShop - Tactical Combat Academy","isPartOf":{"@id":"https:\/\/eshop.tca.sk\/de\/#website"},"primaryImageOfPage":{"@id":"https:\/\/eshop.tca.sk\/de\/waffenzubehoer\/zvacsovaci-modul-eotech-g43\/#primaryimage"},"image":{"@id":"https:\/\/eshop.tca.sk\/de\/waffenzubehoer\/zvacsovaci-modul-eotech-g43\/#primaryimage"},"thumbnailUrl":"https:\/\/eshop.tca.sk\/wp-content\/uploads\/2024\/02\/Zvacsovaci-modul-EOTECH-G43-c.jpg","datePublished":"2024-02-15T12:42:09+00:00","dateModified":"2025-11-26T11:05:36+00:00","description":"Das G43 STS Vergr\u00f6\u00dferungsmodul des amerikanischen Herstellers EOTech ist mit Kollimatoren der gleichen Marke kompatibel.","breadcrumb":{"@id":"https:\/\/eshop.tca.sk\/de\/waffenzubehoer\/zvacsovaci-modul-eotech-g43\/#breadcrumb"},"inLanguage":"de","potentialAction":[{"@type":"ReadAction","target":["https:\/\/eshop.tca.sk\/de\/waffenzubehoer\/zvacsovaci-modul-eotech-g43\/"]}]},{"@type":"ImageObject","inLanguage":"de","@id":"https:\/\/eshop.tca.sk\/de\/waffenzubehoer\/zvacsovaci-modul-eotech-g43\/#primaryimage","url":"https:\/\/eshop.tca.sk\/wp-content\/uploads\/2024\/02\/Zvacsovaci-modul-EOTECH-G43-c.jpg","contentUrl":"https:\/\/eshop.tca.sk\/wp-content\/uploads\/2024\/02\/Zvacsovaci-modul-EOTECH-G43-c.jpg","width":1000,"height":1000},{"@type":"BreadcrumbList","@id":"https:\/\/eshop.tca.sk\/de\/waffenzubehoer\/zvacsovaci-modul-eotech-g43\/#breadcrumb","itemListElement":[{"@type":"ListItem","position":1,"name":"Domovsk\u00e1 str\u00e1nka","item":"https:\/\/eshop.tca.sk\/de\/"},{"@type":"ListItem","position":2,"name":"Shop","item":"https:\/\/eshop.tca.sk\/de\/shop\/"},{"@type":"ListItem","position":3,"name":"EOTech G43 Vergr\u00f6\u00dferungsmodul"}]},{"@type":"WebSite","@id":"https:\/\/eshop.tca.sk\/de\/#website","url":"https:\/\/eshop.tca.sk\/de\/","name":"TCA eShop - Tactical Combat Academy","description":"Tactical Combat Academy","publisher":{"@id":"https:\/\/eshop.tca.sk\/de\/#organization"},"potentialAction":[{"@type":"SearchAction","target":{"@type":"EntryPoint","urlTemplate":"https:\/\/eshop.tca.sk\/de\/?s={search_term_string}"},"query-input":{"@type":"PropertyValueSpecification","valueRequired":true,"valueName":"search_term_string"}}],"inLanguage":"de"},{"@type":"Organization","@id":"https:\/\/eshop.tca.sk\/de\/#organization","name":"TCA eShop - Tactical Combat Academy","url":"https:\/\/eshop.tca.sk\/de\/","logo":{"@type":"ImageObject","inLanguage":"de","@id":"https:\/\/eshop.tca.sk\/de\/#\/schema\/logo\/image\/","url":"https:\/\/eshop.tca.sk\/wp-content\/uploads\/2025\/06\/logo-new-header.png","contentUrl":"https:\/\/eshop.tca.sk\/wp-content\/uploads\/2025\/06\/logo-new-header.png","width":300,"height":294,"caption":"TCA eShop - Tactical Combat Academy"},"image":{"@id":"https:\/\/eshop.tca.sk\/de\/#\/schema\/logo\/image\/"}}]}},"_links":{"self":[{"href":"https:\/\/eshop.tca.sk\/de\/wp-json\/wp\/v2\/product\/10650","targetHints":{"allow":["GET"]}}],"collection":[{"href":"https:\/\/eshop.tca.sk\/de\/wp-json\/wp\/v2\/product"}],"about":[{"href":"https:\/\/eshop.tca.sk\/de\/wp-json\/wp\/v2\/types\/product"}],"wp:featuredmedia":[{"embeddable":true,"href":"https:\/\/eshop.tca.sk\/de\/wp-json\/wp\/v2\/media\/10654"}],"wp:attachment":[{"href":"https:\/\/eshop.tca.sk\/de\/wp-json\/wp\/v2\/media?parent=10650"}],"wp:term":[{"taxonomy":"product_brand","embeddable":true,"href":"https:\/\/eshop.tca.sk\/de\/wp-json\/wp\/v2\/product_brand?post=10650"},{"taxonomy":"product_cat","embeddable":true,"href":"https:\/\/eshop.tca.sk\/de\/wp-json\/wp\/v2\/product_cat?post=10650"},{"taxonomy":"product_tag","embeddable":true,"href":"https:\/\/eshop.tca.sk\/de\/wp-json\/wp\/v2\/product_tag?post=10650"},{"taxonomy":"giftcard-category","embeddable":true,"href":"https:\/\/eshop.tca.sk\/de\/wp-json\/wp\/v2\/giftcard-category?post=10650"}],"curies":[{"name":"wp","href":"https:\/\/api.w.org\/{rel}","templated":true}]}}