{"id":10813,"date":"2024-04-03T15:08:53","date_gmt":"2024-04-03T13:08:53","guid":{"rendered":"https:\/\/eshop.tca.sk\/?post_type=product&#038;p=10813"},"modified":"2025-11-26T12:08:25","modified_gmt":"2025-11-26T11:08:25","slug":"frog-pro-defender-combat-kit-sm-md-multicam","status":"publish","type":"product","link":"https:\/\/eshop.tca.sk\/de\/taktische-westen\/frog-pro-defender-combat-kit-sm-md-multicam\/","title":{"rendered":"Plattentr\u00e4ger FROG.PRO Defender Combat Kit SM\/MD MULTICAM"},"content":{"rendered":"<h3><strong>Plattentr\u00e4ger FROG.PRO Defender Combat Kit SM\/MD Multicam<\/strong><\/h3>\n<p>Das <strong>FROG.PRO Defender Combat Kit<\/strong> wurde f\u00fcr direkte Aktionen und Fahrzeugeins\u00e4tze entwickelt und ist die perfekte Kombination aus geringem Gewicht und Effizienz. Drei Gewehrmagazintaschen, zwei Pistolenmagazine, kleine Gebrauchs- und Mehrzwecktaschen f\u00fcr Funkger\u00e4te, Granaten oder andere Einsatzausr\u00fcstung.<\/p>\n<p><span style=\"text-decoration: underline;\"><strong>Das Kit besteht aus:<\/strong><\/span><\/p>\n<p><strong>&#8211; n.1 Defender Low Visibility Plate Carrier<\/strong><br \/>\n<strong>&#8211; n.1 Modular Reconnaissance Chest Rig<\/strong><\/p>\n<p>Das Design des <strong>Defender Low Visibility Plate Carriers<\/strong> erm\u00f6glicht die Anbringung jeder Art von festen ballistischen Platten, wie z.B. SAPI, E-SAPI, Swimmer Cut, Rectangular und mehr. Das 4-Wege-Stretchgewebe auf der Innenseite erm\u00f6glicht die Anpassung der Gr\u00f6\u00dfe der Schutztasche an den getragenen ballistischen Schutz und das Umwickeln, um das Volumen des Schutztr\u00e4gers zu minimieren. Aus dem gleichen Grund sind die Schultergurte aus MIL-W-17337, Klasse 2 Gurtband, in 2&#8243; Breite, ohne zus\u00e4tzliche Polsterung.<\/p>\n<p>Der <strong>Modular Reconnaissance Chest Rig<\/strong> vervollst\u00e4ndigt das Kit mit einer Reihe von vorkonfigurierten Holstern, die f\u00fcr die von Spezialkr\u00e4ften am h\u00e4ufigsten verwendete Ausr\u00fcstung konzipiert sind.<\/p>\n<p><strong><span style=\"text-decoration: underline;\">Das Defender Combat Kit ist in zwei Gr\u00f6\u00dfen erh\u00e4ltlich:<\/span><\/strong><\/p>\n<p>&#8211; Die Gr\u00f6\u00dfe SM\/MD eignet sich f\u00fcr ballistische Platten in den Gr\u00f6\u00dfen Small oder Medium, und an den Seiten befinden sich 3 elastische Taschen auf jeder Seite.<br \/>\n&#8211; Die Gr\u00f6\u00dfe LG\/XL passt f\u00fcr ballistische Platten in Large oder X-Large und die Seiten haben 4 elastische Gummiz\u00fcge auf jeder Seite<\/p>\n<p>Die Liebe zum Detail, kombiniert mit individuellem Design, bietet ein einzigartiges Produkt, das unser Engagement f\u00fcr &#8220;State of the Art&#8221;-Milit\u00e4rtechnik widerspiegelt.<\/p>\n<p><iframe loading=\"lazy\" title=\"FROG PRO\u00ae | Tailored gear, human made.\" width=\"1170\" height=\"658\" src=\"https:\/\/www.youtube.com\/embed\/7d5tz3DPVU4?feature=oembed&#038;enablejsapi=1&#038;origin=https:\/\/eshop.tca.sk\" frameborder=\"0\" allow=\"accelerometer; autoplay; clipboard-write; encrypted-media; gyroscope; picture-in-picture; web-share\" referrerpolicy=\"strict-origin-when-cross-origin\" allowfullscreen><\/iframe><\/p>\n<p>&nbsp;<\/p>\n","protected":false},"excerpt":{"rendered":"<p><img loading=\"lazy\" decoding=\"async\" class=\"alignnone wp-image-10791\" src=\"https:\/\/eshop.tca.sk\/wp-content\/uploads\/2024\/04\/FROG.png\" alt=\"\" width=\"144\" height=\"66\" srcset=\"https:\/\/eshop.tca.sk\/wp-content\/uploads\/2024\/04\/FROG.png 291w, https:\/\/eshop.tca.sk\/wp-content\/uploads\/2024\/04\/FROG-24x11.png 24w, https:\/\/eshop.tca.sk\/wp-content\/uploads\/2024\/04\/FROG-36x16.png 36w, https:\/\/eshop.tca.sk\/wp-content\/uploads\/2024\/04\/FROG-48x22.png 48w\" sizes=\"auto, (max-width: 144px) 100vw, 144px\" \/><\/p>\n<p>Das <strong>FROG.PRO Defender Combat Kit<\/strong> wurde f\u00fcr direkte Aktionen und Fahrzeugeins\u00e4tze entwickelt und ist die perfekte Kombination aus geringem Gewicht und Effizienz. Drei Gewehrmagazintaschen, zwei Pistolenmagazine, kleine Gebrauchs- und Mehrzwecktaschen f\u00fcr Funkger\u00e4te, Granaten oder andere Einsatzausr\u00fcstung.<\/p>\n<p><strong>WICHTIG: Triple 5.56 Mag Velcro Insert Magazintasche nicht im Lieferumfang enthalten.<\/strong><\/p>\n<p><img loading=\"lazy\" decoding=\"async\" class=\"wp-image-8564 alignnone\" src=\"https:\/\/eshop.tca.sk\/wp-content\/uploads\/2023\/04\/Logo-Whack-Black-White-R-APPROVED.png\" alt=\"\" width=\"138\" height=\"75\" srcset=\"https:\/\/eshop.tca.sk\/wp-content\/uploads\/2023\/04\/Logo-Whack-Black-White-R-APPROVED.png 571w, https:\/\/eshop.tca.sk\/wp-content\/uploads\/2023\/04\/Logo-Whack-Black-White-R-APPROVED-300x163.png 300w\" sizes=\"auto, (max-width: 138px) 100vw, 138px\" \/><\/p>\n<p>Vom <a href=\"https:\/\/www.tca.sk\/\"><strong>TCA<\/strong><\/a> und dem <strong><a href=\"https:\/\/www.tca.sk\/profil\/ako-zacat-s-kurzami\">WHACK-System<\/a><\/strong> verwendete und empfohlene Equipment.<\/p>\n","protected":false},"featured_media":10819,"template":"","meta":{"inline_featured_image":false},"product_brand":[],"product_cat":[323,616,470],"product_tag":[565],"giftcard-category":[],"class_list":{"0":"post-10813","1":"product","2":"type-product","3":"status-publish","4":"has-post-thumbnail","6":"product_cat-ausruestung","7":"product_cat-plattentraeger","8":"product_cat-taktische-westen","9":"product_tag-frog-pro-de","11":"first","12":"outofstock","13":"taxable","14":"shipping-taxable","15":"purchasable","16":"product-type-simple"},"yoast_head":"<!-- This site is optimized with the Yoast SEO plugin v26.4 - https:\/\/yoast.com\/wordpress\/plugins\/seo\/ -->\n<title>Plattentr\u00e4ger FROG.PRO Defender Combat Kit SM\/MD MULTICAM - TCA eShop - Tactical Combat Academy<\/title>\n<meta name=\"description\" content=\"Das FROG.PRO Defender Combat Kit wurde f\u00fcr direkte Aktionen und Fahrzeugeins\u00e4tze entwickelt und ist die perfekte Kombination aus geringem Gewicht und Effizienz. Drei Gewehrmagazintaschen, zwei Pistolenmagazine, kleine Gebrauchs- und Mehrzwecktaschen f\u00fcr Funkger\u00e4te, Granaten oder andere Einsatzausr\u00fcstung.\" \/>\n<meta name=\"robots\" content=\"index, follow, max-snippet:-1, max-image-preview:large, max-video-preview:-1\" \/>\n<link rel=\"canonical\" href=\"https:\/\/eshop.tca.sk\/de\/taktische-westen\/frog-pro-defender-combat-kit-sm-md-multicam\/\" \/>\n<meta property=\"og:locale\" content=\"de_DE\" \/>\n<meta property=\"og:type\" content=\"article\" \/>\n<meta property=\"og:title\" content=\"Plattentr\u00e4ger FROG.PRO Defender Combat Kit SM\/MD MULTICAM - TCA eShop - Tactical Combat Academy\" \/>\n<meta property=\"og:description\" content=\"Das FROG.PRO Defender Combat Kit wurde f\u00fcr direkte Aktionen und Fahrzeugeins\u00e4tze entwickelt und ist die perfekte Kombination aus geringem Gewicht und Effizienz. Drei Gewehrmagazintaschen, zwei Pistolenmagazine, kleine Gebrauchs- und Mehrzwecktaschen f\u00fcr Funkger\u00e4te, Granaten oder andere Einsatzausr\u00fcstung.\" \/>\n<meta property=\"og:url\" content=\"https:\/\/eshop.tca.sk\/de\/taktische-westen\/frog-pro-defender-combat-kit-sm-md-multicam\/\" \/>\n<meta property=\"og:site_name\" content=\"TCA eShop - Tactical Combat Academy\" \/>\n<meta property=\"article:modified_time\" content=\"2025-11-26T11:08:25+00:00\" \/>\n<meta property=\"og:image\" content=\"https:\/\/eshop.tca.sk\/wp-content\/uploads\/2024\/04\/FROG.PRO-Defender-Combat-Kit-SMMD-MULTICAM.png\" \/>\n\t<meta property=\"og:image:width\" content=\"1000\" \/>\n\t<meta property=\"og:image:height\" content=\"1000\" \/>\n\t<meta property=\"og:image:type\" content=\"image\/png\" \/>\n<meta name=\"twitter:card\" content=\"summary_large_image\" \/>\n<script type=\"application\/ld+json\" class=\"yoast-schema-graph\">{\"@context\":\"https:\/\/schema.org\",\"@graph\":[{\"@type\":\"WebPage\",\"@id\":\"https:\/\/eshop.tca.sk\/de\/taktische-westen\/frog-pro-defender-combat-kit-sm-md-multicam\/\",\"url\":\"https:\/\/eshop.tca.sk\/de\/taktische-westen\/frog-pro-defender-combat-kit-sm-md-multicam\/\",\"name\":\"Plattentr\u00e4ger FROG.PRO Defender Combat Kit SM\/MD MULTICAM - TCA eShop - Tactical Combat Academy\",\"isPartOf\":{\"@id\":\"https:\/\/eshop.tca.sk\/de\/#website\"},\"primaryImageOfPage\":{\"@id\":\"https:\/\/eshop.tca.sk\/de\/taktische-westen\/frog-pro-defender-combat-kit-sm-md-multicam\/#primaryimage\"},\"image\":{\"@id\":\"https:\/\/eshop.tca.sk\/de\/taktische-westen\/frog-pro-defender-combat-kit-sm-md-multicam\/#primaryimage\"},\"thumbnailUrl\":\"https:\/\/eshop.tca.sk\/wp-content\/uploads\/2024\/04\/FROG.PRO-Defender-Combat-Kit-SMMD-MULTICAM.png\",\"datePublished\":\"2024-04-03T13:08:53+00:00\",\"dateModified\":\"2025-11-26T11:08:25+00:00\",\"description\":\"Das FROG.PRO Defender Combat Kit wurde f\u00fcr direkte Aktionen und Fahrzeugeins\u00e4tze entwickelt und ist die perfekte Kombination aus geringem Gewicht und Effizienz. Drei Gewehrmagazintaschen, zwei Pistolenmagazine, kleine Gebrauchs- und Mehrzwecktaschen f\u00fcr Funkger\u00e4te, Granaten oder andere Einsatzausr\u00fcstung.\",\"breadcrumb\":{\"@id\":\"https:\/\/eshop.tca.sk\/de\/taktische-westen\/frog-pro-defender-combat-kit-sm-md-multicam\/#breadcrumb\"},\"inLanguage\":\"de\",\"potentialAction\":[{\"@type\":\"ReadAction\",\"target\":[\"https:\/\/eshop.tca.sk\/de\/taktische-westen\/frog-pro-defender-combat-kit-sm-md-multicam\/\"]}]},{\"@type\":\"ImageObject\",\"inLanguage\":\"de\",\"@id\":\"https:\/\/eshop.tca.sk\/de\/taktische-westen\/frog-pro-defender-combat-kit-sm-md-multicam\/#primaryimage\",\"url\":\"https:\/\/eshop.tca.sk\/wp-content\/uploads\/2024\/04\/FROG.PRO-Defender-Combat-Kit-SMMD-MULTICAM.png\",\"contentUrl\":\"https:\/\/eshop.tca.sk\/wp-content\/uploads\/2024\/04\/FROG.PRO-Defender-Combat-Kit-SMMD-MULTICAM.png\",\"width\":1000,\"height\":1000},{\"@type\":\"BreadcrumbList\",\"@id\":\"https:\/\/eshop.tca.sk\/de\/taktische-westen\/frog-pro-defender-combat-kit-sm-md-multicam\/#breadcrumb\",\"itemListElement\":[{\"@type\":\"ListItem\",\"position\":1,\"name\":\"Domovsk\u00e1 str\u00e1nka\",\"item\":\"https:\/\/eshop.tca.sk\/de\/\"},{\"@type\":\"ListItem\",\"position\":2,\"name\":\"Shop\",\"item\":\"https:\/\/eshop.tca.sk\/de\/shop\/\"},{\"@type\":\"ListItem\",\"position\":3,\"name\":\"Plattentr\u00e4ger FROG.PRO Defender Combat Kit SM\/MD MULTICAM\"}]},{\"@type\":\"WebSite\",\"@id\":\"https:\/\/eshop.tca.sk\/de\/#website\",\"url\":\"https:\/\/eshop.tca.sk\/de\/\",\"name\":\"TCA eShop - Tactical Combat Academy\",\"description\":\"Tactical Combat Academy\",\"publisher\":{\"@id\":\"https:\/\/eshop.tca.sk\/de\/#organization\"},\"potentialAction\":[{\"@type\":\"SearchAction\",\"target\":{\"@type\":\"EntryPoint\",\"urlTemplate\":\"https:\/\/eshop.tca.sk\/de\/?s={search_term_string}\"},\"query-input\":{\"@type\":\"PropertyValueSpecification\",\"valueRequired\":true,\"valueName\":\"search_term_string\"}}],\"inLanguage\":\"de\"},{\"@type\":\"Organization\",\"@id\":\"https:\/\/eshop.tca.sk\/de\/#organization\",\"name\":\"TCA eShop - Tactical Combat Academy\",\"url\":\"https:\/\/eshop.tca.sk\/de\/\",\"logo\":{\"@type\":\"ImageObject\",\"inLanguage\":\"de\",\"@id\":\"https:\/\/eshop.tca.sk\/de\/#\/schema\/logo\/image\/\",\"url\":\"https:\/\/eshop.tca.sk\/wp-content\/uploads\/2025\/06\/logo-new-header.png\",\"contentUrl\":\"https:\/\/eshop.tca.sk\/wp-content\/uploads\/2025\/06\/logo-new-header.png\",\"width\":300,\"height\":294,\"caption\":\"TCA eShop - Tactical Combat Academy\"},\"image\":{\"@id\":\"https:\/\/eshop.tca.sk\/de\/#\/schema\/logo\/image\/\"}}]}<\/script>\n<!-- \/ Yoast SEO plugin. -->","yoast_head_json":{"title":"Plattentr\u00e4ger FROG.PRO Defender Combat Kit SM\/MD MULTICAM - TCA eShop - Tactical Combat Academy","description":"Das FROG.PRO Defender Combat Kit wurde f\u00fcr direkte Aktionen und Fahrzeugeins\u00e4tze entwickelt und ist die perfekte Kombination aus geringem Gewicht und Effizienz. Drei Gewehrmagazintaschen, zwei Pistolenmagazine, kleine Gebrauchs- und Mehrzwecktaschen f\u00fcr Funkger\u00e4te, Granaten oder andere Einsatzausr\u00fcstung.","robots":{"index":"index","follow":"follow","max-snippet":"max-snippet:-1","max-image-preview":"max-image-preview:large","max-video-preview":"max-video-preview:-1"},"canonical":"https:\/\/eshop.tca.sk\/de\/taktische-westen\/frog-pro-defender-combat-kit-sm-md-multicam\/","og_locale":"de_DE","og_type":"article","og_title":"Plattentr\u00e4ger FROG.PRO Defender Combat Kit SM\/MD MULTICAM - TCA eShop - Tactical Combat Academy","og_description":"Das FROG.PRO Defender Combat Kit wurde f\u00fcr direkte Aktionen und Fahrzeugeins\u00e4tze entwickelt und ist die perfekte Kombination aus geringem Gewicht und Effizienz. Drei Gewehrmagazintaschen, zwei Pistolenmagazine, kleine Gebrauchs- und Mehrzwecktaschen f\u00fcr Funkger\u00e4te, Granaten oder andere Einsatzausr\u00fcstung.","og_url":"https:\/\/eshop.tca.sk\/de\/taktische-westen\/frog-pro-defender-combat-kit-sm-md-multicam\/","og_site_name":"TCA eShop - Tactical Combat Academy","article_modified_time":"2025-11-26T11:08:25+00:00","og_image":[{"width":1000,"height":1000,"url":"https:\/\/eshop.tca.sk\/wp-content\/uploads\/2024\/04\/FROG.PRO-Defender-Combat-Kit-SMMD-MULTICAM.png","type":"image\/png"}],"twitter_card":"summary_large_image","schema":{"@context":"https:\/\/schema.org","@graph":[{"@type":"WebPage","@id":"https:\/\/eshop.tca.sk\/de\/taktische-westen\/frog-pro-defender-combat-kit-sm-md-multicam\/","url":"https:\/\/eshop.tca.sk\/de\/taktische-westen\/frog-pro-defender-combat-kit-sm-md-multicam\/","name":"Plattentr\u00e4ger FROG.PRO Defender Combat Kit SM\/MD MULTICAM - TCA eShop - Tactical Combat Academy","isPartOf":{"@id":"https:\/\/eshop.tca.sk\/de\/#website"},"primaryImageOfPage":{"@id":"https:\/\/eshop.tca.sk\/de\/taktische-westen\/frog-pro-defender-combat-kit-sm-md-multicam\/#primaryimage"},"image":{"@id":"https:\/\/eshop.tca.sk\/de\/taktische-westen\/frog-pro-defender-combat-kit-sm-md-multicam\/#primaryimage"},"thumbnailUrl":"https:\/\/eshop.tca.sk\/wp-content\/uploads\/2024\/04\/FROG.PRO-Defender-Combat-Kit-SMMD-MULTICAM.png","datePublished":"2024-04-03T13:08:53+00:00","dateModified":"2025-11-26T11:08:25+00:00","description":"Das FROG.PRO Defender Combat Kit wurde f\u00fcr direkte Aktionen und Fahrzeugeins\u00e4tze entwickelt und ist die perfekte Kombination aus geringem Gewicht und Effizienz. Drei Gewehrmagazintaschen, zwei Pistolenmagazine, kleine Gebrauchs- und Mehrzwecktaschen f\u00fcr Funkger\u00e4te, Granaten oder andere Einsatzausr\u00fcstung.","breadcrumb":{"@id":"https:\/\/eshop.tca.sk\/de\/taktische-westen\/frog-pro-defender-combat-kit-sm-md-multicam\/#breadcrumb"},"inLanguage":"de","potentialAction":[{"@type":"ReadAction","target":["https:\/\/eshop.tca.sk\/de\/taktische-westen\/frog-pro-defender-combat-kit-sm-md-multicam\/"]}]},{"@type":"ImageObject","inLanguage":"de","@id":"https:\/\/eshop.tca.sk\/de\/taktische-westen\/frog-pro-defender-combat-kit-sm-md-multicam\/#primaryimage","url":"https:\/\/eshop.tca.sk\/wp-content\/uploads\/2024\/04\/FROG.PRO-Defender-Combat-Kit-SMMD-MULTICAM.png","contentUrl":"https:\/\/eshop.tca.sk\/wp-content\/uploads\/2024\/04\/FROG.PRO-Defender-Combat-Kit-SMMD-MULTICAM.png","width":1000,"height":1000},{"@type":"BreadcrumbList","@id":"https:\/\/eshop.tca.sk\/de\/taktische-westen\/frog-pro-defender-combat-kit-sm-md-multicam\/#breadcrumb","itemListElement":[{"@type":"ListItem","position":1,"name":"Domovsk\u00e1 str\u00e1nka","item":"https:\/\/eshop.tca.sk\/de\/"},{"@type":"ListItem","position":2,"name":"Shop","item":"https:\/\/eshop.tca.sk\/de\/shop\/"},{"@type":"ListItem","position":3,"name":"Plattentr\u00e4ger FROG.PRO Defender Combat Kit SM\/MD MULTICAM"}]},{"@type":"WebSite","@id":"https:\/\/eshop.tca.sk\/de\/#website","url":"https:\/\/eshop.tca.sk\/de\/","name":"TCA eShop - Tactical Combat Academy","description":"Tactical Combat Academy","publisher":{"@id":"https:\/\/eshop.tca.sk\/de\/#organization"},"potentialAction":[{"@type":"SearchAction","target":{"@type":"EntryPoint","urlTemplate":"https:\/\/eshop.tca.sk\/de\/?s={search_term_string}"},"query-input":{"@type":"PropertyValueSpecification","valueRequired":true,"valueName":"search_term_string"}}],"inLanguage":"de"},{"@type":"Organization","@id":"https:\/\/eshop.tca.sk\/de\/#organization","name":"TCA eShop - Tactical Combat Academy","url":"https:\/\/eshop.tca.sk\/de\/","logo":{"@type":"ImageObject","inLanguage":"de","@id":"https:\/\/eshop.tca.sk\/de\/#\/schema\/logo\/image\/","url":"https:\/\/eshop.tca.sk\/wp-content\/uploads\/2025\/06\/logo-new-header.png","contentUrl":"https:\/\/eshop.tca.sk\/wp-content\/uploads\/2025\/06\/logo-new-header.png","width":300,"height":294,"caption":"TCA eShop - Tactical Combat Academy"},"image":{"@id":"https:\/\/eshop.tca.sk\/de\/#\/schema\/logo\/image\/"}}]}},"_links":{"self":[{"href":"https:\/\/eshop.tca.sk\/de\/wp-json\/wp\/v2\/product\/10813","targetHints":{"allow":["GET"]}}],"collection":[{"href":"https:\/\/eshop.tca.sk\/de\/wp-json\/wp\/v2\/product"}],"about":[{"href":"https:\/\/eshop.tca.sk\/de\/wp-json\/wp\/v2\/types\/product"}],"wp:featuredmedia":[{"embeddable":true,"href":"https:\/\/eshop.tca.sk\/de\/wp-json\/wp\/v2\/media\/10819"}],"wp:attachment":[{"href":"https:\/\/eshop.tca.sk\/de\/wp-json\/wp\/v2\/media?parent=10813"}],"wp:term":[{"taxonomy":"product_brand","embeddable":true,"href":"https:\/\/eshop.tca.sk\/de\/wp-json\/wp\/v2\/product_brand?post=10813"},{"taxonomy":"product_cat","embeddable":true,"href":"https:\/\/eshop.tca.sk\/de\/wp-json\/wp\/v2\/product_cat?post=10813"},{"taxonomy":"product_tag","embeddable":true,"href":"https:\/\/eshop.tca.sk\/de\/wp-json\/wp\/v2\/product_tag?post=10813"},{"taxonomy":"giftcard-category","embeddable":true,"href":"https:\/\/eshop.tca.sk\/de\/wp-json\/wp\/v2\/giftcard-category?post=10813"}],"curies":[{"name":"wp","href":"https:\/\/api.w.org\/{rel}","templated":true}]}}