{"id":10833,"date":"2024-04-03T16:09:48","date_gmt":"2024-04-03T14:09:48","guid":{"rendered":"https:\/\/eshop.tca.sk\/?post_type=product&#038;p=10833"},"modified":"2025-11-26T12:08:32","modified_gmt":"2025-11-26T11:08:32","slug":"black-trident-omerta-pistol-mag-pouch-coyote","status":"publish","type":"product","link":"https:\/\/eshop.tca.sk\/de\/waffenholster\/black-trident-omerta-pistol-mag-pouch-coyote\/","title":{"rendered":"Pistolenholster f\u00fcr Magazine Black Trident OMERTA Pistol Mag Pouch COYOTE"},"content":{"rendered":"<h3><strong>Pistolenholster f\u00fcr Magazine Black Trident OMERTA Pistol Mag Pouch COYOTE<\/strong><\/h3>\n<p>Was man bei einer Nylon Magazintasche noch besser machen kann? Davon gibt es doch schon total viele?! Wir zeigen es dir. Brandneu, hoch innovativ und vollgepackt mit Features, auf die du nicht verzichten m\u00f6chtest.<\/p>\n<p>Der OMERTA Pistol Mag Pouch h\u00e4lt Pistolen Magazine aber auch andere Ausr\u00fcstungsgegenst\u00e4nde wie Multitools, Taschenlampen &amp; Co an Ort und Stelle. Sein elastischer Aufbau sorgt daf\u00fcr, dass sich der Mag Pouch perfekt an die Form des aufzunehmenden Gegenstandes anpasst. Zus\u00e4tzlich kann der Gegenstand mittels der mitgelieferten &#8220;Safety Tabs&#8221; gegen Verlust gesichert werden. Dar\u00fcber hinaus, kannst du mit dem mitgelieferten &#8220;Retention&#8221; Shock Cord, den Ziehwiderstand individuell einstellen.<\/p>\n<p>Durch die halben MOLLE-Abst\u00e4nde, ist es dir m\u00f6glich, die Pouch h\u00f6her oder niedriger und sogar im Winkel, am Range Belt zu montieren.<\/p>\n<h4><strong>Formstabil f\u00fcr leichtes Einf\u00fchren<\/strong><\/h4>\n<p>Alle Pouches aus dem OMERTA-Line-Up sind durch das spezielle CURV \u00ae Material an verschiedenen Stellen ausgestattet. Die erh\u00f6hte Stabilit\u00e4t vor allem im Bereich der \u00d6ffnung im oberen Bereich, erm\u00f6glicht blindes Zur\u00fcckstecken des Magazins, ohne Verformung und leitet das Mag in die Magazintasche, als w\u00e4re ein Trichter an der Oberseite angebracht.<\/p>\n<h4><strong>Extra Halt &amp; einstellbarer Widerstand<\/strong><\/h4>\n<p>Im Lieferumfang des OMERTA Pistol Mag Pouches ist ein langes St\u00fcck Shockcord, ein Kordelstopper sowie ein Safety Tab.<\/p>\n<p>Safety Tab = sichert dein Magazin zus\u00e4tlich gegen Verlust. (Shockcord + Safety Tab) (Shockcord + Safety Tab)<br \/>\nRetention Tab = kleine L\u00f6cher and der Vorderseite und R\u00fcckf\u00fchren auf der Hinterseite erlauben dir das Einstellen des Ziehwiderstands (insbesondere bei MultiTools, Taschenlampen &amp; Co n\u00fctzlich; Shockcord + Kordelstopper)<\/p>\n<p>Die beiden Tab&#8217;s k\u00f6nnen separat oder in Kombination verbaut werden.<\/p>\n<h4><strong>Alle Features auf einen Blick<\/strong><\/h4>\n<ul>\n<li>Der kleine Spalt an der Unterseite verhindert Ansammlungen von Wasser und Schmutz im Pouch-Inneren<\/li>\n<li>Die Magazintasche ist besonders langlebig und UV-resistent, weil der Kunsstoff komplett eingekleidet ist. So gelangen auch nach Jahren noch keine Weichmacher nach drau\u00dfe<\/li>\n<li>Extrem k\u00f6rpernahes Design<\/li>\n<li>Nimmt weniger Platz ein, als das Kydex-Pendant<\/li>\n<li>Das CURV\u00ae-Material, welches sich durch hohe Torsions-Steifigkeit auszeichnet, sorgt f\u00fcr Formstabilit\u00e4t<\/li>\n<li>Die CURV \u00ae-Oberfl\u00e4che sorgt au\u00dferdem daf\u00fcr, dass sich das Magazin fast von alleine in die Pouch einf\u00fchrt, und blindes Einstecken m\u00f6glich ist<\/li>\n<li>Individuell einstellbarer Ziehwiderstand nach einf\u00e4deln von Shock Cord und Anbringen des Kordelstoppers<\/li>\n<li>Optionales anbringen von Retention Tabs verhindert das Verrutschen oder den Verlust des Magazins<\/li>\n<li>F\u00fcr Rechts-und Linksh\u00e4nder geeignet<\/li>\n<li>Durch die halben MOLLE-Abst\u00e4nde ist ein h\u00f6heres anbringen am Range Belt und co. m\u00f6glich<\/li>\n<li>Durch die halben MOLLE-Abst\u00e4nde ist das Anbringen im Winkel m\u00f6glich<\/li>\n<li>Auch f\u00fcr andere Tools verwendbar, zB. Taschenlampe, Multitools,&#8230;<\/li>\n<\/ul>\n<h4><strong>Lieferumfang<\/strong><\/h4>\n<ul>\n<li>1x OMERTA Pistol Mag Pouch<\/li>\n<li>1x 1m Shock Cord<\/li>\n<li>1x Kordelstopper<\/li>\n<li>1x Safety Tab<\/li>\n<\/ul>\n","protected":false},"excerpt":{"rendered":"<p><img loading=\"lazy\" decoding=\"async\" class=\"alignnone wp-image-8549\" src=\"https:\/\/eshop.tca.sk\/wp-content\/uploads\/2023\/04\/logo-black-trident.png\" alt=\"\" width=\"179\" height=\"33\" srcset=\"https:\/\/eshop.tca.sk\/wp-content\/uploads\/2023\/04\/logo-black-trident.png 4749w, https:\/\/eshop.tca.sk\/wp-content\/uploads\/2023\/04\/logo-black-trident-300x55.png 300w, https:\/\/eshop.tca.sk\/wp-content\/uploads\/2023\/04\/logo-black-trident-768x142.png 768w, https:\/\/eshop.tca.sk\/wp-content\/uploads\/2023\/04\/logo-black-trident-600x111.png 600w\" sizes=\"auto, (max-width: 179px) 100vw, 179px\" \/><\/p>\n<p>Der OMERTA Pistol Mag Pouch h\u00e4lt Pistolen Magazine aber auch andere Ausr\u00fcstungsgegenst\u00e4nde wie Multitools, Taschenlampen &amp; Co an Ort und Stelle.<\/p>\n<p><img loading=\"lazy\" decoding=\"async\" class=\"wp-image-8564 alignnone\" src=\"https:\/\/eshop.tca.sk\/wp-content\/uploads\/2023\/04\/Logo-Whack-Black-White-R-APPROVED.png\" alt=\"\" width=\"138\" height=\"75\" srcset=\"https:\/\/eshop.tca.sk\/wp-content\/uploads\/2023\/04\/Logo-Whack-Black-White-R-APPROVED.png 571w, https:\/\/eshop.tca.sk\/wp-content\/uploads\/2023\/04\/Logo-Whack-Black-White-R-APPROVED-300x163.png 300w\" sizes=\"auto, (max-width: 138px) 100vw, 138px\" \/><\/p>\n<p>Vom <a href=\"https:\/\/www.tca.sk\/\"><strong>TCA<\/strong><\/a> und dem <a href=\"https:\/\/www.tca.sk\/profil\/ako-zacat-s-kurzami\"><strong>WHACK-System<\/strong><\/a> verwendete und empfohlene Equipment.<\/p>\n","protected":false},"featured_media":10867,"template":"","meta":{"inline_featured_image":false},"product_brand":[],"product_cat":[323,319,584],"product_tag":[477],"giftcard-category":[],"class_list":{"0":"post-10833","1":"product","2":"type-product","3":"status-publish","4":"has-post-thumbnail","6":"product_cat-ausruestung","7":"product_cat-waffenholster","8":"product_cat-magazintaschen","9":"product_tag-black-trident-de","11":"first","12":"instock","13":"taxable","14":"shipping-taxable","15":"purchasable","16":"product-type-simple"},"yoast_head":"<!-- This site is optimized with the Yoast SEO plugin v26.4 - https:\/\/yoast.com\/wordpress\/plugins\/seo\/ -->\n<title>Pistolenholster f\u00fcr Magazine Black Trident OMERTA Pistol Mag Pouch COYOTE - TCA eShop - Tactical Combat Academy<\/title>\n<meta name=\"description\" content=\"Der OMERTA Pistol Mag Pouch h\u00e4lt Pistolen Magazine aber auch andere Ausr\u00fcstungsgegenst\u00e4nde wie Multitools, Taschenlampen &amp; Co an Ort und Stelle.\" \/>\n<meta name=\"robots\" content=\"index, follow, max-snippet:-1, max-image-preview:large, max-video-preview:-1\" \/>\n<link rel=\"canonical\" href=\"https:\/\/eshop.tca.sk\/de\/waffenholster\/black-trident-omerta-pistol-mag-pouch-coyote\/\" \/>\n<meta property=\"og:locale\" content=\"de_DE\" \/>\n<meta property=\"og:type\" content=\"article\" \/>\n<meta property=\"og:title\" content=\"Pistolenholster f\u00fcr Magazine Black Trident OMERTA Pistol Mag Pouch COYOTE - TCA eShop - Tactical Combat Academy\" \/>\n<meta property=\"og:description\" content=\"Der OMERTA Pistol Mag Pouch h\u00e4lt Pistolen Magazine aber auch andere Ausr\u00fcstungsgegenst\u00e4nde wie Multitools, Taschenlampen &amp; Co an Ort und Stelle.\" \/>\n<meta property=\"og:url\" content=\"https:\/\/eshop.tca.sk\/de\/waffenholster\/black-trident-omerta-pistol-mag-pouch-coyote\/\" \/>\n<meta property=\"og:site_name\" content=\"TCA eShop - Tactical Combat Academy\" \/>\n<meta property=\"article:modified_time\" content=\"2025-11-26T11:08:32+00:00\" \/>\n<meta property=\"og:image\" content=\"https:\/\/eshop.tca.sk\/wp-content\/uploads\/2024\/04\/Black-Trident-OMERTA-Pistol-Mag-Pouch-COYOTE.png\" \/>\n\t<meta property=\"og:image:width\" content=\"1000\" \/>\n\t<meta property=\"og:image:height\" content=\"1000\" \/>\n\t<meta property=\"og:image:type\" content=\"image\/png\" \/>\n<meta name=\"twitter:card\" content=\"summary_large_image\" \/>\n<script type=\"application\/ld+json\" class=\"yoast-schema-graph\">{\"@context\":\"https:\/\/schema.org\",\"@graph\":[{\"@type\":\"WebPage\",\"@id\":\"https:\/\/eshop.tca.sk\/de\/waffenholster\/black-trident-omerta-pistol-mag-pouch-coyote\/\",\"url\":\"https:\/\/eshop.tca.sk\/de\/waffenholster\/black-trident-omerta-pistol-mag-pouch-coyote\/\",\"name\":\"Pistolenholster f\u00fcr Magazine Black Trident OMERTA Pistol Mag Pouch COYOTE - TCA eShop - Tactical Combat Academy\",\"isPartOf\":{\"@id\":\"https:\/\/eshop.tca.sk\/de\/#website\"},\"primaryImageOfPage\":{\"@id\":\"https:\/\/eshop.tca.sk\/de\/waffenholster\/black-trident-omerta-pistol-mag-pouch-coyote\/#primaryimage\"},\"image\":{\"@id\":\"https:\/\/eshop.tca.sk\/de\/waffenholster\/black-trident-omerta-pistol-mag-pouch-coyote\/#primaryimage\"},\"thumbnailUrl\":\"https:\/\/eshop.tca.sk\/wp-content\/uploads\/2024\/04\/Black-Trident-OMERTA-Pistol-Mag-Pouch-COYOTE.png\",\"datePublished\":\"2024-04-03T14:09:48+00:00\",\"dateModified\":\"2025-11-26T11:08:32+00:00\",\"description\":\"Der OMERTA Pistol Mag Pouch h\u00e4lt Pistolen Magazine aber auch andere Ausr\u00fcstungsgegenst\u00e4nde wie Multitools, Taschenlampen & Co an Ort und Stelle.\",\"breadcrumb\":{\"@id\":\"https:\/\/eshop.tca.sk\/de\/waffenholster\/black-trident-omerta-pistol-mag-pouch-coyote\/#breadcrumb\"},\"inLanguage\":\"de\",\"potentialAction\":[{\"@type\":\"ReadAction\",\"target\":[\"https:\/\/eshop.tca.sk\/de\/waffenholster\/black-trident-omerta-pistol-mag-pouch-coyote\/\"]}]},{\"@type\":\"ImageObject\",\"inLanguage\":\"de\",\"@id\":\"https:\/\/eshop.tca.sk\/de\/waffenholster\/black-trident-omerta-pistol-mag-pouch-coyote\/#primaryimage\",\"url\":\"https:\/\/eshop.tca.sk\/wp-content\/uploads\/2024\/04\/Black-Trident-OMERTA-Pistol-Mag-Pouch-COYOTE.png\",\"contentUrl\":\"https:\/\/eshop.tca.sk\/wp-content\/uploads\/2024\/04\/Black-Trident-OMERTA-Pistol-Mag-Pouch-COYOTE.png\",\"width\":1000,\"height\":1000},{\"@type\":\"BreadcrumbList\",\"@id\":\"https:\/\/eshop.tca.sk\/de\/waffenholster\/black-trident-omerta-pistol-mag-pouch-coyote\/#breadcrumb\",\"itemListElement\":[{\"@type\":\"ListItem\",\"position\":1,\"name\":\"Domovsk\u00e1 str\u00e1nka\",\"item\":\"https:\/\/eshop.tca.sk\/de\/\"},{\"@type\":\"ListItem\",\"position\":2,\"name\":\"Shop\",\"item\":\"https:\/\/eshop.tca.sk\/de\/shop\/\"},{\"@type\":\"ListItem\",\"position\":3,\"name\":\"Pistolenholster f\u00fcr Magazine Black Trident OMERTA Pistol Mag Pouch COYOTE\"}]},{\"@type\":\"WebSite\",\"@id\":\"https:\/\/eshop.tca.sk\/de\/#website\",\"url\":\"https:\/\/eshop.tca.sk\/de\/\",\"name\":\"TCA eShop - Tactical Combat Academy\",\"description\":\"Tactical Combat Academy\",\"publisher\":{\"@id\":\"https:\/\/eshop.tca.sk\/de\/#organization\"},\"potentialAction\":[{\"@type\":\"SearchAction\",\"target\":{\"@type\":\"EntryPoint\",\"urlTemplate\":\"https:\/\/eshop.tca.sk\/de\/?s={search_term_string}\"},\"query-input\":{\"@type\":\"PropertyValueSpecification\",\"valueRequired\":true,\"valueName\":\"search_term_string\"}}],\"inLanguage\":\"de\"},{\"@type\":\"Organization\",\"@id\":\"https:\/\/eshop.tca.sk\/de\/#organization\",\"name\":\"TCA eShop - Tactical Combat Academy\",\"url\":\"https:\/\/eshop.tca.sk\/de\/\",\"logo\":{\"@type\":\"ImageObject\",\"inLanguage\":\"de\",\"@id\":\"https:\/\/eshop.tca.sk\/de\/#\/schema\/logo\/image\/\",\"url\":\"https:\/\/eshop.tca.sk\/wp-content\/uploads\/2025\/06\/logo-new-header.png\",\"contentUrl\":\"https:\/\/eshop.tca.sk\/wp-content\/uploads\/2025\/06\/logo-new-header.png\",\"width\":300,\"height\":294,\"caption\":\"TCA eShop - Tactical Combat Academy\"},\"image\":{\"@id\":\"https:\/\/eshop.tca.sk\/de\/#\/schema\/logo\/image\/\"}}]}<\/script>\n<!-- \/ Yoast SEO plugin. -->","yoast_head_json":{"title":"Pistolenholster f\u00fcr Magazine Black Trident OMERTA Pistol Mag Pouch COYOTE - TCA eShop - Tactical Combat Academy","description":"Der OMERTA Pistol Mag Pouch h\u00e4lt Pistolen Magazine aber auch andere Ausr\u00fcstungsgegenst\u00e4nde wie Multitools, Taschenlampen & Co an Ort und Stelle.","robots":{"index":"index","follow":"follow","max-snippet":"max-snippet:-1","max-image-preview":"max-image-preview:large","max-video-preview":"max-video-preview:-1"},"canonical":"https:\/\/eshop.tca.sk\/de\/waffenholster\/black-trident-omerta-pistol-mag-pouch-coyote\/","og_locale":"de_DE","og_type":"article","og_title":"Pistolenholster f\u00fcr Magazine Black Trident OMERTA Pistol Mag Pouch COYOTE - TCA eShop - Tactical Combat Academy","og_description":"Der OMERTA Pistol Mag Pouch h\u00e4lt Pistolen Magazine aber auch andere Ausr\u00fcstungsgegenst\u00e4nde wie Multitools, Taschenlampen & Co an Ort und Stelle.","og_url":"https:\/\/eshop.tca.sk\/de\/waffenholster\/black-trident-omerta-pistol-mag-pouch-coyote\/","og_site_name":"TCA eShop - Tactical Combat Academy","article_modified_time":"2025-11-26T11:08:32+00:00","og_image":[{"width":1000,"height":1000,"url":"https:\/\/eshop.tca.sk\/wp-content\/uploads\/2024\/04\/Black-Trident-OMERTA-Pistol-Mag-Pouch-COYOTE.png","type":"image\/png"}],"twitter_card":"summary_large_image","schema":{"@context":"https:\/\/schema.org","@graph":[{"@type":"WebPage","@id":"https:\/\/eshop.tca.sk\/de\/waffenholster\/black-trident-omerta-pistol-mag-pouch-coyote\/","url":"https:\/\/eshop.tca.sk\/de\/waffenholster\/black-trident-omerta-pistol-mag-pouch-coyote\/","name":"Pistolenholster f\u00fcr Magazine Black Trident OMERTA Pistol Mag Pouch COYOTE - TCA eShop - Tactical Combat Academy","isPartOf":{"@id":"https:\/\/eshop.tca.sk\/de\/#website"},"primaryImageOfPage":{"@id":"https:\/\/eshop.tca.sk\/de\/waffenholster\/black-trident-omerta-pistol-mag-pouch-coyote\/#primaryimage"},"image":{"@id":"https:\/\/eshop.tca.sk\/de\/waffenholster\/black-trident-omerta-pistol-mag-pouch-coyote\/#primaryimage"},"thumbnailUrl":"https:\/\/eshop.tca.sk\/wp-content\/uploads\/2024\/04\/Black-Trident-OMERTA-Pistol-Mag-Pouch-COYOTE.png","datePublished":"2024-04-03T14:09:48+00:00","dateModified":"2025-11-26T11:08:32+00:00","description":"Der OMERTA Pistol Mag Pouch h\u00e4lt Pistolen Magazine aber auch andere Ausr\u00fcstungsgegenst\u00e4nde wie Multitools, Taschenlampen & Co an Ort und Stelle.","breadcrumb":{"@id":"https:\/\/eshop.tca.sk\/de\/waffenholster\/black-trident-omerta-pistol-mag-pouch-coyote\/#breadcrumb"},"inLanguage":"de","potentialAction":[{"@type":"ReadAction","target":["https:\/\/eshop.tca.sk\/de\/waffenholster\/black-trident-omerta-pistol-mag-pouch-coyote\/"]}]},{"@type":"ImageObject","inLanguage":"de","@id":"https:\/\/eshop.tca.sk\/de\/waffenholster\/black-trident-omerta-pistol-mag-pouch-coyote\/#primaryimage","url":"https:\/\/eshop.tca.sk\/wp-content\/uploads\/2024\/04\/Black-Trident-OMERTA-Pistol-Mag-Pouch-COYOTE.png","contentUrl":"https:\/\/eshop.tca.sk\/wp-content\/uploads\/2024\/04\/Black-Trident-OMERTA-Pistol-Mag-Pouch-COYOTE.png","width":1000,"height":1000},{"@type":"BreadcrumbList","@id":"https:\/\/eshop.tca.sk\/de\/waffenholster\/black-trident-omerta-pistol-mag-pouch-coyote\/#breadcrumb","itemListElement":[{"@type":"ListItem","position":1,"name":"Domovsk\u00e1 str\u00e1nka","item":"https:\/\/eshop.tca.sk\/de\/"},{"@type":"ListItem","position":2,"name":"Shop","item":"https:\/\/eshop.tca.sk\/de\/shop\/"},{"@type":"ListItem","position":3,"name":"Pistolenholster f\u00fcr Magazine Black Trident OMERTA Pistol Mag Pouch COYOTE"}]},{"@type":"WebSite","@id":"https:\/\/eshop.tca.sk\/de\/#website","url":"https:\/\/eshop.tca.sk\/de\/","name":"TCA eShop - Tactical Combat Academy","description":"Tactical Combat Academy","publisher":{"@id":"https:\/\/eshop.tca.sk\/de\/#organization"},"potentialAction":[{"@type":"SearchAction","target":{"@type":"EntryPoint","urlTemplate":"https:\/\/eshop.tca.sk\/de\/?s={search_term_string}"},"query-input":{"@type":"PropertyValueSpecification","valueRequired":true,"valueName":"search_term_string"}}],"inLanguage":"de"},{"@type":"Organization","@id":"https:\/\/eshop.tca.sk\/de\/#organization","name":"TCA eShop - Tactical Combat Academy","url":"https:\/\/eshop.tca.sk\/de\/","logo":{"@type":"ImageObject","inLanguage":"de","@id":"https:\/\/eshop.tca.sk\/de\/#\/schema\/logo\/image\/","url":"https:\/\/eshop.tca.sk\/wp-content\/uploads\/2025\/06\/logo-new-header.png","contentUrl":"https:\/\/eshop.tca.sk\/wp-content\/uploads\/2025\/06\/logo-new-header.png","width":300,"height":294,"caption":"TCA eShop - Tactical Combat Academy"},"image":{"@id":"https:\/\/eshop.tca.sk\/de\/#\/schema\/logo\/image\/"}}]}},"_links":{"self":[{"href":"https:\/\/eshop.tca.sk\/de\/wp-json\/wp\/v2\/product\/10833","targetHints":{"allow":["GET"]}}],"collection":[{"href":"https:\/\/eshop.tca.sk\/de\/wp-json\/wp\/v2\/product"}],"about":[{"href":"https:\/\/eshop.tca.sk\/de\/wp-json\/wp\/v2\/types\/product"}],"wp:featuredmedia":[{"embeddable":true,"href":"https:\/\/eshop.tca.sk\/de\/wp-json\/wp\/v2\/media\/10867"}],"wp:attachment":[{"href":"https:\/\/eshop.tca.sk\/de\/wp-json\/wp\/v2\/media?parent=10833"}],"wp:term":[{"taxonomy":"product_brand","embeddable":true,"href":"https:\/\/eshop.tca.sk\/de\/wp-json\/wp\/v2\/product_brand?post=10833"},{"taxonomy":"product_cat","embeddable":true,"href":"https:\/\/eshop.tca.sk\/de\/wp-json\/wp\/v2\/product_cat?post=10833"},{"taxonomy":"product_tag","embeddable":true,"href":"https:\/\/eshop.tca.sk\/de\/wp-json\/wp\/v2\/product_tag?post=10833"},{"taxonomy":"giftcard-category","embeddable":true,"href":"https:\/\/eshop.tca.sk\/de\/wp-json\/wp\/v2\/giftcard-category?post=10833"}],"curies":[{"name":"wp","href":"https:\/\/api.w.org\/{rel}","templated":true}]}}