{"id":10927,"date":"2024-04-09T11:58:57","date_gmt":"2024-04-09T09:58:57","guid":{"rendered":"https:\/\/eshop.tca.sk\/?post_type=product&#038;p=10927"},"modified":"2025-11-26T12:09:27","modified_gmt":"2025-11-26T11:09:27","slug":"black-trident-omerta-rifle-mag-pouch-coyote","status":"publish","type":"product","link":"https:\/\/eshop.tca.sk\/de\/waffenholster\/black-trident-omerta-rifle-mag-pouch-coyote\/","title":{"rendered":"Gewehrholster f\u00fcr Magazine Black Trident OMERTA Rifle Mag Pouch COYOTE"},"content":{"rendered":"<h3>Gewehrholster f\u00fcr Magazine Black Trident OMERTA Rifle Mag Pouch COYOTE<\/h3>\n<p>Die neue OMERTA Pouch Serie von Black Trident\u00ae. Ihr fragt euch sicher: &#8220;Was kann man bitte bei Nylon Magazintaschen noch besser machen?&#8221;. Genau dieser Fragestellung haben wir uns gewidmet.<\/p>\n<p>Bei der OMERTA Pouch Serie handelt es sich um elastische Nylon Pouches, bei denen an verschiedenen Stellen vor UV-Licht gesch\u00fctzte Kunststoffverst\u00e4rkungen eingearbeitet sind. Diese Verst\u00e4rkungen erh\u00f6hen die Stabilit\u00e4t des Mag Pouches sowohl im Bereich der Befestigung als auch durch das Bilden eines Trichters zum R\u00fcckf\u00fchren des Magazins. Durch die halben Molle-Abst\u00e4nde der Montage ist eine H\u00f6henverstellung des Pouches zur Adaptierung an unterschiedliche Ausr\u00fcstungsgegenst\u00e4nde wie Range Belts, Plattentr\u00e4ger, Chest- Rigs &amp; anderen Molle Plattformen m\u00f6glich.<\/p>\n<h4><strong>Formstabil f\u00fcr leichtes Einf\u00fchren<\/strong><\/h4>\n<p>Alle Pouches aus dem OMERTA-Line-Up sind durch das spezielle CURV \u00ae Material an verschiedenen Stellen ausgestattet. Die erh\u00f6hte Stabilit\u00e4t vor allem im Bereich der \u00d6ffnung im oberen Bereich, erm\u00f6glicht blindes Zur\u00fcckstecken des Magazins, ohne Verformung und leitet das Mag in die Magazintasche, als w\u00e4re ein Trichter an der Oberseite angebracht.<\/p>\n<h4><strong>Extra Halt &amp; einstellbarer Widerstand<\/strong><\/h4>\n<p>Im Lieferumfang des OMERTA Rifle Mag Pouches ist ein langes St\u00fcck Shockcord, ein Kordelstopper sowie ein Safety Tab.<\/p>\n<p>Safety Tab = sichert dein Magazin zus\u00e4tlich gegen Verlust. (Shockcord + Safety Tab) (Shockcord + Safety Tab)<br \/>\nRetention Tab = kleine L\u00f6cher and der Vorderseite und R\u00fcckf\u00fchren auf der Hinterseite erlauben dir das Einstellen des Ziehwiderstands (insbesondere bei MultiTools, Taschenlampen &amp; Co n\u00fctzlich; Shockcord + Kordelstopper)<\/p>\n<p>Die beiden Tab&#8217;s k\u00f6nnen separat oder in Kombination verbaut werden.<\/p>\n<h4><strong>Alle Features auf einen Blick<\/strong><\/h4>\n<ul>\n<li>Extrem k\u00f6rpernahes Design<\/li>\n<li>Schmaler Footprint (2 Molle Schlaufen)<\/li>\n<li>Besonders langlebig und UV-resistente Magazinstasche, da der Kunsstoff komplett verdeckt ist. TSo gelangen auch nach Jahren noch keine Weichmacher nach drau\u00dfen<\/li>\n<li>Optionale montierbare Retention Tabs erlauben die Erh\u00f6hung des Ziehwiderstands<\/li>\n<li>Abmidextrous Design &#8211; f\u00fcr Rechts-und Linksh\u00e4nder geeignet<\/li>\n<li>Durch die halben MOLLE-Abst\u00e4nde ist ein h\u00f6heres Anbringen am Range Belt<\/li>\n<li>Verst\u00e4rkter Molle Backstrap f\u00fcr extra starken Halt. Bietet deutlich mehr Halt<\/li>\n<\/ul>\n<h4><strong>Lieferumfang<\/strong><\/h4>\n<ul>\n<li>1x OMERTA Rifle Mag Pouch<\/li>\n<li>1x 1m Shock Cord<\/li>\n<li>1x Kordelstopper<\/li>\n<li>1x Safety Tab<\/li>\n<\/ul>\n","protected":false},"excerpt":{"rendered":"<p><img loading=\"lazy\" decoding=\"async\" class=\"alignnone wp-image-8549\" src=\"https:\/\/eshop.tca.sk\/wp-content\/uploads\/2023\/04\/logo-black-trident.png\" alt=\"\" width=\"179\" height=\"33\" srcset=\"https:\/\/eshop.tca.sk\/wp-content\/uploads\/2023\/04\/logo-black-trident.png 4749w, https:\/\/eshop.tca.sk\/wp-content\/uploads\/2023\/04\/logo-black-trident-300x55.png 300w, https:\/\/eshop.tca.sk\/wp-content\/uploads\/2023\/04\/logo-black-trident-768x142.png 768w, https:\/\/eshop.tca.sk\/wp-content\/uploads\/2023\/04\/logo-black-trident-600x111.png 600w\" sizes=\"auto, (max-width: 179px) 100vw, 179px\" \/><\/p>\n<p>Im Lieferumfang des OMERTA Rifle Mag Pouches ist ein langes St\u00fcck Shockcord, ein Kordelstopper sowie ein Safety Tab.<\/p>\n<p><img loading=\"lazy\" decoding=\"async\" class=\"wp-image-8564 alignnone\" src=\"https:\/\/eshop.tca.sk\/wp-content\/uploads\/2023\/04\/Logo-Whack-Black-White-R-APPROVED.png\" alt=\"\" width=\"138\" height=\"75\" srcset=\"https:\/\/eshop.tca.sk\/wp-content\/uploads\/2023\/04\/Logo-Whack-Black-White-R-APPROVED.png 571w, https:\/\/eshop.tca.sk\/wp-content\/uploads\/2023\/04\/Logo-Whack-Black-White-R-APPROVED-300x163.png 300w\" sizes=\"auto, (max-width: 138px) 100vw, 138px\" \/><\/p>\n<p>Vom <a href=\"https:\/\/www.tca.sk\/\"><strong>TCA<\/strong><\/a> und dem <a href=\"https:\/\/www.tca.sk\/profil\/ako-zacat-s-kurzami\"><strong>WHACK-System<\/strong><\/a> verwendete und empfohlene Equipment.<\/p>\n","protected":false},"featured_media":10931,"template":"","meta":{"inline_featured_image":false},"product_brand":[],"product_cat":[323,319,584],"product_tag":[477],"giftcard-category":[],"class_list":{"0":"post-10927","1":"product","2":"type-product","3":"status-publish","4":"has-post-thumbnail","6":"product_cat-ausruestung","7":"product_cat-waffenholster","8":"product_cat-magazintaschen","9":"product_tag-black-trident-de","11":"first","12":"instock","13":"taxable","14":"shipping-taxable","15":"purchasable","16":"product-type-simple"},"yoast_head":"<!-- This site is optimized with the Yoast SEO plugin v26.4 - https:\/\/yoast.com\/wordpress\/plugins\/seo\/ -->\n<title>Gewehrholster f\u00fcr Magazine Black Trident OMERTA Rifle Mag Pouch COYOTE - TCA eShop - Tactical Combat Academy<\/title>\n<meta name=\"description\" content=\"Im Lieferumfang des OMERTA Rifle Mag Pouches ist ein langes St\u00fcck Shockcord, ein Kordelstopper sowie ein Safety Tab.\" \/>\n<meta name=\"robots\" content=\"index, follow, max-snippet:-1, max-image-preview:large, max-video-preview:-1\" \/>\n<link rel=\"canonical\" href=\"https:\/\/eshop.tca.sk\/de\/waffenholster\/black-trident-omerta-rifle-mag-pouch-coyote\/\" \/>\n<meta property=\"og:locale\" content=\"de_DE\" \/>\n<meta property=\"og:type\" content=\"article\" \/>\n<meta property=\"og:title\" content=\"Gewehrholster f\u00fcr Magazine Black Trident OMERTA Rifle Mag Pouch COYOTE - TCA eShop - Tactical Combat Academy\" \/>\n<meta property=\"og:description\" content=\"Im Lieferumfang des OMERTA Rifle Mag Pouches ist ein langes St\u00fcck Shockcord, ein Kordelstopper sowie ein Safety Tab.\" \/>\n<meta property=\"og:url\" content=\"https:\/\/eshop.tca.sk\/de\/waffenholster\/black-trident-omerta-rifle-mag-pouch-coyote\/\" \/>\n<meta property=\"og:site_name\" content=\"TCA eShop - Tactical Combat Academy\" \/>\n<meta property=\"article:modified_time\" content=\"2025-11-26T11:09:27+00:00\" \/>\n<meta property=\"og:image\" content=\"https:\/\/eshop.tca.sk\/wp-content\/uploads\/2024\/04\/Black-Trident-OMERTA-Rifle-Mag-Pouch-Coyote-2.jpg\" \/>\n\t<meta property=\"og:image:width\" content=\"1000\" \/>\n\t<meta property=\"og:image:height\" content=\"1000\" \/>\n\t<meta property=\"og:image:type\" content=\"image\/jpeg\" \/>\n<meta name=\"twitter:card\" content=\"summary_large_image\" \/>\n<script type=\"application\/ld+json\" class=\"yoast-schema-graph\">{\"@context\":\"https:\/\/schema.org\",\"@graph\":[{\"@type\":\"WebPage\",\"@id\":\"https:\/\/eshop.tca.sk\/de\/waffenholster\/black-trident-omerta-rifle-mag-pouch-coyote\/\",\"url\":\"https:\/\/eshop.tca.sk\/de\/waffenholster\/black-trident-omerta-rifle-mag-pouch-coyote\/\",\"name\":\"Gewehrholster f\u00fcr Magazine Black Trident OMERTA Rifle Mag Pouch COYOTE - TCA eShop - Tactical Combat Academy\",\"isPartOf\":{\"@id\":\"https:\/\/eshop.tca.sk\/de\/#website\"},\"primaryImageOfPage\":{\"@id\":\"https:\/\/eshop.tca.sk\/de\/waffenholster\/black-trident-omerta-rifle-mag-pouch-coyote\/#primaryimage\"},\"image\":{\"@id\":\"https:\/\/eshop.tca.sk\/de\/waffenholster\/black-trident-omerta-rifle-mag-pouch-coyote\/#primaryimage\"},\"thumbnailUrl\":\"https:\/\/eshop.tca.sk\/wp-content\/uploads\/2024\/04\/Black-Trident-OMERTA-Rifle-Mag-Pouch-Coyote-2.jpg\",\"datePublished\":\"2024-04-09T09:58:57+00:00\",\"dateModified\":\"2025-11-26T11:09:27+00:00\",\"description\":\"Im Lieferumfang des OMERTA Rifle Mag Pouches ist ein langes St\u00fcck Shockcord, ein Kordelstopper sowie ein Safety Tab.\",\"breadcrumb\":{\"@id\":\"https:\/\/eshop.tca.sk\/de\/waffenholster\/black-trident-omerta-rifle-mag-pouch-coyote\/#breadcrumb\"},\"inLanguage\":\"de\",\"potentialAction\":[{\"@type\":\"ReadAction\",\"target\":[\"https:\/\/eshop.tca.sk\/de\/waffenholster\/black-trident-omerta-rifle-mag-pouch-coyote\/\"]}]},{\"@type\":\"ImageObject\",\"inLanguage\":\"de\",\"@id\":\"https:\/\/eshop.tca.sk\/de\/waffenholster\/black-trident-omerta-rifle-mag-pouch-coyote\/#primaryimage\",\"url\":\"https:\/\/eshop.tca.sk\/wp-content\/uploads\/2024\/04\/Black-Trident-OMERTA-Rifle-Mag-Pouch-Coyote-2.jpg\",\"contentUrl\":\"https:\/\/eshop.tca.sk\/wp-content\/uploads\/2024\/04\/Black-Trident-OMERTA-Rifle-Mag-Pouch-Coyote-2.jpg\",\"width\":1000,\"height\":1000},{\"@type\":\"BreadcrumbList\",\"@id\":\"https:\/\/eshop.tca.sk\/de\/waffenholster\/black-trident-omerta-rifle-mag-pouch-coyote\/#breadcrumb\",\"itemListElement\":[{\"@type\":\"ListItem\",\"position\":1,\"name\":\"Domovsk\u00e1 str\u00e1nka\",\"item\":\"https:\/\/eshop.tca.sk\/de\/\"},{\"@type\":\"ListItem\",\"position\":2,\"name\":\"Shop\",\"item\":\"https:\/\/eshop.tca.sk\/de\/shop\/\"},{\"@type\":\"ListItem\",\"position\":3,\"name\":\"Gewehrholster f\u00fcr Magazine Black Trident OMERTA Rifle Mag Pouch COYOTE\"}]},{\"@type\":\"WebSite\",\"@id\":\"https:\/\/eshop.tca.sk\/de\/#website\",\"url\":\"https:\/\/eshop.tca.sk\/de\/\",\"name\":\"TCA eShop - Tactical Combat Academy\",\"description\":\"Tactical Combat Academy\",\"publisher\":{\"@id\":\"https:\/\/eshop.tca.sk\/de\/#organization\"},\"potentialAction\":[{\"@type\":\"SearchAction\",\"target\":{\"@type\":\"EntryPoint\",\"urlTemplate\":\"https:\/\/eshop.tca.sk\/de\/?s={search_term_string}\"},\"query-input\":{\"@type\":\"PropertyValueSpecification\",\"valueRequired\":true,\"valueName\":\"search_term_string\"}}],\"inLanguage\":\"de\"},{\"@type\":\"Organization\",\"@id\":\"https:\/\/eshop.tca.sk\/de\/#organization\",\"name\":\"TCA eShop - Tactical Combat Academy\",\"url\":\"https:\/\/eshop.tca.sk\/de\/\",\"logo\":{\"@type\":\"ImageObject\",\"inLanguage\":\"de\",\"@id\":\"https:\/\/eshop.tca.sk\/de\/#\/schema\/logo\/image\/\",\"url\":\"https:\/\/eshop.tca.sk\/wp-content\/uploads\/2025\/06\/logo-new-header.png\",\"contentUrl\":\"https:\/\/eshop.tca.sk\/wp-content\/uploads\/2025\/06\/logo-new-header.png\",\"width\":300,\"height\":294,\"caption\":\"TCA eShop - Tactical Combat Academy\"},\"image\":{\"@id\":\"https:\/\/eshop.tca.sk\/de\/#\/schema\/logo\/image\/\"}}]}<\/script>\n<!-- \/ Yoast SEO plugin. -->","yoast_head_json":{"title":"Gewehrholster f\u00fcr Magazine Black Trident OMERTA Rifle Mag Pouch COYOTE - TCA eShop - Tactical Combat Academy","description":"Im Lieferumfang des OMERTA Rifle Mag Pouches ist ein langes St\u00fcck Shockcord, ein Kordelstopper sowie ein Safety Tab.","robots":{"index":"index","follow":"follow","max-snippet":"max-snippet:-1","max-image-preview":"max-image-preview:large","max-video-preview":"max-video-preview:-1"},"canonical":"https:\/\/eshop.tca.sk\/de\/waffenholster\/black-trident-omerta-rifle-mag-pouch-coyote\/","og_locale":"de_DE","og_type":"article","og_title":"Gewehrholster f\u00fcr Magazine Black Trident OMERTA Rifle Mag Pouch COYOTE - TCA eShop - Tactical Combat Academy","og_description":"Im Lieferumfang des OMERTA Rifle Mag Pouches ist ein langes St\u00fcck Shockcord, ein Kordelstopper sowie ein Safety Tab.","og_url":"https:\/\/eshop.tca.sk\/de\/waffenholster\/black-trident-omerta-rifle-mag-pouch-coyote\/","og_site_name":"TCA eShop - Tactical Combat Academy","article_modified_time":"2025-11-26T11:09:27+00:00","og_image":[{"width":1000,"height":1000,"url":"https:\/\/eshop.tca.sk\/wp-content\/uploads\/2024\/04\/Black-Trident-OMERTA-Rifle-Mag-Pouch-Coyote-2.jpg","type":"image\/jpeg"}],"twitter_card":"summary_large_image","schema":{"@context":"https:\/\/schema.org","@graph":[{"@type":"WebPage","@id":"https:\/\/eshop.tca.sk\/de\/waffenholster\/black-trident-omerta-rifle-mag-pouch-coyote\/","url":"https:\/\/eshop.tca.sk\/de\/waffenholster\/black-trident-omerta-rifle-mag-pouch-coyote\/","name":"Gewehrholster f\u00fcr Magazine Black Trident OMERTA Rifle Mag Pouch COYOTE - TCA eShop - Tactical Combat Academy","isPartOf":{"@id":"https:\/\/eshop.tca.sk\/de\/#website"},"primaryImageOfPage":{"@id":"https:\/\/eshop.tca.sk\/de\/waffenholster\/black-trident-omerta-rifle-mag-pouch-coyote\/#primaryimage"},"image":{"@id":"https:\/\/eshop.tca.sk\/de\/waffenholster\/black-trident-omerta-rifle-mag-pouch-coyote\/#primaryimage"},"thumbnailUrl":"https:\/\/eshop.tca.sk\/wp-content\/uploads\/2024\/04\/Black-Trident-OMERTA-Rifle-Mag-Pouch-Coyote-2.jpg","datePublished":"2024-04-09T09:58:57+00:00","dateModified":"2025-11-26T11:09:27+00:00","description":"Im Lieferumfang des OMERTA Rifle Mag Pouches ist ein langes St\u00fcck Shockcord, ein Kordelstopper sowie ein Safety Tab.","breadcrumb":{"@id":"https:\/\/eshop.tca.sk\/de\/waffenholster\/black-trident-omerta-rifle-mag-pouch-coyote\/#breadcrumb"},"inLanguage":"de","potentialAction":[{"@type":"ReadAction","target":["https:\/\/eshop.tca.sk\/de\/waffenholster\/black-trident-omerta-rifle-mag-pouch-coyote\/"]}]},{"@type":"ImageObject","inLanguage":"de","@id":"https:\/\/eshop.tca.sk\/de\/waffenholster\/black-trident-omerta-rifle-mag-pouch-coyote\/#primaryimage","url":"https:\/\/eshop.tca.sk\/wp-content\/uploads\/2024\/04\/Black-Trident-OMERTA-Rifle-Mag-Pouch-Coyote-2.jpg","contentUrl":"https:\/\/eshop.tca.sk\/wp-content\/uploads\/2024\/04\/Black-Trident-OMERTA-Rifle-Mag-Pouch-Coyote-2.jpg","width":1000,"height":1000},{"@type":"BreadcrumbList","@id":"https:\/\/eshop.tca.sk\/de\/waffenholster\/black-trident-omerta-rifle-mag-pouch-coyote\/#breadcrumb","itemListElement":[{"@type":"ListItem","position":1,"name":"Domovsk\u00e1 str\u00e1nka","item":"https:\/\/eshop.tca.sk\/de\/"},{"@type":"ListItem","position":2,"name":"Shop","item":"https:\/\/eshop.tca.sk\/de\/shop\/"},{"@type":"ListItem","position":3,"name":"Gewehrholster f\u00fcr Magazine Black Trident OMERTA Rifle Mag Pouch COYOTE"}]},{"@type":"WebSite","@id":"https:\/\/eshop.tca.sk\/de\/#website","url":"https:\/\/eshop.tca.sk\/de\/","name":"TCA eShop - Tactical Combat Academy","description":"Tactical Combat Academy","publisher":{"@id":"https:\/\/eshop.tca.sk\/de\/#organization"},"potentialAction":[{"@type":"SearchAction","target":{"@type":"EntryPoint","urlTemplate":"https:\/\/eshop.tca.sk\/de\/?s={search_term_string}"},"query-input":{"@type":"PropertyValueSpecification","valueRequired":true,"valueName":"search_term_string"}}],"inLanguage":"de"},{"@type":"Organization","@id":"https:\/\/eshop.tca.sk\/de\/#organization","name":"TCA eShop - Tactical Combat Academy","url":"https:\/\/eshop.tca.sk\/de\/","logo":{"@type":"ImageObject","inLanguage":"de","@id":"https:\/\/eshop.tca.sk\/de\/#\/schema\/logo\/image\/","url":"https:\/\/eshop.tca.sk\/wp-content\/uploads\/2025\/06\/logo-new-header.png","contentUrl":"https:\/\/eshop.tca.sk\/wp-content\/uploads\/2025\/06\/logo-new-header.png","width":300,"height":294,"caption":"TCA eShop - Tactical Combat Academy"},"image":{"@id":"https:\/\/eshop.tca.sk\/de\/#\/schema\/logo\/image\/"}}]}},"_links":{"self":[{"href":"https:\/\/eshop.tca.sk\/de\/wp-json\/wp\/v2\/product\/10927","targetHints":{"allow":["GET"]}}],"collection":[{"href":"https:\/\/eshop.tca.sk\/de\/wp-json\/wp\/v2\/product"}],"about":[{"href":"https:\/\/eshop.tca.sk\/de\/wp-json\/wp\/v2\/types\/product"}],"wp:featuredmedia":[{"embeddable":true,"href":"https:\/\/eshop.tca.sk\/de\/wp-json\/wp\/v2\/media\/10931"}],"wp:attachment":[{"href":"https:\/\/eshop.tca.sk\/de\/wp-json\/wp\/v2\/media?parent=10927"}],"wp:term":[{"taxonomy":"product_brand","embeddable":true,"href":"https:\/\/eshop.tca.sk\/de\/wp-json\/wp\/v2\/product_brand?post=10927"},{"taxonomy":"product_cat","embeddable":true,"href":"https:\/\/eshop.tca.sk\/de\/wp-json\/wp\/v2\/product_cat?post=10927"},{"taxonomy":"product_tag","embeddable":true,"href":"https:\/\/eshop.tca.sk\/de\/wp-json\/wp\/v2\/product_tag?post=10927"},{"taxonomy":"giftcard-category","embeddable":true,"href":"https:\/\/eshop.tca.sk\/de\/wp-json\/wp\/v2\/giftcard-category?post=10927"}],"curies":[{"name":"wp","href":"https:\/\/api.w.org\/{rel}","templated":true}]}}