{"id":11031,"date":"2024-04-09T18:05:10","date_gmt":"2024-04-09T16:05:10","guid":{"rendered":"https:\/\/eshop.tca.sk\/?post_type=product&#038;p=11031"},"modified":"2025-11-26T12:12:41","modified_gmt":"2025-11-26T11:12:41","slug":"black-trident-holster-thor-duty-level-2-g17-rh-coyote-komplet","status":"publish","type":"product","link":"https:\/\/eshop.tca.sk\/de\/waffenholster\/black-trident-holster-thor-duty-level-2-g17-rh-coyote-komplet\/","title":{"rendered":"Pistolenholster Black Trident Holster Thor Duty+ Level 2 G17 RH COYOTE KOMPLET"},"content":{"rendered":"<h3><strong>Pistolenholster Black Trident Holster Thor Duty+ Level 2 G17 RH COYOTE + Safariland CUBL 6070 Mid Ride + QLS COYOTE + Legacy Leg Strap COYOTE<\/strong><\/h3>\n<p>Der Thor Duty+ ist die Erweiterung des Black Trident OWB Allround- Holsters \u201eTHOR&#8221; um eine Level 2 Sicherung. Das Holster ist aus Kydex gefertigt und dadurch widerstandsf\u00e4hig gegen jegliche Umwelteinfl\u00fcsse. Kalt, Nass, Schnee &#8211; was auch immer &#8211; mit dem Thor Duty+ bist du, egal wo in der Welt du operierst, gut ausger\u00fcstet.<\/p>\n<h4><strong>Level 2 Sicherung<\/strong><\/h4>\n<p>Im Vergleich zu unserem Standard Thor Holster, welches \u00fcber eine Level 1 Sicherung (rein \u00fcber Ziehwiderstand) verf\u00fcgt, ist der Thor Duty+ mit einer zus\u00e4tzlichen Daumensicherung ausgestattet. Es handelt sich um den Safariland\u00ae SLS\u2122 (Self Locking System) B\u00fcgel. Dieser wird vom Anwender mit dem Daumen nach unten und nach vorne gedr\u00fcckt, wodurch der Sicherungsb\u00fcgel freigegeben wird. Das Holster ist mit handels\u00fcblichen kompakten Rotpunktvisieren wie Trijicon RMR, Leupold Delta Point Pro, RMS Shield und \u00e4hnliche kompatibel. Anbauteile wie Extended Slide Release oder vergr\u00f6\u00dferter Magazinausl\u00f6seknopf wurden, wie auch bei unserem Standard Thor Holster ber\u00fccksichtigt.<\/p>\n<h4><strong>Sicherung von Safariland\u00ae<\/strong><\/h4>\n<p>Beim Thor Duty+ Holster setzen wir auf eine Sicherung von Safariland\u00ae welche in den USA hergestellt wird. Die Zuverl\u00e4ssigkeit des \u00fcber Jahrzehnte hinweg, weltweit eingesetzten Systems hat uns \u00fcberzeugt und uns dazu bewogen es in unser Premiumprodukt zu integrieren. Der einfache Aufbau und die robuste Konstruktion des Sicherungssystems sprechen f\u00fcr sich (keine Federn die kaputt gehen k\u00f6nnen, keine Kleinteile, die verklemmen k\u00f6nnen!)<\/p>\n<h4><strong>Die Features im \u00dcberblick<\/strong><\/h4>\n<ul>\n<li>Leicht und robust<\/li>\n<li>3mm Ultra Rugged Kydex<\/li>\n<li>Level 2 Sicherung von Safariland\u00ae<\/li>\n<li>Ziehwiderstand individuell einstellbar<\/li>\n<li>Sichere Arretierung und optimaler Halt<\/li>\n<li>Kompatibilit\u00e4t mit beliebten Tragesystemen, wie z.B. Safariland QLS, Blade-Tech<\/li>\n<li>RedDot kompatibel<\/li>\n<li>Einholsterhilfe im Design implementiert<\/li>\n<li>K\u00e4lteresistent<\/li>\n<li>Schlagfest<\/li>\n<li>Schwer entflammbar<\/li>\n<li>Pflegeleicht<\/li>\n<li>Wartungsarm<\/li>\n<\/ul>\n<h4><strong>Ultra Rugged 3mm Kydex<\/strong><\/h4>\n<p>Der Thor Duty+ ist optional in speziellen Farben auch in 3mm Kydex verf\u00fcgbar, f\u00fcr alle die noch einen extra Ticken drauf legen wollen wenn es um die Stabilit\u00e4t des Holsters geht.<\/p>\n<p><iframe loading=\"lazy\" title=\"THOR DUTY+ HOLSTER - Das Level 2 Holster f\u00fcr die Arbeit \ud83d\udc6e\ud83c\udffb\u200d\u2642\ufe0f\" width=\"1170\" height=\"658\" src=\"https:\/\/www.youtube.com\/embed\/ZTNdjv2BvEc?feature=oembed&#038;enablejsapi=1&#038;origin=https:\/\/eshop.tca.sk\" frameborder=\"0\" allow=\"accelerometer; autoplay; clipboard-write; encrypted-media; gyroscope; picture-in-picture; web-share\" referrerpolicy=\"strict-origin-when-cross-origin\" allowfullscreen><\/iframe><\/p>\n<p>&nbsp;<\/p>\n","protected":false},"excerpt":{"rendered":"<p><img loading=\"lazy\" decoding=\"async\" class=\"alignnone wp-image-8549\" src=\"https:\/\/eshop.tca.sk\/wp-content\/uploads\/2023\/04\/logo-black-trident.png\" alt=\"\" width=\"179\" height=\"33\" srcset=\"https:\/\/eshop.tca.sk\/wp-content\/uploads\/2023\/04\/logo-black-trident.png 4749w, https:\/\/eshop.tca.sk\/wp-content\/uploads\/2023\/04\/logo-black-trident-300x55.png 300w, https:\/\/eshop.tca.sk\/wp-content\/uploads\/2023\/04\/logo-black-trident-768x142.png 768w, https:\/\/eshop.tca.sk\/wp-content\/uploads\/2023\/04\/logo-black-trident-600x111.png 600w\" sizes=\"auto, (max-width: 179px) 100vw, 179px\" \/><\/p>\n<p>Das Thor Duty+ Pistolenholster ist eine Erweiterung des Black Trident OWB \u201eTHOR\u201c Universalholsters mit Level 2 Sicherheit.<\/p>\n<p><img loading=\"lazy\" decoding=\"async\" class=\"wp-image-8564 alignnone\" src=\"https:\/\/eshop.tca.sk\/wp-content\/uploads\/2023\/04\/Logo-Whack-Black-White-R-APPROVED.png\" alt=\"\" width=\"138\" height=\"75\" srcset=\"https:\/\/eshop.tca.sk\/wp-content\/uploads\/2023\/04\/Logo-Whack-Black-White-R-APPROVED.png 571w, https:\/\/eshop.tca.sk\/wp-content\/uploads\/2023\/04\/Logo-Whack-Black-White-R-APPROVED-300x163.png 300w\" sizes=\"auto, (max-width: 138px) 100vw, 138px\" \/><\/p>\n<p>Vom TCA und dem WHACK-System verwendete und empfohlene Equipment.<\/p>\n","protected":false},"featured_media":11034,"template":"","meta":{"inline_featured_image":false},"product_brand":[],"product_cat":[323,319,581],"product_tag":[477],"giftcard-category":[],"class_list":{"0":"post-11031","1":"product","2":"type-product","3":"status-publish","4":"has-post-thumbnail","6":"product_cat-ausruestung","7":"product_cat-waffenholster","8":"product_cat-pistolenholster","9":"product_tag-black-trident-de","11":"first","12":"instock","13":"taxable","14":"shipping-taxable","15":"purchasable","16":"product-type-simple"},"yoast_head":"<!-- This site is optimized with the Yoast SEO plugin v26.4 - https:\/\/yoast.com\/wordpress\/plugins\/seo\/ -->\n<title>Pistolenholster Black Trident Holster Thor Duty+ Level 2 G17 RH COYOTE KOMPLET - TCA eShop - Tactical Combat Academy<\/title>\n<meta name=\"description\" content=\"Der Thor Duty+ ist die Erweiterung des Black Trident OWB Allround- Holsters \u201eTHOR&quot; um eine Level 2 Sicherung.\" \/>\n<meta name=\"robots\" content=\"index, follow, max-snippet:-1, max-image-preview:large, max-video-preview:-1\" \/>\n<link rel=\"canonical\" href=\"https:\/\/eshop.tca.sk\/de\/waffenholster\/black-trident-holster-thor-duty-level-2-g17-rh-coyote-komplet\/\" \/>\n<meta property=\"og:locale\" content=\"de_DE\" \/>\n<meta property=\"og:type\" content=\"article\" \/>\n<meta property=\"og:title\" content=\"Pistolenholster Black Trident Holster Thor Duty+ Level 2 G17 RH COYOTE KOMPLET - TCA eShop - Tactical Combat Academy\" \/>\n<meta property=\"og:description\" content=\"Der Thor Duty+ ist die Erweiterung des Black Trident OWB Allround- Holsters \u201eTHOR&quot; um eine Level 2 Sicherung.\" \/>\n<meta property=\"og:url\" content=\"https:\/\/eshop.tca.sk\/de\/waffenholster\/black-trident-holster-thor-duty-level-2-g17-rh-coyote-komplet\/\" \/>\n<meta property=\"og:site_name\" content=\"TCA eShop - Tactical Combat Academy\" \/>\n<meta property=\"article:modified_time\" content=\"2025-11-26T11:12:41+00:00\" \/>\n<meta property=\"og:image\" content=\"https:\/\/eshop.tca.sk\/wp-content\/uploads\/2024\/04\/Black-Trident-Holster-Thor-Duty-Level-2-G17-RH-COYOTE-KOMPLET-a.jpg\" \/>\n\t<meta property=\"og:image:width\" content=\"1000\" \/>\n\t<meta property=\"og:image:height\" content=\"1000\" \/>\n\t<meta property=\"og:image:type\" content=\"image\/jpeg\" \/>\n<meta name=\"twitter:card\" content=\"summary_large_image\" \/>\n<script type=\"application\/ld+json\" class=\"yoast-schema-graph\">{\"@context\":\"https:\/\/schema.org\",\"@graph\":[{\"@type\":\"WebPage\",\"@id\":\"https:\/\/eshop.tca.sk\/de\/waffenholster\/black-trident-holster-thor-duty-level-2-g17-rh-coyote-komplet\/\",\"url\":\"https:\/\/eshop.tca.sk\/de\/waffenholster\/black-trident-holster-thor-duty-level-2-g17-rh-coyote-komplet\/\",\"name\":\"Pistolenholster Black Trident Holster Thor Duty+ Level 2 G17 RH COYOTE KOMPLET - TCA eShop - Tactical Combat Academy\",\"isPartOf\":{\"@id\":\"https:\/\/eshop.tca.sk\/de\/#website\"},\"primaryImageOfPage\":{\"@id\":\"https:\/\/eshop.tca.sk\/de\/waffenholster\/black-trident-holster-thor-duty-level-2-g17-rh-coyote-komplet\/#primaryimage\"},\"image\":{\"@id\":\"https:\/\/eshop.tca.sk\/de\/waffenholster\/black-trident-holster-thor-duty-level-2-g17-rh-coyote-komplet\/#primaryimage\"},\"thumbnailUrl\":\"https:\/\/eshop.tca.sk\/wp-content\/uploads\/2024\/04\/Black-Trident-Holster-Thor-Duty-Level-2-G17-RH-COYOTE-KOMPLET-a.jpg\",\"datePublished\":\"2024-04-09T16:05:10+00:00\",\"dateModified\":\"2025-11-26T11:12:41+00:00\",\"description\":\"Der Thor Duty+ ist die Erweiterung des Black Trident OWB Allround- Holsters \u201eTHOR\\\" um eine Level 2 Sicherung.\",\"breadcrumb\":{\"@id\":\"https:\/\/eshop.tca.sk\/de\/waffenholster\/black-trident-holster-thor-duty-level-2-g17-rh-coyote-komplet\/#breadcrumb\"},\"inLanguage\":\"de\",\"potentialAction\":[{\"@type\":\"ReadAction\",\"target\":[\"https:\/\/eshop.tca.sk\/de\/waffenholster\/black-trident-holster-thor-duty-level-2-g17-rh-coyote-komplet\/\"]}]},{\"@type\":\"ImageObject\",\"inLanguage\":\"de\",\"@id\":\"https:\/\/eshop.tca.sk\/de\/waffenholster\/black-trident-holster-thor-duty-level-2-g17-rh-coyote-komplet\/#primaryimage\",\"url\":\"https:\/\/eshop.tca.sk\/wp-content\/uploads\/2024\/04\/Black-Trident-Holster-Thor-Duty-Level-2-G17-RH-COYOTE-KOMPLET-a.jpg\",\"contentUrl\":\"https:\/\/eshop.tca.sk\/wp-content\/uploads\/2024\/04\/Black-Trident-Holster-Thor-Duty-Level-2-G17-RH-COYOTE-KOMPLET-a.jpg\",\"width\":1000,\"height\":1000},{\"@type\":\"BreadcrumbList\",\"@id\":\"https:\/\/eshop.tca.sk\/de\/waffenholster\/black-trident-holster-thor-duty-level-2-g17-rh-coyote-komplet\/#breadcrumb\",\"itemListElement\":[{\"@type\":\"ListItem\",\"position\":1,\"name\":\"Domovsk\u00e1 str\u00e1nka\",\"item\":\"https:\/\/eshop.tca.sk\/de\/\"},{\"@type\":\"ListItem\",\"position\":2,\"name\":\"Shop\",\"item\":\"https:\/\/eshop.tca.sk\/de\/shop\/\"},{\"@type\":\"ListItem\",\"position\":3,\"name\":\"Pistolenholster Black Trident Holster Thor Duty+ Level 2 G17 RH COYOTE KOMPLET\"}]},{\"@type\":\"WebSite\",\"@id\":\"https:\/\/eshop.tca.sk\/de\/#website\",\"url\":\"https:\/\/eshop.tca.sk\/de\/\",\"name\":\"TCA eShop - Tactical Combat Academy\",\"description\":\"Tactical Combat Academy\",\"publisher\":{\"@id\":\"https:\/\/eshop.tca.sk\/de\/#organization\"},\"potentialAction\":[{\"@type\":\"SearchAction\",\"target\":{\"@type\":\"EntryPoint\",\"urlTemplate\":\"https:\/\/eshop.tca.sk\/de\/?s={search_term_string}\"},\"query-input\":{\"@type\":\"PropertyValueSpecification\",\"valueRequired\":true,\"valueName\":\"search_term_string\"}}],\"inLanguage\":\"de\"},{\"@type\":\"Organization\",\"@id\":\"https:\/\/eshop.tca.sk\/de\/#organization\",\"name\":\"TCA eShop - Tactical Combat Academy\",\"url\":\"https:\/\/eshop.tca.sk\/de\/\",\"logo\":{\"@type\":\"ImageObject\",\"inLanguage\":\"de\",\"@id\":\"https:\/\/eshop.tca.sk\/de\/#\/schema\/logo\/image\/\",\"url\":\"https:\/\/eshop.tca.sk\/wp-content\/uploads\/2025\/06\/logo-new-header.png\",\"contentUrl\":\"https:\/\/eshop.tca.sk\/wp-content\/uploads\/2025\/06\/logo-new-header.png\",\"width\":300,\"height\":294,\"caption\":\"TCA eShop - Tactical Combat Academy\"},\"image\":{\"@id\":\"https:\/\/eshop.tca.sk\/de\/#\/schema\/logo\/image\/\"}}]}<\/script>\n<!-- \/ Yoast SEO plugin. -->","yoast_head_json":{"title":"Pistolenholster Black Trident Holster Thor Duty+ Level 2 G17 RH COYOTE KOMPLET - TCA eShop - Tactical Combat Academy","description":"Der Thor Duty+ ist die Erweiterung des Black Trident OWB Allround- Holsters \u201eTHOR\" um eine Level 2 Sicherung.","robots":{"index":"index","follow":"follow","max-snippet":"max-snippet:-1","max-image-preview":"max-image-preview:large","max-video-preview":"max-video-preview:-1"},"canonical":"https:\/\/eshop.tca.sk\/de\/waffenholster\/black-trident-holster-thor-duty-level-2-g17-rh-coyote-komplet\/","og_locale":"de_DE","og_type":"article","og_title":"Pistolenholster Black Trident Holster Thor Duty+ Level 2 G17 RH COYOTE KOMPLET - TCA eShop - Tactical Combat Academy","og_description":"Der Thor Duty+ ist die Erweiterung des Black Trident OWB Allround- Holsters \u201eTHOR\" um eine Level 2 Sicherung.","og_url":"https:\/\/eshop.tca.sk\/de\/waffenholster\/black-trident-holster-thor-duty-level-2-g17-rh-coyote-komplet\/","og_site_name":"TCA eShop - Tactical Combat Academy","article_modified_time":"2025-11-26T11:12:41+00:00","og_image":[{"width":1000,"height":1000,"url":"https:\/\/eshop.tca.sk\/wp-content\/uploads\/2024\/04\/Black-Trident-Holster-Thor-Duty-Level-2-G17-RH-COYOTE-KOMPLET-a.jpg","type":"image\/jpeg"}],"twitter_card":"summary_large_image","schema":{"@context":"https:\/\/schema.org","@graph":[{"@type":"WebPage","@id":"https:\/\/eshop.tca.sk\/de\/waffenholster\/black-trident-holster-thor-duty-level-2-g17-rh-coyote-komplet\/","url":"https:\/\/eshop.tca.sk\/de\/waffenholster\/black-trident-holster-thor-duty-level-2-g17-rh-coyote-komplet\/","name":"Pistolenholster Black Trident Holster Thor Duty+ Level 2 G17 RH COYOTE KOMPLET - TCA eShop - Tactical Combat Academy","isPartOf":{"@id":"https:\/\/eshop.tca.sk\/de\/#website"},"primaryImageOfPage":{"@id":"https:\/\/eshop.tca.sk\/de\/waffenholster\/black-trident-holster-thor-duty-level-2-g17-rh-coyote-komplet\/#primaryimage"},"image":{"@id":"https:\/\/eshop.tca.sk\/de\/waffenholster\/black-trident-holster-thor-duty-level-2-g17-rh-coyote-komplet\/#primaryimage"},"thumbnailUrl":"https:\/\/eshop.tca.sk\/wp-content\/uploads\/2024\/04\/Black-Trident-Holster-Thor-Duty-Level-2-G17-RH-COYOTE-KOMPLET-a.jpg","datePublished":"2024-04-09T16:05:10+00:00","dateModified":"2025-11-26T11:12:41+00:00","description":"Der Thor Duty+ ist die Erweiterung des Black Trident OWB Allround- Holsters \u201eTHOR\" um eine Level 2 Sicherung.","breadcrumb":{"@id":"https:\/\/eshop.tca.sk\/de\/waffenholster\/black-trident-holster-thor-duty-level-2-g17-rh-coyote-komplet\/#breadcrumb"},"inLanguage":"de","potentialAction":[{"@type":"ReadAction","target":["https:\/\/eshop.tca.sk\/de\/waffenholster\/black-trident-holster-thor-duty-level-2-g17-rh-coyote-komplet\/"]}]},{"@type":"ImageObject","inLanguage":"de","@id":"https:\/\/eshop.tca.sk\/de\/waffenholster\/black-trident-holster-thor-duty-level-2-g17-rh-coyote-komplet\/#primaryimage","url":"https:\/\/eshop.tca.sk\/wp-content\/uploads\/2024\/04\/Black-Trident-Holster-Thor-Duty-Level-2-G17-RH-COYOTE-KOMPLET-a.jpg","contentUrl":"https:\/\/eshop.tca.sk\/wp-content\/uploads\/2024\/04\/Black-Trident-Holster-Thor-Duty-Level-2-G17-RH-COYOTE-KOMPLET-a.jpg","width":1000,"height":1000},{"@type":"BreadcrumbList","@id":"https:\/\/eshop.tca.sk\/de\/waffenholster\/black-trident-holster-thor-duty-level-2-g17-rh-coyote-komplet\/#breadcrumb","itemListElement":[{"@type":"ListItem","position":1,"name":"Domovsk\u00e1 str\u00e1nka","item":"https:\/\/eshop.tca.sk\/de\/"},{"@type":"ListItem","position":2,"name":"Shop","item":"https:\/\/eshop.tca.sk\/de\/shop\/"},{"@type":"ListItem","position":3,"name":"Pistolenholster Black Trident Holster Thor Duty+ Level 2 G17 RH COYOTE KOMPLET"}]},{"@type":"WebSite","@id":"https:\/\/eshop.tca.sk\/de\/#website","url":"https:\/\/eshop.tca.sk\/de\/","name":"TCA eShop - Tactical Combat Academy","description":"Tactical Combat Academy","publisher":{"@id":"https:\/\/eshop.tca.sk\/de\/#organization"},"potentialAction":[{"@type":"SearchAction","target":{"@type":"EntryPoint","urlTemplate":"https:\/\/eshop.tca.sk\/de\/?s={search_term_string}"},"query-input":{"@type":"PropertyValueSpecification","valueRequired":true,"valueName":"search_term_string"}}],"inLanguage":"de"},{"@type":"Organization","@id":"https:\/\/eshop.tca.sk\/de\/#organization","name":"TCA eShop - Tactical Combat Academy","url":"https:\/\/eshop.tca.sk\/de\/","logo":{"@type":"ImageObject","inLanguage":"de","@id":"https:\/\/eshop.tca.sk\/de\/#\/schema\/logo\/image\/","url":"https:\/\/eshop.tca.sk\/wp-content\/uploads\/2025\/06\/logo-new-header.png","contentUrl":"https:\/\/eshop.tca.sk\/wp-content\/uploads\/2025\/06\/logo-new-header.png","width":300,"height":294,"caption":"TCA eShop - Tactical Combat Academy"},"image":{"@id":"https:\/\/eshop.tca.sk\/de\/#\/schema\/logo\/image\/"}}]}},"_links":{"self":[{"href":"https:\/\/eshop.tca.sk\/de\/wp-json\/wp\/v2\/product\/11031","targetHints":{"allow":["GET"]}}],"collection":[{"href":"https:\/\/eshop.tca.sk\/de\/wp-json\/wp\/v2\/product"}],"about":[{"href":"https:\/\/eshop.tca.sk\/de\/wp-json\/wp\/v2\/types\/product"}],"wp:featuredmedia":[{"embeddable":true,"href":"https:\/\/eshop.tca.sk\/de\/wp-json\/wp\/v2\/media\/11034"}],"wp:attachment":[{"href":"https:\/\/eshop.tca.sk\/de\/wp-json\/wp\/v2\/media?parent=11031"}],"wp:term":[{"taxonomy":"product_brand","embeddable":true,"href":"https:\/\/eshop.tca.sk\/de\/wp-json\/wp\/v2\/product_brand?post=11031"},{"taxonomy":"product_cat","embeddable":true,"href":"https:\/\/eshop.tca.sk\/de\/wp-json\/wp\/v2\/product_cat?post=11031"},{"taxonomy":"product_tag","embeddable":true,"href":"https:\/\/eshop.tca.sk\/de\/wp-json\/wp\/v2\/product_tag?post=11031"},{"taxonomy":"giftcard-category","embeddable":true,"href":"https:\/\/eshop.tca.sk\/de\/wp-json\/wp\/v2\/giftcard-category?post=11031"}],"curies":[{"name":"wp","href":"https:\/\/api.w.org\/{rel}","templated":true}]}}