{"id":11037,"date":"2024-04-10T12:09:25","date_gmt":"2024-04-10T10:09:25","guid":{"rendered":"https:\/\/eshop.tca.sk\/?post_type=product&#038;p=11037"},"modified":"2025-11-11T12:18:09","modified_gmt":"2025-11-11T11:18:09","slug":"black-trident-hold-my-stuff-black","status":"publish","type":"product","link":"https:\/\/eshop.tca.sk\/de\/waffenzubehoer\/black-trident-hold-my-stuff-black\/","title":{"rendered":"Black Trident HOLD MY STUFF BLACK"},"content":{"rendered":"<h3><strong>Black Trident HOLD MY STUFF BLACK<\/strong><\/h3>\n<p>Handschuhe, EarPro, Knicklichter&#8230; Manchmal fehlt einfach eine dritte Hand, um all den n\u00fctzlichen Kram f\u00fcr einen Moment loszuwerden oder einfach, um bestimme Utensilien sauber an der Ausr\u00fcstung zu versorgen.<\/p>\n<p>Unser HMS ist f\u00fcr genau diese Momente entwickelt worden. Wird einfach am Range Belt oder Plate Carrier via Velcro befestigt und wartet geduldig und voller Vorfreude darauf, deinen Kleinkram f\u00fcr dich zu halten &#8211; wie eine dritte Hand. Black Trident &#8211; Supported by SOF.<\/p>\n<p>&nbsp;<\/p>\n<p><iframe loading=\"lazy\" title=\"HMS&amp;CML - Zubeh\u00f6r SINNVOLL verstauen!\" width=\"1170\" height=\"658\" src=\"https:\/\/www.youtube.com\/embed\/TRtTybdN-CI?feature=oembed&#038;enablejsapi=1&#038;origin=https:\/\/eshop.tca.sk\" frameborder=\"0\" allow=\"accelerometer; autoplay; clipboard-write; encrypted-media; gyroscope; picture-in-picture; web-share\" referrerpolicy=\"strict-origin-when-cross-origin\" allowfullscreen><\/iframe><\/p>\n<p>&nbsp;<\/p>\n","protected":false},"excerpt":{"rendered":"<p><img loading=\"lazy\" decoding=\"async\" class=\"alignnone wp-image-8549\" src=\"https:\/\/eshop.tca.sk\/wp-content\/uploads\/2023\/04\/logo-black-trident.png\" alt=\"\" width=\"179\" height=\"33\" srcset=\"https:\/\/eshop.tca.sk\/wp-content\/uploads\/2023\/04\/logo-black-trident.png 4749w, https:\/\/eshop.tca.sk\/wp-content\/uploads\/2023\/04\/logo-black-trident-300x55.png 300w, https:\/\/eshop.tca.sk\/wp-content\/uploads\/2023\/04\/logo-black-trident-768x142.png 768w, https:\/\/eshop.tca.sk\/wp-content\/uploads\/2023\/04\/logo-black-trident-600x111.png 600w\" sizes=\"auto, (max-width: 179px) 100vw, 179px\" \/><\/p>\n<p>Handschuhe, EarPro, Knicklichter&#8230; Manchmal fehlt einfach eine dritte Hand, um all den n\u00fctzlichen Kram f\u00fcr einen Moment loszuwerden oder einfach, um bestimme Utensilien sauber an der Ausr\u00fcstung zu versorgen.<\/p>\n<p><img loading=\"lazy\" decoding=\"async\" class=\"wp-image-8564 alignnone\" src=\"https:\/\/eshop.tca.sk\/wp-content\/uploads\/2023\/04\/Logo-Whack-Black-White-R-APPROVED.png\" alt=\"\" width=\"138\" height=\"75\" srcset=\"https:\/\/eshop.tca.sk\/wp-content\/uploads\/2023\/04\/Logo-Whack-Black-White-R-APPROVED.png 571w, https:\/\/eshop.tca.sk\/wp-content\/uploads\/2023\/04\/Logo-Whack-Black-White-R-APPROVED-300x163.png 300w\" sizes=\"auto, (max-width: 138px) 100vw, 138px\" \/><\/p>\n<p>Vom <strong>TCA<\/strong> und dem <strong>WHACK<\/strong>-System verwendete und empfohlene Equipment.<\/p>\n","protected":false},"featured_media":11047,"template":"","meta":{"inline_featured_image":false},"product_brand":[],"product_cat":[321,318],"product_tag":[477],"giftcard-category":[],"class_list":{"0":"post-11037","1":"product","2":"type-product","3":"status-publish","4":"has-post-thumbnail","6":"product_cat-gewehrriemen","7":"product_cat-waffenzubehoer","8":"product_tag-black-trident-de","10":"first","11":"instock","12":"taxable","13":"shipping-taxable","14":"purchasable","15":"product-type-simple"},"yoast_head":"<!-- This site is optimized with the Yoast SEO plugin v26.4 - https:\/\/yoast.com\/wordpress\/plugins\/seo\/ -->\n<title>Black Trident HOLD MY STUFF BLACK - TCA eShop - Tactical Combat Academy<\/title>\n<meta name=\"description\" content=\"Handschuhe, EarPro, Knicklichter... manchmal fehlt einfach eine dritte Hand, um all den n\u00fctzlichen Kram f\u00fcr einen Moment loszuwerden oder einfach, um bestimme Utensilien sauber an der Ausr\u00fcstung zu versorgen.\" \/>\n<meta name=\"robots\" content=\"index, follow, max-snippet:-1, max-image-preview:large, max-video-preview:-1\" \/>\n<link rel=\"canonical\" href=\"https:\/\/eshop.tca.sk\/de\/waffenzubehoer\/black-trident-hold-my-stuff-black\/\" \/>\n<meta property=\"og:locale\" content=\"de_DE\" \/>\n<meta property=\"og:type\" content=\"article\" \/>\n<meta property=\"og:title\" content=\"Black Trident HOLD MY STUFF BLACK - TCA eShop - Tactical Combat Academy\" \/>\n<meta property=\"og:description\" content=\"Handschuhe, EarPro, Knicklichter... manchmal fehlt einfach eine dritte Hand, um all den n\u00fctzlichen Kram f\u00fcr einen Moment loszuwerden oder einfach, um bestimme Utensilien sauber an der Ausr\u00fcstung zu versorgen.\" \/>\n<meta property=\"og:url\" content=\"https:\/\/eshop.tca.sk\/de\/waffenzubehoer\/black-trident-hold-my-stuff-black\/\" \/>\n<meta property=\"og:site_name\" content=\"TCA eShop - Tactical Combat Academy\" \/>\n<meta property=\"article:modified_time\" content=\"2025-11-11T11:18:09+00:00\" \/>\n<meta property=\"og:image\" content=\"https:\/\/eshop.tca.sk\/wp-content\/uploads\/2024\/04\/Black-Trident-HOLD-MY-STUFF-BLACK.jpg\" \/>\n\t<meta property=\"og:image:width\" content=\"1000\" \/>\n\t<meta property=\"og:image:height\" content=\"1000\" \/>\n\t<meta property=\"og:image:type\" content=\"image\/jpeg\" \/>\n<meta name=\"twitter:card\" content=\"summary_large_image\" \/>\n<script type=\"application\/ld+json\" class=\"yoast-schema-graph\">{\"@context\":\"https:\/\/schema.org\",\"@graph\":[{\"@type\":\"WebPage\",\"@id\":\"https:\/\/eshop.tca.sk\/de\/waffenzubehoer\/black-trident-hold-my-stuff-black\/\",\"url\":\"https:\/\/eshop.tca.sk\/de\/waffenzubehoer\/black-trident-hold-my-stuff-black\/\",\"name\":\"Black Trident HOLD MY STUFF BLACK - TCA eShop - Tactical Combat Academy\",\"isPartOf\":{\"@id\":\"https:\/\/eshop.tca.sk\/de\/#website\"},\"primaryImageOfPage\":{\"@id\":\"https:\/\/eshop.tca.sk\/de\/waffenzubehoer\/black-trident-hold-my-stuff-black\/#primaryimage\"},\"image\":{\"@id\":\"https:\/\/eshop.tca.sk\/de\/waffenzubehoer\/black-trident-hold-my-stuff-black\/#primaryimage\"},\"thumbnailUrl\":\"https:\/\/eshop.tca.sk\/wp-content\/uploads\/2024\/04\/Black-Trident-HOLD-MY-STUFF-BLACK.jpg\",\"datePublished\":\"2024-04-10T10:09:25+00:00\",\"dateModified\":\"2025-11-11T11:18:09+00:00\",\"description\":\"Handschuhe, EarPro, Knicklichter... manchmal fehlt einfach eine dritte Hand, um all den n\u00fctzlichen Kram f\u00fcr einen Moment loszuwerden oder einfach, um bestimme Utensilien sauber an der Ausr\u00fcstung zu versorgen.\",\"breadcrumb\":{\"@id\":\"https:\/\/eshop.tca.sk\/de\/waffenzubehoer\/black-trident-hold-my-stuff-black\/#breadcrumb\"},\"inLanguage\":\"de\",\"potentialAction\":[{\"@type\":\"ReadAction\",\"target\":[\"https:\/\/eshop.tca.sk\/de\/waffenzubehoer\/black-trident-hold-my-stuff-black\/\"]}]},{\"@type\":\"ImageObject\",\"inLanguage\":\"de\",\"@id\":\"https:\/\/eshop.tca.sk\/de\/waffenzubehoer\/black-trident-hold-my-stuff-black\/#primaryimage\",\"url\":\"https:\/\/eshop.tca.sk\/wp-content\/uploads\/2024\/04\/Black-Trident-HOLD-MY-STUFF-BLACK.jpg\",\"contentUrl\":\"https:\/\/eshop.tca.sk\/wp-content\/uploads\/2024\/04\/Black-Trident-HOLD-MY-STUFF-BLACK.jpg\",\"width\":1000,\"height\":1000},{\"@type\":\"BreadcrumbList\",\"@id\":\"https:\/\/eshop.tca.sk\/de\/waffenzubehoer\/black-trident-hold-my-stuff-black\/#breadcrumb\",\"itemListElement\":[{\"@type\":\"ListItem\",\"position\":1,\"name\":\"Domovsk\u00e1 str\u00e1nka\",\"item\":\"https:\/\/eshop.tca.sk\/de\/\"},{\"@type\":\"ListItem\",\"position\":2,\"name\":\"Shop\",\"item\":\"https:\/\/eshop.tca.sk\/de\/shop\/\"},{\"@type\":\"ListItem\",\"position\":3,\"name\":\"Black Trident HOLD MY STUFF BLACK\"}]},{\"@type\":\"WebSite\",\"@id\":\"https:\/\/eshop.tca.sk\/de\/#website\",\"url\":\"https:\/\/eshop.tca.sk\/de\/\",\"name\":\"TCA eShop - Tactical Combat Academy\",\"description\":\"Tactical Combat Academy\",\"publisher\":{\"@id\":\"https:\/\/eshop.tca.sk\/de\/#organization\"},\"potentialAction\":[{\"@type\":\"SearchAction\",\"target\":{\"@type\":\"EntryPoint\",\"urlTemplate\":\"https:\/\/eshop.tca.sk\/de\/?s={search_term_string}\"},\"query-input\":{\"@type\":\"PropertyValueSpecification\",\"valueRequired\":true,\"valueName\":\"search_term_string\"}}],\"inLanguage\":\"de\"},{\"@type\":\"Organization\",\"@id\":\"https:\/\/eshop.tca.sk\/de\/#organization\",\"name\":\"TCA eShop - Tactical Combat Academy\",\"url\":\"https:\/\/eshop.tca.sk\/de\/\",\"logo\":{\"@type\":\"ImageObject\",\"inLanguage\":\"de\",\"@id\":\"https:\/\/eshop.tca.sk\/de\/#\/schema\/logo\/image\/\",\"url\":\"https:\/\/eshop.tca.sk\/wp-content\/uploads\/2025\/06\/logo-new-header.png\",\"contentUrl\":\"https:\/\/eshop.tca.sk\/wp-content\/uploads\/2025\/06\/logo-new-header.png\",\"width\":300,\"height\":294,\"caption\":\"TCA eShop - Tactical Combat Academy\"},\"image\":{\"@id\":\"https:\/\/eshop.tca.sk\/de\/#\/schema\/logo\/image\/\"}}]}<\/script>\n<!-- \/ Yoast SEO plugin. -->","yoast_head_json":{"title":"Black Trident HOLD MY STUFF BLACK - TCA eShop - Tactical Combat Academy","description":"Handschuhe, EarPro, Knicklichter... manchmal fehlt einfach eine dritte Hand, um all den n\u00fctzlichen Kram f\u00fcr einen Moment loszuwerden oder einfach, um bestimme Utensilien sauber an der Ausr\u00fcstung zu versorgen.","robots":{"index":"index","follow":"follow","max-snippet":"max-snippet:-1","max-image-preview":"max-image-preview:large","max-video-preview":"max-video-preview:-1"},"canonical":"https:\/\/eshop.tca.sk\/de\/waffenzubehoer\/black-trident-hold-my-stuff-black\/","og_locale":"de_DE","og_type":"article","og_title":"Black Trident HOLD MY STUFF BLACK - TCA eShop - Tactical Combat Academy","og_description":"Handschuhe, EarPro, Knicklichter... manchmal fehlt einfach eine dritte Hand, um all den n\u00fctzlichen Kram f\u00fcr einen Moment loszuwerden oder einfach, um bestimme Utensilien sauber an der Ausr\u00fcstung zu versorgen.","og_url":"https:\/\/eshop.tca.sk\/de\/waffenzubehoer\/black-trident-hold-my-stuff-black\/","og_site_name":"TCA eShop - Tactical Combat Academy","article_modified_time":"2025-11-11T11:18:09+00:00","og_image":[{"width":1000,"height":1000,"url":"https:\/\/eshop.tca.sk\/wp-content\/uploads\/2024\/04\/Black-Trident-HOLD-MY-STUFF-BLACK.jpg","type":"image\/jpeg"}],"twitter_card":"summary_large_image","schema":{"@context":"https:\/\/schema.org","@graph":[{"@type":"WebPage","@id":"https:\/\/eshop.tca.sk\/de\/waffenzubehoer\/black-trident-hold-my-stuff-black\/","url":"https:\/\/eshop.tca.sk\/de\/waffenzubehoer\/black-trident-hold-my-stuff-black\/","name":"Black Trident HOLD MY STUFF BLACK - TCA eShop - Tactical Combat Academy","isPartOf":{"@id":"https:\/\/eshop.tca.sk\/de\/#website"},"primaryImageOfPage":{"@id":"https:\/\/eshop.tca.sk\/de\/waffenzubehoer\/black-trident-hold-my-stuff-black\/#primaryimage"},"image":{"@id":"https:\/\/eshop.tca.sk\/de\/waffenzubehoer\/black-trident-hold-my-stuff-black\/#primaryimage"},"thumbnailUrl":"https:\/\/eshop.tca.sk\/wp-content\/uploads\/2024\/04\/Black-Trident-HOLD-MY-STUFF-BLACK.jpg","datePublished":"2024-04-10T10:09:25+00:00","dateModified":"2025-11-11T11:18:09+00:00","description":"Handschuhe, EarPro, Knicklichter... manchmal fehlt einfach eine dritte Hand, um all den n\u00fctzlichen Kram f\u00fcr einen Moment loszuwerden oder einfach, um bestimme Utensilien sauber an der Ausr\u00fcstung zu versorgen.","breadcrumb":{"@id":"https:\/\/eshop.tca.sk\/de\/waffenzubehoer\/black-trident-hold-my-stuff-black\/#breadcrumb"},"inLanguage":"de","potentialAction":[{"@type":"ReadAction","target":["https:\/\/eshop.tca.sk\/de\/waffenzubehoer\/black-trident-hold-my-stuff-black\/"]}]},{"@type":"ImageObject","inLanguage":"de","@id":"https:\/\/eshop.tca.sk\/de\/waffenzubehoer\/black-trident-hold-my-stuff-black\/#primaryimage","url":"https:\/\/eshop.tca.sk\/wp-content\/uploads\/2024\/04\/Black-Trident-HOLD-MY-STUFF-BLACK.jpg","contentUrl":"https:\/\/eshop.tca.sk\/wp-content\/uploads\/2024\/04\/Black-Trident-HOLD-MY-STUFF-BLACK.jpg","width":1000,"height":1000},{"@type":"BreadcrumbList","@id":"https:\/\/eshop.tca.sk\/de\/waffenzubehoer\/black-trident-hold-my-stuff-black\/#breadcrumb","itemListElement":[{"@type":"ListItem","position":1,"name":"Domovsk\u00e1 str\u00e1nka","item":"https:\/\/eshop.tca.sk\/de\/"},{"@type":"ListItem","position":2,"name":"Shop","item":"https:\/\/eshop.tca.sk\/de\/shop\/"},{"@type":"ListItem","position":3,"name":"Black Trident HOLD MY STUFF BLACK"}]},{"@type":"WebSite","@id":"https:\/\/eshop.tca.sk\/de\/#website","url":"https:\/\/eshop.tca.sk\/de\/","name":"TCA eShop - Tactical Combat Academy","description":"Tactical Combat Academy","publisher":{"@id":"https:\/\/eshop.tca.sk\/de\/#organization"},"potentialAction":[{"@type":"SearchAction","target":{"@type":"EntryPoint","urlTemplate":"https:\/\/eshop.tca.sk\/de\/?s={search_term_string}"},"query-input":{"@type":"PropertyValueSpecification","valueRequired":true,"valueName":"search_term_string"}}],"inLanguage":"de"},{"@type":"Organization","@id":"https:\/\/eshop.tca.sk\/de\/#organization","name":"TCA eShop - Tactical Combat Academy","url":"https:\/\/eshop.tca.sk\/de\/","logo":{"@type":"ImageObject","inLanguage":"de","@id":"https:\/\/eshop.tca.sk\/de\/#\/schema\/logo\/image\/","url":"https:\/\/eshop.tca.sk\/wp-content\/uploads\/2025\/06\/logo-new-header.png","contentUrl":"https:\/\/eshop.tca.sk\/wp-content\/uploads\/2025\/06\/logo-new-header.png","width":300,"height":294,"caption":"TCA eShop - Tactical Combat Academy"},"image":{"@id":"https:\/\/eshop.tca.sk\/de\/#\/schema\/logo\/image\/"}}]}},"_links":{"self":[{"href":"https:\/\/eshop.tca.sk\/de\/wp-json\/wp\/v2\/product\/11037","targetHints":{"allow":["GET"]}}],"collection":[{"href":"https:\/\/eshop.tca.sk\/de\/wp-json\/wp\/v2\/product"}],"about":[{"href":"https:\/\/eshop.tca.sk\/de\/wp-json\/wp\/v2\/types\/product"}],"wp:featuredmedia":[{"embeddable":true,"href":"https:\/\/eshop.tca.sk\/de\/wp-json\/wp\/v2\/media\/11047"}],"wp:attachment":[{"href":"https:\/\/eshop.tca.sk\/de\/wp-json\/wp\/v2\/media?parent=11037"}],"wp:term":[{"taxonomy":"product_brand","embeddable":true,"href":"https:\/\/eshop.tca.sk\/de\/wp-json\/wp\/v2\/product_brand?post=11037"},{"taxonomy":"product_cat","embeddable":true,"href":"https:\/\/eshop.tca.sk\/de\/wp-json\/wp\/v2\/product_cat?post=11037"},{"taxonomy":"product_tag","embeddable":true,"href":"https:\/\/eshop.tca.sk\/de\/wp-json\/wp\/v2\/product_tag?post=11037"},{"taxonomy":"giftcard-category","embeddable":true,"href":"https:\/\/eshop.tca.sk\/de\/wp-json\/wp\/v2\/giftcard-category?post=11037"}],"curies":[{"name":"wp","href":"https:\/\/api.w.org\/{rel}","templated":true}]}}