{"id":11088,"date":"2024-04-10T13:04:32","date_gmt":"2024-04-10T11:04:32","guid":{"rendered":"https:\/\/eshop.tca.sk\/?post_type=product&#038;p=11088"},"modified":"2025-11-11T12:19:24","modified_gmt":"2025-11-11T11:19:24","slug":"black-trident-trauma-burrito-kit-multicam-black","status":"publish","type":"product","link":"https:\/\/eshop.tca.sk\/de\/medic-de\/black-trident-trauma-burrito-kit-multicam-black\/","title":{"rendered":"IFAK Black Trident Trauma Burrito KIT MULTICAM BLACK"},"content":{"rendered":"<h3><strong>Black Trident Trauma Burrito MULTICAM BLACK<\/strong><\/h3>\n<p>Der Black Trident\u00aeTrauma Burrito ist eines der innovativsten Individual First Aid Kits (IFAK) auf dem Markt. Der Innenteil ist daf\u00fcr gemacht, alle n\u00f6tigen medizinischen Hilfsmittel aufzunehmen und ist dabei so aufgebaut, dass der Inhalt nicht geknickt werden kann &#8211; denn beim Verstauen wird er gerollt, nicht gefaltet. Die Au\u00dfenh\u00fclle dient als Schutz f\u00fcr den Inntenteil und als Montageplattform.<\/p>\n<h4><strong>Einer wie kein anderer<\/strong><\/h4>\n<p>Beim Black Trident\u00ae Trauma Burrito handelt es sich um ein zwei Taschen System. Die Innenh\u00fclle dient zur Aufnahme von medizinischem Equipment und l\u00e4sst sich missionsspezifisch mit unterschiedlichen Au\u00dfenh\u00fcllen verwenden.<br \/>\nWeil unser Trauma Burrito so individuell konfigurierbar ist, wie sein Nutzer, haben wir mehrere Au\u00dfenh\u00fcllen kreiert zur Montage an unterschiedlichen Ausr\u00fcstungsgegenst\u00e4nden. Durch die verschiedenen Montagem\u00f6glichkeiten kannst du deinen Burrito missionsspezfisch an deiner Ausr\u00fcstung anbringen.<\/p>\n<p>Mach keine halben Sachen wenn es um dein Leben geht!<\/p>\n<h4><strong>Mehr ist mehr<\/strong><\/h4>\n<p>Auch an den Au\u00dfenh\u00fcllen kann zus\u00e4tzliches First-Aid Equipment angebracht werden:<\/p>\n<ul>\n<li>Separate Aufnahme f\u00fcr gr\u00f6\u00dfere Scheren und<\/li>\n<li>Montagepunkte f\u00fcr Shock Cord, um Gegenst\u00e4nde wie z.B. ein Tourniquet anzubringen<\/li>\n<\/ul>\n<h4><strong>Eigenschaften::<\/strong><\/h4>\n<ul>\n<li>Variable Anpassung der Gr\u00f6\u00dfe an den Inhalt<\/li>\n<li>Faltenfreie Aufnahme von mind. 2 Chest Seals<\/li>\n<li>Platz f\u00fcr alle notwendigen Erste-Hilfe-Produkte<\/li>\n<li>Aufnahme f\u00fcr Schere<\/li>\n<li>Aufnahme f\u00fcr Tourniquet<\/li>\n<li>\u201ePatiens Lanyard\u201c zur Sicherung der Innentasche am Patienten bei Abtransport<\/li>\n<li>mit Klettfl\u00e4chen versehen, um das Anbringen an den Innenteil zu erm\u00f6glichen<\/li>\n<li>F\u00fcr Links- und Rechtsh\u00e4nder geeignet<\/li>\n<li>Flauschklettfl\u00e4che an der Au\u00dfenh\u00fclle f\u00fcr Patches (Blutgruppe, Einheit, etc.)<\/li>\n<li>Hergestellt aus 500D Cordura Laminat<\/li>\n<li>Erh\u00e4ltlich in verschiedenen Farben, passend zu deiner Ausr\u00fcstung<\/li>\n<li>Ma\u00dfe: ca. 170 (L) x 100 (B) x 80 (H) (Bei Best\u00fcckung: 1x Chest Seal, 1x Israeli Bandage, 1x Combat Gauze, 1x Compressed Gauze, 2x Einweg Handschuhe, 1x Needle D\u2018 Compression, 1x Knicklicht, 1x Lackstift, 1x Wendltubus + Gel, 1x Patientenkarte, 1x Patients\u2018 Lanyard)<\/li>\n<\/ul>\n<p>&nbsp;<\/p>\n<p><iframe loading=\"lazy\" title=\"Tactical Field Care Kit f\u00fcr dein IFAK\" width=\"1170\" height=\"658\" src=\"https:\/\/www.youtube.com\/embed\/7B6rqzTYjO0?feature=oembed&#038;enablejsapi=1&#038;origin=https:\/\/eshop.tca.sk\" frameborder=\"0\" allow=\"accelerometer; autoplay; clipboard-write; encrypted-media; gyroscope; picture-in-picture; web-share\" referrerpolicy=\"strict-origin-when-cross-origin\" allowfullscreen><\/iframe><\/p>\n<p>&nbsp;<\/p>\n","protected":false},"excerpt":{"rendered":"<p><img loading=\"lazy\" decoding=\"async\" class=\"alignnone wp-image-8549\" src=\"https:\/\/eshop.tca.sk\/wp-content\/uploads\/2023\/04\/logo-black-trident.png\" alt=\"\" width=\"179\" height=\"33\" srcset=\"https:\/\/eshop.tca.sk\/wp-content\/uploads\/2023\/04\/logo-black-trident.png 4749w, https:\/\/eshop.tca.sk\/wp-content\/uploads\/2023\/04\/logo-black-trident-300x55.png 300w, https:\/\/eshop.tca.sk\/wp-content\/uploads\/2023\/04\/logo-black-trident-768x142.png 768w, https:\/\/eshop.tca.sk\/wp-content\/uploads\/2023\/04\/logo-black-trident-600x111.png 600w\" sizes=\"auto, (max-width: 179px) 100vw, 179px\" \/><\/p>\n<p>Der Black Trident\u00aeTrauma Burrito ist eines der innovativsten Individual First Aid Kits (IFAK) auf dem Markt.<\/p>\n<p><img loading=\"lazy\" decoding=\"async\" class=\"wp-image-8564 alignnone\" src=\"https:\/\/eshop.tca.sk\/wp-content\/uploads\/2023\/04\/Logo-Whack-Black-White-R-APPROVED.png\" alt=\"\" width=\"138\" height=\"75\" srcset=\"https:\/\/eshop.tca.sk\/wp-content\/uploads\/2023\/04\/Logo-Whack-Black-White-R-APPROVED.png 571w, https:\/\/eshop.tca.sk\/wp-content\/uploads\/2023\/04\/Logo-Whack-Black-White-R-APPROVED-300x163.png 300w\" sizes=\"auto, (max-width: 138px) 100vw, 138px\" \/><\/p>\n<p>Vom <strong>TCA<\/strong> und dem <strong>WHACK<\/strong>-System verwendete und empfohlene Equipment.<\/p>\n","protected":false},"featured_media":11082,"template":"","meta":{"inline_featured_image":false},"product_brand":[],"product_cat":[468],"product_tag":[477],"giftcard-category":[],"class_list":{"0":"post-11088","1":"product","2":"type-product","3":"status-publish","4":"has-post-thumbnail","6":"product_cat-medic-de","7":"product_tag-black-trident-de","9":"first","10":"instock","11":"taxable","12":"shipping-taxable","13":"purchasable","14":"product-type-simple"},"yoast_head":"<!-- This site is optimized with the Yoast SEO plugin v26.4 - https:\/\/yoast.com\/wordpress\/plugins\/seo\/ -->\n<title>IFAK Black Trident Trauma Burrito KIT MULTICAM BLACK - TCA eShop - Tactical Combat Academy<\/title>\n<meta name=\"description\" content=\"Der IFAK Black Trident\u00ae Trauma Burrito ist einer der innovativsten individuellen Erste-Hilfe-Kits (IFAK) auf dem Markt.\" \/>\n<meta name=\"robots\" content=\"index, follow, max-snippet:-1, max-image-preview:large, max-video-preview:-1\" \/>\n<link rel=\"canonical\" href=\"https:\/\/eshop.tca.sk\/de\/medic-de\/black-trident-trauma-burrito-kit-multicam-black\/\" \/>\n<meta property=\"og:locale\" content=\"de_DE\" \/>\n<meta property=\"og:type\" content=\"article\" \/>\n<meta property=\"og:title\" content=\"IFAK Black Trident Trauma Burrito KIT MULTICAM BLACK - TCA eShop - Tactical Combat Academy\" \/>\n<meta property=\"og:description\" content=\"Der IFAK Black Trident\u00ae Trauma Burrito ist einer der innovativsten individuellen Erste-Hilfe-Kits (IFAK) auf dem Markt.\" \/>\n<meta property=\"og:url\" content=\"https:\/\/eshop.tca.sk\/de\/medic-de\/black-trident-trauma-burrito-kit-multicam-black\/\" \/>\n<meta property=\"og:site_name\" content=\"TCA eShop - Tactical Combat Academy\" \/>\n<meta property=\"article:modified_time\" content=\"2025-11-11T11:19:24+00:00\" \/>\n<meta property=\"og:image\" content=\"https:\/\/eshop.tca.sk\/wp-content\/uploads\/2024\/04\/Black-Trident-Trauma-Burrito-KIT-Multicam-Black.jpg\" \/>\n\t<meta property=\"og:image:width\" content=\"1000\" \/>\n\t<meta property=\"og:image:height\" content=\"1000\" \/>\n\t<meta property=\"og:image:type\" content=\"image\/jpeg\" \/>\n<meta name=\"twitter:card\" content=\"summary_large_image\" \/>\n<script type=\"application\/ld+json\" class=\"yoast-schema-graph\">{\"@context\":\"https:\/\/schema.org\",\"@graph\":[{\"@type\":\"WebPage\",\"@id\":\"https:\/\/eshop.tca.sk\/de\/medic-de\/black-trident-trauma-burrito-kit-multicam-black\/\",\"url\":\"https:\/\/eshop.tca.sk\/de\/medic-de\/black-trident-trauma-burrito-kit-multicam-black\/\",\"name\":\"IFAK Black Trident Trauma Burrito KIT MULTICAM BLACK - TCA eShop - Tactical Combat Academy\",\"isPartOf\":{\"@id\":\"https:\/\/eshop.tca.sk\/de\/#website\"},\"primaryImageOfPage\":{\"@id\":\"https:\/\/eshop.tca.sk\/de\/medic-de\/black-trident-trauma-burrito-kit-multicam-black\/#primaryimage\"},\"image\":{\"@id\":\"https:\/\/eshop.tca.sk\/de\/medic-de\/black-trident-trauma-burrito-kit-multicam-black\/#primaryimage\"},\"thumbnailUrl\":\"https:\/\/eshop.tca.sk\/wp-content\/uploads\/2024\/04\/Black-Trident-Trauma-Burrito-KIT-Multicam-Black.jpg\",\"datePublished\":\"2024-04-10T11:04:32+00:00\",\"dateModified\":\"2025-11-11T11:19:24+00:00\",\"description\":\"Der IFAK Black Trident\u00ae Trauma Burrito ist einer der innovativsten individuellen Erste-Hilfe-Kits (IFAK) auf dem Markt.\",\"breadcrumb\":{\"@id\":\"https:\/\/eshop.tca.sk\/de\/medic-de\/black-trident-trauma-burrito-kit-multicam-black\/#breadcrumb\"},\"inLanguage\":\"de\",\"potentialAction\":[{\"@type\":\"ReadAction\",\"target\":[\"https:\/\/eshop.tca.sk\/de\/medic-de\/black-trident-trauma-burrito-kit-multicam-black\/\"]}]},{\"@type\":\"ImageObject\",\"inLanguage\":\"de\",\"@id\":\"https:\/\/eshop.tca.sk\/de\/medic-de\/black-trident-trauma-burrito-kit-multicam-black\/#primaryimage\",\"url\":\"https:\/\/eshop.tca.sk\/wp-content\/uploads\/2024\/04\/Black-Trident-Trauma-Burrito-KIT-Multicam-Black.jpg\",\"contentUrl\":\"https:\/\/eshop.tca.sk\/wp-content\/uploads\/2024\/04\/Black-Trident-Trauma-Burrito-KIT-Multicam-Black.jpg\",\"width\":1000,\"height\":1000},{\"@type\":\"BreadcrumbList\",\"@id\":\"https:\/\/eshop.tca.sk\/de\/medic-de\/black-trident-trauma-burrito-kit-multicam-black\/#breadcrumb\",\"itemListElement\":[{\"@type\":\"ListItem\",\"position\":1,\"name\":\"Domovsk\u00e1 str\u00e1nka\",\"item\":\"https:\/\/eshop.tca.sk\/de\/\"},{\"@type\":\"ListItem\",\"position\":2,\"name\":\"Shop\",\"item\":\"https:\/\/eshop.tca.sk\/de\/shop\/\"},{\"@type\":\"ListItem\",\"position\":3,\"name\":\"IFAK Black Trident Trauma Burrito KIT MULTICAM BLACK\"}]},{\"@type\":\"WebSite\",\"@id\":\"https:\/\/eshop.tca.sk\/de\/#website\",\"url\":\"https:\/\/eshop.tca.sk\/de\/\",\"name\":\"TCA eShop - Tactical Combat Academy\",\"description\":\"Tactical Combat Academy\",\"publisher\":{\"@id\":\"https:\/\/eshop.tca.sk\/de\/#organization\"},\"potentialAction\":[{\"@type\":\"SearchAction\",\"target\":{\"@type\":\"EntryPoint\",\"urlTemplate\":\"https:\/\/eshop.tca.sk\/de\/?s={search_term_string}\"},\"query-input\":{\"@type\":\"PropertyValueSpecification\",\"valueRequired\":true,\"valueName\":\"search_term_string\"}}],\"inLanguage\":\"de\"},{\"@type\":\"Organization\",\"@id\":\"https:\/\/eshop.tca.sk\/de\/#organization\",\"name\":\"TCA eShop - Tactical Combat Academy\",\"url\":\"https:\/\/eshop.tca.sk\/de\/\",\"logo\":{\"@type\":\"ImageObject\",\"inLanguage\":\"de\",\"@id\":\"https:\/\/eshop.tca.sk\/de\/#\/schema\/logo\/image\/\",\"url\":\"https:\/\/eshop.tca.sk\/wp-content\/uploads\/2025\/06\/logo-new-header.png\",\"contentUrl\":\"https:\/\/eshop.tca.sk\/wp-content\/uploads\/2025\/06\/logo-new-header.png\",\"width\":300,\"height\":294,\"caption\":\"TCA eShop - Tactical Combat Academy\"},\"image\":{\"@id\":\"https:\/\/eshop.tca.sk\/de\/#\/schema\/logo\/image\/\"}}]}<\/script>\n<!-- \/ Yoast SEO plugin. -->","yoast_head_json":{"title":"IFAK Black Trident Trauma Burrito KIT MULTICAM BLACK - TCA eShop - Tactical Combat Academy","description":"Der IFAK Black Trident\u00ae Trauma Burrito ist einer der innovativsten individuellen Erste-Hilfe-Kits (IFAK) auf dem Markt.","robots":{"index":"index","follow":"follow","max-snippet":"max-snippet:-1","max-image-preview":"max-image-preview:large","max-video-preview":"max-video-preview:-1"},"canonical":"https:\/\/eshop.tca.sk\/de\/medic-de\/black-trident-trauma-burrito-kit-multicam-black\/","og_locale":"de_DE","og_type":"article","og_title":"IFAK Black Trident Trauma Burrito KIT MULTICAM BLACK - TCA eShop - Tactical Combat Academy","og_description":"Der IFAK Black Trident\u00ae Trauma Burrito ist einer der innovativsten individuellen Erste-Hilfe-Kits (IFAK) auf dem Markt.","og_url":"https:\/\/eshop.tca.sk\/de\/medic-de\/black-trident-trauma-burrito-kit-multicam-black\/","og_site_name":"TCA eShop - Tactical Combat Academy","article_modified_time":"2025-11-11T11:19:24+00:00","og_image":[{"width":1000,"height":1000,"url":"https:\/\/eshop.tca.sk\/wp-content\/uploads\/2024\/04\/Black-Trident-Trauma-Burrito-KIT-Multicam-Black.jpg","type":"image\/jpeg"}],"twitter_card":"summary_large_image","schema":{"@context":"https:\/\/schema.org","@graph":[{"@type":"WebPage","@id":"https:\/\/eshop.tca.sk\/de\/medic-de\/black-trident-trauma-burrito-kit-multicam-black\/","url":"https:\/\/eshop.tca.sk\/de\/medic-de\/black-trident-trauma-burrito-kit-multicam-black\/","name":"IFAK Black Trident Trauma Burrito KIT MULTICAM BLACK - TCA eShop - Tactical Combat Academy","isPartOf":{"@id":"https:\/\/eshop.tca.sk\/de\/#website"},"primaryImageOfPage":{"@id":"https:\/\/eshop.tca.sk\/de\/medic-de\/black-trident-trauma-burrito-kit-multicam-black\/#primaryimage"},"image":{"@id":"https:\/\/eshop.tca.sk\/de\/medic-de\/black-trident-trauma-burrito-kit-multicam-black\/#primaryimage"},"thumbnailUrl":"https:\/\/eshop.tca.sk\/wp-content\/uploads\/2024\/04\/Black-Trident-Trauma-Burrito-KIT-Multicam-Black.jpg","datePublished":"2024-04-10T11:04:32+00:00","dateModified":"2025-11-11T11:19:24+00:00","description":"Der IFAK Black Trident\u00ae Trauma Burrito ist einer der innovativsten individuellen Erste-Hilfe-Kits (IFAK) auf dem Markt.","breadcrumb":{"@id":"https:\/\/eshop.tca.sk\/de\/medic-de\/black-trident-trauma-burrito-kit-multicam-black\/#breadcrumb"},"inLanguage":"de","potentialAction":[{"@type":"ReadAction","target":["https:\/\/eshop.tca.sk\/de\/medic-de\/black-trident-trauma-burrito-kit-multicam-black\/"]}]},{"@type":"ImageObject","inLanguage":"de","@id":"https:\/\/eshop.tca.sk\/de\/medic-de\/black-trident-trauma-burrito-kit-multicam-black\/#primaryimage","url":"https:\/\/eshop.tca.sk\/wp-content\/uploads\/2024\/04\/Black-Trident-Trauma-Burrito-KIT-Multicam-Black.jpg","contentUrl":"https:\/\/eshop.tca.sk\/wp-content\/uploads\/2024\/04\/Black-Trident-Trauma-Burrito-KIT-Multicam-Black.jpg","width":1000,"height":1000},{"@type":"BreadcrumbList","@id":"https:\/\/eshop.tca.sk\/de\/medic-de\/black-trident-trauma-burrito-kit-multicam-black\/#breadcrumb","itemListElement":[{"@type":"ListItem","position":1,"name":"Domovsk\u00e1 str\u00e1nka","item":"https:\/\/eshop.tca.sk\/de\/"},{"@type":"ListItem","position":2,"name":"Shop","item":"https:\/\/eshop.tca.sk\/de\/shop\/"},{"@type":"ListItem","position":3,"name":"IFAK Black Trident Trauma Burrito KIT MULTICAM BLACK"}]},{"@type":"WebSite","@id":"https:\/\/eshop.tca.sk\/de\/#website","url":"https:\/\/eshop.tca.sk\/de\/","name":"TCA eShop - Tactical Combat Academy","description":"Tactical Combat Academy","publisher":{"@id":"https:\/\/eshop.tca.sk\/de\/#organization"},"potentialAction":[{"@type":"SearchAction","target":{"@type":"EntryPoint","urlTemplate":"https:\/\/eshop.tca.sk\/de\/?s={search_term_string}"},"query-input":{"@type":"PropertyValueSpecification","valueRequired":true,"valueName":"search_term_string"}}],"inLanguage":"de"},{"@type":"Organization","@id":"https:\/\/eshop.tca.sk\/de\/#organization","name":"TCA eShop - Tactical Combat Academy","url":"https:\/\/eshop.tca.sk\/de\/","logo":{"@type":"ImageObject","inLanguage":"de","@id":"https:\/\/eshop.tca.sk\/de\/#\/schema\/logo\/image\/","url":"https:\/\/eshop.tca.sk\/wp-content\/uploads\/2025\/06\/logo-new-header.png","contentUrl":"https:\/\/eshop.tca.sk\/wp-content\/uploads\/2025\/06\/logo-new-header.png","width":300,"height":294,"caption":"TCA eShop - Tactical Combat Academy"},"image":{"@id":"https:\/\/eshop.tca.sk\/de\/#\/schema\/logo\/image\/"}}]}},"_links":{"self":[{"href":"https:\/\/eshop.tca.sk\/de\/wp-json\/wp\/v2\/product\/11088","targetHints":{"allow":["GET"]}}],"collection":[{"href":"https:\/\/eshop.tca.sk\/de\/wp-json\/wp\/v2\/product"}],"about":[{"href":"https:\/\/eshop.tca.sk\/de\/wp-json\/wp\/v2\/types\/product"}],"wp:featuredmedia":[{"embeddable":true,"href":"https:\/\/eshop.tca.sk\/de\/wp-json\/wp\/v2\/media\/11082"}],"wp:attachment":[{"href":"https:\/\/eshop.tca.sk\/de\/wp-json\/wp\/v2\/media?parent=11088"}],"wp:term":[{"taxonomy":"product_brand","embeddable":true,"href":"https:\/\/eshop.tca.sk\/de\/wp-json\/wp\/v2\/product_brand?post=11088"},{"taxonomy":"product_cat","embeddable":true,"href":"https:\/\/eshop.tca.sk\/de\/wp-json\/wp\/v2\/product_cat?post=11088"},{"taxonomy":"product_tag","embeddable":true,"href":"https:\/\/eshop.tca.sk\/de\/wp-json\/wp\/v2\/product_tag?post=11088"},{"taxonomy":"giftcard-category","embeddable":true,"href":"https:\/\/eshop.tca.sk\/de\/wp-json\/wp\/v2\/giftcard-category?post=11088"}],"curies":[{"name":"wp","href":"https:\/\/api.w.org\/{rel}","templated":true}]}}