{"id":11114,"date":"2024-04-10T14:41:46","date_gmt":"2024-04-10T12:41:46","guid":{"rendered":"https:\/\/eshop.tca.sk\/?post_type=product&#038;p=11114"},"modified":"2025-11-23T19:28:32","modified_gmt":"2025-11-23T18:28:32","slug":"nosic-platov-frog-pro-defender-low-visibility-ranger-green","status":"publish","type":"product","link":"https:\/\/eshop.tca.sk\/de\/taktische-westen\/nosic-platov-frog-pro-defender-low-visibility-ranger-green\/","title":{"rendered":"Plattentr\u00e4ger FROG.PRO Defender Low Visibility RANGER GREEN"},"content":{"rendered":"<h3><strong>Plattentr\u00e4ger FROG.PRO Defender Low Visibility RANGER GREEN<\/strong><\/h3>\n<p><strong>Der Defender Low Visibility Plattentr\u00e4ger<\/strong> wurde f\u00fcr diejenigen entwickelt, die starre ballistische Platten tragen und dabei eine unauff\u00e4llige Silhouette beibehalten m\u00fcssen, ohne auf die M\u00f6glichkeit zu verzichten, von einer minimalistischen L\u00f6sung zu einer Kampfkonfiguration zu wechseln.<\/p>\n<p>Das Design erm\u00f6glicht die Aufnahme aller Arten von starren ballistischen Platten, wie <strong>SAPI, E-SAPI, Swimmer Cut, rechteckig und mehr<\/strong> Dank des elastischen 4-Wege-Gewebes im Innenteil kann sich die Plattentasche in ihrer Gr\u00f6\u00dfe an den getragenen ballistischen Schutz anpassen und ihn umh\u00fcllen, um die Masse des Plattentr\u00e4gers zu minimieren. Aus dem gleichen Grund sind die Schultergurte aus MIL-W-17337, Klasse 2 Gurtband, in 2&#8243; Breite, ohne zus\u00e4tzliche Polsterung.<\/p>\n<p>Der mitgelieferte <strong>elastische Kummerbund<\/strong> f\u00fcr niedrige Sichtbarkeit, der aus MIL-W-5664 oder gewebtem Elastikmaterial besteht, verf\u00fcgt \u00fcber eine Reihe von elastischen Mehrfachtaschen auf jeder Seite, die einen zuverl\u00e4ssigen und wiederholbaren Druck auf den Inhalt aus\u00fcben. Die Taschen k\u00f6nnen f\u00fcr eine Vielzahl von Gewehrmagazinen, zivilen oder milit\u00e4rischen Funkger\u00e4ten, Rauchgranaten, medizinischer Ausr\u00fcstung oder allem, was hineinpasst, verwendet werden. Der Kummerbund kann durch andere Modelle mit Velcro\u00ae-Klettverschluss und Verstellsystem ersetzt werden.<\/p>\n<p><strong>Die Mag Pouch 5.56 Mag Velcro Insert<\/strong> dreifach kann 3 Magazine f\u00fcr AR \/ M4-Plattform mit minimalem Gewicht und Masse zu halten. Das lasergeschnittene Hypalon-Gewebe sorgt zusammen mit der elastischen Halterung f\u00fcr einen hervorragenden Magazinhalt.<\/p>\n<p>Dank der ITW Nexus\u00ae QASM-Schnallen an der Vorderseite kann der Defender LVPC schnell mit Frontplatten wie dem <strong>Modular Reconnaissance Chest Rig oder der Modular Reconnaissance Task Bag<\/strong> ausgestattet werden. Die Schnallen k\u00f6nnen entfernt werden, um bei der Verwendung als verdeckte Schutzweste f\u00fcr geheime oder verdeckte Operationen keine hervorstehenden Teile zu haben.<\/p>\n<p><strong><span style=\"text-decoration: underline;\">Der Defender Low Visibility Plate Carrier ist in zwei Gr\u00f6\u00dfen erh\u00e4ltlich:<\/span><\/strong><\/p>\n<p>die Gr\u00f6\u00dfe SM\/MD eignet sich f\u00fcr ballistische Platten in kleiner oder mittlerer Gr\u00f6\u00dfe und der Kummerbund verf\u00fcgt \u00fcber 3 elastische Taschen pro Seite<br \/>\nDie Gr\u00f6\u00dfe LG\/XL eignet sich f\u00fcr ballistische Platten in den Gr\u00f6\u00dfen Large oder X-Large und der Kummerbund verf\u00fcgt \u00fcber 4 elastische Taschen pro Seite<\/p>\n<p>Die Liebe zum Detail, kombiniert mit individuellem Design, bietet ein einzigartiges Produkt, das unser Engagement f\u00fcr &#8220;State of the Art&#8221;-Milit\u00e4rtechnik widerspiegelt.<\/p>\n<p><iframe loading=\"lazy\" title=\"FROG PRO\u00ae | Tailored gear, human made.\" width=\"1170\" height=\"658\" src=\"https:\/\/www.youtube.com\/embed\/7d5tz3DPVU4?feature=oembed&#038;enablejsapi=1&#038;origin=https:\/\/eshop.tca.sk\" frameborder=\"0\" allow=\"accelerometer; autoplay; clipboard-write; encrypted-media; gyroscope; picture-in-picture; web-share\" referrerpolicy=\"strict-origin-when-cross-origin\" allowfullscreen><\/iframe><\/p>\n<p>&nbsp;<\/p>\n","protected":false},"excerpt":{"rendered":"<p><img loading=\"lazy\" decoding=\"async\" class=\"alignnone wp-image-10791\" src=\"https:\/\/eshop.tca.sk\/wp-content\/uploads\/2024\/04\/FROG.png\" alt=\"\" width=\"144\" height=\"66\" srcset=\"https:\/\/eshop.tca.sk\/wp-content\/uploads\/2024\/04\/FROG.png 291w, https:\/\/eshop.tca.sk\/wp-content\/uploads\/2024\/04\/FROG-24x11.png 24w, https:\/\/eshop.tca.sk\/wp-content\/uploads\/2024\/04\/FROG-36x16.png 36w, https:\/\/eshop.tca.sk\/wp-content\/uploads\/2024\/04\/FROG-48x22.png 48w\" sizes=\"auto, (max-width: 144px) 100vw, 144px\" \/><\/p>\n<p><strong>Der Defender Low Visibility Plattentr\u00e4ger<\/strong> wurde f\u00fcr diejenigen entwickelt, die starre ballistische Platten tragen und dabei eine unauff\u00e4llige Silhouette beibehalten m\u00fcssen, ohne auf die M\u00f6glichkeit zu verzichten, von einer minimalistischen L\u00f6sung zu einer Kampfkonfiguration zu wechseln.<\/p>\n<p><img loading=\"lazy\" decoding=\"async\" class=\"wp-image-8564 alignnone\" src=\"https:\/\/eshop.tca.sk\/wp-content\/uploads\/2023\/04\/Logo-Whack-Black-White-R-APPROVED.png\" alt=\"\" width=\"138\" height=\"75\" srcset=\"https:\/\/eshop.tca.sk\/wp-content\/uploads\/2023\/04\/Logo-Whack-Black-White-R-APPROVED.png 571w, https:\/\/eshop.tca.sk\/wp-content\/uploads\/2023\/04\/Logo-Whack-Black-White-R-APPROVED-300x163.png 300w\" sizes=\"auto, (max-width: 138px) 100vw, 138px\" \/><\/p>\n<p>Vom <a href=\"https:\/\/www.tca.sk\/\"><strong>TCA<\/strong><\/a> und dem <strong><a href=\"https:\/\/www.tca.sk\/profil\/ako-zacat-s-kurzami\">WHACK-System<\/a><\/strong> verwendete und empfohlene Equipment.<\/p>\n","protected":false},"featured_media":11118,"template":"","meta":{"inline_featured_image":false},"product_brand":[],"product_cat":[323,616,470],"product_tag":[565],"giftcard-category":[],"class_list":{"0":"post-11114","1":"product","2":"type-product","3":"status-publish","4":"has-post-thumbnail","6":"product_cat-ausruestung","7":"product_cat-plattentraeger","8":"product_cat-taktische-westen","9":"product_tag-frog-pro-de","11":"first","12":"instock","13":"taxable","14":"shipping-taxable","15":"purchasable","16":"product-type-variable"},"yoast_head":"<!-- This site is optimized with the Yoast SEO plugin v26.4 - https:\/\/yoast.com\/wordpress\/plugins\/seo\/ -->\n<title>Plattentr\u00e4ger FROG.PRO Defender Low Visibility RANGER GREEN - TCA eShop - Tactical Combat Academy<\/title>\n<meta name=\"description\" content=\"Der Defender Low Visibility Plattentr\u00e4ger wurde f\u00fcr diejenigen entwickelt, die starre ballistische Platten tragen und dabei eine unauff\u00e4llige Silhouette beibehalten m\u00fcssen, ohne auf die M\u00f6glichkeit zu verzichten, von einer minimalistischen L\u00f6sung zu einer Kampfkonfiguration zu wechseln.\" \/>\n<meta name=\"robots\" content=\"index, follow, max-snippet:-1, max-image-preview:large, max-video-preview:-1\" \/>\n<link rel=\"canonical\" href=\"https:\/\/eshop.tca.sk\/de\/taktische-westen\/nosic-platov-frog-pro-defender-low-visibility-ranger-green\/\" \/>\n<meta property=\"og:locale\" content=\"de_DE\" \/>\n<meta property=\"og:type\" content=\"article\" \/>\n<meta property=\"og:title\" content=\"Plattentr\u00e4ger FROG.PRO Defender Low Visibility RANGER GREEN - TCA eShop - Tactical Combat Academy\" \/>\n<meta property=\"og:description\" content=\"Der Defender Low Visibility Plattentr\u00e4ger wurde f\u00fcr diejenigen entwickelt, die starre ballistische Platten tragen und dabei eine unauff\u00e4llige Silhouette beibehalten m\u00fcssen, ohne auf die M\u00f6glichkeit zu verzichten, von einer minimalistischen L\u00f6sung zu einer Kampfkonfiguration zu wechseln.\" \/>\n<meta property=\"og:url\" content=\"https:\/\/eshop.tca.sk\/de\/taktische-westen\/nosic-platov-frog-pro-defender-low-visibility-ranger-green\/\" \/>\n<meta property=\"og:site_name\" content=\"TCA eShop - Tactical Combat Academy\" \/>\n<meta property=\"article:modified_time\" content=\"2025-11-23T18:28:32+00:00\" \/>\n<meta property=\"og:image\" content=\"https:\/\/eshop.tca.sk\/wp-content\/uploads\/2024\/04\/Nosic-Platov-FROG.PRO-Defender-Low-Visibility-RANGER-GREEN-a.jpg\" \/>\n\t<meta property=\"og:image:width\" content=\"1000\" \/>\n\t<meta property=\"og:image:height\" content=\"1000\" \/>\n\t<meta property=\"og:image:type\" content=\"image\/jpeg\" \/>\n<meta name=\"twitter:card\" content=\"summary_large_image\" \/>\n<script type=\"application\/ld+json\" class=\"yoast-schema-graph\">{\"@context\":\"https:\/\/schema.org\",\"@graph\":[{\"@type\":\"WebPage\",\"@id\":\"https:\/\/eshop.tca.sk\/de\/taktische-westen\/nosic-platov-frog-pro-defender-low-visibility-ranger-green\/\",\"url\":\"https:\/\/eshop.tca.sk\/de\/taktische-westen\/nosic-platov-frog-pro-defender-low-visibility-ranger-green\/\",\"name\":\"Plattentr\u00e4ger FROG.PRO Defender Low Visibility RANGER GREEN - TCA eShop - Tactical Combat Academy\",\"isPartOf\":{\"@id\":\"https:\/\/eshop.tca.sk\/de\/#website\"},\"primaryImageOfPage\":{\"@id\":\"https:\/\/eshop.tca.sk\/de\/taktische-westen\/nosic-platov-frog-pro-defender-low-visibility-ranger-green\/#primaryimage\"},\"image\":{\"@id\":\"https:\/\/eshop.tca.sk\/de\/taktische-westen\/nosic-platov-frog-pro-defender-low-visibility-ranger-green\/#primaryimage\"},\"thumbnailUrl\":\"https:\/\/eshop.tca.sk\/wp-content\/uploads\/2024\/04\/Nosic-Platov-FROG.PRO-Defender-Low-Visibility-RANGER-GREEN-a.jpg\",\"datePublished\":\"2024-04-10T12:41:46+00:00\",\"dateModified\":\"2025-11-23T18:28:32+00:00\",\"description\":\"Der Defender Low Visibility Plattentr\u00e4ger wurde f\u00fcr diejenigen entwickelt, die starre ballistische Platten tragen und dabei eine unauff\u00e4llige Silhouette beibehalten m\u00fcssen, ohne auf die M\u00f6glichkeit zu verzichten, von einer minimalistischen L\u00f6sung zu einer Kampfkonfiguration zu wechseln.\",\"breadcrumb\":{\"@id\":\"https:\/\/eshop.tca.sk\/de\/taktische-westen\/nosic-platov-frog-pro-defender-low-visibility-ranger-green\/#breadcrumb\"},\"inLanguage\":\"de\",\"potentialAction\":[{\"@type\":\"ReadAction\",\"target\":[\"https:\/\/eshop.tca.sk\/de\/taktische-westen\/nosic-platov-frog-pro-defender-low-visibility-ranger-green\/\"]}]},{\"@type\":\"ImageObject\",\"inLanguage\":\"de\",\"@id\":\"https:\/\/eshop.tca.sk\/de\/taktische-westen\/nosic-platov-frog-pro-defender-low-visibility-ranger-green\/#primaryimage\",\"url\":\"https:\/\/eshop.tca.sk\/wp-content\/uploads\/2024\/04\/Nosic-Platov-FROG.PRO-Defender-Low-Visibility-RANGER-GREEN-a.jpg\",\"contentUrl\":\"https:\/\/eshop.tca.sk\/wp-content\/uploads\/2024\/04\/Nosic-Platov-FROG.PRO-Defender-Low-Visibility-RANGER-GREEN-a.jpg\",\"width\":1000,\"height\":1000},{\"@type\":\"BreadcrumbList\",\"@id\":\"https:\/\/eshop.tca.sk\/de\/taktische-westen\/nosic-platov-frog-pro-defender-low-visibility-ranger-green\/#breadcrumb\",\"itemListElement\":[{\"@type\":\"ListItem\",\"position\":1,\"name\":\"Domovsk\u00e1 str\u00e1nka\",\"item\":\"https:\/\/eshop.tca.sk\/de\/\"},{\"@type\":\"ListItem\",\"position\":2,\"name\":\"Shop\",\"item\":\"https:\/\/eshop.tca.sk\/de\/shop\/\"},{\"@type\":\"ListItem\",\"position\":3,\"name\":\"Plattentr\u00e4ger FROG.PRO Defender Low Visibility RANGER GREEN\"}]},{\"@type\":\"WebSite\",\"@id\":\"https:\/\/eshop.tca.sk\/de\/#website\",\"url\":\"https:\/\/eshop.tca.sk\/de\/\",\"name\":\"TCA eShop - Tactical Combat Academy\",\"description\":\"Tactical Combat Academy\",\"publisher\":{\"@id\":\"https:\/\/eshop.tca.sk\/de\/#organization\"},\"potentialAction\":[{\"@type\":\"SearchAction\",\"target\":{\"@type\":\"EntryPoint\",\"urlTemplate\":\"https:\/\/eshop.tca.sk\/de\/?s={search_term_string}\"},\"query-input\":{\"@type\":\"PropertyValueSpecification\",\"valueRequired\":true,\"valueName\":\"search_term_string\"}}],\"inLanguage\":\"de\"},{\"@type\":\"Organization\",\"@id\":\"https:\/\/eshop.tca.sk\/de\/#organization\",\"name\":\"TCA eShop - Tactical Combat Academy\",\"url\":\"https:\/\/eshop.tca.sk\/de\/\",\"logo\":{\"@type\":\"ImageObject\",\"inLanguage\":\"de\",\"@id\":\"https:\/\/eshop.tca.sk\/de\/#\/schema\/logo\/image\/\",\"url\":\"https:\/\/eshop.tca.sk\/wp-content\/uploads\/2025\/06\/logo-new-header.png\",\"contentUrl\":\"https:\/\/eshop.tca.sk\/wp-content\/uploads\/2025\/06\/logo-new-header.png\",\"width\":300,\"height\":294,\"caption\":\"TCA eShop - Tactical Combat Academy\"},\"image\":{\"@id\":\"https:\/\/eshop.tca.sk\/de\/#\/schema\/logo\/image\/\"}}]}<\/script>\n<!-- \/ Yoast SEO plugin. -->","yoast_head_json":{"title":"Plattentr\u00e4ger FROG.PRO Defender Low Visibility RANGER GREEN - TCA eShop - Tactical Combat Academy","description":"Der Defender Low Visibility Plattentr\u00e4ger wurde f\u00fcr diejenigen entwickelt, die starre ballistische Platten tragen und dabei eine unauff\u00e4llige Silhouette beibehalten m\u00fcssen, ohne auf die M\u00f6glichkeit zu verzichten, von einer minimalistischen L\u00f6sung zu einer Kampfkonfiguration zu wechseln.","robots":{"index":"index","follow":"follow","max-snippet":"max-snippet:-1","max-image-preview":"max-image-preview:large","max-video-preview":"max-video-preview:-1"},"canonical":"https:\/\/eshop.tca.sk\/de\/taktische-westen\/nosic-platov-frog-pro-defender-low-visibility-ranger-green\/","og_locale":"de_DE","og_type":"article","og_title":"Plattentr\u00e4ger FROG.PRO Defender Low Visibility RANGER GREEN - TCA eShop - Tactical Combat Academy","og_description":"Der Defender Low Visibility Plattentr\u00e4ger wurde f\u00fcr diejenigen entwickelt, die starre ballistische Platten tragen und dabei eine unauff\u00e4llige Silhouette beibehalten m\u00fcssen, ohne auf die M\u00f6glichkeit zu verzichten, von einer minimalistischen L\u00f6sung zu einer Kampfkonfiguration zu wechseln.","og_url":"https:\/\/eshop.tca.sk\/de\/taktische-westen\/nosic-platov-frog-pro-defender-low-visibility-ranger-green\/","og_site_name":"TCA eShop - Tactical Combat Academy","article_modified_time":"2025-11-23T18:28:32+00:00","og_image":[{"width":1000,"height":1000,"url":"https:\/\/eshop.tca.sk\/wp-content\/uploads\/2024\/04\/Nosic-Platov-FROG.PRO-Defender-Low-Visibility-RANGER-GREEN-a.jpg","type":"image\/jpeg"}],"twitter_card":"summary_large_image","schema":{"@context":"https:\/\/schema.org","@graph":[{"@type":"WebPage","@id":"https:\/\/eshop.tca.sk\/de\/taktische-westen\/nosic-platov-frog-pro-defender-low-visibility-ranger-green\/","url":"https:\/\/eshop.tca.sk\/de\/taktische-westen\/nosic-platov-frog-pro-defender-low-visibility-ranger-green\/","name":"Plattentr\u00e4ger FROG.PRO Defender Low Visibility RANGER GREEN - TCA eShop - Tactical Combat Academy","isPartOf":{"@id":"https:\/\/eshop.tca.sk\/de\/#website"},"primaryImageOfPage":{"@id":"https:\/\/eshop.tca.sk\/de\/taktische-westen\/nosic-platov-frog-pro-defender-low-visibility-ranger-green\/#primaryimage"},"image":{"@id":"https:\/\/eshop.tca.sk\/de\/taktische-westen\/nosic-platov-frog-pro-defender-low-visibility-ranger-green\/#primaryimage"},"thumbnailUrl":"https:\/\/eshop.tca.sk\/wp-content\/uploads\/2024\/04\/Nosic-Platov-FROG.PRO-Defender-Low-Visibility-RANGER-GREEN-a.jpg","datePublished":"2024-04-10T12:41:46+00:00","dateModified":"2025-11-23T18:28:32+00:00","description":"Der Defender Low Visibility Plattentr\u00e4ger wurde f\u00fcr diejenigen entwickelt, die starre ballistische Platten tragen und dabei eine unauff\u00e4llige Silhouette beibehalten m\u00fcssen, ohne auf die M\u00f6glichkeit zu verzichten, von einer minimalistischen L\u00f6sung zu einer Kampfkonfiguration zu wechseln.","breadcrumb":{"@id":"https:\/\/eshop.tca.sk\/de\/taktische-westen\/nosic-platov-frog-pro-defender-low-visibility-ranger-green\/#breadcrumb"},"inLanguage":"de","potentialAction":[{"@type":"ReadAction","target":["https:\/\/eshop.tca.sk\/de\/taktische-westen\/nosic-platov-frog-pro-defender-low-visibility-ranger-green\/"]}]},{"@type":"ImageObject","inLanguage":"de","@id":"https:\/\/eshop.tca.sk\/de\/taktische-westen\/nosic-platov-frog-pro-defender-low-visibility-ranger-green\/#primaryimage","url":"https:\/\/eshop.tca.sk\/wp-content\/uploads\/2024\/04\/Nosic-Platov-FROG.PRO-Defender-Low-Visibility-RANGER-GREEN-a.jpg","contentUrl":"https:\/\/eshop.tca.sk\/wp-content\/uploads\/2024\/04\/Nosic-Platov-FROG.PRO-Defender-Low-Visibility-RANGER-GREEN-a.jpg","width":1000,"height":1000},{"@type":"BreadcrumbList","@id":"https:\/\/eshop.tca.sk\/de\/taktische-westen\/nosic-platov-frog-pro-defender-low-visibility-ranger-green\/#breadcrumb","itemListElement":[{"@type":"ListItem","position":1,"name":"Domovsk\u00e1 str\u00e1nka","item":"https:\/\/eshop.tca.sk\/de\/"},{"@type":"ListItem","position":2,"name":"Shop","item":"https:\/\/eshop.tca.sk\/de\/shop\/"},{"@type":"ListItem","position":3,"name":"Plattentr\u00e4ger FROG.PRO Defender Low Visibility RANGER GREEN"}]},{"@type":"WebSite","@id":"https:\/\/eshop.tca.sk\/de\/#website","url":"https:\/\/eshop.tca.sk\/de\/","name":"TCA eShop - Tactical Combat Academy","description":"Tactical Combat Academy","publisher":{"@id":"https:\/\/eshop.tca.sk\/de\/#organization"},"potentialAction":[{"@type":"SearchAction","target":{"@type":"EntryPoint","urlTemplate":"https:\/\/eshop.tca.sk\/de\/?s={search_term_string}"},"query-input":{"@type":"PropertyValueSpecification","valueRequired":true,"valueName":"search_term_string"}}],"inLanguage":"de"},{"@type":"Organization","@id":"https:\/\/eshop.tca.sk\/de\/#organization","name":"TCA eShop - Tactical Combat Academy","url":"https:\/\/eshop.tca.sk\/de\/","logo":{"@type":"ImageObject","inLanguage":"de","@id":"https:\/\/eshop.tca.sk\/de\/#\/schema\/logo\/image\/","url":"https:\/\/eshop.tca.sk\/wp-content\/uploads\/2025\/06\/logo-new-header.png","contentUrl":"https:\/\/eshop.tca.sk\/wp-content\/uploads\/2025\/06\/logo-new-header.png","width":300,"height":294,"caption":"TCA eShop - Tactical Combat Academy"},"image":{"@id":"https:\/\/eshop.tca.sk\/de\/#\/schema\/logo\/image\/"}}]}},"_links":{"self":[{"href":"https:\/\/eshop.tca.sk\/de\/wp-json\/wp\/v2\/product\/11114","targetHints":{"allow":["GET"]}}],"collection":[{"href":"https:\/\/eshop.tca.sk\/de\/wp-json\/wp\/v2\/product"}],"about":[{"href":"https:\/\/eshop.tca.sk\/de\/wp-json\/wp\/v2\/types\/product"}],"wp:featuredmedia":[{"embeddable":true,"href":"https:\/\/eshop.tca.sk\/de\/wp-json\/wp\/v2\/media\/11118"}],"wp:attachment":[{"href":"https:\/\/eshop.tca.sk\/de\/wp-json\/wp\/v2\/media?parent=11114"}],"wp:term":[{"taxonomy":"product_brand","embeddable":true,"href":"https:\/\/eshop.tca.sk\/de\/wp-json\/wp\/v2\/product_brand?post=11114"},{"taxonomy":"product_cat","embeddable":true,"href":"https:\/\/eshop.tca.sk\/de\/wp-json\/wp\/v2\/product_cat?post=11114"},{"taxonomy":"product_tag","embeddable":true,"href":"https:\/\/eshop.tca.sk\/de\/wp-json\/wp\/v2\/product_tag?post=11114"},{"taxonomy":"giftcard-category","embeddable":true,"href":"https:\/\/eshop.tca.sk\/de\/wp-json\/wp\/v2\/giftcard-category?post=11114"}],"curies":[{"name":"wp","href":"https:\/\/api.w.org\/{rel}","templated":true}]}}