{"id":11266,"date":"2024-04-11T10:22:45","date_gmt":"2024-04-11T08:22:45","guid":{"rendered":"https:\/\/eshop.tca.sk\/?post_type=product&#038;p=11266"},"modified":"2025-11-23T19:20:09","modified_gmt":"2025-11-23T18:20:09","slug":"frog-pro-mrkp-5-56-multicam","status":"publish","type":"product","link":"https:\/\/eshop.tca.sk\/de\/taktische-westen\/frog-pro-mrkp-5-56-multicam\/","title":{"rendered":"Magazintasche FROG.PRO MRKP 5.56 MULTICAM"},"content":{"rendered":"<h3><strong>Magazintasche FROG.PRO MRKP + Insert 5.56 MULTICAM<\/strong><\/h3>\n<p><strong>Die Modular Reconnaissance Kangaroo Pouch<\/strong> ist der neueste Ausdruck einer minimalen und vollst\u00e4ndig konfigurierbaren Mikroausr\u00fcstung f\u00fcr den Kampf.<\/p>\n<p>Innerer Velcro\u00ae Klettverschluss mit 5.56 Mag Kletteinsatz.<strong><\/strong><\/p>\n<p>Im vorderen Teil der Tasche befindet sich eine skelettierte, starre Platte aus dickem Technopolymer-Kunststoff, die zur Stabilisierung des HAHO-Navigationsboards dient, wenn es am vorderen MOLLE PALS-System befestigt ist.<\/p>\n<p>Beide Seiten und der untere Teil sind mit unserem patentierten Multi-Dot MOLLE PALS System ausgestattet, das es erm\u00f6glicht, verschiedene Gegenst\u00e4nde wie Cyalume Lightsticks, Tourniquets, etc. mit einer 1\/8&#8243; Schockschnur zu befestigen, ebenso wie Taschen \u00fcber das traditionelle MOLLE PALS System.<\/p>\n<p><span style=\"text-decoration: underline;\"><strong>Das MRKP kann sowohl als eigenst\u00e4ndiges Brustgeschirr in Verbindung mit dem Light Reconnaissance Harness und dem Chest Pad Air als auch als direkt am Defender Low Visibility Plate Carrier oder anderen Plattentr\u00e4gern montierte Plakette verwendet werden.<\/strong><\/span><\/p>\n<p>Die Liebe zum Detail, kombiniert mit individuellem Design, bietet ein einzigartiges Produkt, das unser Engagement f\u00fcr &#8220;State of the Art&#8221;-Milit\u00e4rtechnik widerspiegelt.<\/p>\n<p><iframe loading=\"lazy\" title=\"FROG PRO\u00ae | Tailored gear, human made.\" width=\"1170\" height=\"658\" src=\"https:\/\/www.youtube.com\/embed\/7d5tz3DPVU4?feature=oembed&#038;enablejsapi=1&#038;origin=https:\/\/eshop.tca.sk\" frameborder=\"0\" allow=\"accelerometer; autoplay; clipboard-write; encrypted-media; gyroscope; picture-in-picture; web-share\" referrerpolicy=\"strict-origin-when-cross-origin\" allowfullscreen><\/iframe><\/p>\n<p>&nbsp;<\/p>\n","protected":false},"excerpt":{"rendered":"<p><img loading=\"lazy\" decoding=\"async\" class=\"alignnone wp-image-10791\" src=\"https:\/\/eshop.tca.sk\/wp-content\/uploads\/2024\/04\/FROG.png\" alt=\"\" width=\"144\" height=\"66\" srcset=\"https:\/\/eshop.tca.sk\/wp-content\/uploads\/2024\/04\/FROG.png 291w, https:\/\/eshop.tca.sk\/wp-content\/uploads\/2024\/04\/FROG-24x11.png 24w, https:\/\/eshop.tca.sk\/wp-content\/uploads\/2024\/04\/FROG-36x16.png 36w, https:\/\/eshop.tca.sk\/wp-content\/uploads\/2024\/04\/FROG-48x22.png 48w\" sizes=\"auto, (max-width: 144px) 100vw, 144px\" \/><\/p>\n<p><strong>Die Modular Reconnaissance Kangaroo Pouch<\/strong> ist der neueste Ausdruck einer minimalen und vollst\u00e4ndig konfigurierbaren Mikroausr\u00fcstung f\u00fcr den Kampf.<\/p>\n<p><img loading=\"lazy\" decoding=\"async\" class=\"wp-image-8564 alignnone\" src=\"https:\/\/eshop.tca.sk\/wp-content\/uploads\/2023\/04\/Logo-Whack-Black-White-R-APPROVED.png\" alt=\"\" width=\"138\" height=\"75\" srcset=\"https:\/\/eshop.tca.sk\/wp-content\/uploads\/2023\/04\/Logo-Whack-Black-White-R-APPROVED.png 571w, https:\/\/eshop.tca.sk\/wp-content\/uploads\/2023\/04\/Logo-Whack-Black-White-R-APPROVED-300x163.png 300w\" sizes=\"auto, (max-width: 138px) 100vw, 138px\" \/><\/p>\n<p>Vom <a href=\"https:\/\/www.tca.sk\/\"><strong>TCA<\/strong><\/a> und dem <strong><a href=\"https:\/\/www.tca.sk\/profil\/ako-zacat-s-kurzami\">WHACK-System<\/a><\/strong> verwendete und empfohlene Equipment.<\/p>\n","protected":false},"featured_media":11268,"template":"","meta":{"inline_featured_image":false},"product_brand":[],"product_cat":[323,470,617],"product_tag":[565],"giftcard-category":[],"class_list":{"0":"post-11266","1":"product","2":"type-product","3":"status-publish","4":"has-post-thumbnail","6":"product_cat-ausruestung","7":"product_cat-taktische-westen","8":"product_cat-westenzubehoer","9":"product_tag-frog-pro-de","11":"first","12":"instock","13":"taxable","14":"shipping-taxable","15":"purchasable","16":"product-type-simple"},"yoast_head":"<!-- This site is optimized with the Yoast SEO plugin v26.4 - https:\/\/yoast.com\/wordpress\/plugins\/seo\/ -->\n<title>Magazintasche FROG.PRO MRKP 5.56 MULTICAM - TCA eShop - Tactical Combat Academy<\/title>\n<meta name=\"description\" content=\"Die Modular Reconnaissance Kangaroo Pouch ist der neueste Ausdruck einer minimalen und vollst\u00e4ndig konfigurierbaren Mikroausr\u00fcstung f\u00fcr den Kampf.\" \/>\n<meta name=\"robots\" content=\"index, follow, max-snippet:-1, max-image-preview:large, max-video-preview:-1\" \/>\n<link rel=\"canonical\" href=\"https:\/\/eshop.tca.sk\/de\/taktische-westen\/frog-pro-mrkp-5-56-multicam\/\" \/>\n<meta property=\"og:locale\" content=\"de_DE\" \/>\n<meta property=\"og:type\" content=\"article\" \/>\n<meta property=\"og:title\" content=\"Magazintasche FROG.PRO MRKP 5.56 MULTICAM - TCA eShop - Tactical Combat Academy\" \/>\n<meta property=\"og:description\" content=\"Die Modular Reconnaissance Kangaroo Pouch ist der neueste Ausdruck einer minimalen und vollst\u00e4ndig konfigurierbaren Mikroausr\u00fcstung f\u00fcr den Kampf.\" \/>\n<meta property=\"og:url\" content=\"https:\/\/eshop.tca.sk\/de\/taktische-westen\/frog-pro-mrkp-5-56-multicam\/\" \/>\n<meta property=\"og:site_name\" content=\"TCA eShop - Tactical Combat Academy\" \/>\n<meta property=\"article:modified_time\" content=\"2025-11-23T18:20:09+00:00\" \/>\n<meta property=\"og:image\" content=\"https:\/\/eshop.tca.sk\/wp-content\/uploads\/2024\/04\/Puzdro-na-Zasobniky-FROG.PRO-MRKP-5.56-MULTICAM.jpg\" \/>\n\t<meta property=\"og:image:width\" content=\"1000\" \/>\n\t<meta property=\"og:image:height\" content=\"1000\" \/>\n\t<meta property=\"og:image:type\" content=\"image\/jpeg\" \/>\n<meta name=\"twitter:card\" content=\"summary_large_image\" \/>\n<script type=\"application\/ld+json\" class=\"yoast-schema-graph\">{\"@context\":\"https:\/\/schema.org\",\"@graph\":[{\"@type\":\"WebPage\",\"@id\":\"https:\/\/eshop.tca.sk\/de\/taktische-westen\/frog-pro-mrkp-5-56-multicam\/\",\"url\":\"https:\/\/eshop.tca.sk\/de\/taktische-westen\/frog-pro-mrkp-5-56-multicam\/\",\"name\":\"Magazintasche FROG.PRO MRKP 5.56 MULTICAM - TCA eShop - Tactical Combat Academy\",\"isPartOf\":{\"@id\":\"https:\/\/eshop.tca.sk\/de\/#website\"},\"primaryImageOfPage\":{\"@id\":\"https:\/\/eshop.tca.sk\/de\/taktische-westen\/frog-pro-mrkp-5-56-multicam\/#primaryimage\"},\"image\":{\"@id\":\"https:\/\/eshop.tca.sk\/de\/taktische-westen\/frog-pro-mrkp-5-56-multicam\/#primaryimage\"},\"thumbnailUrl\":\"https:\/\/eshop.tca.sk\/wp-content\/uploads\/2024\/04\/Puzdro-na-Zasobniky-FROG.PRO-MRKP-5.56-MULTICAM.jpg\",\"datePublished\":\"2024-04-11T08:22:45+00:00\",\"dateModified\":\"2025-11-23T18:20:09+00:00\",\"description\":\"Die Modular Reconnaissance Kangaroo Pouch ist der neueste Ausdruck einer minimalen und vollst\u00e4ndig konfigurierbaren Mikroausr\u00fcstung f\u00fcr den Kampf.\",\"breadcrumb\":{\"@id\":\"https:\/\/eshop.tca.sk\/de\/taktische-westen\/frog-pro-mrkp-5-56-multicam\/#breadcrumb\"},\"inLanguage\":\"de\",\"potentialAction\":[{\"@type\":\"ReadAction\",\"target\":[\"https:\/\/eshop.tca.sk\/de\/taktische-westen\/frog-pro-mrkp-5-56-multicam\/\"]}]},{\"@type\":\"ImageObject\",\"inLanguage\":\"de\",\"@id\":\"https:\/\/eshop.tca.sk\/de\/taktische-westen\/frog-pro-mrkp-5-56-multicam\/#primaryimage\",\"url\":\"https:\/\/eshop.tca.sk\/wp-content\/uploads\/2024\/04\/Puzdro-na-Zasobniky-FROG.PRO-MRKP-5.56-MULTICAM.jpg\",\"contentUrl\":\"https:\/\/eshop.tca.sk\/wp-content\/uploads\/2024\/04\/Puzdro-na-Zasobniky-FROG.PRO-MRKP-5.56-MULTICAM.jpg\",\"width\":1000,\"height\":1000},{\"@type\":\"BreadcrumbList\",\"@id\":\"https:\/\/eshop.tca.sk\/de\/taktische-westen\/frog-pro-mrkp-5-56-multicam\/#breadcrumb\",\"itemListElement\":[{\"@type\":\"ListItem\",\"position\":1,\"name\":\"Domovsk\u00e1 str\u00e1nka\",\"item\":\"https:\/\/eshop.tca.sk\/de\/\"},{\"@type\":\"ListItem\",\"position\":2,\"name\":\"Shop\",\"item\":\"https:\/\/eshop.tca.sk\/de\/shop\/\"},{\"@type\":\"ListItem\",\"position\":3,\"name\":\"Magazintasche FROG.PRO MRKP 5.56 MULTICAM\"}]},{\"@type\":\"WebSite\",\"@id\":\"https:\/\/eshop.tca.sk\/de\/#website\",\"url\":\"https:\/\/eshop.tca.sk\/de\/\",\"name\":\"TCA eShop - Tactical Combat Academy\",\"description\":\"Tactical Combat Academy\",\"publisher\":{\"@id\":\"https:\/\/eshop.tca.sk\/de\/#organization\"},\"potentialAction\":[{\"@type\":\"SearchAction\",\"target\":{\"@type\":\"EntryPoint\",\"urlTemplate\":\"https:\/\/eshop.tca.sk\/de\/?s={search_term_string}\"},\"query-input\":{\"@type\":\"PropertyValueSpecification\",\"valueRequired\":true,\"valueName\":\"search_term_string\"}}],\"inLanguage\":\"de\"},{\"@type\":\"Organization\",\"@id\":\"https:\/\/eshop.tca.sk\/de\/#organization\",\"name\":\"TCA eShop - Tactical Combat Academy\",\"url\":\"https:\/\/eshop.tca.sk\/de\/\",\"logo\":{\"@type\":\"ImageObject\",\"inLanguage\":\"de\",\"@id\":\"https:\/\/eshop.tca.sk\/de\/#\/schema\/logo\/image\/\",\"url\":\"https:\/\/eshop.tca.sk\/wp-content\/uploads\/2025\/06\/logo-new-header.png\",\"contentUrl\":\"https:\/\/eshop.tca.sk\/wp-content\/uploads\/2025\/06\/logo-new-header.png\",\"width\":300,\"height\":294,\"caption\":\"TCA eShop - Tactical Combat Academy\"},\"image\":{\"@id\":\"https:\/\/eshop.tca.sk\/de\/#\/schema\/logo\/image\/\"}}]}<\/script>\n<!-- \/ Yoast SEO plugin. -->","yoast_head_json":{"title":"Magazintasche FROG.PRO MRKP 5.56 MULTICAM - TCA eShop - Tactical Combat Academy","description":"Die Modular Reconnaissance Kangaroo Pouch ist der neueste Ausdruck einer minimalen und vollst\u00e4ndig konfigurierbaren Mikroausr\u00fcstung f\u00fcr den Kampf.","robots":{"index":"index","follow":"follow","max-snippet":"max-snippet:-1","max-image-preview":"max-image-preview:large","max-video-preview":"max-video-preview:-1"},"canonical":"https:\/\/eshop.tca.sk\/de\/taktische-westen\/frog-pro-mrkp-5-56-multicam\/","og_locale":"de_DE","og_type":"article","og_title":"Magazintasche FROG.PRO MRKP 5.56 MULTICAM - TCA eShop - Tactical Combat Academy","og_description":"Die Modular Reconnaissance Kangaroo Pouch ist der neueste Ausdruck einer minimalen und vollst\u00e4ndig konfigurierbaren Mikroausr\u00fcstung f\u00fcr den Kampf.","og_url":"https:\/\/eshop.tca.sk\/de\/taktische-westen\/frog-pro-mrkp-5-56-multicam\/","og_site_name":"TCA eShop - Tactical Combat Academy","article_modified_time":"2025-11-23T18:20:09+00:00","og_image":[{"width":1000,"height":1000,"url":"https:\/\/eshop.tca.sk\/wp-content\/uploads\/2024\/04\/Puzdro-na-Zasobniky-FROG.PRO-MRKP-5.56-MULTICAM.jpg","type":"image\/jpeg"}],"twitter_card":"summary_large_image","schema":{"@context":"https:\/\/schema.org","@graph":[{"@type":"WebPage","@id":"https:\/\/eshop.tca.sk\/de\/taktische-westen\/frog-pro-mrkp-5-56-multicam\/","url":"https:\/\/eshop.tca.sk\/de\/taktische-westen\/frog-pro-mrkp-5-56-multicam\/","name":"Magazintasche FROG.PRO MRKP 5.56 MULTICAM - TCA eShop - Tactical Combat Academy","isPartOf":{"@id":"https:\/\/eshop.tca.sk\/de\/#website"},"primaryImageOfPage":{"@id":"https:\/\/eshop.tca.sk\/de\/taktische-westen\/frog-pro-mrkp-5-56-multicam\/#primaryimage"},"image":{"@id":"https:\/\/eshop.tca.sk\/de\/taktische-westen\/frog-pro-mrkp-5-56-multicam\/#primaryimage"},"thumbnailUrl":"https:\/\/eshop.tca.sk\/wp-content\/uploads\/2024\/04\/Puzdro-na-Zasobniky-FROG.PRO-MRKP-5.56-MULTICAM.jpg","datePublished":"2024-04-11T08:22:45+00:00","dateModified":"2025-11-23T18:20:09+00:00","description":"Die Modular Reconnaissance Kangaroo Pouch ist der neueste Ausdruck einer minimalen und vollst\u00e4ndig konfigurierbaren Mikroausr\u00fcstung f\u00fcr den Kampf.","breadcrumb":{"@id":"https:\/\/eshop.tca.sk\/de\/taktische-westen\/frog-pro-mrkp-5-56-multicam\/#breadcrumb"},"inLanguage":"de","potentialAction":[{"@type":"ReadAction","target":["https:\/\/eshop.tca.sk\/de\/taktische-westen\/frog-pro-mrkp-5-56-multicam\/"]}]},{"@type":"ImageObject","inLanguage":"de","@id":"https:\/\/eshop.tca.sk\/de\/taktische-westen\/frog-pro-mrkp-5-56-multicam\/#primaryimage","url":"https:\/\/eshop.tca.sk\/wp-content\/uploads\/2024\/04\/Puzdro-na-Zasobniky-FROG.PRO-MRKP-5.56-MULTICAM.jpg","contentUrl":"https:\/\/eshop.tca.sk\/wp-content\/uploads\/2024\/04\/Puzdro-na-Zasobniky-FROG.PRO-MRKP-5.56-MULTICAM.jpg","width":1000,"height":1000},{"@type":"BreadcrumbList","@id":"https:\/\/eshop.tca.sk\/de\/taktische-westen\/frog-pro-mrkp-5-56-multicam\/#breadcrumb","itemListElement":[{"@type":"ListItem","position":1,"name":"Domovsk\u00e1 str\u00e1nka","item":"https:\/\/eshop.tca.sk\/de\/"},{"@type":"ListItem","position":2,"name":"Shop","item":"https:\/\/eshop.tca.sk\/de\/shop\/"},{"@type":"ListItem","position":3,"name":"Magazintasche FROG.PRO MRKP 5.56 MULTICAM"}]},{"@type":"WebSite","@id":"https:\/\/eshop.tca.sk\/de\/#website","url":"https:\/\/eshop.tca.sk\/de\/","name":"TCA eShop - Tactical Combat Academy","description":"Tactical Combat Academy","publisher":{"@id":"https:\/\/eshop.tca.sk\/de\/#organization"},"potentialAction":[{"@type":"SearchAction","target":{"@type":"EntryPoint","urlTemplate":"https:\/\/eshop.tca.sk\/de\/?s={search_term_string}"},"query-input":{"@type":"PropertyValueSpecification","valueRequired":true,"valueName":"search_term_string"}}],"inLanguage":"de"},{"@type":"Organization","@id":"https:\/\/eshop.tca.sk\/de\/#organization","name":"TCA eShop - Tactical Combat Academy","url":"https:\/\/eshop.tca.sk\/de\/","logo":{"@type":"ImageObject","inLanguage":"de","@id":"https:\/\/eshop.tca.sk\/de\/#\/schema\/logo\/image\/","url":"https:\/\/eshop.tca.sk\/wp-content\/uploads\/2025\/06\/logo-new-header.png","contentUrl":"https:\/\/eshop.tca.sk\/wp-content\/uploads\/2025\/06\/logo-new-header.png","width":300,"height":294,"caption":"TCA eShop - Tactical Combat Academy"},"image":{"@id":"https:\/\/eshop.tca.sk\/de\/#\/schema\/logo\/image\/"}}]}},"_links":{"self":[{"href":"https:\/\/eshop.tca.sk\/de\/wp-json\/wp\/v2\/product\/11266","targetHints":{"allow":["GET"]}}],"collection":[{"href":"https:\/\/eshop.tca.sk\/de\/wp-json\/wp\/v2\/product"}],"about":[{"href":"https:\/\/eshop.tca.sk\/de\/wp-json\/wp\/v2\/types\/product"}],"wp:featuredmedia":[{"embeddable":true,"href":"https:\/\/eshop.tca.sk\/de\/wp-json\/wp\/v2\/media\/11268"}],"wp:attachment":[{"href":"https:\/\/eshop.tca.sk\/de\/wp-json\/wp\/v2\/media?parent=11266"}],"wp:term":[{"taxonomy":"product_brand","embeddable":true,"href":"https:\/\/eshop.tca.sk\/de\/wp-json\/wp\/v2\/product_brand?post=11266"},{"taxonomy":"product_cat","embeddable":true,"href":"https:\/\/eshop.tca.sk\/de\/wp-json\/wp\/v2\/product_cat?post=11266"},{"taxonomy":"product_tag","embeddable":true,"href":"https:\/\/eshop.tca.sk\/de\/wp-json\/wp\/v2\/product_tag?post=11266"},{"taxonomy":"giftcard-category","embeddable":true,"href":"https:\/\/eshop.tca.sk\/de\/wp-json\/wp\/v2\/giftcard-category?post=11266"}],"curies":[{"name":"wp","href":"https:\/\/api.w.org\/{rel}","templated":true}]}}