{"id":11275,"date":"2024-04-11T13:35:30","date_gmt":"2024-04-11T11:35:30","guid":{"rendered":"https:\/\/eshop.tca.sk\/?post_type=product&#038;p=11275"},"modified":"2025-11-23T19:20:23","modified_gmt":"2025-11-23T18:20:23","slug":"frog-pro-cobra-operator-belt-black","status":"publish","type":"product","link":"https:\/\/eshop.tca.sk\/de\/ausruestung\/frog-pro-cobra-operator-belt-black\/","title":{"rendered":"Taktischer G\u00fcrtel FROG.PRO COBRA Operator Belt BLACK"},"content":{"rendered":"<h3><strong>Taktischer G\u00fcrtel FROG.PRO COBRA Operator Belt BLACK<\/strong><\/h3>\n<p><strong>Der COBRA Operator Belt<\/strong> ist die ultimative L\u00f6sung f\u00fcr alle, die einen multifunktionalen G\u00fcrtel mit <strong>MOLLE PALS-System<\/strong> zur Befestigung von Taschen oder Zubeh\u00f6r suchen. Die H\u00f6he von 1-1\/2\u2033 macht ihn sowohl als Hoseng\u00fcrtel verwendbar, wenn er ohne Taschen verwendet wird, als auch als leichten \u00e4u\u00dferen Kampfg\u00fcrtel, der \u00fcber dem COBRA Trousers Inner Belt getragen wird. Sein minimales Design und seine d\u00fcnne Konstruktion erf\u00fcllen die Anforderungen an Leichtigkeit und Mobilit\u00e4t, die in modernen Szenarien erforderlich sind, ohne auf die Modularit\u00e4t des MOLLE-Systems zu verzichten.<\/p>\n<p>Der innere Kern des G\u00fcrtels, der aus einem halbstarren Tauchergurt besteht, der die richtige Steifigkeit gew\u00e4hrleistet, ist mit einer doppelten Lage MIL-W-17337, Klasse 2 Gurtband umwickelt, das Festigkeit, Haltbarkeit und die f\u00fcr MIL-SPEC-Gurtb\u00e4nder typische Lichtbrechung garantiert und dem G\u00fcrtel die gew\u00fcnschte Farbe verleiht.<\/p>\n<p>Das Verschlusssystem ist mit einer <strong>AustriAlpin COBRA\u00ae D-Ring-Schnalle<\/strong> in mattschwarzer Farbe ausgestattet, die eine Bruchlast von 18 kN (1835 kgf) aufweist. Dieser Verschluss ist so konstruiert, dass er sich nicht versehentlich \u00f6ffnen l\u00e4sst. Das Sicherheitssystem erlaubt es, ihn nur zu \u00f6ffnen, wenn er nicht belastet wird und nur durch Dr\u00fccken beider Entriegelungskn\u00f6pfe.<\/p>\n<p>Der D-Ring mit einer Bruchlast von 22 kN (2243 kgf) kann mit dem PRL (Personal Retention Lanyard) oder anderem Zubeh\u00f6r zum Abseilen oder f\u00fcr Notf\u00e4lle verwendet werden.<\/p>\n<p>Im Innenteil ist der neue <strong>Velcro\u00ae Ultra-<\/strong>Mate in Naturfarbe eingen\u00e4ht, der durch seine hervorragende Haftkraft eine perfekte Paarung bei der Verwendung als Au\u00dfeng\u00fcrtel garantiert. Dank des schlanken Profils des neuen Velcro\u00ae-Hakens, der weniger rau ist als der traditionelle, kann dieser G\u00fcrtel auch allein als Hoseng\u00fcrtel getragen werden.<\/p>\n<p><strong>Das neue PALS-System besteht aus einem propriet\u00e4ren Verbundstoff namens LAHYCO, der aus Hypalon und Cordura\u00ae 500D<\/strong> hergestellt wird und unglaubliche physikalische und mechanische Eigenschaften aufweist. Der LAHYCO ist der Basisstandard f\u00fcr die Entwicklung der neuen FROG.PRO LC (Laser Cut) Linie. Diese neue Technologie erm\u00f6glicht es uns, das herk\u00f6mmliche MOLLE PALS-System, das aus in regelm\u00e4\u00dfigen Abst\u00e4nden auf Cordura\u00ae-Gewebe aufgen\u00e4hten Nylongurten besteht, durch eine neue technische Zeichnung zu ersetzen, die per Laser auf das neue Verbundgewebe geschnitten wird. Das neue Design, das vollst\u00e4ndig mit den fr\u00fcheren Standard-MOLLE-Systemen kompatibel ist, ist leichter und stabiler und erm\u00f6glicht es uns, einige spezielle Funktionen wie z. B. L\u00f6cher f\u00fcr Schockkabel oder Schlitze f\u00fcr QASM-Schnallen hinzuzuf\u00fcgen.<\/p>\n<p><strong>Der COBRA Operator Belt<\/strong> ist in vier verschiedenen Gr\u00f6\u00dfen erh\u00e4ltlich. Ein weiterer verstellbarer Velcro\u00ae-Klettverschluss erm\u00f6glicht die Anpassung des G\u00fcrtels bei der Verwendung mit Kleidungsst\u00fccken im Inneren der Hose Der Velcro\u00ae-Haken ist so vern\u00e4ht, dass ein versehentliches Herausziehen des Schiebeelements der Schnalle verhindert wird, was sie extrem sicher macht.<\/p>\n<h4><strong>Abmessungen:<\/strong><\/h4>\n<p>&#8211; SM 86-94 cm<br \/>\n&#8211; MD 94-102 cm<br \/>\n&#8211; LG 102-110 cm<br \/>\n&#8211; XL 110-118 cm<\/p>\n<p><strong>ACHTUNG: Die Ma\u00dfe beziehen sich auf den Innenumfang des geschlossenen Bunds. Um die richtige Gr\u00f6\u00dfe zu ermitteln, tragen Sie die Kleidungsst\u00fccke, die Sie zusammen mit dem G\u00fcrtel verwenden w\u00fcrden, und den COBRA Trousers Inner Belt oder einen \u00e4hnlichen G\u00fcrtel und messen Sie dann Ihren Taillenumfang mit einem weichen Ma\u00dfband direkt \u00fcber dem G\u00fcrtel. Wenn Sie kein weiches Ma\u00dfband haben, k\u00f6nnen Sie ein unelastisches Seil verwenden und es dann mit einem harten Messger\u00e4t messen.<\/strong><\/p>\n<p>Die Liebe zum Detail, kombiniert mit individuellem Design, bietet ein einzigartiges Produkt, das unser Engagement f\u00fcr &#8220;State of the Art&#8221;-Milit\u00e4rtechnik widerspiegelt.<\/p>\n<p><iframe loading=\"lazy\" title=\"FROG PRO\u00ae | Tailored gear, human made.\" width=\"1170\" height=\"658\" src=\"https:\/\/www.youtube.com\/embed\/7d5tz3DPVU4?feature=oembed&#038;enablejsapi=1&#038;origin=https:\/\/eshop.tca.sk\" frameborder=\"0\" allow=\"accelerometer; autoplay; clipboard-write; encrypted-media; gyroscope; picture-in-picture; web-share\" referrerpolicy=\"strict-origin-when-cross-origin\" allowfullscreen><\/iframe><\/p>\n<p>&nbsp;<\/p>\n","protected":false},"excerpt":{"rendered":"<p><img loading=\"lazy\" decoding=\"async\" class=\"alignnone wp-image-10791\" src=\"https:\/\/eshop.tca.sk\/wp-content\/uploads\/2024\/04\/FROG.png\" alt=\"\" width=\"144\" height=\"66\" srcset=\"https:\/\/eshop.tca.sk\/wp-content\/uploads\/2024\/04\/FROG.png 291w, https:\/\/eshop.tca.sk\/wp-content\/uploads\/2024\/04\/FROG-24x11.png 24w, https:\/\/eshop.tca.sk\/wp-content\/uploads\/2024\/04\/FROG-36x16.png 36w, https:\/\/eshop.tca.sk\/wp-content\/uploads\/2024\/04\/FROG-48x22.png 48w\" sizes=\"auto, (max-width: 144px) 100vw, 144px\" \/><\/p>\n<p><strong>Der COBRA Operator Belt<\/strong> ist die ultimative L\u00f6sung f\u00fcr alle, die einen multifunktionalen G\u00fcrtel mit <strong>MOLLE PALS-System<\/strong> zur Befestigung von Taschen oder Zubeh\u00f6r suchen.<\/p>\n<p><img loading=\"lazy\" decoding=\"async\" class=\"wp-image-8564 alignnone\" src=\"https:\/\/eshop.tca.sk\/wp-content\/uploads\/2023\/04\/Logo-Whack-Black-White-R-APPROVED.png\" alt=\"\" width=\"138\" height=\"75\" srcset=\"https:\/\/eshop.tca.sk\/wp-content\/uploads\/2023\/04\/Logo-Whack-Black-White-R-APPROVED.png 571w, https:\/\/eshop.tca.sk\/wp-content\/uploads\/2023\/04\/Logo-Whack-Black-White-R-APPROVED-300x163.png 300w\" sizes=\"auto, (max-width: 138px) 100vw, 138px\" \/><\/p>\n<p>Vom <a href=\"https:\/\/www.tca.sk\/\"><strong>TCA<\/strong><\/a> und dem <strong><a href=\"https:\/\/www.tca.sk\/profil\/ako-zacat-s-kurzami\">WHACK-System<\/a><\/strong> verwendete und empfohlene Equipment.<\/p>\n","protected":false},"featured_media":11293,"template":"","meta":{"inline_featured_image":false},"product_brand":[],"product_cat":[323,324],"product_tag":[565],"giftcard-category":[],"class_list":{"0":"post-11275","1":"product","2":"type-product","3":"status-publish","4":"has-post-thumbnail","6":"product_cat-ausruestung","7":"product_cat-guertel","8":"product_tag-frog-pro-de","10":"first","11":"instock","12":"taxable","13":"shipping-taxable","14":"purchasable","15":"product-type-variable"},"yoast_head":"<!-- This site is optimized with the Yoast SEO plugin v26.4 - https:\/\/yoast.com\/wordpress\/plugins\/seo\/ -->\n<title>Taktischer G\u00fcrtel FROG.PRO COBRA Operator Belt BLACK - TCA eShop - Tactical Combat Academy<\/title>\n<meta name=\"description\" content=\"Der COBRA Operator Belt ist die ultimative L\u00f6sung f\u00fcr alle, die einen multifunktionalen G\u00fcrtel mit MOLLE PALS-System zur Befestigung von Taschen oder Zubeh\u00f6r suchen.\" \/>\n<meta name=\"robots\" content=\"index, follow, max-snippet:-1, max-image-preview:large, max-video-preview:-1\" \/>\n<link rel=\"canonical\" href=\"https:\/\/eshop.tca.sk\/de\/ausruestung\/frog-pro-cobra-operator-belt-black\/\" \/>\n<meta property=\"og:locale\" content=\"de_DE\" \/>\n<meta property=\"og:type\" content=\"article\" \/>\n<meta property=\"og:title\" content=\"Taktischer G\u00fcrtel FROG.PRO COBRA Operator Belt BLACK - TCA eShop - Tactical Combat Academy\" \/>\n<meta property=\"og:description\" content=\"Der COBRA Operator Belt ist die ultimative L\u00f6sung f\u00fcr alle, die einen multifunktionalen G\u00fcrtel mit MOLLE PALS-System zur Befestigung von Taschen oder Zubeh\u00f6r suchen.\" \/>\n<meta property=\"og:url\" content=\"https:\/\/eshop.tca.sk\/de\/ausruestung\/frog-pro-cobra-operator-belt-black\/\" \/>\n<meta property=\"og:site_name\" content=\"TCA eShop - Tactical Combat Academy\" \/>\n<meta property=\"article:modified_time\" content=\"2025-11-23T18:20:23+00:00\" \/>\n<meta property=\"og:image\" content=\"https:\/\/eshop.tca.sk\/wp-content\/uploads\/2024\/04\/Takticky-Opasok-FROG.PRO-COBRA-Operator-Belt-BLACK-aa.jpg\" \/>\n\t<meta property=\"og:image:width\" content=\"1000\" \/>\n\t<meta property=\"og:image:height\" content=\"1000\" \/>\n\t<meta property=\"og:image:type\" content=\"image\/jpeg\" \/>\n<meta name=\"twitter:card\" content=\"summary_large_image\" \/>\n<script type=\"application\/ld+json\" class=\"yoast-schema-graph\">{\"@context\":\"https:\/\/schema.org\",\"@graph\":[{\"@type\":\"WebPage\",\"@id\":\"https:\/\/eshop.tca.sk\/de\/ausruestung\/frog-pro-cobra-operator-belt-black\/\",\"url\":\"https:\/\/eshop.tca.sk\/de\/ausruestung\/frog-pro-cobra-operator-belt-black\/\",\"name\":\"Taktischer G\u00fcrtel FROG.PRO COBRA Operator Belt BLACK - TCA eShop - Tactical Combat Academy\",\"isPartOf\":{\"@id\":\"https:\/\/eshop.tca.sk\/de\/#website\"},\"primaryImageOfPage\":{\"@id\":\"https:\/\/eshop.tca.sk\/de\/ausruestung\/frog-pro-cobra-operator-belt-black\/#primaryimage\"},\"image\":{\"@id\":\"https:\/\/eshop.tca.sk\/de\/ausruestung\/frog-pro-cobra-operator-belt-black\/#primaryimage\"},\"thumbnailUrl\":\"https:\/\/eshop.tca.sk\/wp-content\/uploads\/2024\/04\/Takticky-Opasok-FROG.PRO-COBRA-Operator-Belt-BLACK-aa.jpg\",\"datePublished\":\"2024-04-11T11:35:30+00:00\",\"dateModified\":\"2025-11-23T18:20:23+00:00\",\"description\":\"Der COBRA Operator Belt ist die ultimative L\u00f6sung f\u00fcr alle, die einen multifunktionalen G\u00fcrtel mit MOLLE PALS-System zur Befestigung von Taschen oder Zubeh\u00f6r suchen.\",\"breadcrumb\":{\"@id\":\"https:\/\/eshop.tca.sk\/de\/ausruestung\/frog-pro-cobra-operator-belt-black\/#breadcrumb\"},\"inLanguage\":\"de\",\"potentialAction\":[{\"@type\":\"ReadAction\",\"target\":[\"https:\/\/eshop.tca.sk\/de\/ausruestung\/frog-pro-cobra-operator-belt-black\/\"]}]},{\"@type\":\"ImageObject\",\"inLanguage\":\"de\",\"@id\":\"https:\/\/eshop.tca.sk\/de\/ausruestung\/frog-pro-cobra-operator-belt-black\/#primaryimage\",\"url\":\"https:\/\/eshop.tca.sk\/wp-content\/uploads\/2024\/04\/Takticky-Opasok-FROG.PRO-COBRA-Operator-Belt-BLACK-aa.jpg\",\"contentUrl\":\"https:\/\/eshop.tca.sk\/wp-content\/uploads\/2024\/04\/Takticky-Opasok-FROG.PRO-COBRA-Operator-Belt-BLACK-aa.jpg\",\"width\":1000,\"height\":1000},{\"@type\":\"BreadcrumbList\",\"@id\":\"https:\/\/eshop.tca.sk\/de\/ausruestung\/frog-pro-cobra-operator-belt-black\/#breadcrumb\",\"itemListElement\":[{\"@type\":\"ListItem\",\"position\":1,\"name\":\"Domovsk\u00e1 str\u00e1nka\",\"item\":\"https:\/\/eshop.tca.sk\/de\/\"},{\"@type\":\"ListItem\",\"position\":2,\"name\":\"Shop\",\"item\":\"https:\/\/eshop.tca.sk\/de\/shop\/\"},{\"@type\":\"ListItem\",\"position\":3,\"name\":\"Taktischer G\u00fcrtel FROG.PRO COBRA Operator Belt BLACK\"}]},{\"@type\":\"WebSite\",\"@id\":\"https:\/\/eshop.tca.sk\/de\/#website\",\"url\":\"https:\/\/eshop.tca.sk\/de\/\",\"name\":\"TCA eShop - Tactical Combat Academy\",\"description\":\"Tactical Combat Academy\",\"publisher\":{\"@id\":\"https:\/\/eshop.tca.sk\/de\/#organization\"},\"potentialAction\":[{\"@type\":\"SearchAction\",\"target\":{\"@type\":\"EntryPoint\",\"urlTemplate\":\"https:\/\/eshop.tca.sk\/de\/?s={search_term_string}\"},\"query-input\":{\"@type\":\"PropertyValueSpecification\",\"valueRequired\":true,\"valueName\":\"search_term_string\"}}],\"inLanguage\":\"de\"},{\"@type\":\"Organization\",\"@id\":\"https:\/\/eshop.tca.sk\/de\/#organization\",\"name\":\"TCA eShop - Tactical Combat Academy\",\"url\":\"https:\/\/eshop.tca.sk\/de\/\",\"logo\":{\"@type\":\"ImageObject\",\"inLanguage\":\"de\",\"@id\":\"https:\/\/eshop.tca.sk\/de\/#\/schema\/logo\/image\/\",\"url\":\"https:\/\/eshop.tca.sk\/wp-content\/uploads\/2025\/06\/logo-new-header.png\",\"contentUrl\":\"https:\/\/eshop.tca.sk\/wp-content\/uploads\/2025\/06\/logo-new-header.png\",\"width\":300,\"height\":294,\"caption\":\"TCA eShop - Tactical Combat Academy\"},\"image\":{\"@id\":\"https:\/\/eshop.tca.sk\/de\/#\/schema\/logo\/image\/\"}}]}<\/script>\n<!-- \/ Yoast SEO plugin. -->","yoast_head_json":{"title":"Taktischer G\u00fcrtel FROG.PRO COBRA Operator Belt BLACK - TCA eShop - Tactical Combat Academy","description":"Der COBRA Operator Belt ist die ultimative L\u00f6sung f\u00fcr alle, die einen multifunktionalen G\u00fcrtel mit MOLLE PALS-System zur Befestigung von Taschen oder Zubeh\u00f6r suchen.","robots":{"index":"index","follow":"follow","max-snippet":"max-snippet:-1","max-image-preview":"max-image-preview:large","max-video-preview":"max-video-preview:-1"},"canonical":"https:\/\/eshop.tca.sk\/de\/ausruestung\/frog-pro-cobra-operator-belt-black\/","og_locale":"de_DE","og_type":"article","og_title":"Taktischer G\u00fcrtel FROG.PRO COBRA Operator Belt BLACK - TCA eShop - Tactical Combat Academy","og_description":"Der COBRA Operator Belt ist die ultimative L\u00f6sung f\u00fcr alle, die einen multifunktionalen G\u00fcrtel mit MOLLE PALS-System zur Befestigung von Taschen oder Zubeh\u00f6r suchen.","og_url":"https:\/\/eshop.tca.sk\/de\/ausruestung\/frog-pro-cobra-operator-belt-black\/","og_site_name":"TCA eShop - Tactical Combat Academy","article_modified_time":"2025-11-23T18:20:23+00:00","og_image":[{"width":1000,"height":1000,"url":"https:\/\/eshop.tca.sk\/wp-content\/uploads\/2024\/04\/Takticky-Opasok-FROG.PRO-COBRA-Operator-Belt-BLACK-aa.jpg","type":"image\/jpeg"}],"twitter_card":"summary_large_image","schema":{"@context":"https:\/\/schema.org","@graph":[{"@type":"WebPage","@id":"https:\/\/eshop.tca.sk\/de\/ausruestung\/frog-pro-cobra-operator-belt-black\/","url":"https:\/\/eshop.tca.sk\/de\/ausruestung\/frog-pro-cobra-operator-belt-black\/","name":"Taktischer G\u00fcrtel FROG.PRO COBRA Operator Belt BLACK - TCA eShop - Tactical Combat Academy","isPartOf":{"@id":"https:\/\/eshop.tca.sk\/de\/#website"},"primaryImageOfPage":{"@id":"https:\/\/eshop.tca.sk\/de\/ausruestung\/frog-pro-cobra-operator-belt-black\/#primaryimage"},"image":{"@id":"https:\/\/eshop.tca.sk\/de\/ausruestung\/frog-pro-cobra-operator-belt-black\/#primaryimage"},"thumbnailUrl":"https:\/\/eshop.tca.sk\/wp-content\/uploads\/2024\/04\/Takticky-Opasok-FROG.PRO-COBRA-Operator-Belt-BLACK-aa.jpg","datePublished":"2024-04-11T11:35:30+00:00","dateModified":"2025-11-23T18:20:23+00:00","description":"Der COBRA Operator Belt ist die ultimative L\u00f6sung f\u00fcr alle, die einen multifunktionalen G\u00fcrtel mit MOLLE PALS-System zur Befestigung von Taschen oder Zubeh\u00f6r suchen.","breadcrumb":{"@id":"https:\/\/eshop.tca.sk\/de\/ausruestung\/frog-pro-cobra-operator-belt-black\/#breadcrumb"},"inLanguage":"de","potentialAction":[{"@type":"ReadAction","target":["https:\/\/eshop.tca.sk\/de\/ausruestung\/frog-pro-cobra-operator-belt-black\/"]}]},{"@type":"ImageObject","inLanguage":"de","@id":"https:\/\/eshop.tca.sk\/de\/ausruestung\/frog-pro-cobra-operator-belt-black\/#primaryimage","url":"https:\/\/eshop.tca.sk\/wp-content\/uploads\/2024\/04\/Takticky-Opasok-FROG.PRO-COBRA-Operator-Belt-BLACK-aa.jpg","contentUrl":"https:\/\/eshop.tca.sk\/wp-content\/uploads\/2024\/04\/Takticky-Opasok-FROG.PRO-COBRA-Operator-Belt-BLACK-aa.jpg","width":1000,"height":1000},{"@type":"BreadcrumbList","@id":"https:\/\/eshop.tca.sk\/de\/ausruestung\/frog-pro-cobra-operator-belt-black\/#breadcrumb","itemListElement":[{"@type":"ListItem","position":1,"name":"Domovsk\u00e1 str\u00e1nka","item":"https:\/\/eshop.tca.sk\/de\/"},{"@type":"ListItem","position":2,"name":"Shop","item":"https:\/\/eshop.tca.sk\/de\/shop\/"},{"@type":"ListItem","position":3,"name":"Taktischer G\u00fcrtel FROG.PRO COBRA Operator Belt BLACK"}]},{"@type":"WebSite","@id":"https:\/\/eshop.tca.sk\/de\/#website","url":"https:\/\/eshop.tca.sk\/de\/","name":"TCA eShop - Tactical Combat Academy","description":"Tactical Combat Academy","publisher":{"@id":"https:\/\/eshop.tca.sk\/de\/#organization"},"potentialAction":[{"@type":"SearchAction","target":{"@type":"EntryPoint","urlTemplate":"https:\/\/eshop.tca.sk\/de\/?s={search_term_string}"},"query-input":{"@type":"PropertyValueSpecification","valueRequired":true,"valueName":"search_term_string"}}],"inLanguage":"de"},{"@type":"Organization","@id":"https:\/\/eshop.tca.sk\/de\/#organization","name":"TCA eShop - Tactical Combat Academy","url":"https:\/\/eshop.tca.sk\/de\/","logo":{"@type":"ImageObject","inLanguage":"de","@id":"https:\/\/eshop.tca.sk\/de\/#\/schema\/logo\/image\/","url":"https:\/\/eshop.tca.sk\/wp-content\/uploads\/2025\/06\/logo-new-header.png","contentUrl":"https:\/\/eshop.tca.sk\/wp-content\/uploads\/2025\/06\/logo-new-header.png","width":300,"height":294,"caption":"TCA eShop - Tactical Combat Academy"},"image":{"@id":"https:\/\/eshop.tca.sk\/de\/#\/schema\/logo\/image\/"}}]}},"_links":{"self":[{"href":"https:\/\/eshop.tca.sk\/de\/wp-json\/wp\/v2\/product\/11275","targetHints":{"allow":["GET"]}}],"collection":[{"href":"https:\/\/eshop.tca.sk\/de\/wp-json\/wp\/v2\/product"}],"about":[{"href":"https:\/\/eshop.tca.sk\/de\/wp-json\/wp\/v2\/types\/product"}],"wp:featuredmedia":[{"embeddable":true,"href":"https:\/\/eshop.tca.sk\/de\/wp-json\/wp\/v2\/media\/11293"}],"wp:attachment":[{"href":"https:\/\/eshop.tca.sk\/de\/wp-json\/wp\/v2\/media?parent=11275"}],"wp:term":[{"taxonomy":"product_brand","embeddable":true,"href":"https:\/\/eshop.tca.sk\/de\/wp-json\/wp\/v2\/product_brand?post=11275"},{"taxonomy":"product_cat","embeddable":true,"href":"https:\/\/eshop.tca.sk\/de\/wp-json\/wp\/v2\/product_cat?post=11275"},{"taxonomy":"product_tag","embeddable":true,"href":"https:\/\/eshop.tca.sk\/de\/wp-json\/wp\/v2\/product_tag?post=11275"},{"taxonomy":"giftcard-category","embeddable":true,"href":"https:\/\/eshop.tca.sk\/de\/wp-json\/wp\/v2\/giftcard-category?post=11275"}],"curies":[{"name":"wp","href":"https:\/\/api.w.org\/{rel}","templated":true}]}}