{"id":11362,"date":"2024-04-15T13:32:19","date_gmt":"2024-04-15T11:32:19","guid":{"rendered":"https:\/\/eshop.tca.sk\/?post_type=product&#038;p=11362"},"modified":"2025-11-23T19:20:17","modified_gmt":"2025-11-23T18:20:17","slug":"vnutorny-opasok-frog-pro-cobra-trousers-inner-belt-multicam","status":"publish","type":"product","link":"https:\/\/eshop.tca.sk\/de\/ausruestung\/vnutorny-opasok-frog-pro-cobra-trousers-inner-belt-multicam\/","title":{"rendered":"Inneng\u00fcrtel FROG.PRO COBRA Trousers Inner Belt MULTICAM"},"content":{"rendered":"<h3>Inneng\u00fcrtel FROG.PRO COBRA Trousers Inner Belt MULTICAM<\/h3>\n<p><strong>Der COBRA Innenhoseng\u00fcrtel<\/strong> ist eine gro\u00dfartige L\u00f6sung f\u00fcr alle, die einen schlanken, weichen und leichten verstellbaren Hoseng\u00fcrtel suchen.<\/p>\n<p>Im Gegensatz zu herk\u00f6mmlichen G\u00fcrteln mit Schnalle ist dieser G\u00fcrtel aus <strong>Gurtband der Klasse 2 (MIL-W-17337)<\/strong> mit einem Klettverschluss ausgestattet, der eine perfekte Anpassung an Ihre Taille erm\u00f6glicht.<\/p>\n<p>F\u00fcr den Fall, dass Sie zu einem Einsatz gerufen werden und in eine Kampfkonfiguration wechseln m\u00fcssen, ist es dank der externen Klettschlaufe m\u00f6glich, in wenigen Sekunden ausgestattete G\u00fcrtel wie den <strong>COBRA Raider Belt oder den COBRA Operator Belt<\/strong> hinzuzuf\u00fcgen. Das Klettverschlusssystem sorgt daf\u00fcr, dass der \u00e4u\u00dfere G\u00fcrtel perfekt mit dem inneren G\u00fcrtel der COBRA-Hose verbunden ist, so dass selbst bei den intensivsten Aktivit\u00e4ten kein Reiben oder Verschieben auftritt.<\/p>\n<p>Der COBRA Hosen-Inneng\u00fcrtel ist mit einem <strong>1-1\/2&#8243; Polymer-G-Haken<\/strong> ausgestattet: Diese neue Schnalle verl\u00e4ngert nicht nur die Lebensdauer des Velcro\u00ae-Verschlusses, sondern erm\u00f6glicht auch ein schnelles \u00d6ffnen des G\u00fcrtels bei gleichzeitiger Beibehaltung einer flachen Silhouette.<\/p>\n<h4><strong>Abmessungen:<\/strong><\/h4>\n<p>&#8211; SM 86-94 cm<br \/>\n&#8211; MD 94-102 cm<br \/>\n&#8211; LG 102-110 cm<br \/>\n&#8211; XL 110-118 cm<\/p>\n<p><strong>ACHTUNG: Die angegebenen Ma\u00dfe beziehen sich auf den Innenumfang des G\u00fcrtels im geschlossenen Zustand. Um die richtige Gr\u00f6\u00dfe zu ermitteln, tragen Sie die Kleidungsst\u00fccke, die Sie zusammen mit dem G\u00fcrtel verwenden m\u00f6chten, und messen Sie dann Ihren Taillenumfang mit einem weichen Ma\u00dfband direkt \u00fcber dem G\u00fcrtel. Wenn Sie kein weiches Ma\u00dfband haben, k\u00f6nnen Sie ein unelastisches Seil verwenden und es dann mit einem harten Messger\u00e4t messen.<\/strong><\/p>\n<p>Die Liebe zum Detail, kombiniert mit individuellem Design, bietet ein einzigartiges Produkt, das unser Engagement f\u00fcr &#8220;State of the Art&#8221;-Milit\u00e4rtechnik widerspiegelt.<\/p>\n<p><iframe loading=\"lazy\" title=\"FROG PRO\u00ae | Tailored gear, human made.\" width=\"1170\" height=\"658\" src=\"https:\/\/www.youtube.com\/embed\/7d5tz3DPVU4?feature=oembed&#038;enablejsapi=1&#038;origin=https:\/\/eshop.tca.sk\" frameborder=\"0\" allow=\"accelerometer; autoplay; clipboard-write; encrypted-media; gyroscope; picture-in-picture; web-share\" referrerpolicy=\"strict-origin-when-cross-origin\" allowfullscreen><\/iframe><\/p>\n<p>&nbsp;<\/p>\n","protected":false},"excerpt":{"rendered":"<p><img loading=\"lazy\" decoding=\"async\" class=\"alignnone wp-image-10791\" src=\"https:\/\/eshop.tca.sk\/wp-content\/uploads\/2024\/04\/FROG.png\" alt=\"\" width=\"144\" height=\"66\" srcset=\"https:\/\/eshop.tca.sk\/wp-content\/uploads\/2024\/04\/FROG.png 291w, https:\/\/eshop.tca.sk\/wp-content\/uploads\/2024\/04\/FROG-24x11.png 24w, https:\/\/eshop.tca.sk\/wp-content\/uploads\/2024\/04\/FROG-36x16.png 36w, https:\/\/eshop.tca.sk\/wp-content\/uploads\/2024\/04\/FROG-48x22.png 48w\" sizes=\"auto, (max-width: 144px) 100vw, 144px\" \/><\/p>\n<p><strong>Der COBRA Innenhoseng\u00fcrtel<\/strong> ist eine gro\u00dfartige L\u00f6sung f\u00fcr alle, die einen schlanken, weichen und leichten verstellbaren Hoseng\u00fcrtel suchen. Der neue G-Hook-Polymerhaken erm\u00f6glicht ein schnelles Abschnallen des G\u00fcrtels und sorgt gleichzeitig f\u00fcr eine niedrige Silhouette.<\/p>\n<p><img loading=\"lazy\" decoding=\"async\" class=\"wp-image-8564 alignnone\" src=\"https:\/\/eshop.tca.sk\/wp-content\/uploads\/2023\/04\/Logo-Whack-Black-White-R-APPROVED.png\" alt=\"\" width=\"138\" height=\"75\" srcset=\"https:\/\/eshop.tca.sk\/wp-content\/uploads\/2023\/04\/Logo-Whack-Black-White-R-APPROVED.png 571w, https:\/\/eshop.tca.sk\/wp-content\/uploads\/2023\/04\/Logo-Whack-Black-White-R-APPROVED-300x163.png 300w\" sizes=\"auto, (max-width: 138px) 100vw, 138px\" \/><\/p>\n<p>Vom <a href=\"https:\/\/www.tca.sk\/\"><strong>TCA<\/strong><\/a> und dem <strong><a href=\"https:\/\/www.tca.sk\/profil\/ako-zacat-s-kurzami\">WHACK-System<\/a><\/strong> verwendete und empfohlene Equipment.<\/p>\n","protected":false},"featured_media":11376,"template":"","meta":{"inline_featured_image":false},"product_brand":[],"product_cat":[323,324],"product_tag":[565],"giftcard-category":[],"class_list":{"0":"post-11362","1":"product","2":"type-product","3":"status-publish","4":"has-post-thumbnail","6":"product_cat-ausruestung","7":"product_cat-guertel","8":"product_tag-frog-pro-de","10":"first","11":"instock","12":"taxable","13":"shipping-taxable","14":"purchasable","15":"product-type-variable"},"yoast_head":"<!-- This site is optimized with the Yoast SEO plugin v26.4 - https:\/\/yoast.com\/wordpress\/plugins\/seo\/ -->\n<title>Inneng\u00fcrtel FROG.PRO COBRA Trousers Inner Belt MULTICAM - TCA eShop - Tactical Combat Academy<\/title>\n<meta name=\"description\" content=\"Der COBRA Innenhoseng\u00fcrtel ist eine gro\u00dfartige L\u00f6sung f\u00fcr alle, die einen schlanken, weichen und leichten verstellbaren Hoseng\u00fcrtel suchen. Der neue G-Hook-Polymerhaken erm\u00f6glicht ein schnelles Abschnallen des G\u00fcrtels und sorgt gleichzeitig f\u00fcr eine niedrige Silhouette.\" \/>\n<meta name=\"robots\" content=\"index, follow, max-snippet:-1, max-image-preview:large, max-video-preview:-1\" \/>\n<link rel=\"canonical\" href=\"https:\/\/eshop.tca.sk\/de\/ausruestung\/vnutorny-opasok-frog-pro-cobra-trousers-inner-belt-multicam\/\" \/>\n<meta property=\"og:locale\" content=\"de_DE\" \/>\n<meta property=\"og:type\" content=\"article\" \/>\n<meta property=\"og:title\" content=\"Inneng\u00fcrtel FROG.PRO COBRA Trousers Inner Belt MULTICAM - TCA eShop - Tactical Combat Academy\" \/>\n<meta property=\"og:description\" content=\"Der COBRA Innenhoseng\u00fcrtel ist eine gro\u00dfartige L\u00f6sung f\u00fcr alle, die einen schlanken, weichen und leichten verstellbaren Hoseng\u00fcrtel suchen. Der neue G-Hook-Polymerhaken erm\u00f6glicht ein schnelles Abschnallen des G\u00fcrtels und sorgt gleichzeitig f\u00fcr eine niedrige Silhouette.\" \/>\n<meta property=\"og:url\" content=\"https:\/\/eshop.tca.sk\/de\/ausruestung\/vnutorny-opasok-frog-pro-cobra-trousers-inner-belt-multicam\/\" \/>\n<meta property=\"og:site_name\" content=\"TCA eShop - Tactical Combat Academy\" \/>\n<meta property=\"article:modified_time\" content=\"2025-11-23T18:20:17+00:00\" \/>\n<meta property=\"og:image\" content=\"https:\/\/eshop.tca.sk\/wp-content\/uploads\/2024\/04\/Vnutorny-opasok-na-nohavice-COBRA-je-skvelym-riesenim-pre-tych-ktori-hladaju-tenky-makky-a-lahky-nastavitelny-opasok-na-kazdodenne-nosenie.jpg\" \/>\n\t<meta property=\"og:image:width\" content=\"1000\" \/>\n\t<meta property=\"og:image:height\" content=\"1000\" \/>\n\t<meta property=\"og:image:type\" content=\"image\/jpeg\" \/>\n<meta name=\"twitter:card\" content=\"summary_large_image\" \/>\n<script type=\"application\/ld+json\" class=\"yoast-schema-graph\">{\"@context\":\"https:\/\/schema.org\",\"@graph\":[{\"@type\":\"WebPage\",\"@id\":\"https:\/\/eshop.tca.sk\/de\/ausruestung\/vnutorny-opasok-frog-pro-cobra-trousers-inner-belt-multicam\/\",\"url\":\"https:\/\/eshop.tca.sk\/de\/ausruestung\/vnutorny-opasok-frog-pro-cobra-trousers-inner-belt-multicam\/\",\"name\":\"Inneng\u00fcrtel FROG.PRO COBRA Trousers Inner Belt MULTICAM - TCA eShop - Tactical Combat Academy\",\"isPartOf\":{\"@id\":\"https:\/\/eshop.tca.sk\/de\/#website\"},\"primaryImageOfPage\":{\"@id\":\"https:\/\/eshop.tca.sk\/de\/ausruestung\/vnutorny-opasok-frog-pro-cobra-trousers-inner-belt-multicam\/#primaryimage\"},\"image\":{\"@id\":\"https:\/\/eshop.tca.sk\/de\/ausruestung\/vnutorny-opasok-frog-pro-cobra-trousers-inner-belt-multicam\/#primaryimage\"},\"thumbnailUrl\":\"https:\/\/eshop.tca.sk\/wp-content\/uploads\/2024\/04\/Vnutorny-opasok-na-nohavice-COBRA-je-skvelym-riesenim-pre-tych-ktori-hladaju-tenky-makky-a-lahky-nastavitelny-opasok-na-kazdodenne-nosenie.jpg\",\"datePublished\":\"2024-04-15T11:32:19+00:00\",\"dateModified\":\"2025-11-23T18:20:17+00:00\",\"description\":\"Der COBRA Innenhoseng\u00fcrtel ist eine gro\u00dfartige L\u00f6sung f\u00fcr alle, die einen schlanken, weichen und leichten verstellbaren Hoseng\u00fcrtel suchen. Der neue G-Hook-Polymerhaken erm\u00f6glicht ein schnelles Abschnallen des G\u00fcrtels und sorgt gleichzeitig f\u00fcr eine niedrige Silhouette.\",\"breadcrumb\":{\"@id\":\"https:\/\/eshop.tca.sk\/de\/ausruestung\/vnutorny-opasok-frog-pro-cobra-trousers-inner-belt-multicam\/#breadcrumb\"},\"inLanguage\":\"de\",\"potentialAction\":[{\"@type\":\"ReadAction\",\"target\":[\"https:\/\/eshop.tca.sk\/de\/ausruestung\/vnutorny-opasok-frog-pro-cobra-trousers-inner-belt-multicam\/\"]}]},{\"@type\":\"ImageObject\",\"inLanguage\":\"de\",\"@id\":\"https:\/\/eshop.tca.sk\/de\/ausruestung\/vnutorny-opasok-frog-pro-cobra-trousers-inner-belt-multicam\/#primaryimage\",\"url\":\"https:\/\/eshop.tca.sk\/wp-content\/uploads\/2024\/04\/Vnutorny-opasok-na-nohavice-COBRA-je-skvelym-riesenim-pre-tych-ktori-hladaju-tenky-makky-a-lahky-nastavitelny-opasok-na-kazdodenne-nosenie.jpg\",\"contentUrl\":\"https:\/\/eshop.tca.sk\/wp-content\/uploads\/2024\/04\/Vnutorny-opasok-na-nohavice-COBRA-je-skvelym-riesenim-pre-tych-ktori-hladaju-tenky-makky-a-lahky-nastavitelny-opasok-na-kazdodenne-nosenie.jpg\",\"width\":1000,\"height\":1000},{\"@type\":\"BreadcrumbList\",\"@id\":\"https:\/\/eshop.tca.sk\/de\/ausruestung\/vnutorny-opasok-frog-pro-cobra-trousers-inner-belt-multicam\/#breadcrumb\",\"itemListElement\":[{\"@type\":\"ListItem\",\"position\":1,\"name\":\"Domovsk\u00e1 str\u00e1nka\",\"item\":\"https:\/\/eshop.tca.sk\/de\/\"},{\"@type\":\"ListItem\",\"position\":2,\"name\":\"Shop\",\"item\":\"https:\/\/eshop.tca.sk\/de\/shop\/\"},{\"@type\":\"ListItem\",\"position\":3,\"name\":\"Inneng\u00fcrtel FROG.PRO COBRA Trousers Inner Belt MULTICAM\"}]},{\"@type\":\"WebSite\",\"@id\":\"https:\/\/eshop.tca.sk\/de\/#website\",\"url\":\"https:\/\/eshop.tca.sk\/de\/\",\"name\":\"TCA eShop - Tactical Combat Academy\",\"description\":\"Tactical Combat Academy\",\"publisher\":{\"@id\":\"https:\/\/eshop.tca.sk\/de\/#organization\"},\"potentialAction\":[{\"@type\":\"SearchAction\",\"target\":{\"@type\":\"EntryPoint\",\"urlTemplate\":\"https:\/\/eshop.tca.sk\/de\/?s={search_term_string}\"},\"query-input\":{\"@type\":\"PropertyValueSpecification\",\"valueRequired\":true,\"valueName\":\"search_term_string\"}}],\"inLanguage\":\"de\"},{\"@type\":\"Organization\",\"@id\":\"https:\/\/eshop.tca.sk\/de\/#organization\",\"name\":\"TCA eShop - Tactical Combat Academy\",\"url\":\"https:\/\/eshop.tca.sk\/de\/\",\"logo\":{\"@type\":\"ImageObject\",\"inLanguage\":\"de\",\"@id\":\"https:\/\/eshop.tca.sk\/de\/#\/schema\/logo\/image\/\",\"url\":\"https:\/\/eshop.tca.sk\/wp-content\/uploads\/2025\/06\/logo-new-header.png\",\"contentUrl\":\"https:\/\/eshop.tca.sk\/wp-content\/uploads\/2025\/06\/logo-new-header.png\",\"width\":300,\"height\":294,\"caption\":\"TCA eShop - Tactical Combat Academy\"},\"image\":{\"@id\":\"https:\/\/eshop.tca.sk\/de\/#\/schema\/logo\/image\/\"}}]}<\/script>\n<!-- \/ Yoast SEO plugin. -->","yoast_head_json":{"title":"Inneng\u00fcrtel FROG.PRO COBRA Trousers Inner Belt MULTICAM - TCA eShop - Tactical Combat Academy","description":"Der COBRA Innenhoseng\u00fcrtel ist eine gro\u00dfartige L\u00f6sung f\u00fcr alle, die einen schlanken, weichen und leichten verstellbaren Hoseng\u00fcrtel suchen. Der neue G-Hook-Polymerhaken erm\u00f6glicht ein schnelles Abschnallen des G\u00fcrtels und sorgt gleichzeitig f\u00fcr eine niedrige Silhouette.","robots":{"index":"index","follow":"follow","max-snippet":"max-snippet:-1","max-image-preview":"max-image-preview:large","max-video-preview":"max-video-preview:-1"},"canonical":"https:\/\/eshop.tca.sk\/de\/ausruestung\/vnutorny-opasok-frog-pro-cobra-trousers-inner-belt-multicam\/","og_locale":"de_DE","og_type":"article","og_title":"Inneng\u00fcrtel FROG.PRO COBRA Trousers Inner Belt MULTICAM - TCA eShop - Tactical Combat Academy","og_description":"Der COBRA Innenhoseng\u00fcrtel ist eine gro\u00dfartige L\u00f6sung f\u00fcr alle, die einen schlanken, weichen und leichten verstellbaren Hoseng\u00fcrtel suchen. Der neue G-Hook-Polymerhaken erm\u00f6glicht ein schnelles Abschnallen des G\u00fcrtels und sorgt gleichzeitig f\u00fcr eine niedrige Silhouette.","og_url":"https:\/\/eshop.tca.sk\/de\/ausruestung\/vnutorny-opasok-frog-pro-cobra-trousers-inner-belt-multicam\/","og_site_name":"TCA eShop - Tactical Combat Academy","article_modified_time":"2025-11-23T18:20:17+00:00","og_image":[{"width":1000,"height":1000,"url":"https:\/\/eshop.tca.sk\/wp-content\/uploads\/2024\/04\/Vnutorny-opasok-na-nohavice-COBRA-je-skvelym-riesenim-pre-tych-ktori-hladaju-tenky-makky-a-lahky-nastavitelny-opasok-na-kazdodenne-nosenie.jpg","type":"image\/jpeg"}],"twitter_card":"summary_large_image","schema":{"@context":"https:\/\/schema.org","@graph":[{"@type":"WebPage","@id":"https:\/\/eshop.tca.sk\/de\/ausruestung\/vnutorny-opasok-frog-pro-cobra-trousers-inner-belt-multicam\/","url":"https:\/\/eshop.tca.sk\/de\/ausruestung\/vnutorny-opasok-frog-pro-cobra-trousers-inner-belt-multicam\/","name":"Inneng\u00fcrtel FROG.PRO COBRA Trousers Inner Belt MULTICAM - TCA eShop - Tactical Combat Academy","isPartOf":{"@id":"https:\/\/eshop.tca.sk\/de\/#website"},"primaryImageOfPage":{"@id":"https:\/\/eshop.tca.sk\/de\/ausruestung\/vnutorny-opasok-frog-pro-cobra-trousers-inner-belt-multicam\/#primaryimage"},"image":{"@id":"https:\/\/eshop.tca.sk\/de\/ausruestung\/vnutorny-opasok-frog-pro-cobra-trousers-inner-belt-multicam\/#primaryimage"},"thumbnailUrl":"https:\/\/eshop.tca.sk\/wp-content\/uploads\/2024\/04\/Vnutorny-opasok-na-nohavice-COBRA-je-skvelym-riesenim-pre-tych-ktori-hladaju-tenky-makky-a-lahky-nastavitelny-opasok-na-kazdodenne-nosenie.jpg","datePublished":"2024-04-15T11:32:19+00:00","dateModified":"2025-11-23T18:20:17+00:00","description":"Der COBRA Innenhoseng\u00fcrtel ist eine gro\u00dfartige L\u00f6sung f\u00fcr alle, die einen schlanken, weichen und leichten verstellbaren Hoseng\u00fcrtel suchen. Der neue G-Hook-Polymerhaken erm\u00f6glicht ein schnelles Abschnallen des G\u00fcrtels und sorgt gleichzeitig f\u00fcr eine niedrige Silhouette.","breadcrumb":{"@id":"https:\/\/eshop.tca.sk\/de\/ausruestung\/vnutorny-opasok-frog-pro-cobra-trousers-inner-belt-multicam\/#breadcrumb"},"inLanguage":"de","potentialAction":[{"@type":"ReadAction","target":["https:\/\/eshop.tca.sk\/de\/ausruestung\/vnutorny-opasok-frog-pro-cobra-trousers-inner-belt-multicam\/"]}]},{"@type":"ImageObject","inLanguage":"de","@id":"https:\/\/eshop.tca.sk\/de\/ausruestung\/vnutorny-opasok-frog-pro-cobra-trousers-inner-belt-multicam\/#primaryimage","url":"https:\/\/eshop.tca.sk\/wp-content\/uploads\/2024\/04\/Vnutorny-opasok-na-nohavice-COBRA-je-skvelym-riesenim-pre-tych-ktori-hladaju-tenky-makky-a-lahky-nastavitelny-opasok-na-kazdodenne-nosenie.jpg","contentUrl":"https:\/\/eshop.tca.sk\/wp-content\/uploads\/2024\/04\/Vnutorny-opasok-na-nohavice-COBRA-je-skvelym-riesenim-pre-tych-ktori-hladaju-tenky-makky-a-lahky-nastavitelny-opasok-na-kazdodenne-nosenie.jpg","width":1000,"height":1000},{"@type":"BreadcrumbList","@id":"https:\/\/eshop.tca.sk\/de\/ausruestung\/vnutorny-opasok-frog-pro-cobra-trousers-inner-belt-multicam\/#breadcrumb","itemListElement":[{"@type":"ListItem","position":1,"name":"Domovsk\u00e1 str\u00e1nka","item":"https:\/\/eshop.tca.sk\/de\/"},{"@type":"ListItem","position":2,"name":"Shop","item":"https:\/\/eshop.tca.sk\/de\/shop\/"},{"@type":"ListItem","position":3,"name":"Inneng\u00fcrtel FROG.PRO COBRA Trousers Inner Belt MULTICAM"}]},{"@type":"WebSite","@id":"https:\/\/eshop.tca.sk\/de\/#website","url":"https:\/\/eshop.tca.sk\/de\/","name":"TCA eShop - Tactical Combat Academy","description":"Tactical Combat Academy","publisher":{"@id":"https:\/\/eshop.tca.sk\/de\/#organization"},"potentialAction":[{"@type":"SearchAction","target":{"@type":"EntryPoint","urlTemplate":"https:\/\/eshop.tca.sk\/de\/?s={search_term_string}"},"query-input":{"@type":"PropertyValueSpecification","valueRequired":true,"valueName":"search_term_string"}}],"inLanguage":"de"},{"@type":"Organization","@id":"https:\/\/eshop.tca.sk\/de\/#organization","name":"TCA eShop - Tactical Combat Academy","url":"https:\/\/eshop.tca.sk\/de\/","logo":{"@type":"ImageObject","inLanguage":"de","@id":"https:\/\/eshop.tca.sk\/de\/#\/schema\/logo\/image\/","url":"https:\/\/eshop.tca.sk\/wp-content\/uploads\/2025\/06\/logo-new-header.png","contentUrl":"https:\/\/eshop.tca.sk\/wp-content\/uploads\/2025\/06\/logo-new-header.png","width":300,"height":294,"caption":"TCA eShop - Tactical Combat Academy"},"image":{"@id":"https:\/\/eshop.tca.sk\/de\/#\/schema\/logo\/image\/"}}]}},"_links":{"self":[{"href":"https:\/\/eshop.tca.sk\/de\/wp-json\/wp\/v2\/product\/11362","targetHints":{"allow":["GET"]}}],"collection":[{"href":"https:\/\/eshop.tca.sk\/de\/wp-json\/wp\/v2\/product"}],"about":[{"href":"https:\/\/eshop.tca.sk\/de\/wp-json\/wp\/v2\/types\/product"}],"wp:featuredmedia":[{"embeddable":true,"href":"https:\/\/eshop.tca.sk\/de\/wp-json\/wp\/v2\/media\/11376"}],"wp:attachment":[{"href":"https:\/\/eshop.tca.sk\/de\/wp-json\/wp\/v2\/media?parent=11362"}],"wp:term":[{"taxonomy":"product_brand","embeddable":true,"href":"https:\/\/eshop.tca.sk\/de\/wp-json\/wp\/v2\/product_brand?post=11362"},{"taxonomy":"product_cat","embeddable":true,"href":"https:\/\/eshop.tca.sk\/de\/wp-json\/wp\/v2\/product_cat?post=11362"},{"taxonomy":"product_tag","embeddable":true,"href":"https:\/\/eshop.tca.sk\/de\/wp-json\/wp\/v2\/product_tag?post=11362"},{"taxonomy":"giftcard-category","embeddable":true,"href":"https:\/\/eshop.tca.sk\/de\/wp-json\/wp\/v2\/giftcard-category?post=11362"}],"curies":[{"name":"wp","href":"https:\/\/api.w.org\/{rel}","templated":true}]}}