{"id":11415,"date":"2024-04-15T14:15:57","date_gmt":"2024-04-15T12:15:57","guid":{"rendered":"https:\/\/eshop.tca.sk\/?post_type=product&#038;p=11415"},"modified":"2025-11-23T19:20:07","modified_gmt":"2025-11-23T18:20:07","slug":"drziak-na-turniket-frog-pro-velcro-cat-tq-holder-black","status":"publish","type":"product","link":"https:\/\/eshop.tca.sk\/de\/taktische-westen\/drziak-na-turniket-frog-pro-velcro-cat-tq-holder-black\/","title":{"rendered":"Tourniquet Halter FROG.PRO Velcro CAT TQ Holder BLACK"},"content":{"rendered":"<h3><strong>Tourniquet Halter FROG.PRO Velcro CAT TQ Holder BLACK<\/strong><\/h3>\n<p>Der Velcro Elastic CAT Tourniquet Holder wurde entwickelt, um eines der wichtigsten medizinischen Ausr\u00fcstungsgegenst\u00e4nde zu tragen: <strong>den Tourniquet.<\/strong><\/p>\n<p>Bei jeder Operation, bei der das Risiko einer Verletzung <strong>mit massiven Blutungen<\/strong> besteht, sollte jeder Operateur ein oder mehrere Tourniquets an einer leicht zug\u00e4nglichen und sichtbaren Stelle seiner Ausr\u00fcstung mit sich f\u00fchren.<\/p>\n<p>Der Velcro Elastic CAT Tourniquet Holder verf\u00fcgt \u00fcber eine Velcro\u00ae Klettverschlussbefestigung f\u00fcr eine sichere und schnelle Anbringung an der Seite der Front- oder R\u00fcckenklappe eines Plattentr\u00e4gers, unter einem Brustgurt oder unter einem G\u00fcrtel (wie z. B. dem Defender Low Visibility Plate Carrier oder dem Modular Reconnaissance Chest Rig), w\u00e4hrend die elastische Konstruktion nach MIL-W-5664 eine enge Passform f\u00fcr eine Vielzahl herk\u00f6mmlicher Tourniquets (CAT, SOF-T, etc.) gew\u00e4hrleistet.<\/p>\n<p>Um ein sehr gutes Verh\u00e4ltnis zwischen <strong>Festigkeit und Gewicht<\/strong> zu erreichen, ist der Hypalon-K\u00f6rper mit einem gewichtssparenden, skelettierten Design lasergeschnitten und eine TQ-Kennzeichnung ist im sichtbaren Teil der Tasche lasergraviert.<\/p>\n<p>Die Liebe zum Detail, kombiniert mit individuellem Design, bietet ein einzigartiges Produkt, das unser Engagement f\u00fcr &#8220;State of the Art&#8221;-Milit\u00e4rtechnik widerspiegelt.<\/p>\n<p><iframe loading=\"lazy\" title=\"FROG PRO\u00ae | Tailored gear, human made.\" width=\"1170\" height=\"658\" src=\"https:\/\/www.youtube.com\/embed\/7d5tz3DPVU4?feature=oembed&#038;enablejsapi=1&#038;origin=https:\/\/eshop.tca.sk\" frameborder=\"0\" allow=\"accelerometer; autoplay; clipboard-write; encrypted-media; gyroscope; picture-in-picture; web-share\" referrerpolicy=\"strict-origin-when-cross-origin\" allowfullscreen><\/iframe><\/p>\n<p>&nbsp;<\/p>\n","protected":false},"excerpt":{"rendered":"<p><img loading=\"lazy\" decoding=\"async\" class=\"alignnone wp-image-10791\" src=\"https:\/\/eshop.tca.sk\/wp-content\/uploads\/2024\/04\/FROG.png\" alt=\"\" width=\"144\" height=\"66\" srcset=\"https:\/\/eshop.tca.sk\/wp-content\/uploads\/2024\/04\/FROG.png 291w, https:\/\/eshop.tca.sk\/wp-content\/uploads\/2024\/04\/FROG-24x11.png 24w, https:\/\/eshop.tca.sk\/wp-content\/uploads\/2024\/04\/FROG-36x16.png 36w, https:\/\/eshop.tca.sk\/wp-content\/uploads\/2024\/04\/FROG-48x22.png 48w\" sizes=\"auto, (max-width: 144px) 100vw, 144px\" \/><\/p>\n<p>Der Velcro Elastic CAT Tourniquet Holder wurde entwickelt, um eines der wichtigsten medizinischen Ausr\u00fcstungsgegenst\u00e4nde zu tragen: den Tourniquet.<\/p>\n<p><img loading=\"lazy\" decoding=\"async\" class=\"wp-image-8564 alignnone\" src=\"https:\/\/eshop.tca.sk\/wp-content\/uploads\/2023\/04\/Logo-Whack-Black-White-R-APPROVED.png\" alt=\"\" width=\"138\" height=\"75\" srcset=\"https:\/\/eshop.tca.sk\/wp-content\/uploads\/2023\/04\/Logo-Whack-Black-White-R-APPROVED.png 571w, https:\/\/eshop.tca.sk\/wp-content\/uploads\/2023\/04\/Logo-Whack-Black-White-R-APPROVED-300x163.png 300w\" sizes=\"auto, (max-width: 138px) 100vw, 138px\" \/><\/p>\n<p>Vom <a href=\"https:\/\/www.tca.sk\/\"><strong>TCA<\/strong><\/a> und dem <strong><a href=\"https:\/\/www.tca.sk\/profil\/ako-zacat-s-kurzami\">WHACK-System<\/a><\/strong> verwendete und empfohlene Equipment.<\/p>\n","protected":false},"featured_media":11417,"template":"","meta":{"inline_featured_image":false},"product_brand":[],"product_cat":[323,468,470,617],"product_tag":[565],"giftcard-category":[],"class_list":{"0":"post-11415","1":"product","2":"type-product","3":"status-publish","4":"has-post-thumbnail","6":"product_cat-ausruestung","7":"product_cat-medic-de","8":"product_cat-taktische-westen","9":"product_cat-westenzubehoer","10":"product_tag-frog-pro-de","12":"first","13":"instock","14":"taxable","15":"shipping-taxable","16":"purchasable","17":"product-type-simple"},"yoast_head":"<!-- This site is optimized with the Yoast SEO plugin v26.4 - https:\/\/yoast.com\/wordpress\/plugins\/seo\/ -->\n<title>Tourniquet Halter FROG.PRO Velcro CAT TQ Holder BLACK - TCA eShop - Tactical Combat Academy<\/title>\n<meta name=\"description\" content=\"Der Velcro Elastic CAT Tourniquet Holder wurde entwickelt, um eines der wichtigsten medizinischen Ausr\u00fcstungsgegenst\u00e4nde zu tragen: den Tourniquet.\" \/>\n<meta name=\"robots\" content=\"index, follow, max-snippet:-1, max-image-preview:large, max-video-preview:-1\" \/>\n<link rel=\"canonical\" href=\"https:\/\/eshop.tca.sk\/de\/taktische-westen\/drziak-na-turniket-frog-pro-velcro-cat-tq-holder-black\/\" \/>\n<meta property=\"og:locale\" content=\"de_DE\" \/>\n<meta property=\"og:type\" content=\"article\" \/>\n<meta property=\"og:title\" content=\"Tourniquet Halter FROG.PRO Velcro CAT TQ Holder BLACK - TCA eShop - Tactical Combat Academy\" \/>\n<meta property=\"og:description\" content=\"Der Velcro Elastic CAT Tourniquet Holder wurde entwickelt, um eines der wichtigsten medizinischen Ausr\u00fcstungsgegenst\u00e4nde zu tragen: den Tourniquet.\" \/>\n<meta property=\"og:url\" content=\"https:\/\/eshop.tca.sk\/de\/taktische-westen\/drziak-na-turniket-frog-pro-velcro-cat-tq-holder-black\/\" \/>\n<meta property=\"og:site_name\" content=\"TCA eShop - Tactical Combat Academy\" \/>\n<meta property=\"article:modified_time\" content=\"2025-11-23T18:20:07+00:00\" \/>\n<meta property=\"og:image\" content=\"https:\/\/eshop.tca.sk\/wp-content\/uploads\/2024\/04\/Drziak-na-Turniket-FROG.PRO-Velcro-CAT-TQ-Holder-BLACK-a.jpg\" \/>\n\t<meta property=\"og:image:width\" content=\"1000\" \/>\n\t<meta property=\"og:image:height\" content=\"1000\" \/>\n\t<meta property=\"og:image:type\" content=\"image\/jpeg\" \/>\n<meta name=\"twitter:card\" content=\"summary_large_image\" \/>\n<script type=\"application\/ld+json\" class=\"yoast-schema-graph\">{\"@context\":\"https:\/\/schema.org\",\"@graph\":[{\"@type\":\"WebPage\",\"@id\":\"https:\/\/eshop.tca.sk\/de\/taktische-westen\/drziak-na-turniket-frog-pro-velcro-cat-tq-holder-black\/\",\"url\":\"https:\/\/eshop.tca.sk\/de\/taktische-westen\/drziak-na-turniket-frog-pro-velcro-cat-tq-holder-black\/\",\"name\":\"Tourniquet Halter FROG.PRO Velcro CAT TQ Holder BLACK - TCA eShop - Tactical Combat Academy\",\"isPartOf\":{\"@id\":\"https:\/\/eshop.tca.sk\/de\/#website\"},\"primaryImageOfPage\":{\"@id\":\"https:\/\/eshop.tca.sk\/de\/taktische-westen\/drziak-na-turniket-frog-pro-velcro-cat-tq-holder-black\/#primaryimage\"},\"image\":{\"@id\":\"https:\/\/eshop.tca.sk\/de\/taktische-westen\/drziak-na-turniket-frog-pro-velcro-cat-tq-holder-black\/#primaryimage\"},\"thumbnailUrl\":\"https:\/\/eshop.tca.sk\/wp-content\/uploads\/2024\/04\/Drziak-na-Turniket-FROG.PRO-Velcro-CAT-TQ-Holder-BLACK-a.jpg\",\"datePublished\":\"2024-04-15T12:15:57+00:00\",\"dateModified\":\"2025-11-23T18:20:07+00:00\",\"description\":\"Der Velcro Elastic CAT Tourniquet Holder wurde entwickelt, um eines der wichtigsten medizinischen Ausr\u00fcstungsgegenst\u00e4nde zu tragen: den Tourniquet.\",\"breadcrumb\":{\"@id\":\"https:\/\/eshop.tca.sk\/de\/taktische-westen\/drziak-na-turniket-frog-pro-velcro-cat-tq-holder-black\/#breadcrumb\"},\"inLanguage\":\"de\",\"potentialAction\":[{\"@type\":\"ReadAction\",\"target\":[\"https:\/\/eshop.tca.sk\/de\/taktische-westen\/drziak-na-turniket-frog-pro-velcro-cat-tq-holder-black\/\"]}]},{\"@type\":\"ImageObject\",\"inLanguage\":\"de\",\"@id\":\"https:\/\/eshop.tca.sk\/de\/taktische-westen\/drziak-na-turniket-frog-pro-velcro-cat-tq-holder-black\/#primaryimage\",\"url\":\"https:\/\/eshop.tca.sk\/wp-content\/uploads\/2024\/04\/Drziak-na-Turniket-FROG.PRO-Velcro-CAT-TQ-Holder-BLACK-a.jpg\",\"contentUrl\":\"https:\/\/eshop.tca.sk\/wp-content\/uploads\/2024\/04\/Drziak-na-Turniket-FROG.PRO-Velcro-CAT-TQ-Holder-BLACK-a.jpg\",\"width\":1000,\"height\":1000},{\"@type\":\"BreadcrumbList\",\"@id\":\"https:\/\/eshop.tca.sk\/de\/taktische-westen\/drziak-na-turniket-frog-pro-velcro-cat-tq-holder-black\/#breadcrumb\",\"itemListElement\":[{\"@type\":\"ListItem\",\"position\":1,\"name\":\"Domovsk\u00e1 str\u00e1nka\",\"item\":\"https:\/\/eshop.tca.sk\/de\/\"},{\"@type\":\"ListItem\",\"position\":2,\"name\":\"Shop\",\"item\":\"https:\/\/eshop.tca.sk\/de\/shop\/\"},{\"@type\":\"ListItem\",\"position\":3,\"name\":\"Tourniquet Halter FROG.PRO Velcro CAT TQ Holder BLACK\"}]},{\"@type\":\"WebSite\",\"@id\":\"https:\/\/eshop.tca.sk\/de\/#website\",\"url\":\"https:\/\/eshop.tca.sk\/de\/\",\"name\":\"TCA eShop - Tactical Combat Academy\",\"description\":\"Tactical Combat Academy\",\"publisher\":{\"@id\":\"https:\/\/eshop.tca.sk\/de\/#organization\"},\"potentialAction\":[{\"@type\":\"SearchAction\",\"target\":{\"@type\":\"EntryPoint\",\"urlTemplate\":\"https:\/\/eshop.tca.sk\/de\/?s={search_term_string}\"},\"query-input\":{\"@type\":\"PropertyValueSpecification\",\"valueRequired\":true,\"valueName\":\"search_term_string\"}}],\"inLanguage\":\"de\"},{\"@type\":\"Organization\",\"@id\":\"https:\/\/eshop.tca.sk\/de\/#organization\",\"name\":\"TCA eShop - Tactical Combat Academy\",\"url\":\"https:\/\/eshop.tca.sk\/de\/\",\"logo\":{\"@type\":\"ImageObject\",\"inLanguage\":\"de\",\"@id\":\"https:\/\/eshop.tca.sk\/de\/#\/schema\/logo\/image\/\",\"url\":\"https:\/\/eshop.tca.sk\/wp-content\/uploads\/2025\/06\/logo-new-header.png\",\"contentUrl\":\"https:\/\/eshop.tca.sk\/wp-content\/uploads\/2025\/06\/logo-new-header.png\",\"width\":300,\"height\":294,\"caption\":\"TCA eShop - Tactical Combat Academy\"},\"image\":{\"@id\":\"https:\/\/eshop.tca.sk\/de\/#\/schema\/logo\/image\/\"}}]}<\/script>\n<!-- \/ Yoast SEO plugin. -->","yoast_head_json":{"title":"Tourniquet Halter FROG.PRO Velcro CAT TQ Holder BLACK - TCA eShop - Tactical Combat Academy","description":"Der Velcro Elastic CAT Tourniquet Holder wurde entwickelt, um eines der wichtigsten medizinischen Ausr\u00fcstungsgegenst\u00e4nde zu tragen: den Tourniquet.","robots":{"index":"index","follow":"follow","max-snippet":"max-snippet:-1","max-image-preview":"max-image-preview:large","max-video-preview":"max-video-preview:-1"},"canonical":"https:\/\/eshop.tca.sk\/de\/taktische-westen\/drziak-na-turniket-frog-pro-velcro-cat-tq-holder-black\/","og_locale":"de_DE","og_type":"article","og_title":"Tourniquet Halter FROG.PRO Velcro CAT TQ Holder BLACK - TCA eShop - Tactical Combat Academy","og_description":"Der Velcro Elastic CAT Tourniquet Holder wurde entwickelt, um eines der wichtigsten medizinischen Ausr\u00fcstungsgegenst\u00e4nde zu tragen: den Tourniquet.","og_url":"https:\/\/eshop.tca.sk\/de\/taktische-westen\/drziak-na-turniket-frog-pro-velcro-cat-tq-holder-black\/","og_site_name":"TCA eShop - Tactical Combat Academy","article_modified_time":"2025-11-23T18:20:07+00:00","og_image":[{"width":1000,"height":1000,"url":"https:\/\/eshop.tca.sk\/wp-content\/uploads\/2024\/04\/Drziak-na-Turniket-FROG.PRO-Velcro-CAT-TQ-Holder-BLACK-a.jpg","type":"image\/jpeg"}],"twitter_card":"summary_large_image","schema":{"@context":"https:\/\/schema.org","@graph":[{"@type":"WebPage","@id":"https:\/\/eshop.tca.sk\/de\/taktische-westen\/drziak-na-turniket-frog-pro-velcro-cat-tq-holder-black\/","url":"https:\/\/eshop.tca.sk\/de\/taktische-westen\/drziak-na-turniket-frog-pro-velcro-cat-tq-holder-black\/","name":"Tourniquet Halter FROG.PRO Velcro CAT TQ Holder BLACK - TCA eShop - Tactical Combat Academy","isPartOf":{"@id":"https:\/\/eshop.tca.sk\/de\/#website"},"primaryImageOfPage":{"@id":"https:\/\/eshop.tca.sk\/de\/taktische-westen\/drziak-na-turniket-frog-pro-velcro-cat-tq-holder-black\/#primaryimage"},"image":{"@id":"https:\/\/eshop.tca.sk\/de\/taktische-westen\/drziak-na-turniket-frog-pro-velcro-cat-tq-holder-black\/#primaryimage"},"thumbnailUrl":"https:\/\/eshop.tca.sk\/wp-content\/uploads\/2024\/04\/Drziak-na-Turniket-FROG.PRO-Velcro-CAT-TQ-Holder-BLACK-a.jpg","datePublished":"2024-04-15T12:15:57+00:00","dateModified":"2025-11-23T18:20:07+00:00","description":"Der Velcro Elastic CAT Tourniquet Holder wurde entwickelt, um eines der wichtigsten medizinischen Ausr\u00fcstungsgegenst\u00e4nde zu tragen: den Tourniquet.","breadcrumb":{"@id":"https:\/\/eshop.tca.sk\/de\/taktische-westen\/drziak-na-turniket-frog-pro-velcro-cat-tq-holder-black\/#breadcrumb"},"inLanguage":"de","potentialAction":[{"@type":"ReadAction","target":["https:\/\/eshop.tca.sk\/de\/taktische-westen\/drziak-na-turniket-frog-pro-velcro-cat-tq-holder-black\/"]}]},{"@type":"ImageObject","inLanguage":"de","@id":"https:\/\/eshop.tca.sk\/de\/taktische-westen\/drziak-na-turniket-frog-pro-velcro-cat-tq-holder-black\/#primaryimage","url":"https:\/\/eshop.tca.sk\/wp-content\/uploads\/2024\/04\/Drziak-na-Turniket-FROG.PRO-Velcro-CAT-TQ-Holder-BLACK-a.jpg","contentUrl":"https:\/\/eshop.tca.sk\/wp-content\/uploads\/2024\/04\/Drziak-na-Turniket-FROG.PRO-Velcro-CAT-TQ-Holder-BLACK-a.jpg","width":1000,"height":1000},{"@type":"BreadcrumbList","@id":"https:\/\/eshop.tca.sk\/de\/taktische-westen\/drziak-na-turniket-frog-pro-velcro-cat-tq-holder-black\/#breadcrumb","itemListElement":[{"@type":"ListItem","position":1,"name":"Domovsk\u00e1 str\u00e1nka","item":"https:\/\/eshop.tca.sk\/de\/"},{"@type":"ListItem","position":2,"name":"Shop","item":"https:\/\/eshop.tca.sk\/de\/shop\/"},{"@type":"ListItem","position":3,"name":"Tourniquet Halter FROG.PRO Velcro CAT TQ Holder BLACK"}]},{"@type":"WebSite","@id":"https:\/\/eshop.tca.sk\/de\/#website","url":"https:\/\/eshop.tca.sk\/de\/","name":"TCA eShop - Tactical Combat Academy","description":"Tactical Combat Academy","publisher":{"@id":"https:\/\/eshop.tca.sk\/de\/#organization"},"potentialAction":[{"@type":"SearchAction","target":{"@type":"EntryPoint","urlTemplate":"https:\/\/eshop.tca.sk\/de\/?s={search_term_string}"},"query-input":{"@type":"PropertyValueSpecification","valueRequired":true,"valueName":"search_term_string"}}],"inLanguage":"de"},{"@type":"Organization","@id":"https:\/\/eshop.tca.sk\/de\/#organization","name":"TCA eShop - Tactical Combat Academy","url":"https:\/\/eshop.tca.sk\/de\/","logo":{"@type":"ImageObject","inLanguage":"de","@id":"https:\/\/eshop.tca.sk\/de\/#\/schema\/logo\/image\/","url":"https:\/\/eshop.tca.sk\/wp-content\/uploads\/2025\/06\/logo-new-header.png","contentUrl":"https:\/\/eshop.tca.sk\/wp-content\/uploads\/2025\/06\/logo-new-header.png","width":300,"height":294,"caption":"TCA eShop - Tactical Combat Academy"},"image":{"@id":"https:\/\/eshop.tca.sk\/de\/#\/schema\/logo\/image\/"}}]}},"_links":{"self":[{"href":"https:\/\/eshop.tca.sk\/de\/wp-json\/wp\/v2\/product\/11415","targetHints":{"allow":["GET"]}}],"collection":[{"href":"https:\/\/eshop.tca.sk\/de\/wp-json\/wp\/v2\/product"}],"about":[{"href":"https:\/\/eshop.tca.sk\/de\/wp-json\/wp\/v2\/types\/product"}],"wp:featuredmedia":[{"embeddable":true,"href":"https:\/\/eshop.tca.sk\/de\/wp-json\/wp\/v2\/media\/11417"}],"wp:attachment":[{"href":"https:\/\/eshop.tca.sk\/de\/wp-json\/wp\/v2\/media?parent=11415"}],"wp:term":[{"taxonomy":"product_brand","embeddable":true,"href":"https:\/\/eshop.tca.sk\/de\/wp-json\/wp\/v2\/product_brand?post=11415"},{"taxonomy":"product_cat","embeddable":true,"href":"https:\/\/eshop.tca.sk\/de\/wp-json\/wp\/v2\/product_cat?post=11415"},{"taxonomy":"product_tag","embeddable":true,"href":"https:\/\/eshop.tca.sk\/de\/wp-json\/wp\/v2\/product_tag?post=11415"},{"taxonomy":"giftcard-category","embeddable":true,"href":"https:\/\/eshop.tca.sk\/de\/wp-json\/wp\/v2\/giftcard-category?post=11415"}],"curies":[{"name":"wp","href":"https:\/\/api.w.org\/{rel}","templated":true}]}}