{"id":11477,"date":"2024-04-16T13:41:28","date_gmt":"2024-04-16T11:41:28","guid":{"rendered":"https:\/\/eshop.tca.sk\/?post_type=product&#038;p=11477"},"modified":"2025-11-26T11:46:46","modified_gmt":"2025-11-26T10:46:46","slug":"ifak-frog-pro-chiron-mini-ifak-ranger-green","status":"publish","type":"product","link":"https:\/\/eshop.tca.sk\/de\/medic-de\/ifak-frog-pro-chiron-mini-ifak-ranger-green\/","title":{"rendered":"IFAK FROG.PRO Chiron Mini IFAK RANGER GREEN"},"content":{"rendered":"<h3><strong>IFAK FROG.PRO Chiron Mini IFAK RANGER GREEN<\/strong><\/h3>\n<p>Die <strong>Chiron Mini IFAK<\/strong> wurde als Antwort auf die Nachfrage von SF-Operateuren nach einer schnell ausziehbaren Mini IFAK entwickelt, die ihre beste Leistung erbringt, wenn sie in der Lendengegend des Kampfg\u00fcrtels getragen wird.<\/p>\n<p>Bei diesem Projekt mussten wir alles daran setzen, die Dinge einfach und effektiv zu halten. Das Ergebnis ist ein Design, das es erm\u00f6glicht, die medizinische Ausr\u00fcstung im Notfall schnell und einfach zu erreichen: Man greift einfach den <strong>ITW Nexus\u00ae D-Ring<\/strong> und nimmt den Einsatz heraus, der sich entfaltet und den Inhalt zeigt.<\/p>\n<p>Der herausnehmbare Einsatz, der vollst\u00e4ndig aus <strong>LAHYCO<\/strong> besteht, verf\u00fcgt \u00fcber zwei propriet\u00e4re <strong>MPO (Multi Purpose Organizer)-Paneele<\/strong>, die nicht nur eine erhebliche Gewichtsreduzierung, sondern auch endlose Anpassungsm\u00f6glichkeiten bieten und das statische Konzept klassischer medizinischer Taschen durchbrechen. Der Inhalt, die Platzierung und die Aufbewahrungsmethode sind vollst\u00e4ndig anpassbar, um den Bed\u00fcrfnissen des Anwenders zu entsprechen. Hier nur als Beispiel eine Liste der medizinischen Artikel, die in die Tasche passen: HyFin\u00ae Vent Chest Seal Twin Pack, ARS\u00ae Needle Decompression Kit, Nasopharyngeal Airway 28F mit Gleitmittel, Traumaschere, komprimierte Gaze, Mini-Kompressionsbandage, WoundClot\u2122, Nitrilhandschuhe.<\/p>\n<p>Sowohl die vertikalen als auch die horizontalen Mehrzweck-Organizer sind mit Velcro\u00ae Ultra-Mate\u00ae-Haken versehen, die es dem Benutzer erm\u00f6glichen, sie auszutauschen oder an einer anderen Plattform mit Velcro\u00ae-Schlaufenverschluss zu befestigen.<\/p>\n<p>Die R\u00fcckseite aus dickem Technopolymer-Kunststoff sorgt zusammen mit dem elastischen Band vom Typ MIL-W-5664 oder Woven f\u00fcr eine inh\u00e4rent anpassungsf\u00e4hige Kompression des Inhalts, wodurch die Gr\u00f6\u00dfe der Tasche auf ein Minimum reduziert wird.<\/p>\n<p>Die lasergeschnittene medizinische Kennzeichnung erm\u00f6glicht es dem Benutzer, die Farbe je nach den Umst\u00e4nden zu w\u00e4hlen und den Einsatz von Hi-Vis auf IR oder reflektierend umzuschalten, w\u00e4hrend das Velcro\u00ae-Velours auf der Vorderseite das Anbringen eines Blutgruppenpflasters, eines Allergiewarnpflasters oder eines anderen n\u00fctzlichen Zeichens erm\u00f6glicht.<\/p>\n<p>Da wir die Tasche so klein wie m\u00f6glich halten wollten und die meisten Anwender das Tourniquet vorne am G\u00fcrtel tragen, verf\u00fcgt sie \u00fcber kein spezielles R\u00fcckhaltesystem f\u00fcr das Tourniquet. Bei Bedarf kann der Chiron Mini IFAK optional mit dem Velcro Elastic CAT Tourniquet Holder ausgestattet werden. <\/p>\n<h4><strong>Der Chiron Mini IFAK wird geliefert mit:<\/strong><\/h4>\n<p>&#8211; n.1 schwarzer medizinischer Kreuzeinsatz aus Kunststoff<br \/>\n&#8211; n.2 ITW Nexus\u00ae GTSP Cordloc<br \/>\n&#8211; n.3 Meter 1\/8\u2033 Schockschnur<br \/>\n&#8211; n.4 Mehrzweck-Organizer Chiron horizontal<br \/>\n&#8211; n.5 Mehrzweck-Organisator Chiron vertikal<\/p>\n<p>Die Liebe zum Detail, kombiniert mit individuellem Design, bietet ein einzigartiges Produkt, das unser Engagement f\u00fcr &#8220;State of the Art&#8221;-Milit\u00e4rtechnik widerspiegelt.<\/p>\n<p><iframe loading=\"lazy\" title=\"FROG PRO\u00ae | Tailored gear, human made.\" width=\"1170\" height=\"658\" src=\"https:\/\/www.youtube.com\/embed\/7d5tz3DPVU4?feature=oembed&#038;enablejsapi=1&#038;origin=https:\/\/eshop.tca.sk\" frameborder=\"0\" allow=\"accelerometer; autoplay; clipboard-write; encrypted-media; gyroscope; picture-in-picture; web-share\" referrerpolicy=\"strict-origin-when-cross-origin\" allowfullscreen><\/iframe><\/p>\n<p>&nbsp;<\/p>\n","protected":false},"excerpt":{"rendered":"<p><img loading=\"lazy\" decoding=\"async\" class=\"alignnone wp-image-10791\" src=\"https:\/\/eshop.tca.sk\/wp-content\/uploads\/2024\/04\/FROG.png\" alt=\"\" width=\"144\" height=\"66\" srcset=\"https:\/\/eshop.tca.sk\/wp-content\/uploads\/2024\/04\/FROG.png 291w, https:\/\/eshop.tca.sk\/wp-content\/uploads\/2024\/04\/FROG-24x11.png 24w, https:\/\/eshop.tca.sk\/wp-content\/uploads\/2024\/04\/FROG-36x16.png 36w, https:\/\/eshop.tca.sk\/wp-content\/uploads\/2024\/04\/FROG-48x22.png 48w\" sizes=\"auto, (max-width: 144px) 100vw, 144px\" \/><\/p>\n<p>Die <strong>Chiron Mini IFAK<\/strong> wurde als Antwort auf die Nachfrage von SF-Operateuren nach einer schnell ausziehbaren Mini IFAK entwickelt, die ihre beste Leistung erbringt, wenn sie in der Lendengegend des Kampfg\u00fcrtels getragen wird.<\/p>\n<p><img loading=\"lazy\" decoding=\"async\" class=\"wp-image-8564 alignnone\" src=\"https:\/\/eshop.tca.sk\/wp-content\/uploads\/2023\/04\/Logo-Whack-Black-White-R-APPROVED.png\" alt=\"\" width=\"138\" height=\"75\" srcset=\"https:\/\/eshop.tca.sk\/wp-content\/uploads\/2023\/04\/Logo-Whack-Black-White-R-APPROVED.png 571w, https:\/\/eshop.tca.sk\/wp-content\/uploads\/2023\/04\/Logo-Whack-Black-White-R-APPROVED-300x163.png 300w\" sizes=\"auto, (max-width: 138px) 100vw, 138px\" \/><\/p>\n<p>Vom <a href=\"https:\/\/www.tca.sk\/\"><strong>TCA<\/strong><\/a> und dem <strong><a href=\"https:\/\/www.tca.sk\/profil\/ako-zacat-s-kurzami\">WHACK-System<\/a><\/strong> verwendete und empfohlene Equipment.<\/p>\n","protected":false},"featured_media":11479,"template":"","meta":{"inline_featured_image":false},"product_brand":[],"product_cat":[468],"product_tag":[565],"giftcard-category":[],"class_list":{"0":"post-11477","1":"product","2":"type-product","3":"status-publish","4":"has-post-thumbnail","6":"product_cat-medic-de","7":"product_tag-frog-pro-de","9":"first","10":"outofstock","11":"taxable","12":"shipping-taxable","13":"purchasable","14":"product-type-simple"},"yoast_head":"<!-- This site is optimized with the Yoast SEO plugin v26.4 - https:\/\/yoast.com\/wordpress\/plugins\/seo\/ -->\n<title>IFAK FROG.PRO Chiron Mini IFAK RANGER GREEN - TCA eShop - Tactical Combat Academy<\/title>\n<meta name=\"description\" content=\"Die Chiron Mini IFAK wurde als Antwort auf die Nachfrage von SF-Operateuren nach einer schnell ausziehbaren Mini IFAK entwickelt, die ihre beste Leistung erbringt, wenn sie in der Lendengegend des Kampfg\u00fcrtels getragen wird.\" \/>\n<meta name=\"robots\" content=\"index, follow, max-snippet:-1, max-image-preview:large, max-video-preview:-1\" \/>\n<link rel=\"canonical\" href=\"https:\/\/eshop.tca.sk\/de\/medic-de\/ifak-frog-pro-chiron-mini-ifak-ranger-green\/\" \/>\n<meta property=\"og:locale\" content=\"de_DE\" \/>\n<meta property=\"og:type\" content=\"article\" \/>\n<meta property=\"og:title\" content=\"IFAK FROG.PRO Chiron Mini IFAK RANGER GREEN - TCA eShop - Tactical Combat Academy\" \/>\n<meta property=\"og:description\" content=\"Die Chiron Mini IFAK wurde als Antwort auf die Nachfrage von SF-Operateuren nach einer schnell ausziehbaren Mini IFAK entwickelt, die ihre beste Leistung erbringt, wenn sie in der Lendengegend des Kampfg\u00fcrtels getragen wird.\" \/>\n<meta property=\"og:url\" content=\"https:\/\/eshop.tca.sk\/de\/medic-de\/ifak-frog-pro-chiron-mini-ifak-ranger-green\/\" \/>\n<meta property=\"og:site_name\" content=\"TCA eShop - Tactical Combat Academy\" \/>\n<meta property=\"article:modified_time\" content=\"2025-11-26T10:46:46+00:00\" \/>\n<meta property=\"og:image\" content=\"https:\/\/eshop.tca.sk\/wp-content\/uploads\/2024\/04\/Lekarnicka-IFAK-FROG.PRO-Chiron-Mini-IFAK-RANGER-GREEN.jpg\" \/>\n\t<meta property=\"og:image:width\" content=\"1000\" \/>\n\t<meta property=\"og:image:height\" content=\"1000\" \/>\n\t<meta property=\"og:image:type\" content=\"image\/jpeg\" \/>\n<meta name=\"twitter:card\" content=\"summary_large_image\" \/>\n<script type=\"application\/ld+json\" class=\"yoast-schema-graph\">{\"@context\":\"https:\/\/schema.org\",\"@graph\":[{\"@type\":\"WebPage\",\"@id\":\"https:\/\/eshop.tca.sk\/de\/medic-de\/ifak-frog-pro-chiron-mini-ifak-ranger-green\/\",\"url\":\"https:\/\/eshop.tca.sk\/de\/medic-de\/ifak-frog-pro-chiron-mini-ifak-ranger-green\/\",\"name\":\"IFAK FROG.PRO Chiron Mini IFAK RANGER GREEN - TCA eShop - Tactical Combat Academy\",\"isPartOf\":{\"@id\":\"https:\/\/eshop.tca.sk\/de\/#website\"},\"primaryImageOfPage\":{\"@id\":\"https:\/\/eshop.tca.sk\/de\/medic-de\/ifak-frog-pro-chiron-mini-ifak-ranger-green\/#primaryimage\"},\"image\":{\"@id\":\"https:\/\/eshop.tca.sk\/de\/medic-de\/ifak-frog-pro-chiron-mini-ifak-ranger-green\/#primaryimage\"},\"thumbnailUrl\":\"https:\/\/eshop.tca.sk\/wp-content\/uploads\/2024\/04\/Lekarnicka-IFAK-FROG.PRO-Chiron-Mini-IFAK-RANGER-GREEN.jpg\",\"datePublished\":\"2024-04-16T11:41:28+00:00\",\"dateModified\":\"2025-11-26T10:46:46+00:00\",\"description\":\"Die Chiron Mini IFAK wurde als Antwort auf die Nachfrage von SF-Operateuren nach einer schnell ausziehbaren Mini IFAK entwickelt, die ihre beste Leistung erbringt, wenn sie in der Lendengegend des Kampfg\u00fcrtels getragen wird.\",\"breadcrumb\":{\"@id\":\"https:\/\/eshop.tca.sk\/de\/medic-de\/ifak-frog-pro-chiron-mini-ifak-ranger-green\/#breadcrumb\"},\"inLanguage\":\"de\",\"potentialAction\":[{\"@type\":\"ReadAction\",\"target\":[\"https:\/\/eshop.tca.sk\/de\/medic-de\/ifak-frog-pro-chiron-mini-ifak-ranger-green\/\"]}]},{\"@type\":\"ImageObject\",\"inLanguage\":\"de\",\"@id\":\"https:\/\/eshop.tca.sk\/de\/medic-de\/ifak-frog-pro-chiron-mini-ifak-ranger-green\/#primaryimage\",\"url\":\"https:\/\/eshop.tca.sk\/wp-content\/uploads\/2024\/04\/Lekarnicka-IFAK-FROG.PRO-Chiron-Mini-IFAK-RANGER-GREEN.jpg\",\"contentUrl\":\"https:\/\/eshop.tca.sk\/wp-content\/uploads\/2024\/04\/Lekarnicka-IFAK-FROG.PRO-Chiron-Mini-IFAK-RANGER-GREEN.jpg\",\"width\":1000,\"height\":1000},{\"@type\":\"BreadcrumbList\",\"@id\":\"https:\/\/eshop.tca.sk\/de\/medic-de\/ifak-frog-pro-chiron-mini-ifak-ranger-green\/#breadcrumb\",\"itemListElement\":[{\"@type\":\"ListItem\",\"position\":1,\"name\":\"Domovsk\u00e1 str\u00e1nka\",\"item\":\"https:\/\/eshop.tca.sk\/de\/\"},{\"@type\":\"ListItem\",\"position\":2,\"name\":\"Shop\",\"item\":\"https:\/\/eshop.tca.sk\/de\/shop\/\"},{\"@type\":\"ListItem\",\"position\":3,\"name\":\"IFAK FROG.PRO Chiron Mini IFAK RANGER GREEN\"}]},{\"@type\":\"WebSite\",\"@id\":\"https:\/\/eshop.tca.sk\/de\/#website\",\"url\":\"https:\/\/eshop.tca.sk\/de\/\",\"name\":\"TCA eShop - Tactical Combat Academy\",\"description\":\"Tactical Combat Academy\",\"publisher\":{\"@id\":\"https:\/\/eshop.tca.sk\/de\/#organization\"},\"potentialAction\":[{\"@type\":\"SearchAction\",\"target\":{\"@type\":\"EntryPoint\",\"urlTemplate\":\"https:\/\/eshop.tca.sk\/de\/?s={search_term_string}\"},\"query-input\":{\"@type\":\"PropertyValueSpecification\",\"valueRequired\":true,\"valueName\":\"search_term_string\"}}],\"inLanguage\":\"de\"},{\"@type\":\"Organization\",\"@id\":\"https:\/\/eshop.tca.sk\/de\/#organization\",\"name\":\"TCA eShop - Tactical Combat Academy\",\"url\":\"https:\/\/eshop.tca.sk\/de\/\",\"logo\":{\"@type\":\"ImageObject\",\"inLanguage\":\"de\",\"@id\":\"https:\/\/eshop.tca.sk\/de\/#\/schema\/logo\/image\/\",\"url\":\"https:\/\/eshop.tca.sk\/wp-content\/uploads\/2025\/06\/logo-new-header.png\",\"contentUrl\":\"https:\/\/eshop.tca.sk\/wp-content\/uploads\/2025\/06\/logo-new-header.png\",\"width\":300,\"height\":294,\"caption\":\"TCA eShop - Tactical Combat Academy\"},\"image\":{\"@id\":\"https:\/\/eshop.tca.sk\/de\/#\/schema\/logo\/image\/\"}}]}<\/script>\n<!-- \/ Yoast SEO plugin. -->","yoast_head_json":{"title":"IFAK FROG.PRO Chiron Mini IFAK RANGER GREEN - TCA eShop - Tactical Combat Academy","description":"Die Chiron Mini IFAK wurde als Antwort auf die Nachfrage von SF-Operateuren nach einer schnell ausziehbaren Mini IFAK entwickelt, die ihre beste Leistung erbringt, wenn sie in der Lendengegend des Kampfg\u00fcrtels getragen wird.","robots":{"index":"index","follow":"follow","max-snippet":"max-snippet:-1","max-image-preview":"max-image-preview:large","max-video-preview":"max-video-preview:-1"},"canonical":"https:\/\/eshop.tca.sk\/de\/medic-de\/ifak-frog-pro-chiron-mini-ifak-ranger-green\/","og_locale":"de_DE","og_type":"article","og_title":"IFAK FROG.PRO Chiron Mini IFAK RANGER GREEN - TCA eShop - Tactical Combat Academy","og_description":"Die Chiron Mini IFAK wurde als Antwort auf die Nachfrage von SF-Operateuren nach einer schnell ausziehbaren Mini IFAK entwickelt, die ihre beste Leistung erbringt, wenn sie in der Lendengegend des Kampfg\u00fcrtels getragen wird.","og_url":"https:\/\/eshop.tca.sk\/de\/medic-de\/ifak-frog-pro-chiron-mini-ifak-ranger-green\/","og_site_name":"TCA eShop - Tactical Combat Academy","article_modified_time":"2025-11-26T10:46:46+00:00","og_image":[{"width":1000,"height":1000,"url":"https:\/\/eshop.tca.sk\/wp-content\/uploads\/2024\/04\/Lekarnicka-IFAK-FROG.PRO-Chiron-Mini-IFAK-RANGER-GREEN.jpg","type":"image\/jpeg"}],"twitter_card":"summary_large_image","schema":{"@context":"https:\/\/schema.org","@graph":[{"@type":"WebPage","@id":"https:\/\/eshop.tca.sk\/de\/medic-de\/ifak-frog-pro-chiron-mini-ifak-ranger-green\/","url":"https:\/\/eshop.tca.sk\/de\/medic-de\/ifak-frog-pro-chiron-mini-ifak-ranger-green\/","name":"IFAK FROG.PRO Chiron Mini IFAK RANGER GREEN - TCA eShop - Tactical Combat Academy","isPartOf":{"@id":"https:\/\/eshop.tca.sk\/de\/#website"},"primaryImageOfPage":{"@id":"https:\/\/eshop.tca.sk\/de\/medic-de\/ifak-frog-pro-chiron-mini-ifak-ranger-green\/#primaryimage"},"image":{"@id":"https:\/\/eshop.tca.sk\/de\/medic-de\/ifak-frog-pro-chiron-mini-ifak-ranger-green\/#primaryimage"},"thumbnailUrl":"https:\/\/eshop.tca.sk\/wp-content\/uploads\/2024\/04\/Lekarnicka-IFAK-FROG.PRO-Chiron-Mini-IFAK-RANGER-GREEN.jpg","datePublished":"2024-04-16T11:41:28+00:00","dateModified":"2025-11-26T10:46:46+00:00","description":"Die Chiron Mini IFAK wurde als Antwort auf die Nachfrage von SF-Operateuren nach einer schnell ausziehbaren Mini IFAK entwickelt, die ihre beste Leistung erbringt, wenn sie in der Lendengegend des Kampfg\u00fcrtels getragen wird.","breadcrumb":{"@id":"https:\/\/eshop.tca.sk\/de\/medic-de\/ifak-frog-pro-chiron-mini-ifak-ranger-green\/#breadcrumb"},"inLanguage":"de","potentialAction":[{"@type":"ReadAction","target":["https:\/\/eshop.tca.sk\/de\/medic-de\/ifak-frog-pro-chiron-mini-ifak-ranger-green\/"]}]},{"@type":"ImageObject","inLanguage":"de","@id":"https:\/\/eshop.tca.sk\/de\/medic-de\/ifak-frog-pro-chiron-mini-ifak-ranger-green\/#primaryimage","url":"https:\/\/eshop.tca.sk\/wp-content\/uploads\/2024\/04\/Lekarnicka-IFAK-FROG.PRO-Chiron-Mini-IFAK-RANGER-GREEN.jpg","contentUrl":"https:\/\/eshop.tca.sk\/wp-content\/uploads\/2024\/04\/Lekarnicka-IFAK-FROG.PRO-Chiron-Mini-IFAK-RANGER-GREEN.jpg","width":1000,"height":1000},{"@type":"BreadcrumbList","@id":"https:\/\/eshop.tca.sk\/de\/medic-de\/ifak-frog-pro-chiron-mini-ifak-ranger-green\/#breadcrumb","itemListElement":[{"@type":"ListItem","position":1,"name":"Domovsk\u00e1 str\u00e1nka","item":"https:\/\/eshop.tca.sk\/de\/"},{"@type":"ListItem","position":2,"name":"Shop","item":"https:\/\/eshop.tca.sk\/de\/shop\/"},{"@type":"ListItem","position":3,"name":"IFAK FROG.PRO Chiron Mini IFAK RANGER GREEN"}]},{"@type":"WebSite","@id":"https:\/\/eshop.tca.sk\/de\/#website","url":"https:\/\/eshop.tca.sk\/de\/","name":"TCA eShop - Tactical Combat Academy","description":"Tactical Combat Academy","publisher":{"@id":"https:\/\/eshop.tca.sk\/de\/#organization"},"potentialAction":[{"@type":"SearchAction","target":{"@type":"EntryPoint","urlTemplate":"https:\/\/eshop.tca.sk\/de\/?s={search_term_string}"},"query-input":{"@type":"PropertyValueSpecification","valueRequired":true,"valueName":"search_term_string"}}],"inLanguage":"de"},{"@type":"Organization","@id":"https:\/\/eshop.tca.sk\/de\/#organization","name":"TCA eShop - Tactical Combat Academy","url":"https:\/\/eshop.tca.sk\/de\/","logo":{"@type":"ImageObject","inLanguage":"de","@id":"https:\/\/eshop.tca.sk\/de\/#\/schema\/logo\/image\/","url":"https:\/\/eshop.tca.sk\/wp-content\/uploads\/2025\/06\/logo-new-header.png","contentUrl":"https:\/\/eshop.tca.sk\/wp-content\/uploads\/2025\/06\/logo-new-header.png","width":300,"height":294,"caption":"TCA eShop - Tactical Combat Academy"},"image":{"@id":"https:\/\/eshop.tca.sk\/de\/#\/schema\/logo\/image\/"}}]}},"_links":{"self":[{"href":"https:\/\/eshop.tca.sk\/de\/wp-json\/wp\/v2\/product\/11477","targetHints":{"allow":["GET"]}}],"collection":[{"href":"https:\/\/eshop.tca.sk\/de\/wp-json\/wp\/v2\/product"}],"about":[{"href":"https:\/\/eshop.tca.sk\/de\/wp-json\/wp\/v2\/types\/product"}],"wp:featuredmedia":[{"embeddable":true,"href":"https:\/\/eshop.tca.sk\/de\/wp-json\/wp\/v2\/media\/11479"}],"wp:attachment":[{"href":"https:\/\/eshop.tca.sk\/de\/wp-json\/wp\/v2\/media?parent=11477"}],"wp:term":[{"taxonomy":"product_brand","embeddable":true,"href":"https:\/\/eshop.tca.sk\/de\/wp-json\/wp\/v2\/product_brand?post=11477"},{"taxonomy":"product_cat","embeddable":true,"href":"https:\/\/eshop.tca.sk\/de\/wp-json\/wp\/v2\/product_cat?post=11477"},{"taxonomy":"product_tag","embeddable":true,"href":"https:\/\/eshop.tca.sk\/de\/wp-json\/wp\/v2\/product_tag?post=11477"},{"taxonomy":"giftcard-category","embeddable":true,"href":"https:\/\/eshop.tca.sk\/de\/wp-json\/wp\/v2\/giftcard-category?post=11477"}],"curies":[{"name":"wp","href":"https:\/\/api.w.org\/{rel}","templated":true}]}}