{"id":11614,"date":"2024-04-18T15:49:31","date_gmt":"2024-04-18T13:49:31","guid":{"rendered":"https:\/\/eshop.tca.sk\/?post_type=product&#038;p=11614"},"modified":"2025-11-23T19:20:35","modified_gmt":"2025-11-23T18:20:35","slug":"depot-sack-frog-pro-ctb-dump-pouch-qr-multicam","status":"publish","type":"product","link":"https:\/\/eshop.tca.sk\/de\/ausruestung\/depot-sack-frog-pro-ctb-dump-pouch-qr-multicam\/","title":{"rendered":"Abwurfsack FROG.PRO CTB Dump Pouch QR MULTICAM"},"content":{"rendered":"<h3><strong>Abwurfsack FROG.PRO CTB Dump Pouch QR MULTICAM<\/strong><\/h3>\n<p>Die <strong>CTB Dump Pouch QR<\/strong> ist so konzipiert, dass sie alles aufnehmen kann, von verbrauchten Gewehrmagazinen bis hin zu Beweisst\u00fccken, die w\u00e4hrend amphibischer Operationen im Feld gesammelt wurden.<\/p>\n<p>Im geschlossenen Zustand ist es klein genug, um es an einem G\u00fcrtel oder einer taktischen Weste zu befestigen, ohne dass es zu viel Platz einnimmt. Einmal ge\u00f6ffnet, kann sie bis zu sechs Magazine f\u00fcr AR-15 Gewehre aufnehmen. Die \u00d6ffnung kann dank der elastischen Kordel, die entlang der \u00d6ffnung verl\u00e4uft, frei eingestellt werden. Dieses Holster verf\u00fcgt \u00fcber eine <strong>DUE EMME-Schnellverschlussschnalle<\/strong>, mit der es sich leicht \u00f6ffnen l\u00e4sst, was besonders n\u00fctzlich ist, wenn Sie dicke Handschuhe an den H\u00e4nden haben oder bei Nacht- oder Wassereins\u00e4tzen.<\/p>\n<p>Die robuste Netzkonstruktion des MIL-C-8061 h\u00e4lt Wasser und Schmutz nach jeder Art von Wasseraktivit\u00e4t ab und sorgt daf\u00fcr, dass der Benutzer leicht und effizient arbeiten kann.<\/p>\n<p>Die <strong>FROG.PRO CTB (Cross The Border) Reihe<\/strong> wurde speziell entwickelt, um amphibische Spezialeinheiten mit spezieller Ausr\u00fcstung auszustatten, die durch besondere Stoffe und spezifisches Design die Leistung und \u00dcberlebensf\u00e4higkeit bei Eins\u00e4tzen in nassen Umgebungen, wie z.B. auf See, in Fl\u00fcssen, bei Regen oder Schnee, verbessert.<\/p>\n<p>Der <strong>LAHYCO-Verbundstoff<\/strong>, aus dem die Hauptteile der Tasche und die Klappen gefertigt sind, ist stark wasserabweisend, was eine h\u00f6here Mobilit\u00e4t und ein geringeres Gewicht in nasser Umgebung bedeutet. Das LAHYCO-Gewebe ist ebenfalls teilweise FR und bietet st\u00e4rkeren Schutz gegen Schnitte, Abnutzung und Verschlei\u00df.<\/p>\n<p>Unsere Liebe zum Detail kombiniert mit individuellem Design bietet ein einzigartiges Produkt, das unser Engagement f\u00fcr modernste milit\u00e4rische Ausr\u00fcstung widerspiegelt.<\/p>\n<p><iframe loading=\"lazy\" title=\"FROG PRO\u00ae | Tailored gear, human made.\" width=\"1170\" height=\"658\" src=\"https:\/\/www.youtube.com\/embed\/7d5tz3DPVU4?feature=oembed\" frameborder=\"0\" allow=\"accelerometer; autoplay; clipboard-write; encrypted-media; gyroscope; picture-in-picture; web-share\" referrerpolicy=\"strict-origin-when-cross-origin\" allowfullscreen><\/iframe><\/p>\n","protected":false},"excerpt":{"rendered":"<p><img loading=\"lazy\" decoding=\"async\" class=\"alignnone wp-image-10791\" src=\"https:\/\/eshop.tca.sk\/wp-content\/uploads\/2024\/04\/FROG.png\" alt=\"\" width=\"133\" height=\"61\" srcset=\"https:\/\/eshop.tca.sk\/wp-content\/uploads\/2024\/04\/FROG.png 291w, https:\/\/eshop.tca.sk\/wp-content\/uploads\/2024\/04\/FROG-24x11.png 24w, https:\/\/eshop.tca.sk\/wp-content\/uploads\/2024\/04\/FROG-36x16.png 36w, https:\/\/eshop.tca.sk\/wp-content\/uploads\/2024\/04\/FROG-48x22.png 48w\" sizes=\"auto, (max-width: 133px) 100vw, 133px\" \/><\/p>\n<p>Die <strong>CTB Dump Pouch QR<\/strong> ist so konzipiert, dass sie alles aufnehmen kann, von verbrauchten Gewehrmagazinen bis hin zu Beweisst\u00fccken, die w\u00e4hrend amphibischer Operationen im Feld gesammelt wurden.<\/p>\n<p><img loading=\"lazy\" decoding=\"async\" class=\"wp-image-8564 alignnone\" src=\"https:\/\/eshop.tca.sk\/wp-content\/uploads\/2023\/04\/Logo-Whack-Black-White-R-APPROVED.png\" alt=\"\" width=\"138\" height=\"75\" srcset=\"https:\/\/eshop.tca.sk\/wp-content\/uploads\/2023\/04\/Logo-Whack-Black-White-R-APPROVED.png 571w, https:\/\/eshop.tca.sk\/wp-content\/uploads\/2023\/04\/Logo-Whack-Black-White-R-APPROVED-300x163.png 300w\" sizes=\"auto, (max-width: 138px) 100vw, 138px\" \/><\/p>\n","protected":false},"featured_media":11616,"template":"","meta":{"inline_featured_image":false},"product_brand":[],"product_cat":[594,323,319],"product_tag":[565],"giftcard-category":[],"class_list":{"0":"post-11614","1":"product","2":"type-product","3":"status-publish","4":"has-post-thumbnail","6":"product_cat-abwurfsaecke","7":"product_cat-ausruestung","8":"product_cat-waffenholster","9":"product_tag-frog-pro-de","11":"first","12":"instock","13":"taxable","14":"shipping-taxable","15":"purchasable","16":"product-type-simple"},"yoast_head":"<!-- This site is optimized with the Yoast SEO plugin v26.4 - https:\/\/yoast.com\/wordpress\/plugins\/seo\/ -->\n<title>Abwurfsack FROG.PRO CTB Dump Pouch QR MULTICAM - TCA eShop - Tactical Combat Academy<\/title>\n<meta name=\"description\" content=\"Die CTB Dump Pouch QR ist so konzipiert, dass sie alles aufnehmen kann, von verbrauchten Gewehrmagazinen bis hin zu Beweisst\u00fccken, die w\u00e4hrend amphibischer Operationen im Feld gesammelt wurden.\" \/>\n<meta name=\"robots\" content=\"index, follow, max-snippet:-1, max-image-preview:large, max-video-preview:-1\" \/>\n<link rel=\"canonical\" href=\"https:\/\/eshop.tca.sk\/de\/ausruestung\/depot-sack-frog-pro-ctb-dump-pouch-qr-multicam\/\" \/>\n<meta property=\"og:locale\" content=\"de_DE\" \/>\n<meta property=\"og:type\" content=\"article\" \/>\n<meta property=\"og:title\" content=\"Abwurfsack FROG.PRO CTB Dump Pouch QR MULTICAM - TCA eShop - Tactical Combat Academy\" \/>\n<meta property=\"og:description\" content=\"Die CTB Dump Pouch QR ist so konzipiert, dass sie alles aufnehmen kann, von verbrauchten Gewehrmagazinen bis hin zu Beweisst\u00fccken, die w\u00e4hrend amphibischer Operationen im Feld gesammelt wurden.\" \/>\n<meta property=\"og:url\" content=\"https:\/\/eshop.tca.sk\/de\/ausruestung\/depot-sack-frog-pro-ctb-dump-pouch-qr-multicam\/\" \/>\n<meta property=\"og:site_name\" content=\"TCA eShop - Tactical Combat Academy\" \/>\n<meta property=\"article:modified_time\" content=\"2025-11-23T18:20:35+00:00\" \/>\n<meta property=\"og:image\" content=\"https:\/\/eshop.tca.sk\/wp-content\/uploads\/2024\/04\/Odhadzovacie-vrecko-FROG.PRO-CTB-Dump-Pouch-QR-MULTICAM.jpg\" \/>\n\t<meta property=\"og:image:width\" content=\"1000\" \/>\n\t<meta property=\"og:image:height\" content=\"1000\" \/>\n\t<meta property=\"og:image:type\" content=\"image\/jpeg\" \/>\n<meta name=\"twitter:card\" content=\"summary_large_image\" \/>\n<script type=\"application\/ld+json\" class=\"yoast-schema-graph\">{\"@context\":\"https:\/\/schema.org\",\"@graph\":[{\"@type\":\"WebPage\",\"@id\":\"https:\/\/eshop.tca.sk\/de\/ausruestung\/depot-sack-frog-pro-ctb-dump-pouch-qr-multicam\/\",\"url\":\"https:\/\/eshop.tca.sk\/de\/ausruestung\/depot-sack-frog-pro-ctb-dump-pouch-qr-multicam\/\",\"name\":\"Abwurfsack FROG.PRO CTB Dump Pouch QR MULTICAM - TCA eShop - Tactical Combat Academy\",\"isPartOf\":{\"@id\":\"https:\/\/eshop.tca.sk\/de\/#website\"},\"primaryImageOfPage\":{\"@id\":\"https:\/\/eshop.tca.sk\/de\/ausruestung\/depot-sack-frog-pro-ctb-dump-pouch-qr-multicam\/#primaryimage\"},\"image\":{\"@id\":\"https:\/\/eshop.tca.sk\/de\/ausruestung\/depot-sack-frog-pro-ctb-dump-pouch-qr-multicam\/#primaryimage\"},\"thumbnailUrl\":\"https:\/\/eshop.tca.sk\/wp-content\/uploads\/2024\/04\/Odhadzovacie-vrecko-FROG.PRO-CTB-Dump-Pouch-QR-MULTICAM.jpg\",\"datePublished\":\"2024-04-18T13:49:31+00:00\",\"dateModified\":\"2025-11-23T18:20:35+00:00\",\"description\":\"Die CTB Dump Pouch QR ist so konzipiert, dass sie alles aufnehmen kann, von verbrauchten Gewehrmagazinen bis hin zu Beweisst\u00fccken, die w\u00e4hrend amphibischer Operationen im Feld gesammelt wurden.\",\"breadcrumb\":{\"@id\":\"https:\/\/eshop.tca.sk\/de\/ausruestung\/depot-sack-frog-pro-ctb-dump-pouch-qr-multicam\/#breadcrumb\"},\"inLanguage\":\"de\",\"potentialAction\":[{\"@type\":\"ReadAction\",\"target\":[\"https:\/\/eshop.tca.sk\/de\/ausruestung\/depot-sack-frog-pro-ctb-dump-pouch-qr-multicam\/\"]}]},{\"@type\":\"ImageObject\",\"inLanguage\":\"de\",\"@id\":\"https:\/\/eshop.tca.sk\/de\/ausruestung\/depot-sack-frog-pro-ctb-dump-pouch-qr-multicam\/#primaryimage\",\"url\":\"https:\/\/eshop.tca.sk\/wp-content\/uploads\/2024\/04\/Odhadzovacie-vrecko-FROG.PRO-CTB-Dump-Pouch-QR-MULTICAM.jpg\",\"contentUrl\":\"https:\/\/eshop.tca.sk\/wp-content\/uploads\/2024\/04\/Odhadzovacie-vrecko-FROG.PRO-CTB-Dump-Pouch-QR-MULTICAM.jpg\",\"width\":1000,\"height\":1000},{\"@type\":\"BreadcrumbList\",\"@id\":\"https:\/\/eshop.tca.sk\/de\/ausruestung\/depot-sack-frog-pro-ctb-dump-pouch-qr-multicam\/#breadcrumb\",\"itemListElement\":[{\"@type\":\"ListItem\",\"position\":1,\"name\":\"Domovsk\u00e1 str\u00e1nka\",\"item\":\"https:\/\/eshop.tca.sk\/de\/\"},{\"@type\":\"ListItem\",\"position\":2,\"name\":\"Shop\",\"item\":\"https:\/\/eshop.tca.sk\/de\/shop\/\"},{\"@type\":\"ListItem\",\"position\":3,\"name\":\"Abwurfsack FROG.PRO CTB Dump Pouch QR MULTICAM\"}]},{\"@type\":\"WebSite\",\"@id\":\"https:\/\/eshop.tca.sk\/de\/#website\",\"url\":\"https:\/\/eshop.tca.sk\/de\/\",\"name\":\"TCA eShop - Tactical Combat Academy\",\"description\":\"Tactical Combat Academy\",\"publisher\":{\"@id\":\"https:\/\/eshop.tca.sk\/de\/#organization\"},\"potentialAction\":[{\"@type\":\"SearchAction\",\"target\":{\"@type\":\"EntryPoint\",\"urlTemplate\":\"https:\/\/eshop.tca.sk\/de\/?s={search_term_string}\"},\"query-input\":{\"@type\":\"PropertyValueSpecification\",\"valueRequired\":true,\"valueName\":\"search_term_string\"}}],\"inLanguage\":\"de\"},{\"@type\":\"Organization\",\"@id\":\"https:\/\/eshop.tca.sk\/de\/#organization\",\"name\":\"TCA eShop - Tactical Combat Academy\",\"url\":\"https:\/\/eshop.tca.sk\/de\/\",\"logo\":{\"@type\":\"ImageObject\",\"inLanguage\":\"de\",\"@id\":\"https:\/\/eshop.tca.sk\/de\/#\/schema\/logo\/image\/\",\"url\":\"https:\/\/eshop.tca.sk\/wp-content\/uploads\/2025\/06\/logo-new-header.png\",\"contentUrl\":\"https:\/\/eshop.tca.sk\/wp-content\/uploads\/2025\/06\/logo-new-header.png\",\"width\":300,\"height\":294,\"caption\":\"TCA eShop - Tactical Combat Academy\"},\"image\":{\"@id\":\"https:\/\/eshop.tca.sk\/de\/#\/schema\/logo\/image\/\"}}]}<\/script>\n<!-- \/ Yoast SEO plugin. -->","yoast_head_json":{"title":"Abwurfsack FROG.PRO CTB Dump Pouch QR MULTICAM - TCA eShop - Tactical Combat Academy","description":"Die CTB Dump Pouch QR ist so konzipiert, dass sie alles aufnehmen kann, von verbrauchten Gewehrmagazinen bis hin zu Beweisst\u00fccken, die w\u00e4hrend amphibischer Operationen im Feld gesammelt wurden.","robots":{"index":"index","follow":"follow","max-snippet":"max-snippet:-1","max-image-preview":"max-image-preview:large","max-video-preview":"max-video-preview:-1"},"canonical":"https:\/\/eshop.tca.sk\/de\/ausruestung\/depot-sack-frog-pro-ctb-dump-pouch-qr-multicam\/","og_locale":"de_DE","og_type":"article","og_title":"Abwurfsack FROG.PRO CTB Dump Pouch QR MULTICAM - TCA eShop - Tactical Combat Academy","og_description":"Die CTB Dump Pouch QR ist so konzipiert, dass sie alles aufnehmen kann, von verbrauchten Gewehrmagazinen bis hin zu Beweisst\u00fccken, die w\u00e4hrend amphibischer Operationen im Feld gesammelt wurden.","og_url":"https:\/\/eshop.tca.sk\/de\/ausruestung\/depot-sack-frog-pro-ctb-dump-pouch-qr-multicam\/","og_site_name":"TCA eShop - Tactical Combat Academy","article_modified_time":"2025-11-23T18:20:35+00:00","og_image":[{"width":1000,"height":1000,"url":"https:\/\/eshop.tca.sk\/wp-content\/uploads\/2024\/04\/Odhadzovacie-vrecko-FROG.PRO-CTB-Dump-Pouch-QR-MULTICAM.jpg","type":"image\/jpeg"}],"twitter_card":"summary_large_image","schema":{"@context":"https:\/\/schema.org","@graph":[{"@type":"WebPage","@id":"https:\/\/eshop.tca.sk\/de\/ausruestung\/depot-sack-frog-pro-ctb-dump-pouch-qr-multicam\/","url":"https:\/\/eshop.tca.sk\/de\/ausruestung\/depot-sack-frog-pro-ctb-dump-pouch-qr-multicam\/","name":"Abwurfsack FROG.PRO CTB Dump Pouch QR MULTICAM - TCA eShop - Tactical Combat Academy","isPartOf":{"@id":"https:\/\/eshop.tca.sk\/de\/#website"},"primaryImageOfPage":{"@id":"https:\/\/eshop.tca.sk\/de\/ausruestung\/depot-sack-frog-pro-ctb-dump-pouch-qr-multicam\/#primaryimage"},"image":{"@id":"https:\/\/eshop.tca.sk\/de\/ausruestung\/depot-sack-frog-pro-ctb-dump-pouch-qr-multicam\/#primaryimage"},"thumbnailUrl":"https:\/\/eshop.tca.sk\/wp-content\/uploads\/2024\/04\/Odhadzovacie-vrecko-FROG.PRO-CTB-Dump-Pouch-QR-MULTICAM.jpg","datePublished":"2024-04-18T13:49:31+00:00","dateModified":"2025-11-23T18:20:35+00:00","description":"Die CTB Dump Pouch QR ist so konzipiert, dass sie alles aufnehmen kann, von verbrauchten Gewehrmagazinen bis hin zu Beweisst\u00fccken, die w\u00e4hrend amphibischer Operationen im Feld gesammelt wurden.","breadcrumb":{"@id":"https:\/\/eshop.tca.sk\/de\/ausruestung\/depot-sack-frog-pro-ctb-dump-pouch-qr-multicam\/#breadcrumb"},"inLanguage":"de","potentialAction":[{"@type":"ReadAction","target":["https:\/\/eshop.tca.sk\/de\/ausruestung\/depot-sack-frog-pro-ctb-dump-pouch-qr-multicam\/"]}]},{"@type":"ImageObject","inLanguage":"de","@id":"https:\/\/eshop.tca.sk\/de\/ausruestung\/depot-sack-frog-pro-ctb-dump-pouch-qr-multicam\/#primaryimage","url":"https:\/\/eshop.tca.sk\/wp-content\/uploads\/2024\/04\/Odhadzovacie-vrecko-FROG.PRO-CTB-Dump-Pouch-QR-MULTICAM.jpg","contentUrl":"https:\/\/eshop.tca.sk\/wp-content\/uploads\/2024\/04\/Odhadzovacie-vrecko-FROG.PRO-CTB-Dump-Pouch-QR-MULTICAM.jpg","width":1000,"height":1000},{"@type":"BreadcrumbList","@id":"https:\/\/eshop.tca.sk\/de\/ausruestung\/depot-sack-frog-pro-ctb-dump-pouch-qr-multicam\/#breadcrumb","itemListElement":[{"@type":"ListItem","position":1,"name":"Domovsk\u00e1 str\u00e1nka","item":"https:\/\/eshop.tca.sk\/de\/"},{"@type":"ListItem","position":2,"name":"Shop","item":"https:\/\/eshop.tca.sk\/de\/shop\/"},{"@type":"ListItem","position":3,"name":"Abwurfsack FROG.PRO CTB Dump Pouch QR MULTICAM"}]},{"@type":"WebSite","@id":"https:\/\/eshop.tca.sk\/de\/#website","url":"https:\/\/eshop.tca.sk\/de\/","name":"TCA eShop - Tactical Combat Academy","description":"Tactical Combat Academy","publisher":{"@id":"https:\/\/eshop.tca.sk\/de\/#organization"},"potentialAction":[{"@type":"SearchAction","target":{"@type":"EntryPoint","urlTemplate":"https:\/\/eshop.tca.sk\/de\/?s={search_term_string}"},"query-input":{"@type":"PropertyValueSpecification","valueRequired":true,"valueName":"search_term_string"}}],"inLanguage":"de"},{"@type":"Organization","@id":"https:\/\/eshop.tca.sk\/de\/#organization","name":"TCA eShop - Tactical Combat Academy","url":"https:\/\/eshop.tca.sk\/de\/","logo":{"@type":"ImageObject","inLanguage":"de","@id":"https:\/\/eshop.tca.sk\/de\/#\/schema\/logo\/image\/","url":"https:\/\/eshop.tca.sk\/wp-content\/uploads\/2025\/06\/logo-new-header.png","contentUrl":"https:\/\/eshop.tca.sk\/wp-content\/uploads\/2025\/06\/logo-new-header.png","width":300,"height":294,"caption":"TCA eShop - Tactical Combat Academy"},"image":{"@id":"https:\/\/eshop.tca.sk\/de\/#\/schema\/logo\/image\/"}}]}},"_links":{"self":[{"href":"https:\/\/eshop.tca.sk\/de\/wp-json\/wp\/v2\/product\/11614","targetHints":{"allow":["GET"]}}],"collection":[{"href":"https:\/\/eshop.tca.sk\/de\/wp-json\/wp\/v2\/product"}],"about":[{"href":"https:\/\/eshop.tca.sk\/de\/wp-json\/wp\/v2\/types\/product"}],"wp:featuredmedia":[{"embeddable":true,"href":"https:\/\/eshop.tca.sk\/de\/wp-json\/wp\/v2\/media\/11616"}],"wp:attachment":[{"href":"https:\/\/eshop.tca.sk\/de\/wp-json\/wp\/v2\/media?parent=11614"}],"wp:term":[{"taxonomy":"product_brand","embeddable":true,"href":"https:\/\/eshop.tca.sk\/de\/wp-json\/wp\/v2\/product_brand?post=11614"},{"taxonomy":"product_cat","embeddable":true,"href":"https:\/\/eshop.tca.sk\/de\/wp-json\/wp\/v2\/product_cat?post=11614"},{"taxonomy":"product_tag","embeddable":true,"href":"https:\/\/eshop.tca.sk\/de\/wp-json\/wp\/v2\/product_tag?post=11614"},{"taxonomy":"giftcard-category","embeddable":true,"href":"https:\/\/eshop.tca.sk\/de\/wp-json\/wp\/v2\/giftcard-category?post=11614"}],"curies":[{"name":"wp","href":"https:\/\/api.w.org\/{rel}","templated":true}]}}