{"id":11705,"date":"2024-04-25T11:36:18","date_gmt":"2024-04-25T09:36:18","guid":{"rendered":"https:\/\/eshop.tca.sk\/?post_type=product&#038;p=11705"},"modified":"2025-11-23T19:09:07","modified_gmt":"2025-11-23T18:09:07","slug":"pistolenholster-fur-magazine-frog-pro-ctb-pistol-mag-pouch-multicam","status":"publish","type":"product","link":"https:\/\/eshop.tca.sk\/de\/ausruestung\/pistolenholster-fur-magazine-frog-pro-ctb-pistol-mag-pouch-multicam\/","title":{"rendered":"Das Pistolenholster f\u00fcr Magazine FROG.PRO CTB Pistol Mag Pouch MULTICAM"},"content":{"rendered":"<h3><strong>Das Pistolenholster f\u00fcr Magazine FROG.PRO CTB Pistol Mag Pouch MULTICAM<\/strong><\/h3>\n<p><strong>Das Pistolenholster f\u00fcr Magazin CTB<\/strong> wurde entwickelt, um ein Magazin f\u00fcr eine 9mm \/ .45 Kaliber Pistole in einer amphibischen Umgebung zu tragen.<\/p>\n<p><strong>Die FROG.PRO CTB (Cross The Border)-Linie wurde speziell mit dem Ziel entwickelt, amphibische Spezialeinheiten mit spezieller Ausr\u00fcstung auszustatten, die dank spezieller Gewebe und besonderer Designentscheidungen die Leistung und \u00dcberlebensf\u00e4higkeit bei Eins\u00e4tzen in nasser Umgebung, wie z. B. auf See, in Flussgebieten, bei Regen oder Schnee, verbessert.<\/strong><\/p>\n<p>Diese Tasche ist mit dem <strong>ITW Nexus\u00ae<\/strong>-Schnallenverschluss ausgestattet, der im Vergleich zu Klettverschl\u00fcssen einen sicheren Halt bietet, wenn er nass wird und seine Haftkraft verliert. Alternativ k\u00f6nnen sowohl der QASM-Clip als auch der untere Riemen entfernt und die Klappe ins Innere des Holsters geschoben werden, um eine schnellere Magazinentnahme zu erreichen (Open Top).<\/p>\n<p>Der <strong>LAHYCO<\/strong>-Verbundstoff, der f\u00fcr die Hauptteile der Tasche und die Klappe verwendet wird, ist in hohem Ma\u00dfe hydrophob, was in nassen Umgebungen zu einer h\u00f6heren Mobilit\u00e4t und einem geringeren Gewicht f\u00fchrt. Das LAHYCO-Gewebe ist ebenfalls teilweise FR und bietet st\u00e4rkeren Schutz gegen Schnitte, Abnutzung und Verschlei\u00df.<\/p>\n<p>Die Konstruktion aus schwerem <strong>MIL-C-8061<\/strong>-Gewebe leitet das Wasser nach einem Einsatz an der K\u00fcste oder bei jeder Art von Wasseraktivit\u00e4t effektiv ab und h\u00e4lt den Tr\u00e4ger leicht und effizient.<\/p>\n<p>Das elastische Band des Typs <strong>MIL-W-5664<\/strong> oder Woven sorgt f\u00fcr einen zuverl\u00e4ssigen und wiederholbaren Anpressdruck auf den Inhalt. Mit dem Triglide l\u00e4sst sich die H\u00f6he des Beutels je nach Inhalt einstellen.<\/p>\n<p>Unsere Liebe zum Detail kombiniert mit individuellem Design bietet ein einzigartiges Produkt, das unser Engagement f\u00fcr modernste milit\u00e4rische Ausr\u00fcstung widerspiegelt.<\/p>\n<p><iframe loading=\"lazy\" title=\"FROG PRO\u00ae | Tailored gear, human made.\" width=\"1170\" height=\"658\" src=\"https:\/\/www.youtube.com\/embed\/7d5tz3DPVU4?feature=oembed&#038;enablejsapi=1&#038;origin=https:\/\/eshop.tca.sk\" frameborder=\"0\" allow=\"accelerometer; autoplay; clipboard-write; encrypted-media; gyroscope; picture-in-picture; web-share\" referrerpolicy=\"strict-origin-when-cross-origin\" allowfullscreen><\/iframe><\/p>\n","protected":false},"excerpt":{"rendered":"<p><img loading=\"lazy\" decoding=\"async\" class=\"alignnone wp-image-10791\" src=\"https:\/\/eshop.tca.sk\/wp-content\/uploads\/2024\/04\/FROG.png\" alt=\"\" width=\"133\" height=\"61\" srcset=\"https:\/\/eshop.tca.sk\/wp-content\/uploads\/2024\/04\/FROG.png 291w, https:\/\/eshop.tca.sk\/wp-content\/uploads\/2024\/04\/FROG-24x11.png 24w, https:\/\/eshop.tca.sk\/wp-content\/uploads\/2024\/04\/FROG-36x16.png 36w, https:\/\/eshop.tca.sk\/wp-content\/uploads\/2024\/04\/FROG-48x22.png 48w\" sizes=\"auto, (max-width: 133px) 100vw, 133px\" \/><\/p>\n<p><strong>Das Pistolenholster f\u00fcr Magazin CTB<\/strong> wurde entwickelt, um ein Magazin f\u00fcr eine 9mm \/ .45 Kaliber Pistole in einer amphibischen Umgebung zu tragen.<\/p>\n<p><img loading=\"lazy\" decoding=\"async\" class=\"wp-image-8564 alignnone\" src=\"https:\/\/eshop.tca.sk\/wp-content\/uploads\/2023\/04\/Logo-Whack-Black-White-R-APPROVED.png\" alt=\"\" width=\"138\" height=\"75\" srcset=\"https:\/\/eshop.tca.sk\/wp-content\/uploads\/2023\/04\/Logo-Whack-Black-White-R-APPROVED.png 571w, https:\/\/eshop.tca.sk\/wp-content\/uploads\/2023\/04\/Logo-Whack-Black-White-R-APPROVED-300x163.png 300w\" sizes=\"auto, (max-width: 138px) 100vw, 138px\" \/><\/p>\n<p>Vom <strong>TCA<\/strong> und dem <strong>WHACK<\/strong>-System verwendete und empfohlene Equipment.<\/p>\n","protected":false},"featured_media":11707,"template":"","meta":{"inline_featured_image":false},"product_brand":[],"product_cat":[323,319],"product_tag":[565],"giftcard-category":[],"class_list":{"0":"post-11705","1":"product","2":"type-product","3":"status-publish","4":"has-post-thumbnail","6":"product_cat-ausruestung","7":"product_cat-waffenholster","8":"product_tag-frog-pro-de","10":"first","11":"instock","12":"taxable","13":"shipping-taxable","14":"purchasable","15":"product-type-simple"},"yoast_head":"<!-- This site is optimized with the Yoast SEO plugin v26.4 - https:\/\/yoast.com\/wordpress\/plugins\/seo\/ -->\n<title>Das Pistolenholster f\u00fcr Magazine FROG.PRO CTB Pistol Mag Pouch MULTICAM - TCA eShop - Tactical Combat Academy<\/title>\n<meta name=\"description\" content=\"Das Pistolenholster f\u00fcr Magazin CTB wurde entwickelt, um ein Magazin f\u00fcr eine 9mm \/ .45 Kaliber Pistole in einer amphibischen Umgebung zu tragen.\" \/>\n<meta name=\"robots\" content=\"index, follow, max-snippet:-1, max-image-preview:large, max-video-preview:-1\" \/>\n<link rel=\"canonical\" href=\"https:\/\/eshop.tca.sk\/de\/ausruestung\/pistolenholster-fur-magazine-frog-pro-ctb-pistol-mag-pouch-multicam\/\" \/>\n<meta property=\"og:locale\" content=\"de_DE\" \/>\n<meta property=\"og:type\" content=\"article\" \/>\n<meta property=\"og:title\" content=\"Das Pistolenholster f\u00fcr Magazine FROG.PRO CTB Pistol Mag Pouch MULTICAM - TCA eShop - Tactical Combat Academy\" \/>\n<meta property=\"og:description\" content=\"Das Pistolenholster f\u00fcr Magazin CTB wurde entwickelt, um ein Magazin f\u00fcr eine 9mm \/ .45 Kaliber Pistole in einer amphibischen Umgebung zu tragen.\" \/>\n<meta property=\"og:url\" content=\"https:\/\/eshop.tca.sk\/de\/ausruestung\/pistolenholster-fur-magazine-frog-pro-ctb-pistol-mag-pouch-multicam\/\" \/>\n<meta property=\"og:site_name\" content=\"TCA eShop - Tactical Combat Academy\" \/>\n<meta property=\"article:modified_time\" content=\"2025-11-23T18:09:07+00:00\" \/>\n<meta property=\"og:image\" content=\"https:\/\/eshop.tca.sk\/wp-content\/uploads\/2024\/04\/Pistolove-puzdro-na-zasobniky-FROG.PRO-CTB-Pistol-Mag-Pouch-MULTICAM.jpg\" \/>\n\t<meta property=\"og:image:width\" content=\"1000\" \/>\n\t<meta property=\"og:image:height\" content=\"1000\" \/>\n\t<meta property=\"og:image:type\" content=\"image\/jpeg\" \/>\n<meta name=\"twitter:card\" content=\"summary_large_image\" \/>\n<script type=\"application\/ld+json\" class=\"yoast-schema-graph\">{\"@context\":\"https:\/\/schema.org\",\"@graph\":[{\"@type\":\"WebPage\",\"@id\":\"https:\/\/eshop.tca.sk\/de\/ausruestung\/pistolenholster-fur-magazine-frog-pro-ctb-pistol-mag-pouch-multicam\/\",\"url\":\"https:\/\/eshop.tca.sk\/de\/ausruestung\/pistolenholster-fur-magazine-frog-pro-ctb-pistol-mag-pouch-multicam\/\",\"name\":\"Das Pistolenholster f\u00fcr Magazine FROG.PRO CTB Pistol Mag Pouch MULTICAM - TCA eShop - Tactical Combat Academy\",\"isPartOf\":{\"@id\":\"https:\/\/eshop.tca.sk\/de\/#website\"},\"primaryImageOfPage\":{\"@id\":\"https:\/\/eshop.tca.sk\/de\/ausruestung\/pistolenholster-fur-magazine-frog-pro-ctb-pistol-mag-pouch-multicam\/#primaryimage\"},\"image\":{\"@id\":\"https:\/\/eshop.tca.sk\/de\/ausruestung\/pistolenholster-fur-magazine-frog-pro-ctb-pistol-mag-pouch-multicam\/#primaryimage\"},\"thumbnailUrl\":\"https:\/\/eshop.tca.sk\/wp-content\/uploads\/2024\/04\/Pistolove-puzdro-na-zasobniky-FROG.PRO-CTB-Pistol-Mag-Pouch-MULTICAM.jpg\",\"datePublished\":\"2024-04-25T09:36:18+00:00\",\"dateModified\":\"2025-11-23T18:09:07+00:00\",\"description\":\"Das Pistolenholster f\u00fcr Magazin CTB wurde entwickelt, um ein Magazin f\u00fcr eine 9mm \/ .45 Kaliber Pistole in einer amphibischen Umgebung zu tragen.\",\"breadcrumb\":{\"@id\":\"https:\/\/eshop.tca.sk\/de\/ausruestung\/pistolenholster-fur-magazine-frog-pro-ctb-pistol-mag-pouch-multicam\/#breadcrumb\"},\"inLanguage\":\"de\",\"potentialAction\":[{\"@type\":\"ReadAction\",\"target\":[\"https:\/\/eshop.tca.sk\/de\/ausruestung\/pistolenholster-fur-magazine-frog-pro-ctb-pistol-mag-pouch-multicam\/\"]}]},{\"@type\":\"ImageObject\",\"inLanguage\":\"de\",\"@id\":\"https:\/\/eshop.tca.sk\/de\/ausruestung\/pistolenholster-fur-magazine-frog-pro-ctb-pistol-mag-pouch-multicam\/#primaryimage\",\"url\":\"https:\/\/eshop.tca.sk\/wp-content\/uploads\/2024\/04\/Pistolove-puzdro-na-zasobniky-FROG.PRO-CTB-Pistol-Mag-Pouch-MULTICAM.jpg\",\"contentUrl\":\"https:\/\/eshop.tca.sk\/wp-content\/uploads\/2024\/04\/Pistolove-puzdro-na-zasobniky-FROG.PRO-CTB-Pistol-Mag-Pouch-MULTICAM.jpg\",\"width\":1000,\"height\":1000},{\"@type\":\"BreadcrumbList\",\"@id\":\"https:\/\/eshop.tca.sk\/de\/ausruestung\/pistolenholster-fur-magazine-frog-pro-ctb-pistol-mag-pouch-multicam\/#breadcrumb\",\"itemListElement\":[{\"@type\":\"ListItem\",\"position\":1,\"name\":\"Domovsk\u00e1 str\u00e1nka\",\"item\":\"https:\/\/eshop.tca.sk\/de\/\"},{\"@type\":\"ListItem\",\"position\":2,\"name\":\"Shop\",\"item\":\"https:\/\/eshop.tca.sk\/de\/shop\/\"},{\"@type\":\"ListItem\",\"position\":3,\"name\":\"Das Pistolenholster f\u00fcr Magazine FROG.PRO CTB Pistol Mag Pouch MULTICAM\"}]},{\"@type\":\"WebSite\",\"@id\":\"https:\/\/eshop.tca.sk\/de\/#website\",\"url\":\"https:\/\/eshop.tca.sk\/de\/\",\"name\":\"TCA eShop - Tactical Combat Academy\",\"description\":\"Tactical Combat Academy\",\"publisher\":{\"@id\":\"https:\/\/eshop.tca.sk\/de\/#organization\"},\"potentialAction\":[{\"@type\":\"SearchAction\",\"target\":{\"@type\":\"EntryPoint\",\"urlTemplate\":\"https:\/\/eshop.tca.sk\/de\/?s={search_term_string}\"},\"query-input\":{\"@type\":\"PropertyValueSpecification\",\"valueRequired\":true,\"valueName\":\"search_term_string\"}}],\"inLanguage\":\"de\"},{\"@type\":\"Organization\",\"@id\":\"https:\/\/eshop.tca.sk\/de\/#organization\",\"name\":\"TCA eShop - Tactical Combat Academy\",\"url\":\"https:\/\/eshop.tca.sk\/de\/\",\"logo\":{\"@type\":\"ImageObject\",\"inLanguage\":\"de\",\"@id\":\"https:\/\/eshop.tca.sk\/de\/#\/schema\/logo\/image\/\",\"url\":\"https:\/\/eshop.tca.sk\/wp-content\/uploads\/2025\/06\/logo-new-header.png\",\"contentUrl\":\"https:\/\/eshop.tca.sk\/wp-content\/uploads\/2025\/06\/logo-new-header.png\",\"width\":300,\"height\":294,\"caption\":\"TCA eShop - Tactical Combat Academy\"},\"image\":{\"@id\":\"https:\/\/eshop.tca.sk\/de\/#\/schema\/logo\/image\/\"}}]}<\/script>\n<!-- \/ Yoast SEO plugin. -->","yoast_head_json":{"title":"Das Pistolenholster f\u00fcr Magazine FROG.PRO CTB Pistol Mag Pouch MULTICAM - TCA eShop - Tactical Combat Academy","description":"Das Pistolenholster f\u00fcr Magazin CTB wurde entwickelt, um ein Magazin f\u00fcr eine 9mm \/ .45 Kaliber Pistole in einer amphibischen Umgebung zu tragen.","robots":{"index":"index","follow":"follow","max-snippet":"max-snippet:-1","max-image-preview":"max-image-preview:large","max-video-preview":"max-video-preview:-1"},"canonical":"https:\/\/eshop.tca.sk\/de\/ausruestung\/pistolenholster-fur-magazine-frog-pro-ctb-pistol-mag-pouch-multicam\/","og_locale":"de_DE","og_type":"article","og_title":"Das Pistolenholster f\u00fcr Magazine FROG.PRO CTB Pistol Mag Pouch MULTICAM - TCA eShop - Tactical Combat Academy","og_description":"Das Pistolenholster f\u00fcr Magazin CTB wurde entwickelt, um ein Magazin f\u00fcr eine 9mm \/ .45 Kaliber Pistole in einer amphibischen Umgebung zu tragen.","og_url":"https:\/\/eshop.tca.sk\/de\/ausruestung\/pistolenholster-fur-magazine-frog-pro-ctb-pistol-mag-pouch-multicam\/","og_site_name":"TCA eShop - Tactical Combat Academy","article_modified_time":"2025-11-23T18:09:07+00:00","og_image":[{"width":1000,"height":1000,"url":"https:\/\/eshop.tca.sk\/wp-content\/uploads\/2024\/04\/Pistolove-puzdro-na-zasobniky-FROG.PRO-CTB-Pistol-Mag-Pouch-MULTICAM.jpg","type":"image\/jpeg"}],"twitter_card":"summary_large_image","schema":{"@context":"https:\/\/schema.org","@graph":[{"@type":"WebPage","@id":"https:\/\/eshop.tca.sk\/de\/ausruestung\/pistolenholster-fur-magazine-frog-pro-ctb-pistol-mag-pouch-multicam\/","url":"https:\/\/eshop.tca.sk\/de\/ausruestung\/pistolenholster-fur-magazine-frog-pro-ctb-pistol-mag-pouch-multicam\/","name":"Das Pistolenholster f\u00fcr Magazine FROG.PRO CTB Pistol Mag Pouch MULTICAM - TCA eShop - Tactical Combat Academy","isPartOf":{"@id":"https:\/\/eshop.tca.sk\/de\/#website"},"primaryImageOfPage":{"@id":"https:\/\/eshop.tca.sk\/de\/ausruestung\/pistolenholster-fur-magazine-frog-pro-ctb-pistol-mag-pouch-multicam\/#primaryimage"},"image":{"@id":"https:\/\/eshop.tca.sk\/de\/ausruestung\/pistolenholster-fur-magazine-frog-pro-ctb-pistol-mag-pouch-multicam\/#primaryimage"},"thumbnailUrl":"https:\/\/eshop.tca.sk\/wp-content\/uploads\/2024\/04\/Pistolove-puzdro-na-zasobniky-FROG.PRO-CTB-Pistol-Mag-Pouch-MULTICAM.jpg","datePublished":"2024-04-25T09:36:18+00:00","dateModified":"2025-11-23T18:09:07+00:00","description":"Das Pistolenholster f\u00fcr Magazin CTB wurde entwickelt, um ein Magazin f\u00fcr eine 9mm \/ .45 Kaliber Pistole in einer amphibischen Umgebung zu tragen.","breadcrumb":{"@id":"https:\/\/eshop.tca.sk\/de\/ausruestung\/pistolenholster-fur-magazine-frog-pro-ctb-pistol-mag-pouch-multicam\/#breadcrumb"},"inLanguage":"de","potentialAction":[{"@type":"ReadAction","target":["https:\/\/eshop.tca.sk\/de\/ausruestung\/pistolenholster-fur-magazine-frog-pro-ctb-pistol-mag-pouch-multicam\/"]}]},{"@type":"ImageObject","inLanguage":"de","@id":"https:\/\/eshop.tca.sk\/de\/ausruestung\/pistolenholster-fur-magazine-frog-pro-ctb-pistol-mag-pouch-multicam\/#primaryimage","url":"https:\/\/eshop.tca.sk\/wp-content\/uploads\/2024\/04\/Pistolove-puzdro-na-zasobniky-FROG.PRO-CTB-Pistol-Mag-Pouch-MULTICAM.jpg","contentUrl":"https:\/\/eshop.tca.sk\/wp-content\/uploads\/2024\/04\/Pistolove-puzdro-na-zasobniky-FROG.PRO-CTB-Pistol-Mag-Pouch-MULTICAM.jpg","width":1000,"height":1000},{"@type":"BreadcrumbList","@id":"https:\/\/eshop.tca.sk\/de\/ausruestung\/pistolenholster-fur-magazine-frog-pro-ctb-pistol-mag-pouch-multicam\/#breadcrumb","itemListElement":[{"@type":"ListItem","position":1,"name":"Domovsk\u00e1 str\u00e1nka","item":"https:\/\/eshop.tca.sk\/de\/"},{"@type":"ListItem","position":2,"name":"Shop","item":"https:\/\/eshop.tca.sk\/de\/shop\/"},{"@type":"ListItem","position":3,"name":"Das Pistolenholster f\u00fcr Magazine FROG.PRO CTB Pistol Mag Pouch MULTICAM"}]},{"@type":"WebSite","@id":"https:\/\/eshop.tca.sk\/de\/#website","url":"https:\/\/eshop.tca.sk\/de\/","name":"TCA eShop - Tactical Combat Academy","description":"Tactical Combat Academy","publisher":{"@id":"https:\/\/eshop.tca.sk\/de\/#organization"},"potentialAction":[{"@type":"SearchAction","target":{"@type":"EntryPoint","urlTemplate":"https:\/\/eshop.tca.sk\/de\/?s={search_term_string}"},"query-input":{"@type":"PropertyValueSpecification","valueRequired":true,"valueName":"search_term_string"}}],"inLanguage":"de"},{"@type":"Organization","@id":"https:\/\/eshop.tca.sk\/de\/#organization","name":"TCA eShop - Tactical Combat Academy","url":"https:\/\/eshop.tca.sk\/de\/","logo":{"@type":"ImageObject","inLanguage":"de","@id":"https:\/\/eshop.tca.sk\/de\/#\/schema\/logo\/image\/","url":"https:\/\/eshop.tca.sk\/wp-content\/uploads\/2025\/06\/logo-new-header.png","contentUrl":"https:\/\/eshop.tca.sk\/wp-content\/uploads\/2025\/06\/logo-new-header.png","width":300,"height":294,"caption":"TCA eShop - Tactical Combat Academy"},"image":{"@id":"https:\/\/eshop.tca.sk\/de\/#\/schema\/logo\/image\/"}}]}},"_links":{"self":[{"href":"https:\/\/eshop.tca.sk\/de\/wp-json\/wp\/v2\/product\/11705","targetHints":{"allow":["GET"]}}],"collection":[{"href":"https:\/\/eshop.tca.sk\/de\/wp-json\/wp\/v2\/product"}],"about":[{"href":"https:\/\/eshop.tca.sk\/de\/wp-json\/wp\/v2\/types\/product"}],"wp:featuredmedia":[{"embeddable":true,"href":"https:\/\/eshop.tca.sk\/de\/wp-json\/wp\/v2\/media\/11707"}],"wp:attachment":[{"href":"https:\/\/eshop.tca.sk\/de\/wp-json\/wp\/v2\/media?parent=11705"}],"wp:term":[{"taxonomy":"product_brand","embeddable":true,"href":"https:\/\/eshop.tca.sk\/de\/wp-json\/wp\/v2\/product_brand?post=11705"},{"taxonomy":"product_cat","embeddable":true,"href":"https:\/\/eshop.tca.sk\/de\/wp-json\/wp\/v2\/product_cat?post=11705"},{"taxonomy":"product_tag","embeddable":true,"href":"https:\/\/eshop.tca.sk\/de\/wp-json\/wp\/v2\/product_tag?post=11705"},{"taxonomy":"giftcard-category","embeddable":true,"href":"https:\/\/eshop.tca.sk\/de\/wp-json\/wp\/v2\/giftcard-category?post=11705"}],"curies":[{"name":"wp","href":"https:\/\/api.w.org\/{rel}","templated":true}]}}