{"id":11803,"date":"2024-04-25T14:06:53","date_gmt":"2024-04-25T12:06:53","guid":{"rendered":"https:\/\/eshop.tca.sk\/?post_type=product&#038;p=11803"},"modified":"2025-11-23T18:39:15","modified_gmt":"2025-11-23T17:39:15","slug":"gewehrholster-fur-magazine-frog-pro-multi-1-eot-ranger-green","status":"publish","type":"product","link":"https:\/\/eshop.tca.sk\/de\/ausruestung\/gewehrholster-fur-magazine-frog-pro-multi-1-eot-ranger-green\/","title":{"rendered":"Gewehrholster f\u00fcr Magazine FROG.PRO Multi-1-EOT RANGER GREEN"},"content":{"rendered":"<h3><strong>Gewehrholster f\u00fcr Magazine FROG.PRO Multi-1-EOT RANGER GREEN<\/strong><\/h3>\n<p>Wieder einmal hat FROG.PRO das Potenzial der <strong>Laser-Cut-Technologie<\/strong> genutzt, um eine neue Reihe von Magazinen und Allzwecktaschen zu entwerfen, die in puncto Leichtgewicht und Leistung unerreichte Ziele erreichen.<\/p>\n<p><strong>Das Multi-1-EOT (Multicaliber-1-Elastic Open Top)<\/strong> ist f\u00fcr verschiedene Arten von Gewehrmagazinen wie <span style=\"text-decoration: underline;\">AR-15 Magazine (.223 &#8211; 5.56x45mm), AR-10 \/ SR-25 \/ SCAR 17 Magazine (.308 &#8211; 7.62x51mm), AK Magazine (7.62x39mm), usw. geeignet.<\/span><\/p>\n<p>Das elastische Band des Typs <strong>MIL-W-566<\/strong>4 oder Woven erweitert die Palette der Magazintypen, indem es einen zuverl\u00e4ssigen und wiederholbaren Druck auf den Inhalt aus\u00fcbt, der sich von selbst anpasst. Der mit Hypalon gef\u00fctterte Innenteil sorgt in Verbindung mit dem nach innen gerichteten Druck des elastischen Bandes f\u00fcr einen sicheren Halt des Inhalts in der Tasche mit oberfl\u00e4chlicher Reibung, die bei Polymer-, Edelstahl- und Aluminiummagazinen \u00e4u\u00dferst effektiv ist. Obwohl die Multi-1-EOT mit einem 1\/8\u2033-Sto\u00dfseil und einer Zuglasche ausgestattet ist, die bei Eins\u00e4tzen in der Luft und in Fahrzeugen mit hoher Geschwindigkeit f\u00fcr zus\u00e4tzlichen Halt sorgen, k\u00f6nnen diese leicht entfernt werden und die Tasche kann auch ohne sie sicher verwendet werden. Diese nach oben offene Tasche verf\u00fcgt \u00fcber einen eingebauten, doppelseitigen und \u00f6senfreien Verankerungspunkt f\u00fcr die Rei\u00dfleine, der in Kombination mit der halbstarren Konstruktion besonders vorteilhaft f\u00fcr das Wiedereinsetzen des Magazins ist und ein verwicklungsfreies Arbeiten gew\u00e4hrleistet.<\/p>\n<p>Die geschlitzten Entw\u00e4sserungsl\u00f6cher im unteren Teil bieten einen zus\u00e4tzlichen <strong>MOLLE<\/strong>-kompatiblen Befestigungspunkt, besonders n\u00fctzlich f\u00fcr Tourniquets, Multitools oder Granatentaschen in Konfigurationen mit hoher Belastung.<\/p>\n<p>Die <strong>LAHYCO<\/strong>-Verbundstoffkonstruktion bietet ein hohes Ma\u00df an Wasserabweisung, was in nassen Umgebungen und bei maritimen Anwendungen zu h\u00f6herer Mobilit\u00e4t und geringerem Gewicht f\u00fchrt.<\/p>\n<p>Das Multi-1-EOT kann sowohl am G\u00fcrtel als auch am Brustgeschirr\/Plattentr\u00e4ger befestigt und effektiv genutzt werden und erm\u00f6glicht eine effektive Entnahme aus beiden Positionen, auch f\u00fcr Notfallnachladungen.<\/p>\n<p>Unsere Liebe zum Detail kombiniert mit individuellem Design bietet ein einzigartiges Produkt, das unser Engagement f\u00fcr modernste milit\u00e4rische Ausr\u00fcstung widerspiegelt.<\/p>\n<p><iframe loading=\"lazy\" title=\"FROG PRO\u00ae | Tailored gear, human made.\" width=\"1170\" height=\"658\" src=\"https:\/\/www.youtube.com\/embed\/7d5tz3DPVU4?feature=oembed&#038;enablejsapi=1&#038;origin=https:\/\/eshop.tca.sk\" frameborder=\"0\" allow=\"accelerometer; autoplay; clipboard-write; encrypted-media; gyroscope; picture-in-picture; web-share\" referrerpolicy=\"strict-origin-when-cross-origin\" allowfullscreen><\/iframe><\/p>\n","protected":false},"excerpt":{"rendered":"<p><img loading=\"lazy\" decoding=\"async\" class=\"alignnone wp-image-10791\" src=\"https:\/\/eshop.tca.sk\/wp-content\/uploads\/2024\/04\/FROG.png\" alt=\"\" width=\"133\" height=\"61\" srcset=\"https:\/\/eshop.tca.sk\/wp-content\/uploads\/2024\/04\/FROG.png 291w, https:\/\/eshop.tca.sk\/wp-content\/uploads\/2024\/04\/FROG-24x11.png 24w, https:\/\/eshop.tca.sk\/wp-content\/uploads\/2024\/04\/FROG-36x16.png 36w, https:\/\/eshop.tca.sk\/wp-content\/uploads\/2024\/04\/FROG-48x22.png 48w\" sizes=\"auto, (max-width: 133px) 100vw, 133px\" \/><\/p>\n<p><strong>Das Multi-1-EOT (Multicaliber-1-Elastic Open Top)<\/strong> ist f\u00fcr verschiedene Arten von Gewehrmagazinen wie <span style=\"text-decoration: underline;\">AR-15 Magazine (.223 &#8211; 5.56x45mm), AR-10 \/ SR-25 \/ SCAR 17 Magazine (.308 &#8211; 7.62x51mm), AK Magazine (7.62x39mm), usw. geeignet.<\/span><\/p>\n<p><img loading=\"lazy\" decoding=\"async\" class=\"wp-image-8564 alignnone\" src=\"https:\/\/eshop.tca.sk\/wp-content\/uploads\/2023\/04\/Logo-Whack-Black-White-R-APPROVED.png\" alt=\"\" width=\"138\" height=\"75\" srcset=\"https:\/\/eshop.tca.sk\/wp-content\/uploads\/2023\/04\/Logo-Whack-Black-White-R-APPROVED.png 571w, https:\/\/eshop.tca.sk\/wp-content\/uploads\/2023\/04\/Logo-Whack-Black-White-R-APPROVED-300x163.png 300w\" sizes=\"auto, (max-width: 138px) 100vw, 138px\" \/><\/p>\n<p>Vom <strong>TCA<\/strong> und dem <strong>WHACK<\/strong>-System verwendete und empfohlene Equipment.<\/p>\n","protected":false},"featured_media":11805,"template":"","meta":{"inline_featured_image":false},"product_brand":[],"product_cat":[323,319,584],"product_tag":[565],"giftcard-category":[],"class_list":{"0":"post-11803","1":"product","2":"type-product","3":"status-publish","4":"has-post-thumbnail","6":"product_cat-ausruestung","7":"product_cat-waffenholster","8":"product_cat-magazintaschen","9":"product_tag-frog-pro-de","11":"first","12":"instock","13":"taxable","14":"shipping-taxable","15":"purchasable","16":"product-type-simple"},"yoast_head":"<!-- This site is optimized with the Yoast SEO plugin v26.4 - https:\/\/yoast.com\/wordpress\/plugins\/seo\/ -->\n<title>Gewehrholster f\u00fcr Magazine FROG.PRO Multi-1-EOT RANGER GREEN - TCA eShop - Tactical Combat Academy<\/title>\n<meta name=\"description\" content=\"Das Multi-1-EOT (Multicaliber-1-Elastic Open Top) ist f\u00fcr verschiedene Arten von Gewehrmagazinen wie AR-15 Magazine (.223 - 5.56x45mm), AR-10 \/ SR-25 \/ SCAR 17 Magazine (.308 - 7.62x51mm), AK Magazine (7.62x39mm), usw. geeignet.\" \/>\n<meta name=\"robots\" content=\"index, follow, max-snippet:-1, max-image-preview:large, max-video-preview:-1\" \/>\n<link rel=\"canonical\" href=\"https:\/\/eshop.tca.sk\/de\/ausruestung\/gewehrholster-fur-magazine-frog-pro-multi-1-eot-ranger-green\/\" \/>\n<meta property=\"og:locale\" content=\"de_DE\" \/>\n<meta property=\"og:type\" content=\"article\" \/>\n<meta property=\"og:title\" content=\"Gewehrholster f\u00fcr Magazine FROG.PRO Multi-1-EOT RANGER GREEN - TCA eShop - Tactical Combat Academy\" \/>\n<meta property=\"og:description\" content=\"Das Multi-1-EOT (Multicaliber-1-Elastic Open Top) ist f\u00fcr verschiedene Arten von Gewehrmagazinen wie AR-15 Magazine (.223 - 5.56x45mm), AR-10 \/ SR-25 \/ SCAR 17 Magazine (.308 - 7.62x51mm), AK Magazine (7.62x39mm), usw. geeignet.\" \/>\n<meta property=\"og:url\" content=\"https:\/\/eshop.tca.sk\/de\/ausruestung\/gewehrholster-fur-magazine-frog-pro-multi-1-eot-ranger-green\/\" \/>\n<meta property=\"og:site_name\" content=\"TCA eShop - Tactical Combat Academy\" \/>\n<meta property=\"article:modified_time\" content=\"2025-11-23T17:39:15+00:00\" \/>\n<meta property=\"og:image\" content=\"https:\/\/eshop.tca.sk\/wp-content\/uploads\/2024\/04\/Puskove-puzdro-na-zasobniky-FROG.PRO-Multi-1-EOT-RANGER-GREEN.jpg\" \/>\n\t<meta property=\"og:image:width\" content=\"1000\" \/>\n\t<meta property=\"og:image:height\" content=\"1000\" \/>\n\t<meta property=\"og:image:type\" content=\"image\/jpeg\" \/>\n<meta name=\"twitter:card\" content=\"summary_large_image\" \/>\n<script type=\"application\/ld+json\" class=\"yoast-schema-graph\">{\"@context\":\"https:\/\/schema.org\",\"@graph\":[{\"@type\":\"WebPage\",\"@id\":\"https:\/\/eshop.tca.sk\/de\/ausruestung\/gewehrholster-fur-magazine-frog-pro-multi-1-eot-ranger-green\/\",\"url\":\"https:\/\/eshop.tca.sk\/de\/ausruestung\/gewehrholster-fur-magazine-frog-pro-multi-1-eot-ranger-green\/\",\"name\":\"Gewehrholster f\u00fcr Magazine FROG.PRO Multi-1-EOT RANGER GREEN - TCA eShop - Tactical Combat Academy\",\"isPartOf\":{\"@id\":\"https:\/\/eshop.tca.sk\/de\/#website\"},\"primaryImageOfPage\":{\"@id\":\"https:\/\/eshop.tca.sk\/de\/ausruestung\/gewehrholster-fur-magazine-frog-pro-multi-1-eot-ranger-green\/#primaryimage\"},\"image\":{\"@id\":\"https:\/\/eshop.tca.sk\/de\/ausruestung\/gewehrholster-fur-magazine-frog-pro-multi-1-eot-ranger-green\/#primaryimage\"},\"thumbnailUrl\":\"https:\/\/eshop.tca.sk\/wp-content\/uploads\/2024\/04\/Puskove-puzdro-na-zasobniky-FROG.PRO-Multi-1-EOT-RANGER-GREEN.jpg\",\"datePublished\":\"2024-04-25T12:06:53+00:00\",\"dateModified\":\"2025-11-23T17:39:15+00:00\",\"description\":\"Das Multi-1-EOT (Multicaliber-1-Elastic Open Top) ist f\u00fcr verschiedene Arten von Gewehrmagazinen wie AR-15 Magazine (.223 - 5.56x45mm), AR-10 \/ SR-25 \/ SCAR 17 Magazine (.308 - 7.62x51mm), AK Magazine (7.62x39mm), usw. geeignet.\",\"breadcrumb\":{\"@id\":\"https:\/\/eshop.tca.sk\/de\/ausruestung\/gewehrholster-fur-magazine-frog-pro-multi-1-eot-ranger-green\/#breadcrumb\"},\"inLanguage\":\"de\",\"potentialAction\":[{\"@type\":\"ReadAction\",\"target\":[\"https:\/\/eshop.tca.sk\/de\/ausruestung\/gewehrholster-fur-magazine-frog-pro-multi-1-eot-ranger-green\/\"]}]},{\"@type\":\"ImageObject\",\"inLanguage\":\"de\",\"@id\":\"https:\/\/eshop.tca.sk\/de\/ausruestung\/gewehrholster-fur-magazine-frog-pro-multi-1-eot-ranger-green\/#primaryimage\",\"url\":\"https:\/\/eshop.tca.sk\/wp-content\/uploads\/2024\/04\/Puskove-puzdro-na-zasobniky-FROG.PRO-Multi-1-EOT-RANGER-GREEN.jpg\",\"contentUrl\":\"https:\/\/eshop.tca.sk\/wp-content\/uploads\/2024\/04\/Puskove-puzdro-na-zasobniky-FROG.PRO-Multi-1-EOT-RANGER-GREEN.jpg\",\"width\":1000,\"height\":1000},{\"@type\":\"BreadcrumbList\",\"@id\":\"https:\/\/eshop.tca.sk\/de\/ausruestung\/gewehrholster-fur-magazine-frog-pro-multi-1-eot-ranger-green\/#breadcrumb\",\"itemListElement\":[{\"@type\":\"ListItem\",\"position\":1,\"name\":\"Domovsk\u00e1 str\u00e1nka\",\"item\":\"https:\/\/eshop.tca.sk\/de\/\"},{\"@type\":\"ListItem\",\"position\":2,\"name\":\"Shop\",\"item\":\"https:\/\/eshop.tca.sk\/de\/shop\/\"},{\"@type\":\"ListItem\",\"position\":3,\"name\":\"Gewehrholster f\u00fcr Magazine FROG.PRO Multi-1-EOT RANGER GREEN\"}]},{\"@type\":\"WebSite\",\"@id\":\"https:\/\/eshop.tca.sk\/de\/#website\",\"url\":\"https:\/\/eshop.tca.sk\/de\/\",\"name\":\"TCA eShop - Tactical Combat Academy\",\"description\":\"Tactical Combat Academy\",\"publisher\":{\"@id\":\"https:\/\/eshop.tca.sk\/de\/#organization\"},\"potentialAction\":[{\"@type\":\"SearchAction\",\"target\":{\"@type\":\"EntryPoint\",\"urlTemplate\":\"https:\/\/eshop.tca.sk\/de\/?s={search_term_string}\"},\"query-input\":{\"@type\":\"PropertyValueSpecification\",\"valueRequired\":true,\"valueName\":\"search_term_string\"}}],\"inLanguage\":\"de\"},{\"@type\":\"Organization\",\"@id\":\"https:\/\/eshop.tca.sk\/de\/#organization\",\"name\":\"TCA eShop - Tactical Combat Academy\",\"url\":\"https:\/\/eshop.tca.sk\/de\/\",\"logo\":{\"@type\":\"ImageObject\",\"inLanguage\":\"de\",\"@id\":\"https:\/\/eshop.tca.sk\/de\/#\/schema\/logo\/image\/\",\"url\":\"https:\/\/eshop.tca.sk\/wp-content\/uploads\/2025\/06\/logo-new-header.png\",\"contentUrl\":\"https:\/\/eshop.tca.sk\/wp-content\/uploads\/2025\/06\/logo-new-header.png\",\"width\":300,\"height\":294,\"caption\":\"TCA eShop - Tactical Combat Academy\"},\"image\":{\"@id\":\"https:\/\/eshop.tca.sk\/de\/#\/schema\/logo\/image\/\"}}]}<\/script>\n<!-- \/ Yoast SEO plugin. -->","yoast_head_json":{"title":"Gewehrholster f\u00fcr Magazine FROG.PRO Multi-1-EOT RANGER GREEN - TCA eShop - Tactical Combat Academy","description":"Das Multi-1-EOT (Multicaliber-1-Elastic Open Top) ist f\u00fcr verschiedene Arten von Gewehrmagazinen wie AR-15 Magazine (.223 - 5.56x45mm), AR-10 \/ SR-25 \/ SCAR 17 Magazine (.308 - 7.62x51mm), AK Magazine (7.62x39mm), usw. geeignet.","robots":{"index":"index","follow":"follow","max-snippet":"max-snippet:-1","max-image-preview":"max-image-preview:large","max-video-preview":"max-video-preview:-1"},"canonical":"https:\/\/eshop.tca.sk\/de\/ausruestung\/gewehrholster-fur-magazine-frog-pro-multi-1-eot-ranger-green\/","og_locale":"de_DE","og_type":"article","og_title":"Gewehrholster f\u00fcr Magazine FROG.PRO Multi-1-EOT RANGER GREEN - TCA eShop - Tactical Combat Academy","og_description":"Das Multi-1-EOT (Multicaliber-1-Elastic Open Top) ist f\u00fcr verschiedene Arten von Gewehrmagazinen wie AR-15 Magazine (.223 - 5.56x45mm), AR-10 \/ SR-25 \/ SCAR 17 Magazine (.308 - 7.62x51mm), AK Magazine (7.62x39mm), usw. geeignet.","og_url":"https:\/\/eshop.tca.sk\/de\/ausruestung\/gewehrholster-fur-magazine-frog-pro-multi-1-eot-ranger-green\/","og_site_name":"TCA eShop - Tactical Combat Academy","article_modified_time":"2025-11-23T17:39:15+00:00","og_image":[{"width":1000,"height":1000,"url":"https:\/\/eshop.tca.sk\/wp-content\/uploads\/2024\/04\/Puskove-puzdro-na-zasobniky-FROG.PRO-Multi-1-EOT-RANGER-GREEN.jpg","type":"image\/jpeg"}],"twitter_card":"summary_large_image","schema":{"@context":"https:\/\/schema.org","@graph":[{"@type":"WebPage","@id":"https:\/\/eshop.tca.sk\/de\/ausruestung\/gewehrholster-fur-magazine-frog-pro-multi-1-eot-ranger-green\/","url":"https:\/\/eshop.tca.sk\/de\/ausruestung\/gewehrholster-fur-magazine-frog-pro-multi-1-eot-ranger-green\/","name":"Gewehrholster f\u00fcr Magazine FROG.PRO Multi-1-EOT RANGER GREEN - TCA eShop - Tactical Combat Academy","isPartOf":{"@id":"https:\/\/eshop.tca.sk\/de\/#website"},"primaryImageOfPage":{"@id":"https:\/\/eshop.tca.sk\/de\/ausruestung\/gewehrholster-fur-magazine-frog-pro-multi-1-eot-ranger-green\/#primaryimage"},"image":{"@id":"https:\/\/eshop.tca.sk\/de\/ausruestung\/gewehrholster-fur-magazine-frog-pro-multi-1-eot-ranger-green\/#primaryimage"},"thumbnailUrl":"https:\/\/eshop.tca.sk\/wp-content\/uploads\/2024\/04\/Puskove-puzdro-na-zasobniky-FROG.PRO-Multi-1-EOT-RANGER-GREEN.jpg","datePublished":"2024-04-25T12:06:53+00:00","dateModified":"2025-11-23T17:39:15+00:00","description":"Das Multi-1-EOT (Multicaliber-1-Elastic Open Top) ist f\u00fcr verschiedene Arten von Gewehrmagazinen wie AR-15 Magazine (.223 - 5.56x45mm), AR-10 \/ SR-25 \/ SCAR 17 Magazine (.308 - 7.62x51mm), AK Magazine (7.62x39mm), usw. geeignet.","breadcrumb":{"@id":"https:\/\/eshop.tca.sk\/de\/ausruestung\/gewehrholster-fur-magazine-frog-pro-multi-1-eot-ranger-green\/#breadcrumb"},"inLanguage":"de","potentialAction":[{"@type":"ReadAction","target":["https:\/\/eshop.tca.sk\/de\/ausruestung\/gewehrholster-fur-magazine-frog-pro-multi-1-eot-ranger-green\/"]}]},{"@type":"ImageObject","inLanguage":"de","@id":"https:\/\/eshop.tca.sk\/de\/ausruestung\/gewehrholster-fur-magazine-frog-pro-multi-1-eot-ranger-green\/#primaryimage","url":"https:\/\/eshop.tca.sk\/wp-content\/uploads\/2024\/04\/Puskove-puzdro-na-zasobniky-FROG.PRO-Multi-1-EOT-RANGER-GREEN.jpg","contentUrl":"https:\/\/eshop.tca.sk\/wp-content\/uploads\/2024\/04\/Puskove-puzdro-na-zasobniky-FROG.PRO-Multi-1-EOT-RANGER-GREEN.jpg","width":1000,"height":1000},{"@type":"BreadcrumbList","@id":"https:\/\/eshop.tca.sk\/de\/ausruestung\/gewehrholster-fur-magazine-frog-pro-multi-1-eot-ranger-green\/#breadcrumb","itemListElement":[{"@type":"ListItem","position":1,"name":"Domovsk\u00e1 str\u00e1nka","item":"https:\/\/eshop.tca.sk\/de\/"},{"@type":"ListItem","position":2,"name":"Shop","item":"https:\/\/eshop.tca.sk\/de\/shop\/"},{"@type":"ListItem","position":3,"name":"Gewehrholster f\u00fcr Magazine FROG.PRO Multi-1-EOT RANGER GREEN"}]},{"@type":"WebSite","@id":"https:\/\/eshop.tca.sk\/de\/#website","url":"https:\/\/eshop.tca.sk\/de\/","name":"TCA eShop - Tactical Combat Academy","description":"Tactical Combat Academy","publisher":{"@id":"https:\/\/eshop.tca.sk\/de\/#organization"},"potentialAction":[{"@type":"SearchAction","target":{"@type":"EntryPoint","urlTemplate":"https:\/\/eshop.tca.sk\/de\/?s={search_term_string}"},"query-input":{"@type":"PropertyValueSpecification","valueRequired":true,"valueName":"search_term_string"}}],"inLanguage":"de"},{"@type":"Organization","@id":"https:\/\/eshop.tca.sk\/de\/#organization","name":"TCA eShop - Tactical Combat Academy","url":"https:\/\/eshop.tca.sk\/de\/","logo":{"@type":"ImageObject","inLanguage":"de","@id":"https:\/\/eshop.tca.sk\/de\/#\/schema\/logo\/image\/","url":"https:\/\/eshop.tca.sk\/wp-content\/uploads\/2025\/06\/logo-new-header.png","contentUrl":"https:\/\/eshop.tca.sk\/wp-content\/uploads\/2025\/06\/logo-new-header.png","width":300,"height":294,"caption":"TCA eShop - Tactical Combat Academy"},"image":{"@id":"https:\/\/eshop.tca.sk\/de\/#\/schema\/logo\/image\/"}}]}},"_links":{"self":[{"href":"https:\/\/eshop.tca.sk\/de\/wp-json\/wp\/v2\/product\/11803","targetHints":{"allow":["GET"]}}],"collection":[{"href":"https:\/\/eshop.tca.sk\/de\/wp-json\/wp\/v2\/product"}],"about":[{"href":"https:\/\/eshop.tca.sk\/de\/wp-json\/wp\/v2\/types\/product"}],"wp:featuredmedia":[{"embeddable":true,"href":"https:\/\/eshop.tca.sk\/de\/wp-json\/wp\/v2\/media\/11805"}],"wp:attachment":[{"href":"https:\/\/eshop.tca.sk\/de\/wp-json\/wp\/v2\/media?parent=11803"}],"wp:term":[{"taxonomy":"product_brand","embeddable":true,"href":"https:\/\/eshop.tca.sk\/de\/wp-json\/wp\/v2\/product_brand?post=11803"},{"taxonomy":"product_cat","embeddable":true,"href":"https:\/\/eshop.tca.sk\/de\/wp-json\/wp\/v2\/product_cat?post=11803"},{"taxonomy":"product_tag","embeddable":true,"href":"https:\/\/eshop.tca.sk\/de\/wp-json\/wp\/v2\/product_tag?post=11803"},{"taxonomy":"giftcard-category","embeddable":true,"href":"https:\/\/eshop.tca.sk\/de\/wp-json\/wp\/v2\/giftcard-category?post=11803"}],"curies":[{"name":"wp","href":"https:\/\/api.w.org\/{rel}","templated":true}]}}