{"id":11831,"date":"2024-04-25T15:31:21","date_gmt":"2024-04-25T13:31:21","guid":{"rendered":"https:\/\/eshop.tca.sk\/?post_type=product&#038;p=11831"},"modified":"2025-11-23T18:38:50","modified_gmt":"2025-11-23T17:38:50","slug":"pistolenholster-fur-magazine-frog-pro-frog-pro-pistol-1-vf-coyote","status":"publish","type":"product","link":"https:\/\/eshop.tca.sk\/de\/ausruestung\/pistolenholster-fur-magazine-frog-pro-frog-pro-pistol-1-vf-coyote\/","title":{"rendered":"Pistolenholster f\u00fcr Magazine FROG.PRO FROG.PRO Pistol-1-VF COYOTE"},"content":{"rendered":"<h3><strong>Pistolenholster f\u00fcr Magazine FROG.PRO FROG.PRO Pistol-1-VF COYOTE<\/strong><\/h3>\n<p>Wieder einmal hat FROG.PRO das Potenzial der <strong>Laser-Cut-<\/strong>Technologie genutzt, um eine neue Reihe von Magazinen und Allzwecktaschen zu entwerfen, die unerreichte Ziele in Bezug auf Leichtgewicht und Leistung erreichen.<\/p>\n<p>Die Pistol-1-VF (Pistol-1-Velcro fastener Flap) ist f\u00fcr den Transport von verschiedenen Gegenst\u00e4nden wie z.B. <span style=\"text-decoration: underline;\">Kal. 9 mm \/ .45 Pistolenmagazin, Taschenlampe, Multitool, Tourniquet, etc. konzipiert.<\/span><\/p>\n<p>Das elastische Band des Typs <strong>MIL-W-5664<\/strong> oder Woven erweitert die Palette der Gegenst\u00e4nde, indem es einen zuverl\u00e4ssigen und wiederholbaren Druck auf den Inhalt aus\u00fcbt, der sich von selbst anpasst.<\/p>\n<p>Die Verschlusslasche ist mit zwei vorgestanzten L\u00f6chern direkt \u00fcber der <strong>MOLLE<\/strong>-Unterlage versehen, die es erm\u00f6glichen, ein wichtiges Werkzeug zu befestigen, um zu verhindern, dass es in Situationen verloren geht, in denen man vor\u00fcbergehend die motorische Kontrolle verliert oder es schlichtweg fallen l\u00e4sst. An den L\u00f6chern am Ende der Lasche kann eine Schnur zur Verl\u00e4ngerung der Zuglasche angebracht werden, was vor allem bei dicken Handschuhen oder bei Nachteins\u00e4tzen von Vorteil ist, oder um spezielle Inhalte zu kennzeichnen.<\/p>\n<p>Um ein sehr gutes Verh\u00e4ltnis zwischen Festigkeit und Gewicht zu erreichen, wurde auch den Details, die man nicht sieht, gro\u00dfe Aufmerksamkeit geschenkt. Die \u00e4u\u00dfere Velcro\u00ae-Schlaufe, die f\u00fcr Aufn\u00e4her (IR-Tab, Blutgruppe, Med-Kreuz usw.) n\u00fctzlich ist, verbirgt ein extrem cooles, gewichtssparendes, skelettiertes Design. Das schlanke Profil des neuen <strong>Velcro\u00ae Ultra-Mate<\/strong>-Hakenbandes, das weniger rau ist als das herk\u00f6mmliche, garantiert nicht nur eine hervorragende Klebekraft, sondern verringert auch das Rei\u00dfger\u00e4usch.<\/p>\n<p>Die geschlitzten Entw\u00e4sserungsl\u00f6cher im unteren Teil bieten einen zus\u00e4tzlichen MOLLE-kompatiblen Befestigungspunkt, besonders n\u00fctzlich f\u00fcr Tourniquets, Multitools oder Granatentaschen in Konfigurationen mit hoher Belastung.<\/p>\n<p>Die <strong>LAHYCO-<\/strong>Verbundstoffkonstruktion bietet ein hohes Ma\u00df an Wasserabweisung, was in nassen Umgebungen und bei maritimen Anwendungen zu h\u00f6herer Mobilit\u00e4t und geringerem Gewicht f\u00fchrt.<\/p>\n<p>Die Pistole-1-VF kann sowohl am G\u00fcrtel als auch am Brustgeschirr\/Plattentr\u00e4ger montiert und effektiv genutzt werden.<\/p>\n<p>Unsere Liebe zum Detail kombiniert mit individuellem Design bietet ein einzigartiges Produkt, das unser Engagement f\u00fcr modernste milit\u00e4rische Ausr\u00fcstung widerspiegelt.<\/p>\n<p><iframe loading=\"lazy\" title=\"FROG PRO\u00ae | Tailored gear, human made.\" width=\"1170\" height=\"658\" src=\"https:\/\/www.youtube.com\/embed\/7d5tz3DPVU4?feature=oembed&#038;enablejsapi=1&#038;origin=https:\/\/eshop.tca.sk\" frameborder=\"0\" allow=\"accelerometer; autoplay; clipboard-write; encrypted-media; gyroscope; picture-in-picture; web-share\" referrerpolicy=\"strict-origin-when-cross-origin\" allowfullscreen><\/iframe><\/p>\n","protected":false},"excerpt":{"rendered":"<p><img loading=\"lazy\" decoding=\"async\" class=\"alignnone wp-image-10791\" src=\"https:\/\/eshop.tca.sk\/wp-content\/uploads\/2024\/04\/FROG.png\" alt=\"\" width=\"133\" height=\"61\" srcset=\"https:\/\/eshop.tca.sk\/wp-content\/uploads\/2024\/04\/FROG.png 291w, https:\/\/eshop.tca.sk\/wp-content\/uploads\/2024\/04\/FROG-24x11.png 24w, https:\/\/eshop.tca.sk\/wp-content\/uploads\/2024\/04\/FROG-36x16.png 36w, https:\/\/eshop.tca.sk\/wp-content\/uploads\/2024\/04\/FROG-48x22.png 48w\" sizes=\"auto, (max-width: 133px) 100vw, 133px\" \/><\/p>\n<p><strong>Die Pistol-1-VF (Pistol-1-Velcro fastener Flap) <\/strong> ist f\u00fcr den Transport von verschiedenen Gegenst\u00e4nden wie z.B. <span style=\"text-decoration: underline;\">Kal. 9 mm \/ .45 Pistolenmagazin, Taschenlampe, Multitool, Tourniquet, etc. konzipiert.<\/span><\/p>\n<p><img loading=\"lazy\" decoding=\"async\" class=\"wp-image-8564 alignnone\" src=\"https:\/\/eshop.tca.sk\/wp-content\/uploads\/2023\/04\/Logo-Whack-Black-White-R-APPROVED.png\" alt=\"\" width=\"138\" height=\"75\" srcset=\"https:\/\/eshop.tca.sk\/wp-content\/uploads\/2023\/04\/Logo-Whack-Black-White-R-APPROVED.png 571w, https:\/\/eshop.tca.sk\/wp-content\/uploads\/2023\/04\/Logo-Whack-Black-White-R-APPROVED-300x163.png 300w\" sizes=\"auto, (max-width: 138px) 100vw, 138px\" \/><\/p>\n<p>Vom <strong>TCA<\/strong> und dem <strong>WHACK<\/strong>-System verwendete und empfohlene Equipment.<\/p>\n","protected":false},"featured_media":11833,"template":"","meta":{"inline_featured_image":false},"product_brand":[],"product_cat":[323,319,584],"product_tag":[565],"giftcard-category":[],"class_list":{"0":"post-11831","1":"product","2":"type-product","3":"status-publish","4":"has-post-thumbnail","6":"product_cat-ausruestung","7":"product_cat-waffenholster","8":"product_cat-magazintaschen","9":"product_tag-frog-pro-de","11":"first","12":"instock","13":"taxable","14":"shipping-taxable","15":"purchasable","16":"product-type-simple"},"yoast_head":"<!-- This site is optimized with the Yoast SEO plugin v26.4 - https:\/\/yoast.com\/wordpress\/plugins\/seo\/ -->\n<title>Pistolenholster f\u00fcr Magazine FROG.PRO FROG.PRO Pistol-1-VF COYOTE - TCA eShop - Tactical Combat Academy<\/title>\n<meta name=\"description\" content=\"Die Pistol-1-VF (Pistol-1-Velcro fastener Flap) ist f\u00fcr den Transport von verschiedenen Gegenst\u00e4nden wie z.B. Kal. 9 mm \/ .45 Pistolenmagazin, Taschenlampe, Multitool, Tourniquet, etc. konzipiert.\" \/>\n<meta name=\"robots\" content=\"index, follow, max-snippet:-1, max-image-preview:large, max-video-preview:-1\" \/>\n<link rel=\"canonical\" href=\"https:\/\/eshop.tca.sk\/de\/ausruestung\/pistolenholster-fur-magazine-frog-pro-frog-pro-pistol-1-vf-coyote\/\" \/>\n<meta property=\"og:locale\" content=\"de_DE\" \/>\n<meta property=\"og:type\" content=\"article\" \/>\n<meta property=\"og:title\" content=\"Pistolenholster f\u00fcr Magazine FROG.PRO FROG.PRO Pistol-1-VF COYOTE - TCA eShop - Tactical Combat Academy\" \/>\n<meta property=\"og:description\" content=\"Die Pistol-1-VF (Pistol-1-Velcro fastener Flap) ist f\u00fcr den Transport von verschiedenen Gegenst\u00e4nden wie z.B. Kal. 9 mm \/ .45 Pistolenmagazin, Taschenlampe, Multitool, Tourniquet, etc. konzipiert.\" \/>\n<meta property=\"og:url\" content=\"https:\/\/eshop.tca.sk\/de\/ausruestung\/pistolenholster-fur-magazine-frog-pro-frog-pro-pistol-1-vf-coyote\/\" \/>\n<meta property=\"og:site_name\" content=\"TCA eShop - Tactical Combat Academy\" \/>\n<meta property=\"article:modified_time\" content=\"2025-11-23T17:38:50+00:00\" \/>\n<meta property=\"og:image\" content=\"https:\/\/eshop.tca.sk\/wp-content\/uploads\/2024\/04\/Pistolove-puzdro-na-zasobniky-FROG.PRO-FROG.PRO-Pistol-1-VF-COYOTE.jpg\" \/>\n\t<meta property=\"og:image:width\" content=\"1000\" \/>\n\t<meta property=\"og:image:height\" content=\"1000\" \/>\n\t<meta property=\"og:image:type\" content=\"image\/jpeg\" \/>\n<meta name=\"twitter:card\" content=\"summary_large_image\" \/>\n<script type=\"application\/ld+json\" class=\"yoast-schema-graph\">{\"@context\":\"https:\/\/schema.org\",\"@graph\":[{\"@type\":\"WebPage\",\"@id\":\"https:\/\/eshop.tca.sk\/de\/ausruestung\/pistolenholster-fur-magazine-frog-pro-frog-pro-pistol-1-vf-coyote\/\",\"url\":\"https:\/\/eshop.tca.sk\/de\/ausruestung\/pistolenholster-fur-magazine-frog-pro-frog-pro-pistol-1-vf-coyote\/\",\"name\":\"Pistolenholster f\u00fcr Magazine FROG.PRO FROG.PRO Pistol-1-VF COYOTE - TCA eShop - Tactical Combat Academy\",\"isPartOf\":{\"@id\":\"https:\/\/eshop.tca.sk\/de\/#website\"},\"primaryImageOfPage\":{\"@id\":\"https:\/\/eshop.tca.sk\/de\/ausruestung\/pistolenholster-fur-magazine-frog-pro-frog-pro-pistol-1-vf-coyote\/#primaryimage\"},\"image\":{\"@id\":\"https:\/\/eshop.tca.sk\/de\/ausruestung\/pistolenholster-fur-magazine-frog-pro-frog-pro-pistol-1-vf-coyote\/#primaryimage\"},\"thumbnailUrl\":\"https:\/\/eshop.tca.sk\/wp-content\/uploads\/2024\/04\/Pistolove-puzdro-na-zasobniky-FROG.PRO-FROG.PRO-Pistol-1-VF-COYOTE.jpg\",\"datePublished\":\"2024-04-25T13:31:21+00:00\",\"dateModified\":\"2025-11-23T17:38:50+00:00\",\"description\":\"Die Pistol-1-VF (Pistol-1-Velcro fastener Flap) ist f\u00fcr den Transport von verschiedenen Gegenst\u00e4nden wie z.B. Kal. 9 mm \/ .45 Pistolenmagazin, Taschenlampe, Multitool, Tourniquet, etc. konzipiert.\",\"breadcrumb\":{\"@id\":\"https:\/\/eshop.tca.sk\/de\/ausruestung\/pistolenholster-fur-magazine-frog-pro-frog-pro-pistol-1-vf-coyote\/#breadcrumb\"},\"inLanguage\":\"de\",\"potentialAction\":[{\"@type\":\"ReadAction\",\"target\":[\"https:\/\/eshop.tca.sk\/de\/ausruestung\/pistolenholster-fur-magazine-frog-pro-frog-pro-pistol-1-vf-coyote\/\"]}]},{\"@type\":\"ImageObject\",\"inLanguage\":\"de\",\"@id\":\"https:\/\/eshop.tca.sk\/de\/ausruestung\/pistolenholster-fur-magazine-frog-pro-frog-pro-pistol-1-vf-coyote\/#primaryimage\",\"url\":\"https:\/\/eshop.tca.sk\/wp-content\/uploads\/2024\/04\/Pistolove-puzdro-na-zasobniky-FROG.PRO-FROG.PRO-Pistol-1-VF-COYOTE.jpg\",\"contentUrl\":\"https:\/\/eshop.tca.sk\/wp-content\/uploads\/2024\/04\/Pistolove-puzdro-na-zasobniky-FROG.PRO-FROG.PRO-Pistol-1-VF-COYOTE.jpg\",\"width\":1000,\"height\":1000},{\"@type\":\"BreadcrumbList\",\"@id\":\"https:\/\/eshop.tca.sk\/de\/ausruestung\/pistolenholster-fur-magazine-frog-pro-frog-pro-pistol-1-vf-coyote\/#breadcrumb\",\"itemListElement\":[{\"@type\":\"ListItem\",\"position\":1,\"name\":\"Domovsk\u00e1 str\u00e1nka\",\"item\":\"https:\/\/eshop.tca.sk\/de\/\"},{\"@type\":\"ListItem\",\"position\":2,\"name\":\"Shop\",\"item\":\"https:\/\/eshop.tca.sk\/de\/shop\/\"},{\"@type\":\"ListItem\",\"position\":3,\"name\":\"Pistolenholster f\u00fcr Magazine FROG.PRO FROG.PRO Pistol-1-VF COYOTE\"}]},{\"@type\":\"WebSite\",\"@id\":\"https:\/\/eshop.tca.sk\/de\/#website\",\"url\":\"https:\/\/eshop.tca.sk\/de\/\",\"name\":\"TCA eShop - Tactical Combat Academy\",\"description\":\"Tactical Combat Academy\",\"publisher\":{\"@id\":\"https:\/\/eshop.tca.sk\/de\/#organization\"},\"potentialAction\":[{\"@type\":\"SearchAction\",\"target\":{\"@type\":\"EntryPoint\",\"urlTemplate\":\"https:\/\/eshop.tca.sk\/de\/?s={search_term_string}\"},\"query-input\":{\"@type\":\"PropertyValueSpecification\",\"valueRequired\":true,\"valueName\":\"search_term_string\"}}],\"inLanguage\":\"de\"},{\"@type\":\"Organization\",\"@id\":\"https:\/\/eshop.tca.sk\/de\/#organization\",\"name\":\"TCA eShop - Tactical Combat Academy\",\"url\":\"https:\/\/eshop.tca.sk\/de\/\",\"logo\":{\"@type\":\"ImageObject\",\"inLanguage\":\"de\",\"@id\":\"https:\/\/eshop.tca.sk\/de\/#\/schema\/logo\/image\/\",\"url\":\"https:\/\/eshop.tca.sk\/wp-content\/uploads\/2025\/06\/logo-new-header.png\",\"contentUrl\":\"https:\/\/eshop.tca.sk\/wp-content\/uploads\/2025\/06\/logo-new-header.png\",\"width\":300,\"height\":294,\"caption\":\"TCA eShop - Tactical Combat Academy\"},\"image\":{\"@id\":\"https:\/\/eshop.tca.sk\/de\/#\/schema\/logo\/image\/\"}}]}<\/script>\n<!-- \/ Yoast SEO plugin. -->","yoast_head_json":{"title":"Pistolenholster f\u00fcr Magazine FROG.PRO FROG.PRO Pistol-1-VF COYOTE - TCA eShop - Tactical Combat Academy","description":"Die Pistol-1-VF (Pistol-1-Velcro fastener Flap) ist f\u00fcr den Transport von verschiedenen Gegenst\u00e4nden wie z.B. Kal. 9 mm \/ .45 Pistolenmagazin, Taschenlampe, Multitool, Tourniquet, etc. konzipiert.","robots":{"index":"index","follow":"follow","max-snippet":"max-snippet:-1","max-image-preview":"max-image-preview:large","max-video-preview":"max-video-preview:-1"},"canonical":"https:\/\/eshop.tca.sk\/de\/ausruestung\/pistolenholster-fur-magazine-frog-pro-frog-pro-pistol-1-vf-coyote\/","og_locale":"de_DE","og_type":"article","og_title":"Pistolenholster f\u00fcr Magazine FROG.PRO FROG.PRO Pistol-1-VF COYOTE - TCA eShop - Tactical Combat Academy","og_description":"Die Pistol-1-VF (Pistol-1-Velcro fastener Flap) ist f\u00fcr den Transport von verschiedenen Gegenst\u00e4nden wie z.B. Kal. 9 mm \/ .45 Pistolenmagazin, Taschenlampe, Multitool, Tourniquet, etc. konzipiert.","og_url":"https:\/\/eshop.tca.sk\/de\/ausruestung\/pistolenholster-fur-magazine-frog-pro-frog-pro-pistol-1-vf-coyote\/","og_site_name":"TCA eShop - Tactical Combat Academy","article_modified_time":"2025-11-23T17:38:50+00:00","og_image":[{"width":1000,"height":1000,"url":"https:\/\/eshop.tca.sk\/wp-content\/uploads\/2024\/04\/Pistolove-puzdro-na-zasobniky-FROG.PRO-FROG.PRO-Pistol-1-VF-COYOTE.jpg","type":"image\/jpeg"}],"twitter_card":"summary_large_image","schema":{"@context":"https:\/\/schema.org","@graph":[{"@type":"WebPage","@id":"https:\/\/eshop.tca.sk\/de\/ausruestung\/pistolenholster-fur-magazine-frog-pro-frog-pro-pistol-1-vf-coyote\/","url":"https:\/\/eshop.tca.sk\/de\/ausruestung\/pistolenholster-fur-magazine-frog-pro-frog-pro-pistol-1-vf-coyote\/","name":"Pistolenholster f\u00fcr Magazine FROG.PRO FROG.PRO Pistol-1-VF COYOTE - TCA eShop - Tactical Combat Academy","isPartOf":{"@id":"https:\/\/eshop.tca.sk\/de\/#website"},"primaryImageOfPage":{"@id":"https:\/\/eshop.tca.sk\/de\/ausruestung\/pistolenholster-fur-magazine-frog-pro-frog-pro-pistol-1-vf-coyote\/#primaryimage"},"image":{"@id":"https:\/\/eshop.tca.sk\/de\/ausruestung\/pistolenholster-fur-magazine-frog-pro-frog-pro-pistol-1-vf-coyote\/#primaryimage"},"thumbnailUrl":"https:\/\/eshop.tca.sk\/wp-content\/uploads\/2024\/04\/Pistolove-puzdro-na-zasobniky-FROG.PRO-FROG.PRO-Pistol-1-VF-COYOTE.jpg","datePublished":"2024-04-25T13:31:21+00:00","dateModified":"2025-11-23T17:38:50+00:00","description":"Die Pistol-1-VF (Pistol-1-Velcro fastener Flap) ist f\u00fcr den Transport von verschiedenen Gegenst\u00e4nden wie z.B. Kal. 9 mm \/ .45 Pistolenmagazin, Taschenlampe, Multitool, Tourniquet, etc. konzipiert.","breadcrumb":{"@id":"https:\/\/eshop.tca.sk\/de\/ausruestung\/pistolenholster-fur-magazine-frog-pro-frog-pro-pistol-1-vf-coyote\/#breadcrumb"},"inLanguage":"de","potentialAction":[{"@type":"ReadAction","target":["https:\/\/eshop.tca.sk\/de\/ausruestung\/pistolenholster-fur-magazine-frog-pro-frog-pro-pistol-1-vf-coyote\/"]}]},{"@type":"ImageObject","inLanguage":"de","@id":"https:\/\/eshop.tca.sk\/de\/ausruestung\/pistolenholster-fur-magazine-frog-pro-frog-pro-pistol-1-vf-coyote\/#primaryimage","url":"https:\/\/eshop.tca.sk\/wp-content\/uploads\/2024\/04\/Pistolove-puzdro-na-zasobniky-FROG.PRO-FROG.PRO-Pistol-1-VF-COYOTE.jpg","contentUrl":"https:\/\/eshop.tca.sk\/wp-content\/uploads\/2024\/04\/Pistolove-puzdro-na-zasobniky-FROG.PRO-FROG.PRO-Pistol-1-VF-COYOTE.jpg","width":1000,"height":1000},{"@type":"BreadcrumbList","@id":"https:\/\/eshop.tca.sk\/de\/ausruestung\/pistolenholster-fur-magazine-frog-pro-frog-pro-pistol-1-vf-coyote\/#breadcrumb","itemListElement":[{"@type":"ListItem","position":1,"name":"Domovsk\u00e1 str\u00e1nka","item":"https:\/\/eshop.tca.sk\/de\/"},{"@type":"ListItem","position":2,"name":"Shop","item":"https:\/\/eshop.tca.sk\/de\/shop\/"},{"@type":"ListItem","position":3,"name":"Pistolenholster f\u00fcr Magazine FROG.PRO FROG.PRO Pistol-1-VF COYOTE"}]},{"@type":"WebSite","@id":"https:\/\/eshop.tca.sk\/de\/#website","url":"https:\/\/eshop.tca.sk\/de\/","name":"TCA eShop - Tactical Combat Academy","description":"Tactical Combat Academy","publisher":{"@id":"https:\/\/eshop.tca.sk\/de\/#organization"},"potentialAction":[{"@type":"SearchAction","target":{"@type":"EntryPoint","urlTemplate":"https:\/\/eshop.tca.sk\/de\/?s={search_term_string}"},"query-input":{"@type":"PropertyValueSpecification","valueRequired":true,"valueName":"search_term_string"}}],"inLanguage":"de"},{"@type":"Organization","@id":"https:\/\/eshop.tca.sk\/de\/#organization","name":"TCA eShop - Tactical Combat Academy","url":"https:\/\/eshop.tca.sk\/de\/","logo":{"@type":"ImageObject","inLanguage":"de","@id":"https:\/\/eshop.tca.sk\/de\/#\/schema\/logo\/image\/","url":"https:\/\/eshop.tca.sk\/wp-content\/uploads\/2025\/06\/logo-new-header.png","contentUrl":"https:\/\/eshop.tca.sk\/wp-content\/uploads\/2025\/06\/logo-new-header.png","width":300,"height":294,"caption":"TCA eShop - Tactical Combat Academy"},"image":{"@id":"https:\/\/eshop.tca.sk\/de\/#\/schema\/logo\/image\/"}}]}},"_links":{"self":[{"href":"https:\/\/eshop.tca.sk\/de\/wp-json\/wp\/v2\/product\/11831","targetHints":{"allow":["GET"]}}],"collection":[{"href":"https:\/\/eshop.tca.sk\/de\/wp-json\/wp\/v2\/product"}],"about":[{"href":"https:\/\/eshop.tca.sk\/de\/wp-json\/wp\/v2\/types\/product"}],"wp:featuredmedia":[{"embeddable":true,"href":"https:\/\/eshop.tca.sk\/de\/wp-json\/wp\/v2\/media\/11833"}],"wp:attachment":[{"href":"https:\/\/eshop.tca.sk\/de\/wp-json\/wp\/v2\/media?parent=11831"}],"wp:term":[{"taxonomy":"product_brand","embeddable":true,"href":"https:\/\/eshop.tca.sk\/de\/wp-json\/wp\/v2\/product_brand?post=11831"},{"taxonomy":"product_cat","embeddable":true,"href":"https:\/\/eshop.tca.sk\/de\/wp-json\/wp\/v2\/product_cat?post=11831"},{"taxonomy":"product_tag","embeddable":true,"href":"https:\/\/eshop.tca.sk\/de\/wp-json\/wp\/v2\/product_tag?post=11831"},{"taxonomy":"giftcard-category","embeddable":true,"href":"https:\/\/eshop.tca.sk\/de\/wp-json\/wp\/v2\/giftcard-category?post=11831"}],"curies":[{"name":"wp","href":"https:\/\/api.w.org\/{rel}","templated":true}]}}