{"id":12025,"date":"2024-05-07T10:23:53","date_gmt":"2024-05-07T08:23:53","guid":{"rendered":"https:\/\/eshop.tca.sk\/?post_type=product&#038;p=12025"},"modified":"2025-11-26T11:34:35","modified_gmt":"2025-11-26T10:34:35","slug":"schaft-bcm-gunfighter-mod-0-sopmod-mil-spec-schwarz","status":"publish","type":"product","link":"https:\/\/eshop.tca.sk\/de\/waffenzubehoer\/schaft-bcm-gunfighter-mod-0-sopmod-mil-spec-schwarz\/","title":{"rendered":"BCM GUNFIGHTER Mod 0 SOPMOD MIL-SPEC SCHWARZ"},"content":{"rendered":"<h3><strong>BCM GUNFIGHTER Mod 0 SOPMOD MIL-SPEC SCHWARZ<\/strong><\/h3>\n<p>Der <strong>strapazierf\u00e4higste Polymerschaft<\/strong> f\u00fcr Ihren AR ist da!<\/p>\n<ul>\n<li>Das saubere Design ohne scharfe Kanten verhindert ein versehentliches H\u00e4ngenbleiben des Gewehrs in einer Schlinge, einem Molle-Gewebe oder anderer Ausr\u00fcstung.<\/li>\n<li>Modulare VBOST (modulare Anh\u00e4ngevorrichtung f\u00fcr Fahrzeugbetrieb).<\/li>\n<li>2 verschiedene Arten von reversiblen Gurtbefestigungsoptionen, einschlie\u00dflich QD-Drehgelenk.<\/li>\n<li>Integrierter Gummipunkt f\u00fcr sicheren Sitz in der Schulter und erh\u00f6hte Haltbarkeit.<\/li>\n<li>Einfaches modulares Design. 5 Teile und 1 Schraube. Einfach &#8220;Soldat&#8221;.<\/li>\n<li>Erh\u00e4ltlich in Schwarz, flachem Dunkelgr\u00fcn, Blattgr\u00fcn und Wolfsgrau.<\/li>\n<li>Hergestellt in den USA aus hochbest\u00e4ndigen Polymeren.<\/li>\n<\/ul>\n","protected":false},"excerpt":{"rendered":"<p><img loading=\"lazy\" decoding=\"async\" class=\"alignnone wp-image-8298\" src=\"https:\/\/eshop.tca.sk\/wp-content\/uploads\/2023\/03\/bcm-log-bl.png\" alt=\"\" width=\"176\" height=\"42\" srcset=\"https:\/\/eshop.tca.sk\/wp-content\/uploads\/2023\/03\/bcm-log-bl.png 500w, https:\/\/eshop.tca.sk\/wp-content\/uploads\/2023\/03\/bcm-log-bl-300x71.png 300w\" sizes=\"auto, (max-width: 176px) 100vw, 176px\" \/><\/p>\n<p>Der strapazierf\u00e4higste Polymerschaft f\u00fcr Ihren AR ist da!<\/p>\n<p><img loading=\"lazy\" decoding=\"async\" class=\"wp-image-8564 alignnone\" src=\"https:\/\/eshop.tca.sk\/wp-content\/uploads\/2023\/04\/Logo-Whack-Black-White-R-APPROVED.png\" alt=\"\" width=\"138\" height=\"75\" srcset=\"https:\/\/eshop.tca.sk\/wp-content\/uploads\/2023\/04\/Logo-Whack-Black-White-R-APPROVED.png 571w, https:\/\/eshop.tca.sk\/wp-content\/uploads\/2023\/04\/Logo-Whack-Black-White-R-APPROVED-300x163.png 300w\" sizes=\"auto, (max-width: 138px) 100vw, 138px\" \/><\/p>\n<p>Vom <strong>TCA<\/strong> und dem <strong>WHACK<\/strong>-System verwendete und empfohlene Equipment.<\/p>\n","protected":false},"featured_media":12027,"template":"","meta":{"inline_featured_image":false},"product_brand":[],"product_cat":[522,318],"product_tag":[448],"giftcard-category":[],"class_list":{"0":"post-12025","1":"product","2":"type-product","3":"status-publish","4":"has-post-thumbnail","6":"product_cat-schaften","7":"product_cat-waffenzubehoer","8":"product_tag-bcm-de","10":"first","11":"instock","12":"taxable","13":"shipping-taxable","14":"purchasable","15":"product-type-simple"},"yoast_head":"<!-- This site is optimized with the Yoast SEO plugin v26.4 - https:\/\/yoast.com\/wordpress\/plugins\/seo\/ -->\n<title>BCM GUNFIGHTER Mod 0 SOPMOD MIL-SPEC SCHWARZ - TCA eShop - Tactical Combat Academy<\/title>\n<meta name=\"description\" content=\"Der BCM GUNFIGHTER Mod 0 SOPMOD MIL-SPEC BLACK-Schaft hat ein klares Design ohne scharfe Kanten. Verhindert ein versehentliches Verhaken des Gewehrs im Riemen oder in anderer Ausr\u00fcstung.\" \/>\n<meta name=\"robots\" content=\"index, follow, max-snippet:-1, max-image-preview:large, max-video-preview:-1\" \/>\n<link rel=\"canonical\" href=\"https:\/\/eshop.tca.sk\/de\/waffenzubehoer\/schaft-bcm-gunfighter-mod-0-sopmod-mil-spec-schwarz\/\" \/>\n<meta property=\"og:locale\" content=\"de_DE\" \/>\n<meta property=\"og:type\" content=\"article\" \/>\n<meta property=\"og:title\" content=\"BCM GUNFIGHTER Mod 0 SOPMOD MIL-SPEC SCHWARZ - TCA eShop - Tactical Combat Academy\" \/>\n<meta property=\"og:description\" content=\"Der BCM GUNFIGHTER Mod 0 SOPMOD MIL-SPEC BLACK-Schaft hat ein klares Design ohne scharfe Kanten. Verhindert ein versehentliches Verhaken des Gewehrs im Riemen oder in anderer Ausr\u00fcstung.\" \/>\n<meta property=\"og:url\" content=\"https:\/\/eshop.tca.sk\/de\/waffenzubehoer\/schaft-bcm-gunfighter-mod-0-sopmod-mil-spec-schwarz\/\" \/>\n<meta property=\"og:site_name\" content=\"TCA eShop - Tactical Combat Academy\" \/>\n<meta property=\"article:modified_time\" content=\"2025-11-26T10:34:35+00:00\" \/>\n<meta property=\"og:image\" content=\"https:\/\/eshop.tca.sk\/wp-content\/uploads\/2024\/05\/Pazba-BCM-GUNFIGHTER-Mod-0-SOPMOD-MIL-SPEC-BLACK-5.jpg\" \/>\n\t<meta property=\"og:image:width\" content=\"1000\" \/>\n\t<meta property=\"og:image:height\" content=\"1000\" \/>\n\t<meta property=\"og:image:type\" content=\"image\/jpeg\" \/>\n<meta name=\"twitter:card\" content=\"summary_large_image\" \/>\n<script type=\"application\/ld+json\" class=\"yoast-schema-graph\">{\"@context\":\"https:\/\/schema.org\",\"@graph\":[{\"@type\":\"WebPage\",\"@id\":\"https:\/\/eshop.tca.sk\/de\/waffenzubehoer\/schaft-bcm-gunfighter-mod-0-sopmod-mil-spec-schwarz\/\",\"url\":\"https:\/\/eshop.tca.sk\/de\/waffenzubehoer\/schaft-bcm-gunfighter-mod-0-sopmod-mil-spec-schwarz\/\",\"name\":\"BCM GUNFIGHTER Mod 0 SOPMOD MIL-SPEC SCHWARZ - TCA eShop - Tactical Combat Academy\",\"isPartOf\":{\"@id\":\"https:\/\/eshop.tca.sk\/de\/#website\"},\"primaryImageOfPage\":{\"@id\":\"https:\/\/eshop.tca.sk\/de\/waffenzubehoer\/schaft-bcm-gunfighter-mod-0-sopmod-mil-spec-schwarz\/#primaryimage\"},\"image\":{\"@id\":\"https:\/\/eshop.tca.sk\/de\/waffenzubehoer\/schaft-bcm-gunfighter-mod-0-sopmod-mil-spec-schwarz\/#primaryimage\"},\"thumbnailUrl\":\"https:\/\/eshop.tca.sk\/wp-content\/uploads\/2024\/05\/Pazba-BCM-GUNFIGHTER-Mod-0-SOPMOD-MIL-SPEC-BLACK-5.jpg\",\"datePublished\":\"2024-05-07T08:23:53+00:00\",\"dateModified\":\"2025-11-26T10:34:35+00:00\",\"description\":\"Der BCM GUNFIGHTER Mod 0 SOPMOD MIL-SPEC BLACK-Schaft hat ein klares Design ohne scharfe Kanten. Verhindert ein versehentliches Verhaken des Gewehrs im Riemen oder in anderer Ausr\u00fcstung.\",\"breadcrumb\":{\"@id\":\"https:\/\/eshop.tca.sk\/de\/waffenzubehoer\/schaft-bcm-gunfighter-mod-0-sopmod-mil-spec-schwarz\/#breadcrumb\"},\"inLanguage\":\"de\",\"potentialAction\":[{\"@type\":\"ReadAction\",\"target\":[\"https:\/\/eshop.tca.sk\/de\/waffenzubehoer\/schaft-bcm-gunfighter-mod-0-sopmod-mil-spec-schwarz\/\"]}]},{\"@type\":\"ImageObject\",\"inLanguage\":\"de\",\"@id\":\"https:\/\/eshop.tca.sk\/de\/waffenzubehoer\/schaft-bcm-gunfighter-mod-0-sopmod-mil-spec-schwarz\/#primaryimage\",\"url\":\"https:\/\/eshop.tca.sk\/wp-content\/uploads\/2024\/05\/Pazba-BCM-GUNFIGHTER-Mod-0-SOPMOD-MIL-SPEC-BLACK-5.jpg\",\"contentUrl\":\"https:\/\/eshop.tca.sk\/wp-content\/uploads\/2024\/05\/Pazba-BCM-GUNFIGHTER-Mod-0-SOPMOD-MIL-SPEC-BLACK-5.jpg\",\"width\":1000,\"height\":1000,\"caption\":\"Pa\u017eba BCM GUNFIGHTER Mod 0 SOPMOD MIL-SPEC BLACK\"},{\"@type\":\"BreadcrumbList\",\"@id\":\"https:\/\/eshop.tca.sk\/de\/waffenzubehoer\/schaft-bcm-gunfighter-mod-0-sopmod-mil-spec-schwarz\/#breadcrumb\",\"itemListElement\":[{\"@type\":\"ListItem\",\"position\":1,\"name\":\"Domovsk\u00e1 str\u00e1nka\",\"item\":\"https:\/\/eshop.tca.sk\/de\/\"},{\"@type\":\"ListItem\",\"position\":2,\"name\":\"Shop\",\"item\":\"https:\/\/eshop.tca.sk\/de\/shop\/\"},{\"@type\":\"ListItem\",\"position\":3,\"name\":\"BCM GUNFIGHTER Mod 0 SOPMOD MIL-SPEC SCHWARZ\"}]},{\"@type\":\"WebSite\",\"@id\":\"https:\/\/eshop.tca.sk\/de\/#website\",\"url\":\"https:\/\/eshop.tca.sk\/de\/\",\"name\":\"TCA eShop - Tactical Combat Academy\",\"description\":\"Tactical Combat Academy\",\"publisher\":{\"@id\":\"https:\/\/eshop.tca.sk\/de\/#organization\"},\"potentialAction\":[{\"@type\":\"SearchAction\",\"target\":{\"@type\":\"EntryPoint\",\"urlTemplate\":\"https:\/\/eshop.tca.sk\/de\/?s={search_term_string}\"},\"query-input\":{\"@type\":\"PropertyValueSpecification\",\"valueRequired\":true,\"valueName\":\"search_term_string\"}}],\"inLanguage\":\"de\"},{\"@type\":\"Organization\",\"@id\":\"https:\/\/eshop.tca.sk\/de\/#organization\",\"name\":\"TCA eShop - Tactical Combat Academy\",\"url\":\"https:\/\/eshop.tca.sk\/de\/\",\"logo\":{\"@type\":\"ImageObject\",\"inLanguage\":\"de\",\"@id\":\"https:\/\/eshop.tca.sk\/de\/#\/schema\/logo\/image\/\",\"url\":\"https:\/\/eshop.tca.sk\/wp-content\/uploads\/2025\/06\/logo-new-header.png\",\"contentUrl\":\"https:\/\/eshop.tca.sk\/wp-content\/uploads\/2025\/06\/logo-new-header.png\",\"width\":300,\"height\":294,\"caption\":\"TCA eShop - Tactical Combat Academy\"},\"image\":{\"@id\":\"https:\/\/eshop.tca.sk\/de\/#\/schema\/logo\/image\/\"}}]}<\/script>\n<!-- \/ Yoast SEO plugin. -->","yoast_head_json":{"title":"BCM GUNFIGHTER Mod 0 SOPMOD MIL-SPEC SCHWARZ - TCA eShop - Tactical Combat Academy","description":"Der BCM GUNFIGHTER Mod 0 SOPMOD MIL-SPEC BLACK-Schaft hat ein klares Design ohne scharfe Kanten. Verhindert ein versehentliches Verhaken des Gewehrs im Riemen oder in anderer Ausr\u00fcstung.","robots":{"index":"index","follow":"follow","max-snippet":"max-snippet:-1","max-image-preview":"max-image-preview:large","max-video-preview":"max-video-preview:-1"},"canonical":"https:\/\/eshop.tca.sk\/de\/waffenzubehoer\/schaft-bcm-gunfighter-mod-0-sopmod-mil-spec-schwarz\/","og_locale":"de_DE","og_type":"article","og_title":"BCM GUNFIGHTER Mod 0 SOPMOD MIL-SPEC SCHWARZ - TCA eShop - Tactical Combat Academy","og_description":"Der BCM GUNFIGHTER Mod 0 SOPMOD MIL-SPEC BLACK-Schaft hat ein klares Design ohne scharfe Kanten. Verhindert ein versehentliches Verhaken des Gewehrs im Riemen oder in anderer Ausr\u00fcstung.","og_url":"https:\/\/eshop.tca.sk\/de\/waffenzubehoer\/schaft-bcm-gunfighter-mod-0-sopmod-mil-spec-schwarz\/","og_site_name":"TCA eShop - Tactical Combat Academy","article_modified_time":"2025-11-26T10:34:35+00:00","og_image":[{"width":1000,"height":1000,"url":"https:\/\/eshop.tca.sk\/wp-content\/uploads\/2024\/05\/Pazba-BCM-GUNFIGHTER-Mod-0-SOPMOD-MIL-SPEC-BLACK-5.jpg","type":"image\/jpeg"}],"twitter_card":"summary_large_image","schema":{"@context":"https:\/\/schema.org","@graph":[{"@type":"WebPage","@id":"https:\/\/eshop.tca.sk\/de\/waffenzubehoer\/schaft-bcm-gunfighter-mod-0-sopmod-mil-spec-schwarz\/","url":"https:\/\/eshop.tca.sk\/de\/waffenzubehoer\/schaft-bcm-gunfighter-mod-0-sopmod-mil-spec-schwarz\/","name":"BCM GUNFIGHTER Mod 0 SOPMOD MIL-SPEC SCHWARZ - TCA eShop - Tactical Combat Academy","isPartOf":{"@id":"https:\/\/eshop.tca.sk\/de\/#website"},"primaryImageOfPage":{"@id":"https:\/\/eshop.tca.sk\/de\/waffenzubehoer\/schaft-bcm-gunfighter-mod-0-sopmod-mil-spec-schwarz\/#primaryimage"},"image":{"@id":"https:\/\/eshop.tca.sk\/de\/waffenzubehoer\/schaft-bcm-gunfighter-mod-0-sopmod-mil-spec-schwarz\/#primaryimage"},"thumbnailUrl":"https:\/\/eshop.tca.sk\/wp-content\/uploads\/2024\/05\/Pazba-BCM-GUNFIGHTER-Mod-0-SOPMOD-MIL-SPEC-BLACK-5.jpg","datePublished":"2024-05-07T08:23:53+00:00","dateModified":"2025-11-26T10:34:35+00:00","description":"Der BCM GUNFIGHTER Mod 0 SOPMOD MIL-SPEC BLACK-Schaft hat ein klares Design ohne scharfe Kanten. Verhindert ein versehentliches Verhaken des Gewehrs im Riemen oder in anderer Ausr\u00fcstung.","breadcrumb":{"@id":"https:\/\/eshop.tca.sk\/de\/waffenzubehoer\/schaft-bcm-gunfighter-mod-0-sopmod-mil-spec-schwarz\/#breadcrumb"},"inLanguage":"de","potentialAction":[{"@type":"ReadAction","target":["https:\/\/eshop.tca.sk\/de\/waffenzubehoer\/schaft-bcm-gunfighter-mod-0-sopmod-mil-spec-schwarz\/"]}]},{"@type":"ImageObject","inLanguage":"de","@id":"https:\/\/eshop.tca.sk\/de\/waffenzubehoer\/schaft-bcm-gunfighter-mod-0-sopmod-mil-spec-schwarz\/#primaryimage","url":"https:\/\/eshop.tca.sk\/wp-content\/uploads\/2024\/05\/Pazba-BCM-GUNFIGHTER-Mod-0-SOPMOD-MIL-SPEC-BLACK-5.jpg","contentUrl":"https:\/\/eshop.tca.sk\/wp-content\/uploads\/2024\/05\/Pazba-BCM-GUNFIGHTER-Mod-0-SOPMOD-MIL-SPEC-BLACK-5.jpg","width":1000,"height":1000,"caption":"Pa\u017eba BCM GUNFIGHTER Mod 0 SOPMOD MIL-SPEC BLACK"},{"@type":"BreadcrumbList","@id":"https:\/\/eshop.tca.sk\/de\/waffenzubehoer\/schaft-bcm-gunfighter-mod-0-sopmod-mil-spec-schwarz\/#breadcrumb","itemListElement":[{"@type":"ListItem","position":1,"name":"Domovsk\u00e1 str\u00e1nka","item":"https:\/\/eshop.tca.sk\/de\/"},{"@type":"ListItem","position":2,"name":"Shop","item":"https:\/\/eshop.tca.sk\/de\/shop\/"},{"@type":"ListItem","position":3,"name":"BCM GUNFIGHTER Mod 0 SOPMOD MIL-SPEC SCHWARZ"}]},{"@type":"WebSite","@id":"https:\/\/eshop.tca.sk\/de\/#website","url":"https:\/\/eshop.tca.sk\/de\/","name":"TCA eShop - Tactical Combat Academy","description":"Tactical Combat Academy","publisher":{"@id":"https:\/\/eshop.tca.sk\/de\/#organization"},"potentialAction":[{"@type":"SearchAction","target":{"@type":"EntryPoint","urlTemplate":"https:\/\/eshop.tca.sk\/de\/?s={search_term_string}"},"query-input":{"@type":"PropertyValueSpecification","valueRequired":true,"valueName":"search_term_string"}}],"inLanguage":"de"},{"@type":"Organization","@id":"https:\/\/eshop.tca.sk\/de\/#organization","name":"TCA eShop - Tactical Combat Academy","url":"https:\/\/eshop.tca.sk\/de\/","logo":{"@type":"ImageObject","inLanguage":"de","@id":"https:\/\/eshop.tca.sk\/de\/#\/schema\/logo\/image\/","url":"https:\/\/eshop.tca.sk\/wp-content\/uploads\/2025\/06\/logo-new-header.png","contentUrl":"https:\/\/eshop.tca.sk\/wp-content\/uploads\/2025\/06\/logo-new-header.png","width":300,"height":294,"caption":"TCA eShop - Tactical Combat Academy"},"image":{"@id":"https:\/\/eshop.tca.sk\/de\/#\/schema\/logo\/image\/"}}]}},"_links":{"self":[{"href":"https:\/\/eshop.tca.sk\/de\/wp-json\/wp\/v2\/product\/12025","targetHints":{"allow":["GET"]}}],"collection":[{"href":"https:\/\/eshop.tca.sk\/de\/wp-json\/wp\/v2\/product"}],"about":[{"href":"https:\/\/eshop.tca.sk\/de\/wp-json\/wp\/v2\/types\/product"}],"wp:featuredmedia":[{"embeddable":true,"href":"https:\/\/eshop.tca.sk\/de\/wp-json\/wp\/v2\/media\/12027"}],"wp:attachment":[{"href":"https:\/\/eshop.tca.sk\/de\/wp-json\/wp\/v2\/media?parent=12025"}],"wp:term":[{"taxonomy":"product_brand","embeddable":true,"href":"https:\/\/eshop.tca.sk\/de\/wp-json\/wp\/v2\/product_brand?post=12025"},{"taxonomy":"product_cat","embeddable":true,"href":"https:\/\/eshop.tca.sk\/de\/wp-json\/wp\/v2\/product_cat?post=12025"},{"taxonomy":"product_tag","embeddable":true,"href":"https:\/\/eshop.tca.sk\/de\/wp-json\/wp\/v2\/product_tag?post=12025"},{"taxonomy":"giftcard-category","embeddable":true,"href":"https:\/\/eshop.tca.sk\/de\/wp-json\/wp\/v2\/giftcard-category?post=12025"}],"curies":[{"name":"wp","href":"https:\/\/api.w.org\/{rel}","templated":true}]}}