{"id":12037,"date":"2024-05-07T10:40:59","date_gmt":"2024-05-07T08:40:59","guid":{"rendered":"https:\/\/eshop.tca.sk\/?post_type=product&#038;p=12037"},"modified":"2025-11-26T11:34:12","modified_gmt":"2025-11-26T10:34:12","slug":"waffenlampe-surefire-6px-tactical-black","status":"publish","type":"product","link":"https:\/\/eshop.tca.sk\/de\/lampen\/waffenlampe-surefire-6px-tactical-black\/","title":{"rendered":"Waffenlicht Surefire 6PX Tactical Black"},"content":{"rendered":"<h3>Waffenlicht Surefire 6PX Tactical Black<\/h3>\n<p>Bleiben Sie Ihren Wurzeln treu. <strong>Die Surefire 6PX Tactical Black Waffenlampe<\/strong> ist modern und klassisch zugleich. Basierend auf der SureFire 6P, die vor mehr als 30 Jahren die kompakte, lichtstarke Taschenlampe erfunden hat, bietet sie eine einzige Leistungsstufe &#8211; einen brillanten, durchdringenden 600-Lumen-Strahl &#8211; ein Mil-Spec-Geh\u00e4use aus hartanodisiertem Aluminium und unseren klassischen Click-End-Schalter. Dr\u00fccken oder klicken Sie einfach, um den parabolischen Reflektor mit 600 Lumen zu aktivieren, der f\u00fcr einen weitreichenden Lichtstrahl sorgt und gleichzeitig die Umgebung gut ausleuchtet. Das 6PX Tactical hat eine lange Tradition und steht f\u00fcr taktische Exzellenz auf h\u00f6chstem Niveau.<\/p>\n<h4><strong>Eigenschaften<\/strong><\/h4>\n<ul>\n<li>\u00c4u\u00dferst vielseitiges Licht, das als allt\u00e4gliches Tragelicht oder als improvisiertes Waffenlicht dient<\/li>\n<li>Praktisch unzerst\u00f6rbare LED-Beleuchtung, die f\u00fcr maximale Leistung und Laufzeit reguliert wird<\/li>\n<li>Brillante H\u00f6chstleistung auf taktischer Ebene<\/li>\n<li>Pr\u00e4zisionsreflektor erzeugt einen gleichm\u00e4\u00dfigen, optimierten Strahl mit gro\u00dfer Reichweite und Umgebungslicht<\/li>\n<li>O-Ring-Dichtung und wetterfeste Dichtung f\u00fcr Wasser- und Wetterschutz<\/li>\n<\/ul>\n<p><iframe loading=\"lazy\" title=\"SureFire 6PX Tactical\" width=\"1170\" height=\"658\" src=\"https:\/\/www.youtube.com\/embed\/OaBCpl--Rh8?feature=oembed\" frameborder=\"0\" allow=\"accelerometer; autoplay; clipboard-write; encrypted-media; gyroscope; picture-in-picture; web-share\" referrerpolicy=\"strict-origin-when-cross-origin\" allowfullscreen><\/iframe><\/p>\n","protected":false},"excerpt":{"rendered":"<p><img loading=\"lazy\" decoding=\"async\" class=\"alignnone size-full wp-image-7419\" src=\"https:\/\/eshop.tca.sk\/wp-content\/uploads\/2022\/12\/SureFire_Logo.png\" alt=\"\" width=\"150\" height=\"44\"><\/p>\n<p>Bleiben Sie Ihren Wurzeln treu. <strong>Der 6PX<\/strong> Tactical ist modern und klassisch zugleich. Basierend auf der SureFire 6P, der Erfinderin der kompakten, lichtstarken Taschenlampe vor mehr als 30 Jahren<\/p>\n<p><img loading=\"lazy\" decoding=\"async\" class=\"wp-image-8564 alignnone\" src=\"https:\/\/eshop.tca.sk\/wp-content\/uploads\/2023\/04\/Logo-Whack-Black-White-R-APPROVED.png\" alt=\"\" width=\"138\" height=\"75\" srcset=\"https:\/\/eshop.tca.sk\/wp-content\/uploads\/2023\/04\/Logo-Whack-Black-White-R-APPROVED.png 571w, https:\/\/eshop.tca.sk\/wp-content\/uploads\/2023\/04\/Logo-Whack-Black-White-R-APPROVED-300x163.png 300w\" sizes=\"auto, (max-width: 138px) 100vw, 138px\" \/><\/p>\n<p>Vom <strong>TCA<\/strong> und dem <strong>WHACK<\/strong>-System verwendete und empfohlene Equipment.<\/p>\n","protected":false},"featured_media":12047,"template":"","meta":{"inline_featured_image":false},"product_brand":[],"product_cat":[293],"product_tag":[294],"giftcard-category":[],"class_list":{"0":"post-12037","1":"product","2":"type-product","3":"status-publish","4":"has-post-thumbnail","6":"product_cat-lampen","7":"product_tag-surefire-de","9":"first","10":"outofstock","11":"taxable","12":"shipping-taxable","13":"purchasable","14":"product-type-simple"},"yoast_head":"<!-- This site is optimized with the Yoast SEO plugin v26.4 - https:\/\/yoast.com\/wordpress\/plugins\/seo\/ -->\n<title>Waffenlicht Surefire 6PX Tactical Black - TCA eShop - Tactical Combat Academy<\/title>\n<meta name=\"description\" content=\"Die Surefire 6PX Tactical Black Waffenlampe basiert auf dem Modell SureFire 6P, das vor mehr als 30 Jahren eine kompakte Waffenlampe mit hoher Leuchtkraft erfunden hat.\" \/>\n<meta name=\"robots\" content=\"index, follow, max-snippet:-1, max-image-preview:large, max-video-preview:-1\" \/>\n<link rel=\"canonical\" href=\"https:\/\/eshop.tca.sk\/de\/lampen\/waffenlampe-surefire-6px-tactical-black\/\" \/>\n<meta property=\"og:locale\" content=\"de_DE\" \/>\n<meta property=\"og:type\" content=\"article\" \/>\n<meta property=\"og:title\" content=\"Waffenlicht Surefire 6PX Tactical Black - TCA eShop - Tactical Combat Academy\" \/>\n<meta property=\"og:description\" content=\"Die Surefire 6PX Tactical Black Waffenlampe basiert auf dem Modell SureFire 6P, das vor mehr als 30 Jahren eine kompakte Waffenlampe mit hoher Leuchtkraft erfunden hat.\" \/>\n<meta property=\"og:url\" content=\"https:\/\/eshop.tca.sk\/de\/lampen\/waffenlampe-surefire-6px-tactical-black\/\" \/>\n<meta property=\"og:site_name\" content=\"TCA eShop - Tactical Combat Academy\" \/>\n<meta property=\"article:modified_time\" content=\"2025-11-26T10:34:12+00:00\" \/>\n<meta property=\"og:image\" content=\"https:\/\/eshop.tca.sk\/wp-content\/uploads\/2024\/05\/Zbranove-svietidlo-Surefire-6PX-Tactical-Black-1.jpg\" \/>\n\t<meta property=\"og:image:width\" content=\"1500\" \/>\n\t<meta property=\"og:image:height\" content=\"1500\" \/>\n\t<meta property=\"og:image:type\" content=\"image\/jpeg\" \/>\n<meta name=\"twitter:card\" content=\"summary_large_image\" \/>\n<script type=\"application\/ld+json\" class=\"yoast-schema-graph\">{\"@context\":\"https:\/\/schema.org\",\"@graph\":[{\"@type\":\"WebPage\",\"@id\":\"https:\/\/eshop.tca.sk\/de\/lampen\/waffenlampe-surefire-6px-tactical-black\/\",\"url\":\"https:\/\/eshop.tca.sk\/de\/lampen\/waffenlampe-surefire-6px-tactical-black\/\",\"name\":\"Waffenlicht Surefire 6PX Tactical Black - TCA eShop - Tactical Combat Academy\",\"isPartOf\":{\"@id\":\"https:\/\/eshop.tca.sk\/de\/#website\"},\"primaryImageOfPage\":{\"@id\":\"https:\/\/eshop.tca.sk\/de\/lampen\/waffenlampe-surefire-6px-tactical-black\/#primaryimage\"},\"image\":{\"@id\":\"https:\/\/eshop.tca.sk\/de\/lampen\/waffenlampe-surefire-6px-tactical-black\/#primaryimage\"},\"thumbnailUrl\":\"https:\/\/eshop.tca.sk\/wp-content\/uploads\/2024\/05\/Zbranove-svietidlo-Surefire-6PX-Tactical-Black-1.jpg\",\"datePublished\":\"2024-05-07T08:40:59+00:00\",\"dateModified\":\"2025-11-26T10:34:12+00:00\",\"description\":\"Die Surefire 6PX Tactical Black Waffenlampe basiert auf dem Modell SureFire 6P, das vor mehr als 30 Jahren eine kompakte Waffenlampe mit hoher Leuchtkraft erfunden hat.\",\"breadcrumb\":{\"@id\":\"https:\/\/eshop.tca.sk\/de\/lampen\/waffenlampe-surefire-6px-tactical-black\/#breadcrumb\"},\"inLanguage\":\"de\",\"potentialAction\":[{\"@type\":\"ReadAction\",\"target\":[\"https:\/\/eshop.tca.sk\/de\/lampen\/waffenlampe-surefire-6px-tactical-black\/\"]}]},{\"@type\":\"ImageObject\",\"inLanguage\":\"de\",\"@id\":\"https:\/\/eshop.tca.sk\/de\/lampen\/waffenlampe-surefire-6px-tactical-black\/#primaryimage\",\"url\":\"https:\/\/eshop.tca.sk\/wp-content\/uploads\/2024\/05\/Zbranove-svietidlo-Surefire-6PX-Tactical-Black-1.jpg\",\"contentUrl\":\"https:\/\/eshop.tca.sk\/wp-content\/uploads\/2024\/05\/Zbranove-svietidlo-Surefire-6PX-Tactical-Black-1.jpg\",\"width\":1500,\"height\":1500,\"caption\":\"Svietidlo Surefire 6PX Tactical Black\"},{\"@type\":\"BreadcrumbList\",\"@id\":\"https:\/\/eshop.tca.sk\/de\/lampen\/waffenlampe-surefire-6px-tactical-black\/#breadcrumb\",\"itemListElement\":[{\"@type\":\"ListItem\",\"position\":1,\"name\":\"Domovsk\u00e1 str\u00e1nka\",\"item\":\"https:\/\/eshop.tca.sk\/de\/\"},{\"@type\":\"ListItem\",\"position\":2,\"name\":\"Shop\",\"item\":\"https:\/\/eshop.tca.sk\/de\/shop\/\"},{\"@type\":\"ListItem\",\"position\":3,\"name\":\"Waffenlicht Surefire 6PX Tactical Black\"}]},{\"@type\":\"WebSite\",\"@id\":\"https:\/\/eshop.tca.sk\/de\/#website\",\"url\":\"https:\/\/eshop.tca.sk\/de\/\",\"name\":\"TCA eShop - Tactical Combat Academy\",\"description\":\"Tactical Combat Academy\",\"publisher\":{\"@id\":\"https:\/\/eshop.tca.sk\/de\/#organization\"},\"potentialAction\":[{\"@type\":\"SearchAction\",\"target\":{\"@type\":\"EntryPoint\",\"urlTemplate\":\"https:\/\/eshop.tca.sk\/de\/?s={search_term_string}\"},\"query-input\":{\"@type\":\"PropertyValueSpecification\",\"valueRequired\":true,\"valueName\":\"search_term_string\"}}],\"inLanguage\":\"de\"},{\"@type\":\"Organization\",\"@id\":\"https:\/\/eshop.tca.sk\/de\/#organization\",\"name\":\"TCA eShop - Tactical Combat Academy\",\"url\":\"https:\/\/eshop.tca.sk\/de\/\",\"logo\":{\"@type\":\"ImageObject\",\"inLanguage\":\"de\",\"@id\":\"https:\/\/eshop.tca.sk\/de\/#\/schema\/logo\/image\/\",\"url\":\"https:\/\/eshop.tca.sk\/wp-content\/uploads\/2025\/06\/logo-new-header.png\",\"contentUrl\":\"https:\/\/eshop.tca.sk\/wp-content\/uploads\/2025\/06\/logo-new-header.png\",\"width\":300,\"height\":294,\"caption\":\"TCA eShop - Tactical Combat Academy\"},\"image\":{\"@id\":\"https:\/\/eshop.tca.sk\/de\/#\/schema\/logo\/image\/\"}}]}<\/script>\n<!-- \/ Yoast SEO plugin. -->","yoast_head_json":{"title":"Waffenlicht Surefire 6PX Tactical Black - TCA eShop - Tactical Combat Academy","description":"Die Surefire 6PX Tactical Black Waffenlampe basiert auf dem Modell SureFire 6P, das vor mehr als 30 Jahren eine kompakte Waffenlampe mit hoher Leuchtkraft erfunden hat.","robots":{"index":"index","follow":"follow","max-snippet":"max-snippet:-1","max-image-preview":"max-image-preview:large","max-video-preview":"max-video-preview:-1"},"canonical":"https:\/\/eshop.tca.sk\/de\/lampen\/waffenlampe-surefire-6px-tactical-black\/","og_locale":"de_DE","og_type":"article","og_title":"Waffenlicht Surefire 6PX Tactical Black - TCA eShop - Tactical Combat Academy","og_description":"Die Surefire 6PX Tactical Black Waffenlampe basiert auf dem Modell SureFire 6P, das vor mehr als 30 Jahren eine kompakte Waffenlampe mit hoher Leuchtkraft erfunden hat.","og_url":"https:\/\/eshop.tca.sk\/de\/lampen\/waffenlampe-surefire-6px-tactical-black\/","og_site_name":"TCA eShop - Tactical Combat Academy","article_modified_time":"2025-11-26T10:34:12+00:00","og_image":[{"width":1500,"height":1500,"url":"https:\/\/eshop.tca.sk\/wp-content\/uploads\/2024\/05\/Zbranove-svietidlo-Surefire-6PX-Tactical-Black-1.jpg","type":"image\/jpeg"}],"twitter_card":"summary_large_image","schema":{"@context":"https:\/\/schema.org","@graph":[{"@type":"WebPage","@id":"https:\/\/eshop.tca.sk\/de\/lampen\/waffenlampe-surefire-6px-tactical-black\/","url":"https:\/\/eshop.tca.sk\/de\/lampen\/waffenlampe-surefire-6px-tactical-black\/","name":"Waffenlicht Surefire 6PX Tactical Black - TCA eShop - Tactical Combat Academy","isPartOf":{"@id":"https:\/\/eshop.tca.sk\/de\/#website"},"primaryImageOfPage":{"@id":"https:\/\/eshop.tca.sk\/de\/lampen\/waffenlampe-surefire-6px-tactical-black\/#primaryimage"},"image":{"@id":"https:\/\/eshop.tca.sk\/de\/lampen\/waffenlampe-surefire-6px-tactical-black\/#primaryimage"},"thumbnailUrl":"https:\/\/eshop.tca.sk\/wp-content\/uploads\/2024\/05\/Zbranove-svietidlo-Surefire-6PX-Tactical-Black-1.jpg","datePublished":"2024-05-07T08:40:59+00:00","dateModified":"2025-11-26T10:34:12+00:00","description":"Die Surefire 6PX Tactical Black Waffenlampe basiert auf dem Modell SureFire 6P, das vor mehr als 30 Jahren eine kompakte Waffenlampe mit hoher Leuchtkraft erfunden hat.","breadcrumb":{"@id":"https:\/\/eshop.tca.sk\/de\/lampen\/waffenlampe-surefire-6px-tactical-black\/#breadcrumb"},"inLanguage":"de","potentialAction":[{"@type":"ReadAction","target":["https:\/\/eshop.tca.sk\/de\/lampen\/waffenlampe-surefire-6px-tactical-black\/"]}]},{"@type":"ImageObject","inLanguage":"de","@id":"https:\/\/eshop.tca.sk\/de\/lampen\/waffenlampe-surefire-6px-tactical-black\/#primaryimage","url":"https:\/\/eshop.tca.sk\/wp-content\/uploads\/2024\/05\/Zbranove-svietidlo-Surefire-6PX-Tactical-Black-1.jpg","contentUrl":"https:\/\/eshop.tca.sk\/wp-content\/uploads\/2024\/05\/Zbranove-svietidlo-Surefire-6PX-Tactical-Black-1.jpg","width":1500,"height":1500,"caption":"Svietidlo Surefire 6PX Tactical Black"},{"@type":"BreadcrumbList","@id":"https:\/\/eshop.tca.sk\/de\/lampen\/waffenlampe-surefire-6px-tactical-black\/#breadcrumb","itemListElement":[{"@type":"ListItem","position":1,"name":"Domovsk\u00e1 str\u00e1nka","item":"https:\/\/eshop.tca.sk\/de\/"},{"@type":"ListItem","position":2,"name":"Shop","item":"https:\/\/eshop.tca.sk\/de\/shop\/"},{"@type":"ListItem","position":3,"name":"Waffenlicht Surefire 6PX Tactical Black"}]},{"@type":"WebSite","@id":"https:\/\/eshop.tca.sk\/de\/#website","url":"https:\/\/eshop.tca.sk\/de\/","name":"TCA eShop - Tactical Combat Academy","description":"Tactical Combat Academy","publisher":{"@id":"https:\/\/eshop.tca.sk\/de\/#organization"},"potentialAction":[{"@type":"SearchAction","target":{"@type":"EntryPoint","urlTemplate":"https:\/\/eshop.tca.sk\/de\/?s={search_term_string}"},"query-input":{"@type":"PropertyValueSpecification","valueRequired":true,"valueName":"search_term_string"}}],"inLanguage":"de"},{"@type":"Organization","@id":"https:\/\/eshop.tca.sk\/de\/#organization","name":"TCA eShop - Tactical Combat Academy","url":"https:\/\/eshop.tca.sk\/de\/","logo":{"@type":"ImageObject","inLanguage":"de","@id":"https:\/\/eshop.tca.sk\/de\/#\/schema\/logo\/image\/","url":"https:\/\/eshop.tca.sk\/wp-content\/uploads\/2025\/06\/logo-new-header.png","contentUrl":"https:\/\/eshop.tca.sk\/wp-content\/uploads\/2025\/06\/logo-new-header.png","width":300,"height":294,"caption":"TCA eShop - Tactical Combat Academy"},"image":{"@id":"https:\/\/eshop.tca.sk\/de\/#\/schema\/logo\/image\/"}}]}},"_links":{"self":[{"href":"https:\/\/eshop.tca.sk\/de\/wp-json\/wp\/v2\/product\/12037","targetHints":{"allow":["GET"]}}],"collection":[{"href":"https:\/\/eshop.tca.sk\/de\/wp-json\/wp\/v2\/product"}],"about":[{"href":"https:\/\/eshop.tca.sk\/de\/wp-json\/wp\/v2\/types\/product"}],"wp:featuredmedia":[{"embeddable":true,"href":"https:\/\/eshop.tca.sk\/de\/wp-json\/wp\/v2\/media\/12047"}],"wp:attachment":[{"href":"https:\/\/eshop.tca.sk\/de\/wp-json\/wp\/v2\/media?parent=12037"}],"wp:term":[{"taxonomy":"product_brand","embeddable":true,"href":"https:\/\/eshop.tca.sk\/de\/wp-json\/wp\/v2\/product_brand?post=12037"},{"taxonomy":"product_cat","embeddable":true,"href":"https:\/\/eshop.tca.sk\/de\/wp-json\/wp\/v2\/product_cat?post=12037"},{"taxonomy":"product_tag","embeddable":true,"href":"https:\/\/eshop.tca.sk\/de\/wp-json\/wp\/v2\/product_tag?post=12037"},{"taxonomy":"giftcard-category","embeddable":true,"href":"https:\/\/eshop.tca.sk\/de\/wp-json\/wp\/v2\/giftcard-category?post=12037"}],"curies":[{"name":"wp","href":"https:\/\/api.w.org\/{rel}","templated":true}]}}