{"id":12235,"date":"2024-05-13T17:30:46","date_gmt":"2024-05-13T15:30:46","guid":{"rendered":"https:\/\/eshop.tca.sk\/?post_type=product&#038;p=12235"},"modified":"2025-12-12T14:11:20","modified_gmt":"2025-12-12T13:11:20","slug":"montage-glock-mos-fur-acro-aimpoint","status":"publish","type":"product","link":"https:\/\/eshop.tca.sk\/de\/waffenzubehoer\/montage-glock-mos-fur-acro-aimpoint\/","title":{"rendered":"GLOCK MOS-Montage f\u00fcr ACRO Aimpoint"},"content":{"rendered":"<h3 class=\"mt-4 mb-8 text-4xl font-bold tracking-normal\"><strong>GLOCK MOS-Montage f\u00fcr ACRO Aimpoint<\/strong><\/h3>\n<div dir=\"ltr\" data-placeholder=\"Preklad\">\n<h4><strong>Einfache Installation und Zuverl\u00e4ssigkeit<\/strong><\/h4>\n<p>Der Aimpoint ACRO Montageadapter ist sehr einfach zu installieren. Er wurde speziell f\u00fcr die Befestigung des Aimpoint ACRO Kollimators an GLOCK Pistolen mit MOS (Modular Optic System) entwickelt. Der Adapter wird an einer speziellen Stelle an der M\u00fcndung der Pistole angebracht, an der das Visier befestigt werden soll. Wir empfehlen, die Montage von einem guten B\u00fcchsenmacher durchf\u00fchren zu lassen.<\/p>\n<h4><strong>Vom Milit\u00e4r und normalen Benutzern gleicherma\u00dfen gesch\u00e4tzt<\/strong><\/h4>\n<p>Aimpoint ist ein schwedisches Optikunternehmen, das sich auf die Herstellung von Rotpunktvisieren spezialisiert hat. Aimpoint ist stolz auf die hochwertigen Materialien, die Funktionalit\u00e4t und die Haltbarkeit seiner Produkte. Das Unternehmen ist ein Lieferant des US-Milit\u00e4rs und seine Produkte werden sowohl von den Streitkr\u00e4ften als auch von J\u00e4gern und Sportsch\u00fctzen auf der ganzen Welt verwendet.<\/p>\n<h4><strong>Vorteile, die Sie kennen sollten:<\/strong><\/h4>\n<ul>\n<li>einfache Montage<\/li>\n<li>f\u00fcr GLOCK Pistolen mit MOS (Modular Optic System)<\/li>\n<li>f\u00fcr die Montage des Aimpoint ACRO Kollimators<\/li>\n<li>Aero Interface Befestigungsschnittstelle<\/li>\n<li>Schwedischer Hersteller<\/li>\n<\/ul>\n<\/div>\n","protected":false},"excerpt":{"rendered":"<p>&nbsp;<\/p>\n<p>Der Aimpoint ACRO Montageadapter ist sehr einfach zu installieren. Er wurde speziell f\u00fcr die Befestigung des Aimpoint ACRO Kollimators an GLOCK Pistolen mit MOS (Modular Optic System) entwickelt.<\/p>\n<p><img loading=\"lazy\" decoding=\"async\" class=\"wp-image-8564 alignnone\" src=\"https:\/\/eshop.tca.sk\/wp-content\/uploads\/2023\/04\/Logo-Whack-Black-White-R-APPROVED.png\" alt=\"\" width=\"138\" height=\"75\" srcset=\"https:\/\/eshop.tca.sk\/wp-content\/uploads\/2023\/04\/Logo-Whack-Black-White-R-APPROVED.png 571w, https:\/\/eshop.tca.sk\/wp-content\/uploads\/2023\/04\/Logo-Whack-Black-White-R-APPROVED-300x163.png 300w\" sizes=\"auto, (max-width: 138px) 100vw, 138px\" \/><\/p>\n<p>Vom <a href=\"https:\/\/www.tca.sk\/\"><strong>TCA<\/strong><\/a> und dem <strong><a href=\"https:\/\/www.tca.sk\/profil\/ako-zacat-s-kurzami\">WHACK-System<\/a><\/strong> verwendete und empfohlene Equipment.<\/p>\n","protected":false},"featured_media":12237,"template":"","meta":{"inline_featured_image":false},"product_brand":[],"product_cat":[463,318],"product_tag":[376],"giftcard-category":[],"class_list":{"0":"post-12235","1":"product","2":"type-product","3":"status-publish","4":"has-post-thumbnail","6":"product_cat-montage","7":"product_cat-waffenzubehoer","8":"product_tag-aimpoint-de","10":"first","11":"outofstock","12":"taxable","13":"shipping-taxable","14":"purchasable","15":"product-type-simple"},"yoast_head":"<!-- This site is optimized with the Yoast SEO plugin v26.4 - https:\/\/yoast.com\/wordpress\/plugins\/seo\/ -->\n<title>GLOCK MOS-Montage f\u00fcr ACRO Aimpoint - TCA eShop - Tactical Combat Academy<\/title>\n<meta name=\"description\" content=\"Der Aimpoint ACRO Montageadapter ist sehr einfach zu installieren. Er wurde speziell f\u00fcr die Befestigung des Aimpoint ACRO Kollimators an GLOCK Pistolen mit MOS (Modular Optic System) entwickelt.\" \/>\n<meta name=\"robots\" content=\"index, follow, max-snippet:-1, max-image-preview:large, max-video-preview:-1\" \/>\n<link rel=\"canonical\" href=\"https:\/\/eshop.tca.sk\/de\/waffenzubehoer\/montage-glock-mos-fur-acro-aimpoint\/\" \/>\n<meta property=\"og:locale\" content=\"de_DE\" \/>\n<meta property=\"og:type\" content=\"article\" \/>\n<meta property=\"og:title\" content=\"GLOCK MOS-Montage f\u00fcr ACRO Aimpoint - TCA eShop - Tactical Combat Academy\" \/>\n<meta property=\"og:description\" content=\"Der Aimpoint ACRO Montageadapter ist sehr einfach zu installieren. Er wurde speziell f\u00fcr die Befestigung des Aimpoint ACRO Kollimators an GLOCK Pistolen mit MOS (Modular Optic System) entwickelt.\" \/>\n<meta property=\"og:url\" content=\"https:\/\/eshop.tca.sk\/de\/waffenzubehoer\/montage-glock-mos-fur-acro-aimpoint\/\" \/>\n<meta property=\"og:site_name\" content=\"TCA eShop - Tactical Combat Academy\" \/>\n<meta property=\"article:modified_time\" content=\"2025-12-12T13:11:20+00:00\" \/>\n<meta property=\"og:image\" content=\"https:\/\/eshop.tca.sk\/wp-content\/uploads\/2024\/05\/Montaz-GLOCK-MOS-pro-ACRO-Aimpoint.jpg\" \/>\n\t<meta property=\"og:image:width\" content=\"1280\" \/>\n\t<meta property=\"og:image:height\" content=\"1280\" \/>\n\t<meta property=\"og:image:type\" content=\"image\/jpeg\" \/>\n<meta name=\"twitter:card\" content=\"summary_large_image\" \/>\n<script type=\"application\/ld+json\" class=\"yoast-schema-graph\">{\"@context\":\"https:\/\/schema.org\",\"@graph\":[{\"@type\":\"WebPage\",\"@id\":\"https:\/\/eshop.tca.sk\/de\/waffenzubehoer\/montage-glock-mos-fur-acro-aimpoint\/\",\"url\":\"https:\/\/eshop.tca.sk\/de\/waffenzubehoer\/montage-glock-mos-fur-acro-aimpoint\/\",\"name\":\"GLOCK MOS-Montage f\u00fcr ACRO Aimpoint - TCA eShop - Tactical Combat Academy\",\"isPartOf\":{\"@id\":\"https:\/\/eshop.tca.sk\/de\/#website\"},\"primaryImageOfPage\":{\"@id\":\"https:\/\/eshop.tca.sk\/de\/waffenzubehoer\/montage-glock-mos-fur-acro-aimpoint\/#primaryimage\"},\"image\":{\"@id\":\"https:\/\/eshop.tca.sk\/de\/waffenzubehoer\/montage-glock-mos-fur-acro-aimpoint\/#primaryimage\"},\"thumbnailUrl\":\"https:\/\/eshop.tca.sk\/wp-content\/uploads\/2024\/05\/Montaz-GLOCK-MOS-pro-ACRO-Aimpoint.jpg\",\"datePublished\":\"2024-05-13T15:30:46+00:00\",\"dateModified\":\"2025-12-12T13:11:20+00:00\",\"description\":\"Der Aimpoint ACRO Montageadapter ist sehr einfach zu installieren. Er wurde speziell f\u00fcr die Befestigung des Aimpoint ACRO Kollimators an GLOCK Pistolen mit MOS (Modular Optic System) entwickelt.\",\"breadcrumb\":{\"@id\":\"https:\/\/eshop.tca.sk\/de\/waffenzubehoer\/montage-glock-mos-fur-acro-aimpoint\/#breadcrumb\"},\"inLanguage\":\"de\",\"potentialAction\":[{\"@type\":\"ReadAction\",\"target\":[\"https:\/\/eshop.tca.sk\/de\/waffenzubehoer\/montage-glock-mos-fur-acro-aimpoint\/\"]}]},{\"@type\":\"ImageObject\",\"inLanguage\":\"de\",\"@id\":\"https:\/\/eshop.tca.sk\/de\/waffenzubehoer\/montage-glock-mos-fur-acro-aimpoint\/#primaryimage\",\"url\":\"https:\/\/eshop.tca.sk\/wp-content\/uploads\/2024\/05\/Montaz-GLOCK-MOS-pro-ACRO-Aimpoint.jpg\",\"contentUrl\":\"https:\/\/eshop.tca.sk\/wp-content\/uploads\/2024\/05\/Montaz-GLOCK-MOS-pro-ACRO-Aimpoint.jpg\",\"width\":1280,\"height\":1280},{\"@type\":\"BreadcrumbList\",\"@id\":\"https:\/\/eshop.tca.sk\/de\/waffenzubehoer\/montage-glock-mos-fur-acro-aimpoint\/#breadcrumb\",\"itemListElement\":[{\"@type\":\"ListItem\",\"position\":1,\"name\":\"Domovsk\u00e1 str\u00e1nka\",\"item\":\"https:\/\/eshop.tca.sk\/de\/\"},{\"@type\":\"ListItem\",\"position\":2,\"name\":\"Shop\",\"item\":\"https:\/\/eshop.tca.sk\/de\/shop\/\"},{\"@type\":\"ListItem\",\"position\":3,\"name\":\"GLOCK MOS-Montage f\u00fcr ACRO Aimpoint\"}]},{\"@type\":\"WebSite\",\"@id\":\"https:\/\/eshop.tca.sk\/de\/#website\",\"url\":\"https:\/\/eshop.tca.sk\/de\/\",\"name\":\"TCA eShop - Tactical Combat Academy\",\"description\":\"Tactical Combat Academy\",\"publisher\":{\"@id\":\"https:\/\/eshop.tca.sk\/de\/#organization\"},\"potentialAction\":[{\"@type\":\"SearchAction\",\"target\":{\"@type\":\"EntryPoint\",\"urlTemplate\":\"https:\/\/eshop.tca.sk\/de\/?s={search_term_string}\"},\"query-input\":{\"@type\":\"PropertyValueSpecification\",\"valueRequired\":true,\"valueName\":\"search_term_string\"}}],\"inLanguage\":\"de\"},{\"@type\":\"Organization\",\"@id\":\"https:\/\/eshop.tca.sk\/de\/#organization\",\"name\":\"TCA eShop - Tactical Combat Academy\",\"url\":\"https:\/\/eshop.tca.sk\/de\/\",\"logo\":{\"@type\":\"ImageObject\",\"inLanguage\":\"de\",\"@id\":\"https:\/\/eshop.tca.sk\/de\/#\/schema\/logo\/image\/\",\"url\":\"https:\/\/eshop.tca.sk\/wp-content\/uploads\/2025\/06\/logo-new-header.png\",\"contentUrl\":\"https:\/\/eshop.tca.sk\/wp-content\/uploads\/2025\/06\/logo-new-header.png\",\"width\":300,\"height\":294,\"caption\":\"TCA eShop - Tactical Combat Academy\"},\"image\":{\"@id\":\"https:\/\/eshop.tca.sk\/de\/#\/schema\/logo\/image\/\"}}]}<\/script>\n<!-- \/ Yoast SEO plugin. -->","yoast_head_json":{"title":"GLOCK MOS-Montage f\u00fcr ACRO Aimpoint - TCA eShop - Tactical Combat Academy","description":"Der Aimpoint ACRO Montageadapter ist sehr einfach zu installieren. Er wurde speziell f\u00fcr die Befestigung des Aimpoint ACRO Kollimators an GLOCK Pistolen mit MOS (Modular Optic System) entwickelt.","robots":{"index":"index","follow":"follow","max-snippet":"max-snippet:-1","max-image-preview":"max-image-preview:large","max-video-preview":"max-video-preview:-1"},"canonical":"https:\/\/eshop.tca.sk\/de\/waffenzubehoer\/montage-glock-mos-fur-acro-aimpoint\/","og_locale":"de_DE","og_type":"article","og_title":"GLOCK MOS-Montage f\u00fcr ACRO Aimpoint - TCA eShop - Tactical Combat Academy","og_description":"Der Aimpoint ACRO Montageadapter ist sehr einfach zu installieren. Er wurde speziell f\u00fcr die Befestigung des Aimpoint ACRO Kollimators an GLOCK Pistolen mit MOS (Modular Optic System) entwickelt.","og_url":"https:\/\/eshop.tca.sk\/de\/waffenzubehoer\/montage-glock-mos-fur-acro-aimpoint\/","og_site_name":"TCA eShop - Tactical Combat Academy","article_modified_time":"2025-12-12T13:11:20+00:00","og_image":[{"width":1280,"height":1280,"url":"https:\/\/eshop.tca.sk\/wp-content\/uploads\/2024\/05\/Montaz-GLOCK-MOS-pro-ACRO-Aimpoint.jpg","type":"image\/jpeg"}],"twitter_card":"summary_large_image","schema":{"@context":"https:\/\/schema.org","@graph":[{"@type":"WebPage","@id":"https:\/\/eshop.tca.sk\/de\/waffenzubehoer\/montage-glock-mos-fur-acro-aimpoint\/","url":"https:\/\/eshop.tca.sk\/de\/waffenzubehoer\/montage-glock-mos-fur-acro-aimpoint\/","name":"GLOCK MOS-Montage f\u00fcr ACRO Aimpoint - TCA eShop - Tactical Combat Academy","isPartOf":{"@id":"https:\/\/eshop.tca.sk\/de\/#website"},"primaryImageOfPage":{"@id":"https:\/\/eshop.tca.sk\/de\/waffenzubehoer\/montage-glock-mos-fur-acro-aimpoint\/#primaryimage"},"image":{"@id":"https:\/\/eshop.tca.sk\/de\/waffenzubehoer\/montage-glock-mos-fur-acro-aimpoint\/#primaryimage"},"thumbnailUrl":"https:\/\/eshop.tca.sk\/wp-content\/uploads\/2024\/05\/Montaz-GLOCK-MOS-pro-ACRO-Aimpoint.jpg","datePublished":"2024-05-13T15:30:46+00:00","dateModified":"2025-12-12T13:11:20+00:00","description":"Der Aimpoint ACRO Montageadapter ist sehr einfach zu installieren. Er wurde speziell f\u00fcr die Befestigung des Aimpoint ACRO Kollimators an GLOCK Pistolen mit MOS (Modular Optic System) entwickelt.","breadcrumb":{"@id":"https:\/\/eshop.tca.sk\/de\/waffenzubehoer\/montage-glock-mos-fur-acro-aimpoint\/#breadcrumb"},"inLanguage":"de","potentialAction":[{"@type":"ReadAction","target":["https:\/\/eshop.tca.sk\/de\/waffenzubehoer\/montage-glock-mos-fur-acro-aimpoint\/"]}]},{"@type":"ImageObject","inLanguage":"de","@id":"https:\/\/eshop.tca.sk\/de\/waffenzubehoer\/montage-glock-mos-fur-acro-aimpoint\/#primaryimage","url":"https:\/\/eshop.tca.sk\/wp-content\/uploads\/2024\/05\/Montaz-GLOCK-MOS-pro-ACRO-Aimpoint.jpg","contentUrl":"https:\/\/eshop.tca.sk\/wp-content\/uploads\/2024\/05\/Montaz-GLOCK-MOS-pro-ACRO-Aimpoint.jpg","width":1280,"height":1280},{"@type":"BreadcrumbList","@id":"https:\/\/eshop.tca.sk\/de\/waffenzubehoer\/montage-glock-mos-fur-acro-aimpoint\/#breadcrumb","itemListElement":[{"@type":"ListItem","position":1,"name":"Domovsk\u00e1 str\u00e1nka","item":"https:\/\/eshop.tca.sk\/de\/"},{"@type":"ListItem","position":2,"name":"Shop","item":"https:\/\/eshop.tca.sk\/de\/shop\/"},{"@type":"ListItem","position":3,"name":"GLOCK MOS-Montage f\u00fcr ACRO Aimpoint"}]},{"@type":"WebSite","@id":"https:\/\/eshop.tca.sk\/de\/#website","url":"https:\/\/eshop.tca.sk\/de\/","name":"TCA eShop - Tactical Combat Academy","description":"Tactical Combat Academy","publisher":{"@id":"https:\/\/eshop.tca.sk\/de\/#organization"},"potentialAction":[{"@type":"SearchAction","target":{"@type":"EntryPoint","urlTemplate":"https:\/\/eshop.tca.sk\/de\/?s={search_term_string}"},"query-input":{"@type":"PropertyValueSpecification","valueRequired":true,"valueName":"search_term_string"}}],"inLanguage":"de"},{"@type":"Organization","@id":"https:\/\/eshop.tca.sk\/de\/#organization","name":"TCA eShop - Tactical Combat Academy","url":"https:\/\/eshop.tca.sk\/de\/","logo":{"@type":"ImageObject","inLanguage":"de","@id":"https:\/\/eshop.tca.sk\/de\/#\/schema\/logo\/image\/","url":"https:\/\/eshop.tca.sk\/wp-content\/uploads\/2025\/06\/logo-new-header.png","contentUrl":"https:\/\/eshop.tca.sk\/wp-content\/uploads\/2025\/06\/logo-new-header.png","width":300,"height":294,"caption":"TCA eShop - Tactical Combat Academy"},"image":{"@id":"https:\/\/eshop.tca.sk\/de\/#\/schema\/logo\/image\/"}}]}},"_links":{"self":[{"href":"https:\/\/eshop.tca.sk\/de\/wp-json\/wp\/v2\/product\/12235","targetHints":{"allow":["GET"]}}],"collection":[{"href":"https:\/\/eshop.tca.sk\/de\/wp-json\/wp\/v2\/product"}],"about":[{"href":"https:\/\/eshop.tca.sk\/de\/wp-json\/wp\/v2\/types\/product"}],"wp:featuredmedia":[{"embeddable":true,"href":"https:\/\/eshop.tca.sk\/de\/wp-json\/wp\/v2\/media\/12237"}],"wp:attachment":[{"href":"https:\/\/eshop.tca.sk\/de\/wp-json\/wp\/v2\/media?parent=12235"}],"wp:term":[{"taxonomy":"product_brand","embeddable":true,"href":"https:\/\/eshop.tca.sk\/de\/wp-json\/wp\/v2\/product_brand?post=12235"},{"taxonomy":"product_cat","embeddable":true,"href":"https:\/\/eshop.tca.sk\/de\/wp-json\/wp\/v2\/product_cat?post=12235"},{"taxonomy":"product_tag","embeddable":true,"href":"https:\/\/eshop.tca.sk\/de\/wp-json\/wp\/v2\/product_tag?post=12235"},{"taxonomy":"giftcard-category","embeddable":true,"href":"https:\/\/eshop.tca.sk\/de\/wp-json\/wp\/v2\/giftcard-category?post=12235"}],"curies":[{"name":"wp","href":"https:\/\/api.w.org\/{rel}","templated":true}]}}