{"id":12249,"date":"2024-05-03T16:22:44","date_gmt":"2024-05-03T14:22:44","guid":{"rendered":"https:\/\/eshop.tca.sk\/unkategorisiert\/ballistische-schutzweste-contractor-ultra-uni-iiia-green\/"},"modified":"2025-11-26T11:41:51","modified_gmt":"2025-11-26T10:41:51","slug":"ballistische-schutzweste-contractor-ultra-uni-iiia-green","status":"publish","type":"product","link":"https:\/\/eshop.tca.sk\/de\/ballistik\/ballistische-schutzweste-contractor-ultra-uni-iiia-green\/","title":{"rendered":"Ballistische Schutzweste W.A.R. Defender Contractor Ultra UNI IIIA+ GREEN"},"content":{"rendered":"<h3><strong>Ballistische Schutzweste W.A.R. Defender Contractor Ultra UNI IIIA+ GREEN<\/strong><\/h3>\n<div class=\"content\">\n<p><strong>Ballistische Schutzweste <\/strong> f\u00fcr den Outdoor-Bereich f\u00fcr milit\u00e4rische Spezialeinheiten. Die Weste bietet einen ballistischen Schutz der Klasse IIIA nach NIJ 0101.04 und einen h\u00f6heren Schutz der lebenswichtigen Zonen dank der einlegbaren ballistischen Platten aus Keramikkomposit oder Eisen mit verschiedenen Widerstandsklassen (TBO 5 CZ + BZ nach \u010cSN 39 5360, TBO 7 CZ nach \u010cSN 39 5360, LEVEL IV+ BZ32 nach NIJ 0101.04 oder Level 6a nach GOST R 50744-9&#8230;).<\/p>\n<p>Dank des einzigartigen verstellbaren Klemmsystems l\u00e4sst sich die Weste bequem an eine Vielzahl von K\u00f6rpertypen anpassen. Die Weste kann leicht vom Benutzer selbst angelegt werden, ohne dass eine andere Person dabei helfen muss.<\/p>\n<p><strong>Das modulare System der Weste bietet einen kreisf\u00f6rmigen Schutz des Rumpfes und besteht aus den folgenden Teilen:<\/strong><\/p>\n<p>&#8211; Brustprotektor<br \/>\n&#8211; R\u00fcckenprotektor<br \/>\n&#8211; Abnehmbare Seitenprotektoren<\/p>\n<p><strong>Optional:<\/strong><\/p>\n<p>&#8211; Molle-System oder R\u00fcckenprotektor<\/p>\n<p>Die Konstruktion der Weste ist auf die bestm\u00f6gliche Nutzung des <strong>Molle-Systems<\/strong> ausgelegt Mit dem Molle-System k\u00f6nnen Sie verschiedene funktionelle Holster an der Weste befestigen, die sich normalerweise an der Au\u00dfenseite rund um den f\u00fcr den Tr\u00e4ger leicht zug\u00e4nglichen Bereich befinden, einschlie\u00dflich des R\u00fcckens.<\/p>\n<p>Die Weste wird komplett mit einer hochwertigen Transporttasche und mit seitlich verstellbaren Gurten geliefert, die eine einfache Umwandlung der Weste in einen leichten und einfachen Plattentransporter erm\u00f6glichen. Die Weste kann mit 5 MOLLE-kompatiblen Taschen nach Kundenspezifikation geliefert werden.<\/p>\n<p>Die Weste ist in verschiedenen Farben erh\u00e4ltlich: schwarz, desert, olivgr\u00fcn, multicam&#8230;<\/p>\n<p>F\u00fcr die Au\u00dfen- und Innenseite wird ein spezielles, sehr witterungsbest\u00e4ndiges Material verwendet. Auf Wunsch des Kunden kann die Weste auch mit internem 3D-Material hergestellt werden. Das 3D-Innenmaterial sorgt f\u00fcr eine gute W\u00e4rmeregulierung des K\u00f6rpers, eine maximale Ableitung der K\u00f6rperw\u00e4rme und ist sehr abriebfest. Das Material selbst enth\u00e4lt Nanosilberpartikel, die K\u00f6rpergeruch und Schmutz beseitigen und bei Kontakt mit der menschlichen Haut f\u00fcr maximale Hygiene sorgen.<\/p>\n<p>Die Weste kann optional mit einem Notfall-Rettungssystem ausgestattet werden, das es erm\u00f6glicht, die Weste bei Bedarf (Sturz ins Wasser, Verletzung&#8230;) sofort abzulegen.<\/p>\n<p><strong>Die Weste wird in 2 universellen Gr\u00f6\u00dfen UNI und UNI+ hergestellt, die den meisten menschlichen Figuren passen:<\/strong><\/p>\n<p>&#8211; Gewicht der Weste (UNI-Gr\u00f6\u00dfe (L-XL) Klasse IIIA) ohne Keramik-Verbundplatten 2,6 kg<\/p>\n<p><strong>Garantie:<\/strong><\/p>\n<p>5 Jahre Garantie auf weiche ballistische Eins\u00e4tze f\u00fcr Standardger\u00e4te<br \/>\n10 Jahre Garantie auf weiche ballistische Pads f\u00fcr Spezialeinheiten von Polizei und Milit\u00e4r<br \/>\n2 Jahre Garantie auf den externen Ballistiktr\u00e4ger<\/p>\n<\/div>\n<h4 class=\"heading margin-top\"><strong>Parameter:<\/strong><\/h4>\n<table class=\"attributes-table\">\n<tbody>\n<tr>\n<td>Ballistischer Widerstand<\/td>\n<td><strong>ohne Platten:<\/strong> IIIA nach NIJ 0101.04<br \/>\n<strong>mit Platten<\/strong>: TBO 5 CZ +BZ nach \u010cSN 39 5360, TBO 7 CZ nach \u010cSN 39 5360, LEVEL IV+ BZ32 nach NIJ 0101.04 oder Level 6a nach GOST R 50744-9<\/td>\n<\/tr>\n<tr>\n<td>Standard-Farben<\/td>\n<td>schwarz, sand, olivgr\u00fcn, multicam<\/td>\n<\/tr>\n<tr>\n<td>Gewicht<\/td>\n<td>(Gr\u00f6\u00dfe UNI (L-XL), Klasse IIIA) ohne Keramikplatten 2,6 kg<\/td>\n<\/tr>\n<tr>\n<td>Temperaturbereich<\/td>\n<td>Langzeiteinsatz -20\u00b0C bis 50\u00b0C,<br \/>\nKurzzeitiger Einsatz -30\u00b0C bis 80\u00b0C<br \/>\nbei einer relativen Luftfeuchtigkeit von bis zu 95%<\/td>\n<\/tr>\n<\/tbody>\n<\/table>\n<h3><strong> <\/strong><\/h3>\n","protected":false},"excerpt":{"rendered":"<p><img loading=\"lazy\" decoding=\"async\" class=\"alignnone wp-image-11926\" src=\"https:\/\/eshop.tca.sk\/wp-content\/uploads\/2024\/05\/logo-defender-1.png\" alt=\"\" width=\"80\" height=\"66\" srcset=\"https:\/\/eshop.tca.sk\/wp-content\/uploads\/2024\/05\/logo-defender-1.png 500w, https:\/\/eshop.tca.sk\/wp-content\/uploads\/2024\/05\/logo-defender-1-300x246.png 300w, https:\/\/eshop.tca.sk\/wp-content\/uploads\/2024\/05\/logo-defender-1-24x20.png 24w, https:\/\/eshop.tca.sk\/wp-content\/uploads\/2024\/05\/logo-defender-1-36x30.png 36w, https:\/\/eshop.tca.sk\/wp-content\/uploads\/2024\/05\/logo-defender-1-48x39.png 48w\" sizes=\"auto, (max-width: 80px) 100vw, 80px\" \/><\/p>\n<p><strong>Ballistische Schutzweste <\/strong> f\u00fcr den Outdoor-Bereich f\u00fcr milit\u00e4rische Spezialeinheiten.<\/p>\n<p><img loading=\"lazy\" decoding=\"async\" class=\"wp-image-8564 alignnone\" src=\"https:\/\/eshop.tca.sk\/wp-content\/uploads\/2023\/04\/Logo-Whack-Black-White-R-APPROVED.png\" alt=\"\" width=\"138\" height=\"75\" srcset=\"https:\/\/eshop.tca.sk\/wp-content\/uploads\/2023\/04\/Logo-Whack-Black-White-R-APPROVED.png 571w, https:\/\/eshop.tca.sk\/wp-content\/uploads\/2023\/04\/Logo-Whack-Black-White-R-APPROVED-300x163.png 300w\" sizes=\"auto, (max-width: 138px) 100vw, 138px\" \/><\/p>\n<p>Vom <strong>TCA<\/strong> und dem <strong>WHACK<\/strong>-System verwendete und empfohlene Equipment.<\/p>\n","protected":false},"featured_media":14252,"template":"","meta":{"inline_featured_image":false},"product_brand":[],"product_cat":[325,601],"product_tag":[364],"giftcard-category":[],"class_list":{"0":"post-12249","1":"product","2":"type-product","3":"status-publish","4":"has-post-thumbnail","6":"product_cat-ballistik","7":"product_cat-ballistische-westen","8":"product_tag-war-ballistics-de","10":"first","11":"instock","12":"taxable","13":"shipping-taxable","14":"purchasable","15":"product-type-simple"},"yoast_head":"<!-- This site is optimized with the Yoast SEO plugin v26.4 - https:\/\/yoast.com\/wordpress\/plugins\/seo\/ -->\n<title>Ballistische Schutzweste W.A.R. Defender Contractor Ultra UNI IIIA+ GREEN - TCA eShop - Tactical Combat Academy<\/title>\n<meta name=\"description\" content=\"Ballistische Schutzweste f\u00fcr den Outdoor-Bereich f\u00fcr milit\u00e4rische Spezialeinheiten.\" \/>\n<meta name=\"robots\" content=\"index, follow, max-snippet:-1, max-image-preview:large, max-video-preview:-1\" \/>\n<link rel=\"canonical\" href=\"https:\/\/eshop.tca.sk\/de\/ballistik\/ballistische-schutzweste-contractor-ultra-uni-iiia-green\/\" \/>\n<meta property=\"og:locale\" content=\"de_DE\" \/>\n<meta property=\"og:type\" content=\"article\" \/>\n<meta property=\"og:title\" content=\"Ballistische Schutzweste W.A.R. Defender Contractor Ultra UNI IIIA+ GREEN - TCA eShop - Tactical Combat Academy\" \/>\n<meta property=\"og:description\" content=\"Ballistische Schutzweste f\u00fcr den Outdoor-Bereich f\u00fcr milit\u00e4rische Spezialeinheiten.\" \/>\n<meta property=\"og:url\" content=\"https:\/\/eshop.tca.sk\/de\/ballistik\/ballistische-schutzweste-contractor-ultra-uni-iiia-green\/\" \/>\n<meta property=\"og:site_name\" content=\"TCA eShop - Tactical Combat Academy\" \/>\n<meta property=\"article:modified_time\" content=\"2025-11-26T10:41:51+00:00\" \/>\n<meta property=\"og:image\" content=\"https:\/\/eshop.tca.sk\/wp-content\/uploads\/2024\/05\/Vesta-Contractor1.jpg\" \/>\n\t<meta property=\"og:image:width\" content=\"1000\" \/>\n\t<meta property=\"og:image:height\" content=\"1000\" \/>\n\t<meta property=\"og:image:type\" content=\"image\/jpeg\" \/>\n<meta name=\"twitter:card\" content=\"summary_large_image\" \/>\n<script type=\"application\/ld+json\" class=\"yoast-schema-graph\">{\"@context\":\"https:\/\/schema.org\",\"@graph\":[{\"@type\":\"WebPage\",\"@id\":\"https:\/\/eshop.tca.sk\/de\/ballistik\/ballistische-schutzweste-contractor-ultra-uni-iiia-green\/\",\"url\":\"https:\/\/eshop.tca.sk\/de\/ballistik\/ballistische-schutzweste-contractor-ultra-uni-iiia-green\/\",\"name\":\"Ballistische Schutzweste W.A.R. Defender Contractor Ultra UNI IIIA+ GREEN - TCA eShop - Tactical Combat Academy\",\"isPartOf\":{\"@id\":\"https:\/\/eshop.tca.sk\/de\/#website\"},\"primaryImageOfPage\":{\"@id\":\"https:\/\/eshop.tca.sk\/de\/ballistik\/ballistische-schutzweste-contractor-ultra-uni-iiia-green\/#primaryimage\"},\"image\":{\"@id\":\"https:\/\/eshop.tca.sk\/de\/ballistik\/ballistische-schutzweste-contractor-ultra-uni-iiia-green\/#primaryimage\"},\"thumbnailUrl\":\"https:\/\/eshop.tca.sk\/wp-content\/uploads\/2024\/05\/Vesta-Contractor1.jpg\",\"datePublished\":\"2024-05-03T14:22:44+00:00\",\"dateModified\":\"2025-11-26T10:41:51+00:00\",\"description\":\"Ballistische Schutzweste f\u00fcr den Outdoor-Bereich f\u00fcr milit\u00e4rische Spezialeinheiten.\",\"breadcrumb\":{\"@id\":\"https:\/\/eshop.tca.sk\/de\/ballistik\/ballistische-schutzweste-contractor-ultra-uni-iiia-green\/#breadcrumb\"},\"inLanguage\":\"de\",\"potentialAction\":[{\"@type\":\"ReadAction\",\"target\":[\"https:\/\/eshop.tca.sk\/de\/ballistik\/ballistische-schutzweste-contractor-ultra-uni-iiia-green\/\"]}]},{\"@type\":\"ImageObject\",\"inLanguage\":\"de\",\"@id\":\"https:\/\/eshop.tca.sk\/de\/ballistik\/ballistische-schutzweste-contractor-ultra-uni-iiia-green\/#primaryimage\",\"url\":\"https:\/\/eshop.tca.sk\/wp-content\/uploads\/2024\/05\/Vesta-Contractor1.jpg\",\"contentUrl\":\"https:\/\/eshop.tca.sk\/wp-content\/uploads\/2024\/05\/Vesta-Contractor1.jpg\",\"width\":1000,\"height\":1000,\"caption\":\"Balistick\u00e1 Vesta W.A.R. Defender Contractor Ultra UNI IIIA+ GREEN\"},{\"@type\":\"BreadcrumbList\",\"@id\":\"https:\/\/eshop.tca.sk\/de\/ballistik\/ballistische-schutzweste-contractor-ultra-uni-iiia-green\/#breadcrumb\",\"itemListElement\":[{\"@type\":\"ListItem\",\"position\":1,\"name\":\"Domovsk\u00e1 str\u00e1nka\",\"item\":\"https:\/\/eshop.tca.sk\/de\/\"},{\"@type\":\"ListItem\",\"position\":2,\"name\":\"Shop\",\"item\":\"https:\/\/eshop.tca.sk\/de\/shop\/\"},{\"@type\":\"ListItem\",\"position\":3,\"name\":\"Ballistische Schutzweste W.A.R. Defender Contractor Ultra UNI IIIA+ GREEN\"}]},{\"@type\":\"WebSite\",\"@id\":\"https:\/\/eshop.tca.sk\/de\/#website\",\"url\":\"https:\/\/eshop.tca.sk\/de\/\",\"name\":\"TCA eShop - Tactical Combat Academy\",\"description\":\"Tactical Combat Academy\",\"publisher\":{\"@id\":\"https:\/\/eshop.tca.sk\/de\/#organization\"},\"potentialAction\":[{\"@type\":\"SearchAction\",\"target\":{\"@type\":\"EntryPoint\",\"urlTemplate\":\"https:\/\/eshop.tca.sk\/de\/?s={search_term_string}\"},\"query-input\":{\"@type\":\"PropertyValueSpecification\",\"valueRequired\":true,\"valueName\":\"search_term_string\"}}],\"inLanguage\":\"de\"},{\"@type\":\"Organization\",\"@id\":\"https:\/\/eshop.tca.sk\/de\/#organization\",\"name\":\"TCA eShop - Tactical Combat Academy\",\"url\":\"https:\/\/eshop.tca.sk\/de\/\",\"logo\":{\"@type\":\"ImageObject\",\"inLanguage\":\"de\",\"@id\":\"https:\/\/eshop.tca.sk\/de\/#\/schema\/logo\/image\/\",\"url\":\"https:\/\/eshop.tca.sk\/wp-content\/uploads\/2025\/06\/logo-new-header.png\",\"contentUrl\":\"https:\/\/eshop.tca.sk\/wp-content\/uploads\/2025\/06\/logo-new-header.png\",\"width\":300,\"height\":294,\"caption\":\"TCA eShop - Tactical Combat Academy\"},\"image\":{\"@id\":\"https:\/\/eshop.tca.sk\/de\/#\/schema\/logo\/image\/\"}}]}<\/script>\n<!-- \/ Yoast SEO plugin. -->","yoast_head_json":{"title":"Ballistische Schutzweste W.A.R. Defender Contractor Ultra UNI IIIA+ GREEN - TCA eShop - Tactical Combat Academy","description":"Ballistische Schutzweste f\u00fcr den Outdoor-Bereich f\u00fcr milit\u00e4rische Spezialeinheiten.","robots":{"index":"index","follow":"follow","max-snippet":"max-snippet:-1","max-image-preview":"max-image-preview:large","max-video-preview":"max-video-preview:-1"},"canonical":"https:\/\/eshop.tca.sk\/de\/ballistik\/ballistische-schutzweste-contractor-ultra-uni-iiia-green\/","og_locale":"de_DE","og_type":"article","og_title":"Ballistische Schutzweste W.A.R. Defender Contractor Ultra UNI IIIA+ GREEN - TCA eShop - Tactical Combat Academy","og_description":"Ballistische Schutzweste f\u00fcr den Outdoor-Bereich f\u00fcr milit\u00e4rische Spezialeinheiten.","og_url":"https:\/\/eshop.tca.sk\/de\/ballistik\/ballistische-schutzweste-contractor-ultra-uni-iiia-green\/","og_site_name":"TCA eShop - Tactical Combat Academy","article_modified_time":"2025-11-26T10:41:51+00:00","og_image":[{"width":1000,"height":1000,"url":"https:\/\/eshop.tca.sk\/wp-content\/uploads\/2024\/05\/Vesta-Contractor1.jpg","type":"image\/jpeg"}],"twitter_card":"summary_large_image","schema":{"@context":"https:\/\/schema.org","@graph":[{"@type":"WebPage","@id":"https:\/\/eshop.tca.sk\/de\/ballistik\/ballistische-schutzweste-contractor-ultra-uni-iiia-green\/","url":"https:\/\/eshop.tca.sk\/de\/ballistik\/ballistische-schutzweste-contractor-ultra-uni-iiia-green\/","name":"Ballistische Schutzweste W.A.R. Defender Contractor Ultra UNI IIIA+ GREEN - TCA eShop - Tactical Combat Academy","isPartOf":{"@id":"https:\/\/eshop.tca.sk\/de\/#website"},"primaryImageOfPage":{"@id":"https:\/\/eshop.tca.sk\/de\/ballistik\/ballistische-schutzweste-contractor-ultra-uni-iiia-green\/#primaryimage"},"image":{"@id":"https:\/\/eshop.tca.sk\/de\/ballistik\/ballistische-schutzweste-contractor-ultra-uni-iiia-green\/#primaryimage"},"thumbnailUrl":"https:\/\/eshop.tca.sk\/wp-content\/uploads\/2024\/05\/Vesta-Contractor1.jpg","datePublished":"2024-05-03T14:22:44+00:00","dateModified":"2025-11-26T10:41:51+00:00","description":"Ballistische Schutzweste f\u00fcr den Outdoor-Bereich f\u00fcr milit\u00e4rische Spezialeinheiten.","breadcrumb":{"@id":"https:\/\/eshop.tca.sk\/de\/ballistik\/ballistische-schutzweste-contractor-ultra-uni-iiia-green\/#breadcrumb"},"inLanguage":"de","potentialAction":[{"@type":"ReadAction","target":["https:\/\/eshop.tca.sk\/de\/ballistik\/ballistische-schutzweste-contractor-ultra-uni-iiia-green\/"]}]},{"@type":"ImageObject","inLanguage":"de","@id":"https:\/\/eshop.tca.sk\/de\/ballistik\/ballistische-schutzweste-contractor-ultra-uni-iiia-green\/#primaryimage","url":"https:\/\/eshop.tca.sk\/wp-content\/uploads\/2024\/05\/Vesta-Contractor1.jpg","contentUrl":"https:\/\/eshop.tca.sk\/wp-content\/uploads\/2024\/05\/Vesta-Contractor1.jpg","width":1000,"height":1000,"caption":"Balistick\u00e1 Vesta W.A.R. Defender Contractor Ultra UNI IIIA+ GREEN"},{"@type":"BreadcrumbList","@id":"https:\/\/eshop.tca.sk\/de\/ballistik\/ballistische-schutzweste-contractor-ultra-uni-iiia-green\/#breadcrumb","itemListElement":[{"@type":"ListItem","position":1,"name":"Domovsk\u00e1 str\u00e1nka","item":"https:\/\/eshop.tca.sk\/de\/"},{"@type":"ListItem","position":2,"name":"Shop","item":"https:\/\/eshop.tca.sk\/de\/shop\/"},{"@type":"ListItem","position":3,"name":"Ballistische Schutzweste W.A.R. Defender Contractor Ultra UNI IIIA+ GREEN"}]},{"@type":"WebSite","@id":"https:\/\/eshop.tca.sk\/de\/#website","url":"https:\/\/eshop.tca.sk\/de\/","name":"TCA eShop - Tactical Combat Academy","description":"Tactical Combat Academy","publisher":{"@id":"https:\/\/eshop.tca.sk\/de\/#organization"},"potentialAction":[{"@type":"SearchAction","target":{"@type":"EntryPoint","urlTemplate":"https:\/\/eshop.tca.sk\/de\/?s={search_term_string}"},"query-input":{"@type":"PropertyValueSpecification","valueRequired":true,"valueName":"search_term_string"}}],"inLanguage":"de"},{"@type":"Organization","@id":"https:\/\/eshop.tca.sk\/de\/#organization","name":"TCA eShop - Tactical Combat Academy","url":"https:\/\/eshop.tca.sk\/de\/","logo":{"@type":"ImageObject","inLanguage":"de","@id":"https:\/\/eshop.tca.sk\/de\/#\/schema\/logo\/image\/","url":"https:\/\/eshop.tca.sk\/wp-content\/uploads\/2025\/06\/logo-new-header.png","contentUrl":"https:\/\/eshop.tca.sk\/wp-content\/uploads\/2025\/06\/logo-new-header.png","width":300,"height":294,"caption":"TCA eShop - Tactical Combat Academy"},"image":{"@id":"https:\/\/eshop.tca.sk\/de\/#\/schema\/logo\/image\/"}}]}},"_links":{"self":[{"href":"https:\/\/eshop.tca.sk\/de\/wp-json\/wp\/v2\/product\/12249","targetHints":{"allow":["GET"]}}],"collection":[{"href":"https:\/\/eshop.tca.sk\/de\/wp-json\/wp\/v2\/product"}],"about":[{"href":"https:\/\/eshop.tca.sk\/de\/wp-json\/wp\/v2\/types\/product"}],"wp:featuredmedia":[{"embeddable":true,"href":"https:\/\/eshop.tca.sk\/de\/wp-json\/wp\/v2\/media\/14252"}],"wp:attachment":[{"href":"https:\/\/eshop.tca.sk\/de\/wp-json\/wp\/v2\/media?parent=12249"}],"wp:term":[{"taxonomy":"product_brand","embeddable":true,"href":"https:\/\/eshop.tca.sk\/de\/wp-json\/wp\/v2\/product_brand?post=12249"},{"taxonomy":"product_cat","embeddable":true,"href":"https:\/\/eshop.tca.sk\/de\/wp-json\/wp\/v2\/product_cat?post=12249"},{"taxonomy":"product_tag","embeddable":true,"href":"https:\/\/eshop.tca.sk\/de\/wp-json\/wp\/v2\/product_tag?post=12249"},{"taxonomy":"giftcard-category","embeddable":true,"href":"https:\/\/eshop.tca.sk\/de\/wp-json\/wp\/v2\/giftcard-category?post=12249"}],"curies":[{"name":"wp","href":"https:\/\/api.w.org\/{rel}","templated":true}]}}