{"id":12256,"date":"2024-05-03T17:07:21","date_gmt":"2024-05-03T15:07:21","guid":{"rendered":"https:\/\/eshop.tca.sk\/unkategorisiert\/ballistische-schutzweste-fuer-verdecktes-tragen-und-iiia-black\/"},"modified":"2025-11-26T13:43:16","modified_gmt":"2025-11-26T12:43:16","slug":"ballistische-schutzweste-fuer-verdecktes-tragen-und-iiia-black","status":"publish","type":"product","link":"https:\/\/eshop.tca.sk\/de\/ballistik\/ballistische-schutzweste-fuer-verdecktes-tragen-und-iiia-black\/","title":{"rendered":"Ballistische Weste f\u00fcr verdecktes Tragen W.A.R. Defender UND IIIA NR BLACK"},"content":{"rendered":"<h3><strong>Ballistische Weste f\u00fcr verdecktes Tragen W.A.R. Defender UND IIIA NR BLACK<\/strong><\/h3>\n<div class=\"content\">\n<div class=\"content\">\n<p><strong>Ballistische Schutzweste f\u00fcr verdecktes Tragen Typ UND IIIA NR &#8211; <span style=\"color: #ae2626;\"><em>verstellbare Arme<\/em><\/span><\/strong> bietet ballistischen Schutz des Oberk\u00f6rpers der Klasse IIIA nach NIJ 0101.04 plus gegen ausgew\u00e4hlte Kaliber. Das Design der Weste macht das Anlegen schnell und einfach. Die Weste sitzt fest und bequem am K\u00f6rper und garantiert maximalen Komfort f\u00fcr den Tr\u00e4ger. Die Gr\u00f6\u00dfe der Weste kann durch zus\u00e4tzliche Einstellungen ver\u00e4ndert werden. An der Vorderseite befindet sich ein Nylonband, das den ballistischen Einsatz besser h\u00e4lt. Die Verbindung von Vorder- und R\u00fcckseite befindet sich an den Schultern und erm\u00f6glicht eine perfekte Anpassung an die K\u00f6rperkonturen, so dass die Weste in einer intakten Linie mit ihr verbunden ist. Die Verbindung der ballistischen Eins\u00e4tze an der Seite erfolgt so, dass das ballistische Material des hinteren Teils unter dem ballistischen Material des vorderen Teils liegt, um Verletzungen durch ein in einem spitzen Winkel abgefeuertes Geschoss zu verhindern.<\/p>\n<p>Das innere 3D-Material garantiert eine gute Thermoregulierung des K\u00f6rpers und maximale Abriebfestigkeit. Das Material enth\u00e4lt aktive Nanosilberpartikel, die Geruch und Schmutz beseitigen und absolute Hygiene bei Kontakt mit der menschlichen Haut garantieren.<\/p>\n<p><strong>Das ballistische Material ist ein symmetrischer Verbundwerkstoff und es ist nicht notwendig, zu bestimmen, welche Seite n\u00e4her am K\u00f6rper sein soll, was das Fehlerrisiko ausschlie\u00dft.<\/strong><\/p>\n<p>Die Weste erf\u00fcllt die IIA-Zertifizierung f\u00fcr ballistische Widerstandsf\u00e4higkeit gem\u00e4\u00df dem amerikanischen Standard NIJ 0101.04, was f\u00fcr folgende Widerstandsf\u00e4higkeit steht:<br \/>\n1. 9 mm Luger, Gewicht 8,2 g, Geschwindigkeit 436 m\/s<br \/>\n2 .44 RM SJHP, 15,6 g, Geschwindigkeit 436 m\/s<br \/>\nMit einem maximalen Traumaabstand von 44 mm<\/p>\n<p><strong>Die Weste ist au\u00dferdem gegen die folgenden Kaliber zertifiziert (6 Sch\u00fcsse aus 6 m Entfernung):<\/strong><br \/>\n1. 9 mm Makarov (9x 18mm) Geschossgewicht 6,1 g, FMJ, V <sub>12,5300<\/sub> <sub>12,57<\/sub>,5 <sup> ms-1<\/sup>,<br \/>\n2. 7,62 x 25 Tokarev, Geschossgewicht 5,5 g, FMJ, V <sub>12,5540<\/sub> <sub>12,57<\/sub>,5 <sup> ms-1<\/sup>,<br \/>\n3. 9&#215;19 Dynamit Nobel AG Action 5, Geschossgewicht 6,1 g, (V 3, 430 <sup> ms-1<\/sup>),<\/p>\n<p><strong>Widerstandsf\u00e4higkeit gegen Stichwaffen<\/strong> der Kategorie TON II gem\u00e4\u00df \u010cSN 39 5360.<\/p>\n<p>Die Weste ist ohne Metallteile gefertigt.<\/p>\n<p>Die Weste wird mit einer hochwertigen Transporttasche geliefert.<\/p>\n<p><strong>10 Jahre Garantie<\/strong> f\u00fcr ballistische Widerstandsf\u00e4higkeit der Klasse IIIA gem\u00e4\u00df NIJ 01010.04. F\u00fcr den Westenbezug (Tr\u00e4ger) und die Transporttasche gilt eine Standardgarantie von zwei Jahren\/24 Monaten.<\/p>\n<p>Optionales Zubeh\u00f6r:<br \/>\n&#8211; Abnehmbares oder festes Netz vorne und hinten zum Einstecken in die Hose<br \/>\n&#8211; Abnehmbares oder festes Netz vorne und hinten zum Einstecken in die Hose mit der M\u00f6glichkeit, einen ballistischen Schutz einzusetzen<\/p>\n<\/div>\n<h4 class=\"heading margin-top\"><strong>Parameter:<\/strong><\/h4>\n<table class=\"attributes-table\">\n<tbody>\n<tr>\n<td>Ballistischer Widerstand<\/td>\n<td><strong>IIIA gem\u00e4\u00df NIJ 0101.04<\/strong><br \/>\n&#8211; 9 mm Luger, Gewicht 8,2 g, Geschwindigkeit 436 m\/s<br \/>\n&#8211; .44 RM SJHP, 15,6 g, Geschwindigkeit 436 m\/s<br \/>\nMit einem maximal zul\u00e4ssigen Trauma von 44 mm<br \/>\nDie Weste ist au\u00dferdem gegen folgende Kaliber zertifiziert<br \/>\n(6 Sch\u00fcsse aus einer Entfernung von 6 m):<br \/>\n&#8211; 9 mm Makarov (9x 18mm) Geschossgewicht 6,1 g, FMJ, V 12,5300 12,57,5 ms-1,<br \/>\n&#8211; 7,62 x 25 Tokarev, Geschossgewicht 5,5 g, FMJ, V 12,5540 12,57,5 ms-1,<br \/>\n&#8211; 9&#215;19 Dynamit Nobel AG Action 5, Geschossgewicht 6,1 g, (V 3, 430 ms-1)<strong>,Resistenz gegen Stichwaffen der Kategorie TON II gem\u00e4\u00df \u010cSN 39 5360.<\/strong><\/td>\n<\/tr>\n<tr>\n<td>Standard-Farben<\/td>\n<td>schwarz, wei\u00df, fleischfarben<\/td>\n<\/tr>\n<tr>\n<td>Gewicht<\/td>\n<td>S &#8211; 2,05 kg<br \/>\nM &#8211; 2,29 kg<br \/>\nL &#8211; 2.55 kg<br \/>\nXL &#8211; 2,8 kg<br \/>\nXXL &#8211; 3,11 kg<\/td>\n<\/tr>\n<tr>\n<td>Ballistisch gesch\u00fctzter Mindestbereich der Schutzweste<\/td>\n<td>S &#8211; 2580 <sup>cm2<\/sup><br \/>\nM &#8211; 3000 <sup>cm2<\/sup><br \/>\nL &#8211; 3380 <sup>cm2<\/sup><br \/>\nXL &#8211; 3780 <sup>cm2<\/sup><br \/>\nXXL &#8211; 4230 <sup>cm2<\/sup><\/td>\n<\/tr>\n<tr>\n<td>Temperaturbereich<\/td>\n<td>Langzeiteinsatz -20\u00b0C bis 50\u00b0C,<br \/>\nKurzzeitiger Einsatz -30\u00b0C bis 80\u00b0C<br \/>\nbei einer relativen Luftfeuchtigkeit von bis zu 95%<\/td>\n<\/tr>\n<\/tbody>\n<\/table>\n<p class=\"heading margin-top\"><strong>Gr\u00f6\u00dfen<\/strong><\/p>\n<table class=\"clothes-size-chart\">\n<thead>\n<tr>\n<th>Gr\u00f6\u00dfe<\/th>\n<th>Europ\u00e4ische Gr\u00f6\u00dfe<\/th>\n<th>Gr\u00f6\u00dfe der Statur<br \/>\ncm<\/th>\n<th>Brustumfang<br \/>\ncm<\/th>\n<th>Taillenumfang<br \/>\ncm<\/th>\n<\/tr>\n<\/thead>\n<tbody>\n<tr>\n<td rowspan=\"2\">S<\/td>\n<td>44<\/td>\n<td>166 &#8211; 170<\/td>\n<td>86 &#8211; 90<\/td>\n<td>74 &#8211; 78<\/td>\n<\/tr>\n<tr>\n<td>46<\/td>\n<td>168 &#8211; 173<\/td>\n<td>90 &#8211; 94<\/td>\n<td>78 &#8211; 82<\/td>\n<\/tr>\n<tr>\n<td rowspan=\"2\">M<\/td>\n<td>48<\/td>\n<td>171 &#8211; 176<\/td>\n<td>94 &#8211; 98<\/td>\n<td>82 &#8211; 86<\/td>\n<\/tr>\n<tr>\n<td>50<\/td>\n<td>174 &#8211; 179<\/td>\n<td>98 &#8211; 102<\/td>\n<td>86 &#8211; 90<\/td>\n<\/tr>\n<tr>\n<td rowspan=\"2\">L<\/td>\n<td>52<\/td>\n<td>177 &#8211; 182<\/td>\n<td>102 &#8211; 106<\/td>\n<td>90 &#8211; 95<\/td>\n<\/tr>\n<tr>\n<td>54<\/td>\n<td>180 &#8211; 186<\/td>\n<td>106 &#8211; 110<\/td>\n<td>95 &#8211; 100<\/td>\n<\/tr>\n<tr>\n<td rowspan=\"2\">XL<\/td>\n<td>56<\/td>\n<td>182 &#8211; 186<\/td>\n<td>110 &#8211; 114<\/td>\n<td>100 &#8211; 105<\/td>\n<\/tr>\n<tr>\n<td>58<\/td>\n<td>184 &#8211; 188<\/td>\n<td>114 &#8211; 118<\/td>\n<td>105 &#8211; 110<\/td>\n<\/tr>\n<tr>\n<td rowspan=\"2\">XXL<\/td>\n<td>60<\/td>\n<td>185 &#8211; 189<\/td>\n<td>118 &#8211; 122<\/td>\n<td>110 &#8211; 115<\/td>\n<\/tr>\n<tr>\n<td>62<\/td>\n<td>187 &#8211; 191<\/td>\n<td>122 &#8211; 129<\/td>\n<td>115 &#8211; 120<\/td>\n<\/tr>\n<tr>\n<td>Dame<\/td>\n<td>40 &#8211; 42<\/td>\n<td>bis 166<\/td>\n<td>78 &#8211; 86<\/td>\n<td>bis 74<\/td>\n<\/tr>\n<\/tbody>\n<\/table>\n<\/div>\n","protected":false},"excerpt":{"rendered":"<p><img loading=\"lazy\" decoding=\"async\" class=\"alignnone wp-image-11926\" src=\"https:\/\/eshop.tca.sk\/wp-content\/uploads\/2024\/05\/logo-defender-1.png\" alt=\"\" width=\"80\" height=\"66\" srcset=\"https:\/\/eshop.tca.sk\/wp-content\/uploads\/2024\/05\/logo-defender-1.png 500w, https:\/\/eshop.tca.sk\/wp-content\/uploads\/2024\/05\/logo-defender-1-300x246.png 300w, https:\/\/eshop.tca.sk\/wp-content\/uploads\/2024\/05\/logo-defender-1-24x20.png 24w, https:\/\/eshop.tca.sk\/wp-content\/uploads\/2024\/05\/logo-defender-1-36x30.png 36w, https:\/\/eshop.tca.sk\/wp-content\/uploads\/2024\/05\/logo-defender-1-48x39.png 48w\" sizes=\"auto, (max-width: 80px) 100vw, 80px\" \/><\/p>\n<p><strong>Ballistische Schutzweste f\u00fcr verdecktes Tragen Typ UND IIIA NR &#8211; <span style=\"color: #ae2626;\"><em>verstellbare Arme<\/em><\/span><\/strong> bietet ballistischen Schutz des Oberk\u00f6rpers der Klasse IIIA nach NIJ 0101.04 plus gegen ausgew\u00e4hlte Kaliber.<\/p>\n<p><img loading=\"lazy\" decoding=\"async\" class=\"wp-image-8564 alignnone\" src=\"https:\/\/eshop.tca.sk\/wp-content\/uploads\/2023\/04\/Logo-Whack-Black-White-R-APPROVED.png\" alt=\"\" width=\"138\" height=\"75\" srcset=\"https:\/\/eshop.tca.sk\/wp-content\/uploads\/2023\/04\/Logo-Whack-Black-White-R-APPROVED.png 571w, https:\/\/eshop.tca.sk\/wp-content\/uploads\/2023\/04\/Logo-Whack-Black-White-R-APPROVED-300x163.png 300w\" sizes=\"auto, (max-width: 138px) 100vw, 138px\" \/><\/p>\n<p>Vom <strong>TCA<\/strong> und dem <strong>WHACK<\/strong>-System verwendete und empfohlene Equipment.<\/p>\n","protected":false},"featured_media":14244,"template":"","meta":{"inline_featured_image":false},"product_brand":[],"product_cat":[325,601],"product_tag":[364],"giftcard-category":[],"class_list":{"0":"post-12256","1":"product","2":"type-product","3":"status-publish","4":"has-post-thumbnail","6":"product_cat-ballistik","7":"product_cat-ballistische-westen","8":"product_tag-war-ballistics-de","10":"first","11":"instock","12":"taxable","13":"shipping-taxable","14":"purchasable","15":"product-type-variable"},"yoast_head":"<!-- This site is optimized with the Yoast SEO plugin v26.4 - https:\/\/yoast.com\/wordpress\/plugins\/seo\/ -->\n<title>Ballistische Weste f\u00fcr verdecktes Tragen W.A.R. Defender UND IIIA NR BLACK - TCA eShop - Tactical Combat Academy<\/title>\n<meta name=\"description\" content=\"Ballistische Schutzweste f\u00fcr den Outdoor-Bereich f\u00fcr milit\u00e4rische Spezialeinheiten.\" \/>\n<meta name=\"robots\" content=\"index, follow, max-snippet:-1, max-image-preview:large, max-video-preview:-1\" \/>\n<link rel=\"canonical\" href=\"https:\/\/eshop.tca.sk\/de\/ballistik\/ballistische-schutzweste-fuer-verdecktes-tragen-und-iiia-black\/\" \/>\n<meta property=\"og:locale\" content=\"de_DE\" \/>\n<meta property=\"og:type\" content=\"article\" \/>\n<meta property=\"og:title\" content=\"Ballistische Weste f\u00fcr verdecktes Tragen W.A.R. Defender UND IIIA NR BLACK - TCA eShop - Tactical Combat Academy\" \/>\n<meta property=\"og:description\" content=\"Ballistische Schutzweste f\u00fcr den Outdoor-Bereich f\u00fcr milit\u00e4rische Spezialeinheiten.\" \/>\n<meta property=\"og:url\" content=\"https:\/\/eshop.tca.sk\/de\/ballistik\/ballistische-schutzweste-fuer-verdecktes-tragen-und-iiia-black\/\" \/>\n<meta property=\"og:site_name\" content=\"TCA eShop - Tactical Combat Academy\" \/>\n<meta property=\"article:modified_time\" content=\"2025-11-26T12:43:16+00:00\" \/>\n<meta property=\"og:image\" content=\"https:\/\/eshop.tca.sk\/wp-content\/uploads\/2024\/05\/Vesta-IIIA-cierna1.jpg\" \/>\n\t<meta property=\"og:image:width\" content=\"1000\" \/>\n\t<meta property=\"og:image:height\" content=\"1000\" \/>\n\t<meta property=\"og:image:type\" content=\"image\/jpeg\" \/>\n<meta name=\"twitter:card\" content=\"summary_large_image\" \/>\n<script type=\"application\/ld+json\" class=\"yoast-schema-graph\">{\"@context\":\"https:\/\/schema.org\",\"@graph\":[{\"@type\":\"WebPage\",\"@id\":\"https:\/\/eshop.tca.sk\/de\/ballistik\/ballistische-schutzweste-fuer-verdecktes-tragen-und-iiia-black\/\",\"url\":\"https:\/\/eshop.tca.sk\/de\/ballistik\/ballistische-schutzweste-fuer-verdecktes-tragen-und-iiia-black\/\",\"name\":\"Ballistische Weste f\u00fcr verdecktes Tragen W.A.R. Defender UND IIIA NR BLACK - TCA eShop - Tactical Combat Academy\",\"isPartOf\":{\"@id\":\"https:\/\/eshop.tca.sk\/de\/#website\"},\"primaryImageOfPage\":{\"@id\":\"https:\/\/eshop.tca.sk\/de\/ballistik\/ballistische-schutzweste-fuer-verdecktes-tragen-und-iiia-black\/#primaryimage\"},\"image\":{\"@id\":\"https:\/\/eshop.tca.sk\/de\/ballistik\/ballistische-schutzweste-fuer-verdecktes-tragen-und-iiia-black\/#primaryimage\"},\"thumbnailUrl\":\"https:\/\/eshop.tca.sk\/wp-content\/uploads\/2024\/05\/Vesta-IIIA-cierna1.jpg\",\"datePublished\":\"2024-05-03T15:07:21+00:00\",\"dateModified\":\"2025-11-26T12:43:16+00:00\",\"description\":\"Ballistische Schutzweste f\u00fcr den Outdoor-Bereich f\u00fcr milit\u00e4rische Spezialeinheiten.\",\"breadcrumb\":{\"@id\":\"https:\/\/eshop.tca.sk\/de\/ballistik\/ballistische-schutzweste-fuer-verdecktes-tragen-und-iiia-black\/#breadcrumb\"},\"inLanguage\":\"de\",\"potentialAction\":[{\"@type\":\"ReadAction\",\"target\":[\"https:\/\/eshop.tca.sk\/de\/ballistik\/ballistische-schutzweste-fuer-verdecktes-tragen-und-iiia-black\/\"]}]},{\"@type\":\"ImageObject\",\"inLanguage\":\"de\",\"@id\":\"https:\/\/eshop.tca.sk\/de\/ballistik\/ballistische-schutzweste-fuer-verdecktes-tragen-und-iiia-black\/#primaryimage\",\"url\":\"https:\/\/eshop.tca.sk\/wp-content\/uploads\/2024\/05\/Vesta-IIIA-cierna1.jpg\",\"contentUrl\":\"https:\/\/eshop.tca.sk\/wp-content\/uploads\/2024\/05\/Vesta-IIIA-cierna1.jpg\",\"width\":1000,\"height\":1000,\"caption\":\"Balistick\u00e1 Vesta Pre Skryt\u00e9 Nosenie W.A.R. Defender UND IIIA NR BLACK\"},{\"@type\":\"BreadcrumbList\",\"@id\":\"https:\/\/eshop.tca.sk\/de\/ballistik\/ballistische-schutzweste-fuer-verdecktes-tragen-und-iiia-black\/#breadcrumb\",\"itemListElement\":[{\"@type\":\"ListItem\",\"position\":1,\"name\":\"Domovsk\u00e1 str\u00e1nka\",\"item\":\"https:\/\/eshop.tca.sk\/de\/\"},{\"@type\":\"ListItem\",\"position\":2,\"name\":\"Shop\",\"item\":\"https:\/\/eshop.tca.sk\/de\/shop\/\"},{\"@type\":\"ListItem\",\"position\":3,\"name\":\"Ballistische Weste f\u00fcr verdecktes Tragen W.A.R. Defender UND IIIA NR BLACK\"}]},{\"@type\":\"WebSite\",\"@id\":\"https:\/\/eshop.tca.sk\/de\/#website\",\"url\":\"https:\/\/eshop.tca.sk\/de\/\",\"name\":\"TCA eShop - Tactical Combat Academy\",\"description\":\"Tactical Combat Academy\",\"publisher\":{\"@id\":\"https:\/\/eshop.tca.sk\/de\/#organization\"},\"potentialAction\":[{\"@type\":\"SearchAction\",\"target\":{\"@type\":\"EntryPoint\",\"urlTemplate\":\"https:\/\/eshop.tca.sk\/de\/?s={search_term_string}\"},\"query-input\":{\"@type\":\"PropertyValueSpecification\",\"valueRequired\":true,\"valueName\":\"search_term_string\"}}],\"inLanguage\":\"de\"},{\"@type\":\"Organization\",\"@id\":\"https:\/\/eshop.tca.sk\/de\/#organization\",\"name\":\"TCA eShop - Tactical Combat Academy\",\"url\":\"https:\/\/eshop.tca.sk\/de\/\",\"logo\":{\"@type\":\"ImageObject\",\"inLanguage\":\"de\",\"@id\":\"https:\/\/eshop.tca.sk\/de\/#\/schema\/logo\/image\/\",\"url\":\"https:\/\/eshop.tca.sk\/wp-content\/uploads\/2025\/06\/logo-new-header.png\",\"contentUrl\":\"https:\/\/eshop.tca.sk\/wp-content\/uploads\/2025\/06\/logo-new-header.png\",\"width\":300,\"height\":294,\"caption\":\"TCA eShop - Tactical Combat Academy\"},\"image\":{\"@id\":\"https:\/\/eshop.tca.sk\/de\/#\/schema\/logo\/image\/\"}}]}<\/script>\n<!-- \/ Yoast SEO plugin. -->","yoast_head_json":{"title":"Ballistische Weste f\u00fcr verdecktes Tragen W.A.R. Defender UND IIIA NR BLACK - TCA eShop - Tactical Combat Academy","description":"Ballistische Schutzweste f\u00fcr den Outdoor-Bereich f\u00fcr milit\u00e4rische Spezialeinheiten.","robots":{"index":"index","follow":"follow","max-snippet":"max-snippet:-1","max-image-preview":"max-image-preview:large","max-video-preview":"max-video-preview:-1"},"canonical":"https:\/\/eshop.tca.sk\/de\/ballistik\/ballistische-schutzweste-fuer-verdecktes-tragen-und-iiia-black\/","og_locale":"de_DE","og_type":"article","og_title":"Ballistische Weste f\u00fcr verdecktes Tragen W.A.R. Defender UND IIIA NR BLACK - TCA eShop - Tactical Combat Academy","og_description":"Ballistische Schutzweste f\u00fcr den Outdoor-Bereich f\u00fcr milit\u00e4rische Spezialeinheiten.","og_url":"https:\/\/eshop.tca.sk\/de\/ballistik\/ballistische-schutzweste-fuer-verdecktes-tragen-und-iiia-black\/","og_site_name":"TCA eShop - Tactical Combat Academy","article_modified_time":"2025-11-26T12:43:16+00:00","og_image":[{"width":1000,"height":1000,"url":"https:\/\/eshop.tca.sk\/wp-content\/uploads\/2024\/05\/Vesta-IIIA-cierna1.jpg","type":"image\/jpeg"}],"twitter_card":"summary_large_image","schema":{"@context":"https:\/\/schema.org","@graph":[{"@type":"WebPage","@id":"https:\/\/eshop.tca.sk\/de\/ballistik\/ballistische-schutzweste-fuer-verdecktes-tragen-und-iiia-black\/","url":"https:\/\/eshop.tca.sk\/de\/ballistik\/ballistische-schutzweste-fuer-verdecktes-tragen-und-iiia-black\/","name":"Ballistische Weste f\u00fcr verdecktes Tragen W.A.R. Defender UND IIIA NR BLACK - TCA eShop - Tactical Combat Academy","isPartOf":{"@id":"https:\/\/eshop.tca.sk\/de\/#website"},"primaryImageOfPage":{"@id":"https:\/\/eshop.tca.sk\/de\/ballistik\/ballistische-schutzweste-fuer-verdecktes-tragen-und-iiia-black\/#primaryimage"},"image":{"@id":"https:\/\/eshop.tca.sk\/de\/ballistik\/ballistische-schutzweste-fuer-verdecktes-tragen-und-iiia-black\/#primaryimage"},"thumbnailUrl":"https:\/\/eshop.tca.sk\/wp-content\/uploads\/2024\/05\/Vesta-IIIA-cierna1.jpg","datePublished":"2024-05-03T15:07:21+00:00","dateModified":"2025-11-26T12:43:16+00:00","description":"Ballistische Schutzweste f\u00fcr den Outdoor-Bereich f\u00fcr milit\u00e4rische Spezialeinheiten.","breadcrumb":{"@id":"https:\/\/eshop.tca.sk\/de\/ballistik\/ballistische-schutzweste-fuer-verdecktes-tragen-und-iiia-black\/#breadcrumb"},"inLanguage":"de","potentialAction":[{"@type":"ReadAction","target":["https:\/\/eshop.tca.sk\/de\/ballistik\/ballistische-schutzweste-fuer-verdecktes-tragen-und-iiia-black\/"]}]},{"@type":"ImageObject","inLanguage":"de","@id":"https:\/\/eshop.tca.sk\/de\/ballistik\/ballistische-schutzweste-fuer-verdecktes-tragen-und-iiia-black\/#primaryimage","url":"https:\/\/eshop.tca.sk\/wp-content\/uploads\/2024\/05\/Vesta-IIIA-cierna1.jpg","contentUrl":"https:\/\/eshop.tca.sk\/wp-content\/uploads\/2024\/05\/Vesta-IIIA-cierna1.jpg","width":1000,"height":1000,"caption":"Balistick\u00e1 Vesta Pre Skryt\u00e9 Nosenie W.A.R. Defender UND IIIA NR BLACK"},{"@type":"BreadcrumbList","@id":"https:\/\/eshop.tca.sk\/de\/ballistik\/ballistische-schutzweste-fuer-verdecktes-tragen-und-iiia-black\/#breadcrumb","itemListElement":[{"@type":"ListItem","position":1,"name":"Domovsk\u00e1 str\u00e1nka","item":"https:\/\/eshop.tca.sk\/de\/"},{"@type":"ListItem","position":2,"name":"Shop","item":"https:\/\/eshop.tca.sk\/de\/shop\/"},{"@type":"ListItem","position":3,"name":"Ballistische Weste f\u00fcr verdecktes Tragen W.A.R. Defender UND IIIA NR BLACK"}]},{"@type":"WebSite","@id":"https:\/\/eshop.tca.sk\/de\/#website","url":"https:\/\/eshop.tca.sk\/de\/","name":"TCA eShop - Tactical Combat Academy","description":"Tactical Combat Academy","publisher":{"@id":"https:\/\/eshop.tca.sk\/de\/#organization"},"potentialAction":[{"@type":"SearchAction","target":{"@type":"EntryPoint","urlTemplate":"https:\/\/eshop.tca.sk\/de\/?s={search_term_string}"},"query-input":{"@type":"PropertyValueSpecification","valueRequired":true,"valueName":"search_term_string"}}],"inLanguage":"de"},{"@type":"Organization","@id":"https:\/\/eshop.tca.sk\/de\/#organization","name":"TCA eShop - Tactical Combat Academy","url":"https:\/\/eshop.tca.sk\/de\/","logo":{"@type":"ImageObject","inLanguage":"de","@id":"https:\/\/eshop.tca.sk\/de\/#\/schema\/logo\/image\/","url":"https:\/\/eshop.tca.sk\/wp-content\/uploads\/2025\/06\/logo-new-header.png","contentUrl":"https:\/\/eshop.tca.sk\/wp-content\/uploads\/2025\/06\/logo-new-header.png","width":300,"height":294,"caption":"TCA eShop - Tactical Combat Academy"},"image":{"@id":"https:\/\/eshop.tca.sk\/de\/#\/schema\/logo\/image\/"}}]}},"_links":{"self":[{"href":"https:\/\/eshop.tca.sk\/de\/wp-json\/wp\/v2\/product\/12256","targetHints":{"allow":["GET"]}}],"collection":[{"href":"https:\/\/eshop.tca.sk\/de\/wp-json\/wp\/v2\/product"}],"about":[{"href":"https:\/\/eshop.tca.sk\/de\/wp-json\/wp\/v2\/types\/product"}],"wp:featuredmedia":[{"embeddable":true,"href":"https:\/\/eshop.tca.sk\/de\/wp-json\/wp\/v2\/media\/14244"}],"wp:attachment":[{"href":"https:\/\/eshop.tca.sk\/de\/wp-json\/wp\/v2\/media?parent=12256"}],"wp:term":[{"taxonomy":"product_brand","embeddable":true,"href":"https:\/\/eshop.tca.sk\/de\/wp-json\/wp\/v2\/product_brand?post=12256"},{"taxonomy":"product_cat","embeddable":true,"href":"https:\/\/eshop.tca.sk\/de\/wp-json\/wp\/v2\/product_cat?post=12256"},{"taxonomy":"product_tag","embeddable":true,"href":"https:\/\/eshop.tca.sk\/de\/wp-json\/wp\/v2\/product_tag?post=12256"},{"taxonomy":"giftcard-category","embeddable":true,"href":"https:\/\/eshop.tca.sk\/de\/wp-json\/wp\/v2\/giftcard-category?post=12256"}],"curies":[{"name":"wp","href":"https:\/\/api.w.org\/{rel}","templated":true}]}}