{"id":12276,"date":"2024-05-07T09:54:52","date_gmt":"2024-05-07T07:54:52","guid":{"rendered":"https:\/\/eshop.tca.sk\/unkategorisiert\/tritiumvisiere-ameriglo-hackathorn-nacht-visiere\/"},"modified":"2025-11-26T11:34:47","modified_gmt":"2025-11-26T10:34:47","slug":"tritiumvisiere-ameriglo-hackathorn-nacht-visiere","status":"publish","type":"product","link":"https:\/\/eshop.tca.sk\/de\/waffenvisiere\/tritiumvisiere-ameriglo-hackathorn-nacht-visiere\/","title":{"rendered":"Tritiumvisiere AMERIGLO Hackathorn Nachtzielger\u00e4te f\u00fcr GLOCK"},"content":{"rendered":"<h3><strong>Tritiumvisiere AMERIGLO Hackathorn Nachtzielger\u00e4te f\u00fcr GLOCK<\/strong><\/h3>\n<p>Die <strong>Ameriglo Hackathorn Visierung<\/strong> bietet einen gr\u00fcnen Tritiumeinsatz, der von einer orangefarbenen Umrandung auf dem Korn umgeben ist, sowie ein mattschwarzes Absehen.<\/p>\n<p>Der vordere Tritium-Liner wird von Trijicon hergestellt und von Ameriglo installiert.<\/p>\n<ul>\n<li>Gebrauch: F\u00fcr die Glock Modelle 17, 19, 22, 26, 34 usw. einschlie\u00dflich 5. Generationen<\/li>\n<li>Stahl Tritium Visier<\/li>\n<li>Sehr haltbar<\/li>\n<li>Tritium &#8211; ben\u00f6tigt keine Lichtquelle oder Beleuchtung &#8211; es leuchtet von selbst<\/li>\n<li>Erm\u00f6glicht Ihnen das Zielen auch bei absoluter Dunkelheit<\/li>\n<\/ul>\n","protected":false},"excerpt":{"rendered":"<p><img loading=\"lazy\" decoding=\"async\" class=\"alignnone wp-image-8102\" src=\"https:\/\/eshop.tca.sk\/wp-content\/uploads\/2023\/01\/logo-ameriglo.png\" alt=\"\" width=\"86\" height=\"73\" srcset=\"https:\/\/eshop.tca.sk\/wp-content\/uploads\/2023\/01\/logo-ameriglo.png 547w, https:\/\/eshop.tca.sk\/wp-content\/uploads\/2023\/01\/logo-ameriglo-300x256.png 300w\" sizes=\"auto, (max-width: 86px) 100vw, 86px\" \/><\/p>\n<p>Die <strong>Ameriglo Hackathorn Visierung<\/strong> bietet einen gr\u00fcnen Tritiumeinsatz, der von einer orangefarbenen Umrandung auf dem Korn umgeben ist, sowie ein mattschwarzes Absehen.<\/p>\n<p><img loading=\"lazy\" decoding=\"async\" class=\"wp-image-8564 alignnone\" src=\"https:\/\/eshop.tca.sk\/wp-content\/uploads\/2023\/04\/Logo-Whack-Black-White-R-APPROVED.png\" alt=\"\" width=\"138\" height=\"75\" srcset=\"https:\/\/eshop.tca.sk\/wp-content\/uploads\/2023\/04\/Logo-Whack-Black-White-R-APPROVED.png 571w, https:\/\/eshop.tca.sk\/wp-content\/uploads\/2023\/04\/Logo-Whack-Black-White-R-APPROVED-300x163.png 300w\" sizes=\"auto, (max-width: 138px) 100vw, 138px\" \/><\/p>\n<p>Vom <strong>TCA<\/strong> und dem <strong>WHACK<\/strong>-System verwendete und empfohlene Equipment.<\/p>\n","protected":false},"featured_media":12015,"template":"","meta":{"inline_featured_image":false},"product_brand":[],"product_cat":[417,318],"product_tag":[],"giftcard-category":[],"class_list":{"0":"post-12276","1":"product","2":"type-product","3":"status-publish","4":"has-post-thumbnail","6":"product_cat-waffenvisiere","7":"product_cat-waffenzubehoer","9":"first","10":"outofstock","11":"taxable","12":"shipping-taxable","13":"purchasable","14":"product-type-simple"},"yoast_head":"<!-- This site is optimized with the Yoast SEO plugin v26.4 - https:\/\/yoast.com\/wordpress\/plugins\/seo\/ -->\n<title>Tritiumvisiere AMERIGLO Hackathorn Nachtzielger\u00e4te f\u00fcr GLOCK - TCA eShop - Tactical Combat Academy<\/title>\n<meta name=\"description\" content=\"Die Ameriglo Hackathorn Visiere bietet einen gr\u00fcnen Tritiumeinsatz, der von einer orangefarbenen Umrandung auf dem Korn umgeben ist, sowie ein mattschwarzes Absehen.\" \/>\n<meta name=\"robots\" content=\"index, follow, max-snippet:-1, max-image-preview:large, max-video-preview:-1\" \/>\n<link rel=\"canonical\" href=\"https:\/\/eshop.tca.sk\/de\/waffenvisiere\/tritiumvisiere-ameriglo-hackathorn-nacht-visiere\/\" \/>\n<meta property=\"og:locale\" content=\"de_DE\" \/>\n<meta property=\"og:type\" content=\"article\" \/>\n<meta property=\"og:title\" content=\"Tritiumvisiere AMERIGLO Hackathorn Nachtzielger\u00e4te f\u00fcr GLOCK - TCA eShop - Tactical Combat Academy\" \/>\n<meta property=\"og:description\" content=\"Die Ameriglo Hackathorn Visiere bietet einen gr\u00fcnen Tritiumeinsatz, der von einer orangefarbenen Umrandung auf dem Korn umgeben ist, sowie ein mattschwarzes Absehen.\" \/>\n<meta property=\"og:url\" content=\"https:\/\/eshop.tca.sk\/de\/waffenvisiere\/tritiumvisiere-ameriglo-hackathorn-nacht-visiere\/\" \/>\n<meta property=\"og:site_name\" content=\"TCA eShop - Tactical Combat Academy\" \/>\n<meta property=\"article:modified_time\" content=\"2025-11-26T10:34:47+00:00\" \/>\n<meta property=\"og:image\" content=\"https:\/\/eshop.tca.sk\/wp-content\/uploads\/2024\/05\/Triciove-mieridla-AMERIGLO-Hackathorn-pre-GLOCK.jpg\" \/>\n\t<meta property=\"og:image:width\" content=\"1000\" \/>\n\t<meta property=\"og:image:height\" content=\"1000\" \/>\n\t<meta property=\"og:image:type\" content=\"image\/jpeg\" \/>\n<meta name=\"twitter:card\" content=\"summary_large_image\" \/>\n<script type=\"application\/ld+json\" class=\"yoast-schema-graph\">{\"@context\":\"https:\/\/schema.org\",\"@graph\":[{\"@type\":\"WebPage\",\"@id\":\"https:\/\/eshop.tca.sk\/de\/waffenvisiere\/tritiumvisiere-ameriglo-hackathorn-nacht-visiere\/\",\"url\":\"https:\/\/eshop.tca.sk\/de\/waffenvisiere\/tritiumvisiere-ameriglo-hackathorn-nacht-visiere\/\",\"name\":\"Tritiumvisiere AMERIGLO Hackathorn Nachtzielger\u00e4te f\u00fcr GLOCK - TCA eShop - Tactical Combat Academy\",\"isPartOf\":{\"@id\":\"https:\/\/eshop.tca.sk\/de\/#website\"},\"primaryImageOfPage\":{\"@id\":\"https:\/\/eshop.tca.sk\/de\/waffenvisiere\/tritiumvisiere-ameriglo-hackathorn-nacht-visiere\/#primaryimage\"},\"image\":{\"@id\":\"https:\/\/eshop.tca.sk\/de\/waffenvisiere\/tritiumvisiere-ameriglo-hackathorn-nacht-visiere\/#primaryimage\"},\"thumbnailUrl\":\"https:\/\/eshop.tca.sk\/wp-content\/uploads\/2024\/05\/Triciove-mieridla-AMERIGLO-Hackathorn-pre-GLOCK.jpg\",\"datePublished\":\"2024-05-07T07:54:52+00:00\",\"dateModified\":\"2025-11-26T10:34:47+00:00\",\"description\":\"Die Ameriglo Hackathorn Visiere bietet einen gr\u00fcnen Tritiumeinsatz, der von einer orangefarbenen Umrandung auf dem Korn umgeben ist, sowie ein mattschwarzes Absehen.\",\"breadcrumb\":{\"@id\":\"https:\/\/eshop.tca.sk\/de\/waffenvisiere\/tritiumvisiere-ameriglo-hackathorn-nacht-visiere\/#breadcrumb\"},\"inLanguage\":\"de\",\"potentialAction\":[{\"@type\":\"ReadAction\",\"target\":[\"https:\/\/eshop.tca.sk\/de\/waffenvisiere\/tritiumvisiere-ameriglo-hackathorn-nacht-visiere\/\"]}]},{\"@type\":\"ImageObject\",\"inLanguage\":\"de\",\"@id\":\"https:\/\/eshop.tca.sk\/de\/waffenvisiere\/tritiumvisiere-ameriglo-hackathorn-nacht-visiere\/#primaryimage\",\"url\":\"https:\/\/eshop.tca.sk\/wp-content\/uploads\/2024\/05\/Triciove-mieridla-AMERIGLO-Hackathorn-pre-GLOCK.jpg\",\"contentUrl\":\"https:\/\/eshop.tca.sk\/wp-content\/uploads\/2024\/05\/Triciove-mieridla-AMERIGLO-Hackathorn-pre-GLOCK.jpg\",\"width\":1000,\"height\":1000},{\"@type\":\"BreadcrumbList\",\"@id\":\"https:\/\/eshop.tca.sk\/de\/waffenvisiere\/tritiumvisiere-ameriglo-hackathorn-nacht-visiere\/#breadcrumb\",\"itemListElement\":[{\"@type\":\"ListItem\",\"position\":1,\"name\":\"Domovsk\u00e1 str\u00e1nka\",\"item\":\"https:\/\/eshop.tca.sk\/de\/\"},{\"@type\":\"ListItem\",\"position\":2,\"name\":\"Shop\",\"item\":\"https:\/\/eshop.tca.sk\/de\/shop\/\"},{\"@type\":\"ListItem\",\"position\":3,\"name\":\"Tritiumvisiere AMERIGLO Hackathorn Nachtzielger\u00e4te f\u00fcr GLOCK\"}]},{\"@type\":\"WebSite\",\"@id\":\"https:\/\/eshop.tca.sk\/de\/#website\",\"url\":\"https:\/\/eshop.tca.sk\/de\/\",\"name\":\"TCA eShop - Tactical Combat Academy\",\"description\":\"Tactical Combat Academy\",\"publisher\":{\"@id\":\"https:\/\/eshop.tca.sk\/de\/#organization\"},\"potentialAction\":[{\"@type\":\"SearchAction\",\"target\":{\"@type\":\"EntryPoint\",\"urlTemplate\":\"https:\/\/eshop.tca.sk\/de\/?s={search_term_string}\"},\"query-input\":{\"@type\":\"PropertyValueSpecification\",\"valueRequired\":true,\"valueName\":\"search_term_string\"}}],\"inLanguage\":\"de\"},{\"@type\":\"Organization\",\"@id\":\"https:\/\/eshop.tca.sk\/de\/#organization\",\"name\":\"TCA eShop - Tactical Combat Academy\",\"url\":\"https:\/\/eshop.tca.sk\/de\/\",\"logo\":{\"@type\":\"ImageObject\",\"inLanguage\":\"de\",\"@id\":\"https:\/\/eshop.tca.sk\/de\/#\/schema\/logo\/image\/\",\"url\":\"https:\/\/eshop.tca.sk\/wp-content\/uploads\/2025\/06\/logo-new-header.png\",\"contentUrl\":\"https:\/\/eshop.tca.sk\/wp-content\/uploads\/2025\/06\/logo-new-header.png\",\"width\":300,\"height\":294,\"caption\":\"TCA eShop - Tactical Combat Academy\"},\"image\":{\"@id\":\"https:\/\/eshop.tca.sk\/de\/#\/schema\/logo\/image\/\"}}]}<\/script>\n<!-- \/ Yoast SEO plugin. -->","yoast_head_json":{"title":"Tritiumvisiere AMERIGLO Hackathorn Nachtzielger\u00e4te f\u00fcr GLOCK - TCA eShop - Tactical Combat Academy","description":"Die Ameriglo Hackathorn Visiere bietet einen gr\u00fcnen Tritiumeinsatz, der von einer orangefarbenen Umrandung auf dem Korn umgeben ist, sowie ein mattschwarzes Absehen.","robots":{"index":"index","follow":"follow","max-snippet":"max-snippet:-1","max-image-preview":"max-image-preview:large","max-video-preview":"max-video-preview:-1"},"canonical":"https:\/\/eshop.tca.sk\/de\/waffenvisiere\/tritiumvisiere-ameriglo-hackathorn-nacht-visiere\/","og_locale":"de_DE","og_type":"article","og_title":"Tritiumvisiere AMERIGLO Hackathorn Nachtzielger\u00e4te f\u00fcr GLOCK - TCA eShop - Tactical Combat Academy","og_description":"Die Ameriglo Hackathorn Visiere bietet einen gr\u00fcnen Tritiumeinsatz, der von einer orangefarbenen Umrandung auf dem Korn umgeben ist, sowie ein mattschwarzes Absehen.","og_url":"https:\/\/eshop.tca.sk\/de\/waffenvisiere\/tritiumvisiere-ameriglo-hackathorn-nacht-visiere\/","og_site_name":"TCA eShop - Tactical Combat Academy","article_modified_time":"2025-11-26T10:34:47+00:00","og_image":[{"width":1000,"height":1000,"url":"https:\/\/eshop.tca.sk\/wp-content\/uploads\/2024\/05\/Triciove-mieridla-AMERIGLO-Hackathorn-pre-GLOCK.jpg","type":"image\/jpeg"}],"twitter_card":"summary_large_image","schema":{"@context":"https:\/\/schema.org","@graph":[{"@type":"WebPage","@id":"https:\/\/eshop.tca.sk\/de\/waffenvisiere\/tritiumvisiere-ameriglo-hackathorn-nacht-visiere\/","url":"https:\/\/eshop.tca.sk\/de\/waffenvisiere\/tritiumvisiere-ameriglo-hackathorn-nacht-visiere\/","name":"Tritiumvisiere AMERIGLO Hackathorn Nachtzielger\u00e4te f\u00fcr GLOCK - TCA eShop - Tactical Combat Academy","isPartOf":{"@id":"https:\/\/eshop.tca.sk\/de\/#website"},"primaryImageOfPage":{"@id":"https:\/\/eshop.tca.sk\/de\/waffenvisiere\/tritiumvisiere-ameriglo-hackathorn-nacht-visiere\/#primaryimage"},"image":{"@id":"https:\/\/eshop.tca.sk\/de\/waffenvisiere\/tritiumvisiere-ameriglo-hackathorn-nacht-visiere\/#primaryimage"},"thumbnailUrl":"https:\/\/eshop.tca.sk\/wp-content\/uploads\/2024\/05\/Triciove-mieridla-AMERIGLO-Hackathorn-pre-GLOCK.jpg","datePublished":"2024-05-07T07:54:52+00:00","dateModified":"2025-11-26T10:34:47+00:00","description":"Die Ameriglo Hackathorn Visiere bietet einen gr\u00fcnen Tritiumeinsatz, der von einer orangefarbenen Umrandung auf dem Korn umgeben ist, sowie ein mattschwarzes Absehen.","breadcrumb":{"@id":"https:\/\/eshop.tca.sk\/de\/waffenvisiere\/tritiumvisiere-ameriglo-hackathorn-nacht-visiere\/#breadcrumb"},"inLanguage":"de","potentialAction":[{"@type":"ReadAction","target":["https:\/\/eshop.tca.sk\/de\/waffenvisiere\/tritiumvisiere-ameriglo-hackathorn-nacht-visiere\/"]}]},{"@type":"ImageObject","inLanguage":"de","@id":"https:\/\/eshop.tca.sk\/de\/waffenvisiere\/tritiumvisiere-ameriglo-hackathorn-nacht-visiere\/#primaryimage","url":"https:\/\/eshop.tca.sk\/wp-content\/uploads\/2024\/05\/Triciove-mieridla-AMERIGLO-Hackathorn-pre-GLOCK.jpg","contentUrl":"https:\/\/eshop.tca.sk\/wp-content\/uploads\/2024\/05\/Triciove-mieridla-AMERIGLO-Hackathorn-pre-GLOCK.jpg","width":1000,"height":1000},{"@type":"BreadcrumbList","@id":"https:\/\/eshop.tca.sk\/de\/waffenvisiere\/tritiumvisiere-ameriglo-hackathorn-nacht-visiere\/#breadcrumb","itemListElement":[{"@type":"ListItem","position":1,"name":"Domovsk\u00e1 str\u00e1nka","item":"https:\/\/eshop.tca.sk\/de\/"},{"@type":"ListItem","position":2,"name":"Shop","item":"https:\/\/eshop.tca.sk\/de\/shop\/"},{"@type":"ListItem","position":3,"name":"Tritiumvisiere AMERIGLO Hackathorn Nachtzielger\u00e4te f\u00fcr GLOCK"}]},{"@type":"WebSite","@id":"https:\/\/eshop.tca.sk\/de\/#website","url":"https:\/\/eshop.tca.sk\/de\/","name":"TCA eShop - Tactical Combat Academy","description":"Tactical Combat Academy","publisher":{"@id":"https:\/\/eshop.tca.sk\/de\/#organization"},"potentialAction":[{"@type":"SearchAction","target":{"@type":"EntryPoint","urlTemplate":"https:\/\/eshop.tca.sk\/de\/?s={search_term_string}"},"query-input":{"@type":"PropertyValueSpecification","valueRequired":true,"valueName":"search_term_string"}}],"inLanguage":"de"},{"@type":"Organization","@id":"https:\/\/eshop.tca.sk\/de\/#organization","name":"TCA eShop - Tactical Combat Academy","url":"https:\/\/eshop.tca.sk\/de\/","logo":{"@type":"ImageObject","inLanguage":"de","@id":"https:\/\/eshop.tca.sk\/de\/#\/schema\/logo\/image\/","url":"https:\/\/eshop.tca.sk\/wp-content\/uploads\/2025\/06\/logo-new-header.png","contentUrl":"https:\/\/eshop.tca.sk\/wp-content\/uploads\/2025\/06\/logo-new-header.png","width":300,"height":294,"caption":"TCA eShop - Tactical Combat Academy"},"image":{"@id":"https:\/\/eshop.tca.sk\/de\/#\/schema\/logo\/image\/"}}]}},"_links":{"self":[{"href":"https:\/\/eshop.tca.sk\/de\/wp-json\/wp\/v2\/product\/12276","targetHints":{"allow":["GET"]}}],"collection":[{"href":"https:\/\/eshop.tca.sk\/de\/wp-json\/wp\/v2\/product"}],"about":[{"href":"https:\/\/eshop.tca.sk\/de\/wp-json\/wp\/v2\/types\/product"}],"wp:featuredmedia":[{"embeddable":true,"href":"https:\/\/eshop.tca.sk\/de\/wp-json\/wp\/v2\/media\/12015"}],"wp:attachment":[{"href":"https:\/\/eshop.tca.sk\/de\/wp-json\/wp\/v2\/media?parent=12276"}],"wp:term":[{"taxonomy":"product_brand","embeddable":true,"href":"https:\/\/eshop.tca.sk\/de\/wp-json\/wp\/v2\/product_brand?post=12276"},{"taxonomy":"product_cat","embeddable":true,"href":"https:\/\/eshop.tca.sk\/de\/wp-json\/wp\/v2\/product_cat?post=12276"},{"taxonomy":"product_tag","embeddable":true,"href":"https:\/\/eshop.tca.sk\/de\/wp-json\/wp\/v2\/product_tag?post=12276"},{"taxonomy":"giftcard-category","embeddable":true,"href":"https:\/\/eshop.tca.sk\/de\/wp-json\/wp\/v2\/giftcard-category?post=12276"}],"curies":[{"name":"wp","href":"https:\/\/api.w.org\/{rel}","templated":true}]}}