{"id":12277,"date":"2024-05-07T10:08:24","date_gmt":"2024-05-07T08:08:24","guid":{"rendered":"https:\/\/eshop.tca.sk\/unkategorisiert\/visier-ameriglo-supressor-sight-set-for-glock\/"},"modified":"2025-11-26T11:34:42","modified_gmt":"2025-11-26T10:34:42","slug":"visier-ameriglo-supressor-sight-set-for-glock","status":"publish","type":"product","link":"https:\/\/eshop.tca.sk\/de\/waffenvisiere\/visier-ameriglo-supressor-sight-set-for-glock\/","title":{"rendered":"AMERIGLO Supressor Visier Set f\u00fcr GLOCK"},"content":{"rendered":"<h3><strong>AMERIGLO Supressor Visier Set f\u00fcr GLOCK<\/strong><\/h3>\n<p>Die hohe Visierung erm\u00f6glicht ein korrektes Visierbild beim Schie\u00dfen mit einem Schalld\u00e4mpfer oder bei Verwendung eines Kollimators auf einer <strong>MOS-ausger\u00fcsteten Glock<\/strong>. Das Standard Suppressor Sight Set enth\u00e4lt keine Punkte oder Tritium, wodurch ein klares Bild entsteht. Das Standardvisier hat eine geriffelte Oberfl\u00e4che, die ein Antireflexvisier darstellt. Option, wenn Sie das Visier als Backup f\u00fcr den Kollimator verwenden. Die Konstruktion aus gefr\u00e4stem Stahl hat eine mattschwarze Oberfl\u00e4che.<\/p>\n","protected":false},"excerpt":{"rendered":"<p><img loading=\"lazy\" decoding=\"async\" class=\"alignnone wp-image-8102\" src=\"https:\/\/eshop.tca.sk\/wp-content\/uploads\/2023\/01\/logo-ameriglo.png\" alt=\"\" width=\"86\" height=\"73\" srcset=\"https:\/\/eshop.tca.sk\/wp-content\/uploads\/2023\/01\/logo-ameriglo.png 547w, https:\/\/eshop.tca.sk\/wp-content\/uploads\/2023\/01\/logo-ameriglo-300x256.png 300w\" sizes=\"auto, (max-width: 86px) 100vw, 86px\" \/><\/p>\n<p>Die hohe Visierung erm\u00f6glicht ein korrektes Visierbild beim Schie\u00dfen mit einem Schalld\u00e4mpfer oder bei Verwendung eines Kollimators auf einer <strong>MOS-ausger\u00fcsteten Glock<\/strong>.<\/p>\n<p><img loading=\"lazy\" decoding=\"async\" class=\"wp-image-8564 alignnone\" src=\"https:\/\/eshop.tca.sk\/wp-content\/uploads\/2023\/04\/Logo-Whack-Black-White-R-APPROVED.png\" alt=\"\" width=\"138\" height=\"75\" srcset=\"https:\/\/eshop.tca.sk\/wp-content\/uploads\/2023\/04\/Logo-Whack-Black-White-R-APPROVED.png 571w, https:\/\/eshop.tca.sk\/wp-content\/uploads\/2023\/04\/Logo-Whack-Black-White-R-APPROVED-300x163.png 300w\" sizes=\"auto, (max-width: 138px) 100vw, 138px\" \/><\/p>\n<p>Vom <strong>TCA<\/strong> und dem <strong>WHACK<\/strong>-System verwendete und empfohlene Equipment.<\/p>\n","protected":false},"featured_media":12023,"template":"","meta":{"inline_featured_image":false},"product_brand":[],"product_cat":[417,318],"product_tag":[],"giftcard-category":[],"class_list":{"0":"post-12277","1":"product","2":"type-product","3":"status-publish","4":"has-post-thumbnail","6":"product_cat-waffenvisiere","7":"product_cat-waffenzubehoer","9":"first","10":"instock","11":"taxable","12":"shipping-taxable","13":"purchasable","14":"product-type-simple"},"yoast_head":"<!-- This site is optimized with the Yoast SEO plugin v26.4 - https:\/\/yoast.com\/wordpress\/plugins\/seo\/ -->\n<title>AMERIGLO Supressor Visier Set f\u00fcr GLOCK - TCA eShop - Tactical Combat Academy<\/title>\n<meta name=\"description\" content=\"Die hohe Visierung erm\u00f6glicht ein korrektes Visierbild beim Schie\u00dfen mit einem Schalld\u00e4mpfer oder bei Verwendung eines Kollimators auf einer MOS-ausger\u00fcsteten Glock.\" \/>\n<meta name=\"robots\" content=\"index, follow, max-snippet:-1, max-image-preview:large, max-video-preview:-1\" \/>\n<link rel=\"canonical\" href=\"https:\/\/eshop.tca.sk\/de\/waffenvisiere\/visier-ameriglo-supressor-sight-set-for-glock\/\" \/>\n<meta property=\"og:locale\" content=\"de_DE\" \/>\n<meta property=\"og:type\" content=\"article\" \/>\n<meta property=\"og:title\" content=\"AMERIGLO Supressor Visier Set f\u00fcr GLOCK - TCA eShop - Tactical Combat Academy\" \/>\n<meta property=\"og:description\" content=\"Die hohe Visierung erm\u00f6glicht ein korrektes Visierbild beim Schie\u00dfen mit einem Schalld\u00e4mpfer oder bei Verwendung eines Kollimators auf einer MOS-ausger\u00fcsteten Glock.\" \/>\n<meta property=\"og:url\" content=\"https:\/\/eshop.tca.sk\/de\/waffenvisiere\/visier-ameriglo-supressor-sight-set-for-glock\/\" \/>\n<meta property=\"og:site_name\" content=\"TCA eShop - Tactical Combat Academy\" \/>\n<meta property=\"article:modified_time\" content=\"2025-11-26T10:34:42+00:00\" \/>\n<meta property=\"og:image\" content=\"https:\/\/eshop.tca.sk\/wp-content\/uploads\/2024\/05\/Mieridla-AMERIGLO-Supressor-Sight-Set-pre-GLOCK-1.jpg\" \/>\n\t<meta property=\"og:image:width\" content=\"1000\" \/>\n\t<meta property=\"og:image:height\" content=\"1000\" \/>\n\t<meta property=\"og:image:type\" content=\"image\/jpeg\" \/>\n<meta name=\"twitter:card\" content=\"summary_large_image\" \/>\n<script type=\"application\/ld+json\" class=\"yoast-schema-graph\">{\"@context\":\"https:\/\/schema.org\",\"@graph\":[{\"@type\":\"WebPage\",\"@id\":\"https:\/\/eshop.tca.sk\/de\/waffenvisiere\/visier-ameriglo-supressor-sight-set-for-glock\/\",\"url\":\"https:\/\/eshop.tca.sk\/de\/waffenvisiere\/visier-ameriglo-supressor-sight-set-for-glock\/\",\"name\":\"AMERIGLO Supressor Visier Set f\u00fcr GLOCK - TCA eShop - Tactical Combat Academy\",\"isPartOf\":{\"@id\":\"https:\/\/eshop.tca.sk\/de\/#website\"},\"primaryImageOfPage\":{\"@id\":\"https:\/\/eshop.tca.sk\/de\/waffenvisiere\/visier-ameriglo-supressor-sight-set-for-glock\/#primaryimage\"},\"image\":{\"@id\":\"https:\/\/eshop.tca.sk\/de\/waffenvisiere\/visier-ameriglo-supressor-sight-set-for-glock\/#primaryimage\"},\"thumbnailUrl\":\"https:\/\/eshop.tca.sk\/wp-content\/uploads\/2024\/05\/Mieridla-AMERIGLO-Supressor-Sight-Set-pre-GLOCK-1.jpg\",\"datePublished\":\"2024-05-07T08:08:24+00:00\",\"dateModified\":\"2025-11-26T10:34:42+00:00\",\"description\":\"Die hohe Visierung erm\u00f6glicht ein korrektes Visierbild beim Schie\u00dfen mit einem Schalld\u00e4mpfer oder bei Verwendung eines Kollimators auf einer MOS-ausger\u00fcsteten Glock.\",\"breadcrumb\":{\"@id\":\"https:\/\/eshop.tca.sk\/de\/waffenvisiere\/visier-ameriglo-supressor-sight-set-for-glock\/#breadcrumb\"},\"inLanguage\":\"de\",\"potentialAction\":[{\"@type\":\"ReadAction\",\"target\":[\"https:\/\/eshop.tca.sk\/de\/waffenvisiere\/visier-ameriglo-supressor-sight-set-for-glock\/\"]}]},{\"@type\":\"ImageObject\",\"inLanguage\":\"de\",\"@id\":\"https:\/\/eshop.tca.sk\/de\/waffenvisiere\/visier-ameriglo-supressor-sight-set-for-glock\/#primaryimage\",\"url\":\"https:\/\/eshop.tca.sk\/wp-content\/uploads\/2024\/05\/Mieridla-AMERIGLO-Supressor-Sight-Set-pre-GLOCK-1.jpg\",\"contentUrl\":\"https:\/\/eshop.tca.sk\/wp-content\/uploads\/2024\/05\/Mieridla-AMERIGLO-Supressor-Sight-Set-pre-GLOCK-1.jpg\",\"width\":1000,\"height\":1000},{\"@type\":\"BreadcrumbList\",\"@id\":\"https:\/\/eshop.tca.sk\/de\/waffenvisiere\/visier-ameriglo-supressor-sight-set-for-glock\/#breadcrumb\",\"itemListElement\":[{\"@type\":\"ListItem\",\"position\":1,\"name\":\"Domovsk\u00e1 str\u00e1nka\",\"item\":\"https:\/\/eshop.tca.sk\/de\/\"},{\"@type\":\"ListItem\",\"position\":2,\"name\":\"Shop\",\"item\":\"https:\/\/eshop.tca.sk\/de\/shop\/\"},{\"@type\":\"ListItem\",\"position\":3,\"name\":\"AMERIGLO Supressor Visier Set f\u00fcr GLOCK\"}]},{\"@type\":\"WebSite\",\"@id\":\"https:\/\/eshop.tca.sk\/de\/#website\",\"url\":\"https:\/\/eshop.tca.sk\/de\/\",\"name\":\"TCA eShop - Tactical Combat Academy\",\"description\":\"Tactical Combat Academy\",\"publisher\":{\"@id\":\"https:\/\/eshop.tca.sk\/de\/#organization\"},\"potentialAction\":[{\"@type\":\"SearchAction\",\"target\":{\"@type\":\"EntryPoint\",\"urlTemplate\":\"https:\/\/eshop.tca.sk\/de\/?s={search_term_string}\"},\"query-input\":{\"@type\":\"PropertyValueSpecification\",\"valueRequired\":true,\"valueName\":\"search_term_string\"}}],\"inLanguage\":\"de\"},{\"@type\":\"Organization\",\"@id\":\"https:\/\/eshop.tca.sk\/de\/#organization\",\"name\":\"TCA eShop - Tactical Combat Academy\",\"url\":\"https:\/\/eshop.tca.sk\/de\/\",\"logo\":{\"@type\":\"ImageObject\",\"inLanguage\":\"de\",\"@id\":\"https:\/\/eshop.tca.sk\/de\/#\/schema\/logo\/image\/\",\"url\":\"https:\/\/eshop.tca.sk\/wp-content\/uploads\/2025\/06\/logo-new-header.png\",\"contentUrl\":\"https:\/\/eshop.tca.sk\/wp-content\/uploads\/2025\/06\/logo-new-header.png\",\"width\":300,\"height\":294,\"caption\":\"TCA eShop - Tactical Combat Academy\"},\"image\":{\"@id\":\"https:\/\/eshop.tca.sk\/de\/#\/schema\/logo\/image\/\"}}]}<\/script>\n<!-- \/ Yoast SEO plugin. -->","yoast_head_json":{"title":"AMERIGLO Supressor Visier Set f\u00fcr GLOCK - TCA eShop - Tactical Combat Academy","description":"Die hohe Visierung erm\u00f6glicht ein korrektes Visierbild beim Schie\u00dfen mit einem Schalld\u00e4mpfer oder bei Verwendung eines Kollimators auf einer MOS-ausger\u00fcsteten Glock.","robots":{"index":"index","follow":"follow","max-snippet":"max-snippet:-1","max-image-preview":"max-image-preview:large","max-video-preview":"max-video-preview:-1"},"canonical":"https:\/\/eshop.tca.sk\/de\/waffenvisiere\/visier-ameriglo-supressor-sight-set-for-glock\/","og_locale":"de_DE","og_type":"article","og_title":"AMERIGLO Supressor Visier Set f\u00fcr GLOCK - TCA eShop - Tactical Combat Academy","og_description":"Die hohe Visierung erm\u00f6glicht ein korrektes Visierbild beim Schie\u00dfen mit einem Schalld\u00e4mpfer oder bei Verwendung eines Kollimators auf einer MOS-ausger\u00fcsteten Glock.","og_url":"https:\/\/eshop.tca.sk\/de\/waffenvisiere\/visier-ameriglo-supressor-sight-set-for-glock\/","og_site_name":"TCA eShop - Tactical Combat Academy","article_modified_time":"2025-11-26T10:34:42+00:00","og_image":[{"width":1000,"height":1000,"url":"https:\/\/eshop.tca.sk\/wp-content\/uploads\/2024\/05\/Mieridla-AMERIGLO-Supressor-Sight-Set-pre-GLOCK-1.jpg","type":"image\/jpeg"}],"twitter_card":"summary_large_image","schema":{"@context":"https:\/\/schema.org","@graph":[{"@type":"WebPage","@id":"https:\/\/eshop.tca.sk\/de\/waffenvisiere\/visier-ameriglo-supressor-sight-set-for-glock\/","url":"https:\/\/eshop.tca.sk\/de\/waffenvisiere\/visier-ameriglo-supressor-sight-set-for-glock\/","name":"AMERIGLO Supressor Visier Set f\u00fcr GLOCK - TCA eShop - Tactical Combat Academy","isPartOf":{"@id":"https:\/\/eshop.tca.sk\/de\/#website"},"primaryImageOfPage":{"@id":"https:\/\/eshop.tca.sk\/de\/waffenvisiere\/visier-ameriglo-supressor-sight-set-for-glock\/#primaryimage"},"image":{"@id":"https:\/\/eshop.tca.sk\/de\/waffenvisiere\/visier-ameriglo-supressor-sight-set-for-glock\/#primaryimage"},"thumbnailUrl":"https:\/\/eshop.tca.sk\/wp-content\/uploads\/2024\/05\/Mieridla-AMERIGLO-Supressor-Sight-Set-pre-GLOCK-1.jpg","datePublished":"2024-05-07T08:08:24+00:00","dateModified":"2025-11-26T10:34:42+00:00","description":"Die hohe Visierung erm\u00f6glicht ein korrektes Visierbild beim Schie\u00dfen mit einem Schalld\u00e4mpfer oder bei Verwendung eines Kollimators auf einer MOS-ausger\u00fcsteten Glock.","breadcrumb":{"@id":"https:\/\/eshop.tca.sk\/de\/waffenvisiere\/visier-ameriglo-supressor-sight-set-for-glock\/#breadcrumb"},"inLanguage":"de","potentialAction":[{"@type":"ReadAction","target":["https:\/\/eshop.tca.sk\/de\/waffenvisiere\/visier-ameriglo-supressor-sight-set-for-glock\/"]}]},{"@type":"ImageObject","inLanguage":"de","@id":"https:\/\/eshop.tca.sk\/de\/waffenvisiere\/visier-ameriglo-supressor-sight-set-for-glock\/#primaryimage","url":"https:\/\/eshop.tca.sk\/wp-content\/uploads\/2024\/05\/Mieridla-AMERIGLO-Supressor-Sight-Set-pre-GLOCK-1.jpg","contentUrl":"https:\/\/eshop.tca.sk\/wp-content\/uploads\/2024\/05\/Mieridla-AMERIGLO-Supressor-Sight-Set-pre-GLOCK-1.jpg","width":1000,"height":1000},{"@type":"BreadcrumbList","@id":"https:\/\/eshop.tca.sk\/de\/waffenvisiere\/visier-ameriglo-supressor-sight-set-for-glock\/#breadcrumb","itemListElement":[{"@type":"ListItem","position":1,"name":"Domovsk\u00e1 str\u00e1nka","item":"https:\/\/eshop.tca.sk\/de\/"},{"@type":"ListItem","position":2,"name":"Shop","item":"https:\/\/eshop.tca.sk\/de\/shop\/"},{"@type":"ListItem","position":3,"name":"AMERIGLO Supressor Visier Set f\u00fcr GLOCK"}]},{"@type":"WebSite","@id":"https:\/\/eshop.tca.sk\/de\/#website","url":"https:\/\/eshop.tca.sk\/de\/","name":"TCA eShop - Tactical Combat Academy","description":"Tactical Combat Academy","publisher":{"@id":"https:\/\/eshop.tca.sk\/de\/#organization"},"potentialAction":[{"@type":"SearchAction","target":{"@type":"EntryPoint","urlTemplate":"https:\/\/eshop.tca.sk\/de\/?s={search_term_string}"},"query-input":{"@type":"PropertyValueSpecification","valueRequired":true,"valueName":"search_term_string"}}],"inLanguage":"de"},{"@type":"Organization","@id":"https:\/\/eshop.tca.sk\/de\/#organization","name":"TCA eShop - Tactical Combat Academy","url":"https:\/\/eshop.tca.sk\/de\/","logo":{"@type":"ImageObject","inLanguage":"de","@id":"https:\/\/eshop.tca.sk\/de\/#\/schema\/logo\/image\/","url":"https:\/\/eshop.tca.sk\/wp-content\/uploads\/2025\/06\/logo-new-header.png","contentUrl":"https:\/\/eshop.tca.sk\/wp-content\/uploads\/2025\/06\/logo-new-header.png","width":300,"height":294,"caption":"TCA eShop - Tactical Combat Academy"},"image":{"@id":"https:\/\/eshop.tca.sk\/de\/#\/schema\/logo\/image\/"}}]}},"_links":{"self":[{"href":"https:\/\/eshop.tca.sk\/de\/wp-json\/wp\/v2\/product\/12277","targetHints":{"allow":["GET"]}}],"collection":[{"href":"https:\/\/eshop.tca.sk\/de\/wp-json\/wp\/v2\/product"}],"about":[{"href":"https:\/\/eshop.tca.sk\/de\/wp-json\/wp\/v2\/types\/product"}],"wp:featuredmedia":[{"embeddable":true,"href":"https:\/\/eshop.tca.sk\/de\/wp-json\/wp\/v2\/media\/12023"}],"wp:attachment":[{"href":"https:\/\/eshop.tca.sk\/de\/wp-json\/wp\/v2\/media?parent=12277"}],"wp:term":[{"taxonomy":"product_brand","embeddable":true,"href":"https:\/\/eshop.tca.sk\/de\/wp-json\/wp\/v2\/product_brand?post=12277"},{"taxonomy":"product_cat","embeddable":true,"href":"https:\/\/eshop.tca.sk\/de\/wp-json\/wp\/v2\/product_cat?post=12277"},{"taxonomy":"product_tag","embeddable":true,"href":"https:\/\/eshop.tca.sk\/de\/wp-json\/wp\/v2\/product_tag?post=12277"},{"taxonomy":"giftcard-category","embeddable":true,"href":"https:\/\/eshop.tca.sk\/de\/wp-json\/wp\/v2\/giftcard-category?post=12277"}],"curies":[{"name":"wp","href":"https:\/\/api.w.org\/{rel}","templated":true}]}}