{"id":12301,"date":"2024-05-16T10:49:10","date_gmt":"2024-05-16T08:49:10","guid":{"rendered":"https:\/\/eshop.tca.sk\/?post_type=product&#038;p=12301"},"modified":"2025-11-23T18:36:53","modified_gmt":"2025-11-23T17:36:53","slug":"plattentraeger-frog-pro-hawk-plate-carrier-multicam","status":"publish","type":"product","link":"https:\/\/eshop.tca.sk\/de\/taktische-westen\/plattentraeger-frog-pro-hawk-plate-carrier-multicam\/","title":{"rendered":"Plattentr\u00e4ger FROG.PRO Hawk Plate Carrier MULTICAM"},"content":{"rendered":"<h3><strong>Plattentr\u00e4ger FROG.PRO Hawk Plate Carrier MULTICAM<\/strong><\/h3>\n<p><span style=\"text-decoration: underline;\"><strong>Bei der Entwicklung dieses Produkts wurde nichts dem Zufall \u00fcberlassen.<\/strong><\/span><\/p>\n<p><strong>Der HAWK-Plattentr\u00e4ger stellt die Spitze der Plattentr\u00e4ger im Kampf dar. Dank seines minimalistischen Designs, kombiniert mit geringem Gewicht, Ergonomie, Modularit\u00e4t und integrierten Technologiel\u00f6sungen, ist er in den heutigen Kampfszenarien in Bezug auf Leistung und Nutzen un\u00fcbertroffen.<\/strong><\/p>\n<p>Die ergonomische Form der Schulterpolster und ihrer halbstarren Einlagen ist so konzipiert, dass sie die Schulter umschlie\u00dfen, das Gewicht auf den Trapezmuskel verteilen und die Erm\u00fcdung des Nackens verringern, w\u00e4hrend sie gleichzeitig maximale Bewegungsfreiheit und eine sichere Positionierung des Gewehrs auf der Schulter erm\u00f6glichen. <strong>MOLLE-PALS-\u00d6ffnungen<\/strong> erm\u00f6glichen den Austritt des Kopfh\u00f6rerkabels in der gew\u00fcnschten Position und bieten dar\u00fcber hinaus ein sicheres System zur Befestigung des LPU w\u00e4hrend Seeeins\u00e4tzen.<\/p>\n<p>Die Teile, die mit dem K\u00f6rper in Ber\u00fchrung kommen, sind mit einer Polsterung aus geschlossenzelligem Polyethylenschaum mit lasergeschnittenen Kreisen ausgestattet, die in Verbindung mit dem 3D-Air-Mesh-Gewebe die Bel\u00fcftung verbessert und die durch Schwei\u00df verursachte Feuchtigkeitsbildung im Brustbereich reduziert, was den Komfort auch bei l\u00e4ngerem Gebrauch verbessert.<\/p>\n<p>Das <strong>Open Top Design<\/strong> der Plattentaschen garantiert eine perfekte Passform f\u00fcr alle Modelle von ballistischen Platten und bietet au\u00dferdem einen einfachen Zugang zum vorderen Teil, so dass der Benutzer beim Einrichten der Ausr\u00fcstung leicht mit den MOLLE PALS arbeiten kann.<\/p>\n<p>Die Struktur des HAWK, die vollst\u00e4ndig aus LAHYCO-Verbundstoff besteht, wurde durch Eins\u00e4tze aus Tegris\u00ae-Technopolymer verst\u00e4rkt, die die Stabilit\u00e4t der R\u00fcckwand und der Phone- und Nav-Boards erh\u00f6hen und die Ablesbarkeit und Nutzbarkeit der Instrumente bei Bewegungen und HAHO-Spr\u00fcngen verbessern.<\/p>\n<p>Das <strong>Multi-Dot MOLLE PALS System von FROG.PRO\u00ae<\/strong>, das auf allen Plattentr\u00e4gern vorhanden ist, erm\u00f6glicht neben der Befestigung von Taschen auch das Anbringen von Schrauben oder Schockschn\u00fcren zur Befestigung von Hilfsmitteln wie PTT, Chemlights oder Tourniquets.<\/p>\n<p>Der <strong>QR Air Cummerbund<\/strong>, leicht und robust, ist mit Quick Release ROC-Schnallen in versetzter Position ausgestattet, um den vorderen Platz f\u00fcr Funkger\u00e4t und Mag Pouches zu maximieren. Die Innenseite des Kummerbundes ist mit einem Velcro\u00ae Velours-Schlaufenverschluss versehen, der es erm\u00f6glicht, verschiedene Arten von Eins\u00e4tzen wie MBITR Velcro Insert, 5.56 Mag Velcro Insert, etc. zu verwenden. Die Einstellung durch die R\u00fcckenschnur ist nicht nur schnell und intuitiv, sondern erm\u00f6glicht auch die Ausdehnung des Brustkorbs bei k\u00f6rperlicher Anstrengung.<\/p>\n<p>Der R\u00fccken und der hintere Teil des Kummerbundes sind mit einer Schnittstelle f\u00fcr das neue patentierte U.LOK-Magnetsystem ausgestattet, das ein neues Konzept der Modularit\u00e4t einf\u00fchrt, das ein sofortiges Abnehmen und Wiederanbringen von Ladetaschen und R\u00fcckenteilen erm\u00f6glicht.<\/p>\n<h4><strong>Der HAWK-Plattentr\u00e4ger besteht aus den folgenden Elementen:<\/strong><\/h4>\n<ul>\n<li>HAWK Plate Carrier, vordere und hintere Plattentaschen<\/li>\n<li>Komfort-Schulterpolster<\/li>\n<li>QR Air Kummerbund<\/li>\n<li>Modularer Aufkl\u00e4rungs-K\u00e4nguru-Beutel<\/li>\n<li>n.3 5.56 Mag Kletteins\u00e4tze<\/li>\n<li>Elastische Open Top Abzieher Kit<\/li>\n<\/ul>\n<p><strong><span style=\"text-decoration: underline;\">Der HAWK Plate Carrier ist in zwei Gr\u00f6\u00dfen erh\u00e4ltlich: :<\/span><\/strong><\/p>\n<p>&#8211; die Gr\u00f6\u00dfe SM\/MD hat einen SM\/MD QR Air Cummerbund mit 5 bis 7 MOLLE PALS S\u00e4ulen pro Seite<br \/>\n&#8211; die Gr\u00f6\u00dfe LG\/XL verf\u00fcgt \u00fcber einen LG\/XL QR Air Cummerbund mit 7 bis 9 MOLLE PALS S\u00e4ulen pro Seite<\/p>\n<p>Die Liebe zum Detail, kombiniert mit individuellem Design, bietet ein einzigartiges Produkt, das unser Engagement f\u00fcr &#8220;State of the Art&#8221;-Milit\u00e4rtechnik widerspiegelt.<\/p>\n<p><iframe loading=\"lazy\" title=\"FROG PRO\u00ae | Tailored gear, human made.\" width=\"1170\" height=\"658\" src=\"https:\/\/www.youtube.com\/embed\/7d5tz3DPVU4?feature=oembed&#038;enablejsapi=1&#038;origin=https:\/\/eshop.tca.sk\" frameborder=\"0\" allow=\"accelerometer; autoplay; clipboard-write; encrypted-media; gyroscope; picture-in-picture; web-share\" referrerpolicy=\"strict-origin-when-cross-origin\" allowfullscreen><\/iframe><\/p>\n<p>&nbsp;<\/p>\n","protected":false},"excerpt":{"rendered":"<p><img loading=\"lazy\" decoding=\"async\" class=\"alignnone wp-image-10791\" src=\"https:\/\/eshop.tca.sk\/wp-content\/uploads\/2024\/04\/FROG.png\" alt=\"\" width=\"144\" height=\"66\" srcset=\"https:\/\/eshop.tca.sk\/wp-content\/uploads\/2024\/04\/FROG.png 291w, https:\/\/eshop.tca.sk\/wp-content\/uploads\/2024\/04\/FROG-24x11.png 24w, https:\/\/eshop.tca.sk\/wp-content\/uploads\/2024\/04\/FROG-36x16.png 36w, https:\/\/eshop.tca.sk\/wp-content\/uploads\/2024\/04\/FROG-48x22.png 48w\" sizes=\"auto, (max-width: 144px) 100vw, 144px\" \/><\/p>\n<p>Der HAWK-Plattentr\u00e4ger stellt die Spitze der Plattentr\u00e4ger im Kampf dar. Dank seines minimalistischen Designs, kombiniert mit geringem Gewicht, Ergonomie, Modularit\u00e4t und integrierten Technologiel\u00f6sungen, ist er in den heutigen Kampfszenarien in Bezug auf Leistung und Nutzen un\u00fcbertroffen.<\/p>\n<p><img loading=\"lazy\" decoding=\"async\" class=\"wp-image-8564 alignnone\" src=\"https:\/\/eshop.tca.sk\/wp-content\/uploads\/2023\/04\/Logo-Whack-Black-White-R-APPROVED.png\" alt=\"\" width=\"138\" height=\"75\" srcset=\"https:\/\/eshop.tca.sk\/wp-content\/uploads\/2023\/04\/Logo-Whack-Black-White-R-APPROVED.png 571w, https:\/\/eshop.tca.sk\/wp-content\/uploads\/2023\/04\/Logo-Whack-Black-White-R-APPROVED-300x163.png 300w\" sizes=\"auto, (max-width: 138px) 100vw, 138px\" \/><\/p>\n<p>Vom <a href=\"https:\/\/www.tca.sk\/\"><strong>TCA<\/strong><\/a> und dem <strong><a href=\"https:\/\/www.tca.sk\/profil\/ako-zacat-s-kurzami\">WHACK-System<\/a><\/strong> verwendete und empfohlene Equipment.<\/p>\n","protected":false},"featured_media":12307,"template":"","meta":{"inline_featured_image":false},"product_brand":[],"product_cat":[323,616,470],"product_tag":[565],"giftcard-category":[],"class_list":{"0":"post-12301","1":"product","2":"type-product","3":"status-publish","4":"has-post-thumbnail","6":"product_cat-ausruestung","7":"product_cat-plattentraeger","8":"product_cat-taktische-westen","9":"product_tag-frog-pro-de","11":"first","12":"instock","13":"taxable","14":"shipping-taxable","15":"purchasable","16":"product-type-variable"},"yoast_head":"<!-- This site is optimized with the Yoast SEO plugin v26.4 - https:\/\/yoast.com\/wordpress\/plugins\/seo\/ -->\n<title>Plattentr\u00e4ger FROG.PRO Hawk Plate Carrier MULTICAM - TCA eShop - Tactical Combat Academy<\/title>\n<meta name=\"description\" content=\"Der HAWK-Plattentr\u00e4ger stellt die Spitze der Plattentr\u00e4ger im Kampf dar. Dank seines minimalistischen Designs, kombiniert mit geringem Gewicht, Ergonomie, Modularit\u00e4t und integrierten Technologiel\u00f6sungen, ist er in den heutigen Kampfszenarien in Bezug auf Leistung und Nutzen un\u00fcbertroffen.\" \/>\n<meta name=\"robots\" content=\"index, follow, max-snippet:-1, max-image-preview:large, max-video-preview:-1\" \/>\n<link rel=\"canonical\" href=\"https:\/\/eshop.tca.sk\/de\/taktische-westen\/plattentraeger-frog-pro-hawk-plate-carrier-multicam\/\" \/>\n<meta property=\"og:locale\" content=\"de_DE\" \/>\n<meta property=\"og:type\" content=\"article\" \/>\n<meta property=\"og:title\" content=\"Plattentr\u00e4ger FROG.PRO Hawk Plate Carrier MULTICAM - TCA eShop - Tactical Combat Academy\" \/>\n<meta property=\"og:description\" content=\"Der HAWK-Plattentr\u00e4ger stellt die Spitze der Plattentr\u00e4ger im Kampf dar. Dank seines minimalistischen Designs, kombiniert mit geringem Gewicht, Ergonomie, Modularit\u00e4t und integrierten Technologiel\u00f6sungen, ist er in den heutigen Kampfszenarien in Bezug auf Leistung und Nutzen un\u00fcbertroffen.\" \/>\n<meta property=\"og:url\" content=\"https:\/\/eshop.tca.sk\/de\/taktische-westen\/plattentraeger-frog-pro-hawk-plate-carrier-multicam\/\" \/>\n<meta property=\"og:site_name\" content=\"TCA eShop - Tactical Combat Academy\" \/>\n<meta property=\"article:modified_time\" content=\"2025-11-23T17:36:53+00:00\" \/>\n<meta property=\"og:image\" content=\"https:\/\/eshop.tca.sk\/wp-content\/uploads\/2024\/05\/Nosic-Platov-FROG.PRO-Hawk-Plate-Carrier-MULTICAM-B.jpg\" \/>\n\t<meta property=\"og:image:width\" content=\"1000\" \/>\n\t<meta property=\"og:image:height\" content=\"1000\" \/>\n\t<meta property=\"og:image:type\" content=\"image\/jpeg\" \/>\n<meta name=\"twitter:card\" content=\"summary_large_image\" \/>\n<script type=\"application\/ld+json\" class=\"yoast-schema-graph\">{\"@context\":\"https:\/\/schema.org\",\"@graph\":[{\"@type\":\"WebPage\",\"@id\":\"https:\/\/eshop.tca.sk\/de\/taktische-westen\/plattentraeger-frog-pro-hawk-plate-carrier-multicam\/\",\"url\":\"https:\/\/eshop.tca.sk\/de\/taktische-westen\/plattentraeger-frog-pro-hawk-plate-carrier-multicam\/\",\"name\":\"Plattentr\u00e4ger FROG.PRO Hawk Plate Carrier MULTICAM - TCA eShop - Tactical Combat Academy\",\"isPartOf\":{\"@id\":\"https:\/\/eshop.tca.sk\/de\/#website\"},\"primaryImageOfPage\":{\"@id\":\"https:\/\/eshop.tca.sk\/de\/taktische-westen\/plattentraeger-frog-pro-hawk-plate-carrier-multicam\/#primaryimage\"},\"image\":{\"@id\":\"https:\/\/eshop.tca.sk\/de\/taktische-westen\/plattentraeger-frog-pro-hawk-plate-carrier-multicam\/#primaryimage\"},\"thumbnailUrl\":\"https:\/\/eshop.tca.sk\/wp-content\/uploads\/2024\/05\/Nosic-Platov-FROG.PRO-Hawk-Plate-Carrier-MULTICAM-B.jpg\",\"datePublished\":\"2024-05-16T08:49:10+00:00\",\"dateModified\":\"2025-11-23T17:36:53+00:00\",\"description\":\"Der HAWK-Plattentr\u00e4ger stellt die Spitze der Plattentr\u00e4ger im Kampf dar. Dank seines minimalistischen Designs, kombiniert mit geringem Gewicht, Ergonomie, Modularit\u00e4t und integrierten Technologiel\u00f6sungen, ist er in den heutigen Kampfszenarien in Bezug auf Leistung und Nutzen un\u00fcbertroffen.\",\"breadcrumb\":{\"@id\":\"https:\/\/eshop.tca.sk\/de\/taktische-westen\/plattentraeger-frog-pro-hawk-plate-carrier-multicam\/#breadcrumb\"},\"inLanguage\":\"de\",\"potentialAction\":[{\"@type\":\"ReadAction\",\"target\":[\"https:\/\/eshop.tca.sk\/de\/taktische-westen\/plattentraeger-frog-pro-hawk-plate-carrier-multicam\/\"]}]},{\"@type\":\"ImageObject\",\"inLanguage\":\"de\",\"@id\":\"https:\/\/eshop.tca.sk\/de\/taktische-westen\/plattentraeger-frog-pro-hawk-plate-carrier-multicam\/#primaryimage\",\"url\":\"https:\/\/eshop.tca.sk\/wp-content\/uploads\/2024\/05\/Nosic-Platov-FROG.PRO-Hawk-Plate-Carrier-MULTICAM-B.jpg\",\"contentUrl\":\"https:\/\/eshop.tca.sk\/wp-content\/uploads\/2024\/05\/Nosic-Platov-FROG.PRO-Hawk-Plate-Carrier-MULTICAM-B.jpg\",\"width\":1000,\"height\":1000},{\"@type\":\"BreadcrumbList\",\"@id\":\"https:\/\/eshop.tca.sk\/de\/taktische-westen\/plattentraeger-frog-pro-hawk-plate-carrier-multicam\/#breadcrumb\",\"itemListElement\":[{\"@type\":\"ListItem\",\"position\":1,\"name\":\"Domovsk\u00e1 str\u00e1nka\",\"item\":\"https:\/\/eshop.tca.sk\/de\/\"},{\"@type\":\"ListItem\",\"position\":2,\"name\":\"Shop\",\"item\":\"https:\/\/eshop.tca.sk\/de\/shop\/\"},{\"@type\":\"ListItem\",\"position\":3,\"name\":\"Plattentr\u00e4ger FROG.PRO Hawk Plate Carrier MULTICAM\"}]},{\"@type\":\"WebSite\",\"@id\":\"https:\/\/eshop.tca.sk\/de\/#website\",\"url\":\"https:\/\/eshop.tca.sk\/de\/\",\"name\":\"TCA eShop - Tactical Combat Academy\",\"description\":\"Tactical Combat Academy\",\"publisher\":{\"@id\":\"https:\/\/eshop.tca.sk\/de\/#organization\"},\"potentialAction\":[{\"@type\":\"SearchAction\",\"target\":{\"@type\":\"EntryPoint\",\"urlTemplate\":\"https:\/\/eshop.tca.sk\/de\/?s={search_term_string}\"},\"query-input\":{\"@type\":\"PropertyValueSpecification\",\"valueRequired\":true,\"valueName\":\"search_term_string\"}}],\"inLanguage\":\"de\"},{\"@type\":\"Organization\",\"@id\":\"https:\/\/eshop.tca.sk\/de\/#organization\",\"name\":\"TCA eShop - Tactical Combat Academy\",\"url\":\"https:\/\/eshop.tca.sk\/de\/\",\"logo\":{\"@type\":\"ImageObject\",\"inLanguage\":\"de\",\"@id\":\"https:\/\/eshop.tca.sk\/de\/#\/schema\/logo\/image\/\",\"url\":\"https:\/\/eshop.tca.sk\/wp-content\/uploads\/2025\/06\/logo-new-header.png\",\"contentUrl\":\"https:\/\/eshop.tca.sk\/wp-content\/uploads\/2025\/06\/logo-new-header.png\",\"width\":300,\"height\":294,\"caption\":\"TCA eShop - Tactical Combat Academy\"},\"image\":{\"@id\":\"https:\/\/eshop.tca.sk\/de\/#\/schema\/logo\/image\/\"}}]}<\/script>\n<!-- \/ Yoast SEO plugin. -->","yoast_head_json":{"title":"Plattentr\u00e4ger FROG.PRO Hawk Plate Carrier MULTICAM - TCA eShop - Tactical Combat Academy","description":"Der HAWK-Plattentr\u00e4ger stellt die Spitze der Plattentr\u00e4ger im Kampf dar. Dank seines minimalistischen Designs, kombiniert mit geringem Gewicht, Ergonomie, Modularit\u00e4t und integrierten Technologiel\u00f6sungen, ist er in den heutigen Kampfszenarien in Bezug auf Leistung und Nutzen un\u00fcbertroffen.","robots":{"index":"index","follow":"follow","max-snippet":"max-snippet:-1","max-image-preview":"max-image-preview:large","max-video-preview":"max-video-preview:-1"},"canonical":"https:\/\/eshop.tca.sk\/de\/taktische-westen\/plattentraeger-frog-pro-hawk-plate-carrier-multicam\/","og_locale":"de_DE","og_type":"article","og_title":"Plattentr\u00e4ger FROG.PRO Hawk Plate Carrier MULTICAM - TCA eShop - Tactical Combat Academy","og_description":"Der HAWK-Plattentr\u00e4ger stellt die Spitze der Plattentr\u00e4ger im Kampf dar. Dank seines minimalistischen Designs, kombiniert mit geringem Gewicht, Ergonomie, Modularit\u00e4t und integrierten Technologiel\u00f6sungen, ist er in den heutigen Kampfszenarien in Bezug auf Leistung und Nutzen un\u00fcbertroffen.","og_url":"https:\/\/eshop.tca.sk\/de\/taktische-westen\/plattentraeger-frog-pro-hawk-plate-carrier-multicam\/","og_site_name":"TCA eShop - Tactical Combat Academy","article_modified_time":"2025-11-23T17:36:53+00:00","og_image":[{"width":1000,"height":1000,"url":"https:\/\/eshop.tca.sk\/wp-content\/uploads\/2024\/05\/Nosic-Platov-FROG.PRO-Hawk-Plate-Carrier-MULTICAM-B.jpg","type":"image\/jpeg"}],"twitter_card":"summary_large_image","schema":{"@context":"https:\/\/schema.org","@graph":[{"@type":"WebPage","@id":"https:\/\/eshop.tca.sk\/de\/taktische-westen\/plattentraeger-frog-pro-hawk-plate-carrier-multicam\/","url":"https:\/\/eshop.tca.sk\/de\/taktische-westen\/plattentraeger-frog-pro-hawk-plate-carrier-multicam\/","name":"Plattentr\u00e4ger FROG.PRO Hawk Plate Carrier MULTICAM - TCA eShop - Tactical Combat Academy","isPartOf":{"@id":"https:\/\/eshop.tca.sk\/de\/#website"},"primaryImageOfPage":{"@id":"https:\/\/eshop.tca.sk\/de\/taktische-westen\/plattentraeger-frog-pro-hawk-plate-carrier-multicam\/#primaryimage"},"image":{"@id":"https:\/\/eshop.tca.sk\/de\/taktische-westen\/plattentraeger-frog-pro-hawk-plate-carrier-multicam\/#primaryimage"},"thumbnailUrl":"https:\/\/eshop.tca.sk\/wp-content\/uploads\/2024\/05\/Nosic-Platov-FROG.PRO-Hawk-Plate-Carrier-MULTICAM-B.jpg","datePublished":"2024-05-16T08:49:10+00:00","dateModified":"2025-11-23T17:36:53+00:00","description":"Der HAWK-Plattentr\u00e4ger stellt die Spitze der Plattentr\u00e4ger im Kampf dar. Dank seines minimalistischen Designs, kombiniert mit geringem Gewicht, Ergonomie, Modularit\u00e4t und integrierten Technologiel\u00f6sungen, ist er in den heutigen Kampfszenarien in Bezug auf Leistung und Nutzen un\u00fcbertroffen.","breadcrumb":{"@id":"https:\/\/eshop.tca.sk\/de\/taktische-westen\/plattentraeger-frog-pro-hawk-plate-carrier-multicam\/#breadcrumb"},"inLanguage":"de","potentialAction":[{"@type":"ReadAction","target":["https:\/\/eshop.tca.sk\/de\/taktische-westen\/plattentraeger-frog-pro-hawk-plate-carrier-multicam\/"]}]},{"@type":"ImageObject","inLanguage":"de","@id":"https:\/\/eshop.tca.sk\/de\/taktische-westen\/plattentraeger-frog-pro-hawk-plate-carrier-multicam\/#primaryimage","url":"https:\/\/eshop.tca.sk\/wp-content\/uploads\/2024\/05\/Nosic-Platov-FROG.PRO-Hawk-Plate-Carrier-MULTICAM-B.jpg","contentUrl":"https:\/\/eshop.tca.sk\/wp-content\/uploads\/2024\/05\/Nosic-Platov-FROG.PRO-Hawk-Plate-Carrier-MULTICAM-B.jpg","width":1000,"height":1000},{"@type":"BreadcrumbList","@id":"https:\/\/eshop.tca.sk\/de\/taktische-westen\/plattentraeger-frog-pro-hawk-plate-carrier-multicam\/#breadcrumb","itemListElement":[{"@type":"ListItem","position":1,"name":"Domovsk\u00e1 str\u00e1nka","item":"https:\/\/eshop.tca.sk\/de\/"},{"@type":"ListItem","position":2,"name":"Shop","item":"https:\/\/eshop.tca.sk\/de\/shop\/"},{"@type":"ListItem","position":3,"name":"Plattentr\u00e4ger FROG.PRO Hawk Plate Carrier MULTICAM"}]},{"@type":"WebSite","@id":"https:\/\/eshop.tca.sk\/de\/#website","url":"https:\/\/eshop.tca.sk\/de\/","name":"TCA eShop - Tactical Combat Academy","description":"Tactical Combat Academy","publisher":{"@id":"https:\/\/eshop.tca.sk\/de\/#organization"},"potentialAction":[{"@type":"SearchAction","target":{"@type":"EntryPoint","urlTemplate":"https:\/\/eshop.tca.sk\/de\/?s={search_term_string}"},"query-input":{"@type":"PropertyValueSpecification","valueRequired":true,"valueName":"search_term_string"}}],"inLanguage":"de"},{"@type":"Organization","@id":"https:\/\/eshop.tca.sk\/de\/#organization","name":"TCA eShop - Tactical Combat Academy","url":"https:\/\/eshop.tca.sk\/de\/","logo":{"@type":"ImageObject","inLanguage":"de","@id":"https:\/\/eshop.tca.sk\/de\/#\/schema\/logo\/image\/","url":"https:\/\/eshop.tca.sk\/wp-content\/uploads\/2025\/06\/logo-new-header.png","contentUrl":"https:\/\/eshop.tca.sk\/wp-content\/uploads\/2025\/06\/logo-new-header.png","width":300,"height":294,"caption":"TCA eShop - Tactical Combat Academy"},"image":{"@id":"https:\/\/eshop.tca.sk\/de\/#\/schema\/logo\/image\/"}}]}},"_links":{"self":[{"href":"https:\/\/eshop.tca.sk\/de\/wp-json\/wp\/v2\/product\/12301","targetHints":{"allow":["GET"]}}],"collection":[{"href":"https:\/\/eshop.tca.sk\/de\/wp-json\/wp\/v2\/product"}],"about":[{"href":"https:\/\/eshop.tca.sk\/de\/wp-json\/wp\/v2\/types\/product"}],"wp:featuredmedia":[{"embeddable":true,"href":"https:\/\/eshop.tca.sk\/de\/wp-json\/wp\/v2\/media\/12307"}],"wp:attachment":[{"href":"https:\/\/eshop.tca.sk\/de\/wp-json\/wp\/v2\/media?parent=12301"}],"wp:term":[{"taxonomy":"product_brand","embeddable":true,"href":"https:\/\/eshop.tca.sk\/de\/wp-json\/wp\/v2\/product_brand?post=12301"},{"taxonomy":"product_cat","embeddable":true,"href":"https:\/\/eshop.tca.sk\/de\/wp-json\/wp\/v2\/product_cat?post=12301"},{"taxonomy":"product_tag","embeddable":true,"href":"https:\/\/eshop.tca.sk\/de\/wp-json\/wp\/v2\/product_tag?post=12301"},{"taxonomy":"giftcard-category","embeddable":true,"href":"https:\/\/eshop.tca.sk\/de\/wp-json\/wp\/v2\/giftcard-category?post=12301"}],"curies":[{"name":"wp","href":"https:\/\/api.w.org\/{rel}","templated":true}]}}