{"id":12349,"date":"2024-05-17T14:25:27","date_gmt":"2024-05-17T12:25:27","guid":{"rendered":"https:\/\/eshop.tca.sk\/?post_type=product&#038;p=12349"},"modified":"2025-11-23T18:00:49","modified_gmt":"2025-11-23T17:00:49","slug":"einsatz-fur-magazintasche-frog-pro-7-62-mag-velcro-insert-triple-ranger-green","status":"publish","type":"product","link":"https:\/\/eshop.tca.sk\/de\/taktische-westen\/einsatz-fur-magazintasche-frog-pro-7-62-mag-velcro-insert-triple-ranger-green\/","title":{"rendered":"Einsatz f\u00fcr Magazintasche FROG.PRO 7.62 Mag Velcro Insert Triple RANGER GREEN"},"content":{"rendered":"<h3><strong>Einsatz f\u00fcr Magazintasche FROG.PRO 7.62 Mag Velcro Insert Triple RANGER GREEN<\/strong><\/h3>\n<p><strong>Der 7.62 Mag Velcro Insert<\/strong> wurde entwickelt, um den Sitz der AR-10\/M110 (.308 &#8211; 7.62x51mm) Gewehrmagazine in der Frontplatte des Kangaroo zu optimieren und ihre Verwendung im Kampf zu verbessern.<\/p>\n<p>Der elastische Bund vom Typ MIL-W-5664 oder Woven sorgt f\u00fcr einen nat\u00fcrlich angepassten Druck auf den Inhalt, der zuverl\u00e4ssig und wiederholbar ist. Die Struktur des Hypalon-K\u00f6rpers sorgt zusammen mit dem nach innen gerichteten Druck des elastischen Bandes daf\u00fcr, dass der Inhalt durch Oberfl\u00e4chenreibung sicher im Beutel gehalten wird, was besonders bei Beh\u00e4ltern aus Polymer, Edelstahl und Aluminium sehr effektiv ist. Die Gewebekonstruktion von Hypalon bietet au\u00dferdem ein hohes Ma\u00df an Wasserabweisung, was in nassen Umgebungen und bei maritimen Anwendungen zu gr\u00f6\u00dferer Mobilit\u00e4t und geringerem Gewicht f\u00fchrt.<\/p>\n<p>Velcro\u00ae Ultra-Mate auf der R\u00fcckseite und Velcro\u00ae Velour auf der Vorderseite erm\u00f6glichen die Anbringung im Inneren der Kangaroo-Frontplatten oder im Inneren der <strong>Modular Reconnaissance Task Bag<\/strong>. Aber auch die direkte Anwendung auf Plattentr\u00e4gern ist m\u00f6glich, wie z.B.<b> <\/b><b><strong>Defender Low Visibility Plate<\/strong><\/b> Carrier um eine minimalistische und unauff\u00e4llige L\u00f6sung zu erhalten.<\/p>\n<p>Der 7.62 Mag Velcro Insert wird ohne das obere R\u00fcckhaltesystem geliefert. Wenn f\u00fcr den Einsatz in der Luft und in Hochgeschwindigkeitsfahrzeugen ein zus\u00e4tzlicher Halt erforderlich ist, kann ein R\u00fcckhaltesystem verwendet werden. <b><strong>Elastische Open Top Pullers<\/strong><\/b>, separat erh\u00e4ltlich. Diese Tasche verf\u00fcgt \u00fcber einen eingebauten doppelseitigen und \u00f6senlosen Sto\u00dfseil-Ankerpunkt, der in Verbindung mit der halbstarren Konstruktion beim Nachladen des Magazins \u00e4u\u00dferst praktisch ist und einen klemmfreien Betrieb gew\u00e4hrleistet.<\/p>\n<p>Die Liebe zum Detail, kombiniert mit individuellem Design, bietet ein einzigartiges Produkt, das unser Engagement f\u00fcr &#8220;State of the Art&#8221;-Milit\u00e4rtechnik widerspiegelt.<\/p>\n<p><iframe loading=\"lazy\" title=\"FROG PRO\u00ae | Tailored gear, human made.\" width=\"1170\" height=\"658\" src=\"https:\/\/www.youtube.com\/embed\/7d5tz3DPVU4?feature=oembed&#038;enablejsapi=1&#038;origin=https:\/\/eshop.tca.sk\" frameborder=\"0\" allow=\"accelerometer; autoplay; clipboard-write; encrypted-media; gyroscope; picture-in-picture; web-share\" referrerpolicy=\"strict-origin-when-cross-origin\" allowfullscreen><\/iframe><\/p>\n<p>&nbsp;<\/p>\n","protected":false},"excerpt":{"rendered":"<p><img loading=\"lazy\" decoding=\"async\" class=\"alignnone wp-image-10791\" src=\"https:\/\/eshop.tca.sk\/wp-content\/uploads\/2024\/04\/FROG.png\" alt=\"\" width=\"144\" height=\"66\" srcset=\"https:\/\/eshop.tca.sk\/wp-content\/uploads\/2024\/04\/FROG.png 291w, https:\/\/eshop.tca.sk\/wp-content\/uploads\/2024\/04\/FROG-24x11.png 24w, https:\/\/eshop.tca.sk\/wp-content\/uploads\/2024\/04\/FROG-36x16.png 36w, https:\/\/eshop.tca.sk\/wp-content\/uploads\/2024\/04\/FROG-48x22.png 48w\" sizes=\"auto, (max-width: 144px) 100vw, 144px\" \/><\/p>\n<p><strong>Der 7.62 Mag Velcro Insert<\/strong> wurde entwickelt, um den Sitz der AR-10\/M110 (.308 &#8211; 7.62x51mm) Gewehrmagazine in der Frontplatte des Kangaroo zu optimieren und ihre Verwendung im Kampf zu verbessern.<\/p>\n<p><img loading=\"lazy\" decoding=\"async\" class=\"wp-image-8564 alignnone\" src=\"https:\/\/eshop.tca.sk\/wp-content\/uploads\/2023\/04\/Logo-Whack-Black-White-R-APPROVED.png\" alt=\"\" width=\"138\" height=\"75\" srcset=\"https:\/\/eshop.tca.sk\/wp-content\/uploads\/2023\/04\/Logo-Whack-Black-White-R-APPROVED.png 571w, https:\/\/eshop.tca.sk\/wp-content\/uploads\/2023\/04\/Logo-Whack-Black-White-R-APPROVED-300x163.png 300w\" sizes=\"auto, (max-width: 138px) 100vw, 138px\" \/><\/p>\n<p>Vom <a href=\"https:\/\/www.tca.sk\/\"><strong>TCA<\/strong><\/a> und dem <strong><a href=\"https:\/\/www.tca.sk\/profil\/ako-zacat-s-kurzami\">WHACK-System<\/a><\/strong> verwendete und empfohlene Equipment.<\/p>\n","protected":false},"featured_media":12351,"template":"","meta":{"inline_featured_image":false},"product_brand":[],"product_cat":[323,470,617],"product_tag":[565],"giftcard-category":[],"class_list":{"0":"post-12349","1":"product","2":"type-product","3":"status-publish","4":"has-post-thumbnail","6":"product_cat-ausruestung","7":"product_cat-taktische-westen","8":"product_cat-westenzubehoer","9":"product_tag-frog-pro-de","11":"first","12":"instock","13":"taxable","14":"shipping-taxable","15":"purchasable","16":"product-type-simple"},"yoast_head":"<!-- This site is optimized with the Yoast SEO plugin v26.4 - https:\/\/yoast.com\/wordpress\/plugins\/seo\/ -->\n<title>Einsatz f\u00fcr Magazintasche FROG.PRO 7.62 Mag Velcro Insert Triple RANGER GREEN - TCA eShop - Tactical Combat Academy<\/title>\n<meta name=\"description\" content=\"Der 7.62 Mag Velcro Insert wurde entwickelt, um den Sitz der AR-10\/M110 (.308 - 7.62x51mm) Gewehrmagazine in der Frontplatte des Kangaroo zu optimieren und ihre Verwendung im Kampf zu verbessern.\" \/>\n<meta name=\"robots\" content=\"index, follow, max-snippet:-1, max-image-preview:large, max-video-preview:-1\" \/>\n<link rel=\"canonical\" href=\"https:\/\/eshop.tca.sk\/de\/taktische-westen\/einsatz-fur-magazintasche-frog-pro-7-62-mag-velcro-insert-triple-ranger-green\/\" \/>\n<meta property=\"og:locale\" content=\"de_DE\" \/>\n<meta property=\"og:type\" content=\"article\" \/>\n<meta property=\"og:title\" content=\"Einsatz f\u00fcr Magazintasche FROG.PRO 7.62 Mag Velcro Insert Triple RANGER GREEN - TCA eShop - Tactical Combat Academy\" \/>\n<meta property=\"og:description\" content=\"Der 7.62 Mag Velcro Insert wurde entwickelt, um den Sitz der AR-10\/M110 (.308 - 7.62x51mm) Gewehrmagazine in der Frontplatte des Kangaroo zu optimieren und ihre Verwendung im Kampf zu verbessern.\" \/>\n<meta property=\"og:url\" content=\"https:\/\/eshop.tca.sk\/de\/taktische-westen\/einsatz-fur-magazintasche-frog-pro-7-62-mag-velcro-insert-triple-ranger-green\/\" \/>\n<meta property=\"og:site_name\" content=\"TCA eShop - Tactical Combat Academy\" \/>\n<meta property=\"article:modified_time\" content=\"2025-11-23T17:00:49+00:00\" \/>\n<meta property=\"og:image\" content=\"https:\/\/eshop.tca.sk\/wp-content\/uploads\/2024\/05\/Vlozka-do-Puzdra-na-Zasobniky-FROG.PRO-7.62-Mag-Velcro-Insert-Triple-RANGER-GREEN.png\" \/>\n\t<meta property=\"og:image:width\" content=\"1000\" \/>\n\t<meta property=\"og:image:height\" content=\"1000\" \/>\n\t<meta property=\"og:image:type\" content=\"image\/png\" \/>\n<meta name=\"twitter:card\" content=\"summary_large_image\" \/>\n<script type=\"application\/ld+json\" class=\"yoast-schema-graph\">{\"@context\":\"https:\/\/schema.org\",\"@graph\":[{\"@type\":\"WebPage\",\"@id\":\"https:\/\/eshop.tca.sk\/de\/taktische-westen\/einsatz-fur-magazintasche-frog-pro-7-62-mag-velcro-insert-triple-ranger-green\/\",\"url\":\"https:\/\/eshop.tca.sk\/de\/taktische-westen\/einsatz-fur-magazintasche-frog-pro-7-62-mag-velcro-insert-triple-ranger-green\/\",\"name\":\"Einsatz f\u00fcr Magazintasche FROG.PRO 7.62 Mag Velcro Insert Triple RANGER GREEN - TCA eShop - Tactical Combat Academy\",\"isPartOf\":{\"@id\":\"https:\/\/eshop.tca.sk\/de\/#website\"},\"primaryImageOfPage\":{\"@id\":\"https:\/\/eshop.tca.sk\/de\/taktische-westen\/einsatz-fur-magazintasche-frog-pro-7-62-mag-velcro-insert-triple-ranger-green\/#primaryimage\"},\"image\":{\"@id\":\"https:\/\/eshop.tca.sk\/de\/taktische-westen\/einsatz-fur-magazintasche-frog-pro-7-62-mag-velcro-insert-triple-ranger-green\/#primaryimage\"},\"thumbnailUrl\":\"https:\/\/eshop.tca.sk\/wp-content\/uploads\/2024\/05\/Vlozka-do-Puzdra-na-Zasobniky-FROG.PRO-7.62-Mag-Velcro-Insert-Triple-RANGER-GREEN.png\",\"datePublished\":\"2024-05-17T12:25:27+00:00\",\"dateModified\":\"2025-11-23T17:00:49+00:00\",\"description\":\"Der 7.62 Mag Velcro Insert wurde entwickelt, um den Sitz der AR-10\/M110 (.308 - 7.62x51mm) Gewehrmagazine in der Frontplatte des Kangaroo zu optimieren und ihre Verwendung im Kampf zu verbessern.\",\"breadcrumb\":{\"@id\":\"https:\/\/eshop.tca.sk\/de\/taktische-westen\/einsatz-fur-magazintasche-frog-pro-7-62-mag-velcro-insert-triple-ranger-green\/#breadcrumb\"},\"inLanguage\":\"de\",\"potentialAction\":[{\"@type\":\"ReadAction\",\"target\":[\"https:\/\/eshop.tca.sk\/de\/taktische-westen\/einsatz-fur-magazintasche-frog-pro-7-62-mag-velcro-insert-triple-ranger-green\/\"]}]},{\"@type\":\"ImageObject\",\"inLanguage\":\"de\",\"@id\":\"https:\/\/eshop.tca.sk\/de\/taktische-westen\/einsatz-fur-magazintasche-frog-pro-7-62-mag-velcro-insert-triple-ranger-green\/#primaryimage\",\"url\":\"https:\/\/eshop.tca.sk\/wp-content\/uploads\/2024\/05\/Vlozka-do-Puzdra-na-Zasobniky-FROG.PRO-7.62-Mag-Velcro-Insert-Triple-RANGER-GREEN.png\",\"contentUrl\":\"https:\/\/eshop.tca.sk\/wp-content\/uploads\/2024\/05\/Vlozka-do-Puzdra-na-Zasobniky-FROG.PRO-7.62-Mag-Velcro-Insert-Triple-RANGER-GREEN.png\",\"width\":1000,\"height\":1000},{\"@type\":\"BreadcrumbList\",\"@id\":\"https:\/\/eshop.tca.sk\/de\/taktische-westen\/einsatz-fur-magazintasche-frog-pro-7-62-mag-velcro-insert-triple-ranger-green\/#breadcrumb\",\"itemListElement\":[{\"@type\":\"ListItem\",\"position\":1,\"name\":\"Domovsk\u00e1 str\u00e1nka\",\"item\":\"https:\/\/eshop.tca.sk\/de\/\"},{\"@type\":\"ListItem\",\"position\":2,\"name\":\"Shop\",\"item\":\"https:\/\/eshop.tca.sk\/de\/shop\/\"},{\"@type\":\"ListItem\",\"position\":3,\"name\":\"Einsatz f\u00fcr Magazintasche FROG.PRO 7.62 Mag Velcro Insert Triple RANGER GREEN\"}]},{\"@type\":\"WebSite\",\"@id\":\"https:\/\/eshop.tca.sk\/de\/#website\",\"url\":\"https:\/\/eshop.tca.sk\/de\/\",\"name\":\"TCA eShop - Tactical Combat Academy\",\"description\":\"Tactical Combat Academy\",\"publisher\":{\"@id\":\"https:\/\/eshop.tca.sk\/de\/#organization\"},\"potentialAction\":[{\"@type\":\"SearchAction\",\"target\":{\"@type\":\"EntryPoint\",\"urlTemplate\":\"https:\/\/eshop.tca.sk\/de\/?s={search_term_string}\"},\"query-input\":{\"@type\":\"PropertyValueSpecification\",\"valueRequired\":true,\"valueName\":\"search_term_string\"}}],\"inLanguage\":\"de\"},{\"@type\":\"Organization\",\"@id\":\"https:\/\/eshop.tca.sk\/de\/#organization\",\"name\":\"TCA eShop - Tactical Combat Academy\",\"url\":\"https:\/\/eshop.tca.sk\/de\/\",\"logo\":{\"@type\":\"ImageObject\",\"inLanguage\":\"de\",\"@id\":\"https:\/\/eshop.tca.sk\/de\/#\/schema\/logo\/image\/\",\"url\":\"https:\/\/eshop.tca.sk\/wp-content\/uploads\/2025\/06\/logo-new-header.png\",\"contentUrl\":\"https:\/\/eshop.tca.sk\/wp-content\/uploads\/2025\/06\/logo-new-header.png\",\"width\":300,\"height\":294,\"caption\":\"TCA eShop - Tactical Combat Academy\"},\"image\":{\"@id\":\"https:\/\/eshop.tca.sk\/de\/#\/schema\/logo\/image\/\"}}]}<\/script>\n<!-- \/ Yoast SEO plugin. -->","yoast_head_json":{"title":"Einsatz f\u00fcr Magazintasche FROG.PRO 7.62 Mag Velcro Insert Triple RANGER GREEN - TCA eShop - Tactical Combat Academy","description":"Der 7.62 Mag Velcro Insert wurde entwickelt, um den Sitz der AR-10\/M110 (.308 - 7.62x51mm) Gewehrmagazine in der Frontplatte des Kangaroo zu optimieren und ihre Verwendung im Kampf zu verbessern.","robots":{"index":"index","follow":"follow","max-snippet":"max-snippet:-1","max-image-preview":"max-image-preview:large","max-video-preview":"max-video-preview:-1"},"canonical":"https:\/\/eshop.tca.sk\/de\/taktische-westen\/einsatz-fur-magazintasche-frog-pro-7-62-mag-velcro-insert-triple-ranger-green\/","og_locale":"de_DE","og_type":"article","og_title":"Einsatz f\u00fcr Magazintasche FROG.PRO 7.62 Mag Velcro Insert Triple RANGER GREEN - TCA eShop - Tactical Combat Academy","og_description":"Der 7.62 Mag Velcro Insert wurde entwickelt, um den Sitz der AR-10\/M110 (.308 - 7.62x51mm) Gewehrmagazine in der Frontplatte des Kangaroo zu optimieren und ihre Verwendung im Kampf zu verbessern.","og_url":"https:\/\/eshop.tca.sk\/de\/taktische-westen\/einsatz-fur-magazintasche-frog-pro-7-62-mag-velcro-insert-triple-ranger-green\/","og_site_name":"TCA eShop - Tactical Combat Academy","article_modified_time":"2025-11-23T17:00:49+00:00","og_image":[{"width":1000,"height":1000,"url":"https:\/\/eshop.tca.sk\/wp-content\/uploads\/2024\/05\/Vlozka-do-Puzdra-na-Zasobniky-FROG.PRO-7.62-Mag-Velcro-Insert-Triple-RANGER-GREEN.png","type":"image\/png"}],"twitter_card":"summary_large_image","schema":{"@context":"https:\/\/schema.org","@graph":[{"@type":"WebPage","@id":"https:\/\/eshop.tca.sk\/de\/taktische-westen\/einsatz-fur-magazintasche-frog-pro-7-62-mag-velcro-insert-triple-ranger-green\/","url":"https:\/\/eshop.tca.sk\/de\/taktische-westen\/einsatz-fur-magazintasche-frog-pro-7-62-mag-velcro-insert-triple-ranger-green\/","name":"Einsatz f\u00fcr Magazintasche FROG.PRO 7.62 Mag Velcro Insert Triple RANGER GREEN - TCA eShop - Tactical Combat Academy","isPartOf":{"@id":"https:\/\/eshop.tca.sk\/de\/#website"},"primaryImageOfPage":{"@id":"https:\/\/eshop.tca.sk\/de\/taktische-westen\/einsatz-fur-magazintasche-frog-pro-7-62-mag-velcro-insert-triple-ranger-green\/#primaryimage"},"image":{"@id":"https:\/\/eshop.tca.sk\/de\/taktische-westen\/einsatz-fur-magazintasche-frog-pro-7-62-mag-velcro-insert-triple-ranger-green\/#primaryimage"},"thumbnailUrl":"https:\/\/eshop.tca.sk\/wp-content\/uploads\/2024\/05\/Vlozka-do-Puzdra-na-Zasobniky-FROG.PRO-7.62-Mag-Velcro-Insert-Triple-RANGER-GREEN.png","datePublished":"2024-05-17T12:25:27+00:00","dateModified":"2025-11-23T17:00:49+00:00","description":"Der 7.62 Mag Velcro Insert wurde entwickelt, um den Sitz der AR-10\/M110 (.308 - 7.62x51mm) Gewehrmagazine in der Frontplatte des Kangaroo zu optimieren und ihre Verwendung im Kampf zu verbessern.","breadcrumb":{"@id":"https:\/\/eshop.tca.sk\/de\/taktische-westen\/einsatz-fur-magazintasche-frog-pro-7-62-mag-velcro-insert-triple-ranger-green\/#breadcrumb"},"inLanguage":"de","potentialAction":[{"@type":"ReadAction","target":["https:\/\/eshop.tca.sk\/de\/taktische-westen\/einsatz-fur-magazintasche-frog-pro-7-62-mag-velcro-insert-triple-ranger-green\/"]}]},{"@type":"ImageObject","inLanguage":"de","@id":"https:\/\/eshop.tca.sk\/de\/taktische-westen\/einsatz-fur-magazintasche-frog-pro-7-62-mag-velcro-insert-triple-ranger-green\/#primaryimage","url":"https:\/\/eshop.tca.sk\/wp-content\/uploads\/2024\/05\/Vlozka-do-Puzdra-na-Zasobniky-FROG.PRO-7.62-Mag-Velcro-Insert-Triple-RANGER-GREEN.png","contentUrl":"https:\/\/eshop.tca.sk\/wp-content\/uploads\/2024\/05\/Vlozka-do-Puzdra-na-Zasobniky-FROG.PRO-7.62-Mag-Velcro-Insert-Triple-RANGER-GREEN.png","width":1000,"height":1000},{"@type":"BreadcrumbList","@id":"https:\/\/eshop.tca.sk\/de\/taktische-westen\/einsatz-fur-magazintasche-frog-pro-7-62-mag-velcro-insert-triple-ranger-green\/#breadcrumb","itemListElement":[{"@type":"ListItem","position":1,"name":"Domovsk\u00e1 str\u00e1nka","item":"https:\/\/eshop.tca.sk\/de\/"},{"@type":"ListItem","position":2,"name":"Shop","item":"https:\/\/eshop.tca.sk\/de\/shop\/"},{"@type":"ListItem","position":3,"name":"Einsatz f\u00fcr Magazintasche FROG.PRO 7.62 Mag Velcro Insert Triple RANGER GREEN"}]},{"@type":"WebSite","@id":"https:\/\/eshop.tca.sk\/de\/#website","url":"https:\/\/eshop.tca.sk\/de\/","name":"TCA eShop - Tactical Combat Academy","description":"Tactical Combat Academy","publisher":{"@id":"https:\/\/eshop.tca.sk\/de\/#organization"},"potentialAction":[{"@type":"SearchAction","target":{"@type":"EntryPoint","urlTemplate":"https:\/\/eshop.tca.sk\/de\/?s={search_term_string}"},"query-input":{"@type":"PropertyValueSpecification","valueRequired":true,"valueName":"search_term_string"}}],"inLanguage":"de"},{"@type":"Organization","@id":"https:\/\/eshop.tca.sk\/de\/#organization","name":"TCA eShop - Tactical Combat Academy","url":"https:\/\/eshop.tca.sk\/de\/","logo":{"@type":"ImageObject","inLanguage":"de","@id":"https:\/\/eshop.tca.sk\/de\/#\/schema\/logo\/image\/","url":"https:\/\/eshop.tca.sk\/wp-content\/uploads\/2025\/06\/logo-new-header.png","contentUrl":"https:\/\/eshop.tca.sk\/wp-content\/uploads\/2025\/06\/logo-new-header.png","width":300,"height":294,"caption":"TCA eShop - Tactical Combat Academy"},"image":{"@id":"https:\/\/eshop.tca.sk\/de\/#\/schema\/logo\/image\/"}}]}},"_links":{"self":[{"href":"https:\/\/eshop.tca.sk\/de\/wp-json\/wp\/v2\/product\/12349","targetHints":{"allow":["GET"]}}],"collection":[{"href":"https:\/\/eshop.tca.sk\/de\/wp-json\/wp\/v2\/product"}],"about":[{"href":"https:\/\/eshop.tca.sk\/de\/wp-json\/wp\/v2\/types\/product"}],"wp:featuredmedia":[{"embeddable":true,"href":"https:\/\/eshop.tca.sk\/de\/wp-json\/wp\/v2\/media\/12351"}],"wp:attachment":[{"href":"https:\/\/eshop.tca.sk\/de\/wp-json\/wp\/v2\/media?parent=12349"}],"wp:term":[{"taxonomy":"product_brand","embeddable":true,"href":"https:\/\/eshop.tca.sk\/de\/wp-json\/wp\/v2\/product_brand?post=12349"},{"taxonomy":"product_cat","embeddable":true,"href":"https:\/\/eshop.tca.sk\/de\/wp-json\/wp\/v2\/product_cat?post=12349"},{"taxonomy":"product_tag","embeddable":true,"href":"https:\/\/eshop.tca.sk\/de\/wp-json\/wp\/v2\/product_tag?post=12349"},{"taxonomy":"giftcard-category","embeddable":true,"href":"https:\/\/eshop.tca.sk\/de\/wp-json\/wp\/v2\/giftcard-category?post=12349"}],"curies":[{"name":"wp","href":"https:\/\/api.w.org\/{rel}","templated":true}]}}