{"id":12408,"date":"2024-05-17T16:01:37","date_gmt":"2024-05-17T14:01:37","guid":{"rendered":"https:\/\/eshop.tca.sk\/?post_type=product&#038;p=12408"},"modified":"2025-11-23T18:00:42","modified_gmt":"2025-11-23T17:00:42","slug":"taktischer-guertel-frog-pro-cobra-operator-belt-2-0-multicam","status":"publish","type":"product","link":"https:\/\/eshop.tca.sk\/de\/ausruestung\/taktischer-guertel-frog-pro-cobra-operator-belt-2-0-multicam\/","title":{"rendered":"Taktischer G\u00fcrtel FROG.PRO COBRA Operator Belt 2.0 COYOTE FROG.PRO COBRA Operator Belt 2.0 MULTICAM"},"content":{"rendered":"<h3><strong>Taktischer G\u00fcrtel FROG.PRO COBRA Operator Belt 2.0 COYOTE FROG.PRO COBRA Operator Belt 2.0 MULTICAM<\/strong><\/h3>\n<p>Nach 7 Jahren und Tausenden von verkauften Einheiten weltweit <strong>geht der COBRA Operator Belt in die Version 2.0<\/strong> \u00fcber, erweitert und angereichert mit neuen erstaunlichen und einzigartigen Details, die nur FROG.PRO\u00ae bieten kann.<\/p>\n<p>Die Konstruktion des <strong>COBRA Operator Belt 2.0<\/strong> besteht aus einem soliden Technopolymer-Kern, der mit einer durchgehenden Doppellage <strong>MIL-SPEC MIL-W-17337<\/strong>, Class 2 Gurtband umwickelt ist. Darauf ist das patentierte FROG.PRO\u00ae Multi Dot MOLLE PALS System aus lasergeschnittenem <strong>LAHYCO<\/strong> Verbundstoff gen\u00e4ht.<\/p>\n<p>Bei dieser neuen Version ist das LAHYCO-Gewebe absichtlich enger als die Breite des Gurtes: Dieser leichte Abstand von einigen Millimetern zwischen dem lasergeschnittenen Gewebe und der Kante des Gurtes hat die Funktion, Abrieb zu verhindern und so die Lebensdauer des Gurtes zu erh\u00f6hen. Au\u00dferdem ist das MOLLE PALS dank der gr\u00f6\u00dferen Dicke des oberen und unteren Riemens viel robuster als das Vorg\u00e4ngermodell.<\/p>\n<p>Auf der Innenseite befindet sich ein <strong>Velcro\u00ae Ultra-Mate-Band<\/strong> in neutraler Farbe, das dank seiner hervorragenden Griffigkeit eine feste Fixierung am Innenbund der COBRA-Hose erm\u00f6glicht. Das d\u00fcnne Profil von Ultra-Mate\u00ae ist weniger abrasiv und aggressiv als die \u00fcblicherweise verwendeten Klettverschl\u00fcsse und tr\u00e4gt dazu bei, die Integrit\u00e4t anderer Ausr\u00fcstungsgegenst\u00e4nde und Kleidungsst\u00fccke zu bewahren und die unangenehme Reibung an der H\u00fcfte zu vermeiden, die von herk\u00f6mmlichen taktischen G\u00fcrteln verursacht wird.<\/p>\n<p>Das Befestigungssystem ist dem <strong>AustriAlpin COBRA\u00ae D-Ring<\/strong> Verschluss in mattschwarz eloxiert anvertraut, der eine Tragf\u00e4higkeit von 18 kN (1835 kgf) aufweist. Dieser Verschluss ist so konstruiert, dass er sich nicht versehentlich \u00f6ffnen l\u00e4sst. Das Sicherheitssystem erlaubt es, ihn nur zu \u00f6ffnen, wenn er nicht belastet wird und nur durch Dr\u00fccken beider Entriegelungskn\u00f6pfe.<\/p>\n<p>Der D-Ring mit einer Bruchlast von 22 kN (2243 kgf) kann mit einer pers\u00f6nlichen Rettungsleine oder anderem Zubeh\u00f6r zum Abseilen oder f\u00fcr den Notfall verwendet werden. Der D-Ring ist mit einer kleinen Lasche versehen, um ihn zu fixieren, wenn er nicht benutzt wird.<\/p>\n<p>Der Retention Tab ist abnehmbar und kann durch andere Modelle ersetzt werden, wie z.B. den Blood Type D-Ring Retention Tab oder den MOLON LABE D-Ring Retention Tab, um ihn n\u00fctzlich oder leicht anpassbar zu machen.<\/p>\n<p>Der COBRA Operator Belt 2.0 ist in vier verschiedenen Gr\u00f6\u00dfen erh\u00e4ltlich. Ein zus\u00e4tzlicher, mit Klettverschluss verstellbarer Velcro\u00ae-Klettverschluss erm\u00f6glicht die Anpassung des G\u00fcrtels, wenn er mit Kleidungsst\u00fccken innerhalb der Hose verwendet wird. Der Velcro\u00ae-Haken ist so vern\u00e4ht, dass ein versehentliches Herausziehen des Schiebeelements der Schnalle verhindert wird, was sie extrem sicher macht.<\/p>\n<h4><strong>Abmessungen:<\/strong><\/h4>\n<p>&#8211; SM 85-93 cm<br \/>\n&#8211; MD 93-101 cm<br \/>\n&#8211; LG 101-109 cm<br \/>\n&#8211; XL 109-116 cm<\/p>\n<p><strong>ACHTUNG: Die Ma\u00dfe beziehen sich auf den Innenumfang des geschlossenen Bunds. Um die richtige Gr\u00f6\u00dfe zu ermitteln, tragen Sie die Kleidungsst\u00fccke, die Sie zusammen mit dem G\u00fcrtel verwenden w\u00fcrden, und den COBRA Trousers Inner Belt oder einen \u00e4hnlichen G\u00fcrtel und messen Sie dann Ihren Taillenumfang mit einem weichen Ma\u00dfband direkt \u00fcber dem G\u00fcrtel. Wenn Sie kein weiches Ma\u00dfband haben, k\u00f6nnen Sie ein unelastisches Seil verwenden und es dann mit einem harten Messger\u00e4t messen.<\/strong><\/p>\n<p>Die Liebe zum Detail, kombiniert mit individuellem Design, bietet ein einzigartiges Produkt, das unser Engagement f\u00fcr &#8220;State of the Art&#8221;-Milit\u00e4rtechnik widerspiegelt.<\/p>\n<p><iframe loading=\"lazy\" title=\"FROG PRO\u00ae | Tailored gear, human made.\" width=\"1170\" height=\"658\" src=\"https:\/\/www.youtube.com\/embed\/7d5tz3DPVU4?feature=oembed&#038;enablejsapi=1&#038;origin=https:\/\/eshop.tca.sk\" frameborder=\"0\" allow=\"accelerometer; autoplay; clipboard-write; encrypted-media; gyroscope; picture-in-picture; web-share\" referrerpolicy=\"strict-origin-when-cross-origin\" allowfullscreen><\/iframe><\/p>\n<p>&nbsp;<\/p>\n","protected":false},"excerpt":{"rendered":"<p><img loading=\"lazy\" decoding=\"async\" class=\"alignnone wp-image-10791\" src=\"https:\/\/eshop.tca.sk\/wp-content\/uploads\/2024\/04\/FROG.png\" alt=\"\" width=\"144\" height=\"66\" srcset=\"https:\/\/eshop.tca.sk\/wp-content\/uploads\/2024\/04\/FROG.png 291w, https:\/\/eshop.tca.sk\/wp-content\/uploads\/2024\/04\/FROG-24x11.png 24w, https:\/\/eshop.tca.sk\/wp-content\/uploads\/2024\/04\/FROG-36x16.png 36w, https:\/\/eshop.tca.sk\/wp-content\/uploads\/2024\/04\/FROG-48x22.png 48w\" sizes=\"auto, (max-width: 144px) 100vw, 144px\" \/><\/p>\n<p>Nach 7 Jahren und Tausenden von verkauften Einheiten weltweit <strong>geht der COBRA Operator Belt in die Version 2.0<\/strong> \u00fcber, erweitert und angereichert mit neuen erstaunlichen und einzigartigen Details, die nur FROG.PRO\u00ae bieten kann.<\/p>\n<p><img loading=\"lazy\" decoding=\"async\" class=\"wp-image-8564 alignnone\" src=\"https:\/\/eshop.tca.sk\/wp-content\/uploads\/2023\/04\/Logo-Whack-Black-White-R-APPROVED.png\" alt=\"\" width=\"138\" height=\"75\" srcset=\"https:\/\/eshop.tca.sk\/wp-content\/uploads\/2023\/04\/Logo-Whack-Black-White-R-APPROVED.png 571w, https:\/\/eshop.tca.sk\/wp-content\/uploads\/2023\/04\/Logo-Whack-Black-White-R-APPROVED-300x163.png 300w\" sizes=\"auto, (max-width: 138px) 100vw, 138px\" \/><\/p>\n<p>Vom <a href=\"https:\/\/www.tca.sk\/\"><strong>TCA<\/strong><\/a> und dem <strong><a href=\"https:\/\/www.tca.sk\/profil\/ako-zacat-s-kurzami\">WHACK-System<\/a><\/strong> verwendete und empfohlene Equipment.<\/p>\n","protected":false},"featured_media":12414,"template":"","meta":{"inline_featured_image":false},"product_brand":[],"product_cat":[323,324],"product_tag":[565],"giftcard-category":[],"class_list":{"0":"post-12408","1":"product","2":"type-product","3":"status-publish","4":"has-post-thumbnail","6":"product_cat-ausruestung","7":"product_cat-guertel","8":"product_tag-frog-pro-de","10":"first","11":"instock","12":"taxable","13":"shipping-taxable","14":"purchasable","15":"product-type-variable"},"yoast_head":"<!-- This site is optimized with the Yoast SEO plugin v26.4 - https:\/\/yoast.com\/wordpress\/plugins\/seo\/ -->\n<title>Taktischer G\u00fcrtel FROG.PRO COBRA Operator Belt 2.0 COYOTE FROG.PRO COBRA Operator Belt 2.0 MULTICAM - TCA eShop - Tactical Combat Academy<\/title>\n<meta name=\"description\" content=\"Der COBRA Operator Belt ist die ultimative L\u00f6sung f\u00fcr alle, die einen multifunktionalen G\u00fcrtel mit MOLLE PALS-System zur Befestigung von Taschen oder Zubeh\u00f6r suchen.\" \/>\n<meta name=\"robots\" content=\"index, follow, max-snippet:-1, max-image-preview:large, max-video-preview:-1\" \/>\n<link rel=\"canonical\" href=\"https:\/\/eshop.tca.sk\/de\/ausruestung\/taktischer-guertel-frog-pro-cobra-operator-belt-2-0-multicam\/\" \/>\n<meta property=\"og:locale\" content=\"de_DE\" \/>\n<meta property=\"og:type\" content=\"article\" \/>\n<meta property=\"og:title\" content=\"Taktischer G\u00fcrtel FROG.PRO COBRA Operator Belt 2.0 COYOTE FROG.PRO COBRA Operator Belt 2.0 MULTICAM - TCA eShop - Tactical Combat Academy\" \/>\n<meta property=\"og:description\" content=\"Der COBRA Operator Belt ist die ultimative L\u00f6sung f\u00fcr alle, die einen multifunktionalen G\u00fcrtel mit MOLLE PALS-System zur Befestigung von Taschen oder Zubeh\u00f6r suchen.\" \/>\n<meta property=\"og:url\" content=\"https:\/\/eshop.tca.sk\/de\/ausruestung\/taktischer-guertel-frog-pro-cobra-operator-belt-2-0-multicam\/\" \/>\n<meta property=\"og:site_name\" content=\"TCA eShop - Tactical Combat Academy\" \/>\n<meta property=\"article:modified_time\" content=\"2025-11-23T17:00:42+00:00\" \/>\n<meta property=\"og:image\" content=\"https:\/\/eshop.tca.sk\/wp-content\/uploads\/2024\/05\/Takticky-Opasok-FROG.PRO-COBRA-Operator-Belt-2.0-MULTICAM.png\" \/>\n\t<meta property=\"og:image:width\" content=\"1000\" \/>\n\t<meta property=\"og:image:height\" content=\"1000\" \/>\n\t<meta property=\"og:image:type\" content=\"image\/png\" \/>\n<meta name=\"twitter:card\" content=\"summary_large_image\" \/>\n<script type=\"application\/ld+json\" class=\"yoast-schema-graph\">{\"@context\":\"https:\/\/schema.org\",\"@graph\":[{\"@type\":\"WebPage\",\"@id\":\"https:\/\/eshop.tca.sk\/de\/ausruestung\/taktischer-guertel-frog-pro-cobra-operator-belt-2-0-multicam\/\",\"url\":\"https:\/\/eshop.tca.sk\/de\/ausruestung\/taktischer-guertel-frog-pro-cobra-operator-belt-2-0-multicam\/\",\"name\":\"Taktischer G\u00fcrtel FROG.PRO COBRA Operator Belt 2.0 COYOTE FROG.PRO COBRA Operator Belt 2.0 MULTICAM - TCA eShop - Tactical Combat Academy\",\"isPartOf\":{\"@id\":\"https:\/\/eshop.tca.sk\/de\/#website\"},\"primaryImageOfPage\":{\"@id\":\"https:\/\/eshop.tca.sk\/de\/ausruestung\/taktischer-guertel-frog-pro-cobra-operator-belt-2-0-multicam\/#primaryimage\"},\"image\":{\"@id\":\"https:\/\/eshop.tca.sk\/de\/ausruestung\/taktischer-guertel-frog-pro-cobra-operator-belt-2-0-multicam\/#primaryimage\"},\"thumbnailUrl\":\"https:\/\/eshop.tca.sk\/wp-content\/uploads\/2024\/05\/Takticky-Opasok-FROG.PRO-COBRA-Operator-Belt-2.0-MULTICAM.png\",\"datePublished\":\"2024-05-17T14:01:37+00:00\",\"dateModified\":\"2025-11-23T17:00:42+00:00\",\"description\":\"Der COBRA Operator Belt ist die ultimative L\u00f6sung f\u00fcr alle, die einen multifunktionalen G\u00fcrtel mit MOLLE PALS-System zur Befestigung von Taschen oder Zubeh\u00f6r suchen.\",\"breadcrumb\":{\"@id\":\"https:\/\/eshop.tca.sk\/de\/ausruestung\/taktischer-guertel-frog-pro-cobra-operator-belt-2-0-multicam\/#breadcrumb\"},\"inLanguage\":\"de\",\"potentialAction\":[{\"@type\":\"ReadAction\",\"target\":[\"https:\/\/eshop.tca.sk\/de\/ausruestung\/taktischer-guertel-frog-pro-cobra-operator-belt-2-0-multicam\/\"]}]},{\"@type\":\"ImageObject\",\"inLanguage\":\"de\",\"@id\":\"https:\/\/eshop.tca.sk\/de\/ausruestung\/taktischer-guertel-frog-pro-cobra-operator-belt-2-0-multicam\/#primaryimage\",\"url\":\"https:\/\/eshop.tca.sk\/wp-content\/uploads\/2024\/05\/Takticky-Opasok-FROG.PRO-COBRA-Operator-Belt-2.0-MULTICAM.png\",\"contentUrl\":\"https:\/\/eshop.tca.sk\/wp-content\/uploads\/2024\/05\/Takticky-Opasok-FROG.PRO-COBRA-Operator-Belt-2.0-MULTICAM.png\",\"width\":1000,\"height\":1000},{\"@type\":\"BreadcrumbList\",\"@id\":\"https:\/\/eshop.tca.sk\/de\/ausruestung\/taktischer-guertel-frog-pro-cobra-operator-belt-2-0-multicam\/#breadcrumb\",\"itemListElement\":[{\"@type\":\"ListItem\",\"position\":1,\"name\":\"Domovsk\u00e1 str\u00e1nka\",\"item\":\"https:\/\/eshop.tca.sk\/de\/\"},{\"@type\":\"ListItem\",\"position\":2,\"name\":\"Shop\",\"item\":\"https:\/\/eshop.tca.sk\/de\/shop\/\"},{\"@type\":\"ListItem\",\"position\":3,\"name\":\"Taktischer G\u00fcrtel FROG.PRO COBRA Operator Belt 2.0 COYOTE FROG.PRO COBRA Operator Belt 2.0 MULTICAM\"}]},{\"@type\":\"WebSite\",\"@id\":\"https:\/\/eshop.tca.sk\/de\/#website\",\"url\":\"https:\/\/eshop.tca.sk\/de\/\",\"name\":\"TCA eShop - Tactical Combat Academy\",\"description\":\"Tactical Combat Academy\",\"publisher\":{\"@id\":\"https:\/\/eshop.tca.sk\/de\/#organization\"},\"potentialAction\":[{\"@type\":\"SearchAction\",\"target\":{\"@type\":\"EntryPoint\",\"urlTemplate\":\"https:\/\/eshop.tca.sk\/de\/?s={search_term_string}\"},\"query-input\":{\"@type\":\"PropertyValueSpecification\",\"valueRequired\":true,\"valueName\":\"search_term_string\"}}],\"inLanguage\":\"de\"},{\"@type\":\"Organization\",\"@id\":\"https:\/\/eshop.tca.sk\/de\/#organization\",\"name\":\"TCA eShop - Tactical Combat Academy\",\"url\":\"https:\/\/eshop.tca.sk\/de\/\",\"logo\":{\"@type\":\"ImageObject\",\"inLanguage\":\"de\",\"@id\":\"https:\/\/eshop.tca.sk\/de\/#\/schema\/logo\/image\/\",\"url\":\"https:\/\/eshop.tca.sk\/wp-content\/uploads\/2025\/06\/logo-new-header.png\",\"contentUrl\":\"https:\/\/eshop.tca.sk\/wp-content\/uploads\/2025\/06\/logo-new-header.png\",\"width\":300,\"height\":294,\"caption\":\"TCA eShop - Tactical Combat Academy\"},\"image\":{\"@id\":\"https:\/\/eshop.tca.sk\/de\/#\/schema\/logo\/image\/\"}}]}<\/script>\n<!-- \/ Yoast SEO plugin. -->","yoast_head_json":{"title":"Taktischer G\u00fcrtel FROG.PRO COBRA Operator Belt 2.0 COYOTE FROG.PRO COBRA Operator Belt 2.0 MULTICAM - TCA eShop - Tactical Combat Academy","description":"Der COBRA Operator Belt ist die ultimative L\u00f6sung f\u00fcr alle, die einen multifunktionalen G\u00fcrtel mit MOLLE PALS-System zur Befestigung von Taschen oder Zubeh\u00f6r suchen.","robots":{"index":"index","follow":"follow","max-snippet":"max-snippet:-1","max-image-preview":"max-image-preview:large","max-video-preview":"max-video-preview:-1"},"canonical":"https:\/\/eshop.tca.sk\/de\/ausruestung\/taktischer-guertel-frog-pro-cobra-operator-belt-2-0-multicam\/","og_locale":"de_DE","og_type":"article","og_title":"Taktischer G\u00fcrtel FROG.PRO COBRA Operator Belt 2.0 COYOTE FROG.PRO COBRA Operator Belt 2.0 MULTICAM - TCA eShop - Tactical Combat Academy","og_description":"Der COBRA Operator Belt ist die ultimative L\u00f6sung f\u00fcr alle, die einen multifunktionalen G\u00fcrtel mit MOLLE PALS-System zur Befestigung von Taschen oder Zubeh\u00f6r suchen.","og_url":"https:\/\/eshop.tca.sk\/de\/ausruestung\/taktischer-guertel-frog-pro-cobra-operator-belt-2-0-multicam\/","og_site_name":"TCA eShop - Tactical Combat Academy","article_modified_time":"2025-11-23T17:00:42+00:00","og_image":[{"width":1000,"height":1000,"url":"https:\/\/eshop.tca.sk\/wp-content\/uploads\/2024\/05\/Takticky-Opasok-FROG.PRO-COBRA-Operator-Belt-2.0-MULTICAM.png","type":"image\/png"}],"twitter_card":"summary_large_image","schema":{"@context":"https:\/\/schema.org","@graph":[{"@type":"WebPage","@id":"https:\/\/eshop.tca.sk\/de\/ausruestung\/taktischer-guertel-frog-pro-cobra-operator-belt-2-0-multicam\/","url":"https:\/\/eshop.tca.sk\/de\/ausruestung\/taktischer-guertel-frog-pro-cobra-operator-belt-2-0-multicam\/","name":"Taktischer G\u00fcrtel FROG.PRO COBRA Operator Belt 2.0 COYOTE FROG.PRO COBRA Operator Belt 2.0 MULTICAM - TCA eShop - Tactical Combat Academy","isPartOf":{"@id":"https:\/\/eshop.tca.sk\/de\/#website"},"primaryImageOfPage":{"@id":"https:\/\/eshop.tca.sk\/de\/ausruestung\/taktischer-guertel-frog-pro-cobra-operator-belt-2-0-multicam\/#primaryimage"},"image":{"@id":"https:\/\/eshop.tca.sk\/de\/ausruestung\/taktischer-guertel-frog-pro-cobra-operator-belt-2-0-multicam\/#primaryimage"},"thumbnailUrl":"https:\/\/eshop.tca.sk\/wp-content\/uploads\/2024\/05\/Takticky-Opasok-FROG.PRO-COBRA-Operator-Belt-2.0-MULTICAM.png","datePublished":"2024-05-17T14:01:37+00:00","dateModified":"2025-11-23T17:00:42+00:00","description":"Der COBRA Operator Belt ist die ultimative L\u00f6sung f\u00fcr alle, die einen multifunktionalen G\u00fcrtel mit MOLLE PALS-System zur Befestigung von Taschen oder Zubeh\u00f6r suchen.","breadcrumb":{"@id":"https:\/\/eshop.tca.sk\/de\/ausruestung\/taktischer-guertel-frog-pro-cobra-operator-belt-2-0-multicam\/#breadcrumb"},"inLanguage":"de","potentialAction":[{"@type":"ReadAction","target":["https:\/\/eshop.tca.sk\/de\/ausruestung\/taktischer-guertel-frog-pro-cobra-operator-belt-2-0-multicam\/"]}]},{"@type":"ImageObject","inLanguage":"de","@id":"https:\/\/eshop.tca.sk\/de\/ausruestung\/taktischer-guertel-frog-pro-cobra-operator-belt-2-0-multicam\/#primaryimage","url":"https:\/\/eshop.tca.sk\/wp-content\/uploads\/2024\/05\/Takticky-Opasok-FROG.PRO-COBRA-Operator-Belt-2.0-MULTICAM.png","contentUrl":"https:\/\/eshop.tca.sk\/wp-content\/uploads\/2024\/05\/Takticky-Opasok-FROG.PRO-COBRA-Operator-Belt-2.0-MULTICAM.png","width":1000,"height":1000},{"@type":"BreadcrumbList","@id":"https:\/\/eshop.tca.sk\/de\/ausruestung\/taktischer-guertel-frog-pro-cobra-operator-belt-2-0-multicam\/#breadcrumb","itemListElement":[{"@type":"ListItem","position":1,"name":"Domovsk\u00e1 str\u00e1nka","item":"https:\/\/eshop.tca.sk\/de\/"},{"@type":"ListItem","position":2,"name":"Shop","item":"https:\/\/eshop.tca.sk\/de\/shop\/"},{"@type":"ListItem","position":3,"name":"Taktischer G\u00fcrtel FROG.PRO COBRA Operator Belt 2.0 COYOTE FROG.PRO COBRA Operator Belt 2.0 MULTICAM"}]},{"@type":"WebSite","@id":"https:\/\/eshop.tca.sk\/de\/#website","url":"https:\/\/eshop.tca.sk\/de\/","name":"TCA eShop - Tactical Combat Academy","description":"Tactical Combat Academy","publisher":{"@id":"https:\/\/eshop.tca.sk\/de\/#organization"},"potentialAction":[{"@type":"SearchAction","target":{"@type":"EntryPoint","urlTemplate":"https:\/\/eshop.tca.sk\/de\/?s={search_term_string}"},"query-input":{"@type":"PropertyValueSpecification","valueRequired":true,"valueName":"search_term_string"}}],"inLanguage":"de"},{"@type":"Organization","@id":"https:\/\/eshop.tca.sk\/de\/#organization","name":"TCA eShop - Tactical Combat Academy","url":"https:\/\/eshop.tca.sk\/de\/","logo":{"@type":"ImageObject","inLanguage":"de","@id":"https:\/\/eshop.tca.sk\/de\/#\/schema\/logo\/image\/","url":"https:\/\/eshop.tca.sk\/wp-content\/uploads\/2025\/06\/logo-new-header.png","contentUrl":"https:\/\/eshop.tca.sk\/wp-content\/uploads\/2025\/06\/logo-new-header.png","width":300,"height":294,"caption":"TCA eShop - Tactical Combat Academy"},"image":{"@id":"https:\/\/eshop.tca.sk\/de\/#\/schema\/logo\/image\/"}}]}},"_links":{"self":[{"href":"https:\/\/eshop.tca.sk\/de\/wp-json\/wp\/v2\/product\/12408","targetHints":{"allow":["GET"]}}],"collection":[{"href":"https:\/\/eshop.tca.sk\/de\/wp-json\/wp\/v2\/product"}],"about":[{"href":"https:\/\/eshop.tca.sk\/de\/wp-json\/wp\/v2\/types\/product"}],"wp:featuredmedia":[{"embeddable":true,"href":"https:\/\/eshop.tca.sk\/de\/wp-json\/wp\/v2\/media\/12414"}],"wp:attachment":[{"href":"https:\/\/eshop.tca.sk\/de\/wp-json\/wp\/v2\/media?parent=12408"}],"wp:term":[{"taxonomy":"product_brand","embeddable":true,"href":"https:\/\/eshop.tca.sk\/de\/wp-json\/wp\/v2\/product_brand?post=12408"},{"taxonomy":"product_cat","embeddable":true,"href":"https:\/\/eshop.tca.sk\/de\/wp-json\/wp\/v2\/product_cat?post=12408"},{"taxonomy":"product_tag","embeddable":true,"href":"https:\/\/eshop.tca.sk\/de\/wp-json\/wp\/v2\/product_tag?post=12408"},{"taxonomy":"giftcard-category","embeddable":true,"href":"https:\/\/eshop.tca.sk\/de\/wp-json\/wp\/v2\/giftcard-category?post=12408"}],"curies":[{"name":"wp","href":"https:\/\/api.w.org\/{rel}","templated":true}]}}