{"id":12437,"date":"2024-05-20T12:45:36","date_gmt":"2024-05-20T10:45:36","guid":{"rendered":"https:\/\/eshop.tca.sk\/?post_type=product&#038;p=12437"},"modified":"2025-11-26T11:27:05","modified_gmt":"2025-11-26T10:27:05","slug":"bcmgunfighter-grip-mod3-schwarz","status":"publish","type":"product","link":"https:\/\/eshop.tca.sk\/de\/waffenzubehoer\/bcmgunfighter-grip-mod3-schwarz\/","title":{"rendered":"BCMGUNFIGHTER Grip MOD3 SCHWARZ"},"content":{"rendered":"<h3><strong>mod3BCMGUNFIGHTER Grip MOD3 BLACK<\/strong><\/h3>\n<ul>\n<li>Verengter Winkel<\/li>\n<li>Ergonomisch verbessert f\u00fcr Sch\u00fctzen, die eine moderne \u201equadratische\u201c Haltung bevorzugen.<\/li>\n<li>Hergestellt aus Polymer, sto\u00dffest.<\/li>\n<li>Strukturierte Oberfl\u00e4che<\/li>\n<li>\u00d6ffnung im Griff, die zur Aufbewahrung von Batterien oder kleinen Gegenst\u00e4nden dient.<\/li>\n<li>Geeignet f\u00fcr Gewehre, die Standardgriffe AR-15 \/ M16 aufnehmen.<\/li>\n<\/ul>\n","protected":false},"excerpt":{"rendered":"<p><img loading=\"lazy\" decoding=\"async\" class=\"alignnone wp-image-8298\" src=\"https:\/\/eshop.tca.sk\/wp-content\/uploads\/2023\/03\/bcm-log-bl.png\" alt=\"\" width=\"176\" height=\"42\" srcset=\"https:\/\/eshop.tca.sk\/wp-content\/uploads\/2023\/03\/bcm-log-bl.png 500w, https:\/\/eshop.tca.sk\/wp-content\/uploads\/2023\/03\/bcm-log-bl-300x71.png 300w\" sizes=\"auto, (max-width: 176px) 100vw, 176px\" \/><\/p>\n<p>Der verengte Winkel und der ergonomisch verbesserte Griff wurden entwickelt, um die Kontrolle \u00fcber das Gewehr f\u00fcr Sch\u00fctzen zu verbessern, die eine moderne \u201equadratische\u201d Haltung bevorzugen.<\/p>\n<p><img loading=\"lazy\" decoding=\"async\" class=\"wp-image-8564 alignnone\" src=\"https:\/\/eshop.tca.sk\/wp-content\/uploads\/2023\/04\/Logo-Whack-Black-White-R-APPROVED.png\" alt=\"\" width=\"138\" height=\"75\" srcset=\"https:\/\/eshop.tca.sk\/wp-content\/uploads\/2023\/04\/Logo-Whack-Black-White-R-APPROVED.png 571w, https:\/\/eshop.tca.sk\/wp-content\/uploads\/2023\/04\/Logo-Whack-Black-White-R-APPROVED-300x163.png 300w\" sizes=\"auto, (max-width: 138px) 100vw, 138px\" \/><\/p>\n<p>Vom <a href=\"https:\/\/www.tca.sk\/\"><strong>TCA<\/strong><\/a> und dem <strong><a href=\"https:\/\/www.tca.sk\/profil\/ako-zacat-s-kurzami\">WHACK-System<\/a><\/strong> verwendete und empfohlene Equipment.<\/p>\n","protected":false},"featured_media":12439,"template":"","meta":{"inline_featured_image":false},"product_brand":[],"product_cat":[442,318],"product_tag":[448],"giftcard-category":[],"class_list":{"0":"post-12437","1":"product","2":"type-product","3":"status-publish","4":"has-post-thumbnail","6":"product_cat-grips","7":"product_cat-waffenzubehoer","8":"product_tag-bcm-de","10":"first","11":"outofstock","12":"taxable","13":"shipping-taxable","14":"purchasable","15":"product-type-simple"},"yoast_head":"<!-- This site is optimized with the Yoast SEO plugin v26.4 - https:\/\/yoast.com\/wordpress\/plugins\/seo\/ -->\n<title>BCMGUNFIGHTER Grip MOD3 SCHWARZ - TCA eShop - Tactical Combat Academy<\/title>\n<meta name=\"description\" content=\"Der BCMGUNFIGHTER Grip MOD3 BLACK wurde entwickelt, um die Kontrolle \u00fcber das Gewehr f\u00fcr Sch\u00fctzen zu verbessern, die eine moderne \u201equadratische\u201d Haltung bevorzugen.\" \/>\n<meta name=\"robots\" content=\"index, follow, max-snippet:-1, max-image-preview:large, max-video-preview:-1\" \/>\n<link rel=\"canonical\" href=\"https:\/\/eshop.tca.sk\/de\/waffenzubehoer\/bcmgunfighter-grip-mod3-schwarz\/\" \/>\n<meta property=\"og:locale\" content=\"de_DE\" \/>\n<meta property=\"og:type\" content=\"article\" \/>\n<meta property=\"og:title\" content=\"BCMGUNFIGHTER Grip MOD3 SCHWARZ - TCA eShop - Tactical Combat Academy\" \/>\n<meta property=\"og:description\" content=\"Der BCMGUNFIGHTER Grip MOD3 BLACK wurde entwickelt, um die Kontrolle \u00fcber das Gewehr f\u00fcr Sch\u00fctzen zu verbessern, die eine moderne \u201equadratische\u201d Haltung bevorzugen.\" \/>\n<meta property=\"og:url\" content=\"https:\/\/eshop.tca.sk\/de\/waffenzubehoer\/bcmgunfighter-grip-mod3-schwarz\/\" \/>\n<meta property=\"og:site_name\" content=\"TCA eShop - Tactical Combat Academy\" \/>\n<meta property=\"article:modified_time\" content=\"2025-11-26T10:27:05+00:00\" \/>\n<meta property=\"og:image\" content=\"https:\/\/eshop.tca.sk\/wp-content\/uploads\/2024\/05\/BCMGUNFIGHTER-Grip-MOD3-BLACK-d.png\" \/>\n\t<meta property=\"og:image:width\" content=\"1000\" \/>\n\t<meta property=\"og:image:height\" content=\"1000\" \/>\n\t<meta property=\"og:image:type\" content=\"image\/png\" \/>\n<meta name=\"twitter:card\" content=\"summary_large_image\" \/>\n<script type=\"application\/ld+json\" class=\"yoast-schema-graph\">{\"@context\":\"https:\/\/schema.org\",\"@graph\":[{\"@type\":\"WebPage\",\"@id\":\"https:\/\/eshop.tca.sk\/de\/waffenzubehoer\/bcmgunfighter-grip-mod3-schwarz\/\",\"url\":\"https:\/\/eshop.tca.sk\/de\/waffenzubehoer\/bcmgunfighter-grip-mod3-schwarz\/\",\"name\":\"BCMGUNFIGHTER Grip MOD3 SCHWARZ - TCA eShop - Tactical Combat Academy\",\"isPartOf\":{\"@id\":\"https:\/\/eshop.tca.sk\/de\/#website\"},\"primaryImageOfPage\":{\"@id\":\"https:\/\/eshop.tca.sk\/de\/waffenzubehoer\/bcmgunfighter-grip-mod3-schwarz\/#primaryimage\"},\"image\":{\"@id\":\"https:\/\/eshop.tca.sk\/de\/waffenzubehoer\/bcmgunfighter-grip-mod3-schwarz\/#primaryimage\"},\"thumbnailUrl\":\"https:\/\/eshop.tca.sk\/wp-content\/uploads\/2024\/05\/BCMGUNFIGHTER-Grip-MOD3-BLACK-d.png\",\"datePublished\":\"2024-05-20T10:45:36+00:00\",\"dateModified\":\"2025-11-26T10:27:05+00:00\",\"description\":\"Der BCMGUNFIGHTER Grip MOD3 BLACK wurde entwickelt, um die Kontrolle \u00fcber das Gewehr f\u00fcr Sch\u00fctzen zu verbessern, die eine moderne \u201equadratische\u201d Haltung bevorzugen.\",\"breadcrumb\":{\"@id\":\"https:\/\/eshop.tca.sk\/de\/waffenzubehoer\/bcmgunfighter-grip-mod3-schwarz\/#breadcrumb\"},\"inLanguage\":\"de\",\"potentialAction\":[{\"@type\":\"ReadAction\",\"target\":[\"https:\/\/eshop.tca.sk\/de\/waffenzubehoer\/bcmgunfighter-grip-mod3-schwarz\/\"]}]},{\"@type\":\"ImageObject\",\"inLanguage\":\"de\",\"@id\":\"https:\/\/eshop.tca.sk\/de\/waffenzubehoer\/bcmgunfighter-grip-mod3-schwarz\/#primaryimage\",\"url\":\"https:\/\/eshop.tca.sk\/wp-content\/uploads\/2024\/05\/BCMGUNFIGHTER-Grip-MOD3-BLACK-d.png\",\"contentUrl\":\"https:\/\/eshop.tca.sk\/wp-content\/uploads\/2024\/05\/BCMGUNFIGHTER-Grip-MOD3-BLACK-d.png\",\"width\":1000,\"height\":1000,\"caption\":\"BCMGUNFIGHTER Grip MOD3 BLACK\"},{\"@type\":\"BreadcrumbList\",\"@id\":\"https:\/\/eshop.tca.sk\/de\/waffenzubehoer\/bcmgunfighter-grip-mod3-schwarz\/#breadcrumb\",\"itemListElement\":[{\"@type\":\"ListItem\",\"position\":1,\"name\":\"Domovsk\u00e1 str\u00e1nka\",\"item\":\"https:\/\/eshop.tca.sk\/de\/\"},{\"@type\":\"ListItem\",\"position\":2,\"name\":\"Shop\",\"item\":\"https:\/\/eshop.tca.sk\/de\/shop\/\"},{\"@type\":\"ListItem\",\"position\":3,\"name\":\"BCMGUNFIGHTER Grip MOD3 SCHWARZ\"}]},{\"@type\":\"WebSite\",\"@id\":\"https:\/\/eshop.tca.sk\/de\/#website\",\"url\":\"https:\/\/eshop.tca.sk\/de\/\",\"name\":\"TCA eShop - Tactical Combat Academy\",\"description\":\"Tactical Combat Academy\",\"publisher\":{\"@id\":\"https:\/\/eshop.tca.sk\/de\/#organization\"},\"potentialAction\":[{\"@type\":\"SearchAction\",\"target\":{\"@type\":\"EntryPoint\",\"urlTemplate\":\"https:\/\/eshop.tca.sk\/de\/?s={search_term_string}\"},\"query-input\":{\"@type\":\"PropertyValueSpecification\",\"valueRequired\":true,\"valueName\":\"search_term_string\"}}],\"inLanguage\":\"de\"},{\"@type\":\"Organization\",\"@id\":\"https:\/\/eshop.tca.sk\/de\/#organization\",\"name\":\"TCA eShop - Tactical Combat Academy\",\"url\":\"https:\/\/eshop.tca.sk\/de\/\",\"logo\":{\"@type\":\"ImageObject\",\"inLanguage\":\"de\",\"@id\":\"https:\/\/eshop.tca.sk\/de\/#\/schema\/logo\/image\/\",\"url\":\"https:\/\/eshop.tca.sk\/wp-content\/uploads\/2025\/06\/logo-new-header.png\",\"contentUrl\":\"https:\/\/eshop.tca.sk\/wp-content\/uploads\/2025\/06\/logo-new-header.png\",\"width\":300,\"height\":294,\"caption\":\"TCA eShop - Tactical Combat Academy\"},\"image\":{\"@id\":\"https:\/\/eshop.tca.sk\/de\/#\/schema\/logo\/image\/\"}}]}<\/script>\n<!-- \/ Yoast SEO plugin. -->","yoast_head_json":{"title":"BCMGUNFIGHTER Grip MOD3 SCHWARZ - TCA eShop - Tactical Combat Academy","description":"Der BCMGUNFIGHTER Grip MOD3 BLACK wurde entwickelt, um die Kontrolle \u00fcber das Gewehr f\u00fcr Sch\u00fctzen zu verbessern, die eine moderne \u201equadratische\u201d Haltung bevorzugen.","robots":{"index":"index","follow":"follow","max-snippet":"max-snippet:-1","max-image-preview":"max-image-preview:large","max-video-preview":"max-video-preview:-1"},"canonical":"https:\/\/eshop.tca.sk\/de\/waffenzubehoer\/bcmgunfighter-grip-mod3-schwarz\/","og_locale":"de_DE","og_type":"article","og_title":"BCMGUNFIGHTER Grip MOD3 SCHWARZ - TCA eShop - Tactical Combat Academy","og_description":"Der BCMGUNFIGHTER Grip MOD3 BLACK wurde entwickelt, um die Kontrolle \u00fcber das Gewehr f\u00fcr Sch\u00fctzen zu verbessern, die eine moderne \u201equadratische\u201d Haltung bevorzugen.","og_url":"https:\/\/eshop.tca.sk\/de\/waffenzubehoer\/bcmgunfighter-grip-mod3-schwarz\/","og_site_name":"TCA eShop - Tactical Combat Academy","article_modified_time":"2025-11-26T10:27:05+00:00","og_image":[{"width":1000,"height":1000,"url":"https:\/\/eshop.tca.sk\/wp-content\/uploads\/2024\/05\/BCMGUNFIGHTER-Grip-MOD3-BLACK-d.png","type":"image\/png"}],"twitter_card":"summary_large_image","schema":{"@context":"https:\/\/schema.org","@graph":[{"@type":"WebPage","@id":"https:\/\/eshop.tca.sk\/de\/waffenzubehoer\/bcmgunfighter-grip-mod3-schwarz\/","url":"https:\/\/eshop.tca.sk\/de\/waffenzubehoer\/bcmgunfighter-grip-mod3-schwarz\/","name":"BCMGUNFIGHTER Grip MOD3 SCHWARZ - TCA eShop - Tactical Combat Academy","isPartOf":{"@id":"https:\/\/eshop.tca.sk\/de\/#website"},"primaryImageOfPage":{"@id":"https:\/\/eshop.tca.sk\/de\/waffenzubehoer\/bcmgunfighter-grip-mod3-schwarz\/#primaryimage"},"image":{"@id":"https:\/\/eshop.tca.sk\/de\/waffenzubehoer\/bcmgunfighter-grip-mod3-schwarz\/#primaryimage"},"thumbnailUrl":"https:\/\/eshop.tca.sk\/wp-content\/uploads\/2024\/05\/BCMGUNFIGHTER-Grip-MOD3-BLACK-d.png","datePublished":"2024-05-20T10:45:36+00:00","dateModified":"2025-11-26T10:27:05+00:00","description":"Der BCMGUNFIGHTER Grip MOD3 BLACK wurde entwickelt, um die Kontrolle \u00fcber das Gewehr f\u00fcr Sch\u00fctzen zu verbessern, die eine moderne \u201equadratische\u201d Haltung bevorzugen.","breadcrumb":{"@id":"https:\/\/eshop.tca.sk\/de\/waffenzubehoer\/bcmgunfighter-grip-mod3-schwarz\/#breadcrumb"},"inLanguage":"de","potentialAction":[{"@type":"ReadAction","target":["https:\/\/eshop.tca.sk\/de\/waffenzubehoer\/bcmgunfighter-grip-mod3-schwarz\/"]}]},{"@type":"ImageObject","inLanguage":"de","@id":"https:\/\/eshop.tca.sk\/de\/waffenzubehoer\/bcmgunfighter-grip-mod3-schwarz\/#primaryimage","url":"https:\/\/eshop.tca.sk\/wp-content\/uploads\/2024\/05\/BCMGUNFIGHTER-Grip-MOD3-BLACK-d.png","contentUrl":"https:\/\/eshop.tca.sk\/wp-content\/uploads\/2024\/05\/BCMGUNFIGHTER-Grip-MOD3-BLACK-d.png","width":1000,"height":1000,"caption":"BCMGUNFIGHTER Grip MOD3 BLACK"},{"@type":"BreadcrumbList","@id":"https:\/\/eshop.tca.sk\/de\/waffenzubehoer\/bcmgunfighter-grip-mod3-schwarz\/#breadcrumb","itemListElement":[{"@type":"ListItem","position":1,"name":"Domovsk\u00e1 str\u00e1nka","item":"https:\/\/eshop.tca.sk\/de\/"},{"@type":"ListItem","position":2,"name":"Shop","item":"https:\/\/eshop.tca.sk\/de\/shop\/"},{"@type":"ListItem","position":3,"name":"BCMGUNFIGHTER Grip MOD3 SCHWARZ"}]},{"@type":"WebSite","@id":"https:\/\/eshop.tca.sk\/de\/#website","url":"https:\/\/eshop.tca.sk\/de\/","name":"TCA eShop - Tactical Combat Academy","description":"Tactical Combat Academy","publisher":{"@id":"https:\/\/eshop.tca.sk\/de\/#organization"},"potentialAction":[{"@type":"SearchAction","target":{"@type":"EntryPoint","urlTemplate":"https:\/\/eshop.tca.sk\/de\/?s={search_term_string}"},"query-input":{"@type":"PropertyValueSpecification","valueRequired":true,"valueName":"search_term_string"}}],"inLanguage":"de"},{"@type":"Organization","@id":"https:\/\/eshop.tca.sk\/de\/#organization","name":"TCA eShop - Tactical Combat Academy","url":"https:\/\/eshop.tca.sk\/de\/","logo":{"@type":"ImageObject","inLanguage":"de","@id":"https:\/\/eshop.tca.sk\/de\/#\/schema\/logo\/image\/","url":"https:\/\/eshop.tca.sk\/wp-content\/uploads\/2025\/06\/logo-new-header.png","contentUrl":"https:\/\/eshop.tca.sk\/wp-content\/uploads\/2025\/06\/logo-new-header.png","width":300,"height":294,"caption":"TCA eShop - Tactical Combat Academy"},"image":{"@id":"https:\/\/eshop.tca.sk\/de\/#\/schema\/logo\/image\/"}}]}},"_links":{"self":[{"href":"https:\/\/eshop.tca.sk\/de\/wp-json\/wp\/v2\/product\/12437","targetHints":{"allow":["GET"]}}],"collection":[{"href":"https:\/\/eshop.tca.sk\/de\/wp-json\/wp\/v2\/product"}],"about":[{"href":"https:\/\/eshop.tca.sk\/de\/wp-json\/wp\/v2\/types\/product"}],"wp:featuredmedia":[{"embeddable":true,"href":"https:\/\/eshop.tca.sk\/de\/wp-json\/wp\/v2\/media\/12439"}],"wp:attachment":[{"href":"https:\/\/eshop.tca.sk\/de\/wp-json\/wp\/v2\/media?parent=12437"}],"wp:term":[{"taxonomy":"product_brand","embeddable":true,"href":"https:\/\/eshop.tca.sk\/de\/wp-json\/wp\/v2\/product_brand?post=12437"},{"taxonomy":"product_cat","embeddable":true,"href":"https:\/\/eshop.tca.sk\/de\/wp-json\/wp\/v2\/product_cat?post=12437"},{"taxonomy":"product_tag","embeddable":true,"href":"https:\/\/eshop.tca.sk\/de\/wp-json\/wp\/v2\/product_tag?post=12437"},{"taxonomy":"giftcard-category","embeddable":true,"href":"https:\/\/eshop.tca.sk\/de\/wp-json\/wp\/v2\/giftcard-category?post=12437"}],"curies":[{"name":"wp","href":"https:\/\/api.w.org\/{rel}","templated":true}]}}