{"id":12503,"date":"2024-05-20T15:23:22","date_gmt":"2024-05-20T13:23:22","guid":{"rendered":"https:\/\/eshop.tca.sk\/?post_type=product&#038;p=12503"},"modified":"2025-11-26T11:23:41","modified_gmt":"2025-11-26T10:23:41","slug":"bcmgunfighter-vertical-grip-mod-3-picatinny-schwarz","status":"publish","type":"product","link":"https:\/\/eshop.tca.sk\/de\/waffenzubehoer\/bcmgunfighter-vertical-grip-mod-3-picatinny-schwarz\/","title":{"rendered":"BCMGUNFIGHTER Vertical Grip Mod 3 (Picatinny) BLACK"},"content":{"rendered":"<h3><strong>BCMGUNFIGHTER Vertical Grip Mod 3 (Picatinny) BLACK<\/strong><\/h3>\n<p>Das neue (United States Patent 9,709,358) BCM\u00ae Direct Mount Picatinny 1913 Schnittstellensystem wurde als das st\u00e4rkste, leichteste und kosteng\u00fcnstigste System f\u00fcr vertikale Pistolengriffe und Hand Stop Zubeh\u00f6r entwickelt.<\/p>\n<p>Die meisten Industrien verlassen sich auf eine einfache Schraube und eine Gegenmutter f\u00fcr das Befestigungssystem. BCM hat ein patentiertes Verankerungssystem entwickelt, das nicht nur die Montagefl\u00e4che sichert, sondern auch die Energie und Kraft auf die gesamte Halterung verteilt. Herk\u00f6mmliche Montagesysteme k\u00f6nnen eine gr\u00f6\u00dfere Verschiebung und Verbiegung des Zubeh\u00f6rs zulassen. Das BCM-Direktmontage-Schnittstellensystem reduziert diese Probleme und bietet eine sicherere Verriegelung, da kein Spiel in der Montagefl\u00e4che vorhanden ist.<\/p>\n<ul>\n<li>Niedrige Profill\u00e4nge zur Erh\u00f6hung der Mobilit\u00e4t und Verringerung des Einklemmungsfaktors.<\/li>\n<li>Der vordere Winkel erh\u00f6ht die Steifigkeit des Unterarms und sorgt f\u00fcr einen nat\u00fcrlicheren Handgelenkwinkel.<\/li>\n<li>Kann im umgekehrten Winkel montiert werden, um die Kontrolle beim Greifen des Griffs und des Griffs zu erh\u00f6hen.<\/li>\n<li>Flache Seiten mit aggressiver Textur bieten dem Sch\u00fctzen eine bessere Ablenkungskontrolle beim Schie\u00dfen und Handling au\u00dferhalb des Schie\u00dfstands.<\/li>\n<li>Das Anker- und Sch\u00e4kelsystem bietet ein einfaches, robustes Design bei einem geringen Gewicht von 1,9 Unzen. United States Patent 9 709 358<\/li>\n<li>Hergestellt in den USA, aus hochwertigen, schlagfesten Polymeren.<\/li>\n<\/ul>\n<p><iframe loading=\"lazy\" class=\"wp-embedded-content\" sandbox=\"allow-scripts\" security=\"restricted\" title=\"BCM\u00ae Vertical Grip 1913 Picatinny Mounting and Information\" src=\"https:\/\/rumble.com\/embed\/v3xdqrm\/#?secret=RCNjDZD73o\" data-secret=\"RCNjDZD73o\" width=\"1280\" height=\"720\" frameborder=\"0\"><\/iframe><\/p>\n","protected":false},"excerpt":{"rendered":"<p><img loading=\"lazy\" decoding=\"async\" class=\"alignnone wp-image-8298\" src=\"https:\/\/eshop.tca.sk\/wp-content\/uploads\/2023\/03\/bcm-log-bl.png\" alt=\"\" width=\"176\" height=\"42\" srcset=\"https:\/\/eshop.tca.sk\/wp-content\/uploads\/2023\/03\/bcm-log-bl.png 500w, https:\/\/eshop.tca.sk\/wp-content\/uploads\/2023\/03\/bcm-log-bl-300x71.png 300w\" sizes=\"auto, (max-width: 176px) 100vw, 176px\" \/><\/p>\n<p>Das neue (United States Patent 9,709,358) BCM\u00ae Direct Mount Picatinny 1913 Schnittstellensystem wurde als das st\u00e4rkste, leichteste und kosteng\u00fcnstigste System f\u00fcr vertikale Pistolengriffe und Hand Stop Zubeh\u00f6r entwickelt.<\/p>\n<p><img loading=\"lazy\" decoding=\"async\" class=\"wp-image-8564 alignnone\" src=\"https:\/\/eshop.tca.sk\/wp-content\/uploads\/2023\/04\/Logo-Whack-Black-White-R-APPROVED.png\" alt=\"\" width=\"138\" height=\"75\" srcset=\"https:\/\/eshop.tca.sk\/wp-content\/uploads\/2023\/04\/Logo-Whack-Black-White-R-APPROVED.png 571w, https:\/\/eshop.tca.sk\/wp-content\/uploads\/2023\/04\/Logo-Whack-Black-White-R-APPROVED-300x163.png 300w\" sizes=\"auto, (max-width: 138px) 100vw, 138px\" \/><\/p>\n<p>Vom <a href=\"https:\/\/www.tca.sk\/\"><strong>TCA<\/strong><\/a> und dem <strong><a href=\"https:\/\/www.tca.sk\/profil\/ako-zacat-s-kurzami\">WHACK-System<\/a><\/strong> verwendete und empfohlene Equipment.<\/p>\n","protected":false},"featured_media":12507,"template":"","meta":{"inline_featured_image":false},"product_brand":[],"product_cat":[442,318],"product_tag":[448],"giftcard-category":[],"class_list":{"0":"post-12503","1":"product","2":"type-product","3":"status-publish","4":"has-post-thumbnail","6":"product_cat-grips","7":"product_cat-waffenzubehoer","8":"product_tag-bcm-de","10":"first","11":"outofstock","12":"taxable","13":"shipping-taxable","14":"purchasable","15":"product-type-simple"},"yoast_head":"<!-- This site is optimized with the Yoast SEO plugin v26.4 - https:\/\/yoast.com\/wordpress\/plugins\/seo\/ -->\n<title>BCMGUNFIGHTER Vertical Grip Mod 3 (Picatinny) BLACK - TCA eShop - Tactical Combat Academy<\/title>\n<meta name=\"description\" content=\"Das neue (United States Patent 9,709,358) BCM\u00ae Direct Mount Picatinny 1913 Schnittstellensystem wurde als das st\u00e4rkste, leichteste und kosteng\u00fcnstigste System f\u00fcr vertikale Pistolengriffe und Hand Stop Zubeh\u00f6r entwickelt.\" \/>\n<meta name=\"robots\" content=\"index, follow, max-snippet:-1, max-image-preview:large, max-video-preview:-1\" \/>\n<link rel=\"canonical\" href=\"https:\/\/eshop.tca.sk\/de\/waffenzubehoer\/bcmgunfighter-vertical-grip-mod-3-picatinny-schwarz\/\" \/>\n<meta property=\"og:locale\" content=\"de_DE\" \/>\n<meta property=\"og:type\" content=\"article\" \/>\n<meta property=\"og:title\" content=\"BCMGUNFIGHTER Vertical Grip Mod 3 (Picatinny) BLACK - TCA eShop - Tactical Combat Academy\" \/>\n<meta property=\"og:description\" content=\"Das neue (United States Patent 9,709,358) BCM\u00ae Direct Mount Picatinny 1913 Schnittstellensystem wurde als das st\u00e4rkste, leichteste und kosteng\u00fcnstigste System f\u00fcr vertikale Pistolengriffe und Hand Stop Zubeh\u00f6r entwickelt.\" \/>\n<meta property=\"og:url\" content=\"https:\/\/eshop.tca.sk\/de\/waffenzubehoer\/bcmgunfighter-vertical-grip-mod-3-picatinny-schwarz\/\" \/>\n<meta property=\"og:site_name\" content=\"TCA eShop - Tactical Combat Academy\" \/>\n<meta property=\"article:modified_time\" content=\"2025-11-26T10:23:41+00:00\" \/>\n<meta property=\"og:image\" content=\"https:\/\/eshop.tca.sk\/wp-content\/uploads\/2024\/05\/BCMGUNFIGHTER-Vertical-Grip-Mod-3-Picatinny-BLACK-1.png\" \/>\n\t<meta property=\"og:image:width\" content=\"1000\" \/>\n\t<meta property=\"og:image:height\" content=\"1000\" \/>\n\t<meta property=\"og:image:type\" content=\"image\/png\" \/>\n<meta name=\"twitter:card\" content=\"summary_large_image\" \/>\n<script type=\"application\/ld+json\" class=\"yoast-schema-graph\">{\"@context\":\"https:\/\/schema.org\",\"@graph\":[{\"@type\":\"WebPage\",\"@id\":\"https:\/\/eshop.tca.sk\/de\/waffenzubehoer\/bcmgunfighter-vertical-grip-mod-3-picatinny-schwarz\/\",\"url\":\"https:\/\/eshop.tca.sk\/de\/waffenzubehoer\/bcmgunfighter-vertical-grip-mod-3-picatinny-schwarz\/\",\"name\":\"BCMGUNFIGHTER Vertical Grip Mod 3 (Picatinny) BLACK - TCA eShop - Tactical Combat Academy\",\"isPartOf\":{\"@id\":\"https:\/\/eshop.tca.sk\/de\/#website\"},\"primaryImageOfPage\":{\"@id\":\"https:\/\/eshop.tca.sk\/de\/waffenzubehoer\/bcmgunfighter-vertical-grip-mod-3-picatinny-schwarz\/#primaryimage\"},\"image\":{\"@id\":\"https:\/\/eshop.tca.sk\/de\/waffenzubehoer\/bcmgunfighter-vertical-grip-mod-3-picatinny-schwarz\/#primaryimage\"},\"thumbnailUrl\":\"https:\/\/eshop.tca.sk\/wp-content\/uploads\/2024\/05\/BCMGUNFIGHTER-Vertical-Grip-Mod-3-Picatinny-BLACK-1.png\",\"datePublished\":\"2024-05-20T13:23:22+00:00\",\"dateModified\":\"2025-11-26T10:23:41+00:00\",\"description\":\"Das neue (United States Patent 9,709,358) BCM\u00ae Direct Mount Picatinny 1913 Schnittstellensystem wurde als das st\u00e4rkste, leichteste und kosteng\u00fcnstigste System f\u00fcr vertikale Pistolengriffe und Hand Stop Zubeh\u00f6r entwickelt.\",\"breadcrumb\":{\"@id\":\"https:\/\/eshop.tca.sk\/de\/waffenzubehoer\/bcmgunfighter-vertical-grip-mod-3-picatinny-schwarz\/#breadcrumb\"},\"inLanguage\":\"de\",\"potentialAction\":[{\"@type\":\"ReadAction\",\"target\":[\"https:\/\/eshop.tca.sk\/de\/waffenzubehoer\/bcmgunfighter-vertical-grip-mod-3-picatinny-schwarz\/\"]}]},{\"@type\":\"ImageObject\",\"inLanguage\":\"de\",\"@id\":\"https:\/\/eshop.tca.sk\/de\/waffenzubehoer\/bcmgunfighter-vertical-grip-mod-3-picatinny-schwarz\/#primaryimage\",\"url\":\"https:\/\/eshop.tca.sk\/wp-content\/uploads\/2024\/05\/BCMGUNFIGHTER-Vertical-Grip-Mod-3-Picatinny-BLACK-1.png\",\"contentUrl\":\"https:\/\/eshop.tca.sk\/wp-content\/uploads\/2024\/05\/BCMGUNFIGHTER-Vertical-Grip-Mod-3-Picatinny-BLACK-1.png\",\"width\":1000,\"height\":1000},{\"@type\":\"BreadcrumbList\",\"@id\":\"https:\/\/eshop.tca.sk\/de\/waffenzubehoer\/bcmgunfighter-vertical-grip-mod-3-picatinny-schwarz\/#breadcrumb\",\"itemListElement\":[{\"@type\":\"ListItem\",\"position\":1,\"name\":\"Domovsk\u00e1 str\u00e1nka\",\"item\":\"https:\/\/eshop.tca.sk\/de\/\"},{\"@type\":\"ListItem\",\"position\":2,\"name\":\"Shop\",\"item\":\"https:\/\/eshop.tca.sk\/de\/shop\/\"},{\"@type\":\"ListItem\",\"position\":3,\"name\":\"BCMGUNFIGHTER Vertical Grip Mod 3 (Picatinny) BLACK\"}]},{\"@type\":\"WebSite\",\"@id\":\"https:\/\/eshop.tca.sk\/de\/#website\",\"url\":\"https:\/\/eshop.tca.sk\/de\/\",\"name\":\"TCA eShop - Tactical Combat Academy\",\"description\":\"Tactical Combat Academy\",\"publisher\":{\"@id\":\"https:\/\/eshop.tca.sk\/de\/#organization\"},\"potentialAction\":[{\"@type\":\"SearchAction\",\"target\":{\"@type\":\"EntryPoint\",\"urlTemplate\":\"https:\/\/eshop.tca.sk\/de\/?s={search_term_string}\"},\"query-input\":{\"@type\":\"PropertyValueSpecification\",\"valueRequired\":true,\"valueName\":\"search_term_string\"}}],\"inLanguage\":\"de\"},{\"@type\":\"Organization\",\"@id\":\"https:\/\/eshop.tca.sk\/de\/#organization\",\"name\":\"TCA eShop - Tactical Combat Academy\",\"url\":\"https:\/\/eshop.tca.sk\/de\/\",\"logo\":{\"@type\":\"ImageObject\",\"inLanguage\":\"de\",\"@id\":\"https:\/\/eshop.tca.sk\/de\/#\/schema\/logo\/image\/\",\"url\":\"https:\/\/eshop.tca.sk\/wp-content\/uploads\/2025\/06\/logo-new-header.png\",\"contentUrl\":\"https:\/\/eshop.tca.sk\/wp-content\/uploads\/2025\/06\/logo-new-header.png\",\"width\":300,\"height\":294,\"caption\":\"TCA eShop - Tactical Combat Academy\"},\"image\":{\"@id\":\"https:\/\/eshop.tca.sk\/de\/#\/schema\/logo\/image\/\"}}]}<\/script>\n<!-- \/ Yoast SEO plugin. -->","yoast_head_json":{"title":"BCMGUNFIGHTER Vertical Grip Mod 3 (Picatinny) BLACK - TCA eShop - Tactical Combat Academy","description":"Das neue (United States Patent 9,709,358) BCM\u00ae Direct Mount Picatinny 1913 Schnittstellensystem wurde als das st\u00e4rkste, leichteste und kosteng\u00fcnstigste System f\u00fcr vertikale Pistolengriffe und Hand Stop Zubeh\u00f6r entwickelt.","robots":{"index":"index","follow":"follow","max-snippet":"max-snippet:-1","max-image-preview":"max-image-preview:large","max-video-preview":"max-video-preview:-1"},"canonical":"https:\/\/eshop.tca.sk\/de\/waffenzubehoer\/bcmgunfighter-vertical-grip-mod-3-picatinny-schwarz\/","og_locale":"de_DE","og_type":"article","og_title":"BCMGUNFIGHTER Vertical Grip Mod 3 (Picatinny) BLACK - TCA eShop - Tactical Combat Academy","og_description":"Das neue (United States Patent 9,709,358) BCM\u00ae Direct Mount Picatinny 1913 Schnittstellensystem wurde als das st\u00e4rkste, leichteste und kosteng\u00fcnstigste System f\u00fcr vertikale Pistolengriffe und Hand Stop Zubeh\u00f6r entwickelt.","og_url":"https:\/\/eshop.tca.sk\/de\/waffenzubehoer\/bcmgunfighter-vertical-grip-mod-3-picatinny-schwarz\/","og_site_name":"TCA eShop - Tactical Combat Academy","article_modified_time":"2025-11-26T10:23:41+00:00","og_image":[{"width":1000,"height":1000,"url":"https:\/\/eshop.tca.sk\/wp-content\/uploads\/2024\/05\/BCMGUNFIGHTER-Vertical-Grip-Mod-3-Picatinny-BLACK-1.png","type":"image\/png"}],"twitter_card":"summary_large_image","schema":{"@context":"https:\/\/schema.org","@graph":[{"@type":"WebPage","@id":"https:\/\/eshop.tca.sk\/de\/waffenzubehoer\/bcmgunfighter-vertical-grip-mod-3-picatinny-schwarz\/","url":"https:\/\/eshop.tca.sk\/de\/waffenzubehoer\/bcmgunfighter-vertical-grip-mod-3-picatinny-schwarz\/","name":"BCMGUNFIGHTER Vertical Grip Mod 3 (Picatinny) BLACK - TCA eShop - Tactical Combat Academy","isPartOf":{"@id":"https:\/\/eshop.tca.sk\/de\/#website"},"primaryImageOfPage":{"@id":"https:\/\/eshop.tca.sk\/de\/waffenzubehoer\/bcmgunfighter-vertical-grip-mod-3-picatinny-schwarz\/#primaryimage"},"image":{"@id":"https:\/\/eshop.tca.sk\/de\/waffenzubehoer\/bcmgunfighter-vertical-grip-mod-3-picatinny-schwarz\/#primaryimage"},"thumbnailUrl":"https:\/\/eshop.tca.sk\/wp-content\/uploads\/2024\/05\/BCMGUNFIGHTER-Vertical-Grip-Mod-3-Picatinny-BLACK-1.png","datePublished":"2024-05-20T13:23:22+00:00","dateModified":"2025-11-26T10:23:41+00:00","description":"Das neue (United States Patent 9,709,358) BCM\u00ae Direct Mount Picatinny 1913 Schnittstellensystem wurde als das st\u00e4rkste, leichteste und kosteng\u00fcnstigste System f\u00fcr vertikale Pistolengriffe und Hand Stop Zubeh\u00f6r entwickelt.","breadcrumb":{"@id":"https:\/\/eshop.tca.sk\/de\/waffenzubehoer\/bcmgunfighter-vertical-grip-mod-3-picatinny-schwarz\/#breadcrumb"},"inLanguage":"de","potentialAction":[{"@type":"ReadAction","target":["https:\/\/eshop.tca.sk\/de\/waffenzubehoer\/bcmgunfighter-vertical-grip-mod-3-picatinny-schwarz\/"]}]},{"@type":"ImageObject","inLanguage":"de","@id":"https:\/\/eshop.tca.sk\/de\/waffenzubehoer\/bcmgunfighter-vertical-grip-mod-3-picatinny-schwarz\/#primaryimage","url":"https:\/\/eshop.tca.sk\/wp-content\/uploads\/2024\/05\/BCMGUNFIGHTER-Vertical-Grip-Mod-3-Picatinny-BLACK-1.png","contentUrl":"https:\/\/eshop.tca.sk\/wp-content\/uploads\/2024\/05\/BCMGUNFIGHTER-Vertical-Grip-Mod-3-Picatinny-BLACK-1.png","width":1000,"height":1000},{"@type":"BreadcrumbList","@id":"https:\/\/eshop.tca.sk\/de\/waffenzubehoer\/bcmgunfighter-vertical-grip-mod-3-picatinny-schwarz\/#breadcrumb","itemListElement":[{"@type":"ListItem","position":1,"name":"Domovsk\u00e1 str\u00e1nka","item":"https:\/\/eshop.tca.sk\/de\/"},{"@type":"ListItem","position":2,"name":"Shop","item":"https:\/\/eshop.tca.sk\/de\/shop\/"},{"@type":"ListItem","position":3,"name":"BCMGUNFIGHTER Vertical Grip Mod 3 (Picatinny) BLACK"}]},{"@type":"WebSite","@id":"https:\/\/eshop.tca.sk\/de\/#website","url":"https:\/\/eshop.tca.sk\/de\/","name":"TCA eShop - Tactical Combat Academy","description":"Tactical Combat Academy","publisher":{"@id":"https:\/\/eshop.tca.sk\/de\/#organization"},"potentialAction":[{"@type":"SearchAction","target":{"@type":"EntryPoint","urlTemplate":"https:\/\/eshop.tca.sk\/de\/?s={search_term_string}"},"query-input":{"@type":"PropertyValueSpecification","valueRequired":true,"valueName":"search_term_string"}}],"inLanguage":"de"},{"@type":"Organization","@id":"https:\/\/eshop.tca.sk\/de\/#organization","name":"TCA eShop - Tactical Combat Academy","url":"https:\/\/eshop.tca.sk\/de\/","logo":{"@type":"ImageObject","inLanguage":"de","@id":"https:\/\/eshop.tca.sk\/de\/#\/schema\/logo\/image\/","url":"https:\/\/eshop.tca.sk\/wp-content\/uploads\/2025\/06\/logo-new-header.png","contentUrl":"https:\/\/eshop.tca.sk\/wp-content\/uploads\/2025\/06\/logo-new-header.png","width":300,"height":294,"caption":"TCA eShop - Tactical Combat Academy"},"image":{"@id":"https:\/\/eshop.tca.sk\/de\/#\/schema\/logo\/image\/"}}]}},"_links":{"self":[{"href":"https:\/\/eshop.tca.sk\/de\/wp-json\/wp\/v2\/product\/12503","targetHints":{"allow":["GET"]}}],"collection":[{"href":"https:\/\/eshop.tca.sk\/de\/wp-json\/wp\/v2\/product"}],"about":[{"href":"https:\/\/eshop.tca.sk\/de\/wp-json\/wp\/v2\/types\/product"}],"wp:featuredmedia":[{"embeddable":true,"href":"https:\/\/eshop.tca.sk\/de\/wp-json\/wp\/v2\/media\/12507"}],"wp:attachment":[{"href":"https:\/\/eshop.tca.sk\/de\/wp-json\/wp\/v2\/media?parent=12503"}],"wp:term":[{"taxonomy":"product_brand","embeddable":true,"href":"https:\/\/eshop.tca.sk\/de\/wp-json\/wp\/v2\/product_brand?post=12503"},{"taxonomy":"product_cat","embeddable":true,"href":"https:\/\/eshop.tca.sk\/de\/wp-json\/wp\/v2\/product_cat?post=12503"},{"taxonomy":"product_tag","embeddable":true,"href":"https:\/\/eshop.tca.sk\/de\/wp-json\/wp\/v2\/product_tag?post=12503"},{"taxonomy":"giftcard-category","embeddable":true,"href":"https:\/\/eshop.tca.sk\/de\/wp-json\/wp\/v2\/giftcard-category?post=12503"}],"curies":[{"name":"wp","href":"https:\/\/api.w.org\/{rel}","templated":true}]}}