{"id":12521,"date":"2024-05-20T16:51:09","date_gmt":"2024-05-20T14:51:09","guid":{"rendered":"https:\/\/eshop.tca.sk\/?post_type=product&#038;p=12521"},"modified":"2026-01-29T17:47:04","modified_gmt":"2026-01-29T16:47:04","slug":"ferro-concepts-d-loop-schwere-druckknopf-qd-drehgelenk-1","status":"publish","type":"product","link":"https:\/\/eshop.tca.sk\/de\/waffenzubehoer\/ferro-concepts-d-loop-schwere-druckknopf-qd-drehgelenk-1\/","title":{"rendered":"Ferro Concepts D Loop Heavy Duty Druckknopf QD Swivel 1&#8243;"},"content":{"rendered":"<h3><strong>Ferro Concepts D Loop Heavy Duty Druckknopf QD Swivel 1&#8243;<\/strong><\/h3>\n<p><strong>The Ferro Concepts D Loop Heavy Duty Push Button QD Swivel 1<\/strong>&#8221; is the perfect addition to your Slingster\u2122 sling or any sling with a 1&#8243; webbing. Der Ausl\u00f6seknopf am Wirbel schlie\u00dft b\u00fcndig mit dem K\u00f6rper des Wirbels ab, so dass die M\u00f6glichkeit einer fehlerhaften Ausl\u00f6sung praktisch ausgeschlossen ist.<\/p>\n<ul>\n<li>Nicht-reflektierende Beschichtung mit Manganphosphat.<\/li>\n<li>Einzeln verkauft.<\/li>\n<li>Hergestellt in den USA<\/li>\n<li>Erf\u00fcllt die Anforderungen von Berry<\/li>\n<\/ul>\n","protected":false},"excerpt":{"rendered":"<p><img loading=\"lazy\" decoding=\"async\" class=\"alignnone size-full wp-image-7428\" src=\"https:\/\/eshop.tca.sk\/wp-content\/uploads\/2022\/10\/ferodrawn3_200x.png\" alt=\"\" width=\"200\" height=\"23\"><\/p>\n<p>Die perfekte Erg\u00e4nzung f\u00fcr Ihren<strong> Slingster\u2122<\/strong> oder jeden Gurt mit einem 1&#8243; Gurtband.<\/p>\n<p><img loading=\"lazy\" decoding=\"async\" class=\"wp-image-8564 alignnone\" src=\"https:\/\/eshop.tca.sk\/wp-content\/uploads\/2023\/04\/Logo-Whack-Black-White-R-APPROVED.png\" alt=\"\" width=\"138\" height=\"75\" srcset=\"https:\/\/eshop.tca.sk\/wp-content\/uploads\/2023\/04\/Logo-Whack-Black-White-R-APPROVED.png 571w, https:\/\/eshop.tca.sk\/wp-content\/uploads\/2023\/04\/Logo-Whack-Black-White-R-APPROVED-300x163.png 300w\" sizes=\"auto, (max-width: 138px) 100vw, 138px\" \/><\/p>\n<p>Vom <a href=\"https:\/\/www.tca.sk\/\"><strong>TCA<\/strong><\/a> und dem <strong><a href=\"https:\/\/www.tca.sk\/profil\/ako-zacat-s-kurzami\">WHACK-System<\/a><\/strong> verwendete und empfohlene Equipment.<\/p>\n","protected":false},"featured_media":12529,"template":"","meta":{"inline_featured_image":false},"product_brand":[],"product_cat":[321,318],"product_tag":[365],"giftcard-category":[],"class_list":{"0":"post-12521","1":"product","2":"type-product","3":"status-publish","4":"has-post-thumbnail","6":"product_cat-gewehrriemen","7":"product_cat-waffenzubehoer","8":"product_tag-ferro-concepts-de","10":"first","11":"instock","12":"taxable","13":"shipping-taxable","14":"purchasable","15":"product-type-simple"},"yoast_head":"<!-- This site is optimized with the Yoast SEO plugin v26.4 - https:\/\/yoast.com\/wordpress\/plugins\/seo\/ -->\n<title>Ferro Concepts D Loop Heavy Duty Druckknopf QD Swivel 1&quot; - TCA eShop - Tactical Combat Academy<\/title>\n<meta name=\"description\" content=\"The Ferro Concepts D Loop Heavy Duty Push Button QD Swivel 1&quot; is the perfect addition to your Slingster\u2122 sling or any sling with a 1&quot; webbing.\" \/>\n<meta name=\"robots\" content=\"index, follow, max-snippet:-1, max-image-preview:large, max-video-preview:-1\" \/>\n<link rel=\"canonical\" href=\"https:\/\/eshop.tca.sk\/de\/waffenzubehoer\/ferro-concepts-d-loop-schwere-druckknopf-qd-drehgelenk-1\/\" \/>\n<meta property=\"og:locale\" content=\"de_DE\" \/>\n<meta property=\"og:type\" content=\"article\" \/>\n<meta property=\"og:title\" content=\"Ferro Concepts D Loop Heavy Duty Druckknopf QD Swivel 1&quot; - TCA eShop - Tactical Combat Academy\" \/>\n<meta property=\"og:description\" content=\"The Ferro Concepts D Loop Heavy Duty Push Button QD Swivel 1&quot; is the perfect addition to your Slingster\u2122 sling or any sling with a 1&quot; webbing.\" \/>\n<meta property=\"og:url\" content=\"https:\/\/eshop.tca.sk\/de\/waffenzubehoer\/ferro-concepts-d-loop-schwere-druckknopf-qd-drehgelenk-1\/\" \/>\n<meta property=\"og:site_name\" content=\"TCA eShop - Tactical Combat Academy\" \/>\n<meta property=\"article:modified_time\" content=\"2026-01-29T16:47:04+00:00\" \/>\n<meta property=\"og:image\" content=\"https:\/\/eshop.tca.sk\/wp-content\/uploads\/2024\/05\/Ferro-Concepts-D-Loop-Heavy-Duty-Push-Button-QD-Swivel-1-89.png\" \/>\n\t<meta property=\"og:image:width\" content=\"1000\" \/>\n\t<meta property=\"og:image:height\" content=\"1000\" \/>\n\t<meta property=\"og:image:type\" content=\"image\/png\" \/>\n<meta name=\"twitter:card\" content=\"summary_large_image\" \/>\n<script type=\"application\/ld+json\" class=\"yoast-schema-graph\">{\"@context\":\"https:\/\/schema.org\",\"@graph\":[{\"@type\":\"WebPage\",\"@id\":\"https:\/\/eshop.tca.sk\/de\/waffenzubehoer\/ferro-concepts-d-loop-schwere-druckknopf-qd-drehgelenk-1\/\",\"url\":\"https:\/\/eshop.tca.sk\/de\/waffenzubehoer\/ferro-concepts-d-loop-schwere-druckknopf-qd-drehgelenk-1\/\",\"name\":\"Ferro Concepts D Loop Heavy Duty Druckknopf QD Swivel 1\\\" - TCA eShop - Tactical Combat Academy\",\"isPartOf\":{\"@id\":\"https:\/\/eshop.tca.sk\/de\/#website\"},\"primaryImageOfPage\":{\"@id\":\"https:\/\/eshop.tca.sk\/de\/waffenzubehoer\/ferro-concepts-d-loop-schwere-druckknopf-qd-drehgelenk-1\/#primaryimage\"},\"image\":{\"@id\":\"https:\/\/eshop.tca.sk\/de\/waffenzubehoer\/ferro-concepts-d-loop-schwere-druckknopf-qd-drehgelenk-1\/#primaryimage\"},\"thumbnailUrl\":\"https:\/\/eshop.tca.sk\/wp-content\/uploads\/2024\/05\/Ferro-Concepts-D-Loop-Heavy-Duty-Push-Button-QD-Swivel-1-89.png\",\"datePublished\":\"2024-05-20T14:51:09+00:00\",\"dateModified\":\"2026-01-29T16:47:04+00:00\",\"description\":\"The Ferro Concepts D Loop Heavy Duty Push Button QD Swivel 1\\\" is the perfect addition to your Slingster\u2122 sling or any sling with a 1\\\" webbing.\",\"breadcrumb\":{\"@id\":\"https:\/\/eshop.tca.sk\/de\/waffenzubehoer\/ferro-concepts-d-loop-schwere-druckknopf-qd-drehgelenk-1\/#breadcrumb\"},\"inLanguage\":\"de\",\"potentialAction\":[{\"@type\":\"ReadAction\",\"target\":[\"https:\/\/eshop.tca.sk\/de\/waffenzubehoer\/ferro-concepts-d-loop-schwere-druckknopf-qd-drehgelenk-1\/\"]}]},{\"@type\":\"ImageObject\",\"inLanguage\":\"de\",\"@id\":\"https:\/\/eshop.tca.sk\/de\/waffenzubehoer\/ferro-concepts-d-loop-schwere-druckknopf-qd-drehgelenk-1\/#primaryimage\",\"url\":\"https:\/\/eshop.tca.sk\/wp-content\/uploads\/2024\/05\/Ferro-Concepts-D-Loop-Heavy-Duty-Push-Button-QD-Swivel-1-89.png\",\"contentUrl\":\"https:\/\/eshop.tca.sk\/wp-content\/uploads\/2024\/05\/Ferro-Concepts-D-Loop-Heavy-Duty-Push-Button-QD-Swivel-1-89.png\",\"width\":1000,\"height\":1000,\"caption\":\"Ferro Concepts D Loop Heavy Duty Push Button QD Swivel 1\\\"\"},{\"@type\":\"BreadcrumbList\",\"@id\":\"https:\/\/eshop.tca.sk\/de\/waffenzubehoer\/ferro-concepts-d-loop-schwere-druckknopf-qd-drehgelenk-1\/#breadcrumb\",\"itemListElement\":[{\"@type\":\"ListItem\",\"position\":1,\"name\":\"Domovsk\u00e1 str\u00e1nka\",\"item\":\"https:\/\/eshop.tca.sk\/de\/\"},{\"@type\":\"ListItem\",\"position\":2,\"name\":\"Shop\",\"item\":\"https:\/\/eshop.tca.sk\/de\/shop\/\"},{\"@type\":\"ListItem\",\"position\":3,\"name\":\"Ferro Concepts D Loop Heavy Duty Druckknopf QD Swivel 1&#8243;\"}]},{\"@type\":\"WebSite\",\"@id\":\"https:\/\/eshop.tca.sk\/de\/#website\",\"url\":\"https:\/\/eshop.tca.sk\/de\/\",\"name\":\"TCA eShop - Tactical Combat Academy\",\"description\":\"Tactical Combat Academy\",\"publisher\":{\"@id\":\"https:\/\/eshop.tca.sk\/de\/#organization\"},\"potentialAction\":[{\"@type\":\"SearchAction\",\"target\":{\"@type\":\"EntryPoint\",\"urlTemplate\":\"https:\/\/eshop.tca.sk\/de\/?s={search_term_string}\"},\"query-input\":{\"@type\":\"PropertyValueSpecification\",\"valueRequired\":true,\"valueName\":\"search_term_string\"}}],\"inLanguage\":\"de\"},{\"@type\":\"Organization\",\"@id\":\"https:\/\/eshop.tca.sk\/de\/#organization\",\"name\":\"TCA eShop - Tactical Combat Academy\",\"url\":\"https:\/\/eshop.tca.sk\/de\/\",\"logo\":{\"@type\":\"ImageObject\",\"inLanguage\":\"de\",\"@id\":\"https:\/\/eshop.tca.sk\/de\/#\/schema\/logo\/image\/\",\"url\":\"https:\/\/eshop.tca.sk\/wp-content\/uploads\/2025\/06\/logo-new-header.png\",\"contentUrl\":\"https:\/\/eshop.tca.sk\/wp-content\/uploads\/2025\/06\/logo-new-header.png\",\"width\":300,\"height\":294,\"caption\":\"TCA eShop - Tactical Combat Academy\"},\"image\":{\"@id\":\"https:\/\/eshop.tca.sk\/de\/#\/schema\/logo\/image\/\"}}]}<\/script>\n<!-- \/ Yoast SEO plugin. -->","yoast_head_json":{"title":"Ferro Concepts D Loop Heavy Duty Druckknopf QD Swivel 1\" - TCA eShop - Tactical Combat Academy","description":"The Ferro Concepts D Loop Heavy Duty Push Button QD Swivel 1\" is the perfect addition to your Slingster\u2122 sling or any sling with a 1\" webbing.","robots":{"index":"index","follow":"follow","max-snippet":"max-snippet:-1","max-image-preview":"max-image-preview:large","max-video-preview":"max-video-preview:-1"},"canonical":"https:\/\/eshop.tca.sk\/de\/waffenzubehoer\/ferro-concepts-d-loop-schwere-druckknopf-qd-drehgelenk-1\/","og_locale":"de_DE","og_type":"article","og_title":"Ferro Concepts D Loop Heavy Duty Druckknopf QD Swivel 1\" - TCA eShop - Tactical Combat Academy","og_description":"The Ferro Concepts D Loop Heavy Duty Push Button QD Swivel 1\" is the perfect addition to your Slingster\u2122 sling or any sling with a 1\" webbing.","og_url":"https:\/\/eshop.tca.sk\/de\/waffenzubehoer\/ferro-concepts-d-loop-schwere-druckknopf-qd-drehgelenk-1\/","og_site_name":"TCA eShop - Tactical Combat Academy","article_modified_time":"2026-01-29T16:47:04+00:00","og_image":[{"width":1000,"height":1000,"url":"https:\/\/eshop.tca.sk\/wp-content\/uploads\/2024\/05\/Ferro-Concepts-D-Loop-Heavy-Duty-Push-Button-QD-Swivel-1-89.png","type":"image\/png"}],"twitter_card":"summary_large_image","schema":{"@context":"https:\/\/schema.org","@graph":[{"@type":"WebPage","@id":"https:\/\/eshop.tca.sk\/de\/waffenzubehoer\/ferro-concepts-d-loop-schwere-druckknopf-qd-drehgelenk-1\/","url":"https:\/\/eshop.tca.sk\/de\/waffenzubehoer\/ferro-concepts-d-loop-schwere-druckknopf-qd-drehgelenk-1\/","name":"Ferro Concepts D Loop Heavy Duty Druckknopf QD Swivel 1\" - TCA eShop - Tactical Combat Academy","isPartOf":{"@id":"https:\/\/eshop.tca.sk\/de\/#website"},"primaryImageOfPage":{"@id":"https:\/\/eshop.tca.sk\/de\/waffenzubehoer\/ferro-concepts-d-loop-schwere-druckknopf-qd-drehgelenk-1\/#primaryimage"},"image":{"@id":"https:\/\/eshop.tca.sk\/de\/waffenzubehoer\/ferro-concepts-d-loop-schwere-druckknopf-qd-drehgelenk-1\/#primaryimage"},"thumbnailUrl":"https:\/\/eshop.tca.sk\/wp-content\/uploads\/2024\/05\/Ferro-Concepts-D-Loop-Heavy-Duty-Push-Button-QD-Swivel-1-89.png","datePublished":"2024-05-20T14:51:09+00:00","dateModified":"2026-01-29T16:47:04+00:00","description":"The Ferro Concepts D Loop Heavy Duty Push Button QD Swivel 1\" is the perfect addition to your Slingster\u2122 sling or any sling with a 1\" webbing.","breadcrumb":{"@id":"https:\/\/eshop.tca.sk\/de\/waffenzubehoer\/ferro-concepts-d-loop-schwere-druckknopf-qd-drehgelenk-1\/#breadcrumb"},"inLanguage":"de","potentialAction":[{"@type":"ReadAction","target":["https:\/\/eshop.tca.sk\/de\/waffenzubehoer\/ferro-concepts-d-loop-schwere-druckknopf-qd-drehgelenk-1\/"]}]},{"@type":"ImageObject","inLanguage":"de","@id":"https:\/\/eshop.tca.sk\/de\/waffenzubehoer\/ferro-concepts-d-loop-schwere-druckknopf-qd-drehgelenk-1\/#primaryimage","url":"https:\/\/eshop.tca.sk\/wp-content\/uploads\/2024\/05\/Ferro-Concepts-D-Loop-Heavy-Duty-Push-Button-QD-Swivel-1-89.png","contentUrl":"https:\/\/eshop.tca.sk\/wp-content\/uploads\/2024\/05\/Ferro-Concepts-D-Loop-Heavy-Duty-Push-Button-QD-Swivel-1-89.png","width":1000,"height":1000,"caption":"Ferro Concepts D Loop Heavy Duty Push Button QD Swivel 1\""},{"@type":"BreadcrumbList","@id":"https:\/\/eshop.tca.sk\/de\/waffenzubehoer\/ferro-concepts-d-loop-schwere-druckknopf-qd-drehgelenk-1\/#breadcrumb","itemListElement":[{"@type":"ListItem","position":1,"name":"Domovsk\u00e1 str\u00e1nka","item":"https:\/\/eshop.tca.sk\/de\/"},{"@type":"ListItem","position":2,"name":"Shop","item":"https:\/\/eshop.tca.sk\/de\/shop\/"},{"@type":"ListItem","position":3,"name":"Ferro Concepts D Loop Heavy Duty Druckknopf QD Swivel 1&#8243;"}]},{"@type":"WebSite","@id":"https:\/\/eshop.tca.sk\/de\/#website","url":"https:\/\/eshop.tca.sk\/de\/","name":"TCA eShop - Tactical Combat Academy","description":"Tactical Combat Academy","publisher":{"@id":"https:\/\/eshop.tca.sk\/de\/#organization"},"potentialAction":[{"@type":"SearchAction","target":{"@type":"EntryPoint","urlTemplate":"https:\/\/eshop.tca.sk\/de\/?s={search_term_string}"},"query-input":{"@type":"PropertyValueSpecification","valueRequired":true,"valueName":"search_term_string"}}],"inLanguage":"de"},{"@type":"Organization","@id":"https:\/\/eshop.tca.sk\/de\/#organization","name":"TCA eShop - Tactical Combat Academy","url":"https:\/\/eshop.tca.sk\/de\/","logo":{"@type":"ImageObject","inLanguage":"de","@id":"https:\/\/eshop.tca.sk\/de\/#\/schema\/logo\/image\/","url":"https:\/\/eshop.tca.sk\/wp-content\/uploads\/2025\/06\/logo-new-header.png","contentUrl":"https:\/\/eshop.tca.sk\/wp-content\/uploads\/2025\/06\/logo-new-header.png","width":300,"height":294,"caption":"TCA eShop - Tactical Combat Academy"},"image":{"@id":"https:\/\/eshop.tca.sk\/de\/#\/schema\/logo\/image\/"}}]}},"_links":{"self":[{"href":"https:\/\/eshop.tca.sk\/de\/wp-json\/wp\/v2\/product\/12521","targetHints":{"allow":["GET"]}}],"collection":[{"href":"https:\/\/eshop.tca.sk\/de\/wp-json\/wp\/v2\/product"}],"about":[{"href":"https:\/\/eshop.tca.sk\/de\/wp-json\/wp\/v2\/types\/product"}],"wp:featuredmedia":[{"embeddable":true,"href":"https:\/\/eshop.tca.sk\/de\/wp-json\/wp\/v2\/media\/12529"}],"wp:attachment":[{"href":"https:\/\/eshop.tca.sk\/de\/wp-json\/wp\/v2\/media?parent=12521"}],"wp:term":[{"taxonomy":"product_brand","embeddable":true,"href":"https:\/\/eshop.tca.sk\/de\/wp-json\/wp\/v2\/product_brand?post=12521"},{"taxonomy":"product_cat","embeddable":true,"href":"https:\/\/eshop.tca.sk\/de\/wp-json\/wp\/v2\/product_cat?post=12521"},{"taxonomy":"product_tag","embeddable":true,"href":"https:\/\/eshop.tca.sk\/de\/wp-json\/wp\/v2\/product_tag?post=12521"},{"taxonomy":"giftcard-category","embeddable":true,"href":"https:\/\/eshop.tca.sk\/de\/wp-json\/wp\/v2\/giftcard-category?post=12521"}],"curies":[{"name":"wp","href":"https:\/\/api.w.org\/{rel}","templated":true}]}}