{"id":12532,"date":"2024-05-21T09:31:51","date_gmt":"2024-05-21T07:31:51","guid":{"rendered":"https:\/\/eshop.tca.sk\/?post_type=product&#038;p=12532"},"modified":"2025-11-26T11:22:10","modified_gmt":"2025-11-26T10:22:10","slug":"montage-unity-tactical-fast-ftc-omni-aimpoint-30mm-schwarz","status":"publish","type":"product","link":"https:\/\/eshop.tca.sk\/de\/waffenzubehoer\/montage-unity-tactical-fast-ftc-omni-aimpoint-30mm-schwarz\/","title":{"rendered":"Montage Unity Tactical FAST FTC OMNI BLACK"},"content":{"rendered":"<h3><strong>Montage Unity Tactical FAST FTC OMNI Aimpoint 30mm SCHWARZ<\/strong><\/h3>\n<p>Die <strong>FAST\u2122 FTC OMNI-Halterung<\/strong> verwendet einen einfachen Kraft\u00fcbertragungsmechanismus, der die Lupe unterhalb der Ebene des optischen Visiers und vollst\u00e4ndig innerhalb des Empf\u00e4ngerbereichs der Waffe h\u00e4lt, wenn sie nicht benutzt wird. Die FTC (Flip-to-Centre)-Technologie von UNITY\u2122 Tactical eliminiert die &#8220;Flip-to-Side&#8221;-Positionierung, die bei \u00e4lteren Produkten zu finden ist, so dass der Benutzer bei Bedarf alle Vorteile der Vergr\u00f6\u00dferung nutzen kann, ohne dass die Gefahr besteht, dass das Visierbild eingeklemmt oder verdunkelt wird, wenn es verstaut ist. Das FAST\u2122 FTC OMNI funktioniert mit einer Vielzahl beliebter Lupen verschiedener Hersteller und wird standardm\u00e4\u00dfig mit dem FAST\u2122 QD-Hebel geliefert.<\/p>\n<p>FAST\u2122 ist eine Serie von Optik-Montagel\u00f6sungen, die dem Endbenutzer ein schnelleres Bild des Sichtfeldes als bei Standard-H\u00f6henmontagen bietet. Die FAST\u2122-Halterungen schaffen f\u00fcr die meisten Optiken eine optische Achse von 2,26&#8243; ab der Schiene und erm\u00f6glichen so eine schnellere visuelle Verarbeitung des Gefechtsfeldes durch eine ergonomisch korrekte Kopfhaltung. Sie erm\u00f6glichen auch ein schnelleres und einfacheres Erfassen von Punkten\/Zielen, wenn Sie Nachtsichtbrillen, Schutzmasken, Plattentr\u00e4ger und andere Ausr\u00fcstung tragen.<\/p>\n<h4><strong>Kompatibilit\u00e4t:<\/strong><\/h4>\n<ul>\n<li>EOTech\u00ae G23, G30, G33, G43, G45<\/li>\n<li>Sig Sauer\u00ae JULIET3 3X, JULIET3-MICRO 3X, JULIET4 4X, JULIET5-MICRO 5X<\/li>\n<li>Trijicon\u00ae 3X MAG-C<\/li>\n<li>Vortex\u00ae VMX-3T, Micro3X, Micro6X<\/li>\n<\/ul>\n","protected":false},"excerpt":{"rendered":"<p><img loading=\"lazy\" decoding=\"async\" class=\"alignnone wp-image-10370\" src=\"https:\/\/eshop.tca.sk\/wp-content\/uploads\/2023\/11\/unity-logo-2.png\" alt=\"\" width=\"82\" height=\"40\" srcset=\"https:\/\/eshop.tca.sk\/wp-content\/uploads\/2023\/11\/unity-logo-2.png 824w, https:\/\/eshop.tca.sk\/wp-content\/uploads\/2023\/11\/unity-logo-2-300x146.png 300w, https:\/\/eshop.tca.sk\/wp-content\/uploads\/2023\/11\/unity-logo-2-768x373.png 768w, https:\/\/eshop.tca.sk\/wp-content\/uploads\/2023\/11\/unity-logo-2-24x12.png 24w, https:\/\/eshop.tca.sk\/wp-content\/uploads\/2023\/11\/unity-logo-2-36x17.png 36w, https:\/\/eshop.tca.sk\/wp-content\/uploads\/2023\/11\/unity-logo-2-48x23.png 48w, https:\/\/eshop.tca.sk\/wp-content\/uploads\/2023\/11\/unity-logo-2-600x291.png 600w\" sizes=\"auto, (max-width: 82px) 100vw, 82px\" \/><\/p>\n<p>Die <strong>FAST\u2122 FTC OMNI-Halterung<\/strong> verwendet einen einfachen Kraft\u00fcbertragungsmechanismus, der die Lupe unterhalb der Ebene des optischen Visiers und vollst\u00e4ndig innerhalb des Empf\u00e4ngerbereichs der Waffe h\u00e4lt, wenn sie nicht benutzt wird.<\/p>\n<p><img loading=\"lazy\" decoding=\"async\" class=\"wp-image-8564 alignnone\" src=\"https:\/\/eshop.tca.sk\/wp-content\/uploads\/2023\/04\/Logo-Whack-Black-White-R-APPROVED.png\" alt=\"\" width=\"138\" height=\"75\" srcset=\"https:\/\/eshop.tca.sk\/wp-content\/uploads\/2023\/04\/Logo-Whack-Black-White-R-APPROVED.png 571w, https:\/\/eshop.tca.sk\/wp-content\/uploads\/2023\/04\/Logo-Whack-Black-White-R-APPROVED-300x163.png 300w\" sizes=\"auto, (max-width: 138px) 100vw, 138px\" \/><\/p>\n<p>Vom <a href=\"https:\/\/www.tca.sk\/\"><strong>TCA<\/strong><\/a> und dem <strong><a href=\"https:\/\/www.tca.sk\/profil\/ako-zacat-s-kurzami\">WHACK-System<\/a><\/strong> verwendete und empfohlene Equipment.<\/p>\n","protected":false},"featured_media":12623,"template":"","meta":{"inline_featured_image":false},"product_brand":[],"product_cat":[463,318],"product_tag":[542],"giftcard-category":[],"class_list":{"0":"post-12532","1":"product","2":"type-product","3":"status-publish","4":"has-post-thumbnail","6":"product_cat-montage","7":"product_cat-waffenzubehoer","8":"product_tag-unity-tactical-de","10":"first","11":"instock","12":"taxable","13":"shipping-taxable","14":"purchasable","15":"product-type-simple"},"yoast_head":"<!-- This site is optimized with the Yoast SEO plugin v26.4 - https:\/\/yoast.com\/wordpress\/plugins\/seo\/ -->\n<title>Montage Unity Tactical FAST FTC OMNI BLACK - TCA eShop - Tactical Combat Academy<\/title>\n<meta name=\"description\" content=\"Die FAST\u2122 FTC OMNI-Halterung verwendet einen einfachen Kraft\u00fcbertragungsmechanismus, der die Lupe unterhalb der Ebene des optischen Visiers und vollst\u00e4ndig innerhalb des Empf\u00e4ngerbereichs der Waffe h\u00e4lt, wenn sie nicht benutzt wird.\" \/>\n<meta name=\"robots\" content=\"index, follow, max-snippet:-1, max-image-preview:large, max-video-preview:-1\" \/>\n<link rel=\"canonical\" href=\"https:\/\/eshop.tca.sk\/de\/waffenzubehoer\/montage-unity-tactical-fast-ftc-omni-aimpoint-30mm-schwarz\/\" \/>\n<meta property=\"og:locale\" content=\"de_DE\" \/>\n<meta property=\"og:type\" content=\"article\" \/>\n<meta property=\"og:title\" content=\"Montage Unity Tactical FAST FTC OMNI BLACK - TCA eShop - Tactical Combat Academy\" \/>\n<meta property=\"og:description\" content=\"Die FAST\u2122 FTC OMNI-Halterung verwendet einen einfachen Kraft\u00fcbertragungsmechanismus, der die Lupe unterhalb der Ebene des optischen Visiers und vollst\u00e4ndig innerhalb des Empf\u00e4ngerbereichs der Waffe h\u00e4lt, wenn sie nicht benutzt wird.\" \/>\n<meta property=\"og:url\" content=\"https:\/\/eshop.tca.sk\/de\/waffenzubehoer\/montage-unity-tactical-fast-ftc-omni-aimpoint-30mm-schwarz\/\" \/>\n<meta property=\"og:site_name\" content=\"TCA eShop - Tactical Combat Academy\" \/>\n<meta property=\"article:modified_time\" content=\"2025-11-26T10:22:10+00:00\" \/>\n<meta property=\"og:image\" content=\"https:\/\/eshop.tca.sk\/wp-content\/uploads\/2024\/05\/FAST\u2122-FTC-OMNI_0003_Montaz-Unity-Tactical-FAST-FTC-OMNI-Aimpoint-30mm-BLACK.jpg\" \/>\n\t<meta property=\"og:image:width\" content=\"1000\" \/>\n\t<meta property=\"og:image:height\" content=\"1000\" \/>\n\t<meta property=\"og:image:type\" content=\"image\/jpeg\" \/>\n<meta name=\"twitter:card\" content=\"summary_large_image\" \/>\n<script type=\"application\/ld+json\" class=\"yoast-schema-graph\">{\"@context\":\"https:\/\/schema.org\",\"@graph\":[{\"@type\":\"WebPage\",\"@id\":\"https:\/\/eshop.tca.sk\/de\/waffenzubehoer\/montage-unity-tactical-fast-ftc-omni-aimpoint-30mm-schwarz\/\",\"url\":\"https:\/\/eshop.tca.sk\/de\/waffenzubehoer\/montage-unity-tactical-fast-ftc-omni-aimpoint-30mm-schwarz\/\",\"name\":\"Montage Unity Tactical FAST FTC OMNI BLACK - TCA eShop - Tactical Combat Academy\",\"isPartOf\":{\"@id\":\"https:\/\/eshop.tca.sk\/de\/#website\"},\"primaryImageOfPage\":{\"@id\":\"https:\/\/eshop.tca.sk\/de\/waffenzubehoer\/montage-unity-tactical-fast-ftc-omni-aimpoint-30mm-schwarz\/#primaryimage\"},\"image\":{\"@id\":\"https:\/\/eshop.tca.sk\/de\/waffenzubehoer\/montage-unity-tactical-fast-ftc-omni-aimpoint-30mm-schwarz\/#primaryimage\"},\"thumbnailUrl\":\"https:\/\/eshop.tca.sk\/wp-content\/uploads\/2024\/05\/FAST\u2122-FTC-OMNI_0003_Montaz-Unity-Tactical-FAST-FTC-OMNI-Aimpoint-30mm-BLACK.jpg\",\"datePublished\":\"2024-05-21T07:31:51+00:00\",\"dateModified\":\"2025-11-26T10:22:10+00:00\",\"description\":\"Die FAST\u2122 FTC OMNI-Halterung verwendet einen einfachen Kraft\u00fcbertragungsmechanismus, der die Lupe unterhalb der Ebene des optischen Visiers und vollst\u00e4ndig innerhalb des Empf\u00e4ngerbereichs der Waffe h\u00e4lt, wenn sie nicht benutzt wird.\",\"breadcrumb\":{\"@id\":\"https:\/\/eshop.tca.sk\/de\/waffenzubehoer\/montage-unity-tactical-fast-ftc-omni-aimpoint-30mm-schwarz\/#breadcrumb\"},\"inLanguage\":\"de\",\"potentialAction\":[{\"@type\":\"ReadAction\",\"target\":[\"https:\/\/eshop.tca.sk\/de\/waffenzubehoer\/montage-unity-tactical-fast-ftc-omni-aimpoint-30mm-schwarz\/\"]}]},{\"@type\":\"ImageObject\",\"inLanguage\":\"de\",\"@id\":\"https:\/\/eshop.tca.sk\/de\/waffenzubehoer\/montage-unity-tactical-fast-ftc-omni-aimpoint-30mm-schwarz\/#primaryimage\",\"url\":\"https:\/\/eshop.tca.sk\/wp-content\/uploads\/2024\/05\/FAST\u2122-FTC-OMNI_0003_Montaz-Unity-Tactical-FAST-FTC-OMNI-Aimpoint-30mm-BLACK.jpg\",\"contentUrl\":\"https:\/\/eshop.tca.sk\/wp-content\/uploads\/2024\/05\/FAST\u2122-FTC-OMNI_0003_Montaz-Unity-Tactical-FAST-FTC-OMNI-Aimpoint-30mm-BLACK.jpg\",\"width\":1000,\"height\":1000},{\"@type\":\"BreadcrumbList\",\"@id\":\"https:\/\/eshop.tca.sk\/de\/waffenzubehoer\/montage-unity-tactical-fast-ftc-omni-aimpoint-30mm-schwarz\/#breadcrumb\",\"itemListElement\":[{\"@type\":\"ListItem\",\"position\":1,\"name\":\"Domovsk\u00e1 str\u00e1nka\",\"item\":\"https:\/\/eshop.tca.sk\/de\/\"},{\"@type\":\"ListItem\",\"position\":2,\"name\":\"Shop\",\"item\":\"https:\/\/eshop.tca.sk\/de\/shop\/\"},{\"@type\":\"ListItem\",\"position\":3,\"name\":\"Montage Unity Tactical FAST FTC OMNI BLACK\"}]},{\"@type\":\"WebSite\",\"@id\":\"https:\/\/eshop.tca.sk\/de\/#website\",\"url\":\"https:\/\/eshop.tca.sk\/de\/\",\"name\":\"TCA eShop - Tactical Combat Academy\",\"description\":\"Tactical Combat Academy\",\"publisher\":{\"@id\":\"https:\/\/eshop.tca.sk\/de\/#organization\"},\"potentialAction\":[{\"@type\":\"SearchAction\",\"target\":{\"@type\":\"EntryPoint\",\"urlTemplate\":\"https:\/\/eshop.tca.sk\/de\/?s={search_term_string}\"},\"query-input\":{\"@type\":\"PropertyValueSpecification\",\"valueRequired\":true,\"valueName\":\"search_term_string\"}}],\"inLanguage\":\"de\"},{\"@type\":\"Organization\",\"@id\":\"https:\/\/eshop.tca.sk\/de\/#organization\",\"name\":\"TCA eShop - Tactical Combat Academy\",\"url\":\"https:\/\/eshop.tca.sk\/de\/\",\"logo\":{\"@type\":\"ImageObject\",\"inLanguage\":\"de\",\"@id\":\"https:\/\/eshop.tca.sk\/de\/#\/schema\/logo\/image\/\",\"url\":\"https:\/\/eshop.tca.sk\/wp-content\/uploads\/2025\/06\/logo-new-header.png\",\"contentUrl\":\"https:\/\/eshop.tca.sk\/wp-content\/uploads\/2025\/06\/logo-new-header.png\",\"width\":300,\"height\":294,\"caption\":\"TCA eShop - Tactical Combat Academy\"},\"image\":{\"@id\":\"https:\/\/eshop.tca.sk\/de\/#\/schema\/logo\/image\/\"}}]}<\/script>\n<!-- \/ Yoast SEO plugin. -->","yoast_head_json":{"title":"Montage Unity Tactical FAST FTC OMNI BLACK - TCA eShop - Tactical Combat Academy","description":"Die FAST\u2122 FTC OMNI-Halterung verwendet einen einfachen Kraft\u00fcbertragungsmechanismus, der die Lupe unterhalb der Ebene des optischen Visiers und vollst\u00e4ndig innerhalb des Empf\u00e4ngerbereichs der Waffe h\u00e4lt, wenn sie nicht benutzt wird.","robots":{"index":"index","follow":"follow","max-snippet":"max-snippet:-1","max-image-preview":"max-image-preview:large","max-video-preview":"max-video-preview:-1"},"canonical":"https:\/\/eshop.tca.sk\/de\/waffenzubehoer\/montage-unity-tactical-fast-ftc-omni-aimpoint-30mm-schwarz\/","og_locale":"de_DE","og_type":"article","og_title":"Montage Unity Tactical FAST FTC OMNI BLACK - TCA eShop - Tactical Combat Academy","og_description":"Die FAST\u2122 FTC OMNI-Halterung verwendet einen einfachen Kraft\u00fcbertragungsmechanismus, der die Lupe unterhalb der Ebene des optischen Visiers und vollst\u00e4ndig innerhalb des Empf\u00e4ngerbereichs der Waffe h\u00e4lt, wenn sie nicht benutzt wird.","og_url":"https:\/\/eshop.tca.sk\/de\/waffenzubehoer\/montage-unity-tactical-fast-ftc-omni-aimpoint-30mm-schwarz\/","og_site_name":"TCA eShop - Tactical Combat Academy","article_modified_time":"2025-11-26T10:22:10+00:00","og_image":[{"width":1000,"height":1000,"url":"https:\/\/eshop.tca.sk\/wp-content\/uploads\/2024\/05\/FAST\u2122-FTC-OMNI_0003_Montaz-Unity-Tactical-FAST-FTC-OMNI-Aimpoint-30mm-BLACK.jpg","type":"image\/jpeg"}],"twitter_card":"summary_large_image","schema":{"@context":"https:\/\/schema.org","@graph":[{"@type":"WebPage","@id":"https:\/\/eshop.tca.sk\/de\/waffenzubehoer\/montage-unity-tactical-fast-ftc-omni-aimpoint-30mm-schwarz\/","url":"https:\/\/eshop.tca.sk\/de\/waffenzubehoer\/montage-unity-tactical-fast-ftc-omni-aimpoint-30mm-schwarz\/","name":"Montage Unity Tactical FAST FTC OMNI BLACK - TCA eShop - Tactical Combat Academy","isPartOf":{"@id":"https:\/\/eshop.tca.sk\/de\/#website"},"primaryImageOfPage":{"@id":"https:\/\/eshop.tca.sk\/de\/waffenzubehoer\/montage-unity-tactical-fast-ftc-omni-aimpoint-30mm-schwarz\/#primaryimage"},"image":{"@id":"https:\/\/eshop.tca.sk\/de\/waffenzubehoer\/montage-unity-tactical-fast-ftc-omni-aimpoint-30mm-schwarz\/#primaryimage"},"thumbnailUrl":"https:\/\/eshop.tca.sk\/wp-content\/uploads\/2024\/05\/FAST\u2122-FTC-OMNI_0003_Montaz-Unity-Tactical-FAST-FTC-OMNI-Aimpoint-30mm-BLACK.jpg","datePublished":"2024-05-21T07:31:51+00:00","dateModified":"2025-11-26T10:22:10+00:00","description":"Die FAST\u2122 FTC OMNI-Halterung verwendet einen einfachen Kraft\u00fcbertragungsmechanismus, der die Lupe unterhalb der Ebene des optischen Visiers und vollst\u00e4ndig innerhalb des Empf\u00e4ngerbereichs der Waffe h\u00e4lt, wenn sie nicht benutzt wird.","breadcrumb":{"@id":"https:\/\/eshop.tca.sk\/de\/waffenzubehoer\/montage-unity-tactical-fast-ftc-omni-aimpoint-30mm-schwarz\/#breadcrumb"},"inLanguage":"de","potentialAction":[{"@type":"ReadAction","target":["https:\/\/eshop.tca.sk\/de\/waffenzubehoer\/montage-unity-tactical-fast-ftc-omni-aimpoint-30mm-schwarz\/"]}]},{"@type":"ImageObject","inLanguage":"de","@id":"https:\/\/eshop.tca.sk\/de\/waffenzubehoer\/montage-unity-tactical-fast-ftc-omni-aimpoint-30mm-schwarz\/#primaryimage","url":"https:\/\/eshop.tca.sk\/wp-content\/uploads\/2024\/05\/FAST\u2122-FTC-OMNI_0003_Montaz-Unity-Tactical-FAST-FTC-OMNI-Aimpoint-30mm-BLACK.jpg","contentUrl":"https:\/\/eshop.tca.sk\/wp-content\/uploads\/2024\/05\/FAST\u2122-FTC-OMNI_0003_Montaz-Unity-Tactical-FAST-FTC-OMNI-Aimpoint-30mm-BLACK.jpg","width":1000,"height":1000},{"@type":"BreadcrumbList","@id":"https:\/\/eshop.tca.sk\/de\/waffenzubehoer\/montage-unity-tactical-fast-ftc-omni-aimpoint-30mm-schwarz\/#breadcrumb","itemListElement":[{"@type":"ListItem","position":1,"name":"Domovsk\u00e1 str\u00e1nka","item":"https:\/\/eshop.tca.sk\/de\/"},{"@type":"ListItem","position":2,"name":"Shop","item":"https:\/\/eshop.tca.sk\/de\/shop\/"},{"@type":"ListItem","position":3,"name":"Montage Unity Tactical FAST FTC OMNI BLACK"}]},{"@type":"WebSite","@id":"https:\/\/eshop.tca.sk\/de\/#website","url":"https:\/\/eshop.tca.sk\/de\/","name":"TCA eShop - Tactical Combat Academy","description":"Tactical Combat Academy","publisher":{"@id":"https:\/\/eshop.tca.sk\/de\/#organization"},"potentialAction":[{"@type":"SearchAction","target":{"@type":"EntryPoint","urlTemplate":"https:\/\/eshop.tca.sk\/de\/?s={search_term_string}"},"query-input":{"@type":"PropertyValueSpecification","valueRequired":true,"valueName":"search_term_string"}}],"inLanguage":"de"},{"@type":"Organization","@id":"https:\/\/eshop.tca.sk\/de\/#organization","name":"TCA eShop - Tactical Combat Academy","url":"https:\/\/eshop.tca.sk\/de\/","logo":{"@type":"ImageObject","inLanguage":"de","@id":"https:\/\/eshop.tca.sk\/de\/#\/schema\/logo\/image\/","url":"https:\/\/eshop.tca.sk\/wp-content\/uploads\/2025\/06\/logo-new-header.png","contentUrl":"https:\/\/eshop.tca.sk\/wp-content\/uploads\/2025\/06\/logo-new-header.png","width":300,"height":294,"caption":"TCA eShop - Tactical Combat Academy"},"image":{"@id":"https:\/\/eshop.tca.sk\/de\/#\/schema\/logo\/image\/"}}]}},"_links":{"self":[{"href":"https:\/\/eshop.tca.sk\/de\/wp-json\/wp\/v2\/product\/12532","targetHints":{"allow":["GET"]}}],"collection":[{"href":"https:\/\/eshop.tca.sk\/de\/wp-json\/wp\/v2\/product"}],"about":[{"href":"https:\/\/eshop.tca.sk\/de\/wp-json\/wp\/v2\/types\/product"}],"wp:featuredmedia":[{"embeddable":true,"href":"https:\/\/eshop.tca.sk\/de\/wp-json\/wp\/v2\/media\/12623"}],"wp:attachment":[{"href":"https:\/\/eshop.tca.sk\/de\/wp-json\/wp\/v2\/media?parent=12532"}],"wp:term":[{"taxonomy":"product_brand","embeddable":true,"href":"https:\/\/eshop.tca.sk\/de\/wp-json\/wp\/v2\/product_brand?post=12532"},{"taxonomy":"product_cat","embeddable":true,"href":"https:\/\/eshop.tca.sk\/de\/wp-json\/wp\/v2\/product_cat?post=12532"},{"taxonomy":"product_tag","embeddable":true,"href":"https:\/\/eshop.tca.sk\/de\/wp-json\/wp\/v2\/product_tag?post=12532"},{"taxonomy":"giftcard-category","embeddable":true,"href":"https:\/\/eshop.tca.sk\/de\/wp-json\/wp\/v2\/giftcard-category?post=12532"}],"curies":[{"name":"wp","href":"https:\/\/api.w.org\/{rel}","templated":true}]}}