{"id":12635,"date":"2024-05-20T16:16:05","date_gmt":"2024-05-20T14:16:05","guid":{"rendered":"https:\/\/eshop.tca.sk\/unkategorisiert\/pact-club-timer-iii\/"},"modified":"2025-11-26T11:23:03","modified_gmt":"2025-11-26T10:23:03","slug":"pact-club-timer-iii","status":"publish","type":"product","link":"https:\/\/eshop.tca.sk\/de\/ausruestung\/pact-club-timer-iii\/","title":{"rendered":"Pact Club Timer III"},"content":{"rendered":"<h3><strong>Pact Club Timer III<\/strong><\/h3>\n<p>Der <strong>PACT Club Shot Timer III<\/strong> ist ein hervorragender Schie\u00dfzeitmesser, mit dem Sie Ihr Schie\u00dfen verbessern und Ihre Freunde schlagen k\u00f6nnen. Der Club Timer III wurde, wie alle PACT-Produkte, speziell von Sch\u00fctzen f\u00fcr Sch\u00fctzen entwickelt, wird hier in den USA hergestellt und unterliegt einer 30-t\u00e4gigen Geld-zur\u00fcck-Garantie.<\/p>\n<ul>\n<li>Nimmt mehrere Aufnahmen in einer Serie auf<\/li>\n<li>Zeigt die Zeit bis zum ersten Schuss an<\/li>\n<li>\u00dcbersicht \u00fcber die Zwischenzeiten und die Zeit der einzelnen Aufnahmen in der Kette<\/li>\n<li>Einstellung der Dampfzeit<\/li>\n<li>Umschalten von sofortigem oder verz\u00f6gertem Start<\/li>\n<li>Extra lauter Summer (geeignet f\u00fcr den Einsatz auf dem Schie\u00dfstand)<\/li>\n<li>Ergonomisches Design f\u00fcr Trainingszwecke<\/li>\n<\/ul>\n","protected":false},"excerpt":{"rendered":"<p><img loading=\"lazy\" decoding=\"async\" class=\"alignnone wp-image-12511\" src=\"https:\/\/eshop.tca.sk\/wp-content\/uploads\/2024\/05\/pact-logo-2-e1716214285140.jpg\" alt=\"\" width=\"146\" height=\"33\"><\/p>\n<p>Der <strong>PACT Club Shot Timer III<\/strong> ist ein hervorragender Schie\u00dfzeitmesser, mit dem Sie Ihr Schie\u00dfen verbessern und Ihre Freunde schlagen k\u00f6nnen.<\/p>\n<p><img loading=\"lazy\" decoding=\"async\" class=\"wp-image-8564 alignnone\" src=\"https:\/\/eshop.tca.sk\/wp-content\/uploads\/2023\/04\/Logo-Whack-Black-White-R-APPROVED.png\" alt=\"\" width=\"138\" height=\"75\" srcset=\"https:\/\/eshop.tca.sk\/wp-content\/uploads\/2023\/04\/Logo-Whack-Black-White-R-APPROVED.png 571w, https:\/\/eshop.tca.sk\/wp-content\/uploads\/2023\/04\/Logo-Whack-Black-White-R-APPROVED-300x163.png 300w\" sizes=\"auto, (max-width: 138px) 100vw, 138px\" \/><\/p>\n<p>Vom <a href=\"https:\/\/www.tca.sk\/\"><strong>TCA<\/strong><\/a> und dem <strong><a href=\"https:\/\/www.tca.sk\/profil\/ako-zacat-s-kurzami\">WHACK-System<\/a><\/strong> verwendete und empfohlene Equipment.<\/p>\n","protected":false},"featured_media":12516,"template":"","meta":{"inline_featured_image":false},"product_brand":[],"product_cat":[323,640],"product_tag":[],"giftcard-category":[],"class_list":{"0":"post-12635","1":"product","2":"type-product","3":"status-publish","4":"has-post-thumbnail","6":"product_cat-ausruestung","7":"product_cat-training","9":"first","10":"outofstock","11":"taxable","12":"shipping-taxable","13":"purchasable","14":"product-type-simple"},"yoast_head":"<!-- This site is optimized with the Yoast SEO plugin v26.4 - https:\/\/yoast.com\/wordpress\/plugins\/seo\/ -->\n<title>Pact Club Timer III - TCA eShop - Tactical Combat Academy<\/title>\n<meta name=\"description\" content=\"Der PACT Club Shot Timer III ist ein hervorragender Schie\u00dfzeitmesser, mit dem Sie Ihr Schie\u00dfen verbessern und Ihre Freunde schlagen k\u00f6nnen.\" \/>\n<meta name=\"robots\" content=\"index, follow, max-snippet:-1, max-image-preview:large, max-video-preview:-1\" \/>\n<link rel=\"canonical\" href=\"https:\/\/eshop.tca.sk\/de\/ausruestung\/pact-club-timer-iii\/\" \/>\n<meta property=\"og:locale\" content=\"de_DE\" \/>\n<meta property=\"og:type\" content=\"article\" \/>\n<meta property=\"og:title\" content=\"Pact Club Timer III - TCA eShop - Tactical Combat Academy\" \/>\n<meta property=\"og:description\" content=\"Der PACT Club Shot Timer III ist ein hervorragender Schie\u00dfzeitmesser, mit dem Sie Ihr Schie\u00dfen verbessern und Ihre Freunde schlagen k\u00f6nnen.\" \/>\n<meta property=\"og:url\" content=\"https:\/\/eshop.tca.sk\/de\/ausruestung\/pact-club-timer-iii\/\" \/>\n<meta property=\"og:site_name\" content=\"TCA eShop - Tactical Combat Academy\" \/>\n<meta property=\"article:modified_time\" content=\"2025-11-26T10:23:03+00:00\" \/>\n<meta property=\"og:image\" content=\"https:\/\/eshop.tca.sk\/wp-content\/uploads\/2024\/05\/Pact-Club-Timer-III-2.png\" \/>\n\t<meta property=\"og:image:width\" content=\"1000\" \/>\n\t<meta property=\"og:image:height\" content=\"1000\" \/>\n\t<meta property=\"og:image:type\" content=\"image\/png\" \/>\n<meta name=\"twitter:card\" content=\"summary_large_image\" \/>\n<script type=\"application\/ld+json\" class=\"yoast-schema-graph\">{\"@context\":\"https:\/\/schema.org\",\"@graph\":[{\"@type\":\"WebPage\",\"@id\":\"https:\/\/eshop.tca.sk\/de\/ausruestung\/pact-club-timer-iii\/\",\"url\":\"https:\/\/eshop.tca.sk\/de\/ausruestung\/pact-club-timer-iii\/\",\"name\":\"Pact Club Timer III - TCA eShop - Tactical Combat Academy\",\"isPartOf\":{\"@id\":\"https:\/\/eshop.tca.sk\/de\/#website\"},\"primaryImageOfPage\":{\"@id\":\"https:\/\/eshop.tca.sk\/de\/ausruestung\/pact-club-timer-iii\/#primaryimage\"},\"image\":{\"@id\":\"https:\/\/eshop.tca.sk\/de\/ausruestung\/pact-club-timer-iii\/#primaryimage\"},\"thumbnailUrl\":\"https:\/\/eshop.tca.sk\/wp-content\/uploads\/2024\/05\/Pact-Club-Timer-III-2.png\",\"datePublished\":\"2024-05-20T14:16:05+00:00\",\"dateModified\":\"2025-11-26T10:23:03+00:00\",\"description\":\"Der PACT Club Shot Timer III ist ein hervorragender Schie\u00dfzeitmesser, mit dem Sie Ihr Schie\u00dfen verbessern und Ihre Freunde schlagen k\u00f6nnen.\",\"breadcrumb\":{\"@id\":\"https:\/\/eshop.tca.sk\/de\/ausruestung\/pact-club-timer-iii\/#breadcrumb\"},\"inLanguage\":\"de\",\"potentialAction\":[{\"@type\":\"ReadAction\",\"target\":[\"https:\/\/eshop.tca.sk\/de\/ausruestung\/pact-club-timer-iii\/\"]}]},{\"@type\":\"ImageObject\",\"inLanguage\":\"de\",\"@id\":\"https:\/\/eshop.tca.sk\/de\/ausruestung\/pact-club-timer-iii\/#primaryimage\",\"url\":\"https:\/\/eshop.tca.sk\/wp-content\/uploads\/2024\/05\/Pact-Club-Timer-III-2.png\",\"contentUrl\":\"https:\/\/eshop.tca.sk\/wp-content\/uploads\/2024\/05\/Pact-Club-Timer-III-2.png\",\"width\":1000,\"height\":1000},{\"@type\":\"BreadcrumbList\",\"@id\":\"https:\/\/eshop.tca.sk\/de\/ausruestung\/pact-club-timer-iii\/#breadcrumb\",\"itemListElement\":[{\"@type\":\"ListItem\",\"position\":1,\"name\":\"Domovsk\u00e1 str\u00e1nka\",\"item\":\"https:\/\/eshop.tca.sk\/de\/\"},{\"@type\":\"ListItem\",\"position\":2,\"name\":\"Shop\",\"item\":\"https:\/\/eshop.tca.sk\/de\/shop\/\"},{\"@type\":\"ListItem\",\"position\":3,\"name\":\"Pact Club Timer III\"}]},{\"@type\":\"WebSite\",\"@id\":\"https:\/\/eshop.tca.sk\/de\/#website\",\"url\":\"https:\/\/eshop.tca.sk\/de\/\",\"name\":\"TCA eShop - Tactical Combat Academy\",\"description\":\"Tactical Combat Academy\",\"publisher\":{\"@id\":\"https:\/\/eshop.tca.sk\/de\/#organization\"},\"potentialAction\":[{\"@type\":\"SearchAction\",\"target\":{\"@type\":\"EntryPoint\",\"urlTemplate\":\"https:\/\/eshop.tca.sk\/de\/?s={search_term_string}\"},\"query-input\":{\"@type\":\"PropertyValueSpecification\",\"valueRequired\":true,\"valueName\":\"search_term_string\"}}],\"inLanguage\":\"de\"},{\"@type\":\"Organization\",\"@id\":\"https:\/\/eshop.tca.sk\/de\/#organization\",\"name\":\"TCA eShop - Tactical Combat Academy\",\"url\":\"https:\/\/eshop.tca.sk\/de\/\",\"logo\":{\"@type\":\"ImageObject\",\"inLanguage\":\"de\",\"@id\":\"https:\/\/eshop.tca.sk\/de\/#\/schema\/logo\/image\/\",\"url\":\"https:\/\/eshop.tca.sk\/wp-content\/uploads\/2025\/06\/logo-new-header.png\",\"contentUrl\":\"https:\/\/eshop.tca.sk\/wp-content\/uploads\/2025\/06\/logo-new-header.png\",\"width\":300,\"height\":294,\"caption\":\"TCA eShop - Tactical Combat Academy\"},\"image\":{\"@id\":\"https:\/\/eshop.tca.sk\/de\/#\/schema\/logo\/image\/\"}}]}<\/script>\n<!-- \/ Yoast SEO plugin. -->","yoast_head_json":{"title":"Pact Club Timer III - TCA eShop - Tactical Combat Academy","description":"Der PACT Club Shot Timer III ist ein hervorragender Schie\u00dfzeitmesser, mit dem Sie Ihr Schie\u00dfen verbessern und Ihre Freunde schlagen k\u00f6nnen.","robots":{"index":"index","follow":"follow","max-snippet":"max-snippet:-1","max-image-preview":"max-image-preview:large","max-video-preview":"max-video-preview:-1"},"canonical":"https:\/\/eshop.tca.sk\/de\/ausruestung\/pact-club-timer-iii\/","og_locale":"de_DE","og_type":"article","og_title":"Pact Club Timer III - TCA eShop - Tactical Combat Academy","og_description":"Der PACT Club Shot Timer III ist ein hervorragender Schie\u00dfzeitmesser, mit dem Sie Ihr Schie\u00dfen verbessern und Ihre Freunde schlagen k\u00f6nnen.","og_url":"https:\/\/eshop.tca.sk\/de\/ausruestung\/pact-club-timer-iii\/","og_site_name":"TCA eShop - Tactical Combat Academy","article_modified_time":"2025-11-26T10:23:03+00:00","og_image":[{"width":1000,"height":1000,"url":"https:\/\/eshop.tca.sk\/wp-content\/uploads\/2024\/05\/Pact-Club-Timer-III-2.png","type":"image\/png"}],"twitter_card":"summary_large_image","schema":{"@context":"https:\/\/schema.org","@graph":[{"@type":"WebPage","@id":"https:\/\/eshop.tca.sk\/de\/ausruestung\/pact-club-timer-iii\/","url":"https:\/\/eshop.tca.sk\/de\/ausruestung\/pact-club-timer-iii\/","name":"Pact Club Timer III - TCA eShop - Tactical Combat Academy","isPartOf":{"@id":"https:\/\/eshop.tca.sk\/de\/#website"},"primaryImageOfPage":{"@id":"https:\/\/eshop.tca.sk\/de\/ausruestung\/pact-club-timer-iii\/#primaryimage"},"image":{"@id":"https:\/\/eshop.tca.sk\/de\/ausruestung\/pact-club-timer-iii\/#primaryimage"},"thumbnailUrl":"https:\/\/eshop.tca.sk\/wp-content\/uploads\/2024\/05\/Pact-Club-Timer-III-2.png","datePublished":"2024-05-20T14:16:05+00:00","dateModified":"2025-11-26T10:23:03+00:00","description":"Der PACT Club Shot Timer III ist ein hervorragender Schie\u00dfzeitmesser, mit dem Sie Ihr Schie\u00dfen verbessern und Ihre Freunde schlagen k\u00f6nnen.","breadcrumb":{"@id":"https:\/\/eshop.tca.sk\/de\/ausruestung\/pact-club-timer-iii\/#breadcrumb"},"inLanguage":"de","potentialAction":[{"@type":"ReadAction","target":["https:\/\/eshop.tca.sk\/de\/ausruestung\/pact-club-timer-iii\/"]}]},{"@type":"ImageObject","inLanguage":"de","@id":"https:\/\/eshop.tca.sk\/de\/ausruestung\/pact-club-timer-iii\/#primaryimage","url":"https:\/\/eshop.tca.sk\/wp-content\/uploads\/2024\/05\/Pact-Club-Timer-III-2.png","contentUrl":"https:\/\/eshop.tca.sk\/wp-content\/uploads\/2024\/05\/Pact-Club-Timer-III-2.png","width":1000,"height":1000},{"@type":"BreadcrumbList","@id":"https:\/\/eshop.tca.sk\/de\/ausruestung\/pact-club-timer-iii\/#breadcrumb","itemListElement":[{"@type":"ListItem","position":1,"name":"Domovsk\u00e1 str\u00e1nka","item":"https:\/\/eshop.tca.sk\/de\/"},{"@type":"ListItem","position":2,"name":"Shop","item":"https:\/\/eshop.tca.sk\/de\/shop\/"},{"@type":"ListItem","position":3,"name":"Pact Club Timer III"}]},{"@type":"WebSite","@id":"https:\/\/eshop.tca.sk\/de\/#website","url":"https:\/\/eshop.tca.sk\/de\/","name":"TCA eShop - Tactical Combat Academy","description":"Tactical Combat Academy","publisher":{"@id":"https:\/\/eshop.tca.sk\/de\/#organization"},"potentialAction":[{"@type":"SearchAction","target":{"@type":"EntryPoint","urlTemplate":"https:\/\/eshop.tca.sk\/de\/?s={search_term_string}"},"query-input":{"@type":"PropertyValueSpecification","valueRequired":true,"valueName":"search_term_string"}}],"inLanguage":"de"},{"@type":"Organization","@id":"https:\/\/eshop.tca.sk\/de\/#organization","name":"TCA eShop - Tactical Combat Academy","url":"https:\/\/eshop.tca.sk\/de\/","logo":{"@type":"ImageObject","inLanguage":"de","@id":"https:\/\/eshop.tca.sk\/de\/#\/schema\/logo\/image\/","url":"https:\/\/eshop.tca.sk\/wp-content\/uploads\/2025\/06\/logo-new-header.png","contentUrl":"https:\/\/eshop.tca.sk\/wp-content\/uploads\/2025\/06\/logo-new-header.png","width":300,"height":294,"caption":"TCA eShop - Tactical Combat Academy"},"image":{"@id":"https:\/\/eshop.tca.sk\/de\/#\/schema\/logo\/image\/"}}]}},"_links":{"self":[{"href":"https:\/\/eshop.tca.sk\/de\/wp-json\/wp\/v2\/product\/12635","targetHints":{"allow":["GET"]}}],"collection":[{"href":"https:\/\/eshop.tca.sk\/de\/wp-json\/wp\/v2\/product"}],"about":[{"href":"https:\/\/eshop.tca.sk\/de\/wp-json\/wp\/v2\/types\/product"}],"wp:featuredmedia":[{"embeddable":true,"href":"https:\/\/eshop.tca.sk\/de\/wp-json\/wp\/v2\/media\/12516"}],"wp:attachment":[{"href":"https:\/\/eshop.tca.sk\/de\/wp-json\/wp\/v2\/media?parent=12635"}],"wp:term":[{"taxonomy":"product_brand","embeddable":true,"href":"https:\/\/eshop.tca.sk\/de\/wp-json\/wp\/v2\/product_brand?post=12635"},{"taxonomy":"product_cat","embeddable":true,"href":"https:\/\/eshop.tca.sk\/de\/wp-json\/wp\/v2\/product_cat?post=12635"},{"taxonomy":"product_tag","embeddable":true,"href":"https:\/\/eshop.tca.sk\/de\/wp-json\/wp\/v2\/product_tag?post=12635"},{"taxonomy":"giftcard-category","embeddable":true,"href":"https:\/\/eshop.tca.sk\/de\/wp-json\/wp\/v2\/giftcard-category?post=12635"}],"curies":[{"name":"wp","href":"https:\/\/api.w.org\/{rel}","templated":true}]}}