{"id":12636,"date":"2024-05-21T10:14:47","date_gmt":"2024-05-21T08:14:47","guid":{"rendered":"https:\/\/eshop.tca.sk\/unkategorisiert\/abwurfsack-templars-gear-dump-bag-long-coyote\/"},"modified":"2025-11-26T11:21:54","modified_gmt":"2025-11-26T10:21:54","slug":"abwurfsack-templars-gear-dump-bag-long-coyote","status":"publish","type":"product","link":"https:\/\/eshop.tca.sk\/de\/ausruestung\/abwurfsack-templars-gear-dump-bag-long-coyote\/","title":{"rendered":"Abwurfsack Templars Gear Dump Bag Long COYOTE"},"content":{"rendered":"<h3><strong>Abwurfsack Templars Gear Dump Bag Long COYOTE<\/strong><\/h3>\n<p>Die <strong>Templars Gear Dump Bag Long <\/strong>ist so konzipiert, dass sie zusammengerollt werden kann, bis Sie sie brauchen, und dann aufgerollt werden kann, um Ihre gebrauchten Magazine bequem zu verstauen. Wird mit zwei MOLLE\/PALS-Riemen befestigt.<\/p>\n<h4><strong>Eigenschaften::<\/strong><\/h4>\n<ul>\n<li>Doppelter Kordelzugkragen f\u00fcr optimalen Halt des Inhalts.<\/li>\n<li>Die Verst\u00e4rkung aus rostfreiem Stahl sorgt f\u00fcr optimale Formbest\u00e4ndigkeit im aufgeklappten Zustand.<\/li>\n<li>Vier Tragem\u00f6glichkeiten: vollst\u00e4ndig aufgeklappt \/ mit sicherem Rei\u00dfverschluss \/ aufgerollt \/ vollst\u00e4ndig komprimiert<\/li>\n<li>Boden aus starkem Netzmaterial<\/li>\n<li>Leichtes Befestigungssystem, kompatibel mit MOLLE und 50 mm G\u00fcrtel.<\/li>\n<li>Ideal f\u00fcr Ihre leeren Patronen oder Magazine.<\/li>\n<li>Ma\u00dfe zusammengeklappt: 28 x 20 x 8 cm (L x H x T)<\/li>\n<\/ul>\n<p>&nbsp;<\/p>\n","protected":false},"excerpt":{"rendered":"<p><img loading=\"lazy\" decoding=\"async\" class=\"alignnone wp-image-12535\" src=\"https:\/\/eshop.tca.sk\/wp-content\/uploads\/2024\/05\/logo-templars-gear.png\" alt=\"\" width=\"66\" height=\"66\" srcset=\"https:\/\/eshop.tca.sk\/wp-content\/uploads\/2024\/05\/logo-templars-gear.png 200w, https:\/\/eshop.tca.sk\/wp-content\/uploads\/2024\/05\/logo-templars-gear-150x150.png 150w, https:\/\/eshop.tca.sk\/wp-content\/uploads\/2024\/05\/logo-templars-gear-24x24.png 24w, https:\/\/eshop.tca.sk\/wp-content\/uploads\/2024\/05\/logo-templars-gear-36x36.png 36w, https:\/\/eshop.tca.sk\/wp-content\/uploads\/2024\/05\/logo-templars-gear-48x48.png 48w, https:\/\/eshop.tca.sk\/wp-content\/uploads\/2024\/05\/logo-templars-gear-100x100.png 100w\" sizes=\"auto, (max-width: 66px) 100vw, 66px\" \/><\/p>\n<p>Die <strong>Templars Gear Dump Bag Long <\/strong>ist so konzipiert, dass sie zusammengerollt werden kann, bis Sie sie brauchen, und dann aufgerollt werden kann, um Ihre gebrauchten Magazine bequem zu verstauen. Wird mit zwei MOLLE\/PALS-Riemen befestigt.<\/p>\n<p><img loading=\"lazy\" decoding=\"async\" class=\"wp-image-8564 alignnone\" src=\"https:\/\/eshop.tca.sk\/wp-content\/uploads\/2023\/04\/Logo-Whack-Black-White-R-APPROVED.png\" alt=\"\" width=\"138\" height=\"75\" srcset=\"https:\/\/eshop.tca.sk\/wp-content\/uploads\/2023\/04\/Logo-Whack-Black-White-R-APPROVED.png 571w, https:\/\/eshop.tca.sk\/wp-content\/uploads\/2023\/04\/Logo-Whack-Black-White-R-APPROVED-300x163.png 300w\" sizes=\"auto, (max-width: 138px) 100vw, 138px\" \/><\/p>\n<p>Vom <a href=\"https:\/\/www.tca.sk\/\"><strong>TCA<\/strong><\/a> und dem <strong><a href=\"https:\/\/www.tca.sk\/profil\/ako-zacat-s-kurzami\">WHACK-System<\/a><\/strong> verwendete und empfohlene Equipment.<\/p>\n","protected":false},"featured_media":12561,"template":"","meta":{"inline_featured_image":false},"product_brand":[],"product_cat":[594,323,319],"product_tag":[],"giftcard-category":[],"class_list":{"0":"post-12636","1":"product","2":"type-product","3":"status-publish","4":"has-post-thumbnail","6":"product_cat-abwurfsaecke","7":"product_cat-ausruestung","8":"product_cat-waffenholster","10":"first","11":"outofstock","12":"taxable","13":"shipping-taxable","14":"purchasable","15":"product-type-simple"},"yoast_head":"<!-- This site is optimized with the Yoast SEO plugin v26.4 - https:\/\/yoast.com\/wordpress\/plugins\/seo\/ -->\n<title>Abwurfsack Templars Gear Dump Bag Long COYOTE - TCA eShop - Tactical Combat Academy<\/title>\n<meta name=\"description\" content=\"Die Templars Gear Dump Bag Long ist so konzipiert, dass sie zusammengerollt werden kann, bis Sie sie brauchen, und dann aufgerollt werden kann, um Ihre gebrauchten Magazine bequem zu verstauen. Wird mit zwei MOLLE\/PALS-Riemen befestigt.\" \/>\n<meta name=\"robots\" content=\"index, follow, max-snippet:-1, max-image-preview:large, max-video-preview:-1\" \/>\n<link rel=\"canonical\" href=\"https:\/\/eshop.tca.sk\/de\/ausruestung\/abwurfsack-templars-gear-dump-bag-long-coyote\/\" \/>\n<meta property=\"og:locale\" content=\"de_DE\" \/>\n<meta property=\"og:type\" content=\"article\" \/>\n<meta property=\"og:title\" content=\"Abwurfsack Templars Gear Dump Bag Long COYOTE - TCA eShop - Tactical Combat Academy\" \/>\n<meta property=\"og:description\" content=\"Die Templars Gear Dump Bag Long ist so konzipiert, dass sie zusammengerollt werden kann, bis Sie sie brauchen, und dann aufgerollt werden kann, um Ihre gebrauchten Magazine bequem zu verstauen. Wird mit zwei MOLLE\/PALS-Riemen befestigt.\" \/>\n<meta property=\"og:url\" content=\"https:\/\/eshop.tca.sk\/de\/ausruestung\/abwurfsack-templars-gear-dump-bag-long-coyote\/\" \/>\n<meta property=\"og:site_name\" content=\"TCA eShop - Tactical Combat Academy\" \/>\n<meta property=\"article:modified_time\" content=\"2025-11-26T10:21:54+00:00\" \/>\n<meta property=\"og:image\" content=\"https:\/\/eshop.tca.sk\/wp-content\/uploads\/2024\/05\/Odchadzovacie-Vrecko-Templars-Gear-Dump-Bag-Long-COYOTE_0005_Odchadzovacie-Vrecko-Templars-Gear-Dump-Bag-Long-COYOTE-1.jpg\" \/>\n\t<meta property=\"og:image:width\" content=\"1000\" \/>\n\t<meta property=\"og:image:height\" content=\"1000\" \/>\n\t<meta property=\"og:image:type\" content=\"image\/jpeg\" \/>\n<meta name=\"twitter:card\" content=\"summary_large_image\" \/>\n<script type=\"application\/ld+json\" class=\"yoast-schema-graph\">{\"@context\":\"https:\/\/schema.org\",\"@graph\":[{\"@type\":\"WebPage\",\"@id\":\"https:\/\/eshop.tca.sk\/de\/ausruestung\/abwurfsack-templars-gear-dump-bag-long-coyote\/\",\"url\":\"https:\/\/eshop.tca.sk\/de\/ausruestung\/abwurfsack-templars-gear-dump-bag-long-coyote\/\",\"name\":\"Abwurfsack Templars Gear Dump Bag Long COYOTE - TCA eShop - Tactical Combat Academy\",\"isPartOf\":{\"@id\":\"https:\/\/eshop.tca.sk\/de\/#website\"},\"primaryImageOfPage\":{\"@id\":\"https:\/\/eshop.tca.sk\/de\/ausruestung\/abwurfsack-templars-gear-dump-bag-long-coyote\/#primaryimage\"},\"image\":{\"@id\":\"https:\/\/eshop.tca.sk\/de\/ausruestung\/abwurfsack-templars-gear-dump-bag-long-coyote\/#primaryimage\"},\"thumbnailUrl\":\"https:\/\/eshop.tca.sk\/wp-content\/uploads\/2024\/05\/Odchadzovacie-Vrecko-Templars-Gear-Dump-Bag-Long-COYOTE_0005_Odchadzovacie-Vrecko-Templars-Gear-Dump-Bag-Long-COYOTE-1.jpg\",\"datePublished\":\"2024-05-21T08:14:47+00:00\",\"dateModified\":\"2025-11-26T10:21:54+00:00\",\"description\":\"Die Templars Gear Dump Bag Long ist so konzipiert, dass sie zusammengerollt werden kann, bis Sie sie brauchen, und dann aufgerollt werden kann, um Ihre gebrauchten Magazine bequem zu verstauen. Wird mit zwei MOLLE\/PALS-Riemen befestigt.\",\"breadcrumb\":{\"@id\":\"https:\/\/eshop.tca.sk\/de\/ausruestung\/abwurfsack-templars-gear-dump-bag-long-coyote\/#breadcrumb\"},\"inLanguage\":\"de\",\"potentialAction\":[{\"@type\":\"ReadAction\",\"target\":[\"https:\/\/eshop.tca.sk\/de\/ausruestung\/abwurfsack-templars-gear-dump-bag-long-coyote\/\"]}]},{\"@type\":\"ImageObject\",\"inLanguage\":\"de\",\"@id\":\"https:\/\/eshop.tca.sk\/de\/ausruestung\/abwurfsack-templars-gear-dump-bag-long-coyote\/#primaryimage\",\"url\":\"https:\/\/eshop.tca.sk\/wp-content\/uploads\/2024\/05\/Odchadzovacie-Vrecko-Templars-Gear-Dump-Bag-Long-COYOTE_0005_Odchadzovacie-Vrecko-Templars-Gear-Dump-Bag-Long-COYOTE-1.jpg\",\"contentUrl\":\"https:\/\/eshop.tca.sk\/wp-content\/uploads\/2024\/05\/Odchadzovacie-Vrecko-Templars-Gear-Dump-Bag-Long-COYOTE_0005_Odchadzovacie-Vrecko-Templars-Gear-Dump-Bag-Long-COYOTE-1.jpg\",\"width\":1000,\"height\":1000},{\"@type\":\"BreadcrumbList\",\"@id\":\"https:\/\/eshop.tca.sk\/de\/ausruestung\/abwurfsack-templars-gear-dump-bag-long-coyote\/#breadcrumb\",\"itemListElement\":[{\"@type\":\"ListItem\",\"position\":1,\"name\":\"Domovsk\u00e1 str\u00e1nka\",\"item\":\"https:\/\/eshop.tca.sk\/de\/\"},{\"@type\":\"ListItem\",\"position\":2,\"name\":\"Shop\",\"item\":\"https:\/\/eshop.tca.sk\/de\/shop\/\"},{\"@type\":\"ListItem\",\"position\":3,\"name\":\"Abwurfsack Templars Gear Dump Bag Long COYOTE\"}]},{\"@type\":\"WebSite\",\"@id\":\"https:\/\/eshop.tca.sk\/de\/#website\",\"url\":\"https:\/\/eshop.tca.sk\/de\/\",\"name\":\"TCA eShop - Tactical Combat Academy\",\"description\":\"Tactical Combat Academy\",\"publisher\":{\"@id\":\"https:\/\/eshop.tca.sk\/de\/#organization\"},\"potentialAction\":[{\"@type\":\"SearchAction\",\"target\":{\"@type\":\"EntryPoint\",\"urlTemplate\":\"https:\/\/eshop.tca.sk\/de\/?s={search_term_string}\"},\"query-input\":{\"@type\":\"PropertyValueSpecification\",\"valueRequired\":true,\"valueName\":\"search_term_string\"}}],\"inLanguage\":\"de\"},{\"@type\":\"Organization\",\"@id\":\"https:\/\/eshop.tca.sk\/de\/#organization\",\"name\":\"TCA eShop - Tactical Combat Academy\",\"url\":\"https:\/\/eshop.tca.sk\/de\/\",\"logo\":{\"@type\":\"ImageObject\",\"inLanguage\":\"de\",\"@id\":\"https:\/\/eshop.tca.sk\/de\/#\/schema\/logo\/image\/\",\"url\":\"https:\/\/eshop.tca.sk\/wp-content\/uploads\/2025\/06\/logo-new-header.png\",\"contentUrl\":\"https:\/\/eshop.tca.sk\/wp-content\/uploads\/2025\/06\/logo-new-header.png\",\"width\":300,\"height\":294,\"caption\":\"TCA eShop - Tactical Combat Academy\"},\"image\":{\"@id\":\"https:\/\/eshop.tca.sk\/de\/#\/schema\/logo\/image\/\"}}]}<\/script>\n<!-- \/ Yoast SEO plugin. -->","yoast_head_json":{"title":"Abwurfsack Templars Gear Dump Bag Long COYOTE - TCA eShop - Tactical Combat Academy","description":"Die Templars Gear Dump Bag Long ist so konzipiert, dass sie zusammengerollt werden kann, bis Sie sie brauchen, und dann aufgerollt werden kann, um Ihre gebrauchten Magazine bequem zu verstauen. Wird mit zwei MOLLE\/PALS-Riemen befestigt.","robots":{"index":"index","follow":"follow","max-snippet":"max-snippet:-1","max-image-preview":"max-image-preview:large","max-video-preview":"max-video-preview:-1"},"canonical":"https:\/\/eshop.tca.sk\/de\/ausruestung\/abwurfsack-templars-gear-dump-bag-long-coyote\/","og_locale":"de_DE","og_type":"article","og_title":"Abwurfsack Templars Gear Dump Bag Long COYOTE - TCA eShop - Tactical Combat Academy","og_description":"Die Templars Gear Dump Bag Long ist so konzipiert, dass sie zusammengerollt werden kann, bis Sie sie brauchen, und dann aufgerollt werden kann, um Ihre gebrauchten Magazine bequem zu verstauen. Wird mit zwei MOLLE\/PALS-Riemen befestigt.","og_url":"https:\/\/eshop.tca.sk\/de\/ausruestung\/abwurfsack-templars-gear-dump-bag-long-coyote\/","og_site_name":"TCA eShop - Tactical Combat Academy","article_modified_time":"2025-11-26T10:21:54+00:00","og_image":[{"width":1000,"height":1000,"url":"https:\/\/eshop.tca.sk\/wp-content\/uploads\/2024\/05\/Odchadzovacie-Vrecko-Templars-Gear-Dump-Bag-Long-COYOTE_0005_Odchadzovacie-Vrecko-Templars-Gear-Dump-Bag-Long-COYOTE-1.jpg","type":"image\/jpeg"}],"twitter_card":"summary_large_image","schema":{"@context":"https:\/\/schema.org","@graph":[{"@type":"WebPage","@id":"https:\/\/eshop.tca.sk\/de\/ausruestung\/abwurfsack-templars-gear-dump-bag-long-coyote\/","url":"https:\/\/eshop.tca.sk\/de\/ausruestung\/abwurfsack-templars-gear-dump-bag-long-coyote\/","name":"Abwurfsack Templars Gear Dump Bag Long COYOTE - TCA eShop - Tactical Combat Academy","isPartOf":{"@id":"https:\/\/eshop.tca.sk\/de\/#website"},"primaryImageOfPage":{"@id":"https:\/\/eshop.tca.sk\/de\/ausruestung\/abwurfsack-templars-gear-dump-bag-long-coyote\/#primaryimage"},"image":{"@id":"https:\/\/eshop.tca.sk\/de\/ausruestung\/abwurfsack-templars-gear-dump-bag-long-coyote\/#primaryimage"},"thumbnailUrl":"https:\/\/eshop.tca.sk\/wp-content\/uploads\/2024\/05\/Odchadzovacie-Vrecko-Templars-Gear-Dump-Bag-Long-COYOTE_0005_Odchadzovacie-Vrecko-Templars-Gear-Dump-Bag-Long-COYOTE-1.jpg","datePublished":"2024-05-21T08:14:47+00:00","dateModified":"2025-11-26T10:21:54+00:00","description":"Die Templars Gear Dump Bag Long ist so konzipiert, dass sie zusammengerollt werden kann, bis Sie sie brauchen, und dann aufgerollt werden kann, um Ihre gebrauchten Magazine bequem zu verstauen. Wird mit zwei MOLLE\/PALS-Riemen befestigt.","breadcrumb":{"@id":"https:\/\/eshop.tca.sk\/de\/ausruestung\/abwurfsack-templars-gear-dump-bag-long-coyote\/#breadcrumb"},"inLanguage":"de","potentialAction":[{"@type":"ReadAction","target":["https:\/\/eshop.tca.sk\/de\/ausruestung\/abwurfsack-templars-gear-dump-bag-long-coyote\/"]}]},{"@type":"ImageObject","inLanguage":"de","@id":"https:\/\/eshop.tca.sk\/de\/ausruestung\/abwurfsack-templars-gear-dump-bag-long-coyote\/#primaryimage","url":"https:\/\/eshop.tca.sk\/wp-content\/uploads\/2024\/05\/Odchadzovacie-Vrecko-Templars-Gear-Dump-Bag-Long-COYOTE_0005_Odchadzovacie-Vrecko-Templars-Gear-Dump-Bag-Long-COYOTE-1.jpg","contentUrl":"https:\/\/eshop.tca.sk\/wp-content\/uploads\/2024\/05\/Odchadzovacie-Vrecko-Templars-Gear-Dump-Bag-Long-COYOTE_0005_Odchadzovacie-Vrecko-Templars-Gear-Dump-Bag-Long-COYOTE-1.jpg","width":1000,"height":1000},{"@type":"BreadcrumbList","@id":"https:\/\/eshop.tca.sk\/de\/ausruestung\/abwurfsack-templars-gear-dump-bag-long-coyote\/#breadcrumb","itemListElement":[{"@type":"ListItem","position":1,"name":"Domovsk\u00e1 str\u00e1nka","item":"https:\/\/eshop.tca.sk\/de\/"},{"@type":"ListItem","position":2,"name":"Shop","item":"https:\/\/eshop.tca.sk\/de\/shop\/"},{"@type":"ListItem","position":3,"name":"Abwurfsack Templars Gear Dump Bag Long COYOTE"}]},{"@type":"WebSite","@id":"https:\/\/eshop.tca.sk\/de\/#website","url":"https:\/\/eshop.tca.sk\/de\/","name":"TCA eShop - Tactical Combat Academy","description":"Tactical Combat Academy","publisher":{"@id":"https:\/\/eshop.tca.sk\/de\/#organization"},"potentialAction":[{"@type":"SearchAction","target":{"@type":"EntryPoint","urlTemplate":"https:\/\/eshop.tca.sk\/de\/?s={search_term_string}"},"query-input":{"@type":"PropertyValueSpecification","valueRequired":true,"valueName":"search_term_string"}}],"inLanguage":"de"},{"@type":"Organization","@id":"https:\/\/eshop.tca.sk\/de\/#organization","name":"TCA eShop - Tactical Combat Academy","url":"https:\/\/eshop.tca.sk\/de\/","logo":{"@type":"ImageObject","inLanguage":"de","@id":"https:\/\/eshop.tca.sk\/de\/#\/schema\/logo\/image\/","url":"https:\/\/eshop.tca.sk\/wp-content\/uploads\/2025\/06\/logo-new-header.png","contentUrl":"https:\/\/eshop.tca.sk\/wp-content\/uploads\/2025\/06\/logo-new-header.png","width":300,"height":294,"caption":"TCA eShop - Tactical Combat Academy"},"image":{"@id":"https:\/\/eshop.tca.sk\/de\/#\/schema\/logo\/image\/"}}]}},"_links":{"self":[{"href":"https:\/\/eshop.tca.sk\/de\/wp-json\/wp\/v2\/product\/12636","targetHints":{"allow":["GET"]}}],"collection":[{"href":"https:\/\/eshop.tca.sk\/de\/wp-json\/wp\/v2\/product"}],"about":[{"href":"https:\/\/eshop.tca.sk\/de\/wp-json\/wp\/v2\/types\/product"}],"wp:featuredmedia":[{"embeddable":true,"href":"https:\/\/eshop.tca.sk\/de\/wp-json\/wp\/v2\/media\/12561"}],"wp:attachment":[{"href":"https:\/\/eshop.tca.sk\/de\/wp-json\/wp\/v2\/media?parent=12636"}],"wp:term":[{"taxonomy":"product_brand","embeddable":true,"href":"https:\/\/eshop.tca.sk\/de\/wp-json\/wp\/v2\/product_brand?post=12636"},{"taxonomy":"product_cat","embeddable":true,"href":"https:\/\/eshop.tca.sk\/de\/wp-json\/wp\/v2\/product_cat?post=12636"},{"taxonomy":"product_tag","embeddable":true,"href":"https:\/\/eshop.tca.sk\/de\/wp-json\/wp\/v2\/product_tag?post=12636"},{"taxonomy":"giftcard-category","embeddable":true,"href":"https:\/\/eshop.tca.sk\/de\/wp-json\/wp\/v2\/giftcard-category?post=12636"}],"curies":[{"name":"wp","href":"https:\/\/api.w.org\/{rel}","templated":true}]}}