{"id":12780,"date":"2024-05-27T15:41:09","date_gmt":"2024-05-27T13:41:09","guid":{"rendered":"https:\/\/eshop.tca.sk\/?post_type=product&#038;p=12780"},"modified":"2025-11-23T17:51:30","modified_gmt":"2025-11-23T16:51:30","slug":"brustpolster-frog-pro-chest-pad-air-black","status":"publish","type":"product","link":"https:\/\/eshop.tca.sk\/de\/taktische-westen\/brustpolster-frog-pro-chest-pad-air-black\/","title":{"rendered":"Brustpolster FROG.PRO Chest Pad Air BLACK"},"content":{"rendered":"<h3><strong>Brustpolster FROG.PRO Chest Pad Air BLACK<\/strong><\/h3>\n<p>Das Chest <strong>Pad Air<\/strong>wurde entwickelt, um den Komfort und die Atmungsaktivit\u00e4t des modularen Aufkl\u00e4rungsbrustgurts zu erh\u00f6hen, wenn er mit einem leichten Aufkl\u00e4rungsgurt getragen wird.<\/p>\n<p>Der geschlossenzellige Schaumstoff verf\u00fcgt \u00fcber ein lasergeschnittenes sechseckiges Muster, das in Kombination mit dem 3D-Luftnetz die Bel\u00fcftung verbessert und den Feuchtigkeits- und Schwei\u00dfstau im Brustbereich reduziert &#8211; ein sp\u00fcrbarer Vorteil bei ausgedehnten Patrouilleneins\u00e4tzen und Aktivit\u00e4ten in hei\u00dfem Klima.<\/p>\n<p>Die Liebe zum Detail, kombiniert mit individuellem Design, bietet ein einzigartiges Produkt, das unser Engagement f\u00fcr &#8220;State of the Art&#8221;-Milit\u00e4rtechnik widerspiegelt.<\/p>\n<p><iframe loading=\"lazy\" title=\"FROG PRO\u00ae | Tailored gear, human made.\" width=\"1170\" height=\"658\" src=\"https:\/\/www.youtube.com\/embed\/7d5tz3DPVU4?feature=oembed&#038;enablejsapi=1&#038;origin=https:\/\/eshop.tca.sk\" frameborder=\"0\" allow=\"accelerometer; autoplay; clipboard-write; encrypted-media; gyroscope; picture-in-picture; web-share\" referrerpolicy=\"strict-origin-when-cross-origin\" allowfullscreen><\/iframe><\/p>\n<p>&nbsp;<\/p>\n","protected":false},"excerpt":{"rendered":"<p><img loading=\"lazy\" decoding=\"async\" class=\"alignnone wp-image-10791\" src=\"https:\/\/eshop.tca.sk\/wp-content\/uploads\/2024\/04\/FROG.png\" alt=\"\" width=\"144\" height=\"66\" srcset=\"https:\/\/eshop.tca.sk\/wp-content\/uploads\/2024\/04\/FROG.png 291w, https:\/\/eshop.tca.sk\/wp-content\/uploads\/2024\/04\/FROG-24x11.png 24w, https:\/\/eshop.tca.sk\/wp-content\/uploads\/2024\/04\/FROG-36x16.png 36w, https:\/\/eshop.tca.sk\/wp-content\/uploads\/2024\/04\/FROG-48x22.png 48w\" sizes=\"auto, (max-width: 144px) 100vw, 144px\" \/><\/p>\n<p>Das Chest <strong>Pad Air<\/strong>wurde entwickelt, um den Komfort und die Atmungsaktivit\u00e4t des modularen Aufkl\u00e4rungsbrustgurts zu erh\u00f6hen, wenn er mit einem leichten Aufkl\u00e4rungsgurt getragen wird.<\/p>\n<p><img loading=\"lazy\" decoding=\"async\" class=\"wp-image-8564 alignnone\" src=\"https:\/\/eshop.tca.sk\/wp-content\/uploads\/2023\/04\/Logo-Whack-Black-White-R-APPROVED.png\" alt=\"\" width=\"138\" height=\"75\" srcset=\"https:\/\/eshop.tca.sk\/wp-content\/uploads\/2023\/04\/Logo-Whack-Black-White-R-APPROVED.png 571w, https:\/\/eshop.tca.sk\/wp-content\/uploads\/2023\/04\/Logo-Whack-Black-White-R-APPROVED-300x163.png 300w\" sizes=\"auto, (max-width: 138px) 100vw, 138px\" \/><\/p>\n<p>Vom <a href=\"https:\/\/www.tca.sk\/\"><strong>TCA<\/strong><\/a> und dem <strong><a href=\"https:\/\/www.tca.sk\/profil\/ako-zacat-s-kurzami\">WHACK-System<\/a><\/strong> verwendete und empfohlene Equipment.<\/p>\n","protected":false},"featured_media":12782,"template":"","meta":{"inline_featured_image":false},"product_brand":[],"product_cat":[323,470,617],"product_tag":[565],"giftcard-category":[],"class_list":{"0":"post-12780","1":"product","2":"type-product","3":"status-publish","4":"has-post-thumbnail","6":"product_cat-ausruestung","7":"product_cat-taktische-westen","8":"product_cat-westenzubehoer","9":"product_tag-frog-pro-de","11":"first","12":"instock","13":"taxable","14":"shipping-taxable","15":"purchasable","16":"product-type-simple"},"yoast_head":"<!-- This site is optimized with the Yoast SEO plugin v26.4 - https:\/\/yoast.com\/wordpress\/plugins\/seo\/ -->\n<title>Brustpolster FROG.PRO Chest Pad Air BLACK - TCA eShop - Tactical Combat Academy<\/title>\n<meta name=\"description\" content=\"Das Chest Pad Air wurde entwickelt, um den Komfort und die Atmungsaktivit\u00e4t des modularen Aufkl\u00e4rungsbrustgurts zu erh\u00f6hen, wenn er mit einem leichten Aufkl\u00e4rungsgurt getragen wird.\" \/>\n<meta name=\"robots\" content=\"index, follow, max-snippet:-1, max-image-preview:large, max-video-preview:-1\" \/>\n<link rel=\"canonical\" href=\"https:\/\/eshop.tca.sk\/de\/taktische-westen\/brustpolster-frog-pro-chest-pad-air-black\/\" \/>\n<meta property=\"og:locale\" content=\"de_DE\" \/>\n<meta property=\"og:type\" content=\"article\" \/>\n<meta property=\"og:title\" content=\"Brustpolster FROG.PRO Chest Pad Air BLACK - TCA eShop - Tactical Combat Academy\" \/>\n<meta property=\"og:description\" content=\"Das Chest Pad Air wurde entwickelt, um den Komfort und die Atmungsaktivit\u00e4t des modularen Aufkl\u00e4rungsbrustgurts zu erh\u00f6hen, wenn er mit einem leichten Aufkl\u00e4rungsgurt getragen wird.\" \/>\n<meta property=\"og:url\" content=\"https:\/\/eshop.tca.sk\/de\/taktische-westen\/brustpolster-frog-pro-chest-pad-air-black\/\" \/>\n<meta property=\"og:site_name\" content=\"TCA eShop - Tactical Combat Academy\" \/>\n<meta property=\"article:modified_time\" content=\"2025-11-23T16:51:30+00:00\" \/>\n<meta property=\"og:image\" content=\"https:\/\/eshop.tca.sk\/wp-content\/uploads\/2024\/05\/Hrudna-Podlozka-FROG.PRO-Chest-Pad-Air-BLACK-1.jpg\" \/>\n\t<meta property=\"og:image:width\" content=\"1000\" \/>\n\t<meta property=\"og:image:height\" content=\"1000\" \/>\n\t<meta property=\"og:image:type\" content=\"image\/jpeg\" \/>\n<meta name=\"twitter:card\" content=\"summary_large_image\" \/>\n<script type=\"application\/ld+json\" class=\"yoast-schema-graph\">{\"@context\":\"https:\/\/schema.org\",\"@graph\":[{\"@type\":\"WebPage\",\"@id\":\"https:\/\/eshop.tca.sk\/de\/taktische-westen\/brustpolster-frog-pro-chest-pad-air-black\/\",\"url\":\"https:\/\/eshop.tca.sk\/de\/taktische-westen\/brustpolster-frog-pro-chest-pad-air-black\/\",\"name\":\"Brustpolster FROG.PRO Chest Pad Air BLACK - TCA eShop - Tactical Combat Academy\",\"isPartOf\":{\"@id\":\"https:\/\/eshop.tca.sk\/de\/#website\"},\"primaryImageOfPage\":{\"@id\":\"https:\/\/eshop.tca.sk\/de\/taktische-westen\/brustpolster-frog-pro-chest-pad-air-black\/#primaryimage\"},\"image\":{\"@id\":\"https:\/\/eshop.tca.sk\/de\/taktische-westen\/brustpolster-frog-pro-chest-pad-air-black\/#primaryimage\"},\"thumbnailUrl\":\"https:\/\/eshop.tca.sk\/wp-content\/uploads\/2024\/05\/Hrudna-Podlozka-FROG.PRO-Chest-Pad-Air-BLACK-1.jpg\",\"datePublished\":\"2024-05-27T13:41:09+00:00\",\"dateModified\":\"2025-11-23T16:51:30+00:00\",\"description\":\"Das Chest Pad Air wurde entwickelt, um den Komfort und die Atmungsaktivit\u00e4t des modularen Aufkl\u00e4rungsbrustgurts zu erh\u00f6hen, wenn er mit einem leichten Aufkl\u00e4rungsgurt getragen wird.\",\"breadcrumb\":{\"@id\":\"https:\/\/eshop.tca.sk\/de\/taktische-westen\/brustpolster-frog-pro-chest-pad-air-black\/#breadcrumb\"},\"inLanguage\":\"de\",\"potentialAction\":[{\"@type\":\"ReadAction\",\"target\":[\"https:\/\/eshop.tca.sk\/de\/taktische-westen\/brustpolster-frog-pro-chest-pad-air-black\/\"]}]},{\"@type\":\"ImageObject\",\"inLanguage\":\"de\",\"@id\":\"https:\/\/eshop.tca.sk\/de\/taktische-westen\/brustpolster-frog-pro-chest-pad-air-black\/#primaryimage\",\"url\":\"https:\/\/eshop.tca.sk\/wp-content\/uploads\/2024\/05\/Hrudna-Podlozka-FROG.PRO-Chest-Pad-Air-BLACK-1.jpg\",\"contentUrl\":\"https:\/\/eshop.tca.sk\/wp-content\/uploads\/2024\/05\/Hrudna-Podlozka-FROG.PRO-Chest-Pad-Air-BLACK-1.jpg\",\"width\":1000,\"height\":1000},{\"@type\":\"BreadcrumbList\",\"@id\":\"https:\/\/eshop.tca.sk\/de\/taktische-westen\/brustpolster-frog-pro-chest-pad-air-black\/#breadcrumb\",\"itemListElement\":[{\"@type\":\"ListItem\",\"position\":1,\"name\":\"Domovsk\u00e1 str\u00e1nka\",\"item\":\"https:\/\/eshop.tca.sk\/de\/\"},{\"@type\":\"ListItem\",\"position\":2,\"name\":\"Shop\",\"item\":\"https:\/\/eshop.tca.sk\/de\/shop\/\"},{\"@type\":\"ListItem\",\"position\":3,\"name\":\"Brustpolster FROG.PRO Chest Pad Air BLACK\"}]},{\"@type\":\"WebSite\",\"@id\":\"https:\/\/eshop.tca.sk\/de\/#website\",\"url\":\"https:\/\/eshop.tca.sk\/de\/\",\"name\":\"TCA eShop - Tactical Combat Academy\",\"description\":\"Tactical Combat Academy\",\"publisher\":{\"@id\":\"https:\/\/eshop.tca.sk\/de\/#organization\"},\"potentialAction\":[{\"@type\":\"SearchAction\",\"target\":{\"@type\":\"EntryPoint\",\"urlTemplate\":\"https:\/\/eshop.tca.sk\/de\/?s={search_term_string}\"},\"query-input\":{\"@type\":\"PropertyValueSpecification\",\"valueRequired\":true,\"valueName\":\"search_term_string\"}}],\"inLanguage\":\"de\"},{\"@type\":\"Organization\",\"@id\":\"https:\/\/eshop.tca.sk\/de\/#organization\",\"name\":\"TCA eShop - Tactical Combat Academy\",\"url\":\"https:\/\/eshop.tca.sk\/de\/\",\"logo\":{\"@type\":\"ImageObject\",\"inLanguage\":\"de\",\"@id\":\"https:\/\/eshop.tca.sk\/de\/#\/schema\/logo\/image\/\",\"url\":\"https:\/\/eshop.tca.sk\/wp-content\/uploads\/2025\/06\/logo-new-header.png\",\"contentUrl\":\"https:\/\/eshop.tca.sk\/wp-content\/uploads\/2025\/06\/logo-new-header.png\",\"width\":300,\"height\":294,\"caption\":\"TCA eShop - Tactical Combat Academy\"},\"image\":{\"@id\":\"https:\/\/eshop.tca.sk\/de\/#\/schema\/logo\/image\/\"}}]}<\/script>\n<!-- \/ Yoast SEO plugin. -->","yoast_head_json":{"title":"Brustpolster FROG.PRO Chest Pad Air BLACK - TCA eShop - Tactical Combat Academy","description":"Das Chest Pad Air wurde entwickelt, um den Komfort und die Atmungsaktivit\u00e4t des modularen Aufkl\u00e4rungsbrustgurts zu erh\u00f6hen, wenn er mit einem leichten Aufkl\u00e4rungsgurt getragen wird.","robots":{"index":"index","follow":"follow","max-snippet":"max-snippet:-1","max-image-preview":"max-image-preview:large","max-video-preview":"max-video-preview:-1"},"canonical":"https:\/\/eshop.tca.sk\/de\/taktische-westen\/brustpolster-frog-pro-chest-pad-air-black\/","og_locale":"de_DE","og_type":"article","og_title":"Brustpolster FROG.PRO Chest Pad Air BLACK - TCA eShop - Tactical Combat Academy","og_description":"Das Chest Pad Air wurde entwickelt, um den Komfort und die Atmungsaktivit\u00e4t des modularen Aufkl\u00e4rungsbrustgurts zu erh\u00f6hen, wenn er mit einem leichten Aufkl\u00e4rungsgurt getragen wird.","og_url":"https:\/\/eshop.tca.sk\/de\/taktische-westen\/brustpolster-frog-pro-chest-pad-air-black\/","og_site_name":"TCA eShop - Tactical Combat Academy","article_modified_time":"2025-11-23T16:51:30+00:00","og_image":[{"width":1000,"height":1000,"url":"https:\/\/eshop.tca.sk\/wp-content\/uploads\/2024\/05\/Hrudna-Podlozka-FROG.PRO-Chest-Pad-Air-BLACK-1.jpg","type":"image\/jpeg"}],"twitter_card":"summary_large_image","schema":{"@context":"https:\/\/schema.org","@graph":[{"@type":"WebPage","@id":"https:\/\/eshop.tca.sk\/de\/taktische-westen\/brustpolster-frog-pro-chest-pad-air-black\/","url":"https:\/\/eshop.tca.sk\/de\/taktische-westen\/brustpolster-frog-pro-chest-pad-air-black\/","name":"Brustpolster FROG.PRO Chest Pad Air BLACK - TCA eShop - Tactical Combat Academy","isPartOf":{"@id":"https:\/\/eshop.tca.sk\/de\/#website"},"primaryImageOfPage":{"@id":"https:\/\/eshop.tca.sk\/de\/taktische-westen\/brustpolster-frog-pro-chest-pad-air-black\/#primaryimage"},"image":{"@id":"https:\/\/eshop.tca.sk\/de\/taktische-westen\/brustpolster-frog-pro-chest-pad-air-black\/#primaryimage"},"thumbnailUrl":"https:\/\/eshop.tca.sk\/wp-content\/uploads\/2024\/05\/Hrudna-Podlozka-FROG.PRO-Chest-Pad-Air-BLACK-1.jpg","datePublished":"2024-05-27T13:41:09+00:00","dateModified":"2025-11-23T16:51:30+00:00","description":"Das Chest Pad Air wurde entwickelt, um den Komfort und die Atmungsaktivit\u00e4t des modularen Aufkl\u00e4rungsbrustgurts zu erh\u00f6hen, wenn er mit einem leichten Aufkl\u00e4rungsgurt getragen wird.","breadcrumb":{"@id":"https:\/\/eshop.tca.sk\/de\/taktische-westen\/brustpolster-frog-pro-chest-pad-air-black\/#breadcrumb"},"inLanguage":"de","potentialAction":[{"@type":"ReadAction","target":["https:\/\/eshop.tca.sk\/de\/taktische-westen\/brustpolster-frog-pro-chest-pad-air-black\/"]}]},{"@type":"ImageObject","inLanguage":"de","@id":"https:\/\/eshop.tca.sk\/de\/taktische-westen\/brustpolster-frog-pro-chest-pad-air-black\/#primaryimage","url":"https:\/\/eshop.tca.sk\/wp-content\/uploads\/2024\/05\/Hrudna-Podlozka-FROG.PRO-Chest-Pad-Air-BLACK-1.jpg","contentUrl":"https:\/\/eshop.tca.sk\/wp-content\/uploads\/2024\/05\/Hrudna-Podlozka-FROG.PRO-Chest-Pad-Air-BLACK-1.jpg","width":1000,"height":1000},{"@type":"BreadcrumbList","@id":"https:\/\/eshop.tca.sk\/de\/taktische-westen\/brustpolster-frog-pro-chest-pad-air-black\/#breadcrumb","itemListElement":[{"@type":"ListItem","position":1,"name":"Domovsk\u00e1 str\u00e1nka","item":"https:\/\/eshop.tca.sk\/de\/"},{"@type":"ListItem","position":2,"name":"Shop","item":"https:\/\/eshop.tca.sk\/de\/shop\/"},{"@type":"ListItem","position":3,"name":"Brustpolster FROG.PRO Chest Pad Air BLACK"}]},{"@type":"WebSite","@id":"https:\/\/eshop.tca.sk\/de\/#website","url":"https:\/\/eshop.tca.sk\/de\/","name":"TCA eShop - Tactical Combat Academy","description":"Tactical Combat Academy","publisher":{"@id":"https:\/\/eshop.tca.sk\/de\/#organization"},"potentialAction":[{"@type":"SearchAction","target":{"@type":"EntryPoint","urlTemplate":"https:\/\/eshop.tca.sk\/de\/?s={search_term_string}"},"query-input":{"@type":"PropertyValueSpecification","valueRequired":true,"valueName":"search_term_string"}}],"inLanguage":"de"},{"@type":"Organization","@id":"https:\/\/eshop.tca.sk\/de\/#organization","name":"TCA eShop - Tactical Combat Academy","url":"https:\/\/eshop.tca.sk\/de\/","logo":{"@type":"ImageObject","inLanguage":"de","@id":"https:\/\/eshop.tca.sk\/de\/#\/schema\/logo\/image\/","url":"https:\/\/eshop.tca.sk\/wp-content\/uploads\/2025\/06\/logo-new-header.png","contentUrl":"https:\/\/eshop.tca.sk\/wp-content\/uploads\/2025\/06\/logo-new-header.png","width":300,"height":294,"caption":"TCA eShop - Tactical Combat Academy"},"image":{"@id":"https:\/\/eshop.tca.sk\/de\/#\/schema\/logo\/image\/"}}]}},"_links":{"self":[{"href":"https:\/\/eshop.tca.sk\/de\/wp-json\/wp\/v2\/product\/12780","targetHints":{"allow":["GET"]}}],"collection":[{"href":"https:\/\/eshop.tca.sk\/de\/wp-json\/wp\/v2\/product"}],"about":[{"href":"https:\/\/eshop.tca.sk\/de\/wp-json\/wp\/v2\/types\/product"}],"wp:featuredmedia":[{"embeddable":true,"href":"https:\/\/eshop.tca.sk\/de\/wp-json\/wp\/v2\/media\/12782"}],"wp:attachment":[{"href":"https:\/\/eshop.tca.sk\/de\/wp-json\/wp\/v2\/media?parent=12780"}],"wp:term":[{"taxonomy":"product_brand","embeddable":true,"href":"https:\/\/eshop.tca.sk\/de\/wp-json\/wp\/v2\/product_brand?post=12780"},{"taxonomy":"product_cat","embeddable":true,"href":"https:\/\/eshop.tca.sk\/de\/wp-json\/wp\/v2\/product_cat?post=12780"},{"taxonomy":"product_tag","embeddable":true,"href":"https:\/\/eshop.tca.sk\/de\/wp-json\/wp\/v2\/product_tag?post=12780"},{"taxonomy":"giftcard-category","embeddable":true,"href":"https:\/\/eshop.tca.sk\/de\/wp-json\/wp\/v2\/giftcard-category?post=12780"}],"curies":[{"name":"wp","href":"https:\/\/api.w.org\/{rel}","templated":true}]}}