{"id":12842,"date":"2024-05-28T16:05:24","date_gmt":"2024-05-28T14:05:24","guid":{"rendered":"https:\/\/eshop.tca.sk\/?post_type=product&#038;p=12842"},"modified":"2025-11-26T10:55:57","modified_gmt":"2025-11-26T09:55:57","slug":"kollimator-trijicon-mro-1x25-rot-punktvisier","status":"publish","type":"product","link":"https:\/\/eshop.tca.sk\/de\/waffenzubehoer\/kollimator-trijicon-mro-1x25-rot-punktvisier\/","title":{"rendered":"Kolimator Trijicon MRO 1&#215;25 Red Dot Sight"},"content":{"rendered":"<h1><strong>Kolimator Trijicon MRO 1&#215;25 Red Dot Sight<\/strong><\/h1>\n<p>Das <strong>Miniature Rifle Optical Rifle Sight (MRO\u00ae<\/strong> ) von Trijicon ist ein geschlossenes Reflexvisier, das f\u00fcr den Einsatz auf Gewehren und Flinten zur schnellen Zielerfassung entwickelt wurde. Es ist so konzipiert, dass es mit offenen Augen verwendet werden kann, um dem Bediener ein maximales Situationsbewusstsein zu geben.<\/p>\n<p>Die gro\u00dfe Blende und der verengte Strahlengang maximieren das Sichtfeld in einer so kleinen Optik und erm\u00f6glichen eine schnelle Zielerfassung &#8211; insbesondere aus nicht standardm\u00e4\u00dfigen Schusspositionen. Fortschrittliche Linsenbeschichtungen und Elektronik sorgen f\u00fcr einen scharfen roten Punkt. Das Einstellrad f\u00fcr die Helligkeit des MRO ist speziell f\u00fcr die beidh\u00e4ndige Nutzung konzipiert. Mit einer zentralen &#8220;Aus&#8221;-Position und acht erkennbaren Helligkeitsstufen erm\u00f6glicht dieser Helligkeitsw\u00e4hler eine schnelle und ergonomische Einstellung.<\/p>\n<p>Das <strong>Trijicon MRO<\/strong> ist ein parallaxenfreies Ger\u00e4t mit enormer Langlebigkeit. Das Trijicon MRO hat minimalistische Abmessungen LxBxH &#8211; 66 x 43 x 51 mm und ein fast unglaublich geringes Gewicht von 116 Gramm mit installierter Batterie (aber ohne Montage). Die Objektivlinse hat einen gro\u00dfen Durchmesser (25 mm), der zusammen mit der kurzen L\u00e4nge und den d\u00fcnnen Seitenw\u00e4nden mit minimalen Vorspr\u00fcngen das Sichtfeld vergr\u00f6\u00dfert und den Tunneleffekt verhindert. Das gro\u00dfe Sichtfeld verbessert den \u00dcberblick des Bedieners \u00fcber den zu \u00fcberwachenden Bereich erheblich und erm\u00f6glicht es ihm, auch in Stresssituationen schneller die richtige Entscheidung zu treffen. Das Vorsatzmuster wird in einer einzigen Variante dargestellt &#8211; einem Vorsatzpunkt mit einem Durchmesser von 2 MOA.<\/p>\n<h4><strong>Eigenschaften::<\/strong><\/h4>\n<ul>\n<li>Gro\u00dfes Anzeigefeld<\/li>\n<li>Einstellbare Helligkeit<\/li>\n<li>Helligkeitssteuerung in beide Richtungen<\/li>\n<li>Geh\u00e4use aus Aluminium f\u00fcr die Luft- und Raumfahrt<\/li>\n<li>Wasserdicht bis 30 Meter (100 Ft.)<\/li>\n<li>Eine CR2032-Lithium-Batterie<\/li>\n<\/ul>\n<p>&nbsp;<\/p>\n","protected":false},"excerpt":{"rendered":"<p><img loading=\"lazy\" decoding=\"async\" class=\"alignnone wp-image-8086 \" src=\"https:\/\/eshop.tca.sk\/wp-content\/uploads\/2023\/01\/trijicon-logo2.png\" alt=\"\" width=\"115\" height=\"45\" srcset=\"https:\/\/eshop.tca.sk\/wp-content\/uploads\/2023\/01\/trijicon-logo2.png 531w, https:\/\/eshop.tca.sk\/wp-content\/uploads\/2023\/01\/trijicon-logo2-300x118.png 300w\" sizes=\"auto, (max-width: 115px) 100vw, 115px\" \/><\/p>\n<p>Das <strong>Miniature Rifle Optical Rifle Sight (MRO\u00ae<\/strong> ) von Trijicon ist ein geschlossenes Reflexvisier, das f\u00fcr den Einsatz auf Gewehren und Flinten zur schnellen Zielerfassung entwickelt wurde.<\/p>\n<p><img loading=\"lazy\" decoding=\"async\" class=\"wp-image-8564 alignnone\" src=\"https:\/\/eshop.tca.sk\/wp-content\/uploads\/2023\/04\/Logo-Whack-Black-White-R-APPROVED.png\" alt=\"\" width=\"138\" height=\"75\" srcset=\"https:\/\/eshop.tca.sk\/wp-content\/uploads\/2023\/04\/Logo-Whack-Black-White-R-APPROVED.png 571w, https:\/\/eshop.tca.sk\/wp-content\/uploads\/2023\/04\/Logo-Whack-Black-White-R-APPROVED-300x163.png 300w\" sizes=\"auto, (max-width: 138px) 100vw, 138px\" \/><\/p>\n<p>Vom <strong>TCA<\/strong> und dem <strong>WHACK<\/strong>-System verwendete und empfohlene Equipment.<\/p>\n","protected":false},"featured_media":12862,"template":"","meta":{"inline_featured_image":false},"product_brand":[],"product_cat":[320,318],"product_tag":[411],"giftcard-category":[],"class_list":{"0":"post-12842","1":"product","2":"type-product","3":"status-publish","4":"has-post-thumbnail","6":"product_cat-optik","7":"product_cat-waffenzubehoer","8":"product_tag-trijicon-de","10":"first","11":"outofstock","12":"taxable","13":"shipping-taxable","14":"purchasable","15":"product-type-simple"},"yoast_head":"<!-- This site is optimized with the Yoast SEO plugin v26.4 - https:\/\/yoast.com\/wordpress\/plugins\/seo\/ -->\n<title>Kolimator Trijicon MRO 1x25 Red Dot Sight - TCA eShop - Tactical Combat Academy<\/title>\n<meta name=\"description\" content=\"Das Miniature Rifle Optical Rifle Sight (MRO\u00ae) von Trijicon ist ein geschlossenes Reflexvisier, das f\u00fcr den Einsatz auf Gewehren und Flinten zur schnellen Zielerfassung entwickelt wurde.\" \/>\n<meta name=\"robots\" content=\"index, follow, max-snippet:-1, max-image-preview:large, max-video-preview:-1\" \/>\n<link rel=\"canonical\" href=\"https:\/\/eshop.tca.sk\/de\/waffenzubehoer\/kollimator-trijicon-mro-1x25-rot-punktvisier\/\" \/>\n<meta property=\"og:locale\" content=\"de_DE\" \/>\n<meta property=\"og:type\" content=\"article\" \/>\n<meta property=\"og:title\" content=\"Kolimator Trijicon MRO 1x25 Red Dot Sight - TCA eShop - Tactical Combat Academy\" \/>\n<meta property=\"og:description\" content=\"Das Miniature Rifle Optical Rifle Sight (MRO\u00ae) von Trijicon ist ein geschlossenes Reflexvisier, das f\u00fcr den Einsatz auf Gewehren und Flinten zur schnellen Zielerfassung entwickelt wurde.\" \/>\n<meta property=\"og:url\" content=\"https:\/\/eshop.tca.sk\/de\/waffenzubehoer\/kollimator-trijicon-mro-1x25-rot-punktvisier\/\" \/>\n<meta property=\"og:site_name\" content=\"TCA eShop - Tactical Combat Academy\" \/>\n<meta property=\"article:modified_time\" content=\"2025-11-26T09:55:57+00:00\" \/>\n<meta property=\"og:image\" content=\"https:\/\/eshop.tca.sk\/wp-content\/uploads\/2024\/05\/Kolimator-Trijicon-MRO-1x25-Red-Dot-Sight_0009_Kolimator-Trijicon-MRO-1x25-Red-Dot-Sight.jpg\" \/>\n\t<meta property=\"og:image:width\" content=\"1000\" \/>\n\t<meta property=\"og:image:height\" content=\"1000\" \/>\n\t<meta property=\"og:image:type\" content=\"image\/jpeg\" \/>\n<meta name=\"twitter:card\" content=\"summary_large_image\" \/>\n<script type=\"application\/ld+json\" class=\"yoast-schema-graph\">{\"@context\":\"https:\/\/schema.org\",\"@graph\":[{\"@type\":\"WebPage\",\"@id\":\"https:\/\/eshop.tca.sk\/de\/waffenzubehoer\/kollimator-trijicon-mro-1x25-rot-punktvisier\/\",\"url\":\"https:\/\/eshop.tca.sk\/de\/waffenzubehoer\/kollimator-trijicon-mro-1x25-rot-punktvisier\/\",\"name\":\"Kolimator Trijicon MRO 1x25 Red Dot Sight - TCA eShop - Tactical Combat Academy\",\"isPartOf\":{\"@id\":\"https:\/\/eshop.tca.sk\/de\/#website\"},\"primaryImageOfPage\":{\"@id\":\"https:\/\/eshop.tca.sk\/de\/waffenzubehoer\/kollimator-trijicon-mro-1x25-rot-punktvisier\/#primaryimage\"},\"image\":{\"@id\":\"https:\/\/eshop.tca.sk\/de\/waffenzubehoer\/kollimator-trijicon-mro-1x25-rot-punktvisier\/#primaryimage\"},\"thumbnailUrl\":\"https:\/\/eshop.tca.sk\/wp-content\/uploads\/2024\/05\/Kolimator-Trijicon-MRO-1x25-Red-Dot-Sight_0009_Kolimator-Trijicon-MRO-1x25-Red-Dot-Sight.jpg\",\"datePublished\":\"2024-05-28T14:05:24+00:00\",\"dateModified\":\"2025-11-26T09:55:57+00:00\",\"description\":\"Das Miniature Rifle Optical Rifle Sight (MRO\u00ae) von Trijicon ist ein geschlossenes Reflexvisier, das f\u00fcr den Einsatz auf Gewehren und Flinten zur schnellen Zielerfassung entwickelt wurde.\",\"breadcrumb\":{\"@id\":\"https:\/\/eshop.tca.sk\/de\/waffenzubehoer\/kollimator-trijicon-mro-1x25-rot-punktvisier\/#breadcrumb\"},\"inLanguage\":\"de\",\"potentialAction\":[{\"@type\":\"ReadAction\",\"target\":[\"https:\/\/eshop.tca.sk\/de\/waffenzubehoer\/kollimator-trijicon-mro-1x25-rot-punktvisier\/\"]}]},{\"@type\":\"ImageObject\",\"inLanguage\":\"de\",\"@id\":\"https:\/\/eshop.tca.sk\/de\/waffenzubehoer\/kollimator-trijicon-mro-1x25-rot-punktvisier\/#primaryimage\",\"url\":\"https:\/\/eshop.tca.sk\/wp-content\/uploads\/2024\/05\/Kolimator-Trijicon-MRO-1x25-Red-Dot-Sight_0009_Kolimator-Trijicon-MRO-1x25-Red-Dot-Sight.jpg\",\"contentUrl\":\"https:\/\/eshop.tca.sk\/wp-content\/uploads\/2024\/05\/Kolimator-Trijicon-MRO-1x25-Red-Dot-Sight_0009_Kolimator-Trijicon-MRO-1x25-Red-Dot-Sight.jpg\",\"width\":1000,\"height\":1000},{\"@type\":\"BreadcrumbList\",\"@id\":\"https:\/\/eshop.tca.sk\/de\/waffenzubehoer\/kollimator-trijicon-mro-1x25-rot-punktvisier\/#breadcrumb\",\"itemListElement\":[{\"@type\":\"ListItem\",\"position\":1,\"name\":\"Domovsk\u00e1 str\u00e1nka\",\"item\":\"https:\/\/eshop.tca.sk\/de\/\"},{\"@type\":\"ListItem\",\"position\":2,\"name\":\"Shop\",\"item\":\"https:\/\/eshop.tca.sk\/de\/shop\/\"},{\"@type\":\"ListItem\",\"position\":3,\"name\":\"Kolimator Trijicon MRO 1&#215;25 Red Dot Sight\"}]},{\"@type\":\"WebSite\",\"@id\":\"https:\/\/eshop.tca.sk\/de\/#website\",\"url\":\"https:\/\/eshop.tca.sk\/de\/\",\"name\":\"TCA eShop - Tactical Combat Academy\",\"description\":\"Tactical Combat Academy\",\"publisher\":{\"@id\":\"https:\/\/eshop.tca.sk\/de\/#organization\"},\"potentialAction\":[{\"@type\":\"SearchAction\",\"target\":{\"@type\":\"EntryPoint\",\"urlTemplate\":\"https:\/\/eshop.tca.sk\/de\/?s={search_term_string}\"},\"query-input\":{\"@type\":\"PropertyValueSpecification\",\"valueRequired\":true,\"valueName\":\"search_term_string\"}}],\"inLanguage\":\"de\"},{\"@type\":\"Organization\",\"@id\":\"https:\/\/eshop.tca.sk\/de\/#organization\",\"name\":\"TCA eShop - Tactical Combat Academy\",\"url\":\"https:\/\/eshop.tca.sk\/de\/\",\"logo\":{\"@type\":\"ImageObject\",\"inLanguage\":\"de\",\"@id\":\"https:\/\/eshop.tca.sk\/de\/#\/schema\/logo\/image\/\",\"url\":\"https:\/\/eshop.tca.sk\/wp-content\/uploads\/2025\/06\/logo-new-header.png\",\"contentUrl\":\"https:\/\/eshop.tca.sk\/wp-content\/uploads\/2025\/06\/logo-new-header.png\",\"width\":300,\"height\":294,\"caption\":\"TCA eShop - Tactical Combat Academy\"},\"image\":{\"@id\":\"https:\/\/eshop.tca.sk\/de\/#\/schema\/logo\/image\/\"}}]}<\/script>\n<!-- \/ Yoast SEO plugin. -->","yoast_head_json":{"title":"Kolimator Trijicon MRO 1x25 Red Dot Sight - TCA eShop - Tactical Combat Academy","description":"Das Miniature Rifle Optical Rifle Sight (MRO\u00ae) von Trijicon ist ein geschlossenes Reflexvisier, das f\u00fcr den Einsatz auf Gewehren und Flinten zur schnellen Zielerfassung entwickelt wurde.","robots":{"index":"index","follow":"follow","max-snippet":"max-snippet:-1","max-image-preview":"max-image-preview:large","max-video-preview":"max-video-preview:-1"},"canonical":"https:\/\/eshop.tca.sk\/de\/waffenzubehoer\/kollimator-trijicon-mro-1x25-rot-punktvisier\/","og_locale":"de_DE","og_type":"article","og_title":"Kolimator Trijicon MRO 1x25 Red Dot Sight - TCA eShop - Tactical Combat Academy","og_description":"Das Miniature Rifle Optical Rifle Sight (MRO\u00ae) von Trijicon ist ein geschlossenes Reflexvisier, das f\u00fcr den Einsatz auf Gewehren und Flinten zur schnellen Zielerfassung entwickelt wurde.","og_url":"https:\/\/eshop.tca.sk\/de\/waffenzubehoer\/kollimator-trijicon-mro-1x25-rot-punktvisier\/","og_site_name":"TCA eShop - Tactical Combat Academy","article_modified_time":"2025-11-26T09:55:57+00:00","og_image":[{"width":1000,"height":1000,"url":"https:\/\/eshop.tca.sk\/wp-content\/uploads\/2024\/05\/Kolimator-Trijicon-MRO-1x25-Red-Dot-Sight_0009_Kolimator-Trijicon-MRO-1x25-Red-Dot-Sight.jpg","type":"image\/jpeg"}],"twitter_card":"summary_large_image","schema":{"@context":"https:\/\/schema.org","@graph":[{"@type":"WebPage","@id":"https:\/\/eshop.tca.sk\/de\/waffenzubehoer\/kollimator-trijicon-mro-1x25-rot-punktvisier\/","url":"https:\/\/eshop.tca.sk\/de\/waffenzubehoer\/kollimator-trijicon-mro-1x25-rot-punktvisier\/","name":"Kolimator Trijicon MRO 1x25 Red Dot Sight - TCA eShop - Tactical Combat Academy","isPartOf":{"@id":"https:\/\/eshop.tca.sk\/de\/#website"},"primaryImageOfPage":{"@id":"https:\/\/eshop.tca.sk\/de\/waffenzubehoer\/kollimator-trijicon-mro-1x25-rot-punktvisier\/#primaryimage"},"image":{"@id":"https:\/\/eshop.tca.sk\/de\/waffenzubehoer\/kollimator-trijicon-mro-1x25-rot-punktvisier\/#primaryimage"},"thumbnailUrl":"https:\/\/eshop.tca.sk\/wp-content\/uploads\/2024\/05\/Kolimator-Trijicon-MRO-1x25-Red-Dot-Sight_0009_Kolimator-Trijicon-MRO-1x25-Red-Dot-Sight.jpg","datePublished":"2024-05-28T14:05:24+00:00","dateModified":"2025-11-26T09:55:57+00:00","description":"Das Miniature Rifle Optical Rifle Sight (MRO\u00ae) von Trijicon ist ein geschlossenes Reflexvisier, das f\u00fcr den Einsatz auf Gewehren und Flinten zur schnellen Zielerfassung entwickelt wurde.","breadcrumb":{"@id":"https:\/\/eshop.tca.sk\/de\/waffenzubehoer\/kollimator-trijicon-mro-1x25-rot-punktvisier\/#breadcrumb"},"inLanguage":"de","potentialAction":[{"@type":"ReadAction","target":["https:\/\/eshop.tca.sk\/de\/waffenzubehoer\/kollimator-trijicon-mro-1x25-rot-punktvisier\/"]}]},{"@type":"ImageObject","inLanguage":"de","@id":"https:\/\/eshop.tca.sk\/de\/waffenzubehoer\/kollimator-trijicon-mro-1x25-rot-punktvisier\/#primaryimage","url":"https:\/\/eshop.tca.sk\/wp-content\/uploads\/2024\/05\/Kolimator-Trijicon-MRO-1x25-Red-Dot-Sight_0009_Kolimator-Trijicon-MRO-1x25-Red-Dot-Sight.jpg","contentUrl":"https:\/\/eshop.tca.sk\/wp-content\/uploads\/2024\/05\/Kolimator-Trijicon-MRO-1x25-Red-Dot-Sight_0009_Kolimator-Trijicon-MRO-1x25-Red-Dot-Sight.jpg","width":1000,"height":1000},{"@type":"BreadcrumbList","@id":"https:\/\/eshop.tca.sk\/de\/waffenzubehoer\/kollimator-trijicon-mro-1x25-rot-punktvisier\/#breadcrumb","itemListElement":[{"@type":"ListItem","position":1,"name":"Domovsk\u00e1 str\u00e1nka","item":"https:\/\/eshop.tca.sk\/de\/"},{"@type":"ListItem","position":2,"name":"Shop","item":"https:\/\/eshop.tca.sk\/de\/shop\/"},{"@type":"ListItem","position":3,"name":"Kolimator Trijicon MRO 1&#215;25 Red Dot Sight"}]},{"@type":"WebSite","@id":"https:\/\/eshop.tca.sk\/de\/#website","url":"https:\/\/eshop.tca.sk\/de\/","name":"TCA eShop - Tactical Combat Academy","description":"Tactical Combat Academy","publisher":{"@id":"https:\/\/eshop.tca.sk\/de\/#organization"},"potentialAction":[{"@type":"SearchAction","target":{"@type":"EntryPoint","urlTemplate":"https:\/\/eshop.tca.sk\/de\/?s={search_term_string}"},"query-input":{"@type":"PropertyValueSpecification","valueRequired":true,"valueName":"search_term_string"}}],"inLanguage":"de"},{"@type":"Organization","@id":"https:\/\/eshop.tca.sk\/de\/#organization","name":"TCA eShop - Tactical Combat Academy","url":"https:\/\/eshop.tca.sk\/de\/","logo":{"@type":"ImageObject","inLanguage":"de","@id":"https:\/\/eshop.tca.sk\/de\/#\/schema\/logo\/image\/","url":"https:\/\/eshop.tca.sk\/wp-content\/uploads\/2025\/06\/logo-new-header.png","contentUrl":"https:\/\/eshop.tca.sk\/wp-content\/uploads\/2025\/06\/logo-new-header.png","width":300,"height":294,"caption":"TCA eShop - Tactical Combat Academy"},"image":{"@id":"https:\/\/eshop.tca.sk\/de\/#\/schema\/logo\/image\/"}}]}},"_links":{"self":[{"href":"https:\/\/eshop.tca.sk\/de\/wp-json\/wp\/v2\/product\/12842","targetHints":{"allow":["GET"]}}],"collection":[{"href":"https:\/\/eshop.tca.sk\/de\/wp-json\/wp\/v2\/product"}],"about":[{"href":"https:\/\/eshop.tca.sk\/de\/wp-json\/wp\/v2\/types\/product"}],"wp:featuredmedia":[{"embeddable":true,"href":"https:\/\/eshop.tca.sk\/de\/wp-json\/wp\/v2\/media\/12862"}],"wp:attachment":[{"href":"https:\/\/eshop.tca.sk\/de\/wp-json\/wp\/v2\/media?parent=12842"}],"wp:term":[{"taxonomy":"product_brand","embeddable":true,"href":"https:\/\/eshop.tca.sk\/de\/wp-json\/wp\/v2\/product_brand?post=12842"},{"taxonomy":"product_cat","embeddable":true,"href":"https:\/\/eshop.tca.sk\/de\/wp-json\/wp\/v2\/product_cat?post=12842"},{"taxonomy":"product_tag","embeddable":true,"href":"https:\/\/eshop.tca.sk\/de\/wp-json\/wp\/v2\/product_tag?post=12842"},{"taxonomy":"giftcard-category","embeddable":true,"href":"https:\/\/eshop.tca.sk\/de\/wp-json\/wp\/v2\/giftcard-category?post=12842"}],"curies":[{"name":"wp","href":"https:\/\/api.w.org\/{rel}","templated":true}]}}