{"id":12864,"date":"2024-05-28T18:35:08","date_gmt":"2024-05-28T16:35:08","guid":{"rendered":"https:\/\/eshop.tca.sk\/?post_type=product&#038;p=12864"},"modified":"2025-11-26T10:55:33","modified_gmt":"2025-11-26T09:55:33","slug":"kollimator-trijicon-rmr-hd-red-dot-visier-3-25-55moa","status":"publish","type":"product","link":"https:\/\/eshop.tca.sk\/de\/waffenzubehoer\/kollimator-trijicon-rmr-hd-red-dot-visier-3-25-55moa\/","title":{"rendered":"Kolimator Trijicon RMR HD Red Dot Sight 3.25\/55MOA"},"content":{"rendered":"<h3>Kolimator Trijicon RMR HD Red Dot Sight 3.25\/55MOA<\/h3>\n<p>Das <strong>Trijicon RMR\u00ae HD<\/strong> ist ein innovatives Rotpunktzielger\u00e4t f\u00fcr Handfeuerwaffen, das speziell f\u00fcr die Bed\u00fcrfnisse von Strafverfolgungsbeh\u00f6rden und Milit\u00e4r entwickelt wurde. Das RMR HD basiert auf dem Trijicon RMR\u00ae Adjustable LED und verf\u00fcgt \u00fcber die gleiche patentierte Geh\u00e4useform aus geschmiedetem Aluminium, ein robustes elektronisches System und hochwertige Linsen. Hinzu kommen ein langlebiger Akku, eine Top-Ladestation, ein gr\u00f6\u00dferes Sichtfenster, ein innovativer, nach vorne gerichteter Lichtsensor, mehrere Visieroptionen und eine marktf\u00fchrende Beleuchtungsanpassung. Damit ist klar, dass die RMR HD f\u00fcr den Einsatz im Dienst konzipiert und entwickelt wurde.<\/p>\n<p>Ein innovativer, nach vorne gerichteter Lichtsensor misst im Automatikmodus die Helligkeit am Ziel und passt die Helligkeit des Gitters so an, dass sie in jedem Beleuchtungsszenario wirksam ist. Das neue Visier erm\u00f6glicht es Ihnen, zwischen einem umfassenden Visier oder einem einzelnen scharfen Punkt zu wechseln, wobei in beiden F\u00e4llen eine neue Superklar-Einstellung und eine zus\u00e4tzliche Nachtsicht-Einstellung verf\u00fcgbar sind. Mit der RMR HD kann der Bediener auch die automatische Beleuchtung sowie den Punkt-\/Kreiskontrast einstellen. Weitere Merkmale sind gr\u00f6\u00dfere, ber\u00fchrungsfreundlichere Tasten, neue Einstellungen mit besserem Audio- und taktilem Feedback und ein erweitertes Sichtfeld.<\/p>\n<p><strong>Das Trijicon RMR HD hat die gleichen Abmessungen wie das RMR<\/strong> und passt in die meisten vorhandenen Optikkoffer*. Es ist bereit f\u00fcr alle, die eine funktionsreiche Optik mit hoher Leistung und au\u00dfergew\u00f6hnlicher Zuverl\u00e4ssigkeit ben\u00f6tigen.<\/p>\n<h4><strong>Eigenschaften::<\/strong><\/h4>\n<ul>\n<li><strong>OBEN MONTIERTE BATTERIE<\/strong> &#8211; Der Batteriewechsel ist einfach und erfordert keine Demontage der Optik. Verwendet eine Standard CR2032-Batterie mit einer Lebensdauer von bis zu 3 Jahren.<\/li>\n<li><strong>VERBESSERTE H\u00d6HENVERSTELLUNG<\/strong> &#8211; Mehr taktile und h\u00f6rbare Klicks f\u00fcr eine werkzeuglose Nullstellung.<\/li>\n<li><strong>DAUERHAFTE KONSTRUKTION<\/strong> &#8211; Geh\u00e4use aus geschmiedetem 7075-T6 Aluminium; wasserdicht bis 20 m (66 Fu\u00df).<\/li>\n<li><strong>GROSSES SEHFELD<\/strong> &#8211; Finden Sie m\u00fchelos das Zielkreuz; keine Parallaxe.<\/li>\n<li><strong>ZUVERL\u00c4SSIGKEIT F\u00dcR JEDEN TAG<\/strong> &#8211; Die einzigartige Form lenkt die Kraft des Aufpralls ab und sch\u00fctzt das Glas vor St\u00fcrzen und St\u00f6\u00dfen.<\/li>\n<li><strong>VOLLST\u00c4NDIGE BENUTZERKONTROLLE DER LICHTEINSTELLUNGEN<\/strong> &#8211; Neun Helligkeitseinstellungen mit mehreren Modi f\u00fcr hervorragende Sichtbarkeit bei allen Lichtverh\u00e4ltnissen.<\/li>\n<li><strong>Klare Sicht auf das Ziel<\/strong> &#8211; Die fortschrittliche Linsentechnologie sorgt f\u00fcr ein scharfes Sichtfeld.<\/li>\n<li><strong>GLEICHER STOPP WIE RMR<\/strong> &#8211; Einfache Montage auf g\u00e4ngigen Rotpunkt-Pistolen mit der gleichen Basis wie das Trijicon RMR\u00ae.<\/li>\n<li><strong>VERBESSERTE BEDIENUNGSELEMENTE<\/strong> &#8211; Mehr taktile und akustische Bedienelemente sorgen f\u00fcr ein positives Feedback bei der Verwendung mit Arbeitshandschuhen.<\/li>\n<li><strong>PRESSURE LOCK MODE<\/strong> &#8211; Bietet eine automatische Helligkeitsanpassung, die ideal f\u00fcr den t\u00e4glichen Gebrauch ist<\/li>\n<li><strong>MANUELLER LICHTSPERRUNGSMODUS<\/strong> &#8211; Erm\u00f6glicht benutzerdefinierte Helligkeitseinstellungen auf unbestimmte Zeit<\/li>\n<li><strong>FRONT-MOUNTED LIGHT SENSOR<\/strong> &#8211; Erm\u00f6glicht den automatischen Helligkeitsmodus der RMR HD, um die Lichtverh\u00e4ltnisse am Zielort und nicht nur am Benutzer zu erfassen.<\/li>\n<li><strong>BRIGHTNESS RESPONSE SETUP<\/strong> &#8211; W\u00e4hlen Sie zwischen Normal Auto (Standard), High Auto und Low Auto<\/li>\n<\/ul>\n","protected":false},"excerpt":{"rendered":"<p><img loading=\"lazy\" decoding=\"async\" class=\"alignnone wp-image-8086 \" src=\"https:\/\/eshop.tca.sk\/wp-content\/uploads\/2023\/01\/trijicon-logo2.png\" alt=\"\" width=\"115\" height=\"45\" srcset=\"https:\/\/eshop.tca.sk\/wp-content\/uploads\/2023\/01\/trijicon-logo2.png 531w, https:\/\/eshop.tca.sk\/wp-content\/uploads\/2023\/01\/trijicon-logo2-300x118.png 300w\" sizes=\"auto, (max-width: 115px) 100vw, 115px\" \/><\/p>\n<p>Das <strong>Trijicon RMR\u00ae HD<\/strong> ist ein innovatives Rotpunktzielger\u00e4t f\u00fcr Handfeuerwaffen, das speziell f\u00fcr die Bed\u00fcrfnisse von Strafverfolgungsbeh\u00f6rden und Milit\u00e4r entwickelt wurde.<\/p>\n","protected":false},"featured_media":12878,"template":"","meta":{"inline_featured_image":false},"product_brand":[],"product_cat":[320,318],"product_tag":[411],"giftcard-category":[],"class_list":{"0":"post-12864","1":"product","2":"type-product","3":"status-publish","4":"has-post-thumbnail","6":"product_cat-optik","7":"product_cat-waffenzubehoer","8":"product_tag-trijicon-de","10":"first","11":"outofstock","12":"taxable","13":"shipping-taxable","14":"purchasable","15":"product-type-simple"},"yoast_head":"<!-- This site is optimized with the Yoast SEO plugin v26.4 - https:\/\/yoast.com\/wordpress\/plugins\/seo\/ -->\n<title>Kolimator Trijicon RMR HD Red Dot Sight 3.25\/55MOA - TCA eShop - Tactical Combat Academy<\/title>\n<meta name=\"description\" content=\"Das Trijicon RMR\u00ae HD ist ein innovatives Rotpunktzielger\u00e4t f\u00fcr Pistolen, das speziell f\u00fcr die Bed\u00fcrfnisse von Strafverfolgungsbeh\u00f6rden und Milit\u00e4r entwickelt wurde.\" \/>\n<meta name=\"robots\" content=\"index, follow, max-snippet:-1, max-image-preview:large, max-video-preview:-1\" \/>\n<link rel=\"canonical\" href=\"https:\/\/eshop.tca.sk\/de\/waffenzubehoer\/kollimator-trijicon-rmr-hd-red-dot-visier-3-25-55moa\/\" \/>\n<meta property=\"og:locale\" content=\"de_DE\" \/>\n<meta property=\"og:type\" content=\"article\" \/>\n<meta property=\"og:title\" content=\"Kolimator Trijicon RMR HD Red Dot Sight 3.25\/55MOA - TCA eShop - Tactical Combat Academy\" \/>\n<meta property=\"og:description\" content=\"Das Trijicon RMR\u00ae HD ist ein innovatives Rotpunktzielger\u00e4t f\u00fcr Pistolen, das speziell f\u00fcr die Bed\u00fcrfnisse von Strafverfolgungsbeh\u00f6rden und Milit\u00e4r entwickelt wurde.\" \/>\n<meta property=\"og:url\" content=\"https:\/\/eshop.tca.sk\/de\/waffenzubehoer\/kollimator-trijicon-rmr-hd-red-dot-visier-3-25-55moa\/\" \/>\n<meta property=\"og:site_name\" content=\"TCA eShop - Tactical Combat Academy\" \/>\n<meta property=\"article:modified_time\" content=\"2025-11-26T09:55:33+00:00\" \/>\n<meta property=\"og:image\" content=\"https:\/\/eshop.tca.sk\/wp-content\/uploads\/2024\/05\/Kolimator-Trijicon-RMR-HD-Red-Dot-Sight-3.25-55MOA_0006_Kolimator-Trijicon-RMR-HD-Red-Dot-Sight-3.2555MOA.jpg\" \/>\n\t<meta property=\"og:image:width\" content=\"1000\" \/>\n\t<meta property=\"og:image:height\" content=\"1000\" \/>\n\t<meta property=\"og:image:type\" content=\"image\/jpeg\" \/>\n<meta name=\"twitter:card\" content=\"summary_large_image\" \/>\n<script type=\"application\/ld+json\" class=\"yoast-schema-graph\">{\"@context\":\"https:\/\/schema.org\",\"@graph\":[{\"@type\":\"WebPage\",\"@id\":\"https:\/\/eshop.tca.sk\/de\/waffenzubehoer\/kollimator-trijicon-rmr-hd-red-dot-visier-3-25-55moa\/\",\"url\":\"https:\/\/eshop.tca.sk\/de\/waffenzubehoer\/kollimator-trijicon-rmr-hd-red-dot-visier-3-25-55moa\/\",\"name\":\"Kolimator Trijicon RMR HD Red Dot Sight 3.25\/55MOA - TCA eShop - Tactical Combat Academy\",\"isPartOf\":{\"@id\":\"https:\/\/eshop.tca.sk\/de\/#website\"},\"primaryImageOfPage\":{\"@id\":\"https:\/\/eshop.tca.sk\/de\/waffenzubehoer\/kollimator-trijicon-rmr-hd-red-dot-visier-3-25-55moa\/#primaryimage\"},\"image\":{\"@id\":\"https:\/\/eshop.tca.sk\/de\/waffenzubehoer\/kollimator-trijicon-rmr-hd-red-dot-visier-3-25-55moa\/#primaryimage\"},\"thumbnailUrl\":\"https:\/\/eshop.tca.sk\/wp-content\/uploads\/2024\/05\/Kolimator-Trijicon-RMR-HD-Red-Dot-Sight-3.25-55MOA_0006_Kolimator-Trijicon-RMR-HD-Red-Dot-Sight-3.2555MOA.jpg\",\"datePublished\":\"2024-05-28T16:35:08+00:00\",\"dateModified\":\"2025-11-26T09:55:33+00:00\",\"description\":\"Das Trijicon RMR\u00ae HD ist ein innovatives Rotpunktzielger\u00e4t f\u00fcr Pistolen, das speziell f\u00fcr die Bed\u00fcrfnisse von Strafverfolgungsbeh\u00f6rden und Milit\u00e4r entwickelt wurde.\",\"breadcrumb\":{\"@id\":\"https:\/\/eshop.tca.sk\/de\/waffenzubehoer\/kollimator-trijicon-rmr-hd-red-dot-visier-3-25-55moa\/#breadcrumb\"},\"inLanguage\":\"de\",\"potentialAction\":[{\"@type\":\"ReadAction\",\"target\":[\"https:\/\/eshop.tca.sk\/de\/waffenzubehoer\/kollimator-trijicon-rmr-hd-red-dot-visier-3-25-55moa\/\"]}]},{\"@type\":\"ImageObject\",\"inLanguage\":\"de\",\"@id\":\"https:\/\/eshop.tca.sk\/de\/waffenzubehoer\/kollimator-trijicon-rmr-hd-red-dot-visier-3-25-55moa\/#primaryimage\",\"url\":\"https:\/\/eshop.tca.sk\/wp-content\/uploads\/2024\/05\/Kolimator-Trijicon-RMR-HD-Red-Dot-Sight-3.25-55MOA_0006_Kolimator-Trijicon-RMR-HD-Red-Dot-Sight-3.2555MOA.jpg\",\"contentUrl\":\"https:\/\/eshop.tca.sk\/wp-content\/uploads\/2024\/05\/Kolimator-Trijicon-RMR-HD-Red-Dot-Sight-3.25-55MOA_0006_Kolimator-Trijicon-RMR-HD-Red-Dot-Sight-3.2555MOA.jpg\",\"width\":1000,\"height\":1000},{\"@type\":\"BreadcrumbList\",\"@id\":\"https:\/\/eshop.tca.sk\/de\/waffenzubehoer\/kollimator-trijicon-rmr-hd-red-dot-visier-3-25-55moa\/#breadcrumb\",\"itemListElement\":[{\"@type\":\"ListItem\",\"position\":1,\"name\":\"Domovsk\u00e1 str\u00e1nka\",\"item\":\"https:\/\/eshop.tca.sk\/de\/\"},{\"@type\":\"ListItem\",\"position\":2,\"name\":\"Shop\",\"item\":\"https:\/\/eshop.tca.sk\/de\/shop\/\"},{\"@type\":\"ListItem\",\"position\":3,\"name\":\"Kolimator Trijicon RMR HD Red Dot Sight 3.25\/55MOA\"}]},{\"@type\":\"WebSite\",\"@id\":\"https:\/\/eshop.tca.sk\/de\/#website\",\"url\":\"https:\/\/eshop.tca.sk\/de\/\",\"name\":\"TCA eShop - Tactical Combat Academy\",\"description\":\"Tactical Combat Academy\",\"publisher\":{\"@id\":\"https:\/\/eshop.tca.sk\/de\/#organization\"},\"potentialAction\":[{\"@type\":\"SearchAction\",\"target\":{\"@type\":\"EntryPoint\",\"urlTemplate\":\"https:\/\/eshop.tca.sk\/de\/?s={search_term_string}\"},\"query-input\":{\"@type\":\"PropertyValueSpecification\",\"valueRequired\":true,\"valueName\":\"search_term_string\"}}],\"inLanguage\":\"de\"},{\"@type\":\"Organization\",\"@id\":\"https:\/\/eshop.tca.sk\/de\/#organization\",\"name\":\"TCA eShop - Tactical Combat Academy\",\"url\":\"https:\/\/eshop.tca.sk\/de\/\",\"logo\":{\"@type\":\"ImageObject\",\"inLanguage\":\"de\",\"@id\":\"https:\/\/eshop.tca.sk\/de\/#\/schema\/logo\/image\/\",\"url\":\"https:\/\/eshop.tca.sk\/wp-content\/uploads\/2025\/06\/logo-new-header.png\",\"contentUrl\":\"https:\/\/eshop.tca.sk\/wp-content\/uploads\/2025\/06\/logo-new-header.png\",\"width\":300,\"height\":294,\"caption\":\"TCA eShop - Tactical Combat Academy\"},\"image\":{\"@id\":\"https:\/\/eshop.tca.sk\/de\/#\/schema\/logo\/image\/\"}}]}<\/script>\n<!-- \/ Yoast SEO plugin. -->","yoast_head_json":{"title":"Kolimator Trijicon RMR HD Red Dot Sight 3.25\/55MOA - TCA eShop - Tactical Combat Academy","description":"Das Trijicon RMR\u00ae HD ist ein innovatives Rotpunktzielger\u00e4t f\u00fcr Pistolen, das speziell f\u00fcr die Bed\u00fcrfnisse von Strafverfolgungsbeh\u00f6rden und Milit\u00e4r entwickelt wurde.","robots":{"index":"index","follow":"follow","max-snippet":"max-snippet:-1","max-image-preview":"max-image-preview:large","max-video-preview":"max-video-preview:-1"},"canonical":"https:\/\/eshop.tca.sk\/de\/waffenzubehoer\/kollimator-trijicon-rmr-hd-red-dot-visier-3-25-55moa\/","og_locale":"de_DE","og_type":"article","og_title":"Kolimator Trijicon RMR HD Red Dot Sight 3.25\/55MOA - TCA eShop - Tactical Combat Academy","og_description":"Das Trijicon RMR\u00ae HD ist ein innovatives Rotpunktzielger\u00e4t f\u00fcr Pistolen, das speziell f\u00fcr die Bed\u00fcrfnisse von Strafverfolgungsbeh\u00f6rden und Milit\u00e4r entwickelt wurde.","og_url":"https:\/\/eshop.tca.sk\/de\/waffenzubehoer\/kollimator-trijicon-rmr-hd-red-dot-visier-3-25-55moa\/","og_site_name":"TCA eShop - Tactical Combat Academy","article_modified_time":"2025-11-26T09:55:33+00:00","og_image":[{"width":1000,"height":1000,"url":"https:\/\/eshop.tca.sk\/wp-content\/uploads\/2024\/05\/Kolimator-Trijicon-RMR-HD-Red-Dot-Sight-3.25-55MOA_0006_Kolimator-Trijicon-RMR-HD-Red-Dot-Sight-3.2555MOA.jpg","type":"image\/jpeg"}],"twitter_card":"summary_large_image","schema":{"@context":"https:\/\/schema.org","@graph":[{"@type":"WebPage","@id":"https:\/\/eshop.tca.sk\/de\/waffenzubehoer\/kollimator-trijicon-rmr-hd-red-dot-visier-3-25-55moa\/","url":"https:\/\/eshop.tca.sk\/de\/waffenzubehoer\/kollimator-trijicon-rmr-hd-red-dot-visier-3-25-55moa\/","name":"Kolimator Trijicon RMR HD Red Dot Sight 3.25\/55MOA - TCA eShop - Tactical Combat Academy","isPartOf":{"@id":"https:\/\/eshop.tca.sk\/de\/#website"},"primaryImageOfPage":{"@id":"https:\/\/eshop.tca.sk\/de\/waffenzubehoer\/kollimator-trijicon-rmr-hd-red-dot-visier-3-25-55moa\/#primaryimage"},"image":{"@id":"https:\/\/eshop.tca.sk\/de\/waffenzubehoer\/kollimator-trijicon-rmr-hd-red-dot-visier-3-25-55moa\/#primaryimage"},"thumbnailUrl":"https:\/\/eshop.tca.sk\/wp-content\/uploads\/2024\/05\/Kolimator-Trijicon-RMR-HD-Red-Dot-Sight-3.25-55MOA_0006_Kolimator-Trijicon-RMR-HD-Red-Dot-Sight-3.2555MOA.jpg","datePublished":"2024-05-28T16:35:08+00:00","dateModified":"2025-11-26T09:55:33+00:00","description":"Das Trijicon RMR\u00ae HD ist ein innovatives Rotpunktzielger\u00e4t f\u00fcr Pistolen, das speziell f\u00fcr die Bed\u00fcrfnisse von Strafverfolgungsbeh\u00f6rden und Milit\u00e4r entwickelt wurde.","breadcrumb":{"@id":"https:\/\/eshop.tca.sk\/de\/waffenzubehoer\/kollimator-trijicon-rmr-hd-red-dot-visier-3-25-55moa\/#breadcrumb"},"inLanguage":"de","potentialAction":[{"@type":"ReadAction","target":["https:\/\/eshop.tca.sk\/de\/waffenzubehoer\/kollimator-trijicon-rmr-hd-red-dot-visier-3-25-55moa\/"]}]},{"@type":"ImageObject","inLanguage":"de","@id":"https:\/\/eshop.tca.sk\/de\/waffenzubehoer\/kollimator-trijicon-rmr-hd-red-dot-visier-3-25-55moa\/#primaryimage","url":"https:\/\/eshop.tca.sk\/wp-content\/uploads\/2024\/05\/Kolimator-Trijicon-RMR-HD-Red-Dot-Sight-3.25-55MOA_0006_Kolimator-Trijicon-RMR-HD-Red-Dot-Sight-3.2555MOA.jpg","contentUrl":"https:\/\/eshop.tca.sk\/wp-content\/uploads\/2024\/05\/Kolimator-Trijicon-RMR-HD-Red-Dot-Sight-3.25-55MOA_0006_Kolimator-Trijicon-RMR-HD-Red-Dot-Sight-3.2555MOA.jpg","width":1000,"height":1000},{"@type":"BreadcrumbList","@id":"https:\/\/eshop.tca.sk\/de\/waffenzubehoer\/kollimator-trijicon-rmr-hd-red-dot-visier-3-25-55moa\/#breadcrumb","itemListElement":[{"@type":"ListItem","position":1,"name":"Domovsk\u00e1 str\u00e1nka","item":"https:\/\/eshop.tca.sk\/de\/"},{"@type":"ListItem","position":2,"name":"Shop","item":"https:\/\/eshop.tca.sk\/de\/shop\/"},{"@type":"ListItem","position":3,"name":"Kolimator Trijicon RMR HD Red Dot Sight 3.25\/55MOA"}]},{"@type":"WebSite","@id":"https:\/\/eshop.tca.sk\/de\/#website","url":"https:\/\/eshop.tca.sk\/de\/","name":"TCA eShop - Tactical Combat Academy","description":"Tactical Combat Academy","publisher":{"@id":"https:\/\/eshop.tca.sk\/de\/#organization"},"potentialAction":[{"@type":"SearchAction","target":{"@type":"EntryPoint","urlTemplate":"https:\/\/eshop.tca.sk\/de\/?s={search_term_string}"},"query-input":{"@type":"PropertyValueSpecification","valueRequired":true,"valueName":"search_term_string"}}],"inLanguage":"de"},{"@type":"Organization","@id":"https:\/\/eshop.tca.sk\/de\/#organization","name":"TCA eShop - Tactical Combat Academy","url":"https:\/\/eshop.tca.sk\/de\/","logo":{"@type":"ImageObject","inLanguage":"de","@id":"https:\/\/eshop.tca.sk\/de\/#\/schema\/logo\/image\/","url":"https:\/\/eshop.tca.sk\/wp-content\/uploads\/2025\/06\/logo-new-header.png","contentUrl":"https:\/\/eshop.tca.sk\/wp-content\/uploads\/2025\/06\/logo-new-header.png","width":300,"height":294,"caption":"TCA eShop - Tactical Combat Academy"},"image":{"@id":"https:\/\/eshop.tca.sk\/de\/#\/schema\/logo\/image\/"}}]}},"_links":{"self":[{"href":"https:\/\/eshop.tca.sk\/de\/wp-json\/wp\/v2\/product\/12864","targetHints":{"allow":["GET"]}}],"collection":[{"href":"https:\/\/eshop.tca.sk\/de\/wp-json\/wp\/v2\/product"}],"about":[{"href":"https:\/\/eshop.tca.sk\/de\/wp-json\/wp\/v2\/types\/product"}],"wp:featuredmedia":[{"embeddable":true,"href":"https:\/\/eshop.tca.sk\/de\/wp-json\/wp\/v2\/media\/12878"}],"wp:attachment":[{"href":"https:\/\/eshop.tca.sk\/de\/wp-json\/wp\/v2\/media?parent=12864"}],"wp:term":[{"taxonomy":"product_brand","embeddable":true,"href":"https:\/\/eshop.tca.sk\/de\/wp-json\/wp\/v2\/product_brand?post=12864"},{"taxonomy":"product_cat","embeddable":true,"href":"https:\/\/eshop.tca.sk\/de\/wp-json\/wp\/v2\/product_cat?post=12864"},{"taxonomy":"product_tag","embeddable":true,"href":"https:\/\/eshop.tca.sk\/de\/wp-json\/wp\/v2\/product_tag?post=12864"},{"taxonomy":"giftcard-category","embeddable":true,"href":"https:\/\/eshop.tca.sk\/de\/wp-json\/wp\/v2\/giftcard-category?post=12864"}],"curies":[{"name":"wp","href":"https:\/\/api.w.org\/{rel}","templated":true}]}}