{"id":13040,"date":"2024-06-14T09:29:00","date_gmt":"2024-06-14T07:29:00","guid":{"rendered":"https:\/\/eshop.tca.sk\/?post_type=product&#038;p=13040"},"modified":"2025-11-26T10:54:36","modified_gmt":"2025-11-26T09:54:36","slug":"montage-aimpoint-flipmount-30-mm","status":"publish","type":"product","link":"https:\/\/eshop.tca.sk\/de\/waffenzubehoer\/montage-aimpoint-flipmount-30-mm\/","title":{"rendered":"Montage Aimpoint FlipMount 30 mm"},"content":{"rendered":"<h3 class=\"mt-4 mb-8 text-4xl font-bold tracking-normal\"><strong>Montage Aimpoint FlipMount 30 mm<\/strong><\/h3>\n<p>CNC-gefr\u00e4ste Aluminium-Kippmontage von <strong>Aimpoint<\/strong>. Die Halterung passt auf Standard-Picatinny-Schienen und erm\u00f6glicht die Befestigung aller von Aimpoint hergestellten Schienen. Das leichte Design h\u00e4lt das Gewicht niedrig, ohne die Leistung zu beeintr\u00e4chtigen.<\/p>\n<div dir=\"ltr\" data-placeholder=\"Preklad\">\n<ul>\n<li>FlipMount\u2122 f\u00fcr Aimpoint\u00ae 3X Optiken<\/li>\n<li>Optische H\u00f6he 30 mm<\/li>\n<li>Separater oberer Ring, \u00d8 30 mm, f\u00fcr die Verwendung mit TwistMount-Basis<\/li>\n<\/ul>\n<\/div>\n","protected":false},"excerpt":{"rendered":"<p><img loading=\"lazy\" decoding=\"async\" class=\"alignnone wp-image-9352\" src=\"https:\/\/eshop.tca.sk\/wp-content\/uploads\/2023\/04\/Aimpoint_logo.svg.png\" alt=\"\" width=\"154\" height=\"33\" srcset=\"https:\/\/eshop.tca.sk\/wp-content\/uploads\/2023\/04\/Aimpoint_logo.svg.png 1200w, https:\/\/eshop.tca.sk\/wp-content\/uploads\/2023\/04\/Aimpoint_logo.svg-300x64.png 300w, https:\/\/eshop.tca.sk\/wp-content\/uploads\/2023\/04\/Aimpoint_logo.svg-768x164.png 768w, https:\/\/eshop.tca.sk\/wp-content\/uploads\/2023\/04\/Aimpoint_logo.svg-600x128.png 600w\" sizes=\"auto, (max-width: 154px) 100vw, 154px\" \/><\/p>\n<p>CNC-gefr\u00e4ste Aluminium-Kippmontage von <strong>Aimpoint<\/strong>. Die Halterung passt auf Standard-Picatinny-Schienen und erm\u00f6glicht die Befestigung aller von Aimpoint hergestellten Schienen. Das leichte Design h\u00e4lt das Gewicht niedrig, ohne die Leistung zu beeintr\u00e4chtigen.<\/p>\n<p><img loading=\"lazy\" decoding=\"async\" class=\"wp-image-8564 alignnone\" src=\"https:\/\/eshop.tca.sk\/wp-content\/uploads\/2023\/04\/Logo-Whack-Black-White-R-APPROVED.png\" alt=\"\" width=\"138\" height=\"75\" srcset=\"https:\/\/eshop.tca.sk\/wp-content\/uploads\/2023\/04\/Logo-Whack-Black-White-R-APPROVED.png 571w, https:\/\/eshop.tca.sk\/wp-content\/uploads\/2023\/04\/Logo-Whack-Black-White-R-APPROVED-300x163.png 300w\" sizes=\"auto, (max-width: 138px) 100vw, 138px\" \/><\/p>\n<p>Vom <a href=\"https:\/\/www.tca.sk\/\"><strong>TCA<\/strong><\/a> und dem <strong><a href=\"https:\/\/www.tca.sk\/profil\/ako-zacat-s-kurzami\">WHACK-System<\/a><\/strong> verwendete und empfohlene Equipment.<\/p>\n","protected":false},"featured_media":13046,"template":"","meta":{"inline_featured_image":false},"product_brand":[],"product_cat":[463,318],"product_tag":[376],"giftcard-category":[],"class_list":{"0":"post-13040","1":"product","2":"type-product","3":"status-publish","4":"has-post-thumbnail","6":"product_cat-montage","7":"product_cat-waffenzubehoer","8":"product_tag-aimpoint-de","10":"first","11":"instock","12":"taxable","13":"shipping-taxable","14":"purchasable","15":"product-type-simple"},"yoast_head":"<!-- This site is optimized with the Yoast SEO plugin v26.4 - https:\/\/yoast.com\/wordpress\/plugins\/seo\/ -->\n<title>Montage Aimpoint FlipMount 30 mm - TCA eShop - Tactical Combat Academy<\/title>\n<meta name=\"description\" content=\"CNC-gefr\u00e4ste Flip-Halterung aus Aluminium, hergestellt von Aimpoint. Die Montage passt auf Standard Picatinny-Schienen und erm\u00f6glicht die Befestigung aller von Aimpoint hergestellten Schienen.\" \/>\n<meta name=\"robots\" content=\"index, follow, max-snippet:-1, max-image-preview:large, max-video-preview:-1\" \/>\n<link rel=\"canonical\" href=\"https:\/\/eshop.tca.sk\/de\/waffenzubehoer\/montage-aimpoint-flipmount-30-mm\/\" \/>\n<meta property=\"og:locale\" content=\"de_DE\" \/>\n<meta property=\"og:type\" content=\"article\" \/>\n<meta property=\"og:title\" content=\"Montage Aimpoint FlipMount 30 mm - TCA eShop - Tactical Combat Academy\" \/>\n<meta property=\"og:description\" content=\"CNC-gefr\u00e4ste Flip-Halterung aus Aluminium, hergestellt von Aimpoint. Die Montage passt auf Standard Picatinny-Schienen und erm\u00f6glicht die Befestigung aller von Aimpoint hergestellten Schienen.\" \/>\n<meta property=\"og:url\" content=\"https:\/\/eshop.tca.sk\/de\/waffenzubehoer\/montage-aimpoint-flipmount-30-mm\/\" \/>\n<meta property=\"og:site_name\" content=\"TCA eShop - Tactical Combat Academy\" \/>\n<meta property=\"article:modified_time\" content=\"2025-11-26T09:54:36+00:00\" \/>\n<meta property=\"og:image\" content=\"https:\/\/eshop.tca.sk\/wp-content\/uploads\/2024\/06\/Montaz-Aimpoint-FlipMount-30-mm-1.jpg\" \/>\n\t<meta property=\"og:image:width\" content=\"800\" \/>\n\t<meta property=\"og:image:height\" content=\"800\" \/>\n\t<meta property=\"og:image:type\" content=\"image\/jpeg\" \/>\n<meta name=\"twitter:card\" content=\"summary_large_image\" \/>\n<script type=\"application\/ld+json\" class=\"yoast-schema-graph\">{\"@context\":\"https:\/\/schema.org\",\"@graph\":[{\"@type\":\"WebPage\",\"@id\":\"https:\/\/eshop.tca.sk\/de\/waffenzubehoer\/montage-aimpoint-flipmount-30-mm\/\",\"url\":\"https:\/\/eshop.tca.sk\/de\/waffenzubehoer\/montage-aimpoint-flipmount-30-mm\/\",\"name\":\"Montage Aimpoint FlipMount 30 mm - TCA eShop - Tactical Combat Academy\",\"isPartOf\":{\"@id\":\"https:\/\/eshop.tca.sk\/de\/#website\"},\"primaryImageOfPage\":{\"@id\":\"https:\/\/eshop.tca.sk\/de\/waffenzubehoer\/montage-aimpoint-flipmount-30-mm\/#primaryimage\"},\"image\":{\"@id\":\"https:\/\/eshop.tca.sk\/de\/waffenzubehoer\/montage-aimpoint-flipmount-30-mm\/#primaryimage\"},\"thumbnailUrl\":\"https:\/\/eshop.tca.sk\/wp-content\/uploads\/2024\/06\/Montaz-Aimpoint-FlipMount-30-mm-1.jpg\",\"datePublished\":\"2024-06-14T07:29:00+00:00\",\"dateModified\":\"2025-11-26T09:54:36+00:00\",\"description\":\"CNC-gefr\u00e4ste Flip-Halterung aus Aluminium, hergestellt von Aimpoint. Die Montage passt auf Standard Picatinny-Schienen und erm\u00f6glicht die Befestigung aller von Aimpoint hergestellten Schienen.\",\"breadcrumb\":{\"@id\":\"https:\/\/eshop.tca.sk\/de\/waffenzubehoer\/montage-aimpoint-flipmount-30-mm\/#breadcrumb\"},\"inLanguage\":\"de\",\"potentialAction\":[{\"@type\":\"ReadAction\",\"target\":[\"https:\/\/eshop.tca.sk\/de\/waffenzubehoer\/montage-aimpoint-flipmount-30-mm\/\"]}]},{\"@type\":\"ImageObject\",\"inLanguage\":\"de\",\"@id\":\"https:\/\/eshop.tca.sk\/de\/waffenzubehoer\/montage-aimpoint-flipmount-30-mm\/#primaryimage\",\"url\":\"https:\/\/eshop.tca.sk\/wp-content\/uploads\/2024\/06\/Montaz-Aimpoint-FlipMount-30-mm-1.jpg\",\"contentUrl\":\"https:\/\/eshop.tca.sk\/wp-content\/uploads\/2024\/06\/Montaz-Aimpoint-FlipMount-30-mm-1.jpg\",\"width\":800,\"height\":800},{\"@type\":\"BreadcrumbList\",\"@id\":\"https:\/\/eshop.tca.sk\/de\/waffenzubehoer\/montage-aimpoint-flipmount-30-mm\/#breadcrumb\",\"itemListElement\":[{\"@type\":\"ListItem\",\"position\":1,\"name\":\"Domovsk\u00e1 str\u00e1nka\",\"item\":\"https:\/\/eshop.tca.sk\/de\/\"},{\"@type\":\"ListItem\",\"position\":2,\"name\":\"Shop\",\"item\":\"https:\/\/eshop.tca.sk\/de\/shop\/\"},{\"@type\":\"ListItem\",\"position\":3,\"name\":\"Montage Aimpoint FlipMount 30 mm\"}]},{\"@type\":\"WebSite\",\"@id\":\"https:\/\/eshop.tca.sk\/de\/#website\",\"url\":\"https:\/\/eshop.tca.sk\/de\/\",\"name\":\"TCA eShop - Tactical Combat Academy\",\"description\":\"Tactical Combat Academy\",\"publisher\":{\"@id\":\"https:\/\/eshop.tca.sk\/de\/#organization\"},\"potentialAction\":[{\"@type\":\"SearchAction\",\"target\":{\"@type\":\"EntryPoint\",\"urlTemplate\":\"https:\/\/eshop.tca.sk\/de\/?s={search_term_string}\"},\"query-input\":{\"@type\":\"PropertyValueSpecification\",\"valueRequired\":true,\"valueName\":\"search_term_string\"}}],\"inLanguage\":\"de\"},{\"@type\":\"Organization\",\"@id\":\"https:\/\/eshop.tca.sk\/de\/#organization\",\"name\":\"TCA eShop - Tactical Combat Academy\",\"url\":\"https:\/\/eshop.tca.sk\/de\/\",\"logo\":{\"@type\":\"ImageObject\",\"inLanguage\":\"de\",\"@id\":\"https:\/\/eshop.tca.sk\/de\/#\/schema\/logo\/image\/\",\"url\":\"https:\/\/eshop.tca.sk\/wp-content\/uploads\/2025\/06\/logo-new-header.png\",\"contentUrl\":\"https:\/\/eshop.tca.sk\/wp-content\/uploads\/2025\/06\/logo-new-header.png\",\"width\":300,\"height\":294,\"caption\":\"TCA eShop - Tactical Combat Academy\"},\"image\":{\"@id\":\"https:\/\/eshop.tca.sk\/de\/#\/schema\/logo\/image\/\"}}]}<\/script>\n<!-- \/ Yoast SEO plugin. -->","yoast_head_json":{"title":"Montage Aimpoint FlipMount 30 mm - TCA eShop - Tactical Combat Academy","description":"CNC-gefr\u00e4ste Flip-Halterung aus Aluminium, hergestellt von Aimpoint. Die Montage passt auf Standard Picatinny-Schienen und erm\u00f6glicht die Befestigung aller von Aimpoint hergestellten Schienen.","robots":{"index":"index","follow":"follow","max-snippet":"max-snippet:-1","max-image-preview":"max-image-preview:large","max-video-preview":"max-video-preview:-1"},"canonical":"https:\/\/eshop.tca.sk\/de\/waffenzubehoer\/montage-aimpoint-flipmount-30-mm\/","og_locale":"de_DE","og_type":"article","og_title":"Montage Aimpoint FlipMount 30 mm - TCA eShop - Tactical Combat Academy","og_description":"CNC-gefr\u00e4ste Flip-Halterung aus Aluminium, hergestellt von Aimpoint. Die Montage passt auf Standard Picatinny-Schienen und erm\u00f6glicht die Befestigung aller von Aimpoint hergestellten Schienen.","og_url":"https:\/\/eshop.tca.sk\/de\/waffenzubehoer\/montage-aimpoint-flipmount-30-mm\/","og_site_name":"TCA eShop - Tactical Combat Academy","article_modified_time":"2025-11-26T09:54:36+00:00","og_image":[{"width":800,"height":800,"url":"https:\/\/eshop.tca.sk\/wp-content\/uploads\/2024\/06\/Montaz-Aimpoint-FlipMount-30-mm-1.jpg","type":"image\/jpeg"}],"twitter_card":"summary_large_image","schema":{"@context":"https:\/\/schema.org","@graph":[{"@type":"WebPage","@id":"https:\/\/eshop.tca.sk\/de\/waffenzubehoer\/montage-aimpoint-flipmount-30-mm\/","url":"https:\/\/eshop.tca.sk\/de\/waffenzubehoer\/montage-aimpoint-flipmount-30-mm\/","name":"Montage Aimpoint FlipMount 30 mm - TCA eShop - Tactical Combat Academy","isPartOf":{"@id":"https:\/\/eshop.tca.sk\/de\/#website"},"primaryImageOfPage":{"@id":"https:\/\/eshop.tca.sk\/de\/waffenzubehoer\/montage-aimpoint-flipmount-30-mm\/#primaryimage"},"image":{"@id":"https:\/\/eshop.tca.sk\/de\/waffenzubehoer\/montage-aimpoint-flipmount-30-mm\/#primaryimage"},"thumbnailUrl":"https:\/\/eshop.tca.sk\/wp-content\/uploads\/2024\/06\/Montaz-Aimpoint-FlipMount-30-mm-1.jpg","datePublished":"2024-06-14T07:29:00+00:00","dateModified":"2025-11-26T09:54:36+00:00","description":"CNC-gefr\u00e4ste Flip-Halterung aus Aluminium, hergestellt von Aimpoint. Die Montage passt auf Standard Picatinny-Schienen und erm\u00f6glicht die Befestigung aller von Aimpoint hergestellten Schienen.","breadcrumb":{"@id":"https:\/\/eshop.tca.sk\/de\/waffenzubehoer\/montage-aimpoint-flipmount-30-mm\/#breadcrumb"},"inLanguage":"de","potentialAction":[{"@type":"ReadAction","target":["https:\/\/eshop.tca.sk\/de\/waffenzubehoer\/montage-aimpoint-flipmount-30-mm\/"]}]},{"@type":"ImageObject","inLanguage":"de","@id":"https:\/\/eshop.tca.sk\/de\/waffenzubehoer\/montage-aimpoint-flipmount-30-mm\/#primaryimage","url":"https:\/\/eshop.tca.sk\/wp-content\/uploads\/2024\/06\/Montaz-Aimpoint-FlipMount-30-mm-1.jpg","contentUrl":"https:\/\/eshop.tca.sk\/wp-content\/uploads\/2024\/06\/Montaz-Aimpoint-FlipMount-30-mm-1.jpg","width":800,"height":800},{"@type":"BreadcrumbList","@id":"https:\/\/eshop.tca.sk\/de\/waffenzubehoer\/montage-aimpoint-flipmount-30-mm\/#breadcrumb","itemListElement":[{"@type":"ListItem","position":1,"name":"Domovsk\u00e1 str\u00e1nka","item":"https:\/\/eshop.tca.sk\/de\/"},{"@type":"ListItem","position":2,"name":"Shop","item":"https:\/\/eshop.tca.sk\/de\/shop\/"},{"@type":"ListItem","position":3,"name":"Montage Aimpoint FlipMount 30 mm"}]},{"@type":"WebSite","@id":"https:\/\/eshop.tca.sk\/de\/#website","url":"https:\/\/eshop.tca.sk\/de\/","name":"TCA eShop - Tactical Combat Academy","description":"Tactical Combat Academy","publisher":{"@id":"https:\/\/eshop.tca.sk\/de\/#organization"},"potentialAction":[{"@type":"SearchAction","target":{"@type":"EntryPoint","urlTemplate":"https:\/\/eshop.tca.sk\/de\/?s={search_term_string}"},"query-input":{"@type":"PropertyValueSpecification","valueRequired":true,"valueName":"search_term_string"}}],"inLanguage":"de"},{"@type":"Organization","@id":"https:\/\/eshop.tca.sk\/de\/#organization","name":"TCA eShop - Tactical Combat Academy","url":"https:\/\/eshop.tca.sk\/de\/","logo":{"@type":"ImageObject","inLanguage":"de","@id":"https:\/\/eshop.tca.sk\/de\/#\/schema\/logo\/image\/","url":"https:\/\/eshop.tca.sk\/wp-content\/uploads\/2025\/06\/logo-new-header.png","contentUrl":"https:\/\/eshop.tca.sk\/wp-content\/uploads\/2025\/06\/logo-new-header.png","width":300,"height":294,"caption":"TCA eShop - Tactical Combat Academy"},"image":{"@id":"https:\/\/eshop.tca.sk\/de\/#\/schema\/logo\/image\/"}}]}},"_links":{"self":[{"href":"https:\/\/eshop.tca.sk\/de\/wp-json\/wp\/v2\/product\/13040","targetHints":{"allow":["GET"]}}],"collection":[{"href":"https:\/\/eshop.tca.sk\/de\/wp-json\/wp\/v2\/product"}],"about":[{"href":"https:\/\/eshop.tca.sk\/de\/wp-json\/wp\/v2\/types\/product"}],"wp:featuredmedia":[{"embeddable":true,"href":"https:\/\/eshop.tca.sk\/de\/wp-json\/wp\/v2\/media\/13046"}],"wp:attachment":[{"href":"https:\/\/eshop.tca.sk\/de\/wp-json\/wp\/v2\/media?parent=13040"}],"wp:term":[{"taxonomy":"product_brand","embeddable":true,"href":"https:\/\/eshop.tca.sk\/de\/wp-json\/wp\/v2\/product_brand?post=13040"},{"taxonomy":"product_cat","embeddable":true,"href":"https:\/\/eshop.tca.sk\/de\/wp-json\/wp\/v2\/product_cat?post=13040"},{"taxonomy":"product_tag","embeddable":true,"href":"https:\/\/eshop.tca.sk\/de\/wp-json\/wp\/v2\/product_tag?post=13040"},{"taxonomy":"giftcard-category","embeddable":true,"href":"https:\/\/eshop.tca.sk\/de\/wp-json\/wp\/v2\/giftcard-category?post=13040"}],"curies":[{"name":"wp","href":"https:\/\/api.w.org\/{rel}","templated":true}]}}