{"id":13050,"date":"2024-06-14T09:46:27","date_gmt":"2024-06-14T07:46:27","guid":{"rendered":"https:\/\/eshop.tca.sk\/?post_type=product&#038;p=13050"},"modified":"2025-11-23T17:49:39","modified_gmt":"2025-11-23T16:49:39","slug":"frog-dot-pro-elastic-open-top-pullers-kit","status":"publish","type":"product","link":"https:\/\/eshop.tca.sk\/de\/ausruestung\/frog-dot-pro-elastic-open-top-pullers-kit\/","title":{"rendered":"FROG.PRO Elastic Open Top Pullers Kit"},"content":{"rendered":"<h3><strong>FROG.PRO Elastic Open Top Pullers Kit<\/strong><\/h3>\n<p>Das <strong>Elastic Open Top Pullers Kit<\/strong> erg\u00e4nzt die SMG Mag Velcro Insert, 5.56 Mag Velcro Insert und 5.56 Mag Velcro Insert Triple um ein oberes R\u00fcckhaltesystem, wenn das Missionsprofil dies erfordert, wie z.B. bei Eins\u00e4tzen aus der Luft und Operationen mit Hochgeschwindigkeitsfahrzeugen.<\/p>\n<p>Das Set kann auch als Ersatzteil f\u00fcr die Pistolen-SMG-1-EOT, Multi-1-EOT und HK417-1-EOT Holster oder den modularen Aufkl\u00e4rungsbrustg\u00fcrtel verwendet werden.<\/p>\n<p>Das Kit besteht aus:<\/p>\n<p>&#8211; n.3 ITW Nexus\u00ae GTSP Cordloc<br \/>\n&#8211; n.3 St\u00fcck 1\/8&#8243; Schlagschnur<br \/>\n&#8211; n.3 Abzieher<\/p>\n<p>Die Liebe zum Detail, kombiniert mit individuellem Design, bietet ein einzigartiges Produkt, das unser Engagement f\u00fcr &#8220;State of the Art&#8221;-Milit\u00e4rtechnik widerspiegelt.<\/p>\n<p><iframe loading=\"lazy\" title=\"FROG PRO\u00ae | Tailored gear, human made.\" width=\"1170\" height=\"658\" src=\"https:\/\/www.youtube.com\/embed\/7d5tz3DPVU4?feature=oembed&#038;enablejsapi=1&#038;origin=https:\/\/eshop.tca.sk\" frameborder=\"0\" allow=\"accelerometer; autoplay; clipboard-write; encrypted-media; gyroscope; picture-in-picture; web-share\" referrerpolicy=\"strict-origin-when-cross-origin\" allowfullscreen><\/iframe><\/p>\n<p>&nbsp;<\/p>\n","protected":false},"excerpt":{"rendered":"<p><img loading=\"lazy\" decoding=\"async\" class=\"alignnone wp-image-10791\" src=\"https:\/\/eshop.tca.sk\/wp-content\/uploads\/2024\/04\/FROG.png\" alt=\"\" width=\"144\" height=\"66\" srcset=\"https:\/\/eshop.tca.sk\/wp-content\/uploads\/2024\/04\/FROG.png 291w, https:\/\/eshop.tca.sk\/wp-content\/uploads\/2024\/04\/FROG-24x11.png 24w, https:\/\/eshop.tca.sk\/wp-content\/uploads\/2024\/04\/FROG-36x16.png 36w, https:\/\/eshop.tca.sk\/wp-content\/uploads\/2024\/04\/FROG-48x22.png 48w\" sizes=\"auto, (max-width: 144px) 100vw, 144px\" \/><\/p>\n<p>Das <strong>Elastic Open Top Pullers Kit<\/strong> erg\u00e4nzt die SMG Mag Velcro Insert, 5.56 Mag Velcro Insert und 5.56 Mag Velcro Insert Triple um ein oberes R\u00fcckhaltesystem, wenn das Missionsprofil dies erfordert, wie z.B. bei Eins\u00e4tzen aus der Luft und Operationen mit Hochgeschwindigkeitsfahrzeugen.<\/p>\n<p><img loading=\"lazy\" decoding=\"async\" class=\"wp-image-8564 alignnone\" src=\"https:\/\/eshop.tca.sk\/wp-content\/uploads\/2023\/04\/Logo-Whack-Black-White-R-APPROVED.png\" alt=\"\" width=\"138\" height=\"75\" srcset=\"https:\/\/eshop.tca.sk\/wp-content\/uploads\/2023\/04\/Logo-Whack-Black-White-R-APPROVED.png 571w, https:\/\/eshop.tca.sk\/wp-content\/uploads\/2023\/04\/Logo-Whack-Black-White-R-APPROVED-300x163.png 300w\" sizes=\"auto, (max-width: 138px) 100vw, 138px\" \/><\/p>\n<p>Vom <a href=\"https:\/\/www.tca.sk\/\"><strong>TCA<\/strong><\/a> und dem <strong><a href=\"https:\/\/www.tca.sk\/profil\/ako-zacat-s-kurzami\">WHACK-System<\/a><\/strong> verwendete und empfohlene Equipment.<\/p>\n","protected":false},"featured_media":13062,"template":"","meta":{"inline_featured_image":false},"product_brand":[],"product_cat":[323,584],"product_tag":[565],"giftcard-category":[],"class_list":{"0":"post-13050","1":"product","2":"type-product","3":"status-publish","4":"has-post-thumbnail","6":"product_cat-ausruestung","7":"product_cat-magazintaschen","8":"product_tag-frog-pro-de","10":"first","11":"instock","12":"taxable","13":"shipping-taxable","14":"purchasable","15":"product-type-variable"},"yoast_head":"<!-- This site is optimized with the Yoast SEO plugin v26.4 - https:\/\/yoast.com\/wordpress\/plugins\/seo\/ -->\n<title>FROG.PRO Elastic Open Top Pullers Kit - TCA eShop - Tactical Combat Academy<\/title>\n<meta name=\"description\" content=\"Das Elastic Open Top Pullers Kit erg\u00e4nzt die SMG Mag Velcro Insert, 5.56 Mag Velcro Insert und 5.56 Mag Velcro Insert Triple um ein oberes R\u00fcckhaltesystem, wenn das Missionsprofil dies erfordert, wie z.B. bei Eins\u00e4tzen aus der Luft und Operationen mit Hochgeschwindigkeitsfahrzeugen.\" \/>\n<meta name=\"robots\" content=\"index, follow, max-snippet:-1, max-image-preview:large, max-video-preview:-1\" \/>\n<link rel=\"canonical\" href=\"https:\/\/eshop.tca.sk\/de\/ausruestung\/frog-dot-pro-elastic-open-top-pullers-kit\/\" \/>\n<meta property=\"og:locale\" content=\"de_DE\" \/>\n<meta property=\"og:type\" content=\"article\" \/>\n<meta property=\"og:title\" content=\"FROG.PRO Elastic Open Top Pullers Kit - TCA eShop - Tactical Combat Academy\" \/>\n<meta property=\"og:description\" content=\"Das Elastic Open Top Pullers Kit erg\u00e4nzt die SMG Mag Velcro Insert, 5.56 Mag Velcro Insert und 5.56 Mag Velcro Insert Triple um ein oberes R\u00fcckhaltesystem, wenn das Missionsprofil dies erfordert, wie z.B. bei Eins\u00e4tzen aus der Luft und Operationen mit Hochgeschwindigkeitsfahrzeugen.\" \/>\n<meta property=\"og:url\" content=\"https:\/\/eshop.tca.sk\/de\/ausruestung\/frog-dot-pro-elastic-open-top-pullers-kit\/\" \/>\n<meta property=\"og:site_name\" content=\"TCA eShop - Tactical Combat Academy\" \/>\n<meta property=\"article:modified_time\" content=\"2025-11-23T16:49:39+00:00\" \/>\n<meta property=\"og:image\" content=\"https:\/\/eshop.tca.sk\/wp-content\/uploads\/2024\/06\/FROG.PRO-Elastic-Open-Top-Pullers-Kit_0002_FROG.PRO-Elastic-Open-Top-Pullers-Kit-2.jpg\" \/>\n\t<meta property=\"og:image:width\" content=\"1000\" \/>\n\t<meta property=\"og:image:height\" content=\"1000\" \/>\n\t<meta property=\"og:image:type\" content=\"image\/jpeg\" \/>\n<meta name=\"twitter:card\" content=\"summary_large_image\" \/>\n<script type=\"application\/ld+json\" class=\"yoast-schema-graph\">{\"@context\":\"https:\/\/schema.org\",\"@graph\":[{\"@type\":\"WebPage\",\"@id\":\"https:\/\/eshop.tca.sk\/de\/ausruestung\/frog-dot-pro-elastic-open-top-pullers-kit\/\",\"url\":\"https:\/\/eshop.tca.sk\/de\/ausruestung\/frog-dot-pro-elastic-open-top-pullers-kit\/\",\"name\":\"FROG.PRO Elastic Open Top Pullers Kit - TCA eShop - Tactical Combat Academy\",\"isPartOf\":{\"@id\":\"https:\/\/eshop.tca.sk\/de\/#website\"},\"primaryImageOfPage\":{\"@id\":\"https:\/\/eshop.tca.sk\/de\/ausruestung\/frog-dot-pro-elastic-open-top-pullers-kit\/#primaryimage\"},\"image\":{\"@id\":\"https:\/\/eshop.tca.sk\/de\/ausruestung\/frog-dot-pro-elastic-open-top-pullers-kit\/#primaryimage\"},\"thumbnailUrl\":\"https:\/\/eshop.tca.sk\/wp-content\/uploads\/2024\/06\/FROG.PRO-Elastic-Open-Top-Pullers-Kit_0002_FROG.PRO-Elastic-Open-Top-Pullers-Kit-2.jpg\",\"datePublished\":\"2024-06-14T07:46:27+00:00\",\"dateModified\":\"2025-11-23T16:49:39+00:00\",\"description\":\"Das Elastic Open Top Pullers Kit erg\u00e4nzt die SMG Mag Velcro Insert, 5.56 Mag Velcro Insert und 5.56 Mag Velcro Insert Triple um ein oberes R\u00fcckhaltesystem, wenn das Missionsprofil dies erfordert, wie z.B. bei Eins\u00e4tzen aus der Luft und Operationen mit Hochgeschwindigkeitsfahrzeugen.\",\"breadcrumb\":{\"@id\":\"https:\/\/eshop.tca.sk\/de\/ausruestung\/frog-dot-pro-elastic-open-top-pullers-kit\/#breadcrumb\"},\"inLanguage\":\"de\",\"potentialAction\":[{\"@type\":\"ReadAction\",\"target\":[\"https:\/\/eshop.tca.sk\/de\/ausruestung\/frog-dot-pro-elastic-open-top-pullers-kit\/\"]}]},{\"@type\":\"ImageObject\",\"inLanguage\":\"de\",\"@id\":\"https:\/\/eshop.tca.sk\/de\/ausruestung\/frog-dot-pro-elastic-open-top-pullers-kit\/#primaryimage\",\"url\":\"https:\/\/eshop.tca.sk\/wp-content\/uploads\/2024\/06\/FROG.PRO-Elastic-Open-Top-Pullers-Kit_0002_FROG.PRO-Elastic-Open-Top-Pullers-Kit-2.jpg\",\"contentUrl\":\"https:\/\/eshop.tca.sk\/wp-content\/uploads\/2024\/06\/FROG.PRO-Elastic-Open-Top-Pullers-Kit_0002_FROG.PRO-Elastic-Open-Top-Pullers-Kit-2.jpg\",\"width\":1000,\"height\":1000},{\"@type\":\"BreadcrumbList\",\"@id\":\"https:\/\/eshop.tca.sk\/de\/ausruestung\/frog-dot-pro-elastic-open-top-pullers-kit\/#breadcrumb\",\"itemListElement\":[{\"@type\":\"ListItem\",\"position\":1,\"name\":\"Domovsk\u00e1 str\u00e1nka\",\"item\":\"https:\/\/eshop.tca.sk\/de\/\"},{\"@type\":\"ListItem\",\"position\":2,\"name\":\"Shop\",\"item\":\"https:\/\/eshop.tca.sk\/de\/shop\/\"},{\"@type\":\"ListItem\",\"position\":3,\"name\":\"FROG.PRO Elastic Open Top Pullers Kit\"}]},{\"@type\":\"WebSite\",\"@id\":\"https:\/\/eshop.tca.sk\/de\/#website\",\"url\":\"https:\/\/eshop.tca.sk\/de\/\",\"name\":\"TCA eShop - Tactical Combat Academy\",\"description\":\"Tactical Combat Academy\",\"publisher\":{\"@id\":\"https:\/\/eshop.tca.sk\/de\/#organization\"},\"potentialAction\":[{\"@type\":\"SearchAction\",\"target\":{\"@type\":\"EntryPoint\",\"urlTemplate\":\"https:\/\/eshop.tca.sk\/de\/?s={search_term_string}\"},\"query-input\":{\"@type\":\"PropertyValueSpecification\",\"valueRequired\":true,\"valueName\":\"search_term_string\"}}],\"inLanguage\":\"de\"},{\"@type\":\"Organization\",\"@id\":\"https:\/\/eshop.tca.sk\/de\/#organization\",\"name\":\"TCA eShop - Tactical Combat Academy\",\"url\":\"https:\/\/eshop.tca.sk\/de\/\",\"logo\":{\"@type\":\"ImageObject\",\"inLanguage\":\"de\",\"@id\":\"https:\/\/eshop.tca.sk\/de\/#\/schema\/logo\/image\/\",\"url\":\"https:\/\/eshop.tca.sk\/wp-content\/uploads\/2025\/06\/logo-new-header.png\",\"contentUrl\":\"https:\/\/eshop.tca.sk\/wp-content\/uploads\/2025\/06\/logo-new-header.png\",\"width\":300,\"height\":294,\"caption\":\"TCA eShop - Tactical Combat Academy\"},\"image\":{\"@id\":\"https:\/\/eshop.tca.sk\/de\/#\/schema\/logo\/image\/\"}}]}<\/script>\n<!-- \/ Yoast SEO plugin. -->","yoast_head_json":{"title":"FROG.PRO Elastic Open Top Pullers Kit - TCA eShop - Tactical Combat Academy","description":"Das Elastic Open Top Pullers Kit erg\u00e4nzt die SMG Mag Velcro Insert, 5.56 Mag Velcro Insert und 5.56 Mag Velcro Insert Triple um ein oberes R\u00fcckhaltesystem, wenn das Missionsprofil dies erfordert, wie z.B. bei Eins\u00e4tzen aus der Luft und Operationen mit Hochgeschwindigkeitsfahrzeugen.","robots":{"index":"index","follow":"follow","max-snippet":"max-snippet:-1","max-image-preview":"max-image-preview:large","max-video-preview":"max-video-preview:-1"},"canonical":"https:\/\/eshop.tca.sk\/de\/ausruestung\/frog-dot-pro-elastic-open-top-pullers-kit\/","og_locale":"de_DE","og_type":"article","og_title":"FROG.PRO Elastic Open Top Pullers Kit - TCA eShop - Tactical Combat Academy","og_description":"Das Elastic Open Top Pullers Kit erg\u00e4nzt die SMG Mag Velcro Insert, 5.56 Mag Velcro Insert und 5.56 Mag Velcro Insert Triple um ein oberes R\u00fcckhaltesystem, wenn das Missionsprofil dies erfordert, wie z.B. bei Eins\u00e4tzen aus der Luft und Operationen mit Hochgeschwindigkeitsfahrzeugen.","og_url":"https:\/\/eshop.tca.sk\/de\/ausruestung\/frog-dot-pro-elastic-open-top-pullers-kit\/","og_site_name":"TCA eShop - Tactical Combat Academy","article_modified_time":"2025-11-23T16:49:39+00:00","og_image":[{"width":1000,"height":1000,"url":"https:\/\/eshop.tca.sk\/wp-content\/uploads\/2024\/06\/FROG.PRO-Elastic-Open-Top-Pullers-Kit_0002_FROG.PRO-Elastic-Open-Top-Pullers-Kit-2.jpg","type":"image\/jpeg"}],"twitter_card":"summary_large_image","schema":{"@context":"https:\/\/schema.org","@graph":[{"@type":"WebPage","@id":"https:\/\/eshop.tca.sk\/de\/ausruestung\/frog-dot-pro-elastic-open-top-pullers-kit\/","url":"https:\/\/eshop.tca.sk\/de\/ausruestung\/frog-dot-pro-elastic-open-top-pullers-kit\/","name":"FROG.PRO Elastic Open Top Pullers Kit - TCA eShop - Tactical Combat Academy","isPartOf":{"@id":"https:\/\/eshop.tca.sk\/de\/#website"},"primaryImageOfPage":{"@id":"https:\/\/eshop.tca.sk\/de\/ausruestung\/frog-dot-pro-elastic-open-top-pullers-kit\/#primaryimage"},"image":{"@id":"https:\/\/eshop.tca.sk\/de\/ausruestung\/frog-dot-pro-elastic-open-top-pullers-kit\/#primaryimage"},"thumbnailUrl":"https:\/\/eshop.tca.sk\/wp-content\/uploads\/2024\/06\/FROG.PRO-Elastic-Open-Top-Pullers-Kit_0002_FROG.PRO-Elastic-Open-Top-Pullers-Kit-2.jpg","datePublished":"2024-06-14T07:46:27+00:00","dateModified":"2025-11-23T16:49:39+00:00","description":"Das Elastic Open Top Pullers Kit erg\u00e4nzt die SMG Mag Velcro Insert, 5.56 Mag Velcro Insert und 5.56 Mag Velcro Insert Triple um ein oberes R\u00fcckhaltesystem, wenn das Missionsprofil dies erfordert, wie z.B. bei Eins\u00e4tzen aus der Luft und Operationen mit Hochgeschwindigkeitsfahrzeugen.","breadcrumb":{"@id":"https:\/\/eshop.tca.sk\/de\/ausruestung\/frog-dot-pro-elastic-open-top-pullers-kit\/#breadcrumb"},"inLanguage":"de","potentialAction":[{"@type":"ReadAction","target":["https:\/\/eshop.tca.sk\/de\/ausruestung\/frog-dot-pro-elastic-open-top-pullers-kit\/"]}]},{"@type":"ImageObject","inLanguage":"de","@id":"https:\/\/eshop.tca.sk\/de\/ausruestung\/frog-dot-pro-elastic-open-top-pullers-kit\/#primaryimage","url":"https:\/\/eshop.tca.sk\/wp-content\/uploads\/2024\/06\/FROG.PRO-Elastic-Open-Top-Pullers-Kit_0002_FROG.PRO-Elastic-Open-Top-Pullers-Kit-2.jpg","contentUrl":"https:\/\/eshop.tca.sk\/wp-content\/uploads\/2024\/06\/FROG.PRO-Elastic-Open-Top-Pullers-Kit_0002_FROG.PRO-Elastic-Open-Top-Pullers-Kit-2.jpg","width":1000,"height":1000},{"@type":"BreadcrumbList","@id":"https:\/\/eshop.tca.sk\/de\/ausruestung\/frog-dot-pro-elastic-open-top-pullers-kit\/#breadcrumb","itemListElement":[{"@type":"ListItem","position":1,"name":"Domovsk\u00e1 str\u00e1nka","item":"https:\/\/eshop.tca.sk\/de\/"},{"@type":"ListItem","position":2,"name":"Shop","item":"https:\/\/eshop.tca.sk\/de\/shop\/"},{"@type":"ListItem","position":3,"name":"FROG.PRO Elastic Open Top Pullers Kit"}]},{"@type":"WebSite","@id":"https:\/\/eshop.tca.sk\/de\/#website","url":"https:\/\/eshop.tca.sk\/de\/","name":"TCA eShop - Tactical Combat Academy","description":"Tactical Combat Academy","publisher":{"@id":"https:\/\/eshop.tca.sk\/de\/#organization"},"potentialAction":[{"@type":"SearchAction","target":{"@type":"EntryPoint","urlTemplate":"https:\/\/eshop.tca.sk\/de\/?s={search_term_string}"},"query-input":{"@type":"PropertyValueSpecification","valueRequired":true,"valueName":"search_term_string"}}],"inLanguage":"de"},{"@type":"Organization","@id":"https:\/\/eshop.tca.sk\/de\/#organization","name":"TCA eShop - Tactical Combat Academy","url":"https:\/\/eshop.tca.sk\/de\/","logo":{"@type":"ImageObject","inLanguage":"de","@id":"https:\/\/eshop.tca.sk\/de\/#\/schema\/logo\/image\/","url":"https:\/\/eshop.tca.sk\/wp-content\/uploads\/2025\/06\/logo-new-header.png","contentUrl":"https:\/\/eshop.tca.sk\/wp-content\/uploads\/2025\/06\/logo-new-header.png","width":300,"height":294,"caption":"TCA eShop - Tactical Combat Academy"},"image":{"@id":"https:\/\/eshop.tca.sk\/de\/#\/schema\/logo\/image\/"}}]}},"_links":{"self":[{"href":"https:\/\/eshop.tca.sk\/de\/wp-json\/wp\/v2\/product\/13050","targetHints":{"allow":["GET"]}}],"collection":[{"href":"https:\/\/eshop.tca.sk\/de\/wp-json\/wp\/v2\/product"}],"about":[{"href":"https:\/\/eshop.tca.sk\/de\/wp-json\/wp\/v2\/types\/product"}],"wp:featuredmedia":[{"embeddable":true,"href":"https:\/\/eshop.tca.sk\/de\/wp-json\/wp\/v2\/media\/13062"}],"wp:attachment":[{"href":"https:\/\/eshop.tca.sk\/de\/wp-json\/wp\/v2\/media?parent=13050"}],"wp:term":[{"taxonomy":"product_brand","embeddable":true,"href":"https:\/\/eshop.tca.sk\/de\/wp-json\/wp\/v2\/product_brand?post=13050"},{"taxonomy":"product_cat","embeddable":true,"href":"https:\/\/eshop.tca.sk\/de\/wp-json\/wp\/v2\/product_cat?post=13050"},{"taxonomy":"product_tag","embeddable":true,"href":"https:\/\/eshop.tca.sk\/de\/wp-json\/wp\/v2\/product_tag?post=13050"},{"taxonomy":"giftcard-category","embeddable":true,"href":"https:\/\/eshop.tca.sk\/de\/wp-json\/wp\/v2\/giftcard-category?post=13050"}],"curies":[{"name":"wp","href":"https:\/\/api.w.org\/{rel}","templated":true}]}}