{"id":13248,"date":"2024-07-04T15:20:58","date_gmt":"2024-07-04T13:20:58","guid":{"rendered":"https:\/\/eshop.tca.sk\/?post_type=product&#038;p=13248"},"modified":"2025-11-26T10:53:41","modified_gmt":"2025-11-26T09:53:41","slug":"montage-scalarworks-leap-06-aimpoint-30mm-magnifier-mount","status":"publish","type":"product","link":"https:\/\/eshop.tca.sk\/de\/waffenzubehoer\/montage-scalarworks-leap-06-aimpoint-30mm-magnifier-mount\/","title":{"rendered":"Montage Scalarworks LEAP\/06 Aimpoint 30mm Magnifier Mount"},"content":{"rendered":"<h3><strong>Montage Scalarworks LEAP\/06 Aimpoint 30mm Magnifier Mount<\/strong><\/h3>\n<p>Designed for shooters who want the lightest, strongest and most compact quick-detach magnifier holder possible.<\/p>\n<p>Der patentierte <strong>ClickDrive<\/strong>-Schnelll\u00f6semechanismus ist intuitiv, selbsteinstellend und absolut r\u00fcckschlagsicher. Durch die Entkopplung der Klemmkraft vom Schwingungswiderstand ben\u00f6tigt ClickDrive keine gro\u00dfen ungenauen Drehmomente und ist nicht von unzuverl\u00e4ssiger Reibung abh\u00e4ngig. Die versenkten Daumenr\u00e4der mit niedrigem Profil sch\u00fctzen vor St\u00f6\u00dfen von au\u00dfen und erm\u00f6glichen ein sekundenschnelles Abnehmen der Halterung &#8211; mit oder ohne Handschuhe.<\/p>\n<p>CNC-gefr\u00e4st aus ultrahochfestem 7075-T6-Aluminium. Stromlinienf\u00f6rmiges Profil ohne hervorstehende Hebel und Kn\u00f6pfe: Kein H\u00e4ngenbleiben an Kleidung, Ausr\u00fcstung und Umgebung. St\u00e4rke und geringes Gewicht durch \u00fcberlegene Technik.<\/p>\n<p><img loading=\"lazy\" decoding=\"async\" class=\"alignnone size-full wp-image-13259\" src=\"https:\/\/eshop.tca.sk\/wp-content\/uploads\/2024\/07\/Montaz-Scalarworks-LEAP-06-Aimpoint-30mm-Magnifier-Mount-2.jpg\" alt=\"\" width=\"1200\" height=\"600\" srcset=\"https:\/\/eshop.tca.sk\/wp-content\/uploads\/2024\/07\/Montaz-Scalarworks-LEAP-06-Aimpoint-30mm-Magnifier-Mount-2.jpg 1200w, https:\/\/eshop.tca.sk\/wp-content\/uploads\/2024\/07\/Montaz-Scalarworks-LEAP-06-Aimpoint-30mm-Magnifier-Mount-2-300x150.jpg 300w, https:\/\/eshop.tca.sk\/wp-content\/uploads\/2024\/07\/Montaz-Scalarworks-LEAP-06-Aimpoint-30mm-Magnifier-Mount-2-768x384.jpg 768w, https:\/\/eshop.tca.sk\/wp-content\/uploads\/2024\/07\/Montaz-Scalarworks-LEAP-06-Aimpoint-30mm-Magnifier-Mount-2-24x12.jpg 24w, https:\/\/eshop.tca.sk\/wp-content\/uploads\/2024\/07\/Montaz-Scalarworks-LEAP-06-Aimpoint-30mm-Magnifier-Mount-2-36x18.jpg 36w, https:\/\/eshop.tca.sk\/wp-content\/uploads\/2024\/07\/Montaz-Scalarworks-LEAP-06-Aimpoint-30mm-Magnifier-Mount-2-48x24.jpg 48w, https:\/\/eshop.tca.sk\/wp-content\/uploads\/2024\/07\/Montaz-Scalarworks-LEAP-06-Aimpoint-30mm-Magnifier-Mount-2-600x300.jpg 600w\" sizes=\"auto, (max-width: 1200px) 100vw, 1200px\" \/><\/p>\n<h4><strong>Eigenschaften::<\/strong><\/h4>\n<ul>\n<li>F\u00fcr MIL-STD-1913 Picatinny-Schienen<\/li>\n<li>Hergestellt aus 7075-T6 Aluminium \/ 4140H Stahl. 7075-T6 Aluminiumkn\u00fcppel hat wesentlich bessere mechanische Eigenschaften als 6061-T6 und wird dort eingesetzt, wo maximale Festigkeit und Haltbarkeit die Kosten \u00fcberwiegen.<\/li>\n<li>Typ III Eloxierung \/ Flash-Nitrid-Beschichtung<\/li>\n<li>Die geschlitzte Krone erfordert nur das Drehmoment Ihrer blo\u00dfen Hand, um die Halterung sicher an der Stange zu befestigen, und nutzt die St\u00e4rke eines federbelasteten Kugelzapfens, um sie vollkommen r\u00fccksto\u00dfsicher zu machen. Eine R\u00fcckkehr zum Nullpunkt ist garantiert, solange es von derselben Person eingesetzt und entfernt wird.<\/li>\n<li>LEAP hat keine hervorstehenden Hebel, Schrauben oder Kn\u00f6pfe, die Ihre Gelenke beeintr\u00e4chtigen oder sich in Kleidung, Ausr\u00fcstung und Umgebung verfangen k\u00f6nnten<\/li>\n<\/ul>\n<p>&nbsp;<\/p>\n","protected":false},"excerpt":{"rendered":"<p><img loading=\"lazy\" decoding=\"async\" class=\"alignnone wp-image-8673\" src=\"https:\/\/eshop.tca.sk\/wp-content\/uploads\/2023\/04\/scalaworks-logo.png\" alt=\"\" width=\"217\" height=\"34\" srcset=\"https:\/\/eshop.tca.sk\/wp-content\/uploads\/2023\/04\/scalaworks-logo.png 568w, https:\/\/eshop.tca.sk\/wp-content\/uploads\/2023\/04\/scalaworks-logo-300x47.png 300w\" sizes=\"auto, (max-width: 217px) 100vw, 217px\" \/><\/p>\n<p>Designed for shooters who want the lightest, strongest and most compact quick-detach magnifier holder possible.<\/p>\n<p><img loading=\"lazy\" decoding=\"async\" class=\"wp-image-8564 alignnone\" src=\"https:\/\/eshop.tca.sk\/wp-content\/uploads\/2023\/04\/Logo-Whack-Black-White-R-APPROVED.png\" alt=\"\" width=\"138\" height=\"75\" srcset=\"https:\/\/eshop.tca.sk\/wp-content\/uploads\/2023\/04\/Logo-Whack-Black-White-R-APPROVED.png 571w, https:\/\/eshop.tca.sk\/wp-content\/uploads\/2023\/04\/Logo-Whack-Black-White-R-APPROVED-300x163.png 300w\" sizes=\"auto, (max-width: 138px) 100vw, 138px\" \/><\/p>\n<p>Vom TCA und dem WHACK-System verwendete und empfohlene Equipment.<\/p>\n","protected":false},"featured_media":13252,"template":"","meta":{"inline_featured_image":false},"product_brand":[],"product_cat":[463,318],"product_tag":[466],"giftcard-category":[],"class_list":{"0":"post-13248","1":"product","2":"type-product","3":"status-publish","4":"has-post-thumbnail","6":"product_cat-montage","7":"product_cat-waffenzubehoer","8":"product_tag-scalaworks-de","10":"first","11":"outofstock","12":"taxable","13":"shipping-taxable","14":"purchasable","15":"product-type-variable"},"yoast_head":"<!-- This site is optimized with the Yoast SEO plugin v26.4 - https:\/\/yoast.com\/wordpress\/plugins\/seo\/ -->\n<title>Montage Scalarworks LEAP\/06 Aimpoint 30mm Magnifier Mount - TCA eShop - Tactical Combat Academy<\/title>\n<meta name=\"description\" content=\"Designed for shooters who want the lightest, strongest and most compact quick-detach magnifier holder possible.\" \/>\n<meta name=\"robots\" content=\"index, follow, max-snippet:-1, max-image-preview:large, max-video-preview:-1\" \/>\n<link rel=\"canonical\" href=\"https:\/\/eshop.tca.sk\/de\/waffenzubehoer\/montage-scalarworks-leap-06-aimpoint-30mm-magnifier-mount\/\" \/>\n<meta property=\"og:locale\" content=\"de_DE\" \/>\n<meta property=\"og:type\" content=\"article\" \/>\n<meta property=\"og:title\" content=\"Montage Scalarworks LEAP\/06 Aimpoint 30mm Magnifier Mount - TCA eShop - Tactical Combat Academy\" \/>\n<meta property=\"og:description\" content=\"Designed for shooters who want the lightest, strongest and most compact quick-detach magnifier holder possible.\" \/>\n<meta property=\"og:url\" content=\"https:\/\/eshop.tca.sk\/de\/waffenzubehoer\/montage-scalarworks-leap-06-aimpoint-30mm-magnifier-mount\/\" \/>\n<meta property=\"og:site_name\" content=\"TCA eShop - Tactical Combat Academy\" \/>\n<meta property=\"article:modified_time\" content=\"2025-11-26T09:53:41+00:00\" \/>\n<meta property=\"og:image\" content=\"https:\/\/eshop.tca.sk\/wp-content\/uploads\/2024\/07\/Montaz-Scalarworks-LEAP-06-Aimpoint-30mm-Magnifier-Mount_0000_Montaz-Scalarworks-LEAP-06-Aimpoint-30mm-Magnifier-Mount-5.jpg\" \/>\n\t<meta property=\"og:image:width\" content=\"1000\" \/>\n\t<meta property=\"og:image:height\" content=\"1000\" \/>\n\t<meta property=\"og:image:type\" content=\"image\/jpeg\" \/>\n<meta name=\"twitter:card\" content=\"summary_large_image\" \/>\n<script type=\"application\/ld+json\" class=\"yoast-schema-graph\">{\"@context\":\"https:\/\/schema.org\",\"@graph\":[{\"@type\":\"WebPage\",\"@id\":\"https:\/\/eshop.tca.sk\/de\/waffenzubehoer\/montage-scalarworks-leap-06-aimpoint-30mm-magnifier-mount\/\",\"url\":\"https:\/\/eshop.tca.sk\/de\/waffenzubehoer\/montage-scalarworks-leap-06-aimpoint-30mm-magnifier-mount\/\",\"name\":\"Montage Scalarworks LEAP\/06 Aimpoint 30mm Magnifier Mount - TCA eShop - Tactical Combat Academy\",\"isPartOf\":{\"@id\":\"https:\/\/eshop.tca.sk\/de\/#website\"},\"primaryImageOfPage\":{\"@id\":\"https:\/\/eshop.tca.sk\/de\/waffenzubehoer\/montage-scalarworks-leap-06-aimpoint-30mm-magnifier-mount\/#primaryimage\"},\"image\":{\"@id\":\"https:\/\/eshop.tca.sk\/de\/waffenzubehoer\/montage-scalarworks-leap-06-aimpoint-30mm-magnifier-mount\/#primaryimage\"},\"thumbnailUrl\":\"https:\/\/eshop.tca.sk\/wp-content\/uploads\/2024\/07\/Montaz-Scalarworks-LEAP-06-Aimpoint-30mm-Magnifier-Mount_0000_Montaz-Scalarworks-LEAP-06-Aimpoint-30mm-Magnifier-Mount-5.jpg\",\"datePublished\":\"2024-07-04T13:20:58+00:00\",\"dateModified\":\"2025-11-26T09:53:41+00:00\",\"description\":\"Designed for shooters who want the lightest, strongest and most compact quick-detach magnifier holder possible.\",\"breadcrumb\":{\"@id\":\"https:\/\/eshop.tca.sk\/de\/waffenzubehoer\/montage-scalarworks-leap-06-aimpoint-30mm-magnifier-mount\/#breadcrumb\"},\"inLanguage\":\"de\",\"potentialAction\":[{\"@type\":\"ReadAction\",\"target\":[\"https:\/\/eshop.tca.sk\/de\/waffenzubehoer\/montage-scalarworks-leap-06-aimpoint-30mm-magnifier-mount\/\"]}]},{\"@type\":\"ImageObject\",\"inLanguage\":\"de\",\"@id\":\"https:\/\/eshop.tca.sk\/de\/waffenzubehoer\/montage-scalarworks-leap-06-aimpoint-30mm-magnifier-mount\/#primaryimage\",\"url\":\"https:\/\/eshop.tca.sk\/wp-content\/uploads\/2024\/07\/Montaz-Scalarworks-LEAP-06-Aimpoint-30mm-Magnifier-Mount_0000_Montaz-Scalarworks-LEAP-06-Aimpoint-30mm-Magnifier-Mount-5.jpg\",\"contentUrl\":\"https:\/\/eshop.tca.sk\/wp-content\/uploads\/2024\/07\/Montaz-Scalarworks-LEAP-06-Aimpoint-30mm-Magnifier-Mount_0000_Montaz-Scalarworks-LEAP-06-Aimpoint-30mm-Magnifier-Mount-5.jpg\",\"width\":1000,\"height\":1000},{\"@type\":\"BreadcrumbList\",\"@id\":\"https:\/\/eshop.tca.sk\/de\/waffenzubehoer\/montage-scalarworks-leap-06-aimpoint-30mm-magnifier-mount\/#breadcrumb\",\"itemListElement\":[{\"@type\":\"ListItem\",\"position\":1,\"name\":\"Domovsk\u00e1 str\u00e1nka\",\"item\":\"https:\/\/eshop.tca.sk\/de\/\"},{\"@type\":\"ListItem\",\"position\":2,\"name\":\"Shop\",\"item\":\"https:\/\/eshop.tca.sk\/de\/shop\/\"},{\"@type\":\"ListItem\",\"position\":3,\"name\":\"Montage Scalarworks LEAP\/06 Aimpoint 30mm Magnifier Mount\"}]},{\"@type\":\"WebSite\",\"@id\":\"https:\/\/eshop.tca.sk\/de\/#website\",\"url\":\"https:\/\/eshop.tca.sk\/de\/\",\"name\":\"TCA eShop - Tactical Combat Academy\",\"description\":\"Tactical Combat Academy\",\"publisher\":{\"@id\":\"https:\/\/eshop.tca.sk\/de\/#organization\"},\"potentialAction\":[{\"@type\":\"SearchAction\",\"target\":{\"@type\":\"EntryPoint\",\"urlTemplate\":\"https:\/\/eshop.tca.sk\/de\/?s={search_term_string}\"},\"query-input\":{\"@type\":\"PropertyValueSpecification\",\"valueRequired\":true,\"valueName\":\"search_term_string\"}}],\"inLanguage\":\"de\"},{\"@type\":\"Organization\",\"@id\":\"https:\/\/eshop.tca.sk\/de\/#organization\",\"name\":\"TCA eShop - Tactical Combat Academy\",\"url\":\"https:\/\/eshop.tca.sk\/de\/\",\"logo\":{\"@type\":\"ImageObject\",\"inLanguage\":\"de\",\"@id\":\"https:\/\/eshop.tca.sk\/de\/#\/schema\/logo\/image\/\",\"url\":\"https:\/\/eshop.tca.sk\/wp-content\/uploads\/2025\/06\/logo-new-header.png\",\"contentUrl\":\"https:\/\/eshop.tca.sk\/wp-content\/uploads\/2025\/06\/logo-new-header.png\",\"width\":300,\"height\":294,\"caption\":\"TCA eShop - Tactical Combat Academy\"},\"image\":{\"@id\":\"https:\/\/eshop.tca.sk\/de\/#\/schema\/logo\/image\/\"}}]}<\/script>\n<!-- \/ Yoast SEO plugin. -->","yoast_head_json":{"title":"Montage Scalarworks LEAP\/06 Aimpoint 30mm Magnifier Mount - TCA eShop - Tactical Combat Academy","description":"Designed for shooters who want the lightest, strongest and most compact quick-detach magnifier holder possible.","robots":{"index":"index","follow":"follow","max-snippet":"max-snippet:-1","max-image-preview":"max-image-preview:large","max-video-preview":"max-video-preview:-1"},"canonical":"https:\/\/eshop.tca.sk\/de\/waffenzubehoer\/montage-scalarworks-leap-06-aimpoint-30mm-magnifier-mount\/","og_locale":"de_DE","og_type":"article","og_title":"Montage Scalarworks LEAP\/06 Aimpoint 30mm Magnifier Mount - TCA eShop - Tactical Combat Academy","og_description":"Designed for shooters who want the lightest, strongest and most compact quick-detach magnifier holder possible.","og_url":"https:\/\/eshop.tca.sk\/de\/waffenzubehoer\/montage-scalarworks-leap-06-aimpoint-30mm-magnifier-mount\/","og_site_name":"TCA eShop - Tactical Combat Academy","article_modified_time":"2025-11-26T09:53:41+00:00","og_image":[{"width":1000,"height":1000,"url":"https:\/\/eshop.tca.sk\/wp-content\/uploads\/2024\/07\/Montaz-Scalarworks-LEAP-06-Aimpoint-30mm-Magnifier-Mount_0000_Montaz-Scalarworks-LEAP-06-Aimpoint-30mm-Magnifier-Mount-5.jpg","type":"image\/jpeg"}],"twitter_card":"summary_large_image","schema":{"@context":"https:\/\/schema.org","@graph":[{"@type":"WebPage","@id":"https:\/\/eshop.tca.sk\/de\/waffenzubehoer\/montage-scalarworks-leap-06-aimpoint-30mm-magnifier-mount\/","url":"https:\/\/eshop.tca.sk\/de\/waffenzubehoer\/montage-scalarworks-leap-06-aimpoint-30mm-magnifier-mount\/","name":"Montage Scalarworks LEAP\/06 Aimpoint 30mm Magnifier Mount - TCA eShop - Tactical Combat Academy","isPartOf":{"@id":"https:\/\/eshop.tca.sk\/de\/#website"},"primaryImageOfPage":{"@id":"https:\/\/eshop.tca.sk\/de\/waffenzubehoer\/montage-scalarworks-leap-06-aimpoint-30mm-magnifier-mount\/#primaryimage"},"image":{"@id":"https:\/\/eshop.tca.sk\/de\/waffenzubehoer\/montage-scalarworks-leap-06-aimpoint-30mm-magnifier-mount\/#primaryimage"},"thumbnailUrl":"https:\/\/eshop.tca.sk\/wp-content\/uploads\/2024\/07\/Montaz-Scalarworks-LEAP-06-Aimpoint-30mm-Magnifier-Mount_0000_Montaz-Scalarworks-LEAP-06-Aimpoint-30mm-Magnifier-Mount-5.jpg","datePublished":"2024-07-04T13:20:58+00:00","dateModified":"2025-11-26T09:53:41+00:00","description":"Designed for shooters who want the lightest, strongest and most compact quick-detach magnifier holder possible.","breadcrumb":{"@id":"https:\/\/eshop.tca.sk\/de\/waffenzubehoer\/montage-scalarworks-leap-06-aimpoint-30mm-magnifier-mount\/#breadcrumb"},"inLanguage":"de","potentialAction":[{"@type":"ReadAction","target":["https:\/\/eshop.tca.sk\/de\/waffenzubehoer\/montage-scalarworks-leap-06-aimpoint-30mm-magnifier-mount\/"]}]},{"@type":"ImageObject","inLanguage":"de","@id":"https:\/\/eshop.tca.sk\/de\/waffenzubehoer\/montage-scalarworks-leap-06-aimpoint-30mm-magnifier-mount\/#primaryimage","url":"https:\/\/eshop.tca.sk\/wp-content\/uploads\/2024\/07\/Montaz-Scalarworks-LEAP-06-Aimpoint-30mm-Magnifier-Mount_0000_Montaz-Scalarworks-LEAP-06-Aimpoint-30mm-Magnifier-Mount-5.jpg","contentUrl":"https:\/\/eshop.tca.sk\/wp-content\/uploads\/2024\/07\/Montaz-Scalarworks-LEAP-06-Aimpoint-30mm-Magnifier-Mount_0000_Montaz-Scalarworks-LEAP-06-Aimpoint-30mm-Magnifier-Mount-5.jpg","width":1000,"height":1000},{"@type":"BreadcrumbList","@id":"https:\/\/eshop.tca.sk\/de\/waffenzubehoer\/montage-scalarworks-leap-06-aimpoint-30mm-magnifier-mount\/#breadcrumb","itemListElement":[{"@type":"ListItem","position":1,"name":"Domovsk\u00e1 str\u00e1nka","item":"https:\/\/eshop.tca.sk\/de\/"},{"@type":"ListItem","position":2,"name":"Shop","item":"https:\/\/eshop.tca.sk\/de\/shop\/"},{"@type":"ListItem","position":3,"name":"Montage Scalarworks LEAP\/06 Aimpoint 30mm Magnifier Mount"}]},{"@type":"WebSite","@id":"https:\/\/eshop.tca.sk\/de\/#website","url":"https:\/\/eshop.tca.sk\/de\/","name":"TCA eShop - Tactical Combat Academy","description":"Tactical Combat Academy","publisher":{"@id":"https:\/\/eshop.tca.sk\/de\/#organization"},"potentialAction":[{"@type":"SearchAction","target":{"@type":"EntryPoint","urlTemplate":"https:\/\/eshop.tca.sk\/de\/?s={search_term_string}"},"query-input":{"@type":"PropertyValueSpecification","valueRequired":true,"valueName":"search_term_string"}}],"inLanguage":"de"},{"@type":"Organization","@id":"https:\/\/eshop.tca.sk\/de\/#organization","name":"TCA eShop - Tactical Combat Academy","url":"https:\/\/eshop.tca.sk\/de\/","logo":{"@type":"ImageObject","inLanguage":"de","@id":"https:\/\/eshop.tca.sk\/de\/#\/schema\/logo\/image\/","url":"https:\/\/eshop.tca.sk\/wp-content\/uploads\/2025\/06\/logo-new-header.png","contentUrl":"https:\/\/eshop.tca.sk\/wp-content\/uploads\/2025\/06\/logo-new-header.png","width":300,"height":294,"caption":"TCA eShop - Tactical Combat Academy"},"image":{"@id":"https:\/\/eshop.tca.sk\/de\/#\/schema\/logo\/image\/"}}]}},"_links":{"self":[{"href":"https:\/\/eshop.tca.sk\/de\/wp-json\/wp\/v2\/product\/13248","targetHints":{"allow":["GET"]}}],"collection":[{"href":"https:\/\/eshop.tca.sk\/de\/wp-json\/wp\/v2\/product"}],"about":[{"href":"https:\/\/eshop.tca.sk\/de\/wp-json\/wp\/v2\/types\/product"}],"wp:featuredmedia":[{"embeddable":true,"href":"https:\/\/eshop.tca.sk\/de\/wp-json\/wp\/v2\/media\/13252"}],"wp:attachment":[{"href":"https:\/\/eshop.tca.sk\/de\/wp-json\/wp\/v2\/media?parent=13248"}],"wp:term":[{"taxonomy":"product_brand","embeddable":true,"href":"https:\/\/eshop.tca.sk\/de\/wp-json\/wp\/v2\/product_brand?post=13248"},{"taxonomy":"product_cat","embeddable":true,"href":"https:\/\/eshop.tca.sk\/de\/wp-json\/wp\/v2\/product_cat?post=13248"},{"taxonomy":"product_tag","embeddable":true,"href":"https:\/\/eshop.tca.sk\/de\/wp-json\/wp\/v2\/product_tag?post=13248"},{"taxonomy":"giftcard-category","embeddable":true,"href":"https:\/\/eshop.tca.sk\/de\/wp-json\/wp\/v2\/giftcard-category?post=13248"}],"curies":[{"name":"wp","href":"https:\/\/api.w.org\/{rel}","templated":true}]}}