{"id":13331,"date":"2024-07-08T13:07:12","date_gmt":"2024-07-08T11:07:12","guid":{"rendered":"https:\/\/eshop.tca.sk\/?post_type=product&#038;p=13331"},"modified":"2025-11-26T10:51:14","modified_gmt":"2025-11-26T09:51:14","slug":"reinigungsstift-scalarworks-lenspen-minipro","status":"publish","type":"product","link":"https:\/\/eshop.tca.sk\/de\/waffenzubehoer\/reinigungsstift-scalarworks-lenspen-minipro\/","title":{"rendered":"Scalarworks Lenspen MiniPro Reinigungsstift"},"content":{"rendered":"<h3><strong>Scalarworks Lenspen MiniPro Reinigungsstift<\/strong><\/h3>\n<p><strong>Der Reinigungsstift Scalarworks Lenspen MiniPro<\/strong> ist ein perfekt dimensioniertes Werkzeug zur Reinigung von Kollimatoren und Ferngl\u00e4sern. Seine kompakte Gr\u00f6\u00dfe macht es einfach und bequem zu verstauen in einem Bereich Tasche oder Werkzeugkasten. Er hat eine einzigartige, rutschfeste, mattschwarze Oberfl\u00e4che mit Scalarworks Cyan-farbenen B\u00e4ndern, die ihn besonders hervorheben.<\/p>\n<p>Es enth\u00e4lt eine praktische, ausziehbare Staubentfernungsb\u00fcrste und ein patentiertes, unsichtbares LCF-Kohlenstoff-Reinigungselement, das so konzipiert ist, dass es nie austrocknet und sicher und einfach zu verwenden ist.<\/p>\n","protected":false},"excerpt":{"rendered":"<p><img loading=\"lazy\" decoding=\"async\" class=\"alignnone wp-image-8673\" src=\"https:\/\/eshop.tca.sk\/wp-content\/uploads\/2023\/04\/scalaworks-logo.png\" alt=\"\" width=\"217\" height=\"34\" srcset=\"https:\/\/eshop.tca.sk\/wp-content\/uploads\/2023\/04\/scalaworks-logo.png 568w, https:\/\/eshop.tca.sk\/wp-content\/uploads\/2023\/04\/scalaworks-logo-300x47.png 300w\" sizes=\"auto, (max-width: 217px) 100vw, 217px\" \/><\/p>\n<p>Der Scalarworks Edition <strong>LensPen MiniPro<\/strong> ist ein Reinigungswerkzeug in perfekter Gr\u00f6\u00dfe f\u00fcr Spiegelreflexvisiere und Zielfernrohre. Seine kompakte Gr\u00f6\u00dfe macht es einfach und bequem zu verstauen in einem Bereich Tasche oder Werkzeugkasten. Er hat eine einzigartige, rutschfeste, mattschwarze Oberfl\u00e4che mit Scalarworks Cyan-farbenen B\u00e4ndern, die ihn besonders hervorheben.<\/p>\n<p><img loading=\"lazy\" decoding=\"async\" class=\"wp-image-8564 alignnone\" src=\"https:\/\/eshop.tca.sk\/wp-content\/uploads\/2023\/04\/Logo-Whack-Black-White-R-APPROVED.png\" alt=\"\" width=\"138\" height=\"75\" srcset=\"https:\/\/eshop.tca.sk\/wp-content\/uploads\/2023\/04\/Logo-Whack-Black-White-R-APPROVED.png 571w, https:\/\/eshop.tca.sk\/wp-content\/uploads\/2023\/04\/Logo-Whack-Black-White-R-APPROVED-300x163.png 300w\" sizes=\"auto, (max-width: 138px) 100vw, 138px\" \/><\/p>\n<p>Vom TCA und dem WHACK-System verwendete und empfohlene Equipment.<\/p>\n","protected":false},"featured_media":13333,"template":"","meta":{"inline_featured_image":false},"product_brand":[],"product_cat":[320,318],"product_tag":[466],"giftcard-category":[],"class_list":{"0":"post-13331","1":"product","2":"type-product","3":"status-publish","4":"has-post-thumbnail","6":"product_cat-optik","7":"product_cat-waffenzubehoer","8":"product_tag-scalaworks-de","10":"first","11":"instock","12":"taxable","13":"shipping-taxable","14":"purchasable","15":"product-type-simple"},"yoast_head":"<!-- This site is optimized with the Yoast SEO plugin v26.4 - https:\/\/yoast.com\/wordpress\/plugins\/seo\/ -->\n<title>Scalarworks Lenspen MiniPro Reinigungsstift - TCA eShop - Tactical Combat Academy<\/title>\n<meta name=\"description\" content=\"Der Reinigungsstift Scalarworks Lenspen MiniPro ist ein perfekt dimensioniertes Werkzeug zum Reinigen von Kollimatoren, Ferngl\u00e4sern und Fernrohren.\" \/>\n<meta name=\"robots\" content=\"index, follow, max-snippet:-1, max-image-preview:large, max-video-preview:-1\" \/>\n<link rel=\"canonical\" href=\"https:\/\/eshop.tca.sk\/de\/waffenzubehoer\/reinigungsstift-scalarworks-lenspen-minipro\/\" \/>\n<meta property=\"og:locale\" content=\"de_DE\" \/>\n<meta property=\"og:type\" content=\"article\" \/>\n<meta property=\"og:title\" content=\"Scalarworks Lenspen MiniPro Reinigungsstift - TCA eShop - Tactical Combat Academy\" \/>\n<meta property=\"og:description\" content=\"Der Reinigungsstift Scalarworks Lenspen MiniPro ist ein perfekt dimensioniertes Werkzeug zum Reinigen von Kollimatoren, Ferngl\u00e4sern und Fernrohren.\" \/>\n<meta property=\"og:url\" content=\"https:\/\/eshop.tca.sk\/de\/waffenzubehoer\/reinigungsstift-scalarworks-lenspen-minipro\/\" \/>\n<meta property=\"og:site_name\" content=\"TCA eShop - Tactical Combat Academy\" \/>\n<meta property=\"article:modified_time\" content=\"2025-11-26T09:51:14+00:00\" \/>\n<meta property=\"og:image\" content=\"https:\/\/eshop.tca.sk\/wp-content\/uploads\/2024\/07\/Cistiace-pero-Scalarworks-Lenspen-MiniPro.jpg\" \/>\n\t<meta property=\"og:image:width\" content=\"1200\" \/>\n\t<meta property=\"og:image:height\" content=\"1200\" \/>\n\t<meta property=\"og:image:type\" content=\"image\/jpeg\" \/>\n<meta name=\"twitter:card\" content=\"summary_large_image\" \/>\n<script type=\"application\/ld+json\" class=\"yoast-schema-graph\">{\"@context\":\"https:\/\/schema.org\",\"@graph\":[{\"@type\":\"WebPage\",\"@id\":\"https:\/\/eshop.tca.sk\/de\/waffenzubehoer\/reinigungsstift-scalarworks-lenspen-minipro\/\",\"url\":\"https:\/\/eshop.tca.sk\/de\/waffenzubehoer\/reinigungsstift-scalarworks-lenspen-minipro\/\",\"name\":\"Scalarworks Lenspen MiniPro Reinigungsstift - TCA eShop - Tactical Combat Academy\",\"isPartOf\":{\"@id\":\"https:\/\/eshop.tca.sk\/de\/#website\"},\"primaryImageOfPage\":{\"@id\":\"https:\/\/eshop.tca.sk\/de\/waffenzubehoer\/reinigungsstift-scalarworks-lenspen-minipro\/#primaryimage\"},\"image\":{\"@id\":\"https:\/\/eshop.tca.sk\/de\/waffenzubehoer\/reinigungsstift-scalarworks-lenspen-minipro\/#primaryimage\"},\"thumbnailUrl\":\"https:\/\/eshop.tca.sk\/wp-content\/uploads\/2024\/07\/Cistiace-pero-Scalarworks-Lenspen-MiniPro.jpg\",\"datePublished\":\"2024-07-08T11:07:12+00:00\",\"dateModified\":\"2025-11-26T09:51:14+00:00\",\"description\":\"Der Reinigungsstift Scalarworks Lenspen MiniPro ist ein perfekt dimensioniertes Werkzeug zum Reinigen von Kollimatoren, Ferngl\u00e4sern und Fernrohren.\",\"breadcrumb\":{\"@id\":\"https:\/\/eshop.tca.sk\/de\/waffenzubehoer\/reinigungsstift-scalarworks-lenspen-minipro\/#breadcrumb\"},\"inLanguage\":\"de\",\"potentialAction\":[{\"@type\":\"ReadAction\",\"target\":[\"https:\/\/eshop.tca.sk\/de\/waffenzubehoer\/reinigungsstift-scalarworks-lenspen-minipro\/\"]}]},{\"@type\":\"ImageObject\",\"inLanguage\":\"de\",\"@id\":\"https:\/\/eshop.tca.sk\/de\/waffenzubehoer\/reinigungsstift-scalarworks-lenspen-minipro\/#primaryimage\",\"url\":\"https:\/\/eshop.tca.sk\/wp-content\/uploads\/2024\/07\/Cistiace-pero-Scalarworks-Lenspen-MiniPro.jpg\",\"contentUrl\":\"https:\/\/eshop.tca.sk\/wp-content\/uploads\/2024\/07\/Cistiace-pero-Scalarworks-Lenspen-MiniPro.jpg\",\"width\":1200,\"height\":1200,\"caption\":\"\u010cistiace pero Scalarworks Lenspen MiniPro\"},{\"@type\":\"BreadcrumbList\",\"@id\":\"https:\/\/eshop.tca.sk\/de\/waffenzubehoer\/reinigungsstift-scalarworks-lenspen-minipro\/#breadcrumb\",\"itemListElement\":[{\"@type\":\"ListItem\",\"position\":1,\"name\":\"Domovsk\u00e1 str\u00e1nka\",\"item\":\"https:\/\/eshop.tca.sk\/de\/\"},{\"@type\":\"ListItem\",\"position\":2,\"name\":\"Shop\",\"item\":\"https:\/\/eshop.tca.sk\/de\/shop\/\"},{\"@type\":\"ListItem\",\"position\":3,\"name\":\"Scalarworks Lenspen MiniPro Reinigungsstift\"}]},{\"@type\":\"WebSite\",\"@id\":\"https:\/\/eshop.tca.sk\/de\/#website\",\"url\":\"https:\/\/eshop.tca.sk\/de\/\",\"name\":\"TCA eShop - Tactical Combat Academy\",\"description\":\"Tactical Combat Academy\",\"publisher\":{\"@id\":\"https:\/\/eshop.tca.sk\/de\/#organization\"},\"potentialAction\":[{\"@type\":\"SearchAction\",\"target\":{\"@type\":\"EntryPoint\",\"urlTemplate\":\"https:\/\/eshop.tca.sk\/de\/?s={search_term_string}\"},\"query-input\":{\"@type\":\"PropertyValueSpecification\",\"valueRequired\":true,\"valueName\":\"search_term_string\"}}],\"inLanguage\":\"de\"},{\"@type\":\"Organization\",\"@id\":\"https:\/\/eshop.tca.sk\/de\/#organization\",\"name\":\"TCA eShop - Tactical Combat Academy\",\"url\":\"https:\/\/eshop.tca.sk\/de\/\",\"logo\":{\"@type\":\"ImageObject\",\"inLanguage\":\"de\",\"@id\":\"https:\/\/eshop.tca.sk\/de\/#\/schema\/logo\/image\/\",\"url\":\"https:\/\/eshop.tca.sk\/wp-content\/uploads\/2025\/06\/logo-new-header.png\",\"contentUrl\":\"https:\/\/eshop.tca.sk\/wp-content\/uploads\/2025\/06\/logo-new-header.png\",\"width\":300,\"height\":294,\"caption\":\"TCA eShop - Tactical Combat Academy\"},\"image\":{\"@id\":\"https:\/\/eshop.tca.sk\/de\/#\/schema\/logo\/image\/\"}}]}<\/script>\n<!-- \/ Yoast SEO plugin. -->","yoast_head_json":{"title":"Scalarworks Lenspen MiniPro Reinigungsstift - TCA eShop - Tactical Combat Academy","description":"Der Reinigungsstift Scalarworks Lenspen MiniPro ist ein perfekt dimensioniertes Werkzeug zum Reinigen von Kollimatoren, Ferngl\u00e4sern und Fernrohren.","robots":{"index":"index","follow":"follow","max-snippet":"max-snippet:-1","max-image-preview":"max-image-preview:large","max-video-preview":"max-video-preview:-1"},"canonical":"https:\/\/eshop.tca.sk\/de\/waffenzubehoer\/reinigungsstift-scalarworks-lenspen-minipro\/","og_locale":"de_DE","og_type":"article","og_title":"Scalarworks Lenspen MiniPro Reinigungsstift - TCA eShop - Tactical Combat Academy","og_description":"Der Reinigungsstift Scalarworks Lenspen MiniPro ist ein perfekt dimensioniertes Werkzeug zum Reinigen von Kollimatoren, Ferngl\u00e4sern und Fernrohren.","og_url":"https:\/\/eshop.tca.sk\/de\/waffenzubehoer\/reinigungsstift-scalarworks-lenspen-minipro\/","og_site_name":"TCA eShop - Tactical Combat Academy","article_modified_time":"2025-11-26T09:51:14+00:00","og_image":[{"width":1200,"height":1200,"url":"https:\/\/eshop.tca.sk\/wp-content\/uploads\/2024\/07\/Cistiace-pero-Scalarworks-Lenspen-MiniPro.jpg","type":"image\/jpeg"}],"twitter_card":"summary_large_image","schema":{"@context":"https:\/\/schema.org","@graph":[{"@type":"WebPage","@id":"https:\/\/eshop.tca.sk\/de\/waffenzubehoer\/reinigungsstift-scalarworks-lenspen-minipro\/","url":"https:\/\/eshop.tca.sk\/de\/waffenzubehoer\/reinigungsstift-scalarworks-lenspen-minipro\/","name":"Scalarworks Lenspen MiniPro Reinigungsstift - TCA eShop - Tactical Combat Academy","isPartOf":{"@id":"https:\/\/eshop.tca.sk\/de\/#website"},"primaryImageOfPage":{"@id":"https:\/\/eshop.tca.sk\/de\/waffenzubehoer\/reinigungsstift-scalarworks-lenspen-minipro\/#primaryimage"},"image":{"@id":"https:\/\/eshop.tca.sk\/de\/waffenzubehoer\/reinigungsstift-scalarworks-lenspen-minipro\/#primaryimage"},"thumbnailUrl":"https:\/\/eshop.tca.sk\/wp-content\/uploads\/2024\/07\/Cistiace-pero-Scalarworks-Lenspen-MiniPro.jpg","datePublished":"2024-07-08T11:07:12+00:00","dateModified":"2025-11-26T09:51:14+00:00","description":"Der Reinigungsstift Scalarworks Lenspen MiniPro ist ein perfekt dimensioniertes Werkzeug zum Reinigen von Kollimatoren, Ferngl\u00e4sern und Fernrohren.","breadcrumb":{"@id":"https:\/\/eshop.tca.sk\/de\/waffenzubehoer\/reinigungsstift-scalarworks-lenspen-minipro\/#breadcrumb"},"inLanguage":"de","potentialAction":[{"@type":"ReadAction","target":["https:\/\/eshop.tca.sk\/de\/waffenzubehoer\/reinigungsstift-scalarworks-lenspen-minipro\/"]}]},{"@type":"ImageObject","inLanguage":"de","@id":"https:\/\/eshop.tca.sk\/de\/waffenzubehoer\/reinigungsstift-scalarworks-lenspen-minipro\/#primaryimage","url":"https:\/\/eshop.tca.sk\/wp-content\/uploads\/2024\/07\/Cistiace-pero-Scalarworks-Lenspen-MiniPro.jpg","contentUrl":"https:\/\/eshop.tca.sk\/wp-content\/uploads\/2024\/07\/Cistiace-pero-Scalarworks-Lenspen-MiniPro.jpg","width":1200,"height":1200,"caption":"\u010cistiace pero Scalarworks Lenspen MiniPro"},{"@type":"BreadcrumbList","@id":"https:\/\/eshop.tca.sk\/de\/waffenzubehoer\/reinigungsstift-scalarworks-lenspen-minipro\/#breadcrumb","itemListElement":[{"@type":"ListItem","position":1,"name":"Domovsk\u00e1 str\u00e1nka","item":"https:\/\/eshop.tca.sk\/de\/"},{"@type":"ListItem","position":2,"name":"Shop","item":"https:\/\/eshop.tca.sk\/de\/shop\/"},{"@type":"ListItem","position":3,"name":"Scalarworks Lenspen MiniPro Reinigungsstift"}]},{"@type":"WebSite","@id":"https:\/\/eshop.tca.sk\/de\/#website","url":"https:\/\/eshop.tca.sk\/de\/","name":"TCA eShop - Tactical Combat Academy","description":"Tactical Combat Academy","publisher":{"@id":"https:\/\/eshop.tca.sk\/de\/#organization"},"potentialAction":[{"@type":"SearchAction","target":{"@type":"EntryPoint","urlTemplate":"https:\/\/eshop.tca.sk\/de\/?s={search_term_string}"},"query-input":{"@type":"PropertyValueSpecification","valueRequired":true,"valueName":"search_term_string"}}],"inLanguage":"de"},{"@type":"Organization","@id":"https:\/\/eshop.tca.sk\/de\/#organization","name":"TCA eShop - Tactical Combat Academy","url":"https:\/\/eshop.tca.sk\/de\/","logo":{"@type":"ImageObject","inLanguage":"de","@id":"https:\/\/eshop.tca.sk\/de\/#\/schema\/logo\/image\/","url":"https:\/\/eshop.tca.sk\/wp-content\/uploads\/2025\/06\/logo-new-header.png","contentUrl":"https:\/\/eshop.tca.sk\/wp-content\/uploads\/2025\/06\/logo-new-header.png","width":300,"height":294,"caption":"TCA eShop - Tactical Combat Academy"},"image":{"@id":"https:\/\/eshop.tca.sk\/de\/#\/schema\/logo\/image\/"}}]}},"_links":{"self":[{"href":"https:\/\/eshop.tca.sk\/de\/wp-json\/wp\/v2\/product\/13331","targetHints":{"allow":["GET"]}}],"collection":[{"href":"https:\/\/eshop.tca.sk\/de\/wp-json\/wp\/v2\/product"}],"about":[{"href":"https:\/\/eshop.tca.sk\/de\/wp-json\/wp\/v2\/types\/product"}],"wp:featuredmedia":[{"embeddable":true,"href":"https:\/\/eshop.tca.sk\/de\/wp-json\/wp\/v2\/media\/13333"}],"wp:attachment":[{"href":"https:\/\/eshop.tca.sk\/de\/wp-json\/wp\/v2\/media?parent=13331"}],"wp:term":[{"taxonomy":"product_brand","embeddable":true,"href":"https:\/\/eshop.tca.sk\/de\/wp-json\/wp\/v2\/product_brand?post=13331"},{"taxonomy":"product_cat","embeddable":true,"href":"https:\/\/eshop.tca.sk\/de\/wp-json\/wp\/v2\/product_cat?post=13331"},{"taxonomy":"product_tag","embeddable":true,"href":"https:\/\/eshop.tca.sk\/de\/wp-json\/wp\/v2\/product_tag?post=13331"},{"taxonomy":"giftcard-category","embeddable":true,"href":"https:\/\/eshop.tca.sk\/de\/wp-json\/wp\/v2\/giftcard-category?post=13331"}],"curies":[{"name":"wp","href":"https:\/\/api.w.org\/{rel}","templated":true}]}}