{"id":13529,"date":"2024-10-21T10:25:00","date_gmt":"2024-10-21T08:25:00","guid":{"rendered":"https:\/\/eshop.tca.sk\/?post_type=product&#038;p=13529"},"modified":"2025-12-19T10:24:38","modified_gmt":"2025-12-19T09:24:38","slug":"tca-cap-green-olive-whack","status":"publish","type":"product","link":"https:\/\/eshop.tca.sk\/de\/kleidung\/tca-cap-green-olive-whack\/","title":{"rendered":"TCA Cap Green Olive WHACK"},"content":{"rendered":"<h3><strong>TCA Cap Green Olive WHACK<\/strong><\/h3>\n<p>Hochwertige Flexfit-M\u00fctze in Gr\u00f6\u00dfe XS\/S oder S\/M.<\/p>\n<p><strong>Material:<\/strong> 63% Polyester \/ 34% Baumwolle \/ 3% elastan<\/p>\n<p><strong>Gr\u00f6\u00dfe:<\/strong> XS\/S, S\/M<\/p>\n<p><img loading=\"lazy\" decoding=\"async\" class=\"alignnone size-full wp-image-7119\" src=\"https:\/\/eshop.tca.sk\/wp-content\/uploads\/2022\/12\/Flexfit-velkostna-tabulka.png\" alt=\"\" width=\"610\" height=\"523\" srcset=\"https:\/\/eshop.tca.sk\/wp-content\/uploads\/2022\/12\/Flexfit-velkostna-tabulka.png 610w, https:\/\/eshop.tca.sk\/wp-content\/uploads\/2022\/12\/Flexfit-velkostna-tabulka-300x257.png 300w, https:\/\/eshop.tca.sk\/wp-content\/uploads\/2022\/12\/Flexfit-velkostna-tabulka-600x514.png 600w\" sizes=\"auto, (max-width: 610px) 100vw, 610px\" \/><\/p>\n<p><img loading=\"lazy\" decoding=\"async\" class=\"wp-image-7062 size-full alignleft\" src=\"https:\/\/eshop.tca.sk\/wp-content\/uploads\/2022\/12\/flexfit-logo-e1670520580707.jpg\" alt=\"\" width=\"150\" height=\"42\"> Die Idee des Unternehmens war es, die Kopfbedeckungsindustrie zu revolutionieren. Mit gro\u00dfer Pr\u00e4zision in jedem Detail entwickelt es st\u00e4ndig kreative und innovative Produkte, die alle von gro\u00dfer Leidenschaft und raffinierter Handwerkskunst angetrieben werden. Mit einer aufgeschlossenen Kultur legen sie Wert auf sorgf\u00e4ltiges Design und hochwertige Technik, was zu einer st\u00e4ndig wachsenden Kollektion bahnbrechender M\u00fctzen und M\u00fctzen f\u00fchrt. Seit Flexit <strong>1994<\/strong> mit der Produktion von Kappen begann, hat es viele Modelle geschaffen, die noch heute bei seinen Kunden beliebt sind. <strong>Flexit LLC<\/strong> ist auch der US-Distributor f\u00fcr Yupoong-H\u00fcte. Es hat seinen Hauptsitz in <strong>Kalifornien, New York<\/strong> und vertreibt seine Waren auf der ganzen Welt. In unserem Angebot finden Sie \u00fcber <a href=\"https:\/\/www.reklamnepredmetysketch.sk\/sk\/vyhladavanie?color_base%5B%5D=6&amp;brands%5B%5D=72&amp;lang=sk\">80 Modelle<\/a> dieser erfolgreichen amerikanischen Marke.<\/p>\n","protected":false},"excerpt":{"rendered":"<p>Hochwertige Flexfit-Kappe in Gr\u00f6\u00dfe S\/M oder L\/XL.<\/p>\n<p><img loading=\"lazy\" decoding=\"async\" class=\"alignnone size-full wp-image-7065\" src=\"https:\/\/eshop.tca.sk\/wp-content\/uploads\/2022\/12\/flexfit-logo-1-e1670520929874.jpg\" alt=\"\" width=\"100\" height=\"28\"><\/p>\n","protected":false},"featured_media":13541,"template":"","meta":{"inline_featured_image":false},"product_brand":[],"product_cat":[313,312],"product_tag":[346],"giftcard-category":[],"class_list":{"0":"post-13529","1":"product","2":"type-product","3":"status-publish","4":"has-post-thumbnail","6":"product_cat-caps","7":"product_cat-kleidung","8":"product_tag-tca-de","10":"first","11":"outofstock","12":"taxable","13":"shipping-taxable","14":"purchasable","15":"product-type-variable"},"yoast_head":"<!-- This site is optimized with the Yoast SEO plugin v26.4 - https:\/\/yoast.com\/wordpress\/plugins\/seo\/ -->\n<title>TCA Cap Green Olive WHACK - TCA eShop - Tactical Combat Academy<\/title>\n<meta name=\"description\" content=\"TCA Cap Green Olive WHACK - Hochwertiges Flexfit-Cap\" \/>\n<meta name=\"robots\" content=\"index, follow, max-snippet:-1, max-image-preview:large, max-video-preview:-1\" \/>\n<link rel=\"canonical\" href=\"https:\/\/eshop.tca.sk\/de\/kleidung\/tca-cap-green-olive-whack\/\" \/>\n<meta property=\"og:locale\" content=\"de_DE\" \/>\n<meta property=\"og:type\" content=\"article\" \/>\n<meta property=\"og:title\" content=\"TCA Cap Green Olive WHACK - TCA eShop - Tactical Combat Academy\" \/>\n<meta property=\"og:description\" content=\"TCA Cap Green Olive WHACK - Hochwertiges Flexfit-Cap\" \/>\n<meta property=\"og:url\" content=\"https:\/\/eshop.tca.sk\/de\/kleidung\/tca-cap-green-olive-whack\/\" \/>\n<meta property=\"og:site_name\" content=\"TCA eShop - Tactical Combat Academy\" \/>\n<meta property=\"article:modified_time\" content=\"2025-12-19T09:24:38+00:00\" \/>\n<meta property=\"og:image\" content=\"https:\/\/eshop.tca.sk\/wp-content\/uploads\/2024\/10\/TCA-Siltovka-Green-Olive-WHACK-0.png\" \/>\n\t<meta property=\"og:image:width\" content=\"1000\" \/>\n\t<meta property=\"og:image:height\" content=\"1000\" \/>\n\t<meta property=\"og:image:type\" content=\"image\/png\" \/>\n<meta name=\"twitter:card\" content=\"summary_large_image\" \/>\n<script type=\"application\/ld+json\" class=\"yoast-schema-graph\">{\"@context\":\"https:\/\/schema.org\",\"@graph\":[{\"@type\":\"WebPage\",\"@id\":\"https:\/\/eshop.tca.sk\/de\/kleidung\/tca-cap-green-olive-whack\/\",\"url\":\"https:\/\/eshop.tca.sk\/de\/kleidung\/tca-cap-green-olive-whack\/\",\"name\":\"TCA Cap Green Olive WHACK - TCA eShop - Tactical Combat Academy\",\"isPartOf\":{\"@id\":\"https:\/\/eshop.tca.sk\/de\/#website\"},\"primaryImageOfPage\":{\"@id\":\"https:\/\/eshop.tca.sk\/de\/kleidung\/tca-cap-green-olive-whack\/#primaryimage\"},\"image\":{\"@id\":\"https:\/\/eshop.tca.sk\/de\/kleidung\/tca-cap-green-olive-whack\/#primaryimage\"},\"thumbnailUrl\":\"https:\/\/eshop.tca.sk\/wp-content\/uploads\/2024\/10\/TCA-Siltovka-Green-Olive-WHACK-0.png\",\"datePublished\":\"2024-10-21T08:25:00+00:00\",\"dateModified\":\"2025-12-19T09:24:38+00:00\",\"description\":\"TCA Cap Green Olive WHACK - Hochwertiges Flexfit-Cap\",\"breadcrumb\":{\"@id\":\"https:\/\/eshop.tca.sk\/de\/kleidung\/tca-cap-green-olive-whack\/#breadcrumb\"},\"inLanguage\":\"de\",\"potentialAction\":[{\"@type\":\"ReadAction\",\"target\":[\"https:\/\/eshop.tca.sk\/de\/kleidung\/tca-cap-green-olive-whack\/\"]}]},{\"@type\":\"ImageObject\",\"inLanguage\":\"de\",\"@id\":\"https:\/\/eshop.tca.sk\/de\/kleidung\/tca-cap-green-olive-whack\/#primaryimage\",\"url\":\"https:\/\/eshop.tca.sk\/wp-content\/uploads\/2024\/10\/TCA-Siltovka-Green-Olive-WHACK-0.png\",\"contentUrl\":\"https:\/\/eshop.tca.sk\/wp-content\/uploads\/2024\/10\/TCA-Siltovka-Green-Olive-WHACK-0.png\",\"width\":1000,\"height\":1000,\"caption\":\"TCA \u0160iltovka Green Olive WHACK\"},{\"@type\":\"BreadcrumbList\",\"@id\":\"https:\/\/eshop.tca.sk\/de\/kleidung\/tca-cap-green-olive-whack\/#breadcrumb\",\"itemListElement\":[{\"@type\":\"ListItem\",\"position\":1,\"name\":\"Domovsk\u00e1 str\u00e1nka\",\"item\":\"https:\/\/eshop.tca.sk\/de\/\"},{\"@type\":\"ListItem\",\"position\":2,\"name\":\"Shop\",\"item\":\"https:\/\/eshop.tca.sk\/de\/shop\/\"},{\"@type\":\"ListItem\",\"position\":3,\"name\":\"TCA Cap Green Olive WHACK\"}]},{\"@type\":\"WebSite\",\"@id\":\"https:\/\/eshop.tca.sk\/de\/#website\",\"url\":\"https:\/\/eshop.tca.sk\/de\/\",\"name\":\"TCA eShop - Tactical Combat Academy\",\"description\":\"Tactical Combat Academy\",\"publisher\":{\"@id\":\"https:\/\/eshop.tca.sk\/de\/#organization\"},\"potentialAction\":[{\"@type\":\"SearchAction\",\"target\":{\"@type\":\"EntryPoint\",\"urlTemplate\":\"https:\/\/eshop.tca.sk\/de\/?s={search_term_string}\"},\"query-input\":{\"@type\":\"PropertyValueSpecification\",\"valueRequired\":true,\"valueName\":\"search_term_string\"}}],\"inLanguage\":\"de\"},{\"@type\":\"Organization\",\"@id\":\"https:\/\/eshop.tca.sk\/de\/#organization\",\"name\":\"TCA eShop - Tactical Combat Academy\",\"url\":\"https:\/\/eshop.tca.sk\/de\/\",\"logo\":{\"@type\":\"ImageObject\",\"inLanguage\":\"de\",\"@id\":\"https:\/\/eshop.tca.sk\/de\/#\/schema\/logo\/image\/\",\"url\":\"https:\/\/eshop.tca.sk\/wp-content\/uploads\/2025\/06\/logo-new-header.png\",\"contentUrl\":\"https:\/\/eshop.tca.sk\/wp-content\/uploads\/2025\/06\/logo-new-header.png\",\"width\":300,\"height\":294,\"caption\":\"TCA eShop - Tactical Combat Academy\"},\"image\":{\"@id\":\"https:\/\/eshop.tca.sk\/de\/#\/schema\/logo\/image\/\"}}]}<\/script>\n<!-- \/ Yoast SEO plugin. -->","yoast_head_json":{"title":"TCA Cap Green Olive WHACK - TCA eShop - Tactical Combat Academy","description":"TCA Cap Green Olive WHACK - Hochwertiges Flexfit-Cap","robots":{"index":"index","follow":"follow","max-snippet":"max-snippet:-1","max-image-preview":"max-image-preview:large","max-video-preview":"max-video-preview:-1"},"canonical":"https:\/\/eshop.tca.sk\/de\/kleidung\/tca-cap-green-olive-whack\/","og_locale":"de_DE","og_type":"article","og_title":"TCA Cap Green Olive WHACK - TCA eShop - Tactical Combat Academy","og_description":"TCA Cap Green Olive WHACK - Hochwertiges Flexfit-Cap","og_url":"https:\/\/eshop.tca.sk\/de\/kleidung\/tca-cap-green-olive-whack\/","og_site_name":"TCA eShop - Tactical Combat Academy","article_modified_time":"2025-12-19T09:24:38+00:00","og_image":[{"width":1000,"height":1000,"url":"https:\/\/eshop.tca.sk\/wp-content\/uploads\/2024\/10\/TCA-Siltovka-Green-Olive-WHACK-0.png","type":"image\/png"}],"twitter_card":"summary_large_image","schema":{"@context":"https:\/\/schema.org","@graph":[{"@type":"WebPage","@id":"https:\/\/eshop.tca.sk\/de\/kleidung\/tca-cap-green-olive-whack\/","url":"https:\/\/eshop.tca.sk\/de\/kleidung\/tca-cap-green-olive-whack\/","name":"TCA Cap Green Olive WHACK - TCA eShop - Tactical Combat Academy","isPartOf":{"@id":"https:\/\/eshop.tca.sk\/de\/#website"},"primaryImageOfPage":{"@id":"https:\/\/eshop.tca.sk\/de\/kleidung\/tca-cap-green-olive-whack\/#primaryimage"},"image":{"@id":"https:\/\/eshop.tca.sk\/de\/kleidung\/tca-cap-green-olive-whack\/#primaryimage"},"thumbnailUrl":"https:\/\/eshop.tca.sk\/wp-content\/uploads\/2024\/10\/TCA-Siltovka-Green-Olive-WHACK-0.png","datePublished":"2024-10-21T08:25:00+00:00","dateModified":"2025-12-19T09:24:38+00:00","description":"TCA Cap Green Olive WHACK - Hochwertiges Flexfit-Cap","breadcrumb":{"@id":"https:\/\/eshop.tca.sk\/de\/kleidung\/tca-cap-green-olive-whack\/#breadcrumb"},"inLanguage":"de","potentialAction":[{"@type":"ReadAction","target":["https:\/\/eshop.tca.sk\/de\/kleidung\/tca-cap-green-olive-whack\/"]}]},{"@type":"ImageObject","inLanguage":"de","@id":"https:\/\/eshop.tca.sk\/de\/kleidung\/tca-cap-green-olive-whack\/#primaryimage","url":"https:\/\/eshop.tca.sk\/wp-content\/uploads\/2024\/10\/TCA-Siltovka-Green-Olive-WHACK-0.png","contentUrl":"https:\/\/eshop.tca.sk\/wp-content\/uploads\/2024\/10\/TCA-Siltovka-Green-Olive-WHACK-0.png","width":1000,"height":1000,"caption":"TCA \u0160iltovka Green Olive WHACK"},{"@type":"BreadcrumbList","@id":"https:\/\/eshop.tca.sk\/de\/kleidung\/tca-cap-green-olive-whack\/#breadcrumb","itemListElement":[{"@type":"ListItem","position":1,"name":"Domovsk\u00e1 str\u00e1nka","item":"https:\/\/eshop.tca.sk\/de\/"},{"@type":"ListItem","position":2,"name":"Shop","item":"https:\/\/eshop.tca.sk\/de\/shop\/"},{"@type":"ListItem","position":3,"name":"TCA Cap Green Olive WHACK"}]},{"@type":"WebSite","@id":"https:\/\/eshop.tca.sk\/de\/#website","url":"https:\/\/eshop.tca.sk\/de\/","name":"TCA eShop - Tactical Combat Academy","description":"Tactical Combat Academy","publisher":{"@id":"https:\/\/eshop.tca.sk\/de\/#organization"},"potentialAction":[{"@type":"SearchAction","target":{"@type":"EntryPoint","urlTemplate":"https:\/\/eshop.tca.sk\/de\/?s={search_term_string}"},"query-input":{"@type":"PropertyValueSpecification","valueRequired":true,"valueName":"search_term_string"}}],"inLanguage":"de"},{"@type":"Organization","@id":"https:\/\/eshop.tca.sk\/de\/#organization","name":"TCA eShop - Tactical Combat Academy","url":"https:\/\/eshop.tca.sk\/de\/","logo":{"@type":"ImageObject","inLanguage":"de","@id":"https:\/\/eshop.tca.sk\/de\/#\/schema\/logo\/image\/","url":"https:\/\/eshop.tca.sk\/wp-content\/uploads\/2025\/06\/logo-new-header.png","contentUrl":"https:\/\/eshop.tca.sk\/wp-content\/uploads\/2025\/06\/logo-new-header.png","width":300,"height":294,"caption":"TCA eShop - Tactical Combat Academy"},"image":{"@id":"https:\/\/eshop.tca.sk\/de\/#\/schema\/logo\/image\/"}}]}},"_links":{"self":[{"href":"https:\/\/eshop.tca.sk\/de\/wp-json\/wp\/v2\/product\/13529","targetHints":{"allow":["GET"]}}],"collection":[{"href":"https:\/\/eshop.tca.sk\/de\/wp-json\/wp\/v2\/product"}],"about":[{"href":"https:\/\/eshop.tca.sk\/de\/wp-json\/wp\/v2\/types\/product"}],"wp:featuredmedia":[{"embeddable":true,"href":"https:\/\/eshop.tca.sk\/de\/wp-json\/wp\/v2\/media\/13541"}],"wp:attachment":[{"href":"https:\/\/eshop.tca.sk\/de\/wp-json\/wp\/v2\/media?parent=13529"}],"wp:term":[{"taxonomy":"product_brand","embeddable":true,"href":"https:\/\/eshop.tca.sk\/de\/wp-json\/wp\/v2\/product_brand?post=13529"},{"taxonomy":"product_cat","embeddable":true,"href":"https:\/\/eshop.tca.sk\/de\/wp-json\/wp\/v2\/product_cat?post=13529"},{"taxonomy":"product_tag","embeddable":true,"href":"https:\/\/eshop.tca.sk\/de\/wp-json\/wp\/v2\/product_tag?post=13529"},{"taxonomy":"giftcard-category","embeddable":true,"href":"https:\/\/eshop.tca.sk\/de\/wp-json\/wp\/v2\/giftcard-category?post=13529"}],"curies":[{"name":"wp","href":"https:\/\/api.w.org\/{rel}","templated":true}]}}