{"id":13569,"date":"2024-10-22T12:18:25","date_gmt":"2024-10-22T10:18:25","guid":{"rendered":"https:\/\/eshop.tca.sk\/?post_type=product&#038;p=13569"},"modified":"2025-11-23T17:37:05","modified_gmt":"2025-11-23T16:37:05","slug":"taktischer-guertel-frog-pro-monte-cervino-tactical-belt-black","status":"publish","type":"product","link":"https:\/\/eshop.tca.sk\/de\/ausruestung\/taktischer-guertel-frog-pro-monte-cervino-tactical-belt-black\/","title":{"rendered":"Taktischer G\u00fcrtel FROG.PRO Monte Cervino Tactical Belt BLACK"},"content":{"rendered":"<h3><strong>Taktischer G\u00fcrtel FROG.PRO Monte Cervino Tactical Belt BLACK<\/strong><\/h3>\n<p><strong>Der taktische G\u00fcrtel Monte Cervino<\/strong> ist nach dem gleichnamigen Berg Cervino (auch Matterhorn genannt) benannt, der an der Grenze zwischen Italien und der Schweiz liegt. Mit seiner H\u00f6he von 4.478 m und seiner besonders ausgepr\u00e4gten Pyramidenform gilt er seit jeher als Referenzpunkt in der Kletterszene, da er f\u00fcr die technischen Schwierigkeiten und die Vorbereitung bekannt ist, die erforderlich sind, um den ber\u00fchmten Gipfel zu erreichen.<\/p>\n<p>Dieser G\u00fcrtel, in dem die ganze Erfahrung von FROG.PRO und die maximale Auspr\u00e4gung der Konstruktionstechnik im Bereich der taktischen Verteidigungsausr\u00fcstung steckt, verk\u00f6rpert perfekt den Geist, mit dem man sich dem m\u00fchsamen Aufstieg stellt, um siegreich zu sein.<\/p>\n<p>Die aus einem einzigen St\u00fcck <strong>Tegris 12L Technopolymer<\/strong> gefertigte Basisstruktur garantiert die n\u00f6tige Steifigkeit und strukturelle Festigkeit, um das Gewicht der Taschen und des mit einer G\u00fcrtelschlaufe befestigten Holsters zu tragen.<\/p>\n<p>Der innere Teil ist mit dem <strong>Ultra-Mate\u00ae-Hakenband<\/strong> der Marke Velcro\u00ae in schwarzer Farbe bedeckt, das dank seiner ausgezeichneten Haftkraft eine solide Fixierung am COBRA Trousers Inner Belt erm\u00f6glicht. Das d\u00fcnne Profil von <strong>Ultra-Mate\u00ae<\/strong>, das weniger rau und aggressiv ist als die \u00fcblicherweise verwendeten Klettverschl\u00fcsse, tr\u00e4gt dazu bei, die Integrit\u00e4t der restlichen Ausr\u00fcstung und Kleidung zu bewahren, und beseitigt jegliche Beschwerden durch Reibung an den H\u00fcften, die durch traditionelle taktische G\u00fcrtel verursacht werden.<\/p>\n<p>Der \u00e4u\u00dfere Teil aus <strong>LAHYCO-Verbundstoff<\/strong>, bestehend aus Hypalon und Cordura\u00ae 500D, ist lasergeschnitten, um das firmeneigene <strong>FROG.PRO\u00ae Multi-Dot MOLLE PALS-System<\/strong> zu erhalten, das durch Schnittstellenl\u00f6cher f\u00fcr das neue patentierte U.LOK-Magnetsystem zum sofortigen Abnehmen und Wiederanbringen von medizinischen Beuteln oder anderem Zubeh\u00f6r erg\u00e4nzt wird. Der Umfang des Gurtes ist au\u00dferdem mit einem MIL-PRF-5038-Bindeband mit Doppelnaht versehen, das die Abnutzung durch Reibung verhindert und somit die Lebensdauer der Ausr\u00fcstung verl\u00e4ngert.<\/p>\n<p>Das tragende Band des Gurtes besteht aus 1\u201e MIL-SPEC Gurtband, Typ <strong>MIL-W-5625K<\/strong>, mit einer Bruchlast von 4.000 lbs (1.815 kg), w\u00e4hrend der Verschluss einer 1\u201c Aluminium A<strong>ustriAlpin\u00ae COBRA Schnalle<\/strong> in mattschwarz eloxierter Farbe mit einer Bruchlast in Schlaufenkonfiguration von 18 kN (1.835 kg) anvertraut ist. Die Schnalle ist mit dem brandneuen SNAKEBITE-System ausgestattet, das, einmal angezogen, verhindert, dass sich der Gurt lockert, selbst wenn er sich bewegt.<\/p>\n<p>Das <strong>SAFETY END TIP<\/strong> System wurde am freien Ende des tragenden Bandes implementiert: Wenn die Lasche auf die Schnalle trifft, wirkt das System wie eine Sperre und verhindert, dass das Gurtband versehentlich abrutscht und sich der G\u00fcrtel ungewollt \u00f6ffnet. Andernfalls, wenn Sie den Gurt freiwillig aus der Schnalle entfernen m\u00f6chten, um das Holster einzusetzen, entfernen Sie einfach das <strong>One-Wrap\u00ae-Band<\/strong> und dr\u00fccken Sie die Lasche in der Schnalle.<\/p>\n<p>Auf der gegen\u00fcberliegenden Seite ist das Gurtband stattdessen gefaltet und mit einer <strong>Bar Tack<\/strong> vern\u00e4ht, um einen verdeckten Ring zu bilden, an dem ein pers\u00f6nliches Sicherungsband angebracht werden kann.<\/p>\n<p>Dieser G\u00fcrtel zeichnet sich durch ein einzigartiges Design aus: Ausgehend von einer Breite von 2\u201e an den Seiten, um die Bewegungen des Rumpfes und die Anbringung von Taschen und Holstern mit Hilfe von G\u00fcrtelschlaufen zu erleichtern, verbreitert sich die Form bis zu 4\u201c im Lendenbereich nach einem anatomischen Design, um ein Komfortpolster zu schaffen. ieses Design erh\u00f6ht nicht nur den allgemeinen Komfort im Lendenbereich, sondern erm\u00f6glicht auch die stabile Befestigung wichtiger Ausr\u00fcstungsgegenst\u00e4nde wie z. B. des individuellen Erste-Hilfe-Kits (IFAK), das normalerweise in diesem Bereich angebracht wird.<\/p>\n<h4><strong>Abmessungen:<\/strong><\/h4>\n<p>&#8211; SM 80-92 cm<br \/>\n&#8211; MD 88-100 cm<br \/>\n&#8211; LG 96-108 cm<br \/>\n&#8211; XL 104-116 cm<\/p>\n<p><strong>ACHTUNG: Die Ma\u00dfe beziehen sich auf den Innenumfang des geschlossenen Bunds. Um die richtige Gr\u00f6\u00dfe zu ermitteln, tragen Sie die Kleidungsst\u00fccke, die Sie zusammen mit dem G\u00fcrtel verwenden w\u00fcrden, und den COBRA Trousers Inner Belt oder einen \u00e4hnlichen G\u00fcrtel und messen Sie dann Ihren Taillenumfang mit einem weichen Ma\u00dfband direkt \u00fcber dem G\u00fcrtel. Wenn Sie kein weiches Ma\u00dfband haben, k\u00f6nnen Sie ein unelastisches Seil verwenden und es dann mit einem harten Messger\u00e4t messen.<\/strong><\/p>\n<p>Die Liebe zum Detail, kombiniert mit individuellem Design, bietet ein einzigartiges Produkt, das unser Engagement f\u00fcr &#8220;State of the Art&#8221;-Milit\u00e4rtechnik widerspiegelt.<\/p>\n<p><iframe loading=\"lazy\" title=\"FROG PRO\u00ae | Tailored gear, human made.\" width=\"1170\" height=\"658\" src=\"https:\/\/www.youtube.com\/embed\/7d5tz3DPVU4?feature=oembed&#038;enablejsapi=1&#038;origin=https:\/\/eshop.tca.sk\" frameborder=\"0\" allow=\"accelerometer; autoplay; clipboard-write; encrypted-media; gyroscope; picture-in-picture; web-share\" referrerpolicy=\"strict-origin-when-cross-origin\" allowfullscreen><\/iframe><\/p>\n<p>&nbsp;<\/p>\n","protected":false},"excerpt":{"rendered":"<p><img loading=\"lazy\" decoding=\"async\" class=\"alignnone wp-image-10791\" src=\"https:\/\/eshop.tca.sk\/wp-content\/uploads\/2024\/04\/FROG.png\" alt=\"\" width=\"144\" height=\"66\" srcset=\"https:\/\/eshop.tca.sk\/wp-content\/uploads\/2024\/04\/FROG.png 291w, https:\/\/eshop.tca.sk\/wp-content\/uploads\/2024\/04\/FROG-24x11.png 24w, https:\/\/eshop.tca.sk\/wp-content\/uploads\/2024\/04\/FROG-36x16.png 36w, https:\/\/eshop.tca.sk\/wp-content\/uploads\/2024\/04\/FROG-48x22.png 48w\" sizes=\"auto, (max-width: 144px) 100vw, 144px\" \/><\/p>\n<p><strong>Der Monte Cervino Tactical Belt <\/strong> hebt sich im Panorama der taktischen G\u00fcrtel durch die Einf\u00fchrung neuer und einzigartiger technischer und gestalterischer Elemente ab, die ihn zum perfekten taktischen G\u00fcrtel machen, der von den anspruchsvollsten Anwendern gew\u00e4hlt wird: leicht, robust, langlebig, komfortabel, sicher.<\/p>\n<p><img loading=\"lazy\" decoding=\"async\" class=\"wp-image-8564 alignnone\" src=\"https:\/\/eshop.tca.sk\/wp-content\/uploads\/2023\/04\/Logo-Whack-Black-White-R-APPROVED.png\" alt=\"\" width=\"138\" height=\"75\" srcset=\"https:\/\/eshop.tca.sk\/wp-content\/uploads\/2023\/04\/Logo-Whack-Black-White-R-APPROVED.png 571w, https:\/\/eshop.tca.sk\/wp-content\/uploads\/2023\/04\/Logo-Whack-Black-White-R-APPROVED-300x163.png 300w\" sizes=\"auto, (max-width: 138px) 100vw, 138px\" \/><\/p>\n","protected":false},"featured_media":13594,"template":"","meta":{"inline_featured_image":false},"product_brand":[],"product_cat":[323,324],"product_tag":[565],"giftcard-category":[],"class_list":{"0":"post-13569","1":"product","2":"type-product","3":"status-publish","4":"has-post-thumbnail","6":"product_cat-ausruestung","7":"product_cat-guertel","8":"product_tag-frog-pro-de","10":"first","11":"instock","12":"taxable","13":"shipping-taxable","14":"purchasable","15":"product-type-variable"},"yoast_head":"<!-- This site is optimized with the Yoast SEO plugin v26.4 - https:\/\/yoast.com\/wordpress\/plugins\/seo\/ -->\n<title>Taktischer G\u00fcrtel FROG.PRO Monte Cervino Tactical Belt BLACK - TCA eShop - Tactical Combat Academy<\/title>\n<meta name=\"description\" content=\"Der Monte Cervino Tactical Belt hebt sich im Panorama der taktischen G\u00fcrtel durch die Einf\u00fchrung neuer und einzigartiger technischer und gestalterischer Elemente ab, die ihn zum perfekten taktischen G\u00fcrtel machen, der von den anspruchsvollsten Anwendern gew\u00e4hlt wird: leicht, robust, langlebig, komfortabel, sicher.\" \/>\n<meta name=\"robots\" content=\"index, follow, max-snippet:-1, max-image-preview:large, max-video-preview:-1\" \/>\n<link rel=\"canonical\" href=\"https:\/\/eshop.tca.sk\/de\/ausruestung\/taktischer-guertel-frog-pro-monte-cervino-tactical-belt-black\/\" \/>\n<meta property=\"og:locale\" content=\"de_DE\" \/>\n<meta property=\"og:type\" content=\"article\" \/>\n<meta property=\"og:title\" content=\"Taktischer G\u00fcrtel FROG.PRO Monte Cervino Tactical Belt BLACK - TCA eShop - Tactical Combat Academy\" \/>\n<meta property=\"og:description\" content=\"Der Monte Cervino Tactical Belt hebt sich im Panorama der taktischen G\u00fcrtel durch die Einf\u00fchrung neuer und einzigartiger technischer und gestalterischer Elemente ab, die ihn zum perfekten taktischen G\u00fcrtel machen, der von den anspruchsvollsten Anwendern gew\u00e4hlt wird: leicht, robust, langlebig, komfortabel, sicher.\" \/>\n<meta property=\"og:url\" content=\"https:\/\/eshop.tca.sk\/de\/ausruestung\/taktischer-guertel-frog-pro-monte-cervino-tactical-belt-black\/\" \/>\n<meta property=\"og:site_name\" content=\"TCA eShop - Tactical Combat Academy\" \/>\n<meta property=\"article:modified_time\" content=\"2025-11-23T16:37:05+00:00\" \/>\n<meta property=\"og:image\" content=\"https:\/\/eshop.tca.sk\/wp-content\/uploads\/2024\/10\/FROG.PRO-monte-cervino-black.jpg\" \/>\n\t<meta property=\"og:image:width\" content=\"1000\" \/>\n\t<meta property=\"og:image:height\" content=\"1000\" \/>\n\t<meta property=\"og:image:type\" content=\"image\/jpeg\" \/>\n<meta name=\"twitter:card\" content=\"summary_large_image\" \/>\n<script type=\"application\/ld+json\" class=\"yoast-schema-graph\">{\"@context\":\"https:\/\/schema.org\",\"@graph\":[{\"@type\":\"WebPage\",\"@id\":\"https:\/\/eshop.tca.sk\/de\/ausruestung\/taktischer-guertel-frog-pro-monte-cervino-tactical-belt-black\/\",\"url\":\"https:\/\/eshop.tca.sk\/de\/ausruestung\/taktischer-guertel-frog-pro-monte-cervino-tactical-belt-black\/\",\"name\":\"Taktischer G\u00fcrtel FROG.PRO Monte Cervino Tactical Belt BLACK - TCA eShop - Tactical Combat Academy\",\"isPartOf\":{\"@id\":\"https:\/\/eshop.tca.sk\/de\/#website\"},\"primaryImageOfPage\":{\"@id\":\"https:\/\/eshop.tca.sk\/de\/ausruestung\/taktischer-guertel-frog-pro-monte-cervino-tactical-belt-black\/#primaryimage\"},\"image\":{\"@id\":\"https:\/\/eshop.tca.sk\/de\/ausruestung\/taktischer-guertel-frog-pro-monte-cervino-tactical-belt-black\/#primaryimage\"},\"thumbnailUrl\":\"https:\/\/eshop.tca.sk\/wp-content\/uploads\/2024\/10\/FROG.PRO-monte-cervino-black.jpg\",\"datePublished\":\"2024-10-22T10:18:25+00:00\",\"dateModified\":\"2025-11-23T16:37:05+00:00\",\"description\":\"Der Monte Cervino Tactical Belt hebt sich im Panorama der taktischen G\u00fcrtel durch die Einf\u00fchrung neuer und einzigartiger technischer und gestalterischer Elemente ab, die ihn zum perfekten taktischen G\u00fcrtel machen, der von den anspruchsvollsten Anwendern gew\u00e4hlt wird: leicht, robust, langlebig, komfortabel, sicher.\",\"breadcrumb\":{\"@id\":\"https:\/\/eshop.tca.sk\/de\/ausruestung\/taktischer-guertel-frog-pro-monte-cervino-tactical-belt-black\/#breadcrumb\"},\"inLanguage\":\"de\",\"potentialAction\":[{\"@type\":\"ReadAction\",\"target\":[\"https:\/\/eshop.tca.sk\/de\/ausruestung\/taktischer-guertel-frog-pro-monte-cervino-tactical-belt-black\/\"]}]},{\"@type\":\"ImageObject\",\"inLanguage\":\"de\",\"@id\":\"https:\/\/eshop.tca.sk\/de\/ausruestung\/taktischer-guertel-frog-pro-monte-cervino-tactical-belt-black\/#primaryimage\",\"url\":\"https:\/\/eshop.tca.sk\/wp-content\/uploads\/2024\/10\/FROG.PRO-monte-cervino-black.jpg\",\"contentUrl\":\"https:\/\/eshop.tca.sk\/wp-content\/uploads\/2024\/10\/FROG.PRO-monte-cervino-black.jpg\",\"width\":1000,\"height\":1000},{\"@type\":\"BreadcrumbList\",\"@id\":\"https:\/\/eshop.tca.sk\/de\/ausruestung\/taktischer-guertel-frog-pro-monte-cervino-tactical-belt-black\/#breadcrumb\",\"itemListElement\":[{\"@type\":\"ListItem\",\"position\":1,\"name\":\"Domovsk\u00e1 str\u00e1nka\",\"item\":\"https:\/\/eshop.tca.sk\/de\/\"},{\"@type\":\"ListItem\",\"position\":2,\"name\":\"Shop\",\"item\":\"https:\/\/eshop.tca.sk\/de\/shop\/\"},{\"@type\":\"ListItem\",\"position\":3,\"name\":\"Taktischer G\u00fcrtel FROG.PRO Monte Cervino Tactical Belt BLACK\"}]},{\"@type\":\"WebSite\",\"@id\":\"https:\/\/eshop.tca.sk\/de\/#website\",\"url\":\"https:\/\/eshop.tca.sk\/de\/\",\"name\":\"TCA eShop - Tactical Combat Academy\",\"description\":\"Tactical Combat Academy\",\"publisher\":{\"@id\":\"https:\/\/eshop.tca.sk\/de\/#organization\"},\"potentialAction\":[{\"@type\":\"SearchAction\",\"target\":{\"@type\":\"EntryPoint\",\"urlTemplate\":\"https:\/\/eshop.tca.sk\/de\/?s={search_term_string}\"},\"query-input\":{\"@type\":\"PropertyValueSpecification\",\"valueRequired\":true,\"valueName\":\"search_term_string\"}}],\"inLanguage\":\"de\"},{\"@type\":\"Organization\",\"@id\":\"https:\/\/eshop.tca.sk\/de\/#organization\",\"name\":\"TCA eShop - Tactical Combat Academy\",\"url\":\"https:\/\/eshop.tca.sk\/de\/\",\"logo\":{\"@type\":\"ImageObject\",\"inLanguage\":\"de\",\"@id\":\"https:\/\/eshop.tca.sk\/de\/#\/schema\/logo\/image\/\",\"url\":\"https:\/\/eshop.tca.sk\/wp-content\/uploads\/2025\/06\/logo-new-header.png\",\"contentUrl\":\"https:\/\/eshop.tca.sk\/wp-content\/uploads\/2025\/06\/logo-new-header.png\",\"width\":300,\"height\":294,\"caption\":\"TCA eShop - Tactical Combat Academy\"},\"image\":{\"@id\":\"https:\/\/eshop.tca.sk\/de\/#\/schema\/logo\/image\/\"}}]}<\/script>\n<!-- \/ Yoast SEO plugin. -->","yoast_head_json":{"title":"Taktischer G\u00fcrtel FROG.PRO Monte Cervino Tactical Belt BLACK - TCA eShop - Tactical Combat Academy","description":"Der Monte Cervino Tactical Belt hebt sich im Panorama der taktischen G\u00fcrtel durch die Einf\u00fchrung neuer und einzigartiger technischer und gestalterischer Elemente ab, die ihn zum perfekten taktischen G\u00fcrtel machen, der von den anspruchsvollsten Anwendern gew\u00e4hlt wird: leicht, robust, langlebig, komfortabel, sicher.","robots":{"index":"index","follow":"follow","max-snippet":"max-snippet:-1","max-image-preview":"max-image-preview:large","max-video-preview":"max-video-preview:-1"},"canonical":"https:\/\/eshop.tca.sk\/de\/ausruestung\/taktischer-guertel-frog-pro-monte-cervino-tactical-belt-black\/","og_locale":"de_DE","og_type":"article","og_title":"Taktischer G\u00fcrtel FROG.PRO Monte Cervino Tactical Belt BLACK - TCA eShop - Tactical Combat Academy","og_description":"Der Monte Cervino Tactical Belt hebt sich im Panorama der taktischen G\u00fcrtel durch die Einf\u00fchrung neuer und einzigartiger technischer und gestalterischer Elemente ab, die ihn zum perfekten taktischen G\u00fcrtel machen, der von den anspruchsvollsten Anwendern gew\u00e4hlt wird: leicht, robust, langlebig, komfortabel, sicher.","og_url":"https:\/\/eshop.tca.sk\/de\/ausruestung\/taktischer-guertel-frog-pro-monte-cervino-tactical-belt-black\/","og_site_name":"TCA eShop - Tactical Combat Academy","article_modified_time":"2025-11-23T16:37:05+00:00","og_image":[{"width":1000,"height":1000,"url":"https:\/\/eshop.tca.sk\/wp-content\/uploads\/2024\/10\/FROG.PRO-monte-cervino-black.jpg","type":"image\/jpeg"}],"twitter_card":"summary_large_image","schema":{"@context":"https:\/\/schema.org","@graph":[{"@type":"WebPage","@id":"https:\/\/eshop.tca.sk\/de\/ausruestung\/taktischer-guertel-frog-pro-monte-cervino-tactical-belt-black\/","url":"https:\/\/eshop.tca.sk\/de\/ausruestung\/taktischer-guertel-frog-pro-monte-cervino-tactical-belt-black\/","name":"Taktischer G\u00fcrtel FROG.PRO Monte Cervino Tactical Belt BLACK - TCA eShop - Tactical Combat Academy","isPartOf":{"@id":"https:\/\/eshop.tca.sk\/de\/#website"},"primaryImageOfPage":{"@id":"https:\/\/eshop.tca.sk\/de\/ausruestung\/taktischer-guertel-frog-pro-monte-cervino-tactical-belt-black\/#primaryimage"},"image":{"@id":"https:\/\/eshop.tca.sk\/de\/ausruestung\/taktischer-guertel-frog-pro-monte-cervino-tactical-belt-black\/#primaryimage"},"thumbnailUrl":"https:\/\/eshop.tca.sk\/wp-content\/uploads\/2024\/10\/FROG.PRO-monte-cervino-black.jpg","datePublished":"2024-10-22T10:18:25+00:00","dateModified":"2025-11-23T16:37:05+00:00","description":"Der Monte Cervino Tactical Belt hebt sich im Panorama der taktischen G\u00fcrtel durch die Einf\u00fchrung neuer und einzigartiger technischer und gestalterischer Elemente ab, die ihn zum perfekten taktischen G\u00fcrtel machen, der von den anspruchsvollsten Anwendern gew\u00e4hlt wird: leicht, robust, langlebig, komfortabel, sicher.","breadcrumb":{"@id":"https:\/\/eshop.tca.sk\/de\/ausruestung\/taktischer-guertel-frog-pro-monte-cervino-tactical-belt-black\/#breadcrumb"},"inLanguage":"de","potentialAction":[{"@type":"ReadAction","target":["https:\/\/eshop.tca.sk\/de\/ausruestung\/taktischer-guertel-frog-pro-monte-cervino-tactical-belt-black\/"]}]},{"@type":"ImageObject","inLanguage":"de","@id":"https:\/\/eshop.tca.sk\/de\/ausruestung\/taktischer-guertel-frog-pro-monte-cervino-tactical-belt-black\/#primaryimage","url":"https:\/\/eshop.tca.sk\/wp-content\/uploads\/2024\/10\/FROG.PRO-monte-cervino-black.jpg","contentUrl":"https:\/\/eshop.tca.sk\/wp-content\/uploads\/2024\/10\/FROG.PRO-monte-cervino-black.jpg","width":1000,"height":1000},{"@type":"BreadcrumbList","@id":"https:\/\/eshop.tca.sk\/de\/ausruestung\/taktischer-guertel-frog-pro-monte-cervino-tactical-belt-black\/#breadcrumb","itemListElement":[{"@type":"ListItem","position":1,"name":"Domovsk\u00e1 str\u00e1nka","item":"https:\/\/eshop.tca.sk\/de\/"},{"@type":"ListItem","position":2,"name":"Shop","item":"https:\/\/eshop.tca.sk\/de\/shop\/"},{"@type":"ListItem","position":3,"name":"Taktischer G\u00fcrtel FROG.PRO Monte Cervino Tactical Belt BLACK"}]},{"@type":"WebSite","@id":"https:\/\/eshop.tca.sk\/de\/#website","url":"https:\/\/eshop.tca.sk\/de\/","name":"TCA eShop - Tactical Combat Academy","description":"Tactical Combat Academy","publisher":{"@id":"https:\/\/eshop.tca.sk\/de\/#organization"},"potentialAction":[{"@type":"SearchAction","target":{"@type":"EntryPoint","urlTemplate":"https:\/\/eshop.tca.sk\/de\/?s={search_term_string}"},"query-input":{"@type":"PropertyValueSpecification","valueRequired":true,"valueName":"search_term_string"}}],"inLanguage":"de"},{"@type":"Organization","@id":"https:\/\/eshop.tca.sk\/de\/#organization","name":"TCA eShop - Tactical Combat Academy","url":"https:\/\/eshop.tca.sk\/de\/","logo":{"@type":"ImageObject","inLanguage":"de","@id":"https:\/\/eshop.tca.sk\/de\/#\/schema\/logo\/image\/","url":"https:\/\/eshop.tca.sk\/wp-content\/uploads\/2025\/06\/logo-new-header.png","contentUrl":"https:\/\/eshop.tca.sk\/wp-content\/uploads\/2025\/06\/logo-new-header.png","width":300,"height":294,"caption":"TCA eShop - Tactical Combat Academy"},"image":{"@id":"https:\/\/eshop.tca.sk\/de\/#\/schema\/logo\/image\/"}}]}},"_links":{"self":[{"href":"https:\/\/eshop.tca.sk\/de\/wp-json\/wp\/v2\/product\/13569","targetHints":{"allow":["GET"]}}],"collection":[{"href":"https:\/\/eshop.tca.sk\/de\/wp-json\/wp\/v2\/product"}],"about":[{"href":"https:\/\/eshop.tca.sk\/de\/wp-json\/wp\/v2\/types\/product"}],"wp:featuredmedia":[{"embeddable":true,"href":"https:\/\/eshop.tca.sk\/de\/wp-json\/wp\/v2\/media\/13594"}],"wp:attachment":[{"href":"https:\/\/eshop.tca.sk\/de\/wp-json\/wp\/v2\/media?parent=13569"}],"wp:term":[{"taxonomy":"product_brand","embeddable":true,"href":"https:\/\/eshop.tca.sk\/de\/wp-json\/wp\/v2\/product_brand?post=13569"},{"taxonomy":"product_cat","embeddable":true,"href":"https:\/\/eshop.tca.sk\/de\/wp-json\/wp\/v2\/product_cat?post=13569"},{"taxonomy":"product_tag","embeddable":true,"href":"https:\/\/eshop.tca.sk\/de\/wp-json\/wp\/v2\/product_tag?post=13569"},{"taxonomy":"giftcard-category","embeddable":true,"href":"https:\/\/eshop.tca.sk\/de\/wp-json\/wp\/v2\/giftcard-category?post=13569"}],"curies":[{"name":"wp","href":"https:\/\/api.w.org\/{rel}","templated":true}]}}