{"id":13596,"date":"2024-10-23T12:45:39","date_gmt":"2024-10-23T10:45:39","guid":{"rendered":"https:\/\/eshop.tca.sk\/?post_type=product&#038;p=13596"},"modified":"2025-12-29T14:08:15","modified_gmt":"2025-12-29T13:08:15","slug":"ifak-frog-pro-orthos-med-pouch-black","status":"publish","type":"product","link":"https:\/\/eshop.tca.sk\/de\/medic-de\/ifak-frog-pro-orthos-med-pouch-black\/","title":{"rendered":"IFAK FROG.PRO Orthos MED POUCH BLACK"},"content":{"rendered":"<h3><strong>IFAK FROG.PRO Orthos MED POUCH RANGER BLACK<\/strong><\/h3>\n<p>Die <strong>IFAK Orthos Med Pouch<\/strong> wurde entwickelt, um dem Sch\u00fctzen die M\u00f6glichkeit zu geben, eine leicht zug\u00e4ngliche und individuell anpassbare Erste-Hilfe-Ausr\u00fcstung mit sich zu f\u00fchren, ohne dabei die Menge an Munition oder Ausr\u00fcstung auf seinem Brustgeschirr oder Plattentr\u00e4ger zu reduzieren.<\/p>\n<p>Den Kern des Projekts bildet unser neues, patentiertes <strong>MPO-System (Multi Purpose Organizer)<\/strong>, das nicht nur eine erhebliche Gewichtsreduzierung, sondern auch unendliche Anpassungsm\u00f6glichkeiten bietet und damit das statische Konzept klassischer Erste-Hilfe-K\u00e4sten durchbricht.<\/p>\n<h4><strong>Die Tasche verf\u00fcgt \u00fcber 2 verschiedene Befestigungsm\u00f6glichkeiten:<\/strong><\/h4>\n<p>&#8211; Lasergeschnittene MOLLE-R\u00fcckseite zur Befestigung an PAL-Gurten<br \/>\n&#8211; YKK\u00ae-Rei\u00dfverschluss zur Befestigung unter dem Brustgurt oder Plattentr\u00e4ger \u00fcber <b><br \/>\n  <strong>V2Z-Bauchadapter<\/strong><br \/>\n<\/b>.<\/p>\n<p>Die r\u00f6hrenf\u00f6rmige Konstruktion der Tasche aus elastischem MIL-W-5664 4\u2033-Gurtband bleibt an der Halterung befestigt, w\u00e4hrend der medizinische Inhalt, der auf zwei 4&#215;3 <strong><b>Mehrzweck-Organizer<\/b><\/strong> mit Griff mit einer Hand von beiden Seiten entnommen werden kann. Die R\u00fcckhaltung des Inhalts kann mit zwei seitlichen Bungee-Systemen, die durch die Tasche gef\u00fchrt und mit ITW Nexus Cordloc gesichert werden, frei eingestellt werden.<\/p>\n<p>Die Orthos Med Pouch hat ein integriertes Fach f\u00fcr Nitrilhandschuhe und ein spezielles Fach f\u00fcr einen Tourniquet mit lasergravierter TQ-Kennung. Die lasergeschnittenen medizinischen Markierungen erm\u00f6glichen es dem Tr\u00e4ger, die Farbe je nach Situation zu w\u00e4hlen, wobei der Einsatz von Hi-Vis auf IR oder reflektierend umgeschaltet werden kann.<\/p>\n<p>Dank des hohen Ma\u00dfes an Modularit\u00e4t, das Mehrzweck-Organizer bieten, kann der Benutzer den Inhalt der Tasche, die Platzierung der Gegenst\u00e4nde und die Aufbewahrungsmethode individuell anpassen, um dem Missionsprofil besser gerecht zu werden.<\/p>\n<p>Hier nur als Beispiel eine Liste medizinischer Artikel, die in die Tasche passen: Z-Fold Combat Gauze\u00ae, WoundClot\u2122, Nasopharyngeal Airway 28F mit Gleitmittel, HyFin\u00ae Vent Chest Seal Twin Pack, ARS\u00ae Needle Decompression Kit, Nitrilhandschuhe, israelische Binde.<\/p>\n<p><strong>Das Basisset enth\u00e4lt:<\/strong><\/p>\n<p>&#8211; n.1 Orthos Med Pouch<br \/>\n&#8211; n.1 schwarzer Kunststoffeinsatz f\u00fcr medizinisches Kreuz<br \/>\n&#8211; n.2 Mehrzweck-Organizer mit 4\u00d73 Griffen<br \/>\n&#8211; n.1 ITW Nexus\u00ae Tactical Toggle<br \/>\n&#8211; n.4 ITW Nexus\u00ae GTSP Cordloc<br \/>\n&#8211; n.3 Meter 1\/8\u2033 Schlagschnur<\/p>\n<p>Die Liebe zum Detail, kombiniert mit individuellem Design, bietet ein einzigartiges Produkt, das unser Engagement f\u00fcr &#8220;State of the Art&#8221;-Milit\u00e4rtechnik widerspiegelt.<\/p>\n<p><iframe loading=\"lazy\" title=\"FROG PRO\u00ae | Tailored gear, human made.\" width=\"1170\" height=\"658\" src=\"https:\/\/www.youtube.com\/embed\/7d5tz3DPVU4?feature=oembed&#038;enablejsapi=1&#038;origin=https:\/\/eshop.tca.sk\" frameborder=\"0\" allow=\"accelerometer; autoplay; clipboard-write; encrypted-media; gyroscope; picture-in-picture; web-share\" referrerpolicy=\"strict-origin-when-cross-origin\" allowfullscreen><\/iframe><\/p>\n<p>&nbsp;<\/p>\n","protected":false},"excerpt":{"rendered":"<p><img loading=\"lazy\" decoding=\"async\" class=\"alignnone wp-image-10791\" src=\"https:\/\/eshop.tca.sk\/wp-content\/uploads\/2024\/04\/FROG.png\" alt=\"\" width=\"144\" height=\"66\" srcset=\"https:\/\/eshop.tca.sk\/wp-content\/uploads\/2024\/04\/FROG.png 291w, https:\/\/eshop.tca.sk\/wp-content\/uploads\/2024\/04\/FROG-24x11.png 24w, https:\/\/eshop.tca.sk\/wp-content\/uploads\/2024\/04\/FROG-36x16.png 36w, https:\/\/eshop.tca.sk\/wp-content\/uploads\/2024\/04\/FROG-48x22.png 48w\" sizes=\"auto, (max-width: 144px) 100vw, 144px\" \/><\/p>\n<p>Die <strong>IFAK Orthos Med Pouch<\/strong> wurde entwickelt, um dem Sch\u00fctzen die M\u00f6glichkeit zu geben, eine leicht zug\u00e4ngliche und individuell anpassbare Erste-Hilfe-Ausr\u00fcstung mit sich zu f\u00fchren, ohne dabei die Menge an Munition oder Ausr\u00fcstung auf seinem Brustgeschirr oder Plattentr\u00e4ger zu reduzieren.<\/p>\n<p><img loading=\"lazy\" decoding=\"async\" class=\"wp-image-8564 alignnone\" src=\"https:\/\/eshop.tca.sk\/wp-content\/uploads\/2023\/04\/Logo-Whack-Black-White-R-APPROVED.png\" alt=\"\" width=\"138\" height=\"75\" srcset=\"https:\/\/eshop.tca.sk\/wp-content\/uploads\/2023\/04\/Logo-Whack-Black-White-R-APPROVED.png 571w, https:\/\/eshop.tca.sk\/wp-content\/uploads\/2023\/04\/Logo-Whack-Black-White-R-APPROVED-300x163.png 300w\" sizes=\"auto, (max-width: 138px) 100vw, 138px\" \/><\/p>\n","protected":false},"featured_media":13598,"template":"","meta":{"inline_featured_image":false},"product_brand":[],"product_cat":[468],"product_tag":[565],"giftcard-category":[],"class_list":{"0":"post-13596","1":"product","2":"type-product","3":"status-publish","4":"has-post-thumbnail","6":"product_cat-medic-de","7":"product_tag-frog-pro-de","9":"first","10":"instock","11":"taxable","12":"shipping-taxable","13":"purchasable","14":"product-type-simple"},"yoast_head":"<!-- This site is optimized with the Yoast SEO plugin v26.4 - https:\/\/yoast.com\/wordpress\/plugins\/seo\/ -->\n<title>IFAK FROG.PRO Orthos MED POUCH BLACK - TCA eShop - Tactical Combat Academy<\/title>\n<meta name=\"description\" content=\"Die IFAK Orthos Med Pouch wurde entwickelt, um dem Sch\u00fctzen die M\u00f6glichkeit zu geben, eine leicht zug\u00e4ngliche und individuell anpassbare Erste-Hilfe-Ausr\u00fcstung mit sich zu f\u00fchren, ohne dabei die Menge an Munition oder Ausr\u00fcstung auf seinem Brustgeschirr oder Plattentr\u00e4ger zu reduzieren.\" \/>\n<meta name=\"robots\" content=\"index, follow, max-snippet:-1, max-image-preview:large, max-video-preview:-1\" \/>\n<link rel=\"canonical\" href=\"https:\/\/eshop.tca.sk\/de\/medic-de\/ifak-frog-pro-orthos-med-pouch-black\/\" \/>\n<meta property=\"og:locale\" content=\"de_DE\" \/>\n<meta property=\"og:type\" content=\"article\" \/>\n<meta property=\"og:title\" content=\"IFAK FROG.PRO Orthos MED POUCH BLACK - TCA eShop - Tactical Combat Academy\" \/>\n<meta property=\"og:description\" content=\"Die IFAK Orthos Med Pouch wurde entwickelt, um dem Sch\u00fctzen die M\u00f6glichkeit zu geben, eine leicht zug\u00e4ngliche und individuell anpassbare Erste-Hilfe-Ausr\u00fcstung mit sich zu f\u00fchren, ohne dabei die Menge an Munition oder Ausr\u00fcstung auf seinem Brustgeschirr oder Plattentr\u00e4ger zu reduzieren.\" \/>\n<meta property=\"og:url\" content=\"https:\/\/eshop.tca.sk\/de\/medic-de\/ifak-frog-pro-orthos-med-pouch-black\/\" \/>\n<meta property=\"og:site_name\" content=\"TCA eShop - Tactical Combat Academy\" \/>\n<meta property=\"article:modified_time\" content=\"2025-12-29T13:08:15+00:00\" \/>\n<meta property=\"og:image\" content=\"https:\/\/eshop.tca.sk\/wp-content\/uploads\/2024\/10\/FROG.PRO-orthos-black.jpg\" \/>\n\t<meta property=\"og:image:width\" content=\"1000\" \/>\n\t<meta property=\"og:image:height\" content=\"1000\" \/>\n\t<meta property=\"og:image:type\" content=\"image\/jpeg\" \/>\n<meta name=\"twitter:card\" content=\"summary_large_image\" \/>\n<script type=\"application\/ld+json\" class=\"yoast-schema-graph\">{\"@context\":\"https:\/\/schema.org\",\"@graph\":[{\"@type\":\"WebPage\",\"@id\":\"https:\/\/eshop.tca.sk\/de\/medic-de\/ifak-frog-pro-orthos-med-pouch-black\/\",\"url\":\"https:\/\/eshop.tca.sk\/de\/medic-de\/ifak-frog-pro-orthos-med-pouch-black\/\",\"name\":\"IFAK FROG.PRO Orthos MED POUCH BLACK - TCA eShop - Tactical Combat Academy\",\"isPartOf\":{\"@id\":\"https:\/\/eshop.tca.sk\/de\/#website\"},\"primaryImageOfPage\":{\"@id\":\"https:\/\/eshop.tca.sk\/de\/medic-de\/ifak-frog-pro-orthos-med-pouch-black\/#primaryimage\"},\"image\":{\"@id\":\"https:\/\/eshop.tca.sk\/de\/medic-de\/ifak-frog-pro-orthos-med-pouch-black\/#primaryimage\"},\"thumbnailUrl\":\"https:\/\/eshop.tca.sk\/wp-content\/uploads\/2024\/10\/FROG.PRO-orthos-black.jpg\",\"datePublished\":\"2024-10-23T10:45:39+00:00\",\"dateModified\":\"2025-12-29T13:08:15+00:00\",\"description\":\"Die IFAK Orthos Med Pouch wurde entwickelt, um dem Sch\u00fctzen die M\u00f6glichkeit zu geben, eine leicht zug\u00e4ngliche und individuell anpassbare Erste-Hilfe-Ausr\u00fcstung mit sich zu f\u00fchren, ohne dabei die Menge an Munition oder Ausr\u00fcstung auf seinem Brustgeschirr oder Plattentr\u00e4ger zu reduzieren.\",\"breadcrumb\":{\"@id\":\"https:\/\/eshop.tca.sk\/de\/medic-de\/ifak-frog-pro-orthos-med-pouch-black\/#breadcrumb\"},\"inLanguage\":\"de\",\"potentialAction\":[{\"@type\":\"ReadAction\",\"target\":[\"https:\/\/eshop.tca.sk\/de\/medic-de\/ifak-frog-pro-orthos-med-pouch-black\/\"]}]},{\"@type\":\"ImageObject\",\"inLanguage\":\"de\",\"@id\":\"https:\/\/eshop.tca.sk\/de\/medic-de\/ifak-frog-pro-orthos-med-pouch-black\/#primaryimage\",\"url\":\"https:\/\/eshop.tca.sk\/wp-content\/uploads\/2024\/10\/FROG.PRO-orthos-black.jpg\",\"contentUrl\":\"https:\/\/eshop.tca.sk\/wp-content\/uploads\/2024\/10\/FROG.PRO-orthos-black.jpg\",\"width\":1000,\"height\":1000},{\"@type\":\"BreadcrumbList\",\"@id\":\"https:\/\/eshop.tca.sk\/de\/medic-de\/ifak-frog-pro-orthos-med-pouch-black\/#breadcrumb\",\"itemListElement\":[{\"@type\":\"ListItem\",\"position\":1,\"name\":\"Domovsk\u00e1 str\u00e1nka\",\"item\":\"https:\/\/eshop.tca.sk\/de\/\"},{\"@type\":\"ListItem\",\"position\":2,\"name\":\"Shop\",\"item\":\"https:\/\/eshop.tca.sk\/de\/shop\/\"},{\"@type\":\"ListItem\",\"position\":3,\"name\":\"IFAK FROG.PRO Orthos MED POUCH BLACK\"}]},{\"@type\":\"WebSite\",\"@id\":\"https:\/\/eshop.tca.sk\/de\/#website\",\"url\":\"https:\/\/eshop.tca.sk\/de\/\",\"name\":\"TCA eShop - Tactical Combat Academy\",\"description\":\"Tactical Combat Academy\",\"publisher\":{\"@id\":\"https:\/\/eshop.tca.sk\/de\/#organization\"},\"potentialAction\":[{\"@type\":\"SearchAction\",\"target\":{\"@type\":\"EntryPoint\",\"urlTemplate\":\"https:\/\/eshop.tca.sk\/de\/?s={search_term_string}\"},\"query-input\":{\"@type\":\"PropertyValueSpecification\",\"valueRequired\":true,\"valueName\":\"search_term_string\"}}],\"inLanguage\":\"de\"},{\"@type\":\"Organization\",\"@id\":\"https:\/\/eshop.tca.sk\/de\/#organization\",\"name\":\"TCA eShop - Tactical Combat Academy\",\"url\":\"https:\/\/eshop.tca.sk\/de\/\",\"logo\":{\"@type\":\"ImageObject\",\"inLanguage\":\"de\",\"@id\":\"https:\/\/eshop.tca.sk\/de\/#\/schema\/logo\/image\/\",\"url\":\"https:\/\/eshop.tca.sk\/wp-content\/uploads\/2025\/06\/logo-new-header.png\",\"contentUrl\":\"https:\/\/eshop.tca.sk\/wp-content\/uploads\/2025\/06\/logo-new-header.png\",\"width\":300,\"height\":294,\"caption\":\"TCA eShop - Tactical Combat Academy\"},\"image\":{\"@id\":\"https:\/\/eshop.tca.sk\/de\/#\/schema\/logo\/image\/\"}}]}<\/script>\n<!-- \/ Yoast SEO plugin. -->","yoast_head_json":{"title":"IFAK FROG.PRO Orthos MED POUCH BLACK - TCA eShop - Tactical Combat Academy","description":"Die IFAK Orthos Med Pouch wurde entwickelt, um dem Sch\u00fctzen die M\u00f6glichkeit zu geben, eine leicht zug\u00e4ngliche und individuell anpassbare Erste-Hilfe-Ausr\u00fcstung mit sich zu f\u00fchren, ohne dabei die Menge an Munition oder Ausr\u00fcstung auf seinem Brustgeschirr oder Plattentr\u00e4ger zu reduzieren.","robots":{"index":"index","follow":"follow","max-snippet":"max-snippet:-1","max-image-preview":"max-image-preview:large","max-video-preview":"max-video-preview:-1"},"canonical":"https:\/\/eshop.tca.sk\/de\/medic-de\/ifak-frog-pro-orthos-med-pouch-black\/","og_locale":"de_DE","og_type":"article","og_title":"IFAK FROG.PRO Orthos MED POUCH BLACK - TCA eShop - Tactical Combat Academy","og_description":"Die IFAK Orthos Med Pouch wurde entwickelt, um dem Sch\u00fctzen die M\u00f6glichkeit zu geben, eine leicht zug\u00e4ngliche und individuell anpassbare Erste-Hilfe-Ausr\u00fcstung mit sich zu f\u00fchren, ohne dabei die Menge an Munition oder Ausr\u00fcstung auf seinem Brustgeschirr oder Plattentr\u00e4ger zu reduzieren.","og_url":"https:\/\/eshop.tca.sk\/de\/medic-de\/ifak-frog-pro-orthos-med-pouch-black\/","og_site_name":"TCA eShop - Tactical Combat Academy","article_modified_time":"2025-12-29T13:08:15+00:00","og_image":[{"width":1000,"height":1000,"url":"https:\/\/eshop.tca.sk\/wp-content\/uploads\/2024\/10\/FROG.PRO-orthos-black.jpg","type":"image\/jpeg"}],"twitter_card":"summary_large_image","schema":{"@context":"https:\/\/schema.org","@graph":[{"@type":"WebPage","@id":"https:\/\/eshop.tca.sk\/de\/medic-de\/ifak-frog-pro-orthos-med-pouch-black\/","url":"https:\/\/eshop.tca.sk\/de\/medic-de\/ifak-frog-pro-orthos-med-pouch-black\/","name":"IFAK FROG.PRO Orthos MED POUCH BLACK - TCA eShop - Tactical Combat Academy","isPartOf":{"@id":"https:\/\/eshop.tca.sk\/de\/#website"},"primaryImageOfPage":{"@id":"https:\/\/eshop.tca.sk\/de\/medic-de\/ifak-frog-pro-orthos-med-pouch-black\/#primaryimage"},"image":{"@id":"https:\/\/eshop.tca.sk\/de\/medic-de\/ifak-frog-pro-orthos-med-pouch-black\/#primaryimage"},"thumbnailUrl":"https:\/\/eshop.tca.sk\/wp-content\/uploads\/2024\/10\/FROG.PRO-orthos-black.jpg","datePublished":"2024-10-23T10:45:39+00:00","dateModified":"2025-12-29T13:08:15+00:00","description":"Die IFAK Orthos Med Pouch wurde entwickelt, um dem Sch\u00fctzen die M\u00f6glichkeit zu geben, eine leicht zug\u00e4ngliche und individuell anpassbare Erste-Hilfe-Ausr\u00fcstung mit sich zu f\u00fchren, ohne dabei die Menge an Munition oder Ausr\u00fcstung auf seinem Brustgeschirr oder Plattentr\u00e4ger zu reduzieren.","breadcrumb":{"@id":"https:\/\/eshop.tca.sk\/de\/medic-de\/ifak-frog-pro-orthos-med-pouch-black\/#breadcrumb"},"inLanguage":"de","potentialAction":[{"@type":"ReadAction","target":["https:\/\/eshop.tca.sk\/de\/medic-de\/ifak-frog-pro-orthos-med-pouch-black\/"]}]},{"@type":"ImageObject","inLanguage":"de","@id":"https:\/\/eshop.tca.sk\/de\/medic-de\/ifak-frog-pro-orthos-med-pouch-black\/#primaryimage","url":"https:\/\/eshop.tca.sk\/wp-content\/uploads\/2024\/10\/FROG.PRO-orthos-black.jpg","contentUrl":"https:\/\/eshop.tca.sk\/wp-content\/uploads\/2024\/10\/FROG.PRO-orthos-black.jpg","width":1000,"height":1000},{"@type":"BreadcrumbList","@id":"https:\/\/eshop.tca.sk\/de\/medic-de\/ifak-frog-pro-orthos-med-pouch-black\/#breadcrumb","itemListElement":[{"@type":"ListItem","position":1,"name":"Domovsk\u00e1 str\u00e1nka","item":"https:\/\/eshop.tca.sk\/de\/"},{"@type":"ListItem","position":2,"name":"Shop","item":"https:\/\/eshop.tca.sk\/de\/shop\/"},{"@type":"ListItem","position":3,"name":"IFAK FROG.PRO Orthos MED POUCH BLACK"}]},{"@type":"WebSite","@id":"https:\/\/eshop.tca.sk\/de\/#website","url":"https:\/\/eshop.tca.sk\/de\/","name":"TCA eShop - Tactical Combat Academy","description":"Tactical Combat Academy","publisher":{"@id":"https:\/\/eshop.tca.sk\/de\/#organization"},"potentialAction":[{"@type":"SearchAction","target":{"@type":"EntryPoint","urlTemplate":"https:\/\/eshop.tca.sk\/de\/?s={search_term_string}"},"query-input":{"@type":"PropertyValueSpecification","valueRequired":true,"valueName":"search_term_string"}}],"inLanguage":"de"},{"@type":"Organization","@id":"https:\/\/eshop.tca.sk\/de\/#organization","name":"TCA eShop - Tactical Combat Academy","url":"https:\/\/eshop.tca.sk\/de\/","logo":{"@type":"ImageObject","inLanguage":"de","@id":"https:\/\/eshop.tca.sk\/de\/#\/schema\/logo\/image\/","url":"https:\/\/eshop.tca.sk\/wp-content\/uploads\/2025\/06\/logo-new-header.png","contentUrl":"https:\/\/eshop.tca.sk\/wp-content\/uploads\/2025\/06\/logo-new-header.png","width":300,"height":294,"caption":"TCA eShop - Tactical Combat Academy"},"image":{"@id":"https:\/\/eshop.tca.sk\/de\/#\/schema\/logo\/image\/"}}]}},"_links":{"self":[{"href":"https:\/\/eshop.tca.sk\/de\/wp-json\/wp\/v2\/product\/13596","targetHints":{"allow":["GET"]}}],"collection":[{"href":"https:\/\/eshop.tca.sk\/de\/wp-json\/wp\/v2\/product"}],"about":[{"href":"https:\/\/eshop.tca.sk\/de\/wp-json\/wp\/v2\/types\/product"}],"wp:featuredmedia":[{"embeddable":true,"href":"https:\/\/eshop.tca.sk\/de\/wp-json\/wp\/v2\/media\/13598"}],"wp:attachment":[{"href":"https:\/\/eshop.tca.sk\/de\/wp-json\/wp\/v2\/media?parent=13596"}],"wp:term":[{"taxonomy":"product_brand","embeddable":true,"href":"https:\/\/eshop.tca.sk\/de\/wp-json\/wp\/v2\/product_brand?post=13596"},{"taxonomy":"product_cat","embeddable":true,"href":"https:\/\/eshop.tca.sk\/de\/wp-json\/wp\/v2\/product_cat?post=13596"},{"taxonomy":"product_tag","embeddable":true,"href":"https:\/\/eshop.tca.sk\/de\/wp-json\/wp\/v2\/product_tag?post=13596"},{"taxonomy":"giftcard-category","embeddable":true,"href":"https:\/\/eshop.tca.sk\/de\/wp-json\/wp\/v2\/giftcard-category?post=13596"}],"curies":[{"name":"wp","href":"https:\/\/api.w.org\/{rel}","templated":true}]}}