{"id":13623,"date":"2024-10-23T15:49:48","date_gmt":"2024-10-23T13:49:48","guid":{"rendered":"https:\/\/eshop.tca.sk\/?post_type=product&#038;p=13623"},"modified":"2026-02-13T23:19:05","modified_gmt":"2026-02-13T22:19:05","slug":"montage-arisaka-inline-scout-pro-mount-m-lok","status":"publish","type":"product","link":"https:\/\/eshop.tca.sk\/de\/lampen\/montage-arisaka-inline-scout-pro-mount-m-lok\/","title":{"rendered":"Montage Arisaka Inline Scout Pro Mount M-Lok"},"content":{"rendered":"<h1><strong>Montage Arisaka Inline Scout Pro Mount M-Lok<\/strong><\/h1>\n<p>Die patentierte Arisaka Inline Scout Pro Mount M-Lok-Halterung wurde speziell f\u00fcr die drehbaren Geh\u00e4use der Surefire Scout Light Pro entwickelt.<\/p>\n<p>Diese Montage ist ein Ersatz f\u00fcr die OEM M-Lok Halterung und erm\u00f6glicht eine optimale Platzierung des Lasers. Au\u00dferdem kann sie freitragend verwendet werden, um den Lauf oder den Schalld\u00e4mpfer zu entlasten.<\/p>\n<p>Das patentierte Design hat eine dreieckige Form, die sich nicht verdrehen oder verbiegen l\u00e4sst.<\/p>\n<p>Kompatibel mit den folgenden Surefire Scout Light Pro-Modellen: M140A, M340DFT, M340C, M340V, M640DFT, M640DF, M640U und M640V.<\/p>\n","protected":false},"excerpt":{"rendered":"<p><img loading=\"lazy\" decoding=\"async\" class=\"alignnone wp-image-13624\" src=\"https:\/\/eshop.tca.sk\/wp-content\/uploads\/2024\/10\/IMG_0156.webp\" alt=\"\" width=\"101\" height=\"80\" srcset=\"https:\/\/eshop.tca.sk\/wp-content\/uploads\/2024\/10\/IMG_0156.webp 200w, https:\/\/eshop.tca.sk\/wp-content\/uploads\/2024\/10\/IMG_0156-24x19.webp 24w, https:\/\/eshop.tca.sk\/wp-content\/uploads\/2024\/10\/IMG_0156-36x28.webp 36w, https:\/\/eshop.tca.sk\/wp-content\/uploads\/2024\/10\/IMG_0156-48x38.webp 48w\" sizes=\"auto, (max-width: 101px) 100vw, 101px\" \/><\/p>\n<p>Die Arisaka Inline Scout Pro Mount M-Lok-Montage ist ein Drop-in-Ersatz f\u00fcr die OEM-Montage. Erm\u00f6glicht eine optimale Platzierung der Laser und weniger Schatten.<\/p>\n<p><img loading=\"lazy\" decoding=\"async\" class=\"alignnone wp-image-8564\" src=\"https:\/\/eshop.tca.sk\/wp-content\/uploads\/2023\/04\/Logo-Whack-Black-White-R-APPROVED.png\" alt=\"\" width=\"158\" height=\"86\" srcset=\"https:\/\/eshop.tca.sk\/wp-content\/uploads\/2023\/04\/Logo-Whack-Black-White-R-APPROVED.png 571w, https:\/\/eshop.tca.sk\/wp-content\/uploads\/2023\/04\/Logo-Whack-Black-White-R-APPROVED-300x163.png 300w\" sizes=\"auto, (max-width: 158px) 100vw, 158px\" \/><\/p>\n<p>&nbsp;<\/p>\n","protected":false},"featured_media":13627,"template":"","meta":{"inline_featured_image":false},"product_brand":[],"product_cat":[293],"product_tag":[674,294],"giftcard-category":[],"class_list":{"0":"post-13623","1":"product","2":"type-product","3":"status-publish","4":"has-post-thumbnail","6":"product_cat-lampen","7":"product_tag-arisaka-de","8":"product_tag-surefire-de","10":"first","11":"instock","12":"taxable","13":"shipping-taxable","14":"purchasable","15":"product-type-simple"},"yoast_head":"<!-- This site is optimized with the Yoast SEO plugin v26.4 - https:\/\/yoast.com\/wordpress\/plugins\/seo\/ -->\n<title>Montage Arisaka Inline Scout Pro Mount M-Lok - TCA eShop - Tactical Combat Academy<\/title>\n<meta name=\"description\" content=\"Die Arisaka Inline Scout Pro Mount M-Lok-Montage ist ein Drop-in-Ersatz f\u00fcr die OEM-Montage. Erm\u00f6glicht eine optimale Platzierung der Laser und weniger Schatten.\" \/>\n<meta name=\"robots\" content=\"index, follow, max-snippet:-1, max-image-preview:large, max-video-preview:-1\" \/>\n<link rel=\"canonical\" href=\"https:\/\/eshop.tca.sk\/de\/lampen\/montage-arisaka-inline-scout-pro-mount-m-lok\/\" \/>\n<meta property=\"og:locale\" content=\"de_DE\" \/>\n<meta property=\"og:type\" content=\"article\" \/>\n<meta property=\"og:title\" content=\"Montage Arisaka Inline Scout Pro Mount M-Lok - TCA eShop - Tactical Combat Academy\" \/>\n<meta property=\"og:description\" content=\"Die Arisaka Inline Scout Pro Mount M-Lok-Montage ist ein Drop-in-Ersatz f\u00fcr die OEM-Montage. Erm\u00f6glicht eine optimale Platzierung der Laser und weniger Schatten.\" \/>\n<meta property=\"og:url\" content=\"https:\/\/eshop.tca.sk\/de\/lampen\/montage-arisaka-inline-scout-pro-mount-m-lok\/\" \/>\n<meta property=\"og:site_name\" content=\"TCA eShop - Tactical Combat Academy\" \/>\n<meta property=\"article:modified_time\" content=\"2026-02-13T22:19:05+00:00\" \/>\n<meta property=\"og:image\" content=\"https:\/\/eshop.tca.sk\/wp-content\/uploads\/2024\/10\/Arisaka-inline-pro1.jpg\" \/>\n\t<meta property=\"og:image:width\" content=\"1000\" \/>\n\t<meta property=\"og:image:height\" content=\"1000\" \/>\n\t<meta property=\"og:image:type\" content=\"image\/jpeg\" \/>\n<meta name=\"twitter:card\" content=\"summary_large_image\" \/>\n<script type=\"application\/ld+json\" class=\"yoast-schema-graph\">{\"@context\":\"https:\/\/schema.org\",\"@graph\":[{\"@type\":\"WebPage\",\"@id\":\"https:\/\/eshop.tca.sk\/de\/lampen\/montage-arisaka-inline-scout-pro-mount-m-lok\/\",\"url\":\"https:\/\/eshop.tca.sk\/de\/lampen\/montage-arisaka-inline-scout-pro-mount-m-lok\/\",\"name\":\"Montage Arisaka Inline Scout Pro Mount M-Lok - TCA eShop - Tactical Combat Academy\",\"isPartOf\":{\"@id\":\"https:\/\/eshop.tca.sk\/de\/#website\"},\"primaryImageOfPage\":{\"@id\":\"https:\/\/eshop.tca.sk\/de\/lampen\/montage-arisaka-inline-scout-pro-mount-m-lok\/#primaryimage\"},\"image\":{\"@id\":\"https:\/\/eshop.tca.sk\/de\/lampen\/montage-arisaka-inline-scout-pro-mount-m-lok\/#primaryimage\"},\"thumbnailUrl\":\"https:\/\/eshop.tca.sk\/wp-content\/uploads\/2024\/10\/Arisaka-inline-pro1.jpg\",\"datePublished\":\"2024-10-23T13:49:48+00:00\",\"dateModified\":\"2026-02-13T22:19:05+00:00\",\"description\":\"Die Arisaka Inline Scout Pro Mount M-Lok-Montage ist ein Drop-in-Ersatz f\u00fcr die OEM-Montage. Erm\u00f6glicht eine optimale Platzierung der Laser und weniger Schatten.\",\"breadcrumb\":{\"@id\":\"https:\/\/eshop.tca.sk\/de\/lampen\/montage-arisaka-inline-scout-pro-mount-m-lok\/#breadcrumb\"},\"inLanguage\":\"de\",\"potentialAction\":[{\"@type\":\"ReadAction\",\"target\":[\"https:\/\/eshop.tca.sk\/de\/lampen\/montage-arisaka-inline-scout-pro-mount-m-lok\/\"]}]},{\"@type\":\"ImageObject\",\"inLanguage\":\"de\",\"@id\":\"https:\/\/eshop.tca.sk\/de\/lampen\/montage-arisaka-inline-scout-pro-mount-m-lok\/#primaryimage\",\"url\":\"https:\/\/eshop.tca.sk\/wp-content\/uploads\/2024\/10\/Arisaka-inline-pro1.jpg\",\"contentUrl\":\"https:\/\/eshop.tca.sk\/wp-content\/uploads\/2024\/10\/Arisaka-inline-pro1.jpg\",\"width\":1000,\"height\":1000,\"caption\":\"Mont\u00e1\u017e Arisaka Inline Scout Pro Mount M-Lok\"},{\"@type\":\"BreadcrumbList\",\"@id\":\"https:\/\/eshop.tca.sk\/de\/lampen\/montage-arisaka-inline-scout-pro-mount-m-lok\/#breadcrumb\",\"itemListElement\":[{\"@type\":\"ListItem\",\"position\":1,\"name\":\"Domovsk\u00e1 str\u00e1nka\",\"item\":\"https:\/\/eshop.tca.sk\/de\/\"},{\"@type\":\"ListItem\",\"position\":2,\"name\":\"Shop\",\"item\":\"https:\/\/eshop.tca.sk\/de\/shop\/\"},{\"@type\":\"ListItem\",\"position\":3,\"name\":\"Montage Arisaka Inline Scout Pro Mount M-Lok\"}]},{\"@type\":\"WebSite\",\"@id\":\"https:\/\/eshop.tca.sk\/de\/#website\",\"url\":\"https:\/\/eshop.tca.sk\/de\/\",\"name\":\"TCA eShop - Tactical Combat Academy\",\"description\":\"Tactical Combat Academy\",\"publisher\":{\"@id\":\"https:\/\/eshop.tca.sk\/de\/#organization\"},\"potentialAction\":[{\"@type\":\"SearchAction\",\"target\":{\"@type\":\"EntryPoint\",\"urlTemplate\":\"https:\/\/eshop.tca.sk\/de\/?s={search_term_string}\"},\"query-input\":{\"@type\":\"PropertyValueSpecification\",\"valueRequired\":true,\"valueName\":\"search_term_string\"}}],\"inLanguage\":\"de\"},{\"@type\":\"Organization\",\"@id\":\"https:\/\/eshop.tca.sk\/de\/#organization\",\"name\":\"TCA eShop - Tactical Combat Academy\",\"url\":\"https:\/\/eshop.tca.sk\/de\/\",\"logo\":{\"@type\":\"ImageObject\",\"inLanguage\":\"de\",\"@id\":\"https:\/\/eshop.tca.sk\/de\/#\/schema\/logo\/image\/\",\"url\":\"https:\/\/eshop.tca.sk\/wp-content\/uploads\/2025\/06\/logo-new-header.png\",\"contentUrl\":\"https:\/\/eshop.tca.sk\/wp-content\/uploads\/2025\/06\/logo-new-header.png\",\"width\":300,\"height\":294,\"caption\":\"TCA eShop - Tactical Combat Academy\"},\"image\":{\"@id\":\"https:\/\/eshop.tca.sk\/de\/#\/schema\/logo\/image\/\"}}]}<\/script>\n<!-- \/ Yoast SEO plugin. -->","yoast_head_json":{"title":"Montage Arisaka Inline Scout Pro Mount M-Lok - TCA eShop - Tactical Combat Academy","description":"Die Arisaka Inline Scout Pro Mount M-Lok-Montage ist ein Drop-in-Ersatz f\u00fcr die OEM-Montage. Erm\u00f6glicht eine optimale Platzierung der Laser und weniger Schatten.","robots":{"index":"index","follow":"follow","max-snippet":"max-snippet:-1","max-image-preview":"max-image-preview:large","max-video-preview":"max-video-preview:-1"},"canonical":"https:\/\/eshop.tca.sk\/de\/lampen\/montage-arisaka-inline-scout-pro-mount-m-lok\/","og_locale":"de_DE","og_type":"article","og_title":"Montage Arisaka Inline Scout Pro Mount M-Lok - TCA eShop - Tactical Combat Academy","og_description":"Die Arisaka Inline Scout Pro Mount M-Lok-Montage ist ein Drop-in-Ersatz f\u00fcr die OEM-Montage. Erm\u00f6glicht eine optimale Platzierung der Laser und weniger Schatten.","og_url":"https:\/\/eshop.tca.sk\/de\/lampen\/montage-arisaka-inline-scout-pro-mount-m-lok\/","og_site_name":"TCA eShop - Tactical Combat Academy","article_modified_time":"2026-02-13T22:19:05+00:00","og_image":[{"width":1000,"height":1000,"url":"https:\/\/eshop.tca.sk\/wp-content\/uploads\/2024\/10\/Arisaka-inline-pro1.jpg","type":"image\/jpeg"}],"twitter_card":"summary_large_image","schema":{"@context":"https:\/\/schema.org","@graph":[{"@type":"WebPage","@id":"https:\/\/eshop.tca.sk\/de\/lampen\/montage-arisaka-inline-scout-pro-mount-m-lok\/","url":"https:\/\/eshop.tca.sk\/de\/lampen\/montage-arisaka-inline-scout-pro-mount-m-lok\/","name":"Montage Arisaka Inline Scout Pro Mount M-Lok - TCA eShop - Tactical Combat Academy","isPartOf":{"@id":"https:\/\/eshop.tca.sk\/de\/#website"},"primaryImageOfPage":{"@id":"https:\/\/eshop.tca.sk\/de\/lampen\/montage-arisaka-inline-scout-pro-mount-m-lok\/#primaryimage"},"image":{"@id":"https:\/\/eshop.tca.sk\/de\/lampen\/montage-arisaka-inline-scout-pro-mount-m-lok\/#primaryimage"},"thumbnailUrl":"https:\/\/eshop.tca.sk\/wp-content\/uploads\/2024\/10\/Arisaka-inline-pro1.jpg","datePublished":"2024-10-23T13:49:48+00:00","dateModified":"2026-02-13T22:19:05+00:00","description":"Die Arisaka Inline Scout Pro Mount M-Lok-Montage ist ein Drop-in-Ersatz f\u00fcr die OEM-Montage. Erm\u00f6glicht eine optimale Platzierung der Laser und weniger Schatten.","breadcrumb":{"@id":"https:\/\/eshop.tca.sk\/de\/lampen\/montage-arisaka-inline-scout-pro-mount-m-lok\/#breadcrumb"},"inLanguage":"de","potentialAction":[{"@type":"ReadAction","target":["https:\/\/eshop.tca.sk\/de\/lampen\/montage-arisaka-inline-scout-pro-mount-m-lok\/"]}]},{"@type":"ImageObject","inLanguage":"de","@id":"https:\/\/eshop.tca.sk\/de\/lampen\/montage-arisaka-inline-scout-pro-mount-m-lok\/#primaryimage","url":"https:\/\/eshop.tca.sk\/wp-content\/uploads\/2024\/10\/Arisaka-inline-pro1.jpg","contentUrl":"https:\/\/eshop.tca.sk\/wp-content\/uploads\/2024\/10\/Arisaka-inline-pro1.jpg","width":1000,"height":1000,"caption":"Mont\u00e1\u017e Arisaka Inline Scout Pro Mount M-Lok"},{"@type":"BreadcrumbList","@id":"https:\/\/eshop.tca.sk\/de\/lampen\/montage-arisaka-inline-scout-pro-mount-m-lok\/#breadcrumb","itemListElement":[{"@type":"ListItem","position":1,"name":"Domovsk\u00e1 str\u00e1nka","item":"https:\/\/eshop.tca.sk\/de\/"},{"@type":"ListItem","position":2,"name":"Shop","item":"https:\/\/eshop.tca.sk\/de\/shop\/"},{"@type":"ListItem","position":3,"name":"Montage Arisaka Inline Scout Pro Mount M-Lok"}]},{"@type":"WebSite","@id":"https:\/\/eshop.tca.sk\/de\/#website","url":"https:\/\/eshop.tca.sk\/de\/","name":"TCA eShop - Tactical Combat Academy","description":"Tactical Combat Academy","publisher":{"@id":"https:\/\/eshop.tca.sk\/de\/#organization"},"potentialAction":[{"@type":"SearchAction","target":{"@type":"EntryPoint","urlTemplate":"https:\/\/eshop.tca.sk\/de\/?s={search_term_string}"},"query-input":{"@type":"PropertyValueSpecification","valueRequired":true,"valueName":"search_term_string"}}],"inLanguage":"de"},{"@type":"Organization","@id":"https:\/\/eshop.tca.sk\/de\/#organization","name":"TCA eShop - Tactical Combat Academy","url":"https:\/\/eshop.tca.sk\/de\/","logo":{"@type":"ImageObject","inLanguage":"de","@id":"https:\/\/eshop.tca.sk\/de\/#\/schema\/logo\/image\/","url":"https:\/\/eshop.tca.sk\/wp-content\/uploads\/2025\/06\/logo-new-header.png","contentUrl":"https:\/\/eshop.tca.sk\/wp-content\/uploads\/2025\/06\/logo-new-header.png","width":300,"height":294,"caption":"TCA eShop - Tactical Combat Academy"},"image":{"@id":"https:\/\/eshop.tca.sk\/de\/#\/schema\/logo\/image\/"}}]}},"_links":{"self":[{"href":"https:\/\/eshop.tca.sk\/de\/wp-json\/wp\/v2\/product\/13623","targetHints":{"allow":["GET"]}}],"collection":[{"href":"https:\/\/eshop.tca.sk\/de\/wp-json\/wp\/v2\/product"}],"about":[{"href":"https:\/\/eshop.tca.sk\/de\/wp-json\/wp\/v2\/types\/product"}],"wp:featuredmedia":[{"embeddable":true,"href":"https:\/\/eshop.tca.sk\/de\/wp-json\/wp\/v2\/media\/13627"}],"wp:attachment":[{"href":"https:\/\/eshop.tca.sk\/de\/wp-json\/wp\/v2\/media?parent=13623"}],"wp:term":[{"taxonomy":"product_brand","embeddable":true,"href":"https:\/\/eshop.tca.sk\/de\/wp-json\/wp\/v2\/product_brand?post=13623"},{"taxonomy":"product_cat","embeddable":true,"href":"https:\/\/eshop.tca.sk\/de\/wp-json\/wp\/v2\/product_cat?post=13623"},{"taxonomy":"product_tag","embeddable":true,"href":"https:\/\/eshop.tca.sk\/de\/wp-json\/wp\/v2\/product_tag?post=13623"},{"taxonomy":"giftcard-category","embeddable":true,"href":"https:\/\/eshop.tca.sk\/de\/wp-json\/wp\/v2\/giftcard-category?post=13623"}],"curies":[{"name":"wp","href":"https:\/\/api.w.org\/{rel}","templated":true}]}}