{"id":13637,"date":"2024-10-24T10:27:09","date_gmt":"2024-10-24T08:27:09","guid":{"rendered":"https:\/\/eshop.tca.sk\/?post_type=product&#038;p=13637"},"modified":"2025-11-26T10:42:54","modified_gmt":"2025-11-26T09:42:54","slug":"rucksack-fenix-protector-magnus-30-trident-foliage-grun","status":"publish","type":"product","link":"https:\/\/eshop.tca.sk\/de\/ausruestung\/rucksack-fenix-protector-magnus-30-trident-foliage-grun\/","title":{"rendered":"Rucksack Fenix Protector MAGNUS 30-Trident FOLIAGE GREEN"},"content":{"rendered":"<h3><strong>Rucksack Fenix Protector MAGNUS 30-Trident FOLIAGE GREEN<\/strong><\/h3>\n<p><strong>Batoh Fenix Protector MAGNUS 30-Trident FOLIAGE GREEN:<\/strong><\/p>\n<div id=\"det-desc\" class=\"user-gen-content\">\n<div id=\"det-desc\" class=\"user-gen-content\">\n<p><strong>Frachttransportsystem<\/strong><\/p>\n<ul>\n<li>Innere R\u00fcckenlehne aus Flugzeugaluminium und Polyethylen<\/li>\n<li>Leichte, lasergeschnittene Konstruktion<\/li>\n<li>Umkehrbare Schulterverstellung mit Stabilisierungsriemen<\/li>\n<li>Kompatibilit\u00e4t mit Plattentr\u00e4gern<\/li>\n<li>Die neue Generation von 3D-Netzen<\/li>\n<li>Brustgurt<\/li>\n<li>Abnehmbarer H\u00fcftgurt<\/li>\n<\/ul>\n<p><strong>Interne Funktionen<\/strong><\/p>\n<ul>\n<li>Schlaufen zum Befestigen von schwerer Ausr\u00fcstung (Walkie-Talkies, etc.)<\/li>\n<li>Ein gro\u00dfes Innenfach<\/li>\n<li>Vollst\u00e4ndige Klettverschlussabdeckung<\/li>\n<li>Fester R\u00fccken<\/li>\n<\/ul>\n<p><strong>Externe Elemente<\/strong><\/p>\n<ul>\n<li>Vier Rei\u00dfverschl\u00fcsse erm\u00f6glichen das \u00d6ffnen von vorne oder von der Seite<\/li>\n<li>Admin-Tasche zug\u00e4nglich, auch wenn die Tasche voll ist<\/li>\n<li>Seitliche Kompressionsriemen<\/li>\n<li>Lasergeschnittenes MOLLE<\/li>\n<li>Zwei Seitentaschen f\u00fcr l\u00e4ngere Ausr\u00fcstung<\/li>\n<li>Zwei Seitentaschen f\u00fcr 0,25l-Flaschen<\/li>\n<li>Anschl\u00fcsse auf jeder Seite f\u00fcr Antennen, Trinksysteme und Kabel<\/li>\n<li>Spezieller Platz f\u00fcr Regenschutz<\/li>\n<\/ul>\n<p><strong>Andere Merkmale<\/strong><\/p>\n<ul>\n<li>Kordel mit Haken zum Befestigen von Jacken, Helmen, usw.<\/li>\n<li>Drei verschiedene Rei\u00dfverschl\u00fcsse<\/li>\n<\/ul>\n<\/div>\n<\/div>\n","protected":false},"excerpt":{"rendered":"<p><img loading=\"lazy\" decoding=\"async\" class=\"alignnone wp-image-9073\" src=\"https:\/\/eshop.tca.sk\/wp-content\/uploads\/2023\/04\/logo-fenix-protector-2.png\" alt=\"\" width=\"100\" height=\"70\"><\/p>\n<p>Der Rucksack Fenix Protector MAGNUS 30-Trident FOLIAGE GREEN ist ein multifunktionaler Rucksack f\u00fcr Einsatzkr\u00e4fte, Funker, Sanit\u00e4ter und andere Berufsgruppen.<\/p>\n<p><img loading=\"lazy\" decoding=\"async\" class=\"wp-image-8564 alignnone\" src=\"https:\/\/eshop.tca.sk\/wp-content\/uploads\/2023\/04\/Logo-Whack-Black-White-R-APPROVED.png\" alt=\"\" width=\"138\" height=\"75\" srcset=\"https:\/\/eshop.tca.sk\/wp-content\/uploads\/2023\/04\/Logo-Whack-Black-White-R-APPROVED.png 571w, https:\/\/eshop.tca.sk\/wp-content\/uploads\/2023\/04\/Logo-Whack-Black-White-R-APPROVED-300x163.png 300w\" sizes=\"auto, (max-width: 138px) 100vw, 138px\" \/><\/p>\n<p>Vom <strong>TCA<\/strong> und dem <strong>WHACK<\/strong>-System verwendete und empfohlene Equipment.<\/p>\n","protected":false},"featured_media":16479,"template":"","meta":{"inline_featured_image":false},"product_brand":[],"product_cat":[323,603],"product_tag":[481],"giftcard-category":[],"class_list":{"0":"post-13637","1":"product","2":"type-product","3":"status-publish","4":"has-post-thumbnail","6":"product_cat-ausruestung","7":"product_cat-taschen","8":"product_tag-fenix-protector-de","10":"first","11":"outofstock","12":"taxable","13":"shipping-taxable","14":"purchasable","15":"product-type-simple"},"yoast_head":"<!-- This site is optimized with the Yoast SEO plugin v26.4 - https:\/\/yoast.com\/wordpress\/plugins\/seo\/ -->\n<title>Rucksack Fenix Protector MAGNUS 30-Trident FOLIAGE GREEN - TCA eShop - Tactical Combat Academy<\/title>\n<meta name=\"description\" content=\"Der Rucksack Fenix Protector MAGNUS 30-Trident FOLIAGE GREEN ist ein multifunktionaler Rucksack f\u00fcr Einsatzkr\u00e4fte, Funker, Sanit\u00e4ter und andere Berufsgruppen.\" \/>\n<meta name=\"robots\" content=\"index, follow, max-snippet:-1, max-image-preview:large, max-video-preview:-1\" \/>\n<link rel=\"canonical\" href=\"https:\/\/eshop.tca.sk\/de\/ausruestung\/rucksack-fenix-protector-magnus-30-trident-foliage-grun\/\" \/>\n<meta property=\"og:locale\" content=\"de_DE\" \/>\n<meta property=\"og:type\" content=\"article\" \/>\n<meta property=\"og:title\" content=\"Rucksack Fenix Protector MAGNUS 30-Trident FOLIAGE GREEN - TCA eShop - Tactical Combat Academy\" \/>\n<meta property=\"og:description\" content=\"Der Rucksack Fenix Protector MAGNUS 30-Trident FOLIAGE GREEN ist ein multifunktionaler Rucksack f\u00fcr Einsatzkr\u00e4fte, Funker, Sanit\u00e4ter und andere Berufsgruppen.\" \/>\n<meta property=\"og:url\" content=\"https:\/\/eshop.tca.sk\/de\/ausruestung\/rucksack-fenix-protector-magnus-30-trident-foliage-grun\/\" \/>\n<meta property=\"og:site_name\" content=\"TCA eShop - Tactical Combat Academy\" \/>\n<meta property=\"article:modified_time\" content=\"2025-11-26T09:42:54+00:00\" \/>\n<meta property=\"og:image\" content=\"https:\/\/eshop.tca.sk\/wp-content\/uploads\/2024\/10\/MagnusFG1.jpg\" \/>\n\t<meta property=\"og:image:width\" content=\"1000\" \/>\n\t<meta property=\"og:image:height\" content=\"1000\" \/>\n\t<meta property=\"og:image:type\" content=\"image\/jpeg\" \/>\n<meta name=\"twitter:card\" content=\"summary_large_image\" \/>\n<script type=\"application\/ld+json\" class=\"yoast-schema-graph\">{\"@context\":\"https:\/\/schema.org\",\"@graph\":[{\"@type\":\"WebPage\",\"@id\":\"https:\/\/eshop.tca.sk\/de\/ausruestung\/rucksack-fenix-protector-magnus-30-trident-foliage-grun\/\",\"url\":\"https:\/\/eshop.tca.sk\/de\/ausruestung\/rucksack-fenix-protector-magnus-30-trident-foliage-grun\/\",\"name\":\"Rucksack Fenix Protector MAGNUS 30-Trident FOLIAGE GREEN - TCA eShop - Tactical Combat Academy\",\"isPartOf\":{\"@id\":\"https:\/\/eshop.tca.sk\/de\/#website\"},\"primaryImageOfPage\":{\"@id\":\"https:\/\/eshop.tca.sk\/de\/ausruestung\/rucksack-fenix-protector-magnus-30-trident-foliage-grun\/#primaryimage\"},\"image\":{\"@id\":\"https:\/\/eshop.tca.sk\/de\/ausruestung\/rucksack-fenix-protector-magnus-30-trident-foliage-grun\/#primaryimage\"},\"thumbnailUrl\":\"https:\/\/eshop.tca.sk\/wp-content\/uploads\/2024\/10\/MagnusFG2-1.jpg\",\"datePublished\":\"2024-10-24T08:27:09+00:00\",\"dateModified\":\"2025-11-26T09:42:54+00:00\",\"description\":\"Der Rucksack Fenix Protector MAGNUS 30-Trident FOLIAGE GREEN ist ein multifunktionaler Rucksack f\u00fcr Einsatzkr\u00e4fte, Funker, Sanit\u00e4ter und andere Berufsgruppen.\",\"breadcrumb\":{\"@id\":\"https:\/\/eshop.tca.sk\/de\/ausruestung\/rucksack-fenix-protector-magnus-30-trident-foliage-grun\/#breadcrumb\"},\"inLanguage\":\"de\",\"potentialAction\":[{\"@type\":\"ReadAction\",\"target\":[\"https:\/\/eshop.tca.sk\/de\/ausruestung\/rucksack-fenix-protector-magnus-30-trident-foliage-grun\/\"]}]},{\"@type\":\"ImageObject\",\"inLanguage\":\"de\",\"@id\":\"https:\/\/eshop.tca.sk\/de\/ausruestung\/rucksack-fenix-protector-magnus-30-trident-foliage-grun\/#primaryimage\",\"url\":\"https:\/\/eshop.tca.sk\/wp-content\/uploads\/2024\/10\/MagnusFG2-1.jpg\",\"contentUrl\":\"https:\/\/eshop.tca.sk\/wp-content\/uploads\/2024\/10\/MagnusFG2-1.jpg\",\"width\":1000,\"height\":1000,\"caption\":\"Batoh Fenix Protector MAGNUS 30-Trident FOLIAGE GREEN\"},{\"@type\":\"BreadcrumbList\",\"@id\":\"https:\/\/eshop.tca.sk\/de\/ausruestung\/rucksack-fenix-protector-magnus-30-trident-foliage-grun\/#breadcrumb\",\"itemListElement\":[{\"@type\":\"ListItem\",\"position\":1,\"name\":\"Domovsk\u00e1 str\u00e1nka\",\"item\":\"https:\/\/eshop.tca.sk\/de\/\"},{\"@type\":\"ListItem\",\"position\":2,\"name\":\"Shop\",\"item\":\"https:\/\/eshop.tca.sk\/de\/shop\/\"},{\"@type\":\"ListItem\",\"position\":3,\"name\":\"Rucksack Fenix Protector MAGNUS 30-Trident FOLIAGE GREEN\"}]},{\"@type\":\"WebSite\",\"@id\":\"https:\/\/eshop.tca.sk\/de\/#website\",\"url\":\"https:\/\/eshop.tca.sk\/de\/\",\"name\":\"TCA eShop - Tactical Combat Academy\",\"description\":\"Tactical Combat Academy\",\"publisher\":{\"@id\":\"https:\/\/eshop.tca.sk\/de\/#organization\"},\"potentialAction\":[{\"@type\":\"SearchAction\",\"target\":{\"@type\":\"EntryPoint\",\"urlTemplate\":\"https:\/\/eshop.tca.sk\/de\/?s={search_term_string}\"},\"query-input\":{\"@type\":\"PropertyValueSpecification\",\"valueRequired\":true,\"valueName\":\"search_term_string\"}}],\"inLanguage\":\"de\"},{\"@type\":\"Organization\",\"@id\":\"https:\/\/eshop.tca.sk\/de\/#organization\",\"name\":\"TCA eShop - Tactical Combat Academy\",\"url\":\"https:\/\/eshop.tca.sk\/de\/\",\"logo\":{\"@type\":\"ImageObject\",\"inLanguage\":\"de\",\"@id\":\"https:\/\/eshop.tca.sk\/de\/#\/schema\/logo\/image\/\",\"url\":\"https:\/\/eshop.tca.sk\/wp-content\/uploads\/2025\/06\/logo-new-header.png\",\"contentUrl\":\"https:\/\/eshop.tca.sk\/wp-content\/uploads\/2025\/06\/logo-new-header.png\",\"width\":300,\"height\":294,\"caption\":\"TCA eShop - Tactical Combat Academy\"},\"image\":{\"@id\":\"https:\/\/eshop.tca.sk\/de\/#\/schema\/logo\/image\/\"}}]}<\/script>\n<!-- \/ Yoast SEO plugin. -->","yoast_head_json":{"title":"Rucksack Fenix Protector MAGNUS 30-Trident FOLIAGE GREEN - TCA eShop - Tactical Combat Academy","description":"Der Rucksack Fenix Protector MAGNUS 30-Trident FOLIAGE GREEN ist ein multifunktionaler Rucksack f\u00fcr Einsatzkr\u00e4fte, Funker, Sanit\u00e4ter und andere Berufsgruppen.","robots":{"index":"index","follow":"follow","max-snippet":"max-snippet:-1","max-image-preview":"max-image-preview:large","max-video-preview":"max-video-preview:-1"},"canonical":"https:\/\/eshop.tca.sk\/de\/ausruestung\/rucksack-fenix-protector-magnus-30-trident-foliage-grun\/","og_locale":"de_DE","og_type":"article","og_title":"Rucksack Fenix Protector MAGNUS 30-Trident FOLIAGE GREEN - TCA eShop - Tactical Combat Academy","og_description":"Der Rucksack Fenix Protector MAGNUS 30-Trident FOLIAGE GREEN ist ein multifunktionaler Rucksack f\u00fcr Einsatzkr\u00e4fte, Funker, Sanit\u00e4ter und andere Berufsgruppen.","og_url":"https:\/\/eshop.tca.sk\/de\/ausruestung\/rucksack-fenix-protector-magnus-30-trident-foliage-grun\/","og_site_name":"TCA eShop - Tactical Combat Academy","article_modified_time":"2025-11-26T09:42:54+00:00","og_image":[{"width":1000,"height":1000,"url":"https:\/\/eshop.tca.sk\/wp-content\/uploads\/2024\/10\/MagnusFG1.jpg","type":"image\/jpeg"}],"twitter_card":"summary_large_image","schema":{"@context":"https:\/\/schema.org","@graph":[{"@type":"WebPage","@id":"https:\/\/eshop.tca.sk\/de\/ausruestung\/rucksack-fenix-protector-magnus-30-trident-foliage-grun\/","url":"https:\/\/eshop.tca.sk\/de\/ausruestung\/rucksack-fenix-protector-magnus-30-trident-foliage-grun\/","name":"Rucksack Fenix Protector MAGNUS 30-Trident FOLIAGE GREEN - TCA eShop - Tactical Combat Academy","isPartOf":{"@id":"https:\/\/eshop.tca.sk\/de\/#website"},"primaryImageOfPage":{"@id":"https:\/\/eshop.tca.sk\/de\/ausruestung\/rucksack-fenix-protector-magnus-30-trident-foliage-grun\/#primaryimage"},"image":{"@id":"https:\/\/eshop.tca.sk\/de\/ausruestung\/rucksack-fenix-protector-magnus-30-trident-foliage-grun\/#primaryimage"},"thumbnailUrl":"https:\/\/eshop.tca.sk\/wp-content\/uploads\/2024\/10\/MagnusFG2-1.jpg","datePublished":"2024-10-24T08:27:09+00:00","dateModified":"2025-11-26T09:42:54+00:00","description":"Der Rucksack Fenix Protector MAGNUS 30-Trident FOLIAGE GREEN ist ein multifunktionaler Rucksack f\u00fcr Einsatzkr\u00e4fte, Funker, Sanit\u00e4ter und andere Berufsgruppen.","breadcrumb":{"@id":"https:\/\/eshop.tca.sk\/de\/ausruestung\/rucksack-fenix-protector-magnus-30-trident-foliage-grun\/#breadcrumb"},"inLanguage":"de","potentialAction":[{"@type":"ReadAction","target":["https:\/\/eshop.tca.sk\/de\/ausruestung\/rucksack-fenix-protector-magnus-30-trident-foliage-grun\/"]}]},{"@type":"ImageObject","inLanguage":"de","@id":"https:\/\/eshop.tca.sk\/de\/ausruestung\/rucksack-fenix-protector-magnus-30-trident-foliage-grun\/#primaryimage","url":"https:\/\/eshop.tca.sk\/wp-content\/uploads\/2024\/10\/MagnusFG2-1.jpg","contentUrl":"https:\/\/eshop.tca.sk\/wp-content\/uploads\/2024\/10\/MagnusFG2-1.jpg","width":1000,"height":1000,"caption":"Batoh Fenix Protector MAGNUS 30-Trident FOLIAGE GREEN"},{"@type":"BreadcrumbList","@id":"https:\/\/eshop.tca.sk\/de\/ausruestung\/rucksack-fenix-protector-magnus-30-trident-foliage-grun\/#breadcrumb","itemListElement":[{"@type":"ListItem","position":1,"name":"Domovsk\u00e1 str\u00e1nka","item":"https:\/\/eshop.tca.sk\/de\/"},{"@type":"ListItem","position":2,"name":"Shop","item":"https:\/\/eshop.tca.sk\/de\/shop\/"},{"@type":"ListItem","position":3,"name":"Rucksack Fenix Protector MAGNUS 30-Trident FOLIAGE GREEN"}]},{"@type":"WebSite","@id":"https:\/\/eshop.tca.sk\/de\/#website","url":"https:\/\/eshop.tca.sk\/de\/","name":"TCA eShop - Tactical Combat Academy","description":"Tactical Combat Academy","publisher":{"@id":"https:\/\/eshop.tca.sk\/de\/#organization"},"potentialAction":[{"@type":"SearchAction","target":{"@type":"EntryPoint","urlTemplate":"https:\/\/eshop.tca.sk\/de\/?s={search_term_string}"},"query-input":{"@type":"PropertyValueSpecification","valueRequired":true,"valueName":"search_term_string"}}],"inLanguage":"de"},{"@type":"Organization","@id":"https:\/\/eshop.tca.sk\/de\/#organization","name":"TCA eShop - Tactical Combat Academy","url":"https:\/\/eshop.tca.sk\/de\/","logo":{"@type":"ImageObject","inLanguage":"de","@id":"https:\/\/eshop.tca.sk\/de\/#\/schema\/logo\/image\/","url":"https:\/\/eshop.tca.sk\/wp-content\/uploads\/2025\/06\/logo-new-header.png","contentUrl":"https:\/\/eshop.tca.sk\/wp-content\/uploads\/2025\/06\/logo-new-header.png","width":300,"height":294,"caption":"TCA eShop - Tactical Combat Academy"},"image":{"@id":"https:\/\/eshop.tca.sk\/de\/#\/schema\/logo\/image\/"}}]}},"_links":{"self":[{"href":"https:\/\/eshop.tca.sk\/de\/wp-json\/wp\/v2\/product\/13637","targetHints":{"allow":["GET"]}}],"collection":[{"href":"https:\/\/eshop.tca.sk\/de\/wp-json\/wp\/v2\/product"}],"about":[{"href":"https:\/\/eshop.tca.sk\/de\/wp-json\/wp\/v2\/types\/product"}],"wp:featuredmedia":[{"embeddable":true,"href":"https:\/\/eshop.tca.sk\/de\/wp-json\/wp\/v2\/media\/16479"}],"wp:attachment":[{"href":"https:\/\/eshop.tca.sk\/de\/wp-json\/wp\/v2\/media?parent=13637"}],"wp:term":[{"taxonomy":"product_brand","embeddable":true,"href":"https:\/\/eshop.tca.sk\/de\/wp-json\/wp\/v2\/product_brand?post=13637"},{"taxonomy":"product_cat","embeddable":true,"href":"https:\/\/eshop.tca.sk\/de\/wp-json\/wp\/v2\/product_cat?post=13637"},{"taxonomy":"product_tag","embeddable":true,"href":"https:\/\/eshop.tca.sk\/de\/wp-json\/wp\/v2\/product_tag?post=13637"},{"taxonomy":"giftcard-category","embeddable":true,"href":"https:\/\/eshop.tca.sk\/de\/wp-json\/wp\/v2\/giftcard-category?post=13637"}],"curies":[{"name":"wp","href":"https:\/\/api.w.org\/{rel}","templated":true}]}}